{"id":86728,"date":"2025-11-26T17:02:24","date_gmt":"2025-11-26T16:02:24","guid":{"rendered":"https:\/\/nordicpadel.com\/sv\/product\/bullpadel-hack-backpack-pro\/"},"modified":"2025-11-27T07:49:47","modified_gmt":"2025-11-27T06:49:47","slug":"bullpadel-hack-backpack-pro","status":"publish","type":"product","link":"https:\/\/nordicpadel.com\/sv\/product\/bullpadel-hack-backpack-pro\/","title":{"rendered":"Bullpadel Hack Backpack Pro"},"content":{"rendered":"<p>K\u00f6p Bullpadel Hack Backpack Pro Black &#8211; 2022. V\u00e4skan \u00e4r designad i samarbete med Paquito Navarros kollektion 2022. Ryggs\u00e4cken har plats f\u00f6r tv\u00e5 racketar i ett thermoskyddat fack som st\u00e4nger ute temperaturskillnader och skyddar din racket. I v\u00e4skan f\u00e5r du plats med b\u00e5de kl\u00e4der, skor och ombyten. Bullapdel har \u00e4ven ett ventilerat fack d\u00e4r du kan f\u00f6rvara dina anv\u00e4nda kl\u00e4der och skor. Dessutom finns till och med ett unikt fack f\u00f6r din b\u00e4rbara dator om du kommer direkt fr\u00e5n jobbet till tr\u00e4ningen. Bullpadel har inte bara fyllt remmarna p\u00e5 ryggs\u00e4cken med vadderat skum utan \u00e4ven vadderat &#8220;ryggen&#8221; p\u00e5 ryggs\u00e4cken f\u00f6r att det skall bli extra bekv\u00e4mt att b\u00e4ra den p\u00e5 ryggen. F\u00e4rg: Svart<\/p>\n","protected":false},"excerpt":{"rendered":"<p>K\u00f6p Bullpadel Hack Backpack Pro Black &#8211; 2022. V\u00e4skan \u00e4r designad i samarbete med Paquito Navarros kollektion 2022. Ryggs\u00e4cken har plats f\u00f6r tv\u00e5 racketar i ett thermoskyddat fack som st\u00e4nger ute temperaturskillnader och skyddar din racket. I v\u00e4skan f\u00e5r du plats med b\u00e5de kl\u00e4der, skor och ombyten. Bullapdel har \u00e4ven ett ventilerat fack d\u00e4r du [&hellip;]<\/p>\n","protected":false},"featured_media":86726,"comment_status":"open","ping_status":"closed","template":"","meta":[],"pwb-brand":[],"product_cat":[30],"product_tag":[],"woo-feed-brand":[],"class_list":{"0":"post-86728","1":"product","2":"type-product","3":"status-publish","4":"has-post-thumbnail","6":"product_cat-padelvaska","7":"pa_varumarke-bullpadel","9":"first","10":"outofstock","11":"taxable","12":"shipping-taxable","13":"purchasable","14":"product-type-simple"},"bundled_by":[],"bundle_stock_status":"outofstock","bundle_stock_quantity":0,"bundle_virtual":false,"bundle_layout":"","bundle_add_to_cart_form_location":"","bundle_editable_in_cart":false,"bundle_sold_individually_context":"","bundle_item_grouping":"","bundle_min_size":"","bundle_max_size":"","bundled_items":[],"bundle_sell_ids":[],"acf":[],"yoast_head":"<!-- This site is optimized with the Yoast SEO plugin v23.1 - https:\/\/yoast.com\/wordpress\/plugins\/seo\/ -->\n<title>Bullpadel Hack Backpack Pro - Nordic Padel<\/title>\n<meta name=\"robots\" content=\"index, follow, max-snippet:-1, max-image-preview:large, max-video-preview:-1\" \/>\n<link rel=\"canonical\" href=\"https:\/\/nordicpadel.com\/sv\/product\/bullpadel-hack-backpack-pro\/\" \/>\n<meta property=\"og:locale\" content=\"sv_SE\" \/>\n<meta property=\"og:type\" content=\"article\" \/>\n<meta property=\"og:title\" content=\"Bullpadel Hack Backpack Pro - Nordic Padel\" \/>\n<meta property=\"og:description\" content=\"K\u00f6p Bullpadel Hack Backpack Pro Black &#8211; 2022. V\u00e4skan \u00e4r designad i samarbete med Paquito Navarros kollektion 2022. Ryggs\u00e4cken har plats f\u00f6r tv\u00e5 racketar i ett thermoskyddat fack som st\u00e4nger ute temperaturskillnader och skyddar din racket. I v\u00e4skan f\u00e5r du plats med b\u00e5de kl\u00e4der, skor och ombyten. Bullapdel har \u00e4ven ett ventilerat fack d\u00e4r du [&hellip;]\" \/>\n<meta property=\"og:url\" content=\"https:\/\/nordicpadel.com\/sv\/product\/bullpadel-hack-backpack-pro\/\" \/>\n<meta property=\"og:site_name\" content=\"Nordic Padel\" \/>\n<meta property=\"article:modified_time\" content=\"2025-11-27T06:49:47+00:00\" \/>\n<meta property=\"og:image\" content=\"https:\/\/nordicpadel.com\/sv\/wp-content\/uploads\/sites\/10\/2025\/11\/a85c68a55e784b7a81a1c2ea300510f0.png\" \/>\n\t<meta property=\"og:image:width\" content=\"800\" \/>\n\t<meta property=\"og:image:height\" content=\"800\" \/>\n\t<meta property=\"og:image:type\" content=\"image\/png\" \/>\n<meta name=\"twitter:card\" content=\"summary_large_image\" \/>\n<meta name=\"twitter:label1\" content=\"Ber\u00e4knad l\u00e4stid\" \/>\n\t<meta name=\"twitter:data1\" content=\"1 minut\" \/>\n<script type=\"application\/ld+json\" class=\"yoast-schema-graph\">{\"@context\":\"https:\/\/schema.org\",\"@graph\":[{\"@type\":\"WebPage\",\"@id\":\"https:\/\/nordicpadel.com\/sv\/product\/bullpadel-hack-backpack-pro\/\",\"url\":\"https:\/\/nordicpadel.com\/sv\/product\/bullpadel-hack-backpack-pro\/\",\"name\":\"Bullpadel Hack Backpack Pro - Nordic Padel\",\"isPartOf\":{\"@id\":\"https:\/\/nordicpadel.com\/sv\/#website\"},\"primaryImageOfPage\":{\"@id\":\"https:\/\/nordicpadel.com\/sv\/product\/bullpadel-hack-backpack-pro\/#primaryimage\"},\"image\":{\"@id\":\"https:\/\/nordicpadel.com\/sv\/product\/bullpadel-hack-backpack-pro\/#primaryimage\"},\"thumbnailUrl\":\"https:\/\/nordicpadel.com\/sv\/wp-content\/uploads\/sites\/10\/2025\/11\/a85c68a55e784b7a81a1c2ea300510f0.png\",\"datePublished\":\"2025-11-26T16:02:24+00:00\",\"dateModified\":\"2025-11-27T06:49:47+00:00\",\"breadcrumb\":{\"@id\":\"https:\/\/nordicpadel.com\/sv\/product\/bullpadel-hack-backpack-pro\/#breadcrumb\"},\"inLanguage\":\"sv-SE\",\"potentialAction\":[{\"@type\":\"ReadAction\",\"target\":[\"https:\/\/nordicpadel.com\/sv\/product\/bullpadel-hack-backpack-pro\/\"]}]},{\"@type\":\"ImageObject\",\"inLanguage\":\"sv-SE\",\"@id\":\"https:\/\/nordicpadel.com\/sv\/product\/bullpadel-hack-backpack-pro\/#primaryimage\",\"url\":\"https:\/\/nordicpadel.com\/sv\/wp-content\/uploads\/sites\/10\/2025\/11\/a85c68a55e784b7a81a1c2ea300510f0.png\",\"contentUrl\":\"https:\/\/nordicpadel.com\/sv\/wp-content\/uploads\/sites\/10\/2025\/11\/a85c68a55e784b7a81a1c2ea300510f0.png\",\"width\":800,\"height\":800,\"caption\":\"Bullpadel Hack Backpack Pro\"},{\"@type\":\"BreadcrumbList\",\"@id\":\"https:\/\/nordicpadel.com\/sv\/product\/bullpadel-hack-backpack-pro\/#breadcrumb\",\"itemListElement\":[{\"@type\":\"ListItem\",\"position\":1,\"name\":\"Hem\",\"item\":\"https:\/\/nordicpadel.com\/sv\/\"},{\"@type\":\"ListItem\",\"position\":2,\"name\":\"Shop\",\"item\":\"https:\/\/nordicpadel.com\/sv\/shop\/\"},{\"@type\":\"ListItem\",\"position\":3,\"name\":\"Bullpadel Hack Backpack Pro\"}]},{\"@type\":\"WebSite\",\"@id\":\"https:\/\/nordicpadel.com\/sv\/#website\",\"url\":\"https:\/\/nordicpadel.com\/sv\/\",\"name\":\"Nordic Padel\",\"description\":\"\",\"publisher\":{\"@id\":\"https:\/\/nordicpadel.com\/sv\/#organization\"},\"potentialAction\":[{\"@type\":\"SearchAction\",\"target\":{\"@type\":\"EntryPoint\",\"urlTemplate\":\"https:\/\/nordicpadel.com\/sv\/?s={search_term_string}\"},\"query-input\":\"required name=search_term_string\"}],\"inLanguage\":\"sv-SE\"},{\"@type\":\"Organization\",\"@id\":\"https:\/\/nordicpadel.com\/sv\/#organization\",\"name\":\"Nordic Padel\",\"url\":\"https:\/\/nordicpadel.com\/sv\/\",\"logo\":{\"@type\":\"ImageObject\",\"inLanguage\":\"sv-SE\",\"@id\":\"https:\/\/nordicpadel.com\/sv\/#\/schema\/logo\/image\/\",\"url\":\"https:\/\/nordicpadel.com\/sv\/wp-content\/uploads\/sites\/10\/2022\/12\/Nordic-Padel-small_1-1.png\",\"contentUrl\":\"https:\/\/nordicpadel.com\/sv\/wp-content\/uploads\/sites\/10\/2022\/12\/Nordic-Padel-small_1-1.png\",\"width\":400,\"height\":119,\"caption\":\"Nordic Padel\"},\"image\":{\"@id\":\"https:\/\/nordicpadel.com\/sv\/#\/schema\/logo\/image\/\"}}]}<\/script>\n<!-- \/ Yoast SEO plugin. -->","yoast_head_json":{"title":"Bullpadel Hack Backpack Pro - Nordic Padel","robots":{"index":"index","follow":"follow","max-snippet":"max-snippet:-1","max-image-preview":"max-image-preview:large","max-video-preview":"max-video-preview:-1"},"canonical":"https:\/\/nordicpadel.com\/sv\/product\/bullpadel-hack-backpack-pro\/","og_locale":"sv_SE","og_type":"article","og_title":"Bullpadel Hack Backpack Pro - Nordic Padel","og_description":"K\u00f6p Bullpadel Hack Backpack Pro Black &#8211; 2022. V\u00e4skan \u00e4r designad i samarbete med Paquito Navarros kollektion 2022. Ryggs\u00e4cken har plats f\u00f6r tv\u00e5 racketar i ett thermoskyddat fack som st\u00e4nger ute temperaturskillnader och skyddar din racket. I v\u00e4skan f\u00e5r du plats med b\u00e5de kl\u00e4der, skor och ombyten. Bullapdel har \u00e4ven ett ventilerat fack d\u00e4r du [&hellip;]","og_url":"https:\/\/nordicpadel.com\/sv\/product\/bullpadel-hack-backpack-pro\/","og_site_name":"Nordic Padel","article_modified_time":"2025-11-27T06:49:47+00:00","og_image":[{"width":800,"height":800,"url":"https:\/\/nordicpadel.com\/sv\/wp-content\/uploads\/sites\/10\/2025\/11\/a85c68a55e784b7a81a1c2ea300510f0.png","type":"image\/png"}],"twitter_card":"summary_large_image","twitter_misc":{"Ber\u00e4knad l\u00e4stid":"1 minut"},"schema":{"@context":"https:\/\/schema.org","@graph":[{"@type":"WebPage","@id":"https:\/\/nordicpadel.com\/sv\/product\/bullpadel-hack-backpack-pro\/","url":"https:\/\/nordicpadel.com\/sv\/product\/bullpadel-hack-backpack-pro\/","name":"Bullpadel Hack Backpack Pro - Nordic Padel","isPartOf":{"@id":"https:\/\/nordicpadel.com\/sv\/#website"},"primaryImageOfPage":{"@id":"https:\/\/nordicpadel.com\/sv\/product\/bullpadel-hack-backpack-pro\/#primaryimage"},"image":{"@id":"https:\/\/nordicpadel.com\/sv\/product\/bullpadel-hack-backpack-pro\/#primaryimage"},"thumbnailUrl":"https:\/\/nordicpadel.com\/sv\/wp-content\/uploads\/sites\/10\/2025\/11\/a85c68a55e784b7a81a1c2ea300510f0.png","datePublished":"2025-11-26T16:02:24+00:00","dateModified":"2025-11-27T06:49:47+00:00","breadcrumb":{"@id":"https:\/\/nordicpadel.com\/sv\/product\/bullpadel-hack-backpack-pro\/#breadcrumb"},"inLanguage":"sv-SE","potentialAction":[{"@type":"ReadAction","target":["https:\/\/nordicpadel.com\/sv\/product\/bullpadel-hack-backpack-pro\/"]}]},{"@type":"ImageObject","inLanguage":"sv-SE","@id":"https:\/\/nordicpadel.com\/sv\/product\/bullpadel-hack-backpack-pro\/#primaryimage","url":"https:\/\/nordicpadel.com\/sv\/wp-content\/uploads\/sites\/10\/2025\/11\/a85c68a55e784b7a81a1c2ea300510f0.png","contentUrl":"https:\/\/nordicpadel.com\/sv\/wp-content\/uploads\/sites\/10\/2025\/11\/a85c68a55e784b7a81a1c2ea300510f0.png","width":800,"height":800,"caption":"Bullpadel Hack Backpack Pro"},{"@type":"BreadcrumbList","@id":"https:\/\/nordicpadel.com\/sv\/product\/bullpadel-hack-backpack-pro\/#breadcrumb","itemListElement":[{"@type":"ListItem","position":1,"name":"Hem","item":"https:\/\/nordicpadel.com\/sv\/"},{"@type":"ListItem","position":2,"name":"Shop","item":"https:\/\/nordicpadel.com\/sv\/shop\/"},{"@type":"ListItem","position":3,"name":"Bullpadel Hack Backpack Pro"}]},{"@type":"WebSite","@id":"https:\/\/nordicpadel.com\/sv\/#website","url":"https:\/\/nordicpadel.com\/sv\/","name":"Nordic Padel","description":"","publisher":{"@id":"https:\/\/nordicpadel.com\/sv\/#organization"},"potentialAction":[{"@type":"SearchAction","target":{"@type":"EntryPoint","urlTemplate":"https:\/\/nordicpadel.com\/sv\/?s={search_term_string}"},"query-input":"required name=search_term_string"}],"inLanguage":"sv-SE"},{"@type":"Organization","@id":"https:\/\/nordicpadel.com\/sv\/#organization","name":"Nordic Padel","url":"https:\/\/nordicpadel.com\/sv\/","logo":{"@type":"ImageObject","inLanguage":"sv-SE","@id":"https:\/\/nordicpadel.com\/sv\/#\/schema\/logo\/image\/","url":"https:\/\/nordicpadel.com\/sv\/wp-content\/uploads\/sites\/10\/2022\/12\/Nordic-Padel-small_1-1.png","contentUrl":"https:\/\/nordicpadel.com\/sv\/wp-content\/uploads\/sites\/10\/2022\/12\/Nordic-Padel-small_1-1.png","width":400,"height":119,"caption":"Nordic Padel"},"image":{"@id":"https:\/\/nordicpadel.com\/sv\/#\/schema\/logo\/image\/"}}]}},"brands":[],"_links":{"self":[{"href":"https:\/\/nordicpadel.com\/sv\/wp-json\/wp\/v2\/product\/86728","targetHints":{"allow":["GET"]}}],"collection":[{"href":"https:\/\/nordicpadel.com\/sv\/wp-json\/wp\/v2\/product"}],"about":[{"href":"https:\/\/nordicpadel.com\/sv\/wp-json\/wp\/v2\/types\/product"}],"replies":[{"embeddable":true,"href":"https:\/\/nordicpadel.com\/sv\/wp-json\/wp\/v2\/comments?post=86728"}],"wp:featuredmedia":[{"embeddable":true,"href":"https:\/\/nordicpadel.com\/sv\/wp-json\/wp\/v2\/media\/86726"}],"wp:attachment":[{"href":"https:\/\/nordicpadel.com\/sv\/wp-json\/wp\/v2\/media?parent=86728"}],"wp:term":[{"taxonomy":"pwb-brand","embeddable":true,"href":"https:\/\/nordicpadel.com\/sv\/wp-json\/wp\/v2\/pwb-brand?post=86728"},{"taxonomy":"product_cat","embeddable":true,"href":"https:\/\/nordicpadel.com\/sv\/wp-json\/wp\/v2\/product_cat?post=86728"},{"taxonomy":"product_tag","embeddable":true,"href":"https:\/\/nordicpadel.com\/sv\/wp-json\/wp\/v2\/product_tag?post=86728"},{"taxonomy":"woo-feed-brand","embeddable":true,"href":"https:\/\/nordicpadel.com\/sv\/wp-json\/wp\/v2\/woo-feed-brand?post=86728"}],"curies":[{"name":"wp","href":"https:\/\/api.w.org\/{rel}","templated":true}]}}