{"id":86697,"date":"2025-11-26T17:01:46","date_gmt":"2025-11-26T16:01:46","guid":{"rendered":"https:\/\/nordicpadel.com\/sv\/product\/babolat-vertuo-air\/"},"modified":"2025-11-27T16:43:50","modified_gmt":"2025-11-27T15:43:50","slug":"babolat-vertuo-air","status":"publish","type":"product","link":"https:\/\/nordicpadel.com\/sv\/product\/babolat-vertuo-air\/","title":{"rendered":"Babolat Vertuo Air"},"content":{"rendered":"<p>Babolat Vertuo Air \u00e4r ett droppformat <a href=\"https:\/\/nordicpadel.com\/sv\/product-category\/padelracket\/\">padelracket<\/a> som passar passar perfekt f\u00f6r nyb\u00f6rjaren eller motion\u00e4ren.<br id=\"isPasted\"><br \/>Tr\u00e4ffytan \u00e4r tillverkat i mjukt glasfiber och g\u00f6r att och spelaren enklare f\u00e5r tillg\u00e5ng till fart fr\u00e5n racket. Formen och den mjuka ytan g\u00f6r att spelaren f\u00e5r ett l\u00e4ttkontrollerat racket med en stor sweet spot. Dessutom \u00e4r racket det l\u00e4ttaste i Verturo-serien, vilket g\u00f6r det ytterligare mer l\u00e4tthanterat i h\u00f6rnen och fram p\u00e5 n\u00e4t.<\/p>\n<p>Racket \u00e4r vidare utrustat med ett vibrationsd\u00e4mpande system som \u00e4r integrerat i racket hals ovanf\u00f6r handtaget och reducerar vibrationerna som uppst\u00e5r i varje slag. Resultatet \u00e4r en ut\u00f6kad komfort och en minskad risk f\u00f6r skador s\u00e5som padelsarmb\u00e5ge.<\/p>\n","protected":false},"excerpt":{"rendered":"<p>Babolat Vertuo Air \u00e4r ett droppformat padelracket som passar passar perfekt f\u00f6r nyb\u00f6rjaren eller motion\u00e4ren.Tr\u00e4ffytan \u00e4r tillverkat i mjukt glasfiber och g\u00f6r att och spelaren enklare f\u00e5r tillg\u00e5ng till fart fr\u00e5n racket. Formen och den mjuka ytan g\u00f6r att spelaren f\u00e5r ett l\u00e4ttkontrollerat racket med en stor sweet spot. Dessutom \u00e4r racket det l\u00e4ttaste i [&hellip;]<\/p>\n","protected":false},"featured_media":86696,"comment_status":"open","ping_status":"closed","template":"","meta":[],"pwb-brand":[],"product_cat":[16],"product_tag":[],"woo-feed-brand":[],"class_list":{"0":"post-86697","1":"product","2":"type-product","3":"status-publish","4":"has-post-thumbnail","6":"product_cat-padelracket","7":"pa_varumarke-babolat","9":"first","10":"outofstock","11":"sale","12":"taxable","13":"shipping-taxable","14":"purchasable","15":"product-type-simple"},"bundled_by":[],"bundle_stock_status":"outofstock","bundle_stock_quantity":0,"bundle_virtual":false,"bundle_layout":"","bundle_add_to_cart_form_location":"","bundle_editable_in_cart":false,"bundle_sold_individually_context":"","bundle_item_grouping":"","bundle_min_size":"","bundle_max_size":"","bundled_items":[],"bundle_sell_ids":[],"acf":[],"yoast_head":"<!-- This site is optimized with the Yoast SEO plugin v23.1 - https:\/\/yoast.com\/wordpress\/plugins\/seo\/ -->\n<title>Babolat Vertuo Air - Nordic Padel<\/title>\n<meta name=\"robots\" content=\"index, follow, max-snippet:-1, max-image-preview:large, max-video-preview:-1\" \/>\n<link rel=\"canonical\" href=\"https:\/\/nordicpadel.com\/sv\/product\/babolat-vertuo-air\/\" \/>\n<meta property=\"og:locale\" content=\"sv_SE\" \/>\n<meta property=\"og:type\" content=\"article\" \/>\n<meta property=\"og:title\" content=\"Babolat Vertuo Air - Nordic Padel\" \/>\n<meta property=\"og:description\" content=\"Babolat Vertuo Air \u00e4r ett droppformat padelracket som passar passar perfekt f\u00f6r nyb\u00f6rjaren eller motion\u00e4ren.Tr\u00e4ffytan \u00e4r tillverkat i mjukt glasfiber och g\u00f6r att och spelaren enklare f\u00e5r tillg\u00e5ng till fart fr\u00e5n racket. Formen och den mjuka ytan g\u00f6r att spelaren f\u00e5r ett l\u00e4ttkontrollerat racket med en stor sweet spot. Dessutom \u00e4r racket det l\u00e4ttaste i [&hellip;]\" \/>\n<meta property=\"og:url\" content=\"https:\/\/nordicpadel.com\/sv\/product\/babolat-vertuo-air\/\" \/>\n<meta property=\"og:site_name\" content=\"Nordic Padel\" \/>\n<meta property=\"article:modified_time\" content=\"2025-11-27T15:43:50+00:00\" \/>\n<meta property=\"og:image\" content=\"https:\/\/nordicpadel.com\/sv\/wp-content\/uploads\/sites\/10\/2025\/11\/3e843ebf09746f5cbe6582098fcbb7c9.png\" \/>\n\t<meta property=\"og:image:width\" content=\"800\" \/>\n\t<meta property=\"og:image:height\" content=\"800\" \/>\n\t<meta property=\"og:image:type\" content=\"image\/png\" \/>\n<meta name=\"twitter:card\" content=\"summary_large_image\" \/>\n<meta name=\"twitter:label1\" content=\"Ber\u00e4knad l\u00e4stid\" \/>\n\t<meta name=\"twitter:data1\" content=\"1 minut\" \/>\n<script type=\"application\/ld+json\" class=\"yoast-schema-graph\">{\"@context\":\"https:\/\/schema.org\",\"@graph\":[{\"@type\":\"WebPage\",\"@id\":\"https:\/\/nordicpadel.com\/sv\/product\/babolat-vertuo-air\/\",\"url\":\"https:\/\/nordicpadel.com\/sv\/product\/babolat-vertuo-air\/\",\"name\":\"Babolat Vertuo Air - Nordic Padel\",\"isPartOf\":{\"@id\":\"https:\/\/nordicpadel.com\/sv\/#website\"},\"primaryImageOfPage\":{\"@id\":\"https:\/\/nordicpadel.com\/sv\/product\/babolat-vertuo-air\/#primaryimage\"},\"image\":{\"@id\":\"https:\/\/nordicpadel.com\/sv\/product\/babolat-vertuo-air\/#primaryimage\"},\"thumbnailUrl\":\"https:\/\/nordicpadel.com\/sv\/wp-content\/uploads\/sites\/10\/2025\/11\/3e843ebf09746f5cbe6582098fcbb7c9.png\",\"datePublished\":\"2025-11-26T16:01:46+00:00\",\"dateModified\":\"2025-11-27T15:43:50+00:00\",\"breadcrumb\":{\"@id\":\"https:\/\/nordicpadel.com\/sv\/product\/babolat-vertuo-air\/#breadcrumb\"},\"inLanguage\":\"sv-SE\",\"potentialAction\":[{\"@type\":\"ReadAction\",\"target\":[\"https:\/\/nordicpadel.com\/sv\/product\/babolat-vertuo-air\/\"]}]},{\"@type\":\"ImageObject\",\"inLanguage\":\"sv-SE\",\"@id\":\"https:\/\/nordicpadel.com\/sv\/product\/babolat-vertuo-air\/#primaryimage\",\"url\":\"https:\/\/nordicpadel.com\/sv\/wp-content\/uploads\/sites\/10\/2025\/11\/3e843ebf09746f5cbe6582098fcbb7c9.png\",\"contentUrl\":\"https:\/\/nordicpadel.com\/sv\/wp-content\/uploads\/sites\/10\/2025\/11\/3e843ebf09746f5cbe6582098fcbb7c9.png\",\"width\":800,\"height\":800,\"caption\":\"Babolat Vertuo Air\"},{\"@type\":\"BreadcrumbList\",\"@id\":\"https:\/\/nordicpadel.com\/sv\/product\/babolat-vertuo-air\/#breadcrumb\",\"itemListElement\":[{\"@type\":\"ListItem\",\"position\":1,\"name\":\"Hem\",\"item\":\"https:\/\/nordicpadel.com\/sv\/\"},{\"@type\":\"ListItem\",\"position\":2,\"name\":\"Shop\",\"item\":\"https:\/\/nordicpadel.com\/sv\/shop\/\"},{\"@type\":\"ListItem\",\"position\":3,\"name\":\"Babolat Vertuo Air\"}]},{\"@type\":\"WebSite\",\"@id\":\"https:\/\/nordicpadel.com\/sv\/#website\",\"url\":\"https:\/\/nordicpadel.com\/sv\/\",\"name\":\"Nordic Padel\",\"description\":\"\",\"publisher\":{\"@id\":\"https:\/\/nordicpadel.com\/sv\/#organization\"},\"potentialAction\":[{\"@type\":\"SearchAction\",\"target\":{\"@type\":\"EntryPoint\",\"urlTemplate\":\"https:\/\/nordicpadel.com\/sv\/?s={search_term_string}\"},\"query-input\":\"required name=search_term_string\"}],\"inLanguage\":\"sv-SE\"},{\"@type\":\"Organization\",\"@id\":\"https:\/\/nordicpadel.com\/sv\/#organization\",\"name\":\"Nordic Padel\",\"url\":\"https:\/\/nordicpadel.com\/sv\/\",\"logo\":{\"@type\":\"ImageObject\",\"inLanguage\":\"sv-SE\",\"@id\":\"https:\/\/nordicpadel.com\/sv\/#\/schema\/logo\/image\/\",\"url\":\"https:\/\/nordicpadel.com\/sv\/wp-content\/uploads\/sites\/10\/2022\/12\/Nordic-Padel-small_1-1.png\",\"contentUrl\":\"https:\/\/nordicpadel.com\/sv\/wp-content\/uploads\/sites\/10\/2022\/12\/Nordic-Padel-small_1-1.png\",\"width\":400,\"height\":119,\"caption\":\"Nordic Padel\"},\"image\":{\"@id\":\"https:\/\/nordicpadel.com\/sv\/#\/schema\/logo\/image\/\"}}]}<\/script>\n<!-- \/ Yoast SEO plugin. -->","yoast_head_json":{"title":"Babolat Vertuo Air - Nordic Padel","robots":{"index":"index","follow":"follow","max-snippet":"max-snippet:-1","max-image-preview":"max-image-preview:large","max-video-preview":"max-video-preview:-1"},"canonical":"https:\/\/nordicpadel.com\/sv\/product\/babolat-vertuo-air\/","og_locale":"sv_SE","og_type":"article","og_title":"Babolat Vertuo Air - Nordic Padel","og_description":"Babolat Vertuo Air \u00e4r ett droppformat padelracket som passar passar perfekt f\u00f6r nyb\u00f6rjaren eller motion\u00e4ren.Tr\u00e4ffytan \u00e4r tillverkat i mjukt glasfiber och g\u00f6r att och spelaren enklare f\u00e5r tillg\u00e5ng till fart fr\u00e5n racket. Formen och den mjuka ytan g\u00f6r att spelaren f\u00e5r ett l\u00e4ttkontrollerat racket med en stor sweet spot. Dessutom \u00e4r racket det l\u00e4ttaste i [&hellip;]","og_url":"https:\/\/nordicpadel.com\/sv\/product\/babolat-vertuo-air\/","og_site_name":"Nordic Padel","article_modified_time":"2025-11-27T15:43:50+00:00","og_image":[{"width":800,"height":800,"url":"https:\/\/nordicpadel.com\/sv\/wp-content\/uploads\/sites\/10\/2025\/11\/3e843ebf09746f5cbe6582098fcbb7c9.png","type":"image\/png"}],"twitter_card":"summary_large_image","twitter_misc":{"Ber\u00e4knad l\u00e4stid":"1 minut"},"schema":{"@context":"https:\/\/schema.org","@graph":[{"@type":"WebPage","@id":"https:\/\/nordicpadel.com\/sv\/product\/babolat-vertuo-air\/","url":"https:\/\/nordicpadel.com\/sv\/product\/babolat-vertuo-air\/","name":"Babolat Vertuo Air - Nordic Padel","isPartOf":{"@id":"https:\/\/nordicpadel.com\/sv\/#website"},"primaryImageOfPage":{"@id":"https:\/\/nordicpadel.com\/sv\/product\/babolat-vertuo-air\/#primaryimage"},"image":{"@id":"https:\/\/nordicpadel.com\/sv\/product\/babolat-vertuo-air\/#primaryimage"},"thumbnailUrl":"https:\/\/nordicpadel.com\/sv\/wp-content\/uploads\/sites\/10\/2025\/11\/3e843ebf09746f5cbe6582098fcbb7c9.png","datePublished":"2025-11-26T16:01:46+00:00","dateModified":"2025-11-27T15:43:50+00:00","breadcrumb":{"@id":"https:\/\/nordicpadel.com\/sv\/product\/babolat-vertuo-air\/#breadcrumb"},"inLanguage":"sv-SE","potentialAction":[{"@type":"ReadAction","target":["https:\/\/nordicpadel.com\/sv\/product\/babolat-vertuo-air\/"]}]},{"@type":"ImageObject","inLanguage":"sv-SE","@id":"https:\/\/nordicpadel.com\/sv\/product\/babolat-vertuo-air\/#primaryimage","url":"https:\/\/nordicpadel.com\/sv\/wp-content\/uploads\/sites\/10\/2025\/11\/3e843ebf09746f5cbe6582098fcbb7c9.png","contentUrl":"https:\/\/nordicpadel.com\/sv\/wp-content\/uploads\/sites\/10\/2025\/11\/3e843ebf09746f5cbe6582098fcbb7c9.png","width":800,"height":800,"caption":"Babolat Vertuo Air"},{"@type":"BreadcrumbList","@id":"https:\/\/nordicpadel.com\/sv\/product\/babolat-vertuo-air\/#breadcrumb","itemListElement":[{"@type":"ListItem","position":1,"name":"Hem","item":"https:\/\/nordicpadel.com\/sv\/"},{"@type":"ListItem","position":2,"name":"Shop","item":"https:\/\/nordicpadel.com\/sv\/shop\/"},{"@type":"ListItem","position":3,"name":"Babolat Vertuo Air"}]},{"@type":"WebSite","@id":"https:\/\/nordicpadel.com\/sv\/#website","url":"https:\/\/nordicpadel.com\/sv\/","name":"Nordic Padel","description":"","publisher":{"@id":"https:\/\/nordicpadel.com\/sv\/#organization"},"potentialAction":[{"@type":"SearchAction","target":{"@type":"EntryPoint","urlTemplate":"https:\/\/nordicpadel.com\/sv\/?s={search_term_string}"},"query-input":"required name=search_term_string"}],"inLanguage":"sv-SE"},{"@type":"Organization","@id":"https:\/\/nordicpadel.com\/sv\/#organization","name":"Nordic Padel","url":"https:\/\/nordicpadel.com\/sv\/","logo":{"@type":"ImageObject","inLanguage":"sv-SE","@id":"https:\/\/nordicpadel.com\/sv\/#\/schema\/logo\/image\/","url":"https:\/\/nordicpadel.com\/sv\/wp-content\/uploads\/sites\/10\/2022\/12\/Nordic-Padel-small_1-1.png","contentUrl":"https:\/\/nordicpadel.com\/sv\/wp-content\/uploads\/sites\/10\/2022\/12\/Nordic-Padel-small_1-1.png","width":400,"height":119,"caption":"Nordic Padel"},"image":{"@id":"https:\/\/nordicpadel.com\/sv\/#\/schema\/logo\/image\/"}}]}},"brands":[],"_links":{"self":[{"href":"https:\/\/nordicpadel.com\/sv\/wp-json\/wp\/v2\/product\/86697","targetHints":{"allow":["GET"]}}],"collection":[{"href":"https:\/\/nordicpadel.com\/sv\/wp-json\/wp\/v2\/product"}],"about":[{"href":"https:\/\/nordicpadel.com\/sv\/wp-json\/wp\/v2\/types\/product"}],"replies":[{"embeddable":true,"href":"https:\/\/nordicpadel.com\/sv\/wp-json\/wp\/v2\/comments?post=86697"}],"wp:featuredmedia":[{"embeddable":true,"href":"https:\/\/nordicpadel.com\/sv\/wp-json\/wp\/v2\/media\/86696"}],"wp:attachment":[{"href":"https:\/\/nordicpadel.com\/sv\/wp-json\/wp\/v2\/media?parent=86697"}],"wp:term":[{"taxonomy":"pwb-brand","embeddable":true,"href":"https:\/\/nordicpadel.com\/sv\/wp-json\/wp\/v2\/pwb-brand?post=86697"},{"taxonomy":"product_cat","embeddable":true,"href":"https:\/\/nordicpadel.com\/sv\/wp-json\/wp\/v2\/product_cat?post=86697"},{"taxonomy":"product_tag","embeddable":true,"href":"https:\/\/nordicpadel.com\/sv\/wp-json\/wp\/v2\/product_tag?post=86697"},{"taxonomy":"woo-feed-brand","embeddable":true,"href":"https:\/\/nordicpadel.com\/sv\/wp-json\/wp\/v2\/woo-feed-brand?post=86697"}],"curies":[{"name":"wp","href":"https:\/\/api.w.org\/{rel}","templated":true}]}}