{"id":86679,"date":"2025-11-26T17:01:11","date_gmt":"2025-11-26T16:01:11","guid":{"rendered":"https:\/\/nordicpadel.com\/sv\/product\/sergio-tacchini-club-tech-shorts\/"},"modified":"2026-03-09T00:21:52","modified_gmt":"2026-03-08T23:21:52","slug":"sergio-tacchini-club-tech-shorts","status":"publish","type":"product","link":"https:\/\/nordicpadel.com\/sv\/product\/sergio-tacchini-club-tech-shorts\/","title":{"rendered":"SERGIO TACCHINI Club tech Shorts"},"content":{"rendered":"<p>K\u00f6p bl\u00e5 Sergio Tacchini tennisshorts f\u00f6r herrar. Klassisk tennism\u00e4rke som f\u00e5tt rej\u00e4lt uppsving p\u00e5 sistonde. Shortsen h\u00e5ller l\u00e5g vikt och \u00e4r tillerkade i funktionsmaterial som h\u00e5ller dig torr p\u00e5 tennisbanan och padelbanan. Shortsen \u00e4r utrustade med tv\u00e5 sidofickor d\u00e4r du kan f\u00f6rvara dina tennisbollar eller padelbollar. Midjan \u00e4r elastisk och det finns dragsko f\u00f6r b\u00e4sta komfort och passform. F\u00e4rg: Marinbl\u00e5 Material: 100% Polyester Tv\u00e4ttr\u00e5d: Maskintv\u00e4tt 40 grader syntet<\/p>\n","protected":false},"excerpt":{"rendered":"<p>K\u00f6p bl\u00e5 Sergio Tacchini tennisshorts f\u00f6r herrar. Klassisk tennism\u00e4rke som f\u00e5tt rej\u00e4lt uppsving p\u00e5 sistonde. Shortsen h\u00e5ller l\u00e5g vikt och \u00e4r tillerkade i funktionsmaterial som h\u00e5ller dig torr p\u00e5 tennisbanan och padelbanan. Shortsen \u00e4r utrustade med tv\u00e5 sidofickor d\u00e4r du kan f\u00f6rvara dina tennisbollar eller padelbollar. Midjan \u00e4r elastisk och det finns dragsko f\u00f6r b\u00e4sta [&hellip;]<\/p>\n","protected":false},"featured_media":86678,"comment_status":"open","ping_status":"closed","template":"","meta":[],"pwb-brand":[],"product_cat":[472,40],"product_tag":[],"woo-feed-brand":[],"class_list":{"0":"post-86679","1":"product","2":"type-product","3":"status-publish","4":"has-post-thumbnail","6":"product_cat-sergio-tacchini","7":"product_cat-padelklader-herr","8":"pa_varumarke-sergio-tacchini","10":"first","11":"outofstock","12":"taxable","13":"shipping-taxable","14":"purchasable","15":"product-type-simple"},"bundled_by":[],"bundle_stock_status":"outofstock","bundle_stock_quantity":0,"bundle_virtual":false,"bundle_layout":"","bundle_add_to_cart_form_location":"","bundle_editable_in_cart":false,"bundle_sold_individually_context":"","bundle_item_grouping":"","bundle_min_size":"","bundle_max_size":"","bundled_items":[],"bundle_sell_ids":[],"acf":[],"yoast_head":"<!-- This site is optimized with the Yoast SEO plugin v23.1 - https:\/\/yoast.com\/wordpress\/plugins\/seo\/ -->\n<title>SERGIO TACCHINI Club tech Shorts - Nordic Padel<\/title>\n<meta name=\"robots\" content=\"index, follow, max-snippet:-1, max-image-preview:large, max-video-preview:-1\" \/>\n<link rel=\"canonical\" href=\"https:\/\/nordicpadel.com\/sv\/product\/sergio-tacchini-club-tech-shorts\/\" \/>\n<meta property=\"og:locale\" content=\"sv_SE\" \/>\n<meta property=\"og:type\" content=\"article\" \/>\n<meta property=\"og:title\" content=\"SERGIO TACCHINI Club tech Shorts - Nordic Padel\" \/>\n<meta property=\"og:description\" content=\"K\u00f6p bl\u00e5 Sergio Tacchini tennisshorts f\u00f6r herrar. Klassisk tennism\u00e4rke som f\u00e5tt rej\u00e4lt uppsving p\u00e5 sistonde. Shortsen h\u00e5ller l\u00e5g vikt och \u00e4r tillerkade i funktionsmaterial som h\u00e5ller dig torr p\u00e5 tennisbanan och padelbanan. Shortsen \u00e4r utrustade med tv\u00e5 sidofickor d\u00e4r du kan f\u00f6rvara dina tennisbollar eller padelbollar. Midjan \u00e4r elastisk och det finns dragsko f\u00f6r b\u00e4sta [&hellip;]\" \/>\n<meta property=\"og:url\" content=\"https:\/\/nordicpadel.com\/sv\/product\/sergio-tacchini-club-tech-shorts\/\" \/>\n<meta property=\"og:site_name\" content=\"Nordic Padel\" \/>\n<meta property=\"article:modified_time\" content=\"2026-03-08T23:21:52+00:00\" \/>\n<meta name=\"twitter:card\" content=\"summary_large_image\" \/>\n<script type=\"application\/ld+json\" class=\"yoast-schema-graph\">{\"@context\":\"https:\/\/schema.org\",\"@graph\":[{\"@type\":\"WebPage\",\"@id\":\"https:\/\/nordicpadel.com\/sv\/product\/sergio-tacchini-club-tech-shorts\/\",\"url\":\"https:\/\/nordicpadel.com\/sv\/product\/sergio-tacchini-club-tech-shorts\/\",\"name\":\"SERGIO TACCHINI Club tech Shorts - Nordic Padel\",\"isPartOf\":{\"@id\":\"https:\/\/nordicpadel.com\/sv\/#website\"},\"primaryImageOfPage\":{\"@id\":\"https:\/\/nordicpadel.com\/sv\/product\/sergio-tacchini-club-tech-shorts\/#primaryimage\"},\"image\":{\"@id\":\"https:\/\/nordicpadel.com\/sv\/product\/sergio-tacchini-club-tech-shorts\/#primaryimage\"},\"thumbnailUrl\":\"https:\/\/nordicpadel.com\/sv\/wp-content\/uploads\/sites\/10\/2025\/11\/0cf25c94f802fffb495c7eb4d0d85fc5-1.png\",\"datePublished\":\"2025-11-26T16:01:11+00:00\",\"dateModified\":\"2026-03-08T23:21:52+00:00\",\"breadcrumb\":{\"@id\":\"https:\/\/nordicpadel.com\/sv\/product\/sergio-tacchini-club-tech-shorts\/#breadcrumb\"},\"inLanguage\":\"sv-SE\",\"potentialAction\":[{\"@type\":\"ReadAction\",\"target\":[\"https:\/\/nordicpadel.com\/sv\/product\/sergio-tacchini-club-tech-shorts\/\"]}]},{\"@type\":\"ImageObject\",\"inLanguage\":\"sv-SE\",\"@id\":\"https:\/\/nordicpadel.com\/sv\/product\/sergio-tacchini-club-tech-shorts\/#primaryimage\",\"url\":\"https:\/\/nordicpadel.com\/sv\/wp-content\/uploads\/sites\/10\/2025\/11\/0cf25c94f802fffb495c7eb4d0d85fc5-1.png\",\"contentUrl\":\"https:\/\/nordicpadel.com\/sv\/wp-content\/uploads\/sites\/10\/2025\/11\/0cf25c94f802fffb495c7eb4d0d85fc5-1.png\",\"width\":800,\"height\":800,\"caption\":\"SERGIO TACCHINI Club tech Shorts\"},{\"@type\":\"BreadcrumbList\",\"@id\":\"https:\/\/nordicpadel.com\/sv\/product\/sergio-tacchini-club-tech-shorts\/#breadcrumb\",\"itemListElement\":[{\"@type\":\"ListItem\",\"position\":1,\"name\":\"Hem\",\"item\":\"https:\/\/nordicpadel.com\/sv\/\"},{\"@type\":\"ListItem\",\"position\":2,\"name\":\"Shop\",\"item\":\"https:\/\/nordicpadel.com\/sv\/shop\/\"},{\"@type\":\"ListItem\",\"position\":3,\"name\":\"SERGIO TACCHINI Club tech Shorts\"}]},{\"@type\":\"WebSite\",\"@id\":\"https:\/\/nordicpadel.com\/sv\/#website\",\"url\":\"https:\/\/nordicpadel.com\/sv\/\",\"name\":\"Nordic Padel\",\"description\":\"\",\"publisher\":{\"@id\":\"https:\/\/nordicpadel.com\/sv\/#organization\"},\"potentialAction\":[{\"@type\":\"SearchAction\",\"target\":{\"@type\":\"EntryPoint\",\"urlTemplate\":\"https:\/\/nordicpadel.com\/sv\/?s={search_term_string}\"},\"query-input\":\"required name=search_term_string\"}],\"inLanguage\":\"sv-SE\"},{\"@type\":\"Organization\",\"@id\":\"https:\/\/nordicpadel.com\/sv\/#organization\",\"name\":\"Nordic Padel\",\"url\":\"https:\/\/nordicpadel.com\/sv\/\",\"logo\":{\"@type\":\"ImageObject\",\"inLanguage\":\"sv-SE\",\"@id\":\"https:\/\/nordicpadel.com\/sv\/#\/schema\/logo\/image\/\",\"url\":\"https:\/\/nordicpadel.com\/sv\/wp-content\/uploads\/sites\/10\/2022\/12\/Nordic-Padel-small_1-1.png\",\"contentUrl\":\"https:\/\/nordicpadel.com\/sv\/wp-content\/uploads\/sites\/10\/2022\/12\/Nordic-Padel-small_1-1.png\",\"width\":400,\"height\":119,\"caption\":\"Nordic Padel\"},\"image\":{\"@id\":\"https:\/\/nordicpadel.com\/sv\/#\/schema\/logo\/image\/\"}}]}<\/script>\n<!-- \/ Yoast SEO plugin. -->","yoast_head_json":{"title":"SERGIO TACCHINI Club tech Shorts - Nordic Padel","robots":{"index":"index","follow":"follow","max-snippet":"max-snippet:-1","max-image-preview":"max-image-preview:large","max-video-preview":"max-video-preview:-1"},"canonical":"https:\/\/nordicpadel.com\/sv\/product\/sergio-tacchini-club-tech-shorts\/","og_locale":"sv_SE","og_type":"article","og_title":"SERGIO TACCHINI Club tech Shorts - Nordic Padel","og_description":"K\u00f6p bl\u00e5 Sergio Tacchini tennisshorts f\u00f6r herrar. Klassisk tennism\u00e4rke som f\u00e5tt rej\u00e4lt uppsving p\u00e5 sistonde. Shortsen h\u00e5ller l\u00e5g vikt och \u00e4r tillerkade i funktionsmaterial som h\u00e5ller dig torr p\u00e5 tennisbanan och padelbanan. Shortsen \u00e4r utrustade med tv\u00e5 sidofickor d\u00e4r du kan f\u00f6rvara dina tennisbollar eller padelbollar. Midjan \u00e4r elastisk och det finns dragsko f\u00f6r b\u00e4sta [&hellip;]","og_url":"https:\/\/nordicpadel.com\/sv\/product\/sergio-tacchini-club-tech-shorts\/","og_site_name":"Nordic Padel","article_modified_time":"2026-03-08T23:21:52+00:00","twitter_card":"summary_large_image","schema":{"@context":"https:\/\/schema.org","@graph":[{"@type":"WebPage","@id":"https:\/\/nordicpadel.com\/sv\/product\/sergio-tacchini-club-tech-shorts\/","url":"https:\/\/nordicpadel.com\/sv\/product\/sergio-tacchini-club-tech-shorts\/","name":"SERGIO TACCHINI Club tech Shorts - Nordic Padel","isPartOf":{"@id":"https:\/\/nordicpadel.com\/sv\/#website"},"primaryImageOfPage":{"@id":"https:\/\/nordicpadel.com\/sv\/product\/sergio-tacchini-club-tech-shorts\/#primaryimage"},"image":{"@id":"https:\/\/nordicpadel.com\/sv\/product\/sergio-tacchini-club-tech-shorts\/#primaryimage"},"thumbnailUrl":"https:\/\/nordicpadel.com\/sv\/wp-content\/uploads\/sites\/10\/2025\/11\/0cf25c94f802fffb495c7eb4d0d85fc5-1.png","datePublished":"2025-11-26T16:01:11+00:00","dateModified":"2026-03-08T23:21:52+00:00","breadcrumb":{"@id":"https:\/\/nordicpadel.com\/sv\/product\/sergio-tacchini-club-tech-shorts\/#breadcrumb"},"inLanguage":"sv-SE","potentialAction":[{"@type":"ReadAction","target":["https:\/\/nordicpadel.com\/sv\/product\/sergio-tacchini-club-tech-shorts\/"]}]},{"@type":"ImageObject","inLanguage":"sv-SE","@id":"https:\/\/nordicpadel.com\/sv\/product\/sergio-tacchini-club-tech-shorts\/#primaryimage","url":"https:\/\/nordicpadel.com\/sv\/wp-content\/uploads\/sites\/10\/2025\/11\/0cf25c94f802fffb495c7eb4d0d85fc5-1.png","contentUrl":"https:\/\/nordicpadel.com\/sv\/wp-content\/uploads\/sites\/10\/2025\/11\/0cf25c94f802fffb495c7eb4d0d85fc5-1.png","width":800,"height":800,"caption":"SERGIO TACCHINI Club tech Shorts"},{"@type":"BreadcrumbList","@id":"https:\/\/nordicpadel.com\/sv\/product\/sergio-tacchini-club-tech-shorts\/#breadcrumb","itemListElement":[{"@type":"ListItem","position":1,"name":"Hem","item":"https:\/\/nordicpadel.com\/sv\/"},{"@type":"ListItem","position":2,"name":"Shop","item":"https:\/\/nordicpadel.com\/sv\/shop\/"},{"@type":"ListItem","position":3,"name":"SERGIO TACCHINI Club tech Shorts"}]},{"@type":"WebSite","@id":"https:\/\/nordicpadel.com\/sv\/#website","url":"https:\/\/nordicpadel.com\/sv\/","name":"Nordic Padel","description":"","publisher":{"@id":"https:\/\/nordicpadel.com\/sv\/#organization"},"potentialAction":[{"@type":"SearchAction","target":{"@type":"EntryPoint","urlTemplate":"https:\/\/nordicpadel.com\/sv\/?s={search_term_string}"},"query-input":"required name=search_term_string"}],"inLanguage":"sv-SE"},{"@type":"Organization","@id":"https:\/\/nordicpadel.com\/sv\/#organization","name":"Nordic Padel","url":"https:\/\/nordicpadel.com\/sv\/","logo":{"@type":"ImageObject","inLanguage":"sv-SE","@id":"https:\/\/nordicpadel.com\/sv\/#\/schema\/logo\/image\/","url":"https:\/\/nordicpadel.com\/sv\/wp-content\/uploads\/sites\/10\/2022\/12\/Nordic-Padel-small_1-1.png","contentUrl":"https:\/\/nordicpadel.com\/sv\/wp-content\/uploads\/sites\/10\/2022\/12\/Nordic-Padel-small_1-1.png","width":400,"height":119,"caption":"Nordic Padel"},"image":{"@id":"https:\/\/nordicpadel.com\/sv\/#\/schema\/logo\/image\/"}}]}},"brands":[],"_links":{"self":[{"href":"https:\/\/nordicpadel.com\/sv\/wp-json\/wp\/v2\/product\/86679","targetHints":{"allow":["GET"]}}],"collection":[{"href":"https:\/\/nordicpadel.com\/sv\/wp-json\/wp\/v2\/product"}],"about":[{"href":"https:\/\/nordicpadel.com\/sv\/wp-json\/wp\/v2\/types\/product"}],"replies":[{"embeddable":true,"href":"https:\/\/nordicpadel.com\/sv\/wp-json\/wp\/v2\/comments?post=86679"}],"wp:featuredmedia":[{"embeddable":true,"href":"https:\/\/nordicpadel.com\/sv\/wp-json\/wp\/v2\/media\/86678"}],"wp:attachment":[{"href":"https:\/\/nordicpadel.com\/sv\/wp-json\/wp\/v2\/media?parent=86679"}],"wp:term":[{"taxonomy":"pwb-brand","embeddable":true,"href":"https:\/\/nordicpadel.com\/sv\/wp-json\/wp\/v2\/pwb-brand?post=86679"},{"taxonomy":"product_cat","embeddable":true,"href":"https:\/\/nordicpadel.com\/sv\/wp-json\/wp\/v2\/product_cat?post=86679"},{"taxonomy":"product_tag","embeddable":true,"href":"https:\/\/nordicpadel.com\/sv\/wp-json\/wp\/v2\/product_tag?post=86679"},{"taxonomy":"woo-feed-brand","embeddable":true,"href":"https:\/\/nordicpadel.com\/sv\/wp-json\/wp\/v2\/woo-feed-brand?post=86679"}],"curies":[{"name":"wp","href":"https:\/\/api.w.org\/{rel}","templated":true}]}}