{"id":86675,"date":"2025-11-26T17:01:00","date_gmt":"2025-11-26T16:01:00","guid":{"rendered":"https:\/\/nordicpadel.com\/sv\/product\/sergio-tacchini-pro-t-shirt\/"},"modified":"2026-03-09T00:24:48","modified_gmt":"2026-03-08T23:24:48","slug":"sergio-tacchini-pro-t-shirt","status":"publish","type":"product","link":"https:\/\/nordicpadel.com\/sv\/product\/sergio-tacchini-pro-t-shirt\/","title":{"rendered":"SERGIO TACCHINI Pro T-shirt"},"content":{"rendered":"<p>Klassisk design fr\u00e5n det anrika tennism\u00e4rket Sergio Tacchini. Matchtr\u00f6ja tillverkat i fin kvalite och med fubktionsmaterial, vilket g\u00f6r att du h\u00e5ller dig torr l\u00e4nge p\u00e5 banan. Kominera g\u00e4rna ihop denna med ett par Sergio Tacchini shorts, s\u00e5 har du din outfit p\u00e5 tennisbanan. F\u00e4rg: Vit Material: 100% Polyester Tv\u00e4ttr\u00e5d: Maskintv\u00e4tt, 40 grader syntet<\/p>\n","protected":false},"excerpt":{"rendered":"<p>Klassisk design fr\u00e5n det anrika tennism\u00e4rket Sergio Tacchini. Matchtr\u00f6ja tillverkat i fin kvalite och med fubktionsmaterial, vilket g\u00f6r att du h\u00e5ller dig torr l\u00e4nge p\u00e5 banan. Kominera g\u00e4rna ihop denna med ett par Sergio Tacchini shorts, s\u00e5 har du din outfit p\u00e5 tennisbanan. F\u00e4rg: Vit Material: 100% Polyester Tv\u00e4ttr\u00e5d: Maskintv\u00e4tt, 40 grader syntet<\/p>\n","protected":false},"featured_media":86674,"comment_status":"open","ping_status":"closed","template":"","meta":[],"pwb-brand":[],"product_cat":[472,40],"product_tag":[],"woo-feed-brand":[],"class_list":{"0":"post-86675","1":"product","2":"type-product","3":"status-publish","4":"has-post-thumbnail","6":"product_cat-sergio-tacchini","7":"product_cat-padelklader-herr","8":"pa_varumarke-sergio-tacchini","10":"first","11":"instock","12":"taxable","13":"shipping-taxable","14":"purchasable","15":"product-type-variable"},"bundled_by":[],"bundle_stock_status":"instock","bundle_stock_quantity":4,"bundle_virtual":false,"bundle_layout":"","bundle_add_to_cart_form_location":"","bundle_editable_in_cart":false,"bundle_sold_individually_context":"","bundle_item_grouping":"","bundle_min_size":"","bundle_max_size":"","bundled_items":[],"bundle_sell_ids":[],"acf":[],"yoast_head":"<!-- This site is optimized with the Yoast SEO plugin v23.1 - https:\/\/yoast.com\/wordpress\/plugins\/seo\/ -->\n<title>SERGIO TACCHINI Pro T-shirt - Nordic Padel<\/title>\n<meta name=\"robots\" content=\"index, follow, max-snippet:-1, max-image-preview:large, max-video-preview:-1\" \/>\n<link rel=\"canonical\" href=\"https:\/\/nordicpadel.com\/sv\/product\/sergio-tacchini-pro-t-shirt\/\" \/>\n<meta property=\"og:locale\" content=\"sv_SE\" \/>\n<meta property=\"og:type\" content=\"article\" \/>\n<meta property=\"og:title\" content=\"SERGIO TACCHINI Pro T-shirt - Nordic Padel\" \/>\n<meta property=\"og:description\" content=\"Klassisk design fr\u00e5n det anrika tennism\u00e4rket Sergio Tacchini. Matchtr\u00f6ja tillverkat i fin kvalite och med fubktionsmaterial, vilket g\u00f6r att du h\u00e5ller dig torr l\u00e4nge p\u00e5 banan. Kominera g\u00e4rna ihop denna med ett par Sergio Tacchini shorts, s\u00e5 har du din outfit p\u00e5 tennisbanan. F\u00e4rg: Vit Material: 100% Polyester Tv\u00e4ttr\u00e5d: Maskintv\u00e4tt, 40 grader syntet\" \/>\n<meta property=\"og:url\" content=\"https:\/\/nordicpadel.com\/sv\/product\/sergio-tacchini-pro-t-shirt\/\" \/>\n<meta property=\"og:site_name\" content=\"Nordic Padel\" \/>\n<meta property=\"article:modified_time\" content=\"2026-03-08T23:24:48+00:00\" \/>\n<meta name=\"twitter:card\" content=\"summary_large_image\" \/>\n<script type=\"application\/ld+json\" class=\"yoast-schema-graph\">{\"@context\":\"https:\/\/schema.org\",\"@graph\":[{\"@type\":\"WebPage\",\"@id\":\"https:\/\/nordicpadel.com\/sv\/product\/sergio-tacchini-pro-t-shirt\/\",\"url\":\"https:\/\/nordicpadel.com\/sv\/product\/sergio-tacchini-pro-t-shirt\/\",\"name\":\"SERGIO TACCHINI Pro T-shirt - Nordic Padel\",\"isPartOf\":{\"@id\":\"https:\/\/nordicpadel.com\/sv\/#website\"},\"primaryImageOfPage\":{\"@id\":\"https:\/\/nordicpadel.com\/sv\/product\/sergio-tacchini-pro-t-shirt\/#primaryimage\"},\"image\":{\"@id\":\"https:\/\/nordicpadel.com\/sv\/product\/sergio-tacchini-pro-t-shirt\/#primaryimage\"},\"thumbnailUrl\":\"https:\/\/nordicpadel.com\/sv\/wp-content\/uploads\/sites\/10\/2025\/11\/5872c255de1b7716c6454a76c76e3ef5.png\",\"datePublished\":\"2025-11-26T16:01:00+00:00\",\"dateModified\":\"2026-03-08T23:24:48+00:00\",\"breadcrumb\":{\"@id\":\"https:\/\/nordicpadel.com\/sv\/product\/sergio-tacchini-pro-t-shirt\/#breadcrumb\"},\"inLanguage\":\"sv-SE\",\"potentialAction\":[{\"@type\":\"ReadAction\",\"target\":[\"https:\/\/nordicpadel.com\/sv\/product\/sergio-tacchini-pro-t-shirt\/\"]}]},{\"@type\":\"ImageObject\",\"inLanguage\":\"sv-SE\",\"@id\":\"https:\/\/nordicpadel.com\/sv\/product\/sergio-tacchini-pro-t-shirt\/#primaryimage\",\"url\":\"https:\/\/nordicpadel.com\/sv\/wp-content\/uploads\/sites\/10\/2025\/11\/5872c255de1b7716c6454a76c76e3ef5.png\",\"contentUrl\":\"https:\/\/nordicpadel.com\/sv\/wp-content\/uploads\/sites\/10\/2025\/11\/5872c255de1b7716c6454a76c76e3ef5.png\",\"width\":800,\"height\":800,\"caption\":\"SERGIO TACCHINI Pro T-shirt\"},{\"@type\":\"BreadcrumbList\",\"@id\":\"https:\/\/nordicpadel.com\/sv\/product\/sergio-tacchini-pro-t-shirt\/#breadcrumb\",\"itemListElement\":[{\"@type\":\"ListItem\",\"position\":1,\"name\":\"Hem\",\"item\":\"https:\/\/nordicpadel.com\/sv\/\"},{\"@type\":\"ListItem\",\"position\":2,\"name\":\"Shop\",\"item\":\"https:\/\/nordicpadel.com\/sv\/shop\/\"},{\"@type\":\"ListItem\",\"position\":3,\"name\":\"SERGIO TACCHINI Pro T-shirt\"}]},{\"@type\":\"WebSite\",\"@id\":\"https:\/\/nordicpadel.com\/sv\/#website\",\"url\":\"https:\/\/nordicpadel.com\/sv\/\",\"name\":\"Nordic Padel\",\"description\":\"\",\"publisher\":{\"@id\":\"https:\/\/nordicpadel.com\/sv\/#organization\"},\"potentialAction\":[{\"@type\":\"SearchAction\",\"target\":{\"@type\":\"EntryPoint\",\"urlTemplate\":\"https:\/\/nordicpadel.com\/sv\/?s={search_term_string}\"},\"query-input\":\"required name=search_term_string\"}],\"inLanguage\":\"sv-SE\"},{\"@type\":\"Organization\",\"@id\":\"https:\/\/nordicpadel.com\/sv\/#organization\",\"name\":\"Nordic Padel\",\"url\":\"https:\/\/nordicpadel.com\/sv\/\",\"logo\":{\"@type\":\"ImageObject\",\"inLanguage\":\"sv-SE\",\"@id\":\"https:\/\/nordicpadel.com\/sv\/#\/schema\/logo\/image\/\",\"url\":\"https:\/\/nordicpadel.com\/sv\/wp-content\/uploads\/sites\/10\/2022\/12\/Nordic-Padel-small_1-1.png\",\"contentUrl\":\"https:\/\/nordicpadel.com\/sv\/wp-content\/uploads\/sites\/10\/2022\/12\/Nordic-Padel-small_1-1.png\",\"width\":400,\"height\":119,\"caption\":\"Nordic Padel\"},\"image\":{\"@id\":\"https:\/\/nordicpadel.com\/sv\/#\/schema\/logo\/image\/\"}}]}<\/script>\n<!-- \/ Yoast SEO plugin. -->","yoast_head_json":{"title":"SERGIO TACCHINI Pro T-shirt - Nordic Padel","robots":{"index":"index","follow":"follow","max-snippet":"max-snippet:-1","max-image-preview":"max-image-preview:large","max-video-preview":"max-video-preview:-1"},"canonical":"https:\/\/nordicpadel.com\/sv\/product\/sergio-tacchini-pro-t-shirt\/","og_locale":"sv_SE","og_type":"article","og_title":"SERGIO TACCHINI Pro T-shirt - Nordic Padel","og_description":"Klassisk design fr\u00e5n det anrika tennism\u00e4rket Sergio Tacchini. Matchtr\u00f6ja tillverkat i fin kvalite och med fubktionsmaterial, vilket g\u00f6r att du h\u00e5ller dig torr l\u00e4nge p\u00e5 banan. Kominera g\u00e4rna ihop denna med ett par Sergio Tacchini shorts, s\u00e5 har du din outfit p\u00e5 tennisbanan. F\u00e4rg: Vit Material: 100% Polyester Tv\u00e4ttr\u00e5d: Maskintv\u00e4tt, 40 grader syntet","og_url":"https:\/\/nordicpadel.com\/sv\/product\/sergio-tacchini-pro-t-shirt\/","og_site_name":"Nordic Padel","article_modified_time":"2026-03-08T23:24:48+00:00","twitter_card":"summary_large_image","schema":{"@context":"https:\/\/schema.org","@graph":[{"@type":"WebPage","@id":"https:\/\/nordicpadel.com\/sv\/product\/sergio-tacchini-pro-t-shirt\/","url":"https:\/\/nordicpadel.com\/sv\/product\/sergio-tacchini-pro-t-shirt\/","name":"SERGIO TACCHINI Pro T-shirt - Nordic Padel","isPartOf":{"@id":"https:\/\/nordicpadel.com\/sv\/#website"},"primaryImageOfPage":{"@id":"https:\/\/nordicpadel.com\/sv\/product\/sergio-tacchini-pro-t-shirt\/#primaryimage"},"image":{"@id":"https:\/\/nordicpadel.com\/sv\/product\/sergio-tacchini-pro-t-shirt\/#primaryimage"},"thumbnailUrl":"https:\/\/nordicpadel.com\/sv\/wp-content\/uploads\/sites\/10\/2025\/11\/5872c255de1b7716c6454a76c76e3ef5.png","datePublished":"2025-11-26T16:01:00+00:00","dateModified":"2026-03-08T23:24:48+00:00","breadcrumb":{"@id":"https:\/\/nordicpadel.com\/sv\/product\/sergio-tacchini-pro-t-shirt\/#breadcrumb"},"inLanguage":"sv-SE","potentialAction":[{"@type":"ReadAction","target":["https:\/\/nordicpadel.com\/sv\/product\/sergio-tacchini-pro-t-shirt\/"]}]},{"@type":"ImageObject","inLanguage":"sv-SE","@id":"https:\/\/nordicpadel.com\/sv\/product\/sergio-tacchini-pro-t-shirt\/#primaryimage","url":"https:\/\/nordicpadel.com\/sv\/wp-content\/uploads\/sites\/10\/2025\/11\/5872c255de1b7716c6454a76c76e3ef5.png","contentUrl":"https:\/\/nordicpadel.com\/sv\/wp-content\/uploads\/sites\/10\/2025\/11\/5872c255de1b7716c6454a76c76e3ef5.png","width":800,"height":800,"caption":"SERGIO TACCHINI Pro T-shirt"},{"@type":"BreadcrumbList","@id":"https:\/\/nordicpadel.com\/sv\/product\/sergio-tacchini-pro-t-shirt\/#breadcrumb","itemListElement":[{"@type":"ListItem","position":1,"name":"Hem","item":"https:\/\/nordicpadel.com\/sv\/"},{"@type":"ListItem","position":2,"name":"Shop","item":"https:\/\/nordicpadel.com\/sv\/shop\/"},{"@type":"ListItem","position":3,"name":"SERGIO TACCHINI Pro T-shirt"}]},{"@type":"WebSite","@id":"https:\/\/nordicpadel.com\/sv\/#website","url":"https:\/\/nordicpadel.com\/sv\/","name":"Nordic Padel","description":"","publisher":{"@id":"https:\/\/nordicpadel.com\/sv\/#organization"},"potentialAction":[{"@type":"SearchAction","target":{"@type":"EntryPoint","urlTemplate":"https:\/\/nordicpadel.com\/sv\/?s={search_term_string}"},"query-input":"required name=search_term_string"}],"inLanguage":"sv-SE"},{"@type":"Organization","@id":"https:\/\/nordicpadel.com\/sv\/#organization","name":"Nordic Padel","url":"https:\/\/nordicpadel.com\/sv\/","logo":{"@type":"ImageObject","inLanguage":"sv-SE","@id":"https:\/\/nordicpadel.com\/sv\/#\/schema\/logo\/image\/","url":"https:\/\/nordicpadel.com\/sv\/wp-content\/uploads\/sites\/10\/2022\/12\/Nordic-Padel-small_1-1.png","contentUrl":"https:\/\/nordicpadel.com\/sv\/wp-content\/uploads\/sites\/10\/2022\/12\/Nordic-Padel-small_1-1.png","width":400,"height":119,"caption":"Nordic Padel"},"image":{"@id":"https:\/\/nordicpadel.com\/sv\/#\/schema\/logo\/image\/"}}]}},"brands":[],"_links":{"self":[{"href":"https:\/\/nordicpadel.com\/sv\/wp-json\/wp\/v2\/product\/86675","targetHints":{"allow":["GET"]}}],"collection":[{"href":"https:\/\/nordicpadel.com\/sv\/wp-json\/wp\/v2\/product"}],"about":[{"href":"https:\/\/nordicpadel.com\/sv\/wp-json\/wp\/v2\/types\/product"}],"replies":[{"embeddable":true,"href":"https:\/\/nordicpadel.com\/sv\/wp-json\/wp\/v2\/comments?post=86675"}],"wp:featuredmedia":[{"embeddable":true,"href":"https:\/\/nordicpadel.com\/sv\/wp-json\/wp\/v2\/media\/86674"}],"wp:attachment":[{"href":"https:\/\/nordicpadel.com\/sv\/wp-json\/wp\/v2\/media?parent=86675"}],"wp:term":[{"taxonomy":"pwb-brand","embeddable":true,"href":"https:\/\/nordicpadel.com\/sv\/wp-json\/wp\/v2\/pwb-brand?post=86675"},{"taxonomy":"product_cat","embeddable":true,"href":"https:\/\/nordicpadel.com\/sv\/wp-json\/wp\/v2\/product_cat?post=86675"},{"taxonomy":"product_tag","embeddable":true,"href":"https:\/\/nordicpadel.com\/sv\/wp-json\/wp\/v2\/product_tag?post=86675"},{"taxonomy":"woo-feed-brand","embeddable":true,"href":"https:\/\/nordicpadel.com\/sv\/wp-json\/wp\/v2\/woo-feed-brand?post=86675"}],"curies":[{"name":"wp","href":"https:\/\/api.w.org\/{rel}","templated":true}]}}