{"id":86667,"date":"2025-11-26T17:00:41","date_gmt":"2025-11-26T16:00:41","guid":{"rendered":"https:\/\/nordicpadel.com\/sv\/product\/head-graphene-360-delta-elite\/"},"modified":"2025-11-27T16:43:12","modified_gmt":"2025-11-27T15:43:12","slug":"head-graphene-360-delta-elite","status":"publish","type":"product","link":"https:\/\/nordicpadel.com\/sv\/product\/head-graphene-360-delta-elite\/","title":{"rendered":"HEAD Graphene 360+ Delta Elite"},"content":{"rendered":"<p>Head Graphene 360+ Delta Elite \u00e4r ett <a href=\"https:\/\/nordicpadel.com\/sv\/product-category\/padelracket\/\">padelracket<\/a> f\u00f6r dig som vill ha b\u00e5de fart och kontroll och som som dessutom trivs med ett l\u00e4ttare racket. Racket \u00e4r uppdaterat med det prisbel\u00f6nta materialet Graphene 360+ som ger mindre vibrationer, materialet hj\u00e4lper \u00e4ven till att \u00f6ka rackets sweetspot vilket g\u00f6r detta racket f\u00f6rh\u00e5llandevis l\u00e4ttspelat. I praktiken inneb\u00e4r detta att tr\u00e4ffar l\u00e4ngre ut mot ramen blir n\u00e5got mer f\u00f6rl\u00e5tande.<\/p>\n<\/p>\n<p>&nbsp;<\/p>\n","protected":false},"excerpt":{"rendered":"<p>Head Graphene 360+ Delta Elite \u00e4r ett padelracket f\u00f6r dig som vill ha b\u00e5de fart och kontroll och som som dessutom trivs med ett l\u00e4ttare racket. Racket \u00e4r uppdaterat med det prisbel\u00f6nta materialet Graphene 360+ som ger mindre vibrationer, materialet hj\u00e4lper \u00e4ven till att \u00f6ka rackets sweetspot vilket g\u00f6r detta racket f\u00f6rh\u00e5llandevis l\u00e4ttspelat. I praktiken [&hellip;]<\/p>\n","protected":false},"featured_media":86666,"comment_status":"open","ping_status":"closed","template":"","meta":[],"pwb-brand":[],"product_cat":[459],"product_tag":[],"woo-feed-brand":[],"class_list":{"0":"post-86667","1":"product","2":"type-product","3":"status-publish","4":"has-post-thumbnail","6":"product_cat-head","7":"pa_varumarke-head","9":"first","10":"outofstock","11":"sale","12":"taxable","13":"shipping-taxable","14":"purchasable","15":"product-type-simple"},"bundled_by":[],"bundle_stock_status":"outofstock","bundle_stock_quantity":0,"bundle_virtual":false,"bundle_layout":"","bundle_add_to_cart_form_location":"","bundle_editable_in_cart":false,"bundle_sold_individually_context":"","bundle_item_grouping":"","bundle_min_size":"","bundle_max_size":"","bundled_items":[],"bundle_sell_ids":[],"acf":[],"yoast_head":"<!-- This site is optimized with the Yoast SEO plugin v23.1 - https:\/\/yoast.com\/wordpress\/plugins\/seo\/ -->\n<title>HEAD Graphene 360+ Delta Elite - Nordic Padel<\/title>\n<meta name=\"robots\" content=\"index, follow, max-snippet:-1, max-image-preview:large, max-video-preview:-1\" \/>\n<link rel=\"canonical\" href=\"https:\/\/nordicpadel.com\/sv\/product\/head-graphene-360-delta-elite\/\" \/>\n<meta property=\"og:locale\" content=\"sv_SE\" \/>\n<meta property=\"og:type\" content=\"article\" \/>\n<meta property=\"og:title\" content=\"HEAD Graphene 360+ Delta Elite - Nordic Padel\" \/>\n<meta property=\"og:description\" content=\"Head Graphene 360+ Delta Elite \u00e4r ett padelracket f\u00f6r dig som vill ha b\u00e5de fart och kontroll och som som dessutom trivs med ett l\u00e4ttare racket. Racket \u00e4r uppdaterat med det prisbel\u00f6nta materialet Graphene 360+ som ger mindre vibrationer, materialet hj\u00e4lper \u00e4ven till att \u00f6ka rackets sweetspot vilket g\u00f6r detta racket f\u00f6rh\u00e5llandevis l\u00e4ttspelat. I praktiken [&hellip;]\" \/>\n<meta property=\"og:url\" content=\"https:\/\/nordicpadel.com\/sv\/product\/head-graphene-360-delta-elite\/\" \/>\n<meta property=\"og:site_name\" content=\"Nordic Padel\" \/>\n<meta property=\"article:modified_time\" content=\"2025-11-27T15:43:12+00:00\" \/>\n<meta property=\"og:image\" content=\"https:\/\/nordicpadel.com\/sv\/wp-content\/uploads\/sites\/10\/2025\/11\/f99b26e1784383f483d922e959fbb6d3.png\" \/>\n\t<meta property=\"og:image:width\" content=\"800\" \/>\n\t<meta property=\"og:image:height\" content=\"800\" \/>\n\t<meta property=\"og:image:type\" content=\"image\/png\" \/>\n<meta name=\"twitter:card\" content=\"summary_large_image\" \/>\n<script type=\"application\/ld+json\" class=\"yoast-schema-graph\">{\"@context\":\"https:\/\/schema.org\",\"@graph\":[{\"@type\":\"WebPage\",\"@id\":\"https:\/\/nordicpadel.com\/sv\/product\/head-graphene-360-delta-elite\/\",\"url\":\"https:\/\/nordicpadel.com\/sv\/product\/head-graphene-360-delta-elite\/\",\"name\":\"HEAD Graphene 360+ Delta Elite - Nordic Padel\",\"isPartOf\":{\"@id\":\"https:\/\/nordicpadel.com\/sv\/#website\"},\"primaryImageOfPage\":{\"@id\":\"https:\/\/nordicpadel.com\/sv\/product\/head-graphene-360-delta-elite\/#primaryimage\"},\"image\":{\"@id\":\"https:\/\/nordicpadel.com\/sv\/product\/head-graphene-360-delta-elite\/#primaryimage\"},\"thumbnailUrl\":\"https:\/\/nordicpadel.com\/sv\/wp-content\/uploads\/sites\/10\/2025\/11\/f99b26e1784383f483d922e959fbb6d3.png\",\"datePublished\":\"2025-11-26T16:00:41+00:00\",\"dateModified\":\"2025-11-27T15:43:12+00:00\",\"breadcrumb\":{\"@id\":\"https:\/\/nordicpadel.com\/sv\/product\/head-graphene-360-delta-elite\/#breadcrumb\"},\"inLanguage\":\"sv-SE\",\"potentialAction\":[{\"@type\":\"ReadAction\",\"target\":[\"https:\/\/nordicpadel.com\/sv\/product\/head-graphene-360-delta-elite\/\"]}]},{\"@type\":\"ImageObject\",\"inLanguage\":\"sv-SE\",\"@id\":\"https:\/\/nordicpadel.com\/sv\/product\/head-graphene-360-delta-elite\/#primaryimage\",\"url\":\"https:\/\/nordicpadel.com\/sv\/wp-content\/uploads\/sites\/10\/2025\/11\/f99b26e1784383f483d922e959fbb6d3.png\",\"contentUrl\":\"https:\/\/nordicpadel.com\/sv\/wp-content\/uploads\/sites\/10\/2025\/11\/f99b26e1784383f483d922e959fbb6d3.png\",\"width\":800,\"height\":800,\"caption\":\"HEAD Graphene 360+ Delta Elite\"},{\"@type\":\"BreadcrumbList\",\"@id\":\"https:\/\/nordicpadel.com\/sv\/product\/head-graphene-360-delta-elite\/#breadcrumb\",\"itemListElement\":[{\"@type\":\"ListItem\",\"position\":1,\"name\":\"Hem\",\"item\":\"https:\/\/nordicpadel.com\/sv\/\"},{\"@type\":\"ListItem\",\"position\":2,\"name\":\"Shop\",\"item\":\"https:\/\/nordicpadel.com\/sv\/shop\/\"},{\"@type\":\"ListItem\",\"position\":3,\"name\":\"HEAD Graphene 360+ Delta Elite\"}]},{\"@type\":\"WebSite\",\"@id\":\"https:\/\/nordicpadel.com\/sv\/#website\",\"url\":\"https:\/\/nordicpadel.com\/sv\/\",\"name\":\"Nordic Padel\",\"description\":\"\",\"publisher\":{\"@id\":\"https:\/\/nordicpadel.com\/sv\/#organization\"},\"potentialAction\":[{\"@type\":\"SearchAction\",\"target\":{\"@type\":\"EntryPoint\",\"urlTemplate\":\"https:\/\/nordicpadel.com\/sv\/?s={search_term_string}\"},\"query-input\":\"required name=search_term_string\"}],\"inLanguage\":\"sv-SE\"},{\"@type\":\"Organization\",\"@id\":\"https:\/\/nordicpadel.com\/sv\/#organization\",\"name\":\"Nordic Padel\",\"url\":\"https:\/\/nordicpadel.com\/sv\/\",\"logo\":{\"@type\":\"ImageObject\",\"inLanguage\":\"sv-SE\",\"@id\":\"https:\/\/nordicpadel.com\/sv\/#\/schema\/logo\/image\/\",\"url\":\"https:\/\/nordicpadel.com\/sv\/wp-content\/uploads\/sites\/10\/2022\/12\/Nordic-Padel-small_1-1.png\",\"contentUrl\":\"https:\/\/nordicpadel.com\/sv\/wp-content\/uploads\/sites\/10\/2022\/12\/Nordic-Padel-small_1-1.png\",\"width\":400,\"height\":119,\"caption\":\"Nordic Padel\"},\"image\":{\"@id\":\"https:\/\/nordicpadel.com\/sv\/#\/schema\/logo\/image\/\"}}]}<\/script>\n<!-- \/ Yoast SEO plugin. -->","yoast_head_json":{"title":"HEAD Graphene 360+ Delta Elite - Nordic Padel","robots":{"index":"index","follow":"follow","max-snippet":"max-snippet:-1","max-image-preview":"max-image-preview:large","max-video-preview":"max-video-preview:-1"},"canonical":"https:\/\/nordicpadel.com\/sv\/product\/head-graphene-360-delta-elite\/","og_locale":"sv_SE","og_type":"article","og_title":"HEAD Graphene 360+ Delta Elite - Nordic Padel","og_description":"Head Graphene 360+ Delta Elite \u00e4r ett padelracket f\u00f6r dig som vill ha b\u00e5de fart och kontroll och som som dessutom trivs med ett l\u00e4ttare racket. Racket \u00e4r uppdaterat med det prisbel\u00f6nta materialet Graphene 360+ som ger mindre vibrationer, materialet hj\u00e4lper \u00e4ven till att \u00f6ka rackets sweetspot vilket g\u00f6r detta racket f\u00f6rh\u00e5llandevis l\u00e4ttspelat. I praktiken [&hellip;]","og_url":"https:\/\/nordicpadel.com\/sv\/product\/head-graphene-360-delta-elite\/","og_site_name":"Nordic Padel","article_modified_time":"2025-11-27T15:43:12+00:00","og_image":[{"width":800,"height":800,"url":"https:\/\/nordicpadel.com\/sv\/wp-content\/uploads\/sites\/10\/2025\/11\/f99b26e1784383f483d922e959fbb6d3.png","type":"image\/png"}],"twitter_card":"summary_large_image","schema":{"@context":"https:\/\/schema.org","@graph":[{"@type":"WebPage","@id":"https:\/\/nordicpadel.com\/sv\/product\/head-graphene-360-delta-elite\/","url":"https:\/\/nordicpadel.com\/sv\/product\/head-graphene-360-delta-elite\/","name":"HEAD Graphene 360+ Delta Elite - Nordic Padel","isPartOf":{"@id":"https:\/\/nordicpadel.com\/sv\/#website"},"primaryImageOfPage":{"@id":"https:\/\/nordicpadel.com\/sv\/product\/head-graphene-360-delta-elite\/#primaryimage"},"image":{"@id":"https:\/\/nordicpadel.com\/sv\/product\/head-graphene-360-delta-elite\/#primaryimage"},"thumbnailUrl":"https:\/\/nordicpadel.com\/sv\/wp-content\/uploads\/sites\/10\/2025\/11\/f99b26e1784383f483d922e959fbb6d3.png","datePublished":"2025-11-26T16:00:41+00:00","dateModified":"2025-11-27T15:43:12+00:00","breadcrumb":{"@id":"https:\/\/nordicpadel.com\/sv\/product\/head-graphene-360-delta-elite\/#breadcrumb"},"inLanguage":"sv-SE","potentialAction":[{"@type":"ReadAction","target":["https:\/\/nordicpadel.com\/sv\/product\/head-graphene-360-delta-elite\/"]}]},{"@type":"ImageObject","inLanguage":"sv-SE","@id":"https:\/\/nordicpadel.com\/sv\/product\/head-graphene-360-delta-elite\/#primaryimage","url":"https:\/\/nordicpadel.com\/sv\/wp-content\/uploads\/sites\/10\/2025\/11\/f99b26e1784383f483d922e959fbb6d3.png","contentUrl":"https:\/\/nordicpadel.com\/sv\/wp-content\/uploads\/sites\/10\/2025\/11\/f99b26e1784383f483d922e959fbb6d3.png","width":800,"height":800,"caption":"HEAD Graphene 360+ Delta Elite"},{"@type":"BreadcrumbList","@id":"https:\/\/nordicpadel.com\/sv\/product\/head-graphene-360-delta-elite\/#breadcrumb","itemListElement":[{"@type":"ListItem","position":1,"name":"Hem","item":"https:\/\/nordicpadel.com\/sv\/"},{"@type":"ListItem","position":2,"name":"Shop","item":"https:\/\/nordicpadel.com\/sv\/shop\/"},{"@type":"ListItem","position":3,"name":"HEAD Graphene 360+ Delta Elite"}]},{"@type":"WebSite","@id":"https:\/\/nordicpadel.com\/sv\/#website","url":"https:\/\/nordicpadel.com\/sv\/","name":"Nordic Padel","description":"","publisher":{"@id":"https:\/\/nordicpadel.com\/sv\/#organization"},"potentialAction":[{"@type":"SearchAction","target":{"@type":"EntryPoint","urlTemplate":"https:\/\/nordicpadel.com\/sv\/?s={search_term_string}"},"query-input":"required name=search_term_string"}],"inLanguage":"sv-SE"},{"@type":"Organization","@id":"https:\/\/nordicpadel.com\/sv\/#organization","name":"Nordic Padel","url":"https:\/\/nordicpadel.com\/sv\/","logo":{"@type":"ImageObject","inLanguage":"sv-SE","@id":"https:\/\/nordicpadel.com\/sv\/#\/schema\/logo\/image\/","url":"https:\/\/nordicpadel.com\/sv\/wp-content\/uploads\/sites\/10\/2022\/12\/Nordic-Padel-small_1-1.png","contentUrl":"https:\/\/nordicpadel.com\/sv\/wp-content\/uploads\/sites\/10\/2022\/12\/Nordic-Padel-small_1-1.png","width":400,"height":119,"caption":"Nordic Padel"},"image":{"@id":"https:\/\/nordicpadel.com\/sv\/#\/schema\/logo\/image\/"}}]}},"brands":[],"_links":{"self":[{"href":"https:\/\/nordicpadel.com\/sv\/wp-json\/wp\/v2\/product\/86667","targetHints":{"allow":["GET"]}}],"collection":[{"href":"https:\/\/nordicpadel.com\/sv\/wp-json\/wp\/v2\/product"}],"about":[{"href":"https:\/\/nordicpadel.com\/sv\/wp-json\/wp\/v2\/types\/product"}],"replies":[{"embeddable":true,"href":"https:\/\/nordicpadel.com\/sv\/wp-json\/wp\/v2\/comments?post=86667"}],"wp:featuredmedia":[{"embeddable":true,"href":"https:\/\/nordicpadel.com\/sv\/wp-json\/wp\/v2\/media\/86666"}],"wp:attachment":[{"href":"https:\/\/nordicpadel.com\/sv\/wp-json\/wp\/v2\/media?parent=86667"}],"wp:term":[{"taxonomy":"pwb-brand","embeddable":true,"href":"https:\/\/nordicpadel.com\/sv\/wp-json\/wp\/v2\/pwb-brand?post=86667"},{"taxonomy":"product_cat","embeddable":true,"href":"https:\/\/nordicpadel.com\/sv\/wp-json\/wp\/v2\/product_cat?post=86667"},{"taxonomy":"product_tag","embeddable":true,"href":"https:\/\/nordicpadel.com\/sv\/wp-json\/wp\/v2\/product_tag?post=86667"},{"taxonomy":"woo-feed-brand","embeddable":true,"href":"https:\/\/nordicpadel.com\/sv\/wp-json\/wp\/v2\/woo-feed-brand?post=86667"}],"curies":[{"name":"wp","href":"https:\/\/api.w.org\/{rel}","templated":true}]}}