{"id":86577,"date":"2025-11-26T16:57:37","date_gmt":"2025-11-26T15:57:37","guid":{"rendered":"https:\/\/nordicpadel.com\/sv\/product\/babolat-jet-premura\/"},"modified":"2026-02-20T10:35:02","modified_gmt":"2026-02-20T09:35:02","slug":"babolat-jet-premura","status":"publish","type":"product","link":"https:\/\/nordicpadel.com\/sv\/product\/babolat-jet-premura\/","title":{"rendered":"Babolat Jet Premura"},"content":{"rendered":"<p>Jet Premura, tidigare utsedd till v\u00e4rldens b\u00e4sta <a href=\"https:\/\/nordicpadel.com\/sv\/product-category\/padelskor\/herr\/\">padelsko<\/a>, h\u00e4r i en unik design i limiterad utg\u00e5va. Tillsammans med Mondo, officiell gr\u00e4sleverant\u00f6r till WPT, samt gummi-experten Michelin, har Babolat f\u00f6rb\u00e4ttrat Jet Premura ytterligare. Undersulans m\u00f6nster \u00e4r nu 0,5mm djupare \u00e4n tidigare f\u00f6r att ge ett perfekt grepp p\u00e5 b\u00e5de banor med mycket sand och utan sand. Ett mer flexibelt gummi anv\u00e4nds f\u00f6r att g\u00f6ra skon mer f\u00f6ljsam f\u00f6r att inte fastna i gr\u00e4set p\u00e5 banor utan sand. Det speciella m\u00f6nstret best\u00e5r b\u00e5de av sm\u00e5 dubbar samt sicksackm\u00f6nster. Dubbarna greppar tag i gr\u00e4set medan det sicksackade m\u00f6nstret greppar tag i sanden. Undersulans framdel \u00e4r ultraflexibel och b\u00f6jbar tack vare 360\u00b0 Flex-teknologin f\u00f6r att f\u00f6lja padelns unika r\u00f6relsem\u00f6nster. Att f\u00f6lja bollen i h\u00f6rnen och rotera med bollbanan underl\u00e4ttas tack vare att en st\u00f6rre del av sulan har kontakt med marken. Sulans h\u00e5llbarhet garanteras av Michelin, gummiexperten som \u00e4r ledande p\u00e5 d\u00e4cktillverkning. Ovansidan p\u00e5 skon \u00e4r tillverkad med MatrYx2.0, ett extremt slitstarkt och l\u00e4tt material som \u00e4r f\u00f6rst\u00e4rkt med kevlar f\u00f6r b\u00e4sta h\u00e5llbarhet. Med Side Stability-system \u00f6kar stabiliteten i skon vid sidof\u00f6rflyttningar tack vare den extra uppbyggda delen p\u00e5 skons yttersida. H\u00e4lpartiet \u00e4r utrustat med KPRS-X som \u00e4r ett egetutvecklat d\u00e4mpningssystem som minimerar st\u00f6tarna f\u00f6r mer komfort.<br \/>L\u00e4s g\u00e4rna v\u00e5r <a href=\"https:\/\/nordicpadel.com\/sv\/guide-padelskor\/\">skoguide<\/a> som inneh\u00e5ller tips samt en storleksguide f\u00f6r att hj\u00e4lpa dig hitta r\u00e4tt skor.<\/p>\n","protected":false},"excerpt":{"rendered":"<p>Jet Premura, tidigare utsedd till v\u00e4rldens b\u00e4sta padelsko, h\u00e4r i en unik design i limiterad utg\u00e5va. Tillsammans med Mondo, officiell gr\u00e4sleverant\u00f6r till WPT, samt gummi-experten Michelin, har Babolat f\u00f6rb\u00e4ttrat Jet Premura ytterligare. Undersulans m\u00f6nster \u00e4r nu 0,5mm djupare \u00e4n tidigare f\u00f6r att ge ett perfekt grepp p\u00e5 b\u00e5de banor med mycket sand och utan sand. [&hellip;]<\/p>\n","protected":false},"featured_media":86573,"comment_status":"open","ping_status":"closed","template":"","meta":[],"pwb-brand":[],"product_cat":[456,38],"product_tag":[],"woo-feed-brand":[],"class_list":{"0":"post-86577","1":"product","2":"type-product","3":"status-publish","4":"has-post-thumbnail","6":"product_cat-babolat","7":"product_cat-herr","8":"pa_varumarke-babolat","10":"first","11":"outofstock","12":"sale","13":"taxable","14":"shipping-taxable","15":"purchasable","16":"product-type-simple"},"bundled_by":[],"bundle_stock_status":"outofstock","bundle_stock_quantity":0,"bundle_virtual":false,"bundle_layout":"","bundle_add_to_cart_form_location":"","bundle_editable_in_cart":false,"bundle_sold_individually_context":"","bundle_item_grouping":"","bundle_min_size":"","bundle_max_size":"","bundled_items":[],"bundle_sell_ids":[],"acf":[],"yoast_head":"<!-- This site is optimized with the Yoast SEO plugin v23.1 - https:\/\/yoast.com\/wordpress\/plugins\/seo\/ -->\n<title>Babolat Jet Premura - Nordic Padel<\/title>\n<meta name=\"robots\" content=\"index, follow, max-snippet:-1, max-image-preview:large, max-video-preview:-1\" \/>\n<link rel=\"canonical\" href=\"https:\/\/nordicpadel.com\/sv\/product\/babolat-jet-premura\/\" \/>\n<meta property=\"og:locale\" content=\"sv_SE\" \/>\n<meta property=\"og:type\" content=\"article\" \/>\n<meta property=\"og:title\" content=\"Babolat Jet Premura - Nordic Padel\" \/>\n<meta property=\"og:description\" content=\"Jet Premura, tidigare utsedd till v\u00e4rldens b\u00e4sta padelsko, h\u00e4r i en unik design i limiterad utg\u00e5va. Tillsammans med Mondo, officiell gr\u00e4sleverant\u00f6r till WPT, samt gummi-experten Michelin, har Babolat f\u00f6rb\u00e4ttrat Jet Premura ytterligare. Undersulans m\u00f6nster \u00e4r nu 0,5mm djupare \u00e4n tidigare f\u00f6r att ge ett perfekt grepp p\u00e5 b\u00e5de banor med mycket sand och utan sand. [&hellip;]\" \/>\n<meta property=\"og:url\" content=\"https:\/\/nordicpadel.com\/sv\/product\/babolat-jet-premura\/\" \/>\n<meta property=\"og:site_name\" content=\"Nordic Padel\" \/>\n<meta property=\"article:modified_time\" content=\"2026-02-20T09:35:02+00:00\" \/>\n<meta property=\"og:image\" content=\"https:\/\/nordicpadel.com\/sv\/wp-content\/uploads\/sites\/10\/2025\/11\/82421c6e935acd0cf9f63c00cbaa6fbb-1.png\" \/>\n\t<meta property=\"og:image:width\" content=\"800\" \/>\n\t<meta property=\"og:image:height\" content=\"800\" \/>\n\t<meta property=\"og:image:type\" content=\"image\/png\" \/>\n<meta name=\"twitter:card\" content=\"summary_large_image\" \/>\n<meta name=\"twitter:label1\" content=\"Ber\u00e4knad l\u00e4stid\" \/>\n\t<meta name=\"twitter:data1\" content=\"1 minut\" \/>\n<script type=\"application\/ld+json\" class=\"yoast-schema-graph\">{\"@context\":\"https:\/\/schema.org\",\"@graph\":[{\"@type\":\"WebPage\",\"@id\":\"https:\/\/nordicpadel.com\/sv\/product\/babolat-jet-premura\/\",\"url\":\"https:\/\/nordicpadel.com\/sv\/product\/babolat-jet-premura\/\",\"name\":\"Babolat Jet Premura - Nordic Padel\",\"isPartOf\":{\"@id\":\"https:\/\/nordicpadel.com\/sv\/#website\"},\"primaryImageOfPage\":{\"@id\":\"https:\/\/nordicpadel.com\/sv\/product\/babolat-jet-premura\/#primaryimage\"},\"image\":{\"@id\":\"https:\/\/nordicpadel.com\/sv\/product\/babolat-jet-premura\/#primaryimage\"},\"thumbnailUrl\":\"https:\/\/nordicpadel.com\/sv\/wp-content\/uploads\/sites\/10\/2025\/11\/82421c6e935acd0cf9f63c00cbaa6fbb-1.png\",\"datePublished\":\"2025-11-26T15:57:37+00:00\",\"dateModified\":\"2026-02-20T09:35:02+00:00\",\"breadcrumb\":{\"@id\":\"https:\/\/nordicpadel.com\/sv\/product\/babolat-jet-premura\/#breadcrumb\"},\"inLanguage\":\"sv-SE\",\"potentialAction\":[{\"@type\":\"ReadAction\",\"target\":[\"https:\/\/nordicpadel.com\/sv\/product\/babolat-jet-premura\/\"]}]},{\"@type\":\"ImageObject\",\"inLanguage\":\"sv-SE\",\"@id\":\"https:\/\/nordicpadel.com\/sv\/product\/babolat-jet-premura\/#primaryimage\",\"url\":\"https:\/\/nordicpadel.com\/sv\/wp-content\/uploads\/sites\/10\/2025\/11\/82421c6e935acd0cf9f63c00cbaa6fbb-1.png\",\"contentUrl\":\"https:\/\/nordicpadel.com\/sv\/wp-content\/uploads\/sites\/10\/2025\/11\/82421c6e935acd0cf9f63c00cbaa6fbb-1.png\",\"width\":800,\"height\":800,\"caption\":\"Babolat Jet Premura\"},{\"@type\":\"BreadcrumbList\",\"@id\":\"https:\/\/nordicpadel.com\/sv\/product\/babolat-jet-premura\/#breadcrumb\",\"itemListElement\":[{\"@type\":\"ListItem\",\"position\":1,\"name\":\"Hem\",\"item\":\"https:\/\/nordicpadel.com\/sv\/\"},{\"@type\":\"ListItem\",\"position\":2,\"name\":\"Shop\",\"item\":\"https:\/\/nordicpadel.com\/sv\/shop\/\"},{\"@type\":\"ListItem\",\"position\":3,\"name\":\"Babolat Jet Premura\"}]},{\"@type\":\"WebSite\",\"@id\":\"https:\/\/nordicpadel.com\/sv\/#website\",\"url\":\"https:\/\/nordicpadel.com\/sv\/\",\"name\":\"Nordic Padel\",\"description\":\"\",\"publisher\":{\"@id\":\"https:\/\/nordicpadel.com\/sv\/#organization\"},\"potentialAction\":[{\"@type\":\"SearchAction\",\"target\":{\"@type\":\"EntryPoint\",\"urlTemplate\":\"https:\/\/nordicpadel.com\/sv\/?s={search_term_string}\"},\"query-input\":\"required name=search_term_string\"}],\"inLanguage\":\"sv-SE\"},{\"@type\":\"Organization\",\"@id\":\"https:\/\/nordicpadel.com\/sv\/#organization\",\"name\":\"Nordic Padel\",\"url\":\"https:\/\/nordicpadel.com\/sv\/\",\"logo\":{\"@type\":\"ImageObject\",\"inLanguage\":\"sv-SE\",\"@id\":\"https:\/\/nordicpadel.com\/sv\/#\/schema\/logo\/image\/\",\"url\":\"https:\/\/nordicpadel.com\/sv\/wp-content\/uploads\/sites\/10\/2022\/12\/Nordic-Padel-small_1-1.png\",\"contentUrl\":\"https:\/\/nordicpadel.com\/sv\/wp-content\/uploads\/sites\/10\/2022\/12\/Nordic-Padel-small_1-1.png\",\"width\":400,\"height\":119,\"caption\":\"Nordic Padel\"},\"image\":{\"@id\":\"https:\/\/nordicpadel.com\/sv\/#\/schema\/logo\/image\/\"}}]}<\/script>\n<!-- \/ Yoast SEO plugin. -->","yoast_head_json":{"title":"Babolat Jet Premura - Nordic Padel","robots":{"index":"index","follow":"follow","max-snippet":"max-snippet:-1","max-image-preview":"max-image-preview:large","max-video-preview":"max-video-preview:-1"},"canonical":"https:\/\/nordicpadel.com\/sv\/product\/babolat-jet-premura\/","og_locale":"sv_SE","og_type":"article","og_title":"Babolat Jet Premura - Nordic Padel","og_description":"Jet Premura, tidigare utsedd till v\u00e4rldens b\u00e4sta padelsko, h\u00e4r i en unik design i limiterad utg\u00e5va. Tillsammans med Mondo, officiell gr\u00e4sleverant\u00f6r till WPT, samt gummi-experten Michelin, har Babolat f\u00f6rb\u00e4ttrat Jet Premura ytterligare. Undersulans m\u00f6nster \u00e4r nu 0,5mm djupare \u00e4n tidigare f\u00f6r att ge ett perfekt grepp p\u00e5 b\u00e5de banor med mycket sand och utan sand. [&hellip;]","og_url":"https:\/\/nordicpadel.com\/sv\/product\/babolat-jet-premura\/","og_site_name":"Nordic Padel","article_modified_time":"2026-02-20T09:35:02+00:00","og_image":[{"width":800,"height":800,"url":"https:\/\/nordicpadel.com\/sv\/wp-content\/uploads\/sites\/10\/2025\/11\/82421c6e935acd0cf9f63c00cbaa6fbb-1.png","type":"image\/png"}],"twitter_card":"summary_large_image","twitter_misc":{"Ber\u00e4knad l\u00e4stid":"1 minut"},"schema":{"@context":"https:\/\/schema.org","@graph":[{"@type":"WebPage","@id":"https:\/\/nordicpadel.com\/sv\/product\/babolat-jet-premura\/","url":"https:\/\/nordicpadel.com\/sv\/product\/babolat-jet-premura\/","name":"Babolat Jet Premura - Nordic Padel","isPartOf":{"@id":"https:\/\/nordicpadel.com\/sv\/#website"},"primaryImageOfPage":{"@id":"https:\/\/nordicpadel.com\/sv\/product\/babolat-jet-premura\/#primaryimage"},"image":{"@id":"https:\/\/nordicpadel.com\/sv\/product\/babolat-jet-premura\/#primaryimage"},"thumbnailUrl":"https:\/\/nordicpadel.com\/sv\/wp-content\/uploads\/sites\/10\/2025\/11\/82421c6e935acd0cf9f63c00cbaa6fbb-1.png","datePublished":"2025-11-26T15:57:37+00:00","dateModified":"2026-02-20T09:35:02+00:00","breadcrumb":{"@id":"https:\/\/nordicpadel.com\/sv\/product\/babolat-jet-premura\/#breadcrumb"},"inLanguage":"sv-SE","potentialAction":[{"@type":"ReadAction","target":["https:\/\/nordicpadel.com\/sv\/product\/babolat-jet-premura\/"]}]},{"@type":"ImageObject","inLanguage":"sv-SE","@id":"https:\/\/nordicpadel.com\/sv\/product\/babolat-jet-premura\/#primaryimage","url":"https:\/\/nordicpadel.com\/sv\/wp-content\/uploads\/sites\/10\/2025\/11\/82421c6e935acd0cf9f63c00cbaa6fbb-1.png","contentUrl":"https:\/\/nordicpadel.com\/sv\/wp-content\/uploads\/sites\/10\/2025\/11\/82421c6e935acd0cf9f63c00cbaa6fbb-1.png","width":800,"height":800,"caption":"Babolat Jet Premura"},{"@type":"BreadcrumbList","@id":"https:\/\/nordicpadel.com\/sv\/product\/babolat-jet-premura\/#breadcrumb","itemListElement":[{"@type":"ListItem","position":1,"name":"Hem","item":"https:\/\/nordicpadel.com\/sv\/"},{"@type":"ListItem","position":2,"name":"Shop","item":"https:\/\/nordicpadel.com\/sv\/shop\/"},{"@type":"ListItem","position":3,"name":"Babolat Jet Premura"}]},{"@type":"WebSite","@id":"https:\/\/nordicpadel.com\/sv\/#website","url":"https:\/\/nordicpadel.com\/sv\/","name":"Nordic Padel","description":"","publisher":{"@id":"https:\/\/nordicpadel.com\/sv\/#organization"},"potentialAction":[{"@type":"SearchAction","target":{"@type":"EntryPoint","urlTemplate":"https:\/\/nordicpadel.com\/sv\/?s={search_term_string}"},"query-input":"required name=search_term_string"}],"inLanguage":"sv-SE"},{"@type":"Organization","@id":"https:\/\/nordicpadel.com\/sv\/#organization","name":"Nordic Padel","url":"https:\/\/nordicpadel.com\/sv\/","logo":{"@type":"ImageObject","inLanguage":"sv-SE","@id":"https:\/\/nordicpadel.com\/sv\/#\/schema\/logo\/image\/","url":"https:\/\/nordicpadel.com\/sv\/wp-content\/uploads\/sites\/10\/2022\/12\/Nordic-Padel-small_1-1.png","contentUrl":"https:\/\/nordicpadel.com\/sv\/wp-content\/uploads\/sites\/10\/2022\/12\/Nordic-Padel-small_1-1.png","width":400,"height":119,"caption":"Nordic Padel"},"image":{"@id":"https:\/\/nordicpadel.com\/sv\/#\/schema\/logo\/image\/"}}]}},"brands":[],"_links":{"self":[{"href":"https:\/\/nordicpadel.com\/sv\/wp-json\/wp\/v2\/product\/86577","targetHints":{"allow":["GET"]}}],"collection":[{"href":"https:\/\/nordicpadel.com\/sv\/wp-json\/wp\/v2\/product"}],"about":[{"href":"https:\/\/nordicpadel.com\/sv\/wp-json\/wp\/v2\/types\/product"}],"replies":[{"embeddable":true,"href":"https:\/\/nordicpadel.com\/sv\/wp-json\/wp\/v2\/comments?post=86577"}],"wp:featuredmedia":[{"embeddable":true,"href":"https:\/\/nordicpadel.com\/sv\/wp-json\/wp\/v2\/media\/86573"}],"wp:attachment":[{"href":"https:\/\/nordicpadel.com\/sv\/wp-json\/wp\/v2\/media?parent=86577"}],"wp:term":[{"taxonomy":"pwb-brand","embeddable":true,"href":"https:\/\/nordicpadel.com\/sv\/wp-json\/wp\/v2\/pwb-brand?post=86577"},{"taxonomy":"product_cat","embeddable":true,"href":"https:\/\/nordicpadel.com\/sv\/wp-json\/wp\/v2\/product_cat?post=86577"},{"taxonomy":"product_tag","embeddable":true,"href":"https:\/\/nordicpadel.com\/sv\/wp-json\/wp\/v2\/product_tag?post=86577"},{"taxonomy":"woo-feed-brand","embeddable":true,"href":"https:\/\/nordicpadel.com\/sv\/wp-json\/wp\/v2\/woo-feed-brand?post=86577"}],"curies":[{"name":"wp","href":"https:\/\/api.w.org\/{rel}","templated":true}]}}