{"id":86522,"date":"2025-11-26T16:55:50","date_gmt":"2025-11-26T15:55:50","guid":{"rendered":"https:\/\/nordicpadel.com\/sv\/product\/nordicdots-shorts\/"},"modified":"2026-03-09T00:40:39","modified_gmt":"2026-03-08T23:40:39","slug":"nordicdots-shorts","status":"publish","type":"product","link":"https:\/\/nordicpadel.com\/sv\/product\/nordicdots-shorts\/","title":{"rendered":"NordicDots Shorts"},"content":{"rendered":"<p>Spelar du tennis eller padel och Letar du efter ett par damshorts med bollfickor? D\u00e5 har du hittat r\u00e4tt, dessa svarta shorts med en bakficka f\u00f6r bollen \u00e4r ett perfekt val f\u00f6r dig som spelar tennis eller padel inte bara tack vare att shortsen \u00e4r riktigt snygga, tillverkade med 95% \u00e5tervunnen Polyester, utan ocks\u00e5 f\u00f6r att shortsen har utrustas med en bollficka baktill! Man kan tycka att tenniskl\u00e4der och padelkl\u00e4der alltid borde ha en bollficka, men s\u00e5 \u00e4r inte fallet i 90% av kl\u00e4derna som tillverkas f\u00f6r kvinnor. Tennisshorts eller padelshorts f\u00f6r damer &#8211; snygg passform, h\u00f6g midja med elastiskt midjeband och integrerade innertights. F\u00e4rg: Svart Material:95% \u00e5tervunnen Polyester, 5% Elastan Tv\u00e4ttr\u00e5d: Maskintv\u00e4tt, 40 grader syntet<\/p>\n","protected":false},"excerpt":{"rendered":"<p>Spelar du tennis eller padel och Letar du efter ett par damshorts med bollfickor? D\u00e5 har du hittat r\u00e4tt, dessa svarta shorts med en bakficka f\u00f6r bollen \u00e4r ett perfekt val f\u00f6r dig som spelar tennis eller padel inte bara tack vare att shortsen \u00e4r riktigt snygga, tillverkade med 95% \u00e5tervunnen Polyester, utan ocks\u00e5 f\u00f6r [&hellip;]<\/p>\n","protected":false},"featured_media":86520,"comment_status":"open","ping_status":"closed","template":"","meta":[],"pwb-brand":[],"product_cat":[39],"product_tag":[],"woo-feed-brand":[],"class_list":{"0":"post-86522","1":"product","2":"type-product","3":"status-publish","4":"has-post-thumbnail","6":"product_cat-padelklader-dam","7":"pa_varumarke-nordicdots","9":"first","10":"outofstock","11":"taxable","12":"shipping-taxable","13":"purchasable","14":"product-type-variable"},"bundled_by":[],"bundle_stock_status":"outofstock","bundle_stock_quantity":0,"bundle_virtual":false,"bundle_layout":"","bundle_add_to_cart_form_location":"","bundle_editable_in_cart":false,"bundle_sold_individually_context":"","bundle_item_grouping":"","bundle_min_size":"","bundle_max_size":"","bundled_items":[],"bundle_sell_ids":[],"acf":[],"yoast_head":"<!-- This site is optimized with the Yoast SEO plugin v23.1 - https:\/\/yoast.com\/wordpress\/plugins\/seo\/ -->\n<title>NordicDots Shorts - Nordic Padel<\/title>\n<meta name=\"robots\" content=\"index, follow, max-snippet:-1, max-image-preview:large, max-video-preview:-1\" \/>\n<link rel=\"canonical\" href=\"https:\/\/nordicpadel.com\/sv\/product\/nordicdots-shorts\/\" \/>\n<meta property=\"og:locale\" content=\"sv_SE\" \/>\n<meta property=\"og:type\" content=\"article\" \/>\n<meta property=\"og:title\" content=\"NordicDots Shorts - Nordic Padel\" \/>\n<meta property=\"og:description\" content=\"Spelar du tennis eller padel och Letar du efter ett par damshorts med bollfickor? D\u00e5 har du hittat r\u00e4tt, dessa svarta shorts med en bakficka f\u00f6r bollen \u00e4r ett perfekt val f\u00f6r dig som spelar tennis eller padel inte bara tack vare att shortsen \u00e4r riktigt snygga, tillverkade med 95% \u00e5tervunnen Polyester, utan ocks\u00e5 f\u00f6r [&hellip;]\" \/>\n<meta property=\"og:url\" content=\"https:\/\/nordicpadel.com\/sv\/product\/nordicdots-shorts\/\" \/>\n<meta property=\"og:site_name\" content=\"Nordic Padel\" \/>\n<meta property=\"article:modified_time\" content=\"2026-03-08T23:40:39+00:00\" \/>\n<meta name=\"twitter:card\" content=\"summary_large_image\" \/>\n<meta name=\"twitter:label1\" content=\"Ber\u00e4knad l\u00e4stid\" \/>\n\t<meta name=\"twitter:data1\" content=\"1 minut\" \/>\n<script type=\"application\/ld+json\" class=\"yoast-schema-graph\">{\"@context\":\"https:\/\/schema.org\",\"@graph\":[{\"@type\":\"WebPage\",\"@id\":\"https:\/\/nordicpadel.com\/sv\/product\/nordicdots-shorts\/\",\"url\":\"https:\/\/nordicpadel.com\/sv\/product\/nordicdots-shorts\/\",\"name\":\"NordicDots Shorts - Nordic Padel\",\"isPartOf\":{\"@id\":\"https:\/\/nordicpadel.com\/sv\/#website\"},\"primaryImageOfPage\":{\"@id\":\"https:\/\/nordicpadel.com\/sv\/product\/nordicdots-shorts\/#primaryimage\"},\"image\":{\"@id\":\"https:\/\/nordicpadel.com\/sv\/product\/nordicdots-shorts\/#primaryimage\"},\"thumbnailUrl\":\"https:\/\/nordicpadel.com\/sv\/wp-content\/uploads\/sites\/10\/2025\/11\/a9b83e8864323e844a68e5b73e8cc4b7.png\",\"datePublished\":\"2025-11-26T15:55:50+00:00\",\"dateModified\":\"2026-03-08T23:40:39+00:00\",\"breadcrumb\":{\"@id\":\"https:\/\/nordicpadel.com\/sv\/product\/nordicdots-shorts\/#breadcrumb\"},\"inLanguage\":\"sv-SE\",\"potentialAction\":[{\"@type\":\"ReadAction\",\"target\":[\"https:\/\/nordicpadel.com\/sv\/product\/nordicdots-shorts\/\"]}]},{\"@type\":\"ImageObject\",\"inLanguage\":\"sv-SE\",\"@id\":\"https:\/\/nordicpadel.com\/sv\/product\/nordicdots-shorts\/#primaryimage\",\"url\":\"https:\/\/nordicpadel.com\/sv\/wp-content\/uploads\/sites\/10\/2025\/11\/a9b83e8864323e844a68e5b73e8cc4b7.png\",\"contentUrl\":\"https:\/\/nordicpadel.com\/sv\/wp-content\/uploads\/sites\/10\/2025\/11\/a9b83e8864323e844a68e5b73e8cc4b7.png\",\"width\":800,\"height\":800,\"caption\":\"NordicDots Shorts\"},{\"@type\":\"BreadcrumbList\",\"@id\":\"https:\/\/nordicpadel.com\/sv\/product\/nordicdots-shorts\/#breadcrumb\",\"itemListElement\":[{\"@type\":\"ListItem\",\"position\":1,\"name\":\"Hem\",\"item\":\"https:\/\/nordicpadel.com\/sv\/\"},{\"@type\":\"ListItem\",\"position\":2,\"name\":\"Shop\",\"item\":\"https:\/\/nordicpadel.com\/sv\/shop\/\"},{\"@type\":\"ListItem\",\"position\":3,\"name\":\"NordicDots Shorts\"}]},{\"@type\":\"WebSite\",\"@id\":\"https:\/\/nordicpadel.com\/sv\/#website\",\"url\":\"https:\/\/nordicpadel.com\/sv\/\",\"name\":\"Nordic Padel\",\"description\":\"\",\"publisher\":{\"@id\":\"https:\/\/nordicpadel.com\/sv\/#organization\"},\"potentialAction\":[{\"@type\":\"SearchAction\",\"target\":{\"@type\":\"EntryPoint\",\"urlTemplate\":\"https:\/\/nordicpadel.com\/sv\/?s={search_term_string}\"},\"query-input\":\"required name=search_term_string\"}],\"inLanguage\":\"sv-SE\"},{\"@type\":\"Organization\",\"@id\":\"https:\/\/nordicpadel.com\/sv\/#organization\",\"name\":\"Nordic Padel\",\"url\":\"https:\/\/nordicpadel.com\/sv\/\",\"logo\":{\"@type\":\"ImageObject\",\"inLanguage\":\"sv-SE\",\"@id\":\"https:\/\/nordicpadel.com\/sv\/#\/schema\/logo\/image\/\",\"url\":\"https:\/\/nordicpadel.com\/sv\/wp-content\/uploads\/sites\/10\/2022\/12\/Nordic-Padel-small_1-1.png\",\"contentUrl\":\"https:\/\/nordicpadel.com\/sv\/wp-content\/uploads\/sites\/10\/2022\/12\/Nordic-Padel-small_1-1.png\",\"width\":400,\"height\":119,\"caption\":\"Nordic Padel\"},\"image\":{\"@id\":\"https:\/\/nordicpadel.com\/sv\/#\/schema\/logo\/image\/\"}}]}<\/script>\n<!-- \/ Yoast SEO plugin. -->","yoast_head_json":{"title":"NordicDots Shorts - Nordic Padel","robots":{"index":"index","follow":"follow","max-snippet":"max-snippet:-1","max-image-preview":"max-image-preview:large","max-video-preview":"max-video-preview:-1"},"canonical":"https:\/\/nordicpadel.com\/sv\/product\/nordicdots-shorts\/","og_locale":"sv_SE","og_type":"article","og_title":"NordicDots Shorts - Nordic Padel","og_description":"Spelar du tennis eller padel och Letar du efter ett par damshorts med bollfickor? D\u00e5 har du hittat r\u00e4tt, dessa svarta shorts med en bakficka f\u00f6r bollen \u00e4r ett perfekt val f\u00f6r dig som spelar tennis eller padel inte bara tack vare att shortsen \u00e4r riktigt snygga, tillverkade med 95% \u00e5tervunnen Polyester, utan ocks\u00e5 f\u00f6r [&hellip;]","og_url":"https:\/\/nordicpadel.com\/sv\/product\/nordicdots-shorts\/","og_site_name":"Nordic Padel","article_modified_time":"2026-03-08T23:40:39+00:00","twitter_card":"summary_large_image","twitter_misc":{"Ber\u00e4knad l\u00e4stid":"1 minut"},"schema":{"@context":"https:\/\/schema.org","@graph":[{"@type":"WebPage","@id":"https:\/\/nordicpadel.com\/sv\/product\/nordicdots-shorts\/","url":"https:\/\/nordicpadel.com\/sv\/product\/nordicdots-shorts\/","name":"NordicDots Shorts - Nordic Padel","isPartOf":{"@id":"https:\/\/nordicpadel.com\/sv\/#website"},"primaryImageOfPage":{"@id":"https:\/\/nordicpadel.com\/sv\/product\/nordicdots-shorts\/#primaryimage"},"image":{"@id":"https:\/\/nordicpadel.com\/sv\/product\/nordicdots-shorts\/#primaryimage"},"thumbnailUrl":"https:\/\/nordicpadel.com\/sv\/wp-content\/uploads\/sites\/10\/2025\/11\/a9b83e8864323e844a68e5b73e8cc4b7.png","datePublished":"2025-11-26T15:55:50+00:00","dateModified":"2026-03-08T23:40:39+00:00","breadcrumb":{"@id":"https:\/\/nordicpadel.com\/sv\/product\/nordicdots-shorts\/#breadcrumb"},"inLanguage":"sv-SE","potentialAction":[{"@type":"ReadAction","target":["https:\/\/nordicpadel.com\/sv\/product\/nordicdots-shorts\/"]}]},{"@type":"ImageObject","inLanguage":"sv-SE","@id":"https:\/\/nordicpadel.com\/sv\/product\/nordicdots-shorts\/#primaryimage","url":"https:\/\/nordicpadel.com\/sv\/wp-content\/uploads\/sites\/10\/2025\/11\/a9b83e8864323e844a68e5b73e8cc4b7.png","contentUrl":"https:\/\/nordicpadel.com\/sv\/wp-content\/uploads\/sites\/10\/2025\/11\/a9b83e8864323e844a68e5b73e8cc4b7.png","width":800,"height":800,"caption":"NordicDots Shorts"},{"@type":"BreadcrumbList","@id":"https:\/\/nordicpadel.com\/sv\/product\/nordicdots-shorts\/#breadcrumb","itemListElement":[{"@type":"ListItem","position":1,"name":"Hem","item":"https:\/\/nordicpadel.com\/sv\/"},{"@type":"ListItem","position":2,"name":"Shop","item":"https:\/\/nordicpadel.com\/sv\/shop\/"},{"@type":"ListItem","position":3,"name":"NordicDots Shorts"}]},{"@type":"WebSite","@id":"https:\/\/nordicpadel.com\/sv\/#website","url":"https:\/\/nordicpadel.com\/sv\/","name":"Nordic Padel","description":"","publisher":{"@id":"https:\/\/nordicpadel.com\/sv\/#organization"},"potentialAction":[{"@type":"SearchAction","target":{"@type":"EntryPoint","urlTemplate":"https:\/\/nordicpadel.com\/sv\/?s={search_term_string}"},"query-input":"required name=search_term_string"}],"inLanguage":"sv-SE"},{"@type":"Organization","@id":"https:\/\/nordicpadel.com\/sv\/#organization","name":"Nordic Padel","url":"https:\/\/nordicpadel.com\/sv\/","logo":{"@type":"ImageObject","inLanguage":"sv-SE","@id":"https:\/\/nordicpadel.com\/sv\/#\/schema\/logo\/image\/","url":"https:\/\/nordicpadel.com\/sv\/wp-content\/uploads\/sites\/10\/2022\/12\/Nordic-Padel-small_1-1.png","contentUrl":"https:\/\/nordicpadel.com\/sv\/wp-content\/uploads\/sites\/10\/2022\/12\/Nordic-Padel-small_1-1.png","width":400,"height":119,"caption":"Nordic Padel"},"image":{"@id":"https:\/\/nordicpadel.com\/sv\/#\/schema\/logo\/image\/"}}]}},"brands":[],"_links":{"self":[{"href":"https:\/\/nordicpadel.com\/sv\/wp-json\/wp\/v2\/product\/86522","targetHints":{"allow":["GET"]}}],"collection":[{"href":"https:\/\/nordicpadel.com\/sv\/wp-json\/wp\/v2\/product"}],"about":[{"href":"https:\/\/nordicpadel.com\/sv\/wp-json\/wp\/v2\/types\/product"}],"replies":[{"embeddable":true,"href":"https:\/\/nordicpadel.com\/sv\/wp-json\/wp\/v2\/comments?post=86522"}],"wp:featuredmedia":[{"embeddable":true,"href":"https:\/\/nordicpadel.com\/sv\/wp-json\/wp\/v2\/media\/86520"}],"wp:attachment":[{"href":"https:\/\/nordicpadel.com\/sv\/wp-json\/wp\/v2\/media?parent=86522"}],"wp:term":[{"taxonomy":"pwb-brand","embeddable":true,"href":"https:\/\/nordicpadel.com\/sv\/wp-json\/wp\/v2\/pwb-brand?post=86522"},{"taxonomy":"product_cat","embeddable":true,"href":"https:\/\/nordicpadel.com\/sv\/wp-json\/wp\/v2\/product_cat?post=86522"},{"taxonomy":"product_tag","embeddable":true,"href":"https:\/\/nordicpadel.com\/sv\/wp-json\/wp\/v2\/product_tag?post=86522"},{"taxonomy":"woo-feed-brand","embeddable":true,"href":"https:\/\/nordicpadel.com\/sv\/wp-json\/wp\/v2\/woo-feed-brand?post=86522"}],"curies":[{"name":"wp","href":"https:\/\/api.w.org\/{rel}","templated":true}]}}