{"id":86511,"date":"2025-11-26T16:55:38","date_gmt":"2025-11-26T15:55:38","guid":{"rendered":"https:\/\/nordicpadel.com\/sv\/product\/nike-court-victory-shorts-w\/"},"modified":"2025-11-27T07:39:43","modified_gmt":"2025-11-27T06:39:43","slug":"nike-court-victory-shorts-w","status":"publish","type":"product","link":"https:\/\/nordicpadel.com\/sv\/product\/nike-court-victory-shorts-w\/","title":{"rendered":"Nike Court Victory Shorts W"},"content":{"rendered":"<p>Tennisshorts\/padelshorts f\u00f6r damer med riktiga bollfickor. N\u00e5got som uppskattas av v\u00e5ra kunder \u00e4r shorts med riktiga bollfickor, vilket inte riktigt har funnits hos Nike. Men nu har vi de h\u00e4r snygga tennisshortsen\/padelshortsen med integrerade innershorts f\u00f6r b\u00e4sta komfort. Shortsen \u00e4r tillverkade i funktionsmaterial och har en fuktavst\u00f6tande effekt f\u00f6r att h\u00e5lla dig torr. F\u00f6rvara dina tennisbollar och padelbollar i dina tv\u00e5 sidofickor. F\u00e4rg: Nyans av lilabl\u00e5 Material: 79% Polyester, 21% Spandex<\/p>\n","protected":false},"excerpt":{"rendered":"<p>Tennisshorts\/padelshorts f\u00f6r damer med riktiga bollfickor. N\u00e5got som uppskattas av v\u00e5ra kunder \u00e4r shorts med riktiga bollfickor, vilket inte riktigt har funnits hos Nike. Men nu har vi de h\u00e4r snygga tennisshortsen\/padelshortsen med integrerade innershorts f\u00f6r b\u00e4sta komfort. Shortsen \u00e4r tillverkade i funktionsmaterial och har en fuktavst\u00f6tande effekt f\u00f6r att h\u00e5lla dig torr. F\u00f6rvara dina [&hellip;]<\/p>\n","protected":false},"featured_media":86509,"comment_status":"open","ping_status":"closed","template":"","meta":[],"pwb-brand":[],"product_cat":[39],"product_tag":[],"woo-feed-brand":[],"class_list":{"0":"post-86511","1":"product","2":"type-product","3":"status-publish","4":"has-post-thumbnail","6":"product_cat-padelklader-dam","7":"pa_varumarke-nike","9":"first","10":"instock","11":"taxable","12":"shipping-taxable","13":"purchasable","14":"product-type-variable"},"bundled_by":[],"bundle_stock_status":"instock","bundle_stock_quantity":1,"bundle_virtual":false,"bundle_layout":"","bundle_add_to_cart_form_location":"","bundle_editable_in_cart":false,"bundle_sold_individually_context":"","bundle_item_grouping":"","bundle_min_size":"","bundle_max_size":"","bundled_items":[],"bundle_sell_ids":[],"acf":[],"yoast_head":"<!-- This site is optimized with the Yoast SEO plugin v23.1 - https:\/\/yoast.com\/wordpress\/plugins\/seo\/ -->\n<title>Nike Court Victory Shorts W - Nordic Padel<\/title>\n<meta name=\"robots\" content=\"index, follow, max-snippet:-1, max-image-preview:large, max-video-preview:-1\" \/>\n<link rel=\"canonical\" href=\"https:\/\/nordicpadel.com\/sv\/product\/nike-court-victory-shorts-w\/\" \/>\n<meta property=\"og:locale\" content=\"sv_SE\" \/>\n<meta property=\"og:type\" content=\"article\" \/>\n<meta property=\"og:title\" content=\"Nike Court Victory Shorts W - Nordic Padel\" \/>\n<meta property=\"og:description\" content=\"Tennisshorts\/padelshorts f\u00f6r damer med riktiga bollfickor. N\u00e5got som uppskattas av v\u00e5ra kunder \u00e4r shorts med riktiga bollfickor, vilket inte riktigt har funnits hos Nike. Men nu har vi de h\u00e4r snygga tennisshortsen\/padelshortsen med integrerade innershorts f\u00f6r b\u00e4sta komfort. Shortsen \u00e4r tillverkade i funktionsmaterial och har en fuktavst\u00f6tande effekt f\u00f6r att h\u00e5lla dig torr. F\u00f6rvara dina [&hellip;]\" \/>\n<meta property=\"og:url\" content=\"https:\/\/nordicpadel.com\/sv\/product\/nike-court-victory-shorts-w\/\" \/>\n<meta property=\"og:site_name\" content=\"Nordic Padel\" \/>\n<meta property=\"article:modified_time\" content=\"2025-11-27T06:39:43+00:00\" \/>\n<meta name=\"twitter:card\" content=\"summary_large_image\" \/>\n<script type=\"application\/ld+json\" class=\"yoast-schema-graph\">{\"@context\":\"https:\/\/schema.org\",\"@graph\":[{\"@type\":\"WebPage\",\"@id\":\"https:\/\/nordicpadel.com\/sv\/product\/nike-court-victory-shorts-w\/\",\"url\":\"https:\/\/nordicpadel.com\/sv\/product\/nike-court-victory-shorts-w\/\",\"name\":\"Nike Court Victory Shorts W - Nordic Padel\",\"isPartOf\":{\"@id\":\"https:\/\/nordicpadel.com\/sv\/#website\"},\"primaryImageOfPage\":{\"@id\":\"https:\/\/nordicpadel.com\/sv\/product\/nike-court-victory-shorts-w\/#primaryimage\"},\"image\":{\"@id\":\"https:\/\/nordicpadel.com\/sv\/product\/nike-court-victory-shorts-w\/#primaryimage\"},\"thumbnailUrl\":\"https:\/\/nordicpadel.com\/sv\/wp-content\/uploads\/sites\/10\/2025\/11\/a42fb15e41737cac9183042e19995ace.png\",\"datePublished\":\"2025-11-26T15:55:38+00:00\",\"dateModified\":\"2025-11-27T06:39:43+00:00\",\"breadcrumb\":{\"@id\":\"https:\/\/nordicpadel.com\/sv\/product\/nike-court-victory-shorts-w\/#breadcrumb\"},\"inLanguage\":\"sv-SE\",\"potentialAction\":[{\"@type\":\"ReadAction\",\"target\":[\"https:\/\/nordicpadel.com\/sv\/product\/nike-court-victory-shorts-w\/\"]}]},{\"@type\":\"ImageObject\",\"inLanguage\":\"sv-SE\",\"@id\":\"https:\/\/nordicpadel.com\/sv\/product\/nike-court-victory-shorts-w\/#primaryimage\",\"url\":\"https:\/\/nordicpadel.com\/sv\/wp-content\/uploads\/sites\/10\/2025\/11\/a42fb15e41737cac9183042e19995ace.png\",\"contentUrl\":\"https:\/\/nordicpadel.com\/sv\/wp-content\/uploads\/sites\/10\/2025\/11\/a42fb15e41737cac9183042e19995ace.png\",\"width\":800,\"height\":800,\"caption\":\"Nike Court Victory Shorts W\"},{\"@type\":\"BreadcrumbList\",\"@id\":\"https:\/\/nordicpadel.com\/sv\/product\/nike-court-victory-shorts-w\/#breadcrumb\",\"itemListElement\":[{\"@type\":\"ListItem\",\"position\":1,\"name\":\"Hem\",\"item\":\"https:\/\/nordicpadel.com\/sv\/\"},{\"@type\":\"ListItem\",\"position\":2,\"name\":\"Shop\",\"item\":\"https:\/\/nordicpadel.com\/sv\/shop\/\"},{\"@type\":\"ListItem\",\"position\":3,\"name\":\"Nike Court Victory Shorts W\"}]},{\"@type\":\"WebSite\",\"@id\":\"https:\/\/nordicpadel.com\/sv\/#website\",\"url\":\"https:\/\/nordicpadel.com\/sv\/\",\"name\":\"Nordic Padel\",\"description\":\"\",\"publisher\":{\"@id\":\"https:\/\/nordicpadel.com\/sv\/#organization\"},\"potentialAction\":[{\"@type\":\"SearchAction\",\"target\":{\"@type\":\"EntryPoint\",\"urlTemplate\":\"https:\/\/nordicpadel.com\/sv\/?s={search_term_string}\"},\"query-input\":\"required name=search_term_string\"}],\"inLanguage\":\"sv-SE\"},{\"@type\":\"Organization\",\"@id\":\"https:\/\/nordicpadel.com\/sv\/#organization\",\"name\":\"Nordic Padel\",\"url\":\"https:\/\/nordicpadel.com\/sv\/\",\"logo\":{\"@type\":\"ImageObject\",\"inLanguage\":\"sv-SE\",\"@id\":\"https:\/\/nordicpadel.com\/sv\/#\/schema\/logo\/image\/\",\"url\":\"https:\/\/nordicpadel.com\/sv\/wp-content\/uploads\/sites\/10\/2022\/12\/Nordic-Padel-small_1-1.png\",\"contentUrl\":\"https:\/\/nordicpadel.com\/sv\/wp-content\/uploads\/sites\/10\/2022\/12\/Nordic-Padel-small_1-1.png\",\"width\":400,\"height\":119,\"caption\":\"Nordic Padel\"},\"image\":{\"@id\":\"https:\/\/nordicpadel.com\/sv\/#\/schema\/logo\/image\/\"}}]}<\/script>\n<!-- \/ Yoast SEO plugin. -->","yoast_head_json":{"title":"Nike Court Victory Shorts W - Nordic Padel","robots":{"index":"index","follow":"follow","max-snippet":"max-snippet:-1","max-image-preview":"max-image-preview:large","max-video-preview":"max-video-preview:-1"},"canonical":"https:\/\/nordicpadel.com\/sv\/product\/nike-court-victory-shorts-w\/","og_locale":"sv_SE","og_type":"article","og_title":"Nike Court Victory Shorts W - Nordic Padel","og_description":"Tennisshorts\/padelshorts f\u00f6r damer med riktiga bollfickor. N\u00e5got som uppskattas av v\u00e5ra kunder \u00e4r shorts med riktiga bollfickor, vilket inte riktigt har funnits hos Nike. Men nu har vi de h\u00e4r snygga tennisshortsen\/padelshortsen med integrerade innershorts f\u00f6r b\u00e4sta komfort. Shortsen \u00e4r tillverkade i funktionsmaterial och har en fuktavst\u00f6tande effekt f\u00f6r att h\u00e5lla dig torr. F\u00f6rvara dina [&hellip;]","og_url":"https:\/\/nordicpadel.com\/sv\/product\/nike-court-victory-shorts-w\/","og_site_name":"Nordic Padel","article_modified_time":"2025-11-27T06:39:43+00:00","twitter_card":"summary_large_image","schema":{"@context":"https:\/\/schema.org","@graph":[{"@type":"WebPage","@id":"https:\/\/nordicpadel.com\/sv\/product\/nike-court-victory-shorts-w\/","url":"https:\/\/nordicpadel.com\/sv\/product\/nike-court-victory-shorts-w\/","name":"Nike Court Victory Shorts W - Nordic Padel","isPartOf":{"@id":"https:\/\/nordicpadel.com\/sv\/#website"},"primaryImageOfPage":{"@id":"https:\/\/nordicpadel.com\/sv\/product\/nike-court-victory-shorts-w\/#primaryimage"},"image":{"@id":"https:\/\/nordicpadel.com\/sv\/product\/nike-court-victory-shorts-w\/#primaryimage"},"thumbnailUrl":"https:\/\/nordicpadel.com\/sv\/wp-content\/uploads\/sites\/10\/2025\/11\/a42fb15e41737cac9183042e19995ace.png","datePublished":"2025-11-26T15:55:38+00:00","dateModified":"2025-11-27T06:39:43+00:00","breadcrumb":{"@id":"https:\/\/nordicpadel.com\/sv\/product\/nike-court-victory-shorts-w\/#breadcrumb"},"inLanguage":"sv-SE","potentialAction":[{"@type":"ReadAction","target":["https:\/\/nordicpadel.com\/sv\/product\/nike-court-victory-shorts-w\/"]}]},{"@type":"ImageObject","inLanguage":"sv-SE","@id":"https:\/\/nordicpadel.com\/sv\/product\/nike-court-victory-shorts-w\/#primaryimage","url":"https:\/\/nordicpadel.com\/sv\/wp-content\/uploads\/sites\/10\/2025\/11\/a42fb15e41737cac9183042e19995ace.png","contentUrl":"https:\/\/nordicpadel.com\/sv\/wp-content\/uploads\/sites\/10\/2025\/11\/a42fb15e41737cac9183042e19995ace.png","width":800,"height":800,"caption":"Nike Court Victory Shorts W"},{"@type":"BreadcrumbList","@id":"https:\/\/nordicpadel.com\/sv\/product\/nike-court-victory-shorts-w\/#breadcrumb","itemListElement":[{"@type":"ListItem","position":1,"name":"Hem","item":"https:\/\/nordicpadel.com\/sv\/"},{"@type":"ListItem","position":2,"name":"Shop","item":"https:\/\/nordicpadel.com\/sv\/shop\/"},{"@type":"ListItem","position":3,"name":"Nike Court Victory Shorts W"}]},{"@type":"WebSite","@id":"https:\/\/nordicpadel.com\/sv\/#website","url":"https:\/\/nordicpadel.com\/sv\/","name":"Nordic Padel","description":"","publisher":{"@id":"https:\/\/nordicpadel.com\/sv\/#organization"},"potentialAction":[{"@type":"SearchAction","target":{"@type":"EntryPoint","urlTemplate":"https:\/\/nordicpadel.com\/sv\/?s={search_term_string}"},"query-input":"required name=search_term_string"}],"inLanguage":"sv-SE"},{"@type":"Organization","@id":"https:\/\/nordicpadel.com\/sv\/#organization","name":"Nordic Padel","url":"https:\/\/nordicpadel.com\/sv\/","logo":{"@type":"ImageObject","inLanguage":"sv-SE","@id":"https:\/\/nordicpadel.com\/sv\/#\/schema\/logo\/image\/","url":"https:\/\/nordicpadel.com\/sv\/wp-content\/uploads\/sites\/10\/2022\/12\/Nordic-Padel-small_1-1.png","contentUrl":"https:\/\/nordicpadel.com\/sv\/wp-content\/uploads\/sites\/10\/2022\/12\/Nordic-Padel-small_1-1.png","width":400,"height":119,"caption":"Nordic Padel"},"image":{"@id":"https:\/\/nordicpadel.com\/sv\/#\/schema\/logo\/image\/"}}]}},"brands":[],"_links":{"self":[{"href":"https:\/\/nordicpadel.com\/sv\/wp-json\/wp\/v2\/product\/86511","targetHints":{"allow":["GET"]}}],"collection":[{"href":"https:\/\/nordicpadel.com\/sv\/wp-json\/wp\/v2\/product"}],"about":[{"href":"https:\/\/nordicpadel.com\/sv\/wp-json\/wp\/v2\/types\/product"}],"replies":[{"embeddable":true,"href":"https:\/\/nordicpadel.com\/sv\/wp-json\/wp\/v2\/comments?post=86511"}],"wp:featuredmedia":[{"embeddable":true,"href":"https:\/\/nordicpadel.com\/sv\/wp-json\/wp\/v2\/media\/86509"}],"wp:attachment":[{"href":"https:\/\/nordicpadel.com\/sv\/wp-json\/wp\/v2\/media?parent=86511"}],"wp:term":[{"taxonomy":"pwb-brand","embeddable":true,"href":"https:\/\/nordicpadel.com\/sv\/wp-json\/wp\/v2\/pwb-brand?post=86511"},{"taxonomy":"product_cat","embeddable":true,"href":"https:\/\/nordicpadel.com\/sv\/wp-json\/wp\/v2\/product_cat?post=86511"},{"taxonomy":"product_tag","embeddable":true,"href":"https:\/\/nordicpadel.com\/sv\/wp-json\/wp\/v2\/product_tag?post=86511"},{"taxonomy":"woo-feed-brand","embeddable":true,"href":"https:\/\/nordicpadel.com\/sv\/wp-json\/wp\/v2\/woo-feed-brand?post=86511"}],"curies":[{"name":"wp","href":"https:\/\/api.w.org\/{rel}","templated":true}]}}