{"id":86449,"date":"2025-11-26T16:53:38","date_gmt":"2025-11-26T15:53:38","guid":{"rendered":"https:\/\/nordicpadel.com\/sv\/product\/babolat-revenge-ltd-edition\/"},"modified":"2025-11-27T16:37:38","modified_gmt":"2025-11-27T15:37:38","slug":"babolat-revenge-ltd-edition","status":"publish","type":"product","link":"https:\/\/nordicpadel.com\/sv\/product\/babolat-revenge-ltd-edition\/","title":{"rendered":"Babolat Revenge Ltd edition"},"content":{"rendered":"<p>Babolat Revenge LTD ger en unik kombination mellan fart och kontroll. Detta droppformade racket \u00e4r v\u00e4ldigt m\u00e5ngsidigt och levererar den ultimata kombinationen mellan fart och kontroll. Ramen \u00e4r tillverkad i slitt\u00e5lig kolfiber och tr\u00e4ffytan \u00e4r tillverkad av glasfiber. Det flexibla materialet erbjuder ett l\u00e4tt s\u00e4tt att f\u00e5 fart p\u00e5 bollen och samtidigt en stor komfort i slagen. Halsen p\u00e5 racket \u00e4r designad i en ny stabilare konstruktion, Dynamic Stability System. F\u00f6rst\u00e4rkt med tungsten-fibrer f\u00f6r att minska vridmomentet i racket samt \u00f6ka fart och precisionen.<\/p>\n<p>Revenge \u00e4r en modell f\u00f6r spelaren som vill utveckla sin padel och ta den till n\u00e4sta niv\u00e5, och tack vare den m\u00e5ngsidiga designen s\u00e5 passar denna modell ett brett spektrum av spelartyper.<\/p>\n","protected":false},"excerpt":{"rendered":"<p>Babolat Revenge LTD ger en unik kombination mellan fart och kontroll. Detta droppformade racket \u00e4r v\u00e4ldigt m\u00e5ngsidigt och levererar den ultimata kombinationen mellan fart och kontroll. Ramen \u00e4r tillverkad i slitt\u00e5lig kolfiber och tr\u00e4ffytan \u00e4r tillverkad av glasfiber. Det flexibla materialet erbjuder ett l\u00e4tt s\u00e4tt att f\u00e5 fart p\u00e5 bollen och samtidigt en stor komfort [&hellip;]<\/p>\n","protected":false},"featured_media":86448,"comment_status":"open","ping_status":"closed","template":"","meta":[],"pwb-brand":[],"product_cat":[16],"product_tag":[],"woo-feed-brand":[],"class_list":{"0":"post-86449","1":"product","2":"type-product","3":"status-publish","4":"has-post-thumbnail","6":"product_cat-padelracket","7":"pa_varumarke-babolat","9":"first","10":"outofstock","11":"sale","12":"taxable","13":"shipping-taxable","14":"purchasable","15":"product-type-simple"},"bundled_by":[],"bundle_stock_status":"outofstock","bundle_stock_quantity":0,"bundle_virtual":false,"bundle_layout":"","bundle_add_to_cart_form_location":"","bundle_editable_in_cart":false,"bundle_sold_individually_context":"","bundle_item_grouping":"","bundle_min_size":"","bundle_max_size":"","bundled_items":[],"bundle_sell_ids":[],"acf":[],"yoast_head":"<!-- This site is optimized with the Yoast SEO plugin v23.1 - https:\/\/yoast.com\/wordpress\/plugins\/seo\/ -->\n<title>Babolat Revenge Ltd edition - Nordic Padel<\/title>\n<meta name=\"robots\" content=\"index, follow, max-snippet:-1, max-image-preview:large, max-video-preview:-1\" \/>\n<link rel=\"canonical\" href=\"https:\/\/nordicpadel.com\/sv\/product\/babolat-revenge-ltd-edition\/\" \/>\n<meta property=\"og:locale\" content=\"sv_SE\" \/>\n<meta property=\"og:type\" content=\"article\" \/>\n<meta property=\"og:title\" content=\"Babolat Revenge Ltd edition - Nordic Padel\" \/>\n<meta property=\"og:description\" content=\"Babolat Revenge LTD ger en unik kombination mellan fart och kontroll. Detta droppformade racket \u00e4r v\u00e4ldigt m\u00e5ngsidigt och levererar den ultimata kombinationen mellan fart och kontroll. Ramen \u00e4r tillverkad i slitt\u00e5lig kolfiber och tr\u00e4ffytan \u00e4r tillverkad av glasfiber. Det flexibla materialet erbjuder ett l\u00e4tt s\u00e4tt att f\u00e5 fart p\u00e5 bollen och samtidigt en stor komfort [&hellip;]\" \/>\n<meta property=\"og:url\" content=\"https:\/\/nordicpadel.com\/sv\/product\/babolat-revenge-ltd-edition\/\" \/>\n<meta property=\"og:site_name\" content=\"Nordic Padel\" \/>\n<meta property=\"article:modified_time\" content=\"2025-11-27T15:37:38+00:00\" \/>\n<meta name=\"twitter:card\" content=\"summary_large_image\" \/>\n<meta name=\"twitter:label1\" content=\"Ber\u00e4knad l\u00e4stid\" \/>\n\t<meta name=\"twitter:data1\" content=\"1 minut\" \/>\n<script type=\"application\/ld+json\" class=\"yoast-schema-graph\">{\"@context\":\"https:\/\/schema.org\",\"@graph\":[{\"@type\":\"WebPage\",\"@id\":\"https:\/\/nordicpadel.com\/sv\/product\/babolat-revenge-ltd-edition\/\",\"url\":\"https:\/\/nordicpadel.com\/sv\/product\/babolat-revenge-ltd-edition\/\",\"name\":\"Babolat Revenge Ltd edition - Nordic Padel\",\"isPartOf\":{\"@id\":\"https:\/\/nordicpadel.com\/sv\/#website\"},\"primaryImageOfPage\":{\"@id\":\"https:\/\/nordicpadel.com\/sv\/product\/babolat-revenge-ltd-edition\/#primaryimage\"},\"image\":{\"@id\":\"https:\/\/nordicpadel.com\/sv\/product\/babolat-revenge-ltd-edition\/#primaryimage\"},\"thumbnailUrl\":\"https:\/\/nordicpadel.com\/sv\/wp-content\/uploads\/sites\/10\/2025\/11\/155d10625da57eca484707dae3544b17.png\",\"datePublished\":\"2025-11-26T15:53:38+00:00\",\"dateModified\":\"2025-11-27T15:37:38+00:00\",\"breadcrumb\":{\"@id\":\"https:\/\/nordicpadel.com\/sv\/product\/babolat-revenge-ltd-edition\/#breadcrumb\"},\"inLanguage\":\"sv-SE\",\"potentialAction\":[{\"@type\":\"ReadAction\",\"target\":[\"https:\/\/nordicpadel.com\/sv\/product\/babolat-revenge-ltd-edition\/\"]}]},{\"@type\":\"ImageObject\",\"inLanguage\":\"sv-SE\",\"@id\":\"https:\/\/nordicpadel.com\/sv\/product\/babolat-revenge-ltd-edition\/#primaryimage\",\"url\":\"https:\/\/nordicpadel.com\/sv\/wp-content\/uploads\/sites\/10\/2025\/11\/155d10625da57eca484707dae3544b17.png\",\"contentUrl\":\"https:\/\/nordicpadel.com\/sv\/wp-content\/uploads\/sites\/10\/2025\/11\/155d10625da57eca484707dae3544b17.png\",\"width\":800,\"height\":800,\"caption\":\"Babolat Revenge Ltd edition\"},{\"@type\":\"BreadcrumbList\",\"@id\":\"https:\/\/nordicpadel.com\/sv\/product\/babolat-revenge-ltd-edition\/#breadcrumb\",\"itemListElement\":[{\"@type\":\"ListItem\",\"position\":1,\"name\":\"Hem\",\"item\":\"https:\/\/nordicpadel.com\/sv\/\"},{\"@type\":\"ListItem\",\"position\":2,\"name\":\"Shop\",\"item\":\"https:\/\/nordicpadel.com\/sv\/shop\/\"},{\"@type\":\"ListItem\",\"position\":3,\"name\":\"Babolat Revenge Ltd edition\"}]},{\"@type\":\"WebSite\",\"@id\":\"https:\/\/nordicpadel.com\/sv\/#website\",\"url\":\"https:\/\/nordicpadel.com\/sv\/\",\"name\":\"Nordic Padel\",\"description\":\"\",\"publisher\":{\"@id\":\"https:\/\/nordicpadel.com\/sv\/#organization\"},\"potentialAction\":[{\"@type\":\"SearchAction\",\"target\":{\"@type\":\"EntryPoint\",\"urlTemplate\":\"https:\/\/nordicpadel.com\/sv\/?s={search_term_string}\"},\"query-input\":\"required name=search_term_string\"}],\"inLanguage\":\"sv-SE\"},{\"@type\":\"Organization\",\"@id\":\"https:\/\/nordicpadel.com\/sv\/#organization\",\"name\":\"Nordic Padel\",\"url\":\"https:\/\/nordicpadel.com\/sv\/\",\"logo\":{\"@type\":\"ImageObject\",\"inLanguage\":\"sv-SE\",\"@id\":\"https:\/\/nordicpadel.com\/sv\/#\/schema\/logo\/image\/\",\"url\":\"https:\/\/nordicpadel.com\/sv\/wp-content\/uploads\/sites\/10\/2022\/12\/Nordic-Padel-small_1-1.png\",\"contentUrl\":\"https:\/\/nordicpadel.com\/sv\/wp-content\/uploads\/sites\/10\/2022\/12\/Nordic-Padel-small_1-1.png\",\"width\":400,\"height\":119,\"caption\":\"Nordic Padel\"},\"image\":{\"@id\":\"https:\/\/nordicpadel.com\/sv\/#\/schema\/logo\/image\/\"}}]}<\/script>\n<!-- \/ Yoast SEO plugin. -->","yoast_head_json":{"title":"Babolat Revenge Ltd edition - Nordic Padel","robots":{"index":"index","follow":"follow","max-snippet":"max-snippet:-1","max-image-preview":"max-image-preview:large","max-video-preview":"max-video-preview:-1"},"canonical":"https:\/\/nordicpadel.com\/sv\/product\/babolat-revenge-ltd-edition\/","og_locale":"sv_SE","og_type":"article","og_title":"Babolat Revenge Ltd edition - Nordic Padel","og_description":"Babolat Revenge LTD ger en unik kombination mellan fart och kontroll. Detta droppformade racket \u00e4r v\u00e4ldigt m\u00e5ngsidigt och levererar den ultimata kombinationen mellan fart och kontroll. Ramen \u00e4r tillverkad i slitt\u00e5lig kolfiber och tr\u00e4ffytan \u00e4r tillverkad av glasfiber. Det flexibla materialet erbjuder ett l\u00e4tt s\u00e4tt att f\u00e5 fart p\u00e5 bollen och samtidigt en stor komfort [&hellip;]","og_url":"https:\/\/nordicpadel.com\/sv\/product\/babolat-revenge-ltd-edition\/","og_site_name":"Nordic Padel","article_modified_time":"2025-11-27T15:37:38+00:00","twitter_card":"summary_large_image","twitter_misc":{"Ber\u00e4knad l\u00e4stid":"1 minut"},"schema":{"@context":"https:\/\/schema.org","@graph":[{"@type":"WebPage","@id":"https:\/\/nordicpadel.com\/sv\/product\/babolat-revenge-ltd-edition\/","url":"https:\/\/nordicpadel.com\/sv\/product\/babolat-revenge-ltd-edition\/","name":"Babolat Revenge Ltd edition - Nordic Padel","isPartOf":{"@id":"https:\/\/nordicpadel.com\/sv\/#website"},"primaryImageOfPage":{"@id":"https:\/\/nordicpadel.com\/sv\/product\/babolat-revenge-ltd-edition\/#primaryimage"},"image":{"@id":"https:\/\/nordicpadel.com\/sv\/product\/babolat-revenge-ltd-edition\/#primaryimage"},"thumbnailUrl":"https:\/\/nordicpadel.com\/sv\/wp-content\/uploads\/sites\/10\/2025\/11\/155d10625da57eca484707dae3544b17.png","datePublished":"2025-11-26T15:53:38+00:00","dateModified":"2025-11-27T15:37:38+00:00","breadcrumb":{"@id":"https:\/\/nordicpadel.com\/sv\/product\/babolat-revenge-ltd-edition\/#breadcrumb"},"inLanguage":"sv-SE","potentialAction":[{"@type":"ReadAction","target":["https:\/\/nordicpadel.com\/sv\/product\/babolat-revenge-ltd-edition\/"]}]},{"@type":"ImageObject","inLanguage":"sv-SE","@id":"https:\/\/nordicpadel.com\/sv\/product\/babolat-revenge-ltd-edition\/#primaryimage","url":"https:\/\/nordicpadel.com\/sv\/wp-content\/uploads\/sites\/10\/2025\/11\/155d10625da57eca484707dae3544b17.png","contentUrl":"https:\/\/nordicpadel.com\/sv\/wp-content\/uploads\/sites\/10\/2025\/11\/155d10625da57eca484707dae3544b17.png","width":800,"height":800,"caption":"Babolat Revenge Ltd edition"},{"@type":"BreadcrumbList","@id":"https:\/\/nordicpadel.com\/sv\/product\/babolat-revenge-ltd-edition\/#breadcrumb","itemListElement":[{"@type":"ListItem","position":1,"name":"Hem","item":"https:\/\/nordicpadel.com\/sv\/"},{"@type":"ListItem","position":2,"name":"Shop","item":"https:\/\/nordicpadel.com\/sv\/shop\/"},{"@type":"ListItem","position":3,"name":"Babolat Revenge Ltd edition"}]},{"@type":"WebSite","@id":"https:\/\/nordicpadel.com\/sv\/#website","url":"https:\/\/nordicpadel.com\/sv\/","name":"Nordic Padel","description":"","publisher":{"@id":"https:\/\/nordicpadel.com\/sv\/#organization"},"potentialAction":[{"@type":"SearchAction","target":{"@type":"EntryPoint","urlTemplate":"https:\/\/nordicpadel.com\/sv\/?s={search_term_string}"},"query-input":"required name=search_term_string"}],"inLanguage":"sv-SE"},{"@type":"Organization","@id":"https:\/\/nordicpadel.com\/sv\/#organization","name":"Nordic Padel","url":"https:\/\/nordicpadel.com\/sv\/","logo":{"@type":"ImageObject","inLanguage":"sv-SE","@id":"https:\/\/nordicpadel.com\/sv\/#\/schema\/logo\/image\/","url":"https:\/\/nordicpadel.com\/sv\/wp-content\/uploads\/sites\/10\/2022\/12\/Nordic-Padel-small_1-1.png","contentUrl":"https:\/\/nordicpadel.com\/sv\/wp-content\/uploads\/sites\/10\/2022\/12\/Nordic-Padel-small_1-1.png","width":400,"height":119,"caption":"Nordic Padel"},"image":{"@id":"https:\/\/nordicpadel.com\/sv\/#\/schema\/logo\/image\/"}}]}},"brands":[],"_links":{"self":[{"href":"https:\/\/nordicpadel.com\/sv\/wp-json\/wp\/v2\/product\/86449","targetHints":{"allow":["GET"]}}],"collection":[{"href":"https:\/\/nordicpadel.com\/sv\/wp-json\/wp\/v2\/product"}],"about":[{"href":"https:\/\/nordicpadel.com\/sv\/wp-json\/wp\/v2\/types\/product"}],"replies":[{"embeddable":true,"href":"https:\/\/nordicpadel.com\/sv\/wp-json\/wp\/v2\/comments?post=86449"}],"wp:featuredmedia":[{"embeddable":true,"href":"https:\/\/nordicpadel.com\/sv\/wp-json\/wp\/v2\/media\/86448"}],"wp:attachment":[{"href":"https:\/\/nordicpadel.com\/sv\/wp-json\/wp\/v2\/media?parent=86449"}],"wp:term":[{"taxonomy":"pwb-brand","embeddable":true,"href":"https:\/\/nordicpadel.com\/sv\/wp-json\/wp\/v2\/pwb-brand?post=86449"},{"taxonomy":"product_cat","embeddable":true,"href":"https:\/\/nordicpadel.com\/sv\/wp-json\/wp\/v2\/product_cat?post=86449"},{"taxonomy":"product_tag","embeddable":true,"href":"https:\/\/nordicpadel.com\/sv\/wp-json\/wp\/v2\/product_tag?post=86449"},{"taxonomy":"woo-feed-brand","embeddable":true,"href":"https:\/\/nordicpadel.com\/sv\/wp-json\/wp\/v2\/woo-feed-brand?post=86449"}],"curies":[{"name":"wp","href":"https:\/\/api.w.org\/{rel}","templated":true}]}}