{"id":86417,"date":"2025-11-26T16:52:49","date_gmt":"2025-11-26T15:52:49","guid":{"rendered":"https:\/\/nordicpadel.com\/sv\/product\/nike-swoosh-doublewide-wristbands\/"},"modified":"2026-02-28T23:19:39","modified_gmt":"2026-02-28T22:19:39","slug":"nike-swoosh-doublewide-wristbands","status":"publish","type":"product","link":"https:\/\/nordicpadel.com\/sv\/product\/nike-swoosh-doublewide-wristbands\/","title":{"rendered":"Nike Swoosh Doublewide Wristbands"},"content":{"rendered":"<p>K\u00f6p Breda wristband, de \u00e4r b\u00e5de funktionella f\u00f6r att toka bort svett fr\u00e5n pannan men ocks\u00e5 f\u00f6rhindra att tennisgreppet blir halt. Det finns massor av f\u00e4rger att v\u00e4lja bland. Dessutom kan det vara stilfullt att matcha ihop med resten utav sin tr\u00e4ningsoutfit. Varje f\u00f6rpackning inneh\u00e5ller 2 st wristbands. F\u00e4rg: Gr\u00f6n<\/p>\n","protected":false},"excerpt":{"rendered":"<p>K\u00f6p Breda wristband, de \u00e4r b\u00e5de funktionella f\u00f6r att toka bort svett fr\u00e5n pannan men ocks\u00e5 f\u00f6rhindra att tennisgreppet blir halt. Det finns massor av f\u00e4rger att v\u00e4lja bland. Dessutom kan det vara stilfullt att matcha ihop med resten utav sin tr\u00e4ningsoutfit. Varje f\u00f6rpackning inneh\u00e5ller 2 st wristbands. F\u00e4rg: Gr\u00f6n<\/p>\n","protected":false},"featured_media":86415,"comment_status":"open","ping_status":"closed","template":"","meta":[],"pwb-brand":[],"product_cat":[44],"product_tag":[],"woo-feed-brand":[],"class_list":{"0":"post-86417","1":"product","2":"type-product","3":"status-publish","4":"has-post-thumbnail","6":"product_cat-svettband","7":"pa_varumarke-nike","9":"first","10":"instock","11":"taxable","12":"shipping-taxable","13":"purchasable","14":"product-type-simple"},"bundled_by":[],"bundle_stock_status":"instock","bundle_stock_quantity":11,"bundle_virtual":false,"bundle_layout":"","bundle_add_to_cart_form_location":"","bundle_editable_in_cart":false,"bundle_sold_individually_context":"","bundle_item_grouping":"","bundle_min_size":"","bundle_max_size":"","bundled_items":[],"bundle_sell_ids":[],"acf":[],"yoast_head":"<!-- This site is optimized with the Yoast SEO plugin v23.1 - https:\/\/yoast.com\/wordpress\/plugins\/seo\/ -->\n<title>Nike Swoosh Doublewide Wristbands - Nordic Padel<\/title>\n<meta name=\"robots\" content=\"index, follow, max-snippet:-1, max-image-preview:large, max-video-preview:-1\" \/>\n<link rel=\"canonical\" href=\"https:\/\/nordicpadel.com\/sv\/product\/nike-swoosh-doublewide-wristbands\/\" \/>\n<meta property=\"og:locale\" content=\"sv_SE\" \/>\n<meta property=\"og:type\" content=\"article\" \/>\n<meta property=\"og:title\" content=\"Nike Swoosh Doublewide Wristbands - Nordic Padel\" \/>\n<meta property=\"og:description\" content=\"K\u00f6p Breda wristband, de \u00e4r b\u00e5de funktionella f\u00f6r att toka bort svett fr\u00e5n pannan men ocks\u00e5 f\u00f6rhindra att tennisgreppet blir halt. Det finns massor av f\u00e4rger att v\u00e4lja bland. Dessutom kan det vara stilfullt att matcha ihop med resten utav sin tr\u00e4ningsoutfit. Varje f\u00f6rpackning inneh\u00e5ller 2 st wristbands. F\u00e4rg: Gr\u00f6n\" \/>\n<meta property=\"og:url\" content=\"https:\/\/nordicpadel.com\/sv\/product\/nike-swoosh-doublewide-wristbands\/\" \/>\n<meta property=\"og:site_name\" content=\"Nordic Padel\" \/>\n<meta property=\"article:modified_time\" content=\"2026-02-28T22:19:39+00:00\" \/>\n<meta name=\"twitter:card\" content=\"summary_large_image\" \/>\n<script type=\"application\/ld+json\" class=\"yoast-schema-graph\">{\"@context\":\"https:\/\/schema.org\",\"@graph\":[{\"@type\":\"WebPage\",\"@id\":\"https:\/\/nordicpadel.com\/sv\/product\/nike-swoosh-doublewide-wristbands\/\",\"url\":\"https:\/\/nordicpadel.com\/sv\/product\/nike-swoosh-doublewide-wristbands\/\",\"name\":\"Nike Swoosh Doublewide Wristbands - Nordic Padel\",\"isPartOf\":{\"@id\":\"https:\/\/nordicpadel.com\/sv\/#website\"},\"primaryImageOfPage\":{\"@id\":\"https:\/\/nordicpadel.com\/sv\/product\/nike-swoosh-doublewide-wristbands\/#primaryimage\"},\"image\":{\"@id\":\"https:\/\/nordicpadel.com\/sv\/product\/nike-swoosh-doublewide-wristbands\/#primaryimage\"},\"thumbnailUrl\":\"https:\/\/nordicpadel.com\/sv\/wp-content\/uploads\/sites\/10\/2025\/11\/a895947047cc0330087a085c5b3c9dca.png\",\"datePublished\":\"2025-11-26T15:52:49+00:00\",\"dateModified\":\"2026-02-28T22:19:39+00:00\",\"breadcrumb\":{\"@id\":\"https:\/\/nordicpadel.com\/sv\/product\/nike-swoosh-doublewide-wristbands\/#breadcrumb\"},\"inLanguage\":\"sv-SE\",\"potentialAction\":[{\"@type\":\"ReadAction\",\"target\":[\"https:\/\/nordicpadel.com\/sv\/product\/nike-swoosh-doublewide-wristbands\/\"]}]},{\"@type\":\"ImageObject\",\"inLanguage\":\"sv-SE\",\"@id\":\"https:\/\/nordicpadel.com\/sv\/product\/nike-swoosh-doublewide-wristbands\/#primaryimage\",\"url\":\"https:\/\/nordicpadel.com\/sv\/wp-content\/uploads\/sites\/10\/2025\/11\/a895947047cc0330087a085c5b3c9dca.png\",\"contentUrl\":\"https:\/\/nordicpadel.com\/sv\/wp-content\/uploads\/sites\/10\/2025\/11\/a895947047cc0330087a085c5b3c9dca.png\",\"width\":800,\"height\":800,\"caption\":\"Nike Swoosh Doublewide Wristbands\"},{\"@type\":\"BreadcrumbList\",\"@id\":\"https:\/\/nordicpadel.com\/sv\/product\/nike-swoosh-doublewide-wristbands\/#breadcrumb\",\"itemListElement\":[{\"@type\":\"ListItem\",\"position\":1,\"name\":\"Hem\",\"item\":\"https:\/\/nordicpadel.com\/sv\/\"},{\"@type\":\"ListItem\",\"position\":2,\"name\":\"Shop\",\"item\":\"https:\/\/nordicpadel.com\/sv\/shop\/\"},{\"@type\":\"ListItem\",\"position\":3,\"name\":\"Nike Swoosh Doublewide Wristbands\"}]},{\"@type\":\"WebSite\",\"@id\":\"https:\/\/nordicpadel.com\/sv\/#website\",\"url\":\"https:\/\/nordicpadel.com\/sv\/\",\"name\":\"Nordic Padel\",\"description\":\"\",\"publisher\":{\"@id\":\"https:\/\/nordicpadel.com\/sv\/#organization\"},\"potentialAction\":[{\"@type\":\"SearchAction\",\"target\":{\"@type\":\"EntryPoint\",\"urlTemplate\":\"https:\/\/nordicpadel.com\/sv\/?s={search_term_string}\"},\"query-input\":\"required name=search_term_string\"}],\"inLanguage\":\"sv-SE\"},{\"@type\":\"Organization\",\"@id\":\"https:\/\/nordicpadel.com\/sv\/#organization\",\"name\":\"Nordic Padel\",\"url\":\"https:\/\/nordicpadel.com\/sv\/\",\"logo\":{\"@type\":\"ImageObject\",\"inLanguage\":\"sv-SE\",\"@id\":\"https:\/\/nordicpadel.com\/sv\/#\/schema\/logo\/image\/\",\"url\":\"https:\/\/nordicpadel.com\/sv\/wp-content\/uploads\/sites\/10\/2022\/12\/Nordic-Padel-small_1-1.png\",\"contentUrl\":\"https:\/\/nordicpadel.com\/sv\/wp-content\/uploads\/sites\/10\/2022\/12\/Nordic-Padel-small_1-1.png\",\"width\":400,\"height\":119,\"caption\":\"Nordic Padel\"},\"image\":{\"@id\":\"https:\/\/nordicpadel.com\/sv\/#\/schema\/logo\/image\/\"}}]}<\/script>\n<!-- \/ Yoast SEO plugin. -->","yoast_head_json":{"title":"Nike Swoosh Doublewide Wristbands - Nordic Padel","robots":{"index":"index","follow":"follow","max-snippet":"max-snippet:-1","max-image-preview":"max-image-preview:large","max-video-preview":"max-video-preview:-1"},"canonical":"https:\/\/nordicpadel.com\/sv\/product\/nike-swoosh-doublewide-wristbands\/","og_locale":"sv_SE","og_type":"article","og_title":"Nike Swoosh Doublewide Wristbands - Nordic Padel","og_description":"K\u00f6p Breda wristband, de \u00e4r b\u00e5de funktionella f\u00f6r att toka bort svett fr\u00e5n pannan men ocks\u00e5 f\u00f6rhindra att tennisgreppet blir halt. Det finns massor av f\u00e4rger att v\u00e4lja bland. Dessutom kan det vara stilfullt att matcha ihop med resten utav sin tr\u00e4ningsoutfit. Varje f\u00f6rpackning inneh\u00e5ller 2 st wristbands. F\u00e4rg: Gr\u00f6n","og_url":"https:\/\/nordicpadel.com\/sv\/product\/nike-swoosh-doublewide-wristbands\/","og_site_name":"Nordic Padel","article_modified_time":"2026-02-28T22:19:39+00:00","twitter_card":"summary_large_image","schema":{"@context":"https:\/\/schema.org","@graph":[{"@type":"WebPage","@id":"https:\/\/nordicpadel.com\/sv\/product\/nike-swoosh-doublewide-wristbands\/","url":"https:\/\/nordicpadel.com\/sv\/product\/nike-swoosh-doublewide-wristbands\/","name":"Nike Swoosh Doublewide Wristbands - Nordic Padel","isPartOf":{"@id":"https:\/\/nordicpadel.com\/sv\/#website"},"primaryImageOfPage":{"@id":"https:\/\/nordicpadel.com\/sv\/product\/nike-swoosh-doublewide-wristbands\/#primaryimage"},"image":{"@id":"https:\/\/nordicpadel.com\/sv\/product\/nike-swoosh-doublewide-wristbands\/#primaryimage"},"thumbnailUrl":"https:\/\/nordicpadel.com\/sv\/wp-content\/uploads\/sites\/10\/2025\/11\/a895947047cc0330087a085c5b3c9dca.png","datePublished":"2025-11-26T15:52:49+00:00","dateModified":"2026-02-28T22:19:39+00:00","breadcrumb":{"@id":"https:\/\/nordicpadel.com\/sv\/product\/nike-swoosh-doublewide-wristbands\/#breadcrumb"},"inLanguage":"sv-SE","potentialAction":[{"@type":"ReadAction","target":["https:\/\/nordicpadel.com\/sv\/product\/nike-swoosh-doublewide-wristbands\/"]}]},{"@type":"ImageObject","inLanguage":"sv-SE","@id":"https:\/\/nordicpadel.com\/sv\/product\/nike-swoosh-doublewide-wristbands\/#primaryimage","url":"https:\/\/nordicpadel.com\/sv\/wp-content\/uploads\/sites\/10\/2025\/11\/a895947047cc0330087a085c5b3c9dca.png","contentUrl":"https:\/\/nordicpadel.com\/sv\/wp-content\/uploads\/sites\/10\/2025\/11\/a895947047cc0330087a085c5b3c9dca.png","width":800,"height":800,"caption":"Nike Swoosh Doublewide Wristbands"},{"@type":"BreadcrumbList","@id":"https:\/\/nordicpadel.com\/sv\/product\/nike-swoosh-doublewide-wristbands\/#breadcrumb","itemListElement":[{"@type":"ListItem","position":1,"name":"Hem","item":"https:\/\/nordicpadel.com\/sv\/"},{"@type":"ListItem","position":2,"name":"Shop","item":"https:\/\/nordicpadel.com\/sv\/shop\/"},{"@type":"ListItem","position":3,"name":"Nike Swoosh Doublewide Wristbands"}]},{"@type":"WebSite","@id":"https:\/\/nordicpadel.com\/sv\/#website","url":"https:\/\/nordicpadel.com\/sv\/","name":"Nordic Padel","description":"","publisher":{"@id":"https:\/\/nordicpadel.com\/sv\/#organization"},"potentialAction":[{"@type":"SearchAction","target":{"@type":"EntryPoint","urlTemplate":"https:\/\/nordicpadel.com\/sv\/?s={search_term_string}"},"query-input":"required name=search_term_string"}],"inLanguage":"sv-SE"},{"@type":"Organization","@id":"https:\/\/nordicpadel.com\/sv\/#organization","name":"Nordic Padel","url":"https:\/\/nordicpadel.com\/sv\/","logo":{"@type":"ImageObject","inLanguage":"sv-SE","@id":"https:\/\/nordicpadel.com\/sv\/#\/schema\/logo\/image\/","url":"https:\/\/nordicpadel.com\/sv\/wp-content\/uploads\/sites\/10\/2022\/12\/Nordic-Padel-small_1-1.png","contentUrl":"https:\/\/nordicpadel.com\/sv\/wp-content\/uploads\/sites\/10\/2022\/12\/Nordic-Padel-small_1-1.png","width":400,"height":119,"caption":"Nordic Padel"},"image":{"@id":"https:\/\/nordicpadel.com\/sv\/#\/schema\/logo\/image\/"}}]}},"brands":[],"_links":{"self":[{"href":"https:\/\/nordicpadel.com\/sv\/wp-json\/wp\/v2\/product\/86417","targetHints":{"allow":["GET"]}}],"collection":[{"href":"https:\/\/nordicpadel.com\/sv\/wp-json\/wp\/v2\/product"}],"about":[{"href":"https:\/\/nordicpadel.com\/sv\/wp-json\/wp\/v2\/types\/product"}],"replies":[{"embeddable":true,"href":"https:\/\/nordicpadel.com\/sv\/wp-json\/wp\/v2\/comments?post=86417"}],"wp:featuredmedia":[{"embeddable":true,"href":"https:\/\/nordicpadel.com\/sv\/wp-json\/wp\/v2\/media\/86415"}],"wp:attachment":[{"href":"https:\/\/nordicpadel.com\/sv\/wp-json\/wp\/v2\/media?parent=86417"}],"wp:term":[{"taxonomy":"pwb-brand","embeddable":true,"href":"https:\/\/nordicpadel.com\/sv\/wp-json\/wp\/v2\/pwb-brand?post=86417"},{"taxonomy":"product_cat","embeddable":true,"href":"https:\/\/nordicpadel.com\/sv\/wp-json\/wp\/v2\/product_cat?post=86417"},{"taxonomy":"product_tag","embeddable":true,"href":"https:\/\/nordicpadel.com\/sv\/wp-json\/wp\/v2\/product_tag?post=86417"},{"taxonomy":"woo-feed-brand","embeddable":true,"href":"https:\/\/nordicpadel.com\/sv\/wp-json\/wp\/v2\/woo-feed-brand?post=86417"}],"curies":[{"name":"wp","href":"https:\/\/api.w.org\/{rel}","templated":true}]}}