{"id":86289,"date":"2025-11-26T16:48:04","date_gmt":"2025-11-26T15:48:04","guid":{"rendered":"https:\/\/nordicpadel.com\/sv\/product\/babolat-jet-tere-3\/"},"modified":"2026-02-02T22:38:16","modified_gmt":"2026-02-02T21:38:16","slug":"babolat-jet-tere-3","status":"publish","type":"product","link":"https:\/\/nordicpadel.com\/sv\/product\/babolat-jet-tere-3\/","title":{"rendered":"Babolat Jet Tere"},"content":{"rendered":"<p>Jet Tere har snabbt blivit en stors\u00e4ljare. H\u00e4r f\u00e5r du en otroligt l\u00e4tt tennis\/<a href=\"https:\/\/nordicpadel.com\/sv\/product-category\/padelskor\/herr\/\">padelsko<\/a> med riktigt fin smidighet s\u00e5 att ditt fotarbete inte sinkas ner. Skons ovansida \u00e4r tillverkad i ett stycke som aktivt ger st\u00f6d \u00e5t foten samtidigt som det \u00e4r l\u00e4tt och andas bra. Active Flexion-teknologin \u00e4r Babolats patenterade undersula som \u00e4r uppdaterad i 9 delar. Tack vare detta flexar sulan mer och st\u00f6rre del av sulan har kontakt med marken. Ditt f\u00e4ste blir b\u00e4ttre och f\u00f6rflyttningarna snabbare. H\u00e4lpartiet \u00e4r ordentligt d\u00e4mpat tack vare Babolats egenutvecklade KPRS-X d\u00e4mpningssystem. H\u00e5rda st\u00f6tar som uppst\u00e5r under spel minimeras och ger en ut\u00f6kad komfort. Sulan \u00e4r tillverkad av v\u00e5r samarbetspartner Michelin, experter p\u00e5 d\u00e4ck och gummitillverkning, som garanterar en h\u00e5llbar sula med perfekt grepp. Detta \u00e4r \u00e4ven den modell som Juan Lebron har anv\u00e4nt p\u00e5 WPT.<br \/>L\u00e4s g\u00e4rna v\u00e5r <a href=\"https:\/\/nordicpadel.com\/sv\/guide-padelskor\/\">skoguide<\/a> som inneh\u00e5ller tips samt en storleksguide f\u00f6r att hj\u00e4lpa dig hitta r\u00e4tt skor.<\/p>\n","protected":false},"excerpt":{"rendered":"<p>Jet Tere har snabbt blivit en stors\u00e4ljare. H\u00e4r f\u00e5r du en otroligt l\u00e4tt tennis\/padelsko med riktigt fin smidighet s\u00e5 att ditt fotarbete inte sinkas ner. Skons ovansida \u00e4r tillverkad i ett stycke som aktivt ger st\u00f6d \u00e5t foten samtidigt som det \u00e4r l\u00e4tt och andas bra. Active Flexion-teknologin \u00e4r Babolats patenterade undersula som \u00e4r uppdaterad [&hellip;]<\/p>\n","protected":false},"featured_media":86288,"comment_status":"open","ping_status":"closed","template":"","meta":[],"pwb-brand":[],"product_cat":[38],"product_tag":[],"woo-feed-brand":[],"class_list":{"0":"post-86289","1":"product","2":"type-product","3":"status-publish","4":"has-post-thumbnail","6":"product_cat-herr","7":"pa_varumarke-babolat","9":"first","10":"outofstock","11":"sale","12":"taxable","13":"shipping-taxable","14":"purchasable","15":"product-type-variable"},"bundled_by":[],"bundle_stock_status":"outofstock","bundle_stock_quantity":0,"bundle_virtual":false,"bundle_layout":"","bundle_add_to_cart_form_location":"","bundle_editable_in_cart":false,"bundle_sold_individually_context":"","bundle_item_grouping":"","bundle_min_size":"","bundle_max_size":"","bundled_items":[],"bundle_sell_ids":[],"acf":[],"yoast_head":"<!-- This site is optimized with the Yoast SEO plugin v23.1 - https:\/\/yoast.com\/wordpress\/plugins\/seo\/ -->\n<title>Babolat Jet Tere - Nordic Padel<\/title>\n<meta name=\"robots\" content=\"index, follow, max-snippet:-1, max-image-preview:large, max-video-preview:-1\" \/>\n<link rel=\"canonical\" href=\"https:\/\/nordicpadel.com\/sv\/product\/babolat-jet-tere-3\/\" \/>\n<meta property=\"og:locale\" content=\"sv_SE\" \/>\n<meta property=\"og:type\" content=\"article\" \/>\n<meta property=\"og:title\" content=\"Babolat Jet Tere - Nordic Padel\" \/>\n<meta property=\"og:description\" content=\"Jet Tere har snabbt blivit en stors\u00e4ljare. H\u00e4r f\u00e5r du en otroligt l\u00e4tt tennis\/padelsko med riktigt fin smidighet s\u00e5 att ditt fotarbete inte sinkas ner. Skons ovansida \u00e4r tillverkad i ett stycke som aktivt ger st\u00f6d \u00e5t foten samtidigt som det \u00e4r l\u00e4tt och andas bra. Active Flexion-teknologin \u00e4r Babolats patenterade undersula som \u00e4r uppdaterad [&hellip;]\" \/>\n<meta property=\"og:url\" content=\"https:\/\/nordicpadel.com\/sv\/product\/babolat-jet-tere-3\/\" \/>\n<meta property=\"og:site_name\" content=\"Nordic Padel\" \/>\n<meta property=\"article:modified_time\" content=\"2026-02-02T21:38:16+00:00\" \/>\n<meta property=\"og:image\" content=\"https:\/\/nordicpadel.com\/sv\/wp-content\/uploads\/sites\/10\/2025\/11\/0a42c64d9e299da99e18fcd6a88d1432.png\" \/>\n\t<meta property=\"og:image:width\" content=\"800\" \/>\n\t<meta property=\"og:image:height\" content=\"800\" \/>\n\t<meta property=\"og:image:type\" content=\"image\/png\" \/>\n<meta name=\"twitter:card\" content=\"summary_large_image\" \/>\n<meta name=\"twitter:label1\" content=\"Ber\u00e4knad l\u00e4stid\" \/>\n\t<meta name=\"twitter:data1\" content=\"1 minut\" \/>\n<script type=\"application\/ld+json\" class=\"yoast-schema-graph\">{\"@context\":\"https:\/\/schema.org\",\"@graph\":[{\"@type\":\"WebPage\",\"@id\":\"https:\/\/nordicpadel.com\/sv\/product\/babolat-jet-tere-3\/\",\"url\":\"https:\/\/nordicpadel.com\/sv\/product\/babolat-jet-tere-3\/\",\"name\":\"Babolat Jet Tere - Nordic Padel\",\"isPartOf\":{\"@id\":\"https:\/\/nordicpadel.com\/sv\/#website\"},\"primaryImageOfPage\":{\"@id\":\"https:\/\/nordicpadel.com\/sv\/product\/babolat-jet-tere-3\/#primaryimage\"},\"image\":{\"@id\":\"https:\/\/nordicpadel.com\/sv\/product\/babolat-jet-tere-3\/#primaryimage\"},\"thumbnailUrl\":\"https:\/\/nordicpadel.com\/sv\/wp-content\/uploads\/sites\/10\/2025\/11\/0a42c64d9e299da99e18fcd6a88d1432.png\",\"datePublished\":\"2025-11-26T15:48:04+00:00\",\"dateModified\":\"2026-02-02T21:38:16+00:00\",\"breadcrumb\":{\"@id\":\"https:\/\/nordicpadel.com\/sv\/product\/babolat-jet-tere-3\/#breadcrumb\"},\"inLanguage\":\"sv-SE\",\"potentialAction\":[{\"@type\":\"ReadAction\",\"target\":[\"https:\/\/nordicpadel.com\/sv\/product\/babolat-jet-tere-3\/\"]}]},{\"@type\":\"ImageObject\",\"inLanguage\":\"sv-SE\",\"@id\":\"https:\/\/nordicpadel.com\/sv\/product\/babolat-jet-tere-3\/#primaryimage\",\"url\":\"https:\/\/nordicpadel.com\/sv\/wp-content\/uploads\/sites\/10\/2025\/11\/0a42c64d9e299da99e18fcd6a88d1432.png\",\"contentUrl\":\"https:\/\/nordicpadel.com\/sv\/wp-content\/uploads\/sites\/10\/2025\/11\/0a42c64d9e299da99e18fcd6a88d1432.png\",\"width\":800,\"height\":800,\"caption\":\"Babolat Jet Tere\"},{\"@type\":\"BreadcrumbList\",\"@id\":\"https:\/\/nordicpadel.com\/sv\/product\/babolat-jet-tere-3\/#breadcrumb\",\"itemListElement\":[{\"@type\":\"ListItem\",\"position\":1,\"name\":\"Hem\",\"item\":\"https:\/\/nordicpadel.com\/sv\/\"},{\"@type\":\"ListItem\",\"position\":2,\"name\":\"Shop\",\"item\":\"https:\/\/nordicpadel.com\/sv\/shop\/\"},{\"@type\":\"ListItem\",\"position\":3,\"name\":\"Babolat Jet Tere\"}]},{\"@type\":\"WebSite\",\"@id\":\"https:\/\/nordicpadel.com\/sv\/#website\",\"url\":\"https:\/\/nordicpadel.com\/sv\/\",\"name\":\"Nordic Padel\",\"description\":\"\",\"publisher\":{\"@id\":\"https:\/\/nordicpadel.com\/sv\/#organization\"},\"potentialAction\":[{\"@type\":\"SearchAction\",\"target\":{\"@type\":\"EntryPoint\",\"urlTemplate\":\"https:\/\/nordicpadel.com\/sv\/?s={search_term_string}\"},\"query-input\":\"required name=search_term_string\"}],\"inLanguage\":\"sv-SE\"},{\"@type\":\"Organization\",\"@id\":\"https:\/\/nordicpadel.com\/sv\/#organization\",\"name\":\"Nordic Padel\",\"url\":\"https:\/\/nordicpadel.com\/sv\/\",\"logo\":{\"@type\":\"ImageObject\",\"inLanguage\":\"sv-SE\",\"@id\":\"https:\/\/nordicpadel.com\/sv\/#\/schema\/logo\/image\/\",\"url\":\"https:\/\/nordicpadel.com\/sv\/wp-content\/uploads\/sites\/10\/2022\/12\/Nordic-Padel-small_1-1.png\",\"contentUrl\":\"https:\/\/nordicpadel.com\/sv\/wp-content\/uploads\/sites\/10\/2022\/12\/Nordic-Padel-small_1-1.png\",\"width\":400,\"height\":119,\"caption\":\"Nordic Padel\"},\"image\":{\"@id\":\"https:\/\/nordicpadel.com\/sv\/#\/schema\/logo\/image\/\"}}]}<\/script>\n<!-- \/ Yoast SEO plugin. -->","yoast_head_json":{"title":"Babolat Jet Tere - Nordic Padel","robots":{"index":"index","follow":"follow","max-snippet":"max-snippet:-1","max-image-preview":"max-image-preview:large","max-video-preview":"max-video-preview:-1"},"canonical":"https:\/\/nordicpadel.com\/sv\/product\/babolat-jet-tere-3\/","og_locale":"sv_SE","og_type":"article","og_title":"Babolat Jet Tere - Nordic Padel","og_description":"Jet Tere har snabbt blivit en stors\u00e4ljare. H\u00e4r f\u00e5r du en otroligt l\u00e4tt tennis\/padelsko med riktigt fin smidighet s\u00e5 att ditt fotarbete inte sinkas ner. Skons ovansida \u00e4r tillverkad i ett stycke som aktivt ger st\u00f6d \u00e5t foten samtidigt som det \u00e4r l\u00e4tt och andas bra. Active Flexion-teknologin \u00e4r Babolats patenterade undersula som \u00e4r uppdaterad [&hellip;]","og_url":"https:\/\/nordicpadel.com\/sv\/product\/babolat-jet-tere-3\/","og_site_name":"Nordic Padel","article_modified_time":"2026-02-02T21:38:16+00:00","og_image":[{"width":800,"height":800,"url":"https:\/\/nordicpadel.com\/sv\/wp-content\/uploads\/sites\/10\/2025\/11\/0a42c64d9e299da99e18fcd6a88d1432.png","type":"image\/png"}],"twitter_card":"summary_large_image","twitter_misc":{"Ber\u00e4knad l\u00e4stid":"1 minut"},"schema":{"@context":"https:\/\/schema.org","@graph":[{"@type":"WebPage","@id":"https:\/\/nordicpadel.com\/sv\/product\/babolat-jet-tere-3\/","url":"https:\/\/nordicpadel.com\/sv\/product\/babolat-jet-tere-3\/","name":"Babolat Jet Tere - Nordic Padel","isPartOf":{"@id":"https:\/\/nordicpadel.com\/sv\/#website"},"primaryImageOfPage":{"@id":"https:\/\/nordicpadel.com\/sv\/product\/babolat-jet-tere-3\/#primaryimage"},"image":{"@id":"https:\/\/nordicpadel.com\/sv\/product\/babolat-jet-tere-3\/#primaryimage"},"thumbnailUrl":"https:\/\/nordicpadel.com\/sv\/wp-content\/uploads\/sites\/10\/2025\/11\/0a42c64d9e299da99e18fcd6a88d1432.png","datePublished":"2025-11-26T15:48:04+00:00","dateModified":"2026-02-02T21:38:16+00:00","breadcrumb":{"@id":"https:\/\/nordicpadel.com\/sv\/product\/babolat-jet-tere-3\/#breadcrumb"},"inLanguage":"sv-SE","potentialAction":[{"@type":"ReadAction","target":["https:\/\/nordicpadel.com\/sv\/product\/babolat-jet-tere-3\/"]}]},{"@type":"ImageObject","inLanguage":"sv-SE","@id":"https:\/\/nordicpadel.com\/sv\/product\/babolat-jet-tere-3\/#primaryimage","url":"https:\/\/nordicpadel.com\/sv\/wp-content\/uploads\/sites\/10\/2025\/11\/0a42c64d9e299da99e18fcd6a88d1432.png","contentUrl":"https:\/\/nordicpadel.com\/sv\/wp-content\/uploads\/sites\/10\/2025\/11\/0a42c64d9e299da99e18fcd6a88d1432.png","width":800,"height":800,"caption":"Babolat Jet Tere"},{"@type":"BreadcrumbList","@id":"https:\/\/nordicpadel.com\/sv\/product\/babolat-jet-tere-3\/#breadcrumb","itemListElement":[{"@type":"ListItem","position":1,"name":"Hem","item":"https:\/\/nordicpadel.com\/sv\/"},{"@type":"ListItem","position":2,"name":"Shop","item":"https:\/\/nordicpadel.com\/sv\/shop\/"},{"@type":"ListItem","position":3,"name":"Babolat Jet Tere"}]},{"@type":"WebSite","@id":"https:\/\/nordicpadel.com\/sv\/#website","url":"https:\/\/nordicpadel.com\/sv\/","name":"Nordic Padel","description":"","publisher":{"@id":"https:\/\/nordicpadel.com\/sv\/#organization"},"potentialAction":[{"@type":"SearchAction","target":{"@type":"EntryPoint","urlTemplate":"https:\/\/nordicpadel.com\/sv\/?s={search_term_string}"},"query-input":"required name=search_term_string"}],"inLanguage":"sv-SE"},{"@type":"Organization","@id":"https:\/\/nordicpadel.com\/sv\/#organization","name":"Nordic Padel","url":"https:\/\/nordicpadel.com\/sv\/","logo":{"@type":"ImageObject","inLanguage":"sv-SE","@id":"https:\/\/nordicpadel.com\/sv\/#\/schema\/logo\/image\/","url":"https:\/\/nordicpadel.com\/sv\/wp-content\/uploads\/sites\/10\/2022\/12\/Nordic-Padel-small_1-1.png","contentUrl":"https:\/\/nordicpadel.com\/sv\/wp-content\/uploads\/sites\/10\/2022\/12\/Nordic-Padel-small_1-1.png","width":400,"height":119,"caption":"Nordic Padel"},"image":{"@id":"https:\/\/nordicpadel.com\/sv\/#\/schema\/logo\/image\/"}}]}},"brands":[],"_links":{"self":[{"href":"https:\/\/nordicpadel.com\/sv\/wp-json\/wp\/v2\/product\/86289","targetHints":{"allow":["GET"]}}],"collection":[{"href":"https:\/\/nordicpadel.com\/sv\/wp-json\/wp\/v2\/product"}],"about":[{"href":"https:\/\/nordicpadel.com\/sv\/wp-json\/wp\/v2\/types\/product"}],"replies":[{"embeddable":true,"href":"https:\/\/nordicpadel.com\/sv\/wp-json\/wp\/v2\/comments?post=86289"}],"wp:featuredmedia":[{"embeddable":true,"href":"https:\/\/nordicpadel.com\/sv\/wp-json\/wp\/v2\/media\/86288"}],"wp:attachment":[{"href":"https:\/\/nordicpadel.com\/sv\/wp-json\/wp\/v2\/media?parent=86289"}],"wp:term":[{"taxonomy":"pwb-brand","embeddable":true,"href":"https:\/\/nordicpadel.com\/sv\/wp-json\/wp\/v2\/pwb-brand?post=86289"},{"taxonomy":"product_cat","embeddable":true,"href":"https:\/\/nordicpadel.com\/sv\/wp-json\/wp\/v2\/product_cat?post=86289"},{"taxonomy":"product_tag","embeddable":true,"href":"https:\/\/nordicpadel.com\/sv\/wp-json\/wp\/v2\/product_tag?post=86289"},{"taxonomy":"woo-feed-brand","embeddable":true,"href":"https:\/\/nordicpadel.com\/sv\/wp-json\/wp\/v2\/woo-feed-brand?post=86289"}],"curies":[{"name":"wp","href":"https:\/\/api.w.org\/{rel}","templated":true}]}}