{"id":86266,"date":"2025-11-26T16:47:29","date_gmt":"2025-11-26T15:47:29","guid":{"rendered":"https:\/\/nordicpadel.com\/sv\/product\/adidas-adipower-ctrl-lite-3-1\/"},"modified":"2025-11-27T16:36:53","modified_gmt":"2025-11-27T15:36:53","slug":"adidas-adipower-ctrl-lite-3-1","status":"publish","type":"product","link":"https:\/\/nordicpadel.com\/sv\/product\/adidas-adipower-ctrl-lite-3-1\/","title":{"rendered":"Adidas adipower CTRL Lite 3.1"},"content":{"rendered":"<p>Nya Adidas Adipower Ctrl Lite 3.1 \u00e4r en mer l\u00e4ttspelad version av det st\u00f6rre syskonet Adipower Ctrl 3.1. <a href=\"https:\/\/nordicpadel.com\/sv\/product-category\/padelracket\/\">padelracket<\/a> har en rund form med en medelbalans, men till skillnad fr\u00e5n Adipower Ctrl 3.1 \u00e4r tr\u00e4ffytan tillverkad i glasfiber och k\u00e4rnan \u00e4r \u00e4ven n\u00e5got mjukare. Detta g\u00f6r att racket blir mer skonsamt och inte upplevs lika styvt. S\u00e5ledes blir det enklare padelspelare att f\u00e5 ut fart fr\u00e5n racket samtidigt som det g\u00f6r att racket f\u00e5r en n\u00e5got st\u00f6rre sweet spot. Dessutom \u00e4r tr\u00e4ffytan str\u00e4v och kan liknas vid sandpapper, n\u00e5got som m\u00e5nga uppskattar d\u00e5 en ytskiktet ger mer spinn i bollen.<\/p>\n<p>Vidare \u00e4r racket \u00e4r uppbyggt p\u00e5 samma ram som Adidas Adipower Ctrl 3.1 d\u00e4r den p\u00e5kostade teknologin Dual eXoskeleton \u00e4r applicerad, vilket \u00e4r en speciell utformning av ramen l\u00e4ngst rackethalsen vilket bidrar till en snabbare sving<\/p>\n","protected":false},"excerpt":{"rendered":"<p>Nya Adidas Adipower Ctrl Lite 3.1 \u00e4r en mer l\u00e4ttspelad version av det st\u00f6rre syskonet Adipower Ctrl 3.1. padelracket har en rund form med en medelbalans, men till skillnad fr\u00e5n Adipower Ctrl 3.1 \u00e4r tr\u00e4ffytan tillverkad i glasfiber och k\u00e4rnan \u00e4r \u00e4ven n\u00e5got mjukare. Detta g\u00f6r att racket blir mer skonsamt och inte upplevs lika [&hellip;]<\/p>\n","protected":false},"featured_media":86264,"comment_status":"open","ping_status":"closed","template":"","meta":[],"pwb-brand":[],"product_cat":[16],"product_tag":[],"woo-feed-brand":[],"class_list":{"0":"post-86266","1":"product","2":"type-product","3":"status-publish","4":"has-post-thumbnail","6":"product_cat-padelracket","7":"pa_varumarke-adidas","9":"first","10":"outofstock","11":"sale","12":"taxable","13":"shipping-taxable","14":"purchasable","15":"product-type-simple"},"bundled_by":[],"bundle_stock_status":"outofstock","bundle_stock_quantity":0,"bundle_virtual":false,"bundle_layout":"","bundle_add_to_cart_form_location":"","bundle_editable_in_cart":false,"bundle_sold_individually_context":"","bundle_item_grouping":"","bundle_min_size":"","bundle_max_size":"","bundled_items":[],"bundle_sell_ids":[],"acf":[],"yoast_head":"<!-- This site is optimized with the Yoast SEO plugin v23.1 - https:\/\/yoast.com\/wordpress\/plugins\/seo\/ -->\n<title>Adidas adipower CTRL Lite 3.1 - Nordic Padel<\/title>\n<meta name=\"robots\" content=\"index, follow, max-snippet:-1, max-image-preview:large, max-video-preview:-1\" \/>\n<link rel=\"canonical\" href=\"https:\/\/nordicpadel.com\/sv\/product\/adidas-adipower-ctrl-lite-3-1\/\" \/>\n<meta property=\"og:locale\" content=\"sv_SE\" \/>\n<meta property=\"og:type\" content=\"article\" \/>\n<meta property=\"og:title\" content=\"Adidas adipower CTRL Lite 3.1 - Nordic Padel\" \/>\n<meta property=\"og:description\" content=\"Nya Adidas Adipower Ctrl Lite 3.1 \u00e4r en mer l\u00e4ttspelad version av det st\u00f6rre syskonet Adipower Ctrl 3.1. padelracket har en rund form med en medelbalans, men till skillnad fr\u00e5n Adipower Ctrl 3.1 \u00e4r tr\u00e4ffytan tillverkad i glasfiber och k\u00e4rnan \u00e4r \u00e4ven n\u00e5got mjukare. Detta g\u00f6r att racket blir mer skonsamt och inte upplevs lika [&hellip;]\" \/>\n<meta property=\"og:url\" content=\"https:\/\/nordicpadel.com\/sv\/product\/adidas-adipower-ctrl-lite-3-1\/\" \/>\n<meta property=\"og:site_name\" content=\"Nordic Padel\" \/>\n<meta property=\"article:modified_time\" content=\"2025-11-27T15:36:53+00:00\" \/>\n<meta property=\"og:image\" content=\"https:\/\/nordicpadel.com\/sv\/wp-content\/uploads\/sites\/10\/2025\/11\/356b6e260ea7304cb8dcd7c286b5f695.png\" \/>\n\t<meta property=\"og:image:width\" content=\"800\" \/>\n\t<meta property=\"og:image:height\" content=\"800\" \/>\n\t<meta property=\"og:image:type\" content=\"image\/png\" \/>\n<meta name=\"twitter:card\" content=\"summary_large_image\" \/>\n<meta name=\"twitter:label1\" content=\"Ber\u00e4knad l\u00e4stid\" \/>\n\t<meta name=\"twitter:data1\" content=\"1 minut\" \/>\n<script type=\"application\/ld+json\" class=\"yoast-schema-graph\">{\"@context\":\"https:\/\/schema.org\",\"@graph\":[{\"@type\":\"WebPage\",\"@id\":\"https:\/\/nordicpadel.com\/sv\/product\/adidas-adipower-ctrl-lite-3-1\/\",\"url\":\"https:\/\/nordicpadel.com\/sv\/product\/adidas-adipower-ctrl-lite-3-1\/\",\"name\":\"Adidas adipower CTRL Lite 3.1 - Nordic Padel\",\"isPartOf\":{\"@id\":\"https:\/\/nordicpadel.com\/sv\/#website\"},\"primaryImageOfPage\":{\"@id\":\"https:\/\/nordicpadel.com\/sv\/product\/adidas-adipower-ctrl-lite-3-1\/#primaryimage\"},\"image\":{\"@id\":\"https:\/\/nordicpadel.com\/sv\/product\/adidas-adipower-ctrl-lite-3-1\/#primaryimage\"},\"thumbnailUrl\":\"https:\/\/nordicpadel.com\/sv\/wp-content\/uploads\/sites\/10\/2025\/11\/356b6e260ea7304cb8dcd7c286b5f695.png\",\"datePublished\":\"2025-11-26T15:47:29+00:00\",\"dateModified\":\"2025-11-27T15:36:53+00:00\",\"breadcrumb\":{\"@id\":\"https:\/\/nordicpadel.com\/sv\/product\/adidas-adipower-ctrl-lite-3-1\/#breadcrumb\"},\"inLanguage\":\"sv-SE\",\"potentialAction\":[{\"@type\":\"ReadAction\",\"target\":[\"https:\/\/nordicpadel.com\/sv\/product\/adidas-adipower-ctrl-lite-3-1\/\"]}]},{\"@type\":\"ImageObject\",\"inLanguage\":\"sv-SE\",\"@id\":\"https:\/\/nordicpadel.com\/sv\/product\/adidas-adipower-ctrl-lite-3-1\/#primaryimage\",\"url\":\"https:\/\/nordicpadel.com\/sv\/wp-content\/uploads\/sites\/10\/2025\/11\/356b6e260ea7304cb8dcd7c286b5f695.png\",\"contentUrl\":\"https:\/\/nordicpadel.com\/sv\/wp-content\/uploads\/sites\/10\/2025\/11\/356b6e260ea7304cb8dcd7c286b5f695.png\",\"width\":800,\"height\":800,\"caption\":\"Adidas adipower CTRL Lite 3.1\"},{\"@type\":\"BreadcrumbList\",\"@id\":\"https:\/\/nordicpadel.com\/sv\/product\/adidas-adipower-ctrl-lite-3-1\/#breadcrumb\",\"itemListElement\":[{\"@type\":\"ListItem\",\"position\":1,\"name\":\"Hem\",\"item\":\"https:\/\/nordicpadel.com\/sv\/\"},{\"@type\":\"ListItem\",\"position\":2,\"name\":\"Shop\",\"item\":\"https:\/\/nordicpadel.com\/sv\/shop\/\"},{\"@type\":\"ListItem\",\"position\":3,\"name\":\"Adidas adipower CTRL Lite 3.1\"}]},{\"@type\":\"WebSite\",\"@id\":\"https:\/\/nordicpadel.com\/sv\/#website\",\"url\":\"https:\/\/nordicpadel.com\/sv\/\",\"name\":\"Nordic Padel\",\"description\":\"\",\"publisher\":{\"@id\":\"https:\/\/nordicpadel.com\/sv\/#organization\"},\"potentialAction\":[{\"@type\":\"SearchAction\",\"target\":{\"@type\":\"EntryPoint\",\"urlTemplate\":\"https:\/\/nordicpadel.com\/sv\/?s={search_term_string}\"},\"query-input\":\"required name=search_term_string\"}],\"inLanguage\":\"sv-SE\"},{\"@type\":\"Organization\",\"@id\":\"https:\/\/nordicpadel.com\/sv\/#organization\",\"name\":\"Nordic Padel\",\"url\":\"https:\/\/nordicpadel.com\/sv\/\",\"logo\":{\"@type\":\"ImageObject\",\"inLanguage\":\"sv-SE\",\"@id\":\"https:\/\/nordicpadel.com\/sv\/#\/schema\/logo\/image\/\",\"url\":\"https:\/\/nordicpadel.com\/sv\/wp-content\/uploads\/sites\/10\/2022\/12\/Nordic-Padel-small_1-1.png\",\"contentUrl\":\"https:\/\/nordicpadel.com\/sv\/wp-content\/uploads\/sites\/10\/2022\/12\/Nordic-Padel-small_1-1.png\",\"width\":400,\"height\":119,\"caption\":\"Nordic Padel\"},\"image\":{\"@id\":\"https:\/\/nordicpadel.com\/sv\/#\/schema\/logo\/image\/\"}}]}<\/script>\n<!-- \/ Yoast SEO plugin. -->","yoast_head_json":{"title":"Adidas adipower CTRL Lite 3.1 - Nordic Padel","robots":{"index":"index","follow":"follow","max-snippet":"max-snippet:-1","max-image-preview":"max-image-preview:large","max-video-preview":"max-video-preview:-1"},"canonical":"https:\/\/nordicpadel.com\/sv\/product\/adidas-adipower-ctrl-lite-3-1\/","og_locale":"sv_SE","og_type":"article","og_title":"Adidas adipower CTRL Lite 3.1 - Nordic Padel","og_description":"Nya Adidas Adipower Ctrl Lite 3.1 \u00e4r en mer l\u00e4ttspelad version av det st\u00f6rre syskonet Adipower Ctrl 3.1. padelracket har en rund form med en medelbalans, men till skillnad fr\u00e5n Adipower Ctrl 3.1 \u00e4r tr\u00e4ffytan tillverkad i glasfiber och k\u00e4rnan \u00e4r \u00e4ven n\u00e5got mjukare. Detta g\u00f6r att racket blir mer skonsamt och inte upplevs lika [&hellip;]","og_url":"https:\/\/nordicpadel.com\/sv\/product\/adidas-adipower-ctrl-lite-3-1\/","og_site_name":"Nordic Padel","article_modified_time":"2025-11-27T15:36:53+00:00","og_image":[{"width":800,"height":800,"url":"https:\/\/nordicpadel.com\/sv\/wp-content\/uploads\/sites\/10\/2025\/11\/356b6e260ea7304cb8dcd7c286b5f695.png","type":"image\/png"}],"twitter_card":"summary_large_image","twitter_misc":{"Ber\u00e4knad l\u00e4stid":"1 minut"},"schema":{"@context":"https:\/\/schema.org","@graph":[{"@type":"WebPage","@id":"https:\/\/nordicpadel.com\/sv\/product\/adidas-adipower-ctrl-lite-3-1\/","url":"https:\/\/nordicpadel.com\/sv\/product\/adidas-adipower-ctrl-lite-3-1\/","name":"Adidas adipower CTRL Lite 3.1 - Nordic Padel","isPartOf":{"@id":"https:\/\/nordicpadel.com\/sv\/#website"},"primaryImageOfPage":{"@id":"https:\/\/nordicpadel.com\/sv\/product\/adidas-adipower-ctrl-lite-3-1\/#primaryimage"},"image":{"@id":"https:\/\/nordicpadel.com\/sv\/product\/adidas-adipower-ctrl-lite-3-1\/#primaryimage"},"thumbnailUrl":"https:\/\/nordicpadel.com\/sv\/wp-content\/uploads\/sites\/10\/2025\/11\/356b6e260ea7304cb8dcd7c286b5f695.png","datePublished":"2025-11-26T15:47:29+00:00","dateModified":"2025-11-27T15:36:53+00:00","breadcrumb":{"@id":"https:\/\/nordicpadel.com\/sv\/product\/adidas-adipower-ctrl-lite-3-1\/#breadcrumb"},"inLanguage":"sv-SE","potentialAction":[{"@type":"ReadAction","target":["https:\/\/nordicpadel.com\/sv\/product\/adidas-adipower-ctrl-lite-3-1\/"]}]},{"@type":"ImageObject","inLanguage":"sv-SE","@id":"https:\/\/nordicpadel.com\/sv\/product\/adidas-adipower-ctrl-lite-3-1\/#primaryimage","url":"https:\/\/nordicpadel.com\/sv\/wp-content\/uploads\/sites\/10\/2025\/11\/356b6e260ea7304cb8dcd7c286b5f695.png","contentUrl":"https:\/\/nordicpadel.com\/sv\/wp-content\/uploads\/sites\/10\/2025\/11\/356b6e260ea7304cb8dcd7c286b5f695.png","width":800,"height":800,"caption":"Adidas adipower CTRL Lite 3.1"},{"@type":"BreadcrumbList","@id":"https:\/\/nordicpadel.com\/sv\/product\/adidas-adipower-ctrl-lite-3-1\/#breadcrumb","itemListElement":[{"@type":"ListItem","position":1,"name":"Hem","item":"https:\/\/nordicpadel.com\/sv\/"},{"@type":"ListItem","position":2,"name":"Shop","item":"https:\/\/nordicpadel.com\/sv\/shop\/"},{"@type":"ListItem","position":3,"name":"Adidas adipower CTRL Lite 3.1"}]},{"@type":"WebSite","@id":"https:\/\/nordicpadel.com\/sv\/#website","url":"https:\/\/nordicpadel.com\/sv\/","name":"Nordic Padel","description":"","publisher":{"@id":"https:\/\/nordicpadel.com\/sv\/#organization"},"potentialAction":[{"@type":"SearchAction","target":{"@type":"EntryPoint","urlTemplate":"https:\/\/nordicpadel.com\/sv\/?s={search_term_string}"},"query-input":"required name=search_term_string"}],"inLanguage":"sv-SE"},{"@type":"Organization","@id":"https:\/\/nordicpadel.com\/sv\/#organization","name":"Nordic Padel","url":"https:\/\/nordicpadel.com\/sv\/","logo":{"@type":"ImageObject","inLanguage":"sv-SE","@id":"https:\/\/nordicpadel.com\/sv\/#\/schema\/logo\/image\/","url":"https:\/\/nordicpadel.com\/sv\/wp-content\/uploads\/sites\/10\/2022\/12\/Nordic-Padel-small_1-1.png","contentUrl":"https:\/\/nordicpadel.com\/sv\/wp-content\/uploads\/sites\/10\/2022\/12\/Nordic-Padel-small_1-1.png","width":400,"height":119,"caption":"Nordic Padel"},"image":{"@id":"https:\/\/nordicpadel.com\/sv\/#\/schema\/logo\/image\/"}}]}},"brands":[],"_links":{"self":[{"href":"https:\/\/nordicpadel.com\/sv\/wp-json\/wp\/v2\/product\/86266","targetHints":{"allow":["GET"]}}],"collection":[{"href":"https:\/\/nordicpadel.com\/sv\/wp-json\/wp\/v2\/product"}],"about":[{"href":"https:\/\/nordicpadel.com\/sv\/wp-json\/wp\/v2\/types\/product"}],"replies":[{"embeddable":true,"href":"https:\/\/nordicpadel.com\/sv\/wp-json\/wp\/v2\/comments?post=86266"}],"wp:featuredmedia":[{"embeddable":true,"href":"https:\/\/nordicpadel.com\/sv\/wp-json\/wp\/v2\/media\/86264"}],"wp:attachment":[{"href":"https:\/\/nordicpadel.com\/sv\/wp-json\/wp\/v2\/media?parent=86266"}],"wp:term":[{"taxonomy":"pwb-brand","embeddable":true,"href":"https:\/\/nordicpadel.com\/sv\/wp-json\/wp\/v2\/pwb-brand?post=86266"},{"taxonomy":"product_cat","embeddable":true,"href":"https:\/\/nordicpadel.com\/sv\/wp-json\/wp\/v2\/product_cat?post=86266"},{"taxonomy":"product_tag","embeddable":true,"href":"https:\/\/nordicpadel.com\/sv\/wp-json\/wp\/v2\/product_tag?post=86266"},{"taxonomy":"woo-feed-brand","embeddable":true,"href":"https:\/\/nordicpadel.com\/sv\/wp-json\/wp\/v2\/woo-feed-brand?post=86266"}],"curies":[{"name":"wp","href":"https:\/\/api.w.org\/{rel}","templated":true}]}}