{"id":86197,"date":"2025-11-26T16:45:33","date_gmt":"2025-11-26T15:45:33","guid":{"rendered":"https:\/\/nordicpadel.com\/sv\/product\/fila-baseball-cap\/"},"modified":"2026-02-28T23:20:47","modified_gmt":"2026-02-28T22:20:47","slug":"fila-baseball-cap","status":"publish","type":"product","link":"https:\/\/nordicpadel.com\/sv\/product\/fila-baseball-cap\/","title":{"rendered":"FILA Baseball Cap"},"content":{"rendered":"<p>K\u00f6p klassisk en vit tenniskeps ifr\u00e5n FILA. S\u00f6ker du en klassisk tennislook? D\u00e5 har du hittat r\u00e4tt med en keps ifr\u00e5n Fila. Kombinera g\u00e4rna ihop med v\u00e5rt noga utvalda sortiment utav tenniskl\u00e4der ifr\u00e5n Fila. Kepsen skyddar mot sol, fukt som rinner ned i ansiktet, men h\u00e5ller \u00e4ven borta h\u00e5ret n\u00e4r du skall fokusera p\u00e5 bollen. F\u00e4rg: Vit Material: 100% Bomull<\/p>\n","protected":false},"excerpt":{"rendered":"<p>K\u00f6p klassisk en vit tenniskeps ifr\u00e5n FILA. S\u00f6ker du en klassisk tennislook? D\u00e5 har du hittat r\u00e4tt med en keps ifr\u00e5n Fila. Kombinera g\u00e4rna ihop med v\u00e5rt noga utvalda sortiment utav tenniskl\u00e4der ifr\u00e5n Fila. Kepsen skyddar mot sol, fukt som rinner ned i ansiktet, men h\u00e5ller \u00e4ven borta h\u00e5ret n\u00e4r du skall fokusera p\u00e5 bollen. [&hellip;]<\/p>\n","protected":false},"featured_media":86196,"comment_status":"open","ping_status":"closed","template":"","meta":[],"pwb-brand":[],"product_cat":[473],"product_tag":[],"woo-feed-brand":[],"class_list":{"0":"post-86197","1":"product","2":"type-product","3":"status-publish","4":"has-post-thumbnail","6":"product_cat-fila","7":"pa_varumarke-fila","9":"first","10":"outofstock","11":"taxable","12":"shipping-taxable","13":"purchasable","14":"product-type-simple"},"bundled_by":[],"bundle_stock_status":"outofstock","bundle_stock_quantity":0,"bundle_virtual":false,"bundle_layout":"","bundle_add_to_cart_form_location":"","bundle_editable_in_cart":false,"bundle_sold_individually_context":"","bundle_item_grouping":"","bundle_min_size":"","bundle_max_size":"","bundled_items":[],"bundle_sell_ids":[],"acf":[],"yoast_head":"<!-- This site is optimized with the Yoast SEO plugin v23.1 - https:\/\/yoast.com\/wordpress\/plugins\/seo\/ -->\n<title>FILA Baseball Cap - Nordic Padel<\/title>\n<meta name=\"robots\" content=\"index, follow, max-snippet:-1, max-image-preview:large, max-video-preview:-1\" \/>\n<link rel=\"canonical\" href=\"https:\/\/nordicpadel.com\/sv\/product\/fila-baseball-cap\/\" \/>\n<meta property=\"og:locale\" content=\"sv_SE\" \/>\n<meta property=\"og:type\" content=\"article\" \/>\n<meta property=\"og:title\" content=\"FILA Baseball Cap - Nordic Padel\" \/>\n<meta property=\"og:description\" content=\"K\u00f6p klassisk en vit tenniskeps ifr\u00e5n FILA. S\u00f6ker du en klassisk tennislook? D\u00e5 har du hittat r\u00e4tt med en keps ifr\u00e5n Fila. Kombinera g\u00e4rna ihop med v\u00e5rt noga utvalda sortiment utav tenniskl\u00e4der ifr\u00e5n Fila. Kepsen skyddar mot sol, fukt som rinner ned i ansiktet, men h\u00e5ller \u00e4ven borta h\u00e5ret n\u00e4r du skall fokusera p\u00e5 bollen. [&hellip;]\" \/>\n<meta property=\"og:url\" content=\"https:\/\/nordicpadel.com\/sv\/product\/fila-baseball-cap\/\" \/>\n<meta property=\"og:site_name\" content=\"Nordic Padel\" \/>\n<meta property=\"article:modified_time\" content=\"2026-02-28T22:20:47+00:00\" \/>\n<meta name=\"twitter:card\" content=\"summary_large_image\" \/>\n<script type=\"application\/ld+json\" class=\"yoast-schema-graph\">{\"@context\":\"https:\/\/schema.org\",\"@graph\":[{\"@type\":\"WebPage\",\"@id\":\"https:\/\/nordicpadel.com\/sv\/product\/fila-baseball-cap\/\",\"url\":\"https:\/\/nordicpadel.com\/sv\/product\/fila-baseball-cap\/\",\"name\":\"FILA Baseball Cap - Nordic Padel\",\"isPartOf\":{\"@id\":\"https:\/\/nordicpadel.com\/sv\/#website\"},\"primaryImageOfPage\":{\"@id\":\"https:\/\/nordicpadel.com\/sv\/product\/fila-baseball-cap\/#primaryimage\"},\"image\":{\"@id\":\"https:\/\/nordicpadel.com\/sv\/product\/fila-baseball-cap\/#primaryimage\"},\"thumbnailUrl\":\"https:\/\/nordicpadel.com\/sv\/wp-content\/uploads\/sites\/10\/2025\/11\/b80aa9e6b5d1570abc012b13853e7832.png\",\"datePublished\":\"2025-11-26T15:45:33+00:00\",\"dateModified\":\"2026-02-28T22:20:47+00:00\",\"breadcrumb\":{\"@id\":\"https:\/\/nordicpadel.com\/sv\/product\/fila-baseball-cap\/#breadcrumb\"},\"inLanguage\":\"sv-SE\",\"potentialAction\":[{\"@type\":\"ReadAction\",\"target\":[\"https:\/\/nordicpadel.com\/sv\/product\/fila-baseball-cap\/\"]}]},{\"@type\":\"ImageObject\",\"inLanguage\":\"sv-SE\",\"@id\":\"https:\/\/nordicpadel.com\/sv\/product\/fila-baseball-cap\/#primaryimage\",\"url\":\"https:\/\/nordicpadel.com\/sv\/wp-content\/uploads\/sites\/10\/2025\/11\/b80aa9e6b5d1570abc012b13853e7832.png\",\"contentUrl\":\"https:\/\/nordicpadel.com\/sv\/wp-content\/uploads\/sites\/10\/2025\/11\/b80aa9e6b5d1570abc012b13853e7832.png\",\"width\":800,\"height\":800,\"caption\":\"FILA Baseball Cap\"},{\"@type\":\"BreadcrumbList\",\"@id\":\"https:\/\/nordicpadel.com\/sv\/product\/fila-baseball-cap\/#breadcrumb\",\"itemListElement\":[{\"@type\":\"ListItem\",\"position\":1,\"name\":\"Hem\",\"item\":\"https:\/\/nordicpadel.com\/sv\/\"},{\"@type\":\"ListItem\",\"position\":2,\"name\":\"Shop\",\"item\":\"https:\/\/nordicpadel.com\/sv\/shop\/\"},{\"@type\":\"ListItem\",\"position\":3,\"name\":\"FILA Baseball Cap\"}]},{\"@type\":\"WebSite\",\"@id\":\"https:\/\/nordicpadel.com\/sv\/#website\",\"url\":\"https:\/\/nordicpadel.com\/sv\/\",\"name\":\"Nordic Padel\",\"description\":\"\",\"publisher\":{\"@id\":\"https:\/\/nordicpadel.com\/sv\/#organization\"},\"potentialAction\":[{\"@type\":\"SearchAction\",\"target\":{\"@type\":\"EntryPoint\",\"urlTemplate\":\"https:\/\/nordicpadel.com\/sv\/?s={search_term_string}\"},\"query-input\":\"required name=search_term_string\"}],\"inLanguage\":\"sv-SE\"},{\"@type\":\"Organization\",\"@id\":\"https:\/\/nordicpadel.com\/sv\/#organization\",\"name\":\"Nordic Padel\",\"url\":\"https:\/\/nordicpadel.com\/sv\/\",\"logo\":{\"@type\":\"ImageObject\",\"inLanguage\":\"sv-SE\",\"@id\":\"https:\/\/nordicpadel.com\/sv\/#\/schema\/logo\/image\/\",\"url\":\"https:\/\/nordicpadel.com\/sv\/wp-content\/uploads\/sites\/10\/2022\/12\/Nordic-Padel-small_1-1.png\",\"contentUrl\":\"https:\/\/nordicpadel.com\/sv\/wp-content\/uploads\/sites\/10\/2022\/12\/Nordic-Padel-small_1-1.png\",\"width\":400,\"height\":119,\"caption\":\"Nordic Padel\"},\"image\":{\"@id\":\"https:\/\/nordicpadel.com\/sv\/#\/schema\/logo\/image\/\"}}]}<\/script>\n<!-- \/ Yoast SEO plugin. -->","yoast_head_json":{"title":"FILA Baseball Cap - Nordic Padel","robots":{"index":"index","follow":"follow","max-snippet":"max-snippet:-1","max-image-preview":"max-image-preview:large","max-video-preview":"max-video-preview:-1"},"canonical":"https:\/\/nordicpadel.com\/sv\/product\/fila-baseball-cap\/","og_locale":"sv_SE","og_type":"article","og_title":"FILA Baseball Cap - Nordic Padel","og_description":"K\u00f6p klassisk en vit tenniskeps ifr\u00e5n FILA. S\u00f6ker du en klassisk tennislook? D\u00e5 har du hittat r\u00e4tt med en keps ifr\u00e5n Fila. Kombinera g\u00e4rna ihop med v\u00e5rt noga utvalda sortiment utav tenniskl\u00e4der ifr\u00e5n Fila. Kepsen skyddar mot sol, fukt som rinner ned i ansiktet, men h\u00e5ller \u00e4ven borta h\u00e5ret n\u00e4r du skall fokusera p\u00e5 bollen. [&hellip;]","og_url":"https:\/\/nordicpadel.com\/sv\/product\/fila-baseball-cap\/","og_site_name":"Nordic Padel","article_modified_time":"2026-02-28T22:20:47+00:00","twitter_card":"summary_large_image","schema":{"@context":"https:\/\/schema.org","@graph":[{"@type":"WebPage","@id":"https:\/\/nordicpadel.com\/sv\/product\/fila-baseball-cap\/","url":"https:\/\/nordicpadel.com\/sv\/product\/fila-baseball-cap\/","name":"FILA Baseball Cap - Nordic Padel","isPartOf":{"@id":"https:\/\/nordicpadel.com\/sv\/#website"},"primaryImageOfPage":{"@id":"https:\/\/nordicpadel.com\/sv\/product\/fila-baseball-cap\/#primaryimage"},"image":{"@id":"https:\/\/nordicpadel.com\/sv\/product\/fila-baseball-cap\/#primaryimage"},"thumbnailUrl":"https:\/\/nordicpadel.com\/sv\/wp-content\/uploads\/sites\/10\/2025\/11\/b80aa9e6b5d1570abc012b13853e7832.png","datePublished":"2025-11-26T15:45:33+00:00","dateModified":"2026-02-28T22:20:47+00:00","breadcrumb":{"@id":"https:\/\/nordicpadel.com\/sv\/product\/fila-baseball-cap\/#breadcrumb"},"inLanguage":"sv-SE","potentialAction":[{"@type":"ReadAction","target":["https:\/\/nordicpadel.com\/sv\/product\/fila-baseball-cap\/"]}]},{"@type":"ImageObject","inLanguage":"sv-SE","@id":"https:\/\/nordicpadel.com\/sv\/product\/fila-baseball-cap\/#primaryimage","url":"https:\/\/nordicpadel.com\/sv\/wp-content\/uploads\/sites\/10\/2025\/11\/b80aa9e6b5d1570abc012b13853e7832.png","contentUrl":"https:\/\/nordicpadel.com\/sv\/wp-content\/uploads\/sites\/10\/2025\/11\/b80aa9e6b5d1570abc012b13853e7832.png","width":800,"height":800,"caption":"FILA Baseball Cap"},{"@type":"BreadcrumbList","@id":"https:\/\/nordicpadel.com\/sv\/product\/fila-baseball-cap\/#breadcrumb","itemListElement":[{"@type":"ListItem","position":1,"name":"Hem","item":"https:\/\/nordicpadel.com\/sv\/"},{"@type":"ListItem","position":2,"name":"Shop","item":"https:\/\/nordicpadel.com\/sv\/shop\/"},{"@type":"ListItem","position":3,"name":"FILA Baseball Cap"}]},{"@type":"WebSite","@id":"https:\/\/nordicpadel.com\/sv\/#website","url":"https:\/\/nordicpadel.com\/sv\/","name":"Nordic Padel","description":"","publisher":{"@id":"https:\/\/nordicpadel.com\/sv\/#organization"},"potentialAction":[{"@type":"SearchAction","target":{"@type":"EntryPoint","urlTemplate":"https:\/\/nordicpadel.com\/sv\/?s={search_term_string}"},"query-input":"required name=search_term_string"}],"inLanguage":"sv-SE"},{"@type":"Organization","@id":"https:\/\/nordicpadel.com\/sv\/#organization","name":"Nordic Padel","url":"https:\/\/nordicpadel.com\/sv\/","logo":{"@type":"ImageObject","inLanguage":"sv-SE","@id":"https:\/\/nordicpadel.com\/sv\/#\/schema\/logo\/image\/","url":"https:\/\/nordicpadel.com\/sv\/wp-content\/uploads\/sites\/10\/2022\/12\/Nordic-Padel-small_1-1.png","contentUrl":"https:\/\/nordicpadel.com\/sv\/wp-content\/uploads\/sites\/10\/2022\/12\/Nordic-Padel-small_1-1.png","width":400,"height":119,"caption":"Nordic Padel"},"image":{"@id":"https:\/\/nordicpadel.com\/sv\/#\/schema\/logo\/image\/"}}]}},"brands":[],"_links":{"self":[{"href":"https:\/\/nordicpadel.com\/sv\/wp-json\/wp\/v2\/product\/86197","targetHints":{"allow":["GET"]}}],"collection":[{"href":"https:\/\/nordicpadel.com\/sv\/wp-json\/wp\/v2\/product"}],"about":[{"href":"https:\/\/nordicpadel.com\/sv\/wp-json\/wp\/v2\/types\/product"}],"replies":[{"embeddable":true,"href":"https:\/\/nordicpadel.com\/sv\/wp-json\/wp\/v2\/comments?post=86197"}],"wp:featuredmedia":[{"embeddable":true,"href":"https:\/\/nordicpadel.com\/sv\/wp-json\/wp\/v2\/media\/86196"}],"wp:attachment":[{"href":"https:\/\/nordicpadel.com\/sv\/wp-json\/wp\/v2\/media?parent=86197"}],"wp:term":[{"taxonomy":"pwb-brand","embeddable":true,"href":"https:\/\/nordicpadel.com\/sv\/wp-json\/wp\/v2\/pwb-brand?post=86197"},{"taxonomy":"product_cat","embeddable":true,"href":"https:\/\/nordicpadel.com\/sv\/wp-json\/wp\/v2\/product_cat?post=86197"},{"taxonomy":"product_tag","embeddable":true,"href":"https:\/\/nordicpadel.com\/sv\/wp-json\/wp\/v2\/product_tag?post=86197"},{"taxonomy":"woo-feed-brand","embeddable":true,"href":"https:\/\/nordicpadel.com\/sv\/wp-json\/wp\/v2\/woo-feed-brand?post=86197"}],"curies":[{"name":"wp","href":"https:\/\/api.w.org\/{rel}","templated":true}]}}