{"id":86195,"date":"2025-11-26T16:44:54","date_gmt":"2025-11-26T15:44:54","guid":{"rendered":"https:\/\/nordicpadel.com\/sv\/product\/nike-cushion-crew-3-pack\/"},"modified":"2026-03-09T01:53:00","modified_gmt":"2026-03-09T00:53:00","slug":"nike-cushion-crew-3-pack","status":"publish","type":"product","link":"https:\/\/nordicpadel.com\/sv\/product\/nike-cushion-crew-3-pack\/","title":{"rendered":"Nike Cushion Crew 3-pack"},"content":{"rendered":"<p>Nike levererar ett 3-pack med strumpor utav h\u00f6g kvalit\u00e8 med flera f\u00f6rdelar n\u00e4r du spelar tennis eller ut\u00f6var annan idrott. En tennisstrumpa skall klara kraven med att ha extra support p\u00e5 specifikt utsatta st\u00e4llen samt att den skall vara fuktavst\u00f6tande. B\u00e4gge delar passar in p\u00e5 dessa strumpor. Antal strumpor: 3 st Produktf\u00f6rdelar <\/p>\n<ul>\n<li>Dri-FIT-teknik h\u00e5ller f\u00f6tterna torra och behagliga<\/li>\n<li>Anatomisk passform f\u00f6r v\u00e4nster och h\u00f6ger fot ger en naturlig k\u00e4nsla<\/li>\n<li>Zond\u00e4mpning ger riktad st\u00f6td\u00e4mpning<\/li>\n<li>N\u00e4tmaterial ovanp\u00e5 f\u00f6r b\u00e4ttre ventilation<\/li>\n<li>St\u00f6d i h\u00e5lfoten ger en tajt, s\u00e4ker passform<\/li>\n<\/ul>\n<p> Material: Dri-FIT 76 % polyester\/13 % bomull\/9 % nylon\/2 % spandex Tv\u00e4ttr\u00e5d: Maskintv\u00e4tt, 40 grader syntet<\/p>\n","protected":false},"excerpt":{"rendered":"<p>Nike levererar ett 3-pack med strumpor utav h\u00f6g kvalit\u00e8 med flera f\u00f6rdelar n\u00e4r du spelar tennis eller ut\u00f6var annan idrott. En tennisstrumpa skall klara kraven med att ha extra support p\u00e5 specifikt utsatta st\u00e4llen samt att den skall vara fuktavst\u00f6tande. B\u00e4gge delar passar in p\u00e5 dessa strumpor. Antal strumpor: 3 st Produktf\u00f6rdelar Dri-FIT-teknik h\u00e5ller f\u00f6tterna [&hellip;]<\/p>\n","protected":false},"featured_media":86194,"comment_status":"open","ping_status":"closed","template":"","meta":[],"pwb-brand":[],"product_cat":[46,471],"product_tag":[],"woo-feed-brand":[],"class_list":{"0":"post-86195","1":"product","2":"type-product","3":"status-publish","4":"has-post-thumbnail","6":"product_cat-ovrigt","7":"product_cat-nike","8":"pa_varumarke-nike","10":"first","11":"outofstock","12":"taxable","13":"shipping-taxable","14":"purchasable","15":"product-type-variable"},"bundled_by":[],"bundle_stock_status":"outofstock","bundle_stock_quantity":0,"bundle_virtual":false,"bundle_layout":"","bundle_add_to_cart_form_location":"","bundle_editable_in_cart":false,"bundle_sold_individually_context":"","bundle_item_grouping":"","bundle_min_size":"","bundle_max_size":"","bundled_items":[],"bundle_sell_ids":[],"acf":[],"yoast_head":"<!-- This site is optimized with the Yoast SEO plugin v23.1 - https:\/\/yoast.com\/wordpress\/plugins\/seo\/ -->\n<title>Nike Cushion Crew 3-pack - Nordic Padel<\/title>\n<meta name=\"robots\" content=\"index, follow, max-snippet:-1, max-image-preview:large, max-video-preview:-1\" \/>\n<link rel=\"canonical\" href=\"https:\/\/nordicpadel.com\/sv\/product\/nike-cushion-crew-3-pack\/\" \/>\n<meta property=\"og:locale\" content=\"sv_SE\" \/>\n<meta property=\"og:type\" content=\"article\" \/>\n<meta property=\"og:title\" content=\"Nike Cushion Crew 3-pack - Nordic Padel\" \/>\n<meta property=\"og:description\" content=\"Nike levererar ett 3-pack med strumpor utav h\u00f6g kvalit\u00e8 med flera f\u00f6rdelar n\u00e4r du spelar tennis eller ut\u00f6var annan idrott. En tennisstrumpa skall klara kraven med att ha extra support p\u00e5 specifikt utsatta st\u00e4llen samt att den skall vara fuktavst\u00f6tande. B\u00e4gge delar passar in p\u00e5 dessa strumpor. Antal strumpor: 3 st Produktf\u00f6rdelar Dri-FIT-teknik h\u00e5ller f\u00f6tterna [&hellip;]\" \/>\n<meta property=\"og:url\" content=\"https:\/\/nordicpadel.com\/sv\/product\/nike-cushion-crew-3-pack\/\" \/>\n<meta property=\"og:site_name\" content=\"Nordic Padel\" \/>\n<meta property=\"article:modified_time\" content=\"2026-03-09T00:53:00+00:00\" \/>\n<meta name=\"twitter:card\" content=\"summary_large_image\" \/>\n<meta name=\"twitter:label1\" content=\"Ber\u00e4knad l\u00e4stid\" \/>\n\t<meta name=\"twitter:data1\" content=\"1 minut\" \/>\n<script type=\"application\/ld+json\" class=\"yoast-schema-graph\">{\"@context\":\"https:\/\/schema.org\",\"@graph\":[{\"@type\":\"WebPage\",\"@id\":\"https:\/\/nordicpadel.com\/sv\/product\/nike-cushion-crew-3-pack\/\",\"url\":\"https:\/\/nordicpadel.com\/sv\/product\/nike-cushion-crew-3-pack\/\",\"name\":\"Nike Cushion Crew 3-pack - Nordic Padel\",\"isPartOf\":{\"@id\":\"https:\/\/nordicpadel.com\/sv\/#website\"},\"primaryImageOfPage\":{\"@id\":\"https:\/\/nordicpadel.com\/sv\/product\/nike-cushion-crew-3-pack\/#primaryimage\"},\"image\":{\"@id\":\"https:\/\/nordicpadel.com\/sv\/product\/nike-cushion-crew-3-pack\/#primaryimage\"},\"thumbnailUrl\":\"https:\/\/nordicpadel.com\/sv\/wp-content\/uploads\/sites\/10\/2025\/11\/345272871119a1947929d405538422d0.png\",\"datePublished\":\"2025-11-26T15:44:54+00:00\",\"dateModified\":\"2026-03-09T00:53:00+00:00\",\"breadcrumb\":{\"@id\":\"https:\/\/nordicpadel.com\/sv\/product\/nike-cushion-crew-3-pack\/#breadcrumb\"},\"inLanguage\":\"sv-SE\",\"potentialAction\":[{\"@type\":\"ReadAction\",\"target\":[\"https:\/\/nordicpadel.com\/sv\/product\/nike-cushion-crew-3-pack\/\"]}]},{\"@type\":\"ImageObject\",\"inLanguage\":\"sv-SE\",\"@id\":\"https:\/\/nordicpadel.com\/sv\/product\/nike-cushion-crew-3-pack\/#primaryimage\",\"url\":\"https:\/\/nordicpadel.com\/sv\/wp-content\/uploads\/sites\/10\/2025\/11\/345272871119a1947929d405538422d0.png\",\"contentUrl\":\"https:\/\/nordicpadel.com\/sv\/wp-content\/uploads\/sites\/10\/2025\/11\/345272871119a1947929d405538422d0.png\",\"width\":800,\"height\":800,\"caption\":\"Nike Cushion Crew 3-pack\"},{\"@type\":\"BreadcrumbList\",\"@id\":\"https:\/\/nordicpadel.com\/sv\/product\/nike-cushion-crew-3-pack\/#breadcrumb\",\"itemListElement\":[{\"@type\":\"ListItem\",\"position\":1,\"name\":\"Hem\",\"item\":\"https:\/\/nordicpadel.com\/sv\/\"},{\"@type\":\"ListItem\",\"position\":2,\"name\":\"Shop\",\"item\":\"https:\/\/nordicpadel.com\/sv\/shop\/\"},{\"@type\":\"ListItem\",\"position\":3,\"name\":\"Nike Cushion Crew 3-pack\"}]},{\"@type\":\"WebSite\",\"@id\":\"https:\/\/nordicpadel.com\/sv\/#website\",\"url\":\"https:\/\/nordicpadel.com\/sv\/\",\"name\":\"Nordic Padel\",\"description\":\"\",\"publisher\":{\"@id\":\"https:\/\/nordicpadel.com\/sv\/#organization\"},\"potentialAction\":[{\"@type\":\"SearchAction\",\"target\":{\"@type\":\"EntryPoint\",\"urlTemplate\":\"https:\/\/nordicpadel.com\/sv\/?s={search_term_string}\"},\"query-input\":\"required name=search_term_string\"}],\"inLanguage\":\"sv-SE\"},{\"@type\":\"Organization\",\"@id\":\"https:\/\/nordicpadel.com\/sv\/#organization\",\"name\":\"Nordic Padel\",\"url\":\"https:\/\/nordicpadel.com\/sv\/\",\"logo\":{\"@type\":\"ImageObject\",\"inLanguage\":\"sv-SE\",\"@id\":\"https:\/\/nordicpadel.com\/sv\/#\/schema\/logo\/image\/\",\"url\":\"https:\/\/nordicpadel.com\/sv\/wp-content\/uploads\/sites\/10\/2022\/12\/Nordic-Padel-small_1-1.png\",\"contentUrl\":\"https:\/\/nordicpadel.com\/sv\/wp-content\/uploads\/sites\/10\/2022\/12\/Nordic-Padel-small_1-1.png\",\"width\":400,\"height\":119,\"caption\":\"Nordic Padel\"},\"image\":{\"@id\":\"https:\/\/nordicpadel.com\/sv\/#\/schema\/logo\/image\/\"}}]}<\/script>\n<!-- \/ Yoast SEO plugin. -->","yoast_head_json":{"title":"Nike Cushion Crew 3-pack - Nordic Padel","robots":{"index":"index","follow":"follow","max-snippet":"max-snippet:-1","max-image-preview":"max-image-preview:large","max-video-preview":"max-video-preview:-1"},"canonical":"https:\/\/nordicpadel.com\/sv\/product\/nike-cushion-crew-3-pack\/","og_locale":"sv_SE","og_type":"article","og_title":"Nike Cushion Crew 3-pack - Nordic Padel","og_description":"Nike levererar ett 3-pack med strumpor utav h\u00f6g kvalit\u00e8 med flera f\u00f6rdelar n\u00e4r du spelar tennis eller ut\u00f6var annan idrott. En tennisstrumpa skall klara kraven med att ha extra support p\u00e5 specifikt utsatta st\u00e4llen samt att den skall vara fuktavst\u00f6tande. B\u00e4gge delar passar in p\u00e5 dessa strumpor. Antal strumpor: 3 st Produktf\u00f6rdelar Dri-FIT-teknik h\u00e5ller f\u00f6tterna [&hellip;]","og_url":"https:\/\/nordicpadel.com\/sv\/product\/nike-cushion-crew-3-pack\/","og_site_name":"Nordic Padel","article_modified_time":"2026-03-09T00:53:00+00:00","twitter_card":"summary_large_image","twitter_misc":{"Ber\u00e4knad l\u00e4stid":"1 minut"},"schema":{"@context":"https:\/\/schema.org","@graph":[{"@type":"WebPage","@id":"https:\/\/nordicpadel.com\/sv\/product\/nike-cushion-crew-3-pack\/","url":"https:\/\/nordicpadel.com\/sv\/product\/nike-cushion-crew-3-pack\/","name":"Nike Cushion Crew 3-pack - Nordic Padel","isPartOf":{"@id":"https:\/\/nordicpadel.com\/sv\/#website"},"primaryImageOfPage":{"@id":"https:\/\/nordicpadel.com\/sv\/product\/nike-cushion-crew-3-pack\/#primaryimage"},"image":{"@id":"https:\/\/nordicpadel.com\/sv\/product\/nike-cushion-crew-3-pack\/#primaryimage"},"thumbnailUrl":"https:\/\/nordicpadel.com\/sv\/wp-content\/uploads\/sites\/10\/2025\/11\/345272871119a1947929d405538422d0.png","datePublished":"2025-11-26T15:44:54+00:00","dateModified":"2026-03-09T00:53:00+00:00","breadcrumb":{"@id":"https:\/\/nordicpadel.com\/sv\/product\/nike-cushion-crew-3-pack\/#breadcrumb"},"inLanguage":"sv-SE","potentialAction":[{"@type":"ReadAction","target":["https:\/\/nordicpadel.com\/sv\/product\/nike-cushion-crew-3-pack\/"]}]},{"@type":"ImageObject","inLanguage":"sv-SE","@id":"https:\/\/nordicpadel.com\/sv\/product\/nike-cushion-crew-3-pack\/#primaryimage","url":"https:\/\/nordicpadel.com\/sv\/wp-content\/uploads\/sites\/10\/2025\/11\/345272871119a1947929d405538422d0.png","contentUrl":"https:\/\/nordicpadel.com\/sv\/wp-content\/uploads\/sites\/10\/2025\/11\/345272871119a1947929d405538422d0.png","width":800,"height":800,"caption":"Nike Cushion Crew 3-pack"},{"@type":"BreadcrumbList","@id":"https:\/\/nordicpadel.com\/sv\/product\/nike-cushion-crew-3-pack\/#breadcrumb","itemListElement":[{"@type":"ListItem","position":1,"name":"Hem","item":"https:\/\/nordicpadel.com\/sv\/"},{"@type":"ListItem","position":2,"name":"Shop","item":"https:\/\/nordicpadel.com\/sv\/shop\/"},{"@type":"ListItem","position":3,"name":"Nike Cushion Crew 3-pack"}]},{"@type":"WebSite","@id":"https:\/\/nordicpadel.com\/sv\/#website","url":"https:\/\/nordicpadel.com\/sv\/","name":"Nordic Padel","description":"","publisher":{"@id":"https:\/\/nordicpadel.com\/sv\/#organization"},"potentialAction":[{"@type":"SearchAction","target":{"@type":"EntryPoint","urlTemplate":"https:\/\/nordicpadel.com\/sv\/?s={search_term_string}"},"query-input":"required name=search_term_string"}],"inLanguage":"sv-SE"},{"@type":"Organization","@id":"https:\/\/nordicpadel.com\/sv\/#organization","name":"Nordic Padel","url":"https:\/\/nordicpadel.com\/sv\/","logo":{"@type":"ImageObject","inLanguage":"sv-SE","@id":"https:\/\/nordicpadel.com\/sv\/#\/schema\/logo\/image\/","url":"https:\/\/nordicpadel.com\/sv\/wp-content\/uploads\/sites\/10\/2022\/12\/Nordic-Padel-small_1-1.png","contentUrl":"https:\/\/nordicpadel.com\/sv\/wp-content\/uploads\/sites\/10\/2022\/12\/Nordic-Padel-small_1-1.png","width":400,"height":119,"caption":"Nordic Padel"},"image":{"@id":"https:\/\/nordicpadel.com\/sv\/#\/schema\/logo\/image\/"}}]}},"brands":[],"_links":{"self":[{"href":"https:\/\/nordicpadel.com\/sv\/wp-json\/wp\/v2\/product\/86195","targetHints":{"allow":["GET"]}}],"collection":[{"href":"https:\/\/nordicpadel.com\/sv\/wp-json\/wp\/v2\/product"}],"about":[{"href":"https:\/\/nordicpadel.com\/sv\/wp-json\/wp\/v2\/types\/product"}],"replies":[{"embeddable":true,"href":"https:\/\/nordicpadel.com\/sv\/wp-json\/wp\/v2\/comments?post=86195"}],"wp:featuredmedia":[{"embeddable":true,"href":"https:\/\/nordicpadel.com\/sv\/wp-json\/wp\/v2\/media\/86194"}],"wp:attachment":[{"href":"https:\/\/nordicpadel.com\/sv\/wp-json\/wp\/v2\/media?parent=86195"}],"wp:term":[{"taxonomy":"pwb-brand","embeddable":true,"href":"https:\/\/nordicpadel.com\/sv\/wp-json\/wp\/v2\/pwb-brand?post=86195"},{"taxonomy":"product_cat","embeddable":true,"href":"https:\/\/nordicpadel.com\/sv\/wp-json\/wp\/v2\/product_cat?post=86195"},{"taxonomy":"product_tag","embeddable":true,"href":"https:\/\/nordicpadel.com\/sv\/wp-json\/wp\/v2\/product_tag?post=86195"},{"taxonomy":"woo-feed-brand","embeddable":true,"href":"https:\/\/nordicpadel.com\/sv\/wp-json\/wp\/v2\/woo-feed-brand?post=86195"}],"curies":[{"name":"wp","href":"https:\/\/api.w.org\/{rel}","templated":true}]}}