{"id":86175,"date":"2025-11-26T16:43:48","date_gmt":"2025-11-26T15:43:48","guid":{"rendered":"https:\/\/nordicpadel.com\/sv\/product\/adidas-rx-100\/"},"modified":"2025-11-27T16:39:49","modified_gmt":"2025-11-27T15:39:49","slug":"adidas-rx-100","status":"publish","type":"product","link":"https:\/\/nordicpadel.com\/sv\/product\/adidas-rx-100\/","title":{"rendered":"Adidas RX 100"},"content":{"rendered":"<p>Adidas RX100 \u00e4r ett f\u00f6rl\u00e5tande padelrack f\u00f6r nyb\u00f6rjare och motion\u00e4rer. Helt enkelt det perfekta racket n\u00e4r du b\u00f6rja uppt\u00e4cka hur roligt padel \u00e4r att spela.<\/p>\n<p>Rackets mjuka k\u00e4rna, den runda formen och tr\u00e4ffytan helt i glasfiber g\u00f6r racket l\u00e4ttspelat och mycket f\u00f6rl\u00e5tande. Racket har en stor sweet spot som g\u00f6r att \u00e4ven tr\u00e4ffar som hamnar l\u00e4ngre ut mot ramen levererar bra fart, kontroll och k\u00e4nsla i slaget. L\u00e5t dig bli f\u00f6rtrollad av k\u00e4nslan Eva Soft Performance ger, vilket \u00e4r en mjukare och skonsam tr\u00e4ffk\u00e4nsla.<\/p>\n","protected":false},"excerpt":{"rendered":"<p>Adidas RX100 \u00e4r ett f\u00f6rl\u00e5tande padelrack f\u00f6r nyb\u00f6rjare och motion\u00e4rer. Helt enkelt det perfekta racket n\u00e4r du b\u00f6rja uppt\u00e4cka hur roligt padel \u00e4r att spela. Rackets mjuka k\u00e4rna, den runda formen och tr\u00e4ffytan helt i glasfiber g\u00f6r racket l\u00e4ttspelat och mycket f\u00f6rl\u00e5tande. Racket har en stor sweet spot som g\u00f6r att \u00e4ven tr\u00e4ffar som hamnar [&hellip;]<\/p>\n","protected":false},"featured_media":86174,"comment_status":"open","ping_status":"closed","template":"","meta":[],"pwb-brand":[],"product_cat":[16],"product_tag":[],"woo-feed-brand":[],"class_list":{"0":"post-86175","1":"product","2":"type-product","3":"status-publish","4":"has-post-thumbnail","6":"product_cat-padelracket","7":"pa_varumarke-adidas","9":"first","10":"outofstock","11":"sale","12":"taxable","13":"shipping-taxable","14":"purchasable","15":"product-type-simple"},"bundled_by":[],"bundle_stock_status":"outofstock","bundle_stock_quantity":0,"bundle_virtual":false,"bundle_layout":"","bundle_add_to_cart_form_location":"","bundle_editable_in_cart":false,"bundle_sold_individually_context":"","bundle_item_grouping":"","bundle_min_size":"","bundle_max_size":"","bundled_items":[],"bundle_sell_ids":[],"acf":[],"yoast_head":"<!-- This site is optimized with the Yoast SEO plugin v23.1 - https:\/\/yoast.com\/wordpress\/plugins\/seo\/ -->\n<title>Adidas RX 100 - Nordic Padel<\/title>\n<meta name=\"robots\" content=\"index, follow, max-snippet:-1, max-image-preview:large, max-video-preview:-1\" \/>\n<link rel=\"canonical\" href=\"https:\/\/nordicpadel.com\/sv\/product\/adidas-rx-100\/\" \/>\n<meta property=\"og:locale\" content=\"sv_SE\" \/>\n<meta property=\"og:type\" content=\"article\" \/>\n<meta property=\"og:title\" content=\"Adidas RX 100 - Nordic Padel\" \/>\n<meta property=\"og:description\" content=\"Adidas RX100 \u00e4r ett f\u00f6rl\u00e5tande padelrack f\u00f6r nyb\u00f6rjare och motion\u00e4rer. Helt enkelt det perfekta racket n\u00e4r du b\u00f6rja uppt\u00e4cka hur roligt padel \u00e4r att spela. Rackets mjuka k\u00e4rna, den runda formen och tr\u00e4ffytan helt i glasfiber g\u00f6r racket l\u00e4ttspelat och mycket f\u00f6rl\u00e5tande. Racket har en stor sweet spot som g\u00f6r att \u00e4ven tr\u00e4ffar som hamnar [&hellip;]\" \/>\n<meta property=\"og:url\" content=\"https:\/\/nordicpadel.com\/sv\/product\/adidas-rx-100\/\" \/>\n<meta property=\"og:site_name\" content=\"Nordic Padel\" \/>\n<meta property=\"article:modified_time\" content=\"2025-11-27T15:39:49+00:00\" \/>\n<meta name=\"twitter:card\" content=\"summary_large_image\" \/>\n<meta name=\"twitter:label1\" content=\"Ber\u00e4knad l\u00e4stid\" \/>\n\t<meta name=\"twitter:data1\" content=\"1 minut\" \/>\n<script type=\"application\/ld+json\" class=\"yoast-schema-graph\">{\"@context\":\"https:\/\/schema.org\",\"@graph\":[{\"@type\":\"WebPage\",\"@id\":\"https:\/\/nordicpadel.com\/sv\/product\/adidas-rx-100\/\",\"url\":\"https:\/\/nordicpadel.com\/sv\/product\/adidas-rx-100\/\",\"name\":\"Adidas RX 100 - Nordic Padel\",\"isPartOf\":{\"@id\":\"https:\/\/nordicpadel.com\/sv\/#website\"},\"primaryImageOfPage\":{\"@id\":\"https:\/\/nordicpadel.com\/sv\/product\/adidas-rx-100\/#primaryimage\"},\"image\":{\"@id\":\"https:\/\/nordicpadel.com\/sv\/product\/adidas-rx-100\/#primaryimage\"},\"thumbnailUrl\":\"https:\/\/nordicpadel.com\/sv\/wp-content\/uploads\/sites\/10\/2025\/11\/87b454f2d7bcdc031d66edce10c6598a.png\",\"datePublished\":\"2025-11-26T15:43:48+00:00\",\"dateModified\":\"2025-11-27T15:39:49+00:00\",\"breadcrumb\":{\"@id\":\"https:\/\/nordicpadel.com\/sv\/product\/adidas-rx-100\/#breadcrumb\"},\"inLanguage\":\"sv-SE\",\"potentialAction\":[{\"@type\":\"ReadAction\",\"target\":[\"https:\/\/nordicpadel.com\/sv\/product\/adidas-rx-100\/\"]}]},{\"@type\":\"ImageObject\",\"inLanguage\":\"sv-SE\",\"@id\":\"https:\/\/nordicpadel.com\/sv\/product\/adidas-rx-100\/#primaryimage\",\"url\":\"https:\/\/nordicpadel.com\/sv\/wp-content\/uploads\/sites\/10\/2025\/11\/87b454f2d7bcdc031d66edce10c6598a.png\",\"contentUrl\":\"https:\/\/nordicpadel.com\/sv\/wp-content\/uploads\/sites\/10\/2025\/11\/87b454f2d7bcdc031d66edce10c6598a.png\",\"width\":800,\"height\":800,\"caption\":\"Adidas RX 100\"},{\"@type\":\"BreadcrumbList\",\"@id\":\"https:\/\/nordicpadel.com\/sv\/product\/adidas-rx-100\/#breadcrumb\",\"itemListElement\":[{\"@type\":\"ListItem\",\"position\":1,\"name\":\"Hem\",\"item\":\"https:\/\/nordicpadel.com\/sv\/\"},{\"@type\":\"ListItem\",\"position\":2,\"name\":\"Shop\",\"item\":\"https:\/\/nordicpadel.com\/sv\/shop\/\"},{\"@type\":\"ListItem\",\"position\":3,\"name\":\"Adidas RX 100\"}]},{\"@type\":\"WebSite\",\"@id\":\"https:\/\/nordicpadel.com\/sv\/#website\",\"url\":\"https:\/\/nordicpadel.com\/sv\/\",\"name\":\"Nordic Padel\",\"description\":\"\",\"publisher\":{\"@id\":\"https:\/\/nordicpadel.com\/sv\/#organization\"},\"potentialAction\":[{\"@type\":\"SearchAction\",\"target\":{\"@type\":\"EntryPoint\",\"urlTemplate\":\"https:\/\/nordicpadel.com\/sv\/?s={search_term_string}\"},\"query-input\":\"required name=search_term_string\"}],\"inLanguage\":\"sv-SE\"},{\"@type\":\"Organization\",\"@id\":\"https:\/\/nordicpadel.com\/sv\/#organization\",\"name\":\"Nordic Padel\",\"url\":\"https:\/\/nordicpadel.com\/sv\/\",\"logo\":{\"@type\":\"ImageObject\",\"inLanguage\":\"sv-SE\",\"@id\":\"https:\/\/nordicpadel.com\/sv\/#\/schema\/logo\/image\/\",\"url\":\"https:\/\/nordicpadel.com\/sv\/wp-content\/uploads\/sites\/10\/2022\/12\/Nordic-Padel-small_1-1.png\",\"contentUrl\":\"https:\/\/nordicpadel.com\/sv\/wp-content\/uploads\/sites\/10\/2022\/12\/Nordic-Padel-small_1-1.png\",\"width\":400,\"height\":119,\"caption\":\"Nordic Padel\"},\"image\":{\"@id\":\"https:\/\/nordicpadel.com\/sv\/#\/schema\/logo\/image\/\"}}]}<\/script>\n<!-- \/ Yoast SEO plugin. -->","yoast_head_json":{"title":"Adidas RX 100 - Nordic Padel","robots":{"index":"index","follow":"follow","max-snippet":"max-snippet:-1","max-image-preview":"max-image-preview:large","max-video-preview":"max-video-preview:-1"},"canonical":"https:\/\/nordicpadel.com\/sv\/product\/adidas-rx-100\/","og_locale":"sv_SE","og_type":"article","og_title":"Adidas RX 100 - Nordic Padel","og_description":"Adidas RX100 \u00e4r ett f\u00f6rl\u00e5tande padelrack f\u00f6r nyb\u00f6rjare och motion\u00e4rer. Helt enkelt det perfekta racket n\u00e4r du b\u00f6rja uppt\u00e4cka hur roligt padel \u00e4r att spela. Rackets mjuka k\u00e4rna, den runda formen och tr\u00e4ffytan helt i glasfiber g\u00f6r racket l\u00e4ttspelat och mycket f\u00f6rl\u00e5tande. Racket har en stor sweet spot som g\u00f6r att \u00e4ven tr\u00e4ffar som hamnar [&hellip;]","og_url":"https:\/\/nordicpadel.com\/sv\/product\/adidas-rx-100\/","og_site_name":"Nordic Padel","article_modified_time":"2025-11-27T15:39:49+00:00","twitter_card":"summary_large_image","twitter_misc":{"Ber\u00e4knad l\u00e4stid":"1 minut"},"schema":{"@context":"https:\/\/schema.org","@graph":[{"@type":"WebPage","@id":"https:\/\/nordicpadel.com\/sv\/product\/adidas-rx-100\/","url":"https:\/\/nordicpadel.com\/sv\/product\/adidas-rx-100\/","name":"Adidas RX 100 - Nordic Padel","isPartOf":{"@id":"https:\/\/nordicpadel.com\/sv\/#website"},"primaryImageOfPage":{"@id":"https:\/\/nordicpadel.com\/sv\/product\/adidas-rx-100\/#primaryimage"},"image":{"@id":"https:\/\/nordicpadel.com\/sv\/product\/adidas-rx-100\/#primaryimage"},"thumbnailUrl":"https:\/\/nordicpadel.com\/sv\/wp-content\/uploads\/sites\/10\/2025\/11\/87b454f2d7bcdc031d66edce10c6598a.png","datePublished":"2025-11-26T15:43:48+00:00","dateModified":"2025-11-27T15:39:49+00:00","breadcrumb":{"@id":"https:\/\/nordicpadel.com\/sv\/product\/adidas-rx-100\/#breadcrumb"},"inLanguage":"sv-SE","potentialAction":[{"@type":"ReadAction","target":["https:\/\/nordicpadel.com\/sv\/product\/adidas-rx-100\/"]}]},{"@type":"ImageObject","inLanguage":"sv-SE","@id":"https:\/\/nordicpadel.com\/sv\/product\/adidas-rx-100\/#primaryimage","url":"https:\/\/nordicpadel.com\/sv\/wp-content\/uploads\/sites\/10\/2025\/11\/87b454f2d7bcdc031d66edce10c6598a.png","contentUrl":"https:\/\/nordicpadel.com\/sv\/wp-content\/uploads\/sites\/10\/2025\/11\/87b454f2d7bcdc031d66edce10c6598a.png","width":800,"height":800,"caption":"Adidas RX 100"},{"@type":"BreadcrumbList","@id":"https:\/\/nordicpadel.com\/sv\/product\/adidas-rx-100\/#breadcrumb","itemListElement":[{"@type":"ListItem","position":1,"name":"Hem","item":"https:\/\/nordicpadel.com\/sv\/"},{"@type":"ListItem","position":2,"name":"Shop","item":"https:\/\/nordicpadel.com\/sv\/shop\/"},{"@type":"ListItem","position":3,"name":"Adidas RX 100"}]},{"@type":"WebSite","@id":"https:\/\/nordicpadel.com\/sv\/#website","url":"https:\/\/nordicpadel.com\/sv\/","name":"Nordic Padel","description":"","publisher":{"@id":"https:\/\/nordicpadel.com\/sv\/#organization"},"potentialAction":[{"@type":"SearchAction","target":{"@type":"EntryPoint","urlTemplate":"https:\/\/nordicpadel.com\/sv\/?s={search_term_string}"},"query-input":"required name=search_term_string"}],"inLanguage":"sv-SE"},{"@type":"Organization","@id":"https:\/\/nordicpadel.com\/sv\/#organization","name":"Nordic Padel","url":"https:\/\/nordicpadel.com\/sv\/","logo":{"@type":"ImageObject","inLanguage":"sv-SE","@id":"https:\/\/nordicpadel.com\/sv\/#\/schema\/logo\/image\/","url":"https:\/\/nordicpadel.com\/sv\/wp-content\/uploads\/sites\/10\/2022\/12\/Nordic-Padel-small_1-1.png","contentUrl":"https:\/\/nordicpadel.com\/sv\/wp-content\/uploads\/sites\/10\/2022\/12\/Nordic-Padel-small_1-1.png","width":400,"height":119,"caption":"Nordic Padel"},"image":{"@id":"https:\/\/nordicpadel.com\/sv\/#\/schema\/logo\/image\/"}}]}},"brands":[],"_links":{"self":[{"href":"https:\/\/nordicpadel.com\/sv\/wp-json\/wp\/v2\/product\/86175","targetHints":{"allow":["GET"]}}],"collection":[{"href":"https:\/\/nordicpadel.com\/sv\/wp-json\/wp\/v2\/product"}],"about":[{"href":"https:\/\/nordicpadel.com\/sv\/wp-json\/wp\/v2\/types\/product"}],"replies":[{"embeddable":true,"href":"https:\/\/nordicpadel.com\/sv\/wp-json\/wp\/v2\/comments?post=86175"}],"wp:featuredmedia":[{"embeddable":true,"href":"https:\/\/nordicpadel.com\/sv\/wp-json\/wp\/v2\/media\/86174"}],"wp:attachment":[{"href":"https:\/\/nordicpadel.com\/sv\/wp-json\/wp\/v2\/media?parent=86175"}],"wp:term":[{"taxonomy":"pwb-brand","embeddable":true,"href":"https:\/\/nordicpadel.com\/sv\/wp-json\/wp\/v2\/pwb-brand?post=86175"},{"taxonomy":"product_cat","embeddable":true,"href":"https:\/\/nordicpadel.com\/sv\/wp-json\/wp\/v2\/product_cat?post=86175"},{"taxonomy":"product_tag","embeddable":true,"href":"https:\/\/nordicpadel.com\/sv\/wp-json\/wp\/v2\/product_tag?post=86175"},{"taxonomy":"woo-feed-brand","embeddable":true,"href":"https:\/\/nordicpadel.com\/sv\/wp-json\/wp\/v2\/woo-feed-brand?post=86175"}],"curies":[{"name":"wp","href":"https:\/\/api.w.org\/{rel}","templated":true}]}}