{"id":86000,"date":"2025-11-26T16:39:33","date_gmt":"2025-11-26T15:39:33","guid":{"rendered":"https:\/\/nordicpadel.com\/sv\/product\/ess-padel-backpack\/"},"modified":"2025-11-27T07:21:55","modified_gmt":"2025-11-27T06:21:55","slug":"ess-padel-backpack","status":"publish","type":"product","link":"https:\/\/nordicpadel.com\/sv\/product\/ess-padel-backpack\/","title":{"rendered":"ESS Padel BackPack"},"content":{"rendered":"<p>ESS Tennis Padel Backpack \u00e4r tillverkad av \u00e5tervunnen polyester av cordura-typ och h\u00f6gkvalitativt vegetabiliskt garvat l\u00e4der. V\u00e4skan rummer all din padelutrustning, ombyteskl\u00e4der och toalettartiklar. Det inre laptopfacket passar de flesta 15&#8243;-modeller och v\u00e4skan \u00e4r \u00e4ven utrustad med en rymlig innerficka f\u00f6r mobil, pl\u00e5nbok och nycklar. S\u00e5ledes till\u00e5ter v\u00e4skan dig att b\u00e4ra alla dina v\u00e4rdefulla f\u00f6rn\u00f6denheter s\u00e4kert och sorterat oavsett om du \u00e4r p\u00e5 jobbet, p\u00e5 resande fot eller p\u00e5 padelbanan.<\/p>\n<\/p>\n<p>Material: Recycled cordura-type polyester(80%) &amp; vegetabla tanned leather(20%)<\/p>\n<p>Zippers &amp; Bucklings: Brass coated with gold coloured plating<\/p>\n<p>Lining: Ripstop<\/p>\n<p>Size: 40 x 15 x 55 (width x depth x height) cm<\/p>\n<p>Volume: 30L<\/p>\n","protected":false},"excerpt":{"rendered":"<p>ESS Tennis Padel Backpack \u00e4r tillverkad av \u00e5tervunnen polyester av cordura-typ och h\u00f6gkvalitativt vegetabiliskt garvat l\u00e4der. V\u00e4skan rummer all din padelutrustning, ombyteskl\u00e4der och toalettartiklar. Det inre laptopfacket passar de flesta 15&#8243;-modeller och v\u00e4skan \u00e4r \u00e4ven utrustad med en rymlig innerficka f\u00f6r mobil, pl\u00e5nbok och nycklar. S\u00e5ledes till\u00e5ter v\u00e4skan dig att b\u00e4ra alla dina v\u00e4rdefulla f\u00f6rn\u00f6denheter [&hellip;]<\/p>\n","protected":false},"featured_media":85982,"comment_status":"open","ping_status":"closed","template":"","meta":[],"pwb-brand":[],"product_cat":[30],"product_tag":[],"woo-feed-brand":[],"class_list":{"0":"post-86000","1":"product","2":"type-product","3":"status-publish","4":"has-post-thumbnail","6":"product_cat-padelvaska","7":"pa_varumarke-ess-tennis","9":"first","10":"outofstock","11":"taxable","12":"shipping-taxable","13":"purchasable","14":"product-type-simple"},"bundled_by":[],"bundle_stock_status":"outofstock","bundle_stock_quantity":0,"bundle_virtual":false,"bundle_layout":"","bundle_add_to_cart_form_location":"","bundle_editable_in_cart":false,"bundle_sold_individually_context":"","bundle_item_grouping":"","bundle_min_size":"","bundle_max_size":"","bundled_items":[],"bundle_sell_ids":[],"acf":[],"yoast_head":"<!-- This site is optimized with the Yoast SEO plugin v23.1 - https:\/\/yoast.com\/wordpress\/plugins\/seo\/ -->\n<title>ESS Padel BackPack - Nordic Padel<\/title>\n<meta name=\"robots\" content=\"index, follow, max-snippet:-1, max-image-preview:large, max-video-preview:-1\" \/>\n<link rel=\"canonical\" href=\"https:\/\/nordicpadel.com\/sv\/product\/ess-padel-backpack\/\" \/>\n<meta property=\"og:locale\" content=\"sv_SE\" \/>\n<meta property=\"og:type\" content=\"article\" \/>\n<meta property=\"og:title\" content=\"ESS Padel BackPack - Nordic Padel\" \/>\n<meta property=\"og:description\" content=\"ESS Tennis Padel Backpack \u00e4r tillverkad av \u00e5tervunnen polyester av cordura-typ och h\u00f6gkvalitativt vegetabiliskt garvat l\u00e4der. V\u00e4skan rummer all din padelutrustning, ombyteskl\u00e4der och toalettartiklar. Det inre laptopfacket passar de flesta 15&#8243;-modeller och v\u00e4skan \u00e4r \u00e4ven utrustad med en rymlig innerficka f\u00f6r mobil, pl\u00e5nbok och nycklar. S\u00e5ledes till\u00e5ter v\u00e4skan dig att b\u00e4ra alla dina v\u00e4rdefulla f\u00f6rn\u00f6denheter [&hellip;]\" \/>\n<meta property=\"og:url\" content=\"https:\/\/nordicpadel.com\/sv\/product\/ess-padel-backpack\/\" \/>\n<meta property=\"og:site_name\" content=\"Nordic Padel\" \/>\n<meta property=\"article:modified_time\" content=\"2025-11-27T06:21:55+00:00\" \/>\n<meta property=\"og:image\" content=\"https:\/\/nordicpadel.com\/sv\/wp-content\/uploads\/sites\/10\/2025\/11\/6d46ae42c5fbd850970175db34327292.png\" \/>\n\t<meta property=\"og:image:width\" content=\"800\" \/>\n\t<meta property=\"og:image:height\" content=\"800\" \/>\n\t<meta property=\"og:image:type\" content=\"image\/png\" \/>\n<meta name=\"twitter:card\" content=\"summary_large_image\" \/>\n<meta name=\"twitter:label1\" content=\"Ber\u00e4knad l\u00e4stid\" \/>\n\t<meta name=\"twitter:data1\" content=\"1 minut\" \/>\n<script type=\"application\/ld+json\" class=\"yoast-schema-graph\">{\"@context\":\"https:\/\/schema.org\",\"@graph\":[{\"@type\":\"WebPage\",\"@id\":\"https:\/\/nordicpadel.com\/sv\/product\/ess-padel-backpack\/\",\"url\":\"https:\/\/nordicpadel.com\/sv\/product\/ess-padel-backpack\/\",\"name\":\"ESS Padel BackPack - Nordic Padel\",\"isPartOf\":{\"@id\":\"https:\/\/nordicpadel.com\/sv\/#website\"},\"primaryImageOfPage\":{\"@id\":\"https:\/\/nordicpadel.com\/sv\/product\/ess-padel-backpack\/#primaryimage\"},\"image\":{\"@id\":\"https:\/\/nordicpadel.com\/sv\/product\/ess-padel-backpack\/#primaryimage\"},\"thumbnailUrl\":\"https:\/\/nordicpadel.com\/sv\/wp-content\/uploads\/sites\/10\/2025\/11\/6d46ae42c5fbd850970175db34327292.png\",\"datePublished\":\"2025-11-26T15:39:33+00:00\",\"dateModified\":\"2025-11-27T06:21:55+00:00\",\"breadcrumb\":{\"@id\":\"https:\/\/nordicpadel.com\/sv\/product\/ess-padel-backpack\/#breadcrumb\"},\"inLanguage\":\"sv-SE\",\"potentialAction\":[{\"@type\":\"ReadAction\",\"target\":[\"https:\/\/nordicpadel.com\/sv\/product\/ess-padel-backpack\/\"]}]},{\"@type\":\"ImageObject\",\"inLanguage\":\"sv-SE\",\"@id\":\"https:\/\/nordicpadel.com\/sv\/product\/ess-padel-backpack\/#primaryimage\",\"url\":\"https:\/\/nordicpadel.com\/sv\/wp-content\/uploads\/sites\/10\/2025\/11\/6d46ae42c5fbd850970175db34327292.png\",\"contentUrl\":\"https:\/\/nordicpadel.com\/sv\/wp-content\/uploads\/sites\/10\/2025\/11\/6d46ae42c5fbd850970175db34327292.png\",\"width\":800,\"height\":800,\"caption\":\"ESS Padel BackPack\"},{\"@type\":\"BreadcrumbList\",\"@id\":\"https:\/\/nordicpadel.com\/sv\/product\/ess-padel-backpack\/#breadcrumb\",\"itemListElement\":[{\"@type\":\"ListItem\",\"position\":1,\"name\":\"Hem\",\"item\":\"https:\/\/nordicpadel.com\/sv\/\"},{\"@type\":\"ListItem\",\"position\":2,\"name\":\"Shop\",\"item\":\"https:\/\/nordicpadel.com\/sv\/shop\/\"},{\"@type\":\"ListItem\",\"position\":3,\"name\":\"ESS Padel BackPack\"}]},{\"@type\":\"WebSite\",\"@id\":\"https:\/\/nordicpadel.com\/sv\/#website\",\"url\":\"https:\/\/nordicpadel.com\/sv\/\",\"name\":\"Nordic Padel\",\"description\":\"\",\"publisher\":{\"@id\":\"https:\/\/nordicpadel.com\/sv\/#organization\"},\"potentialAction\":[{\"@type\":\"SearchAction\",\"target\":{\"@type\":\"EntryPoint\",\"urlTemplate\":\"https:\/\/nordicpadel.com\/sv\/?s={search_term_string}\"},\"query-input\":\"required name=search_term_string\"}],\"inLanguage\":\"sv-SE\"},{\"@type\":\"Organization\",\"@id\":\"https:\/\/nordicpadel.com\/sv\/#organization\",\"name\":\"Nordic Padel\",\"url\":\"https:\/\/nordicpadel.com\/sv\/\",\"logo\":{\"@type\":\"ImageObject\",\"inLanguage\":\"sv-SE\",\"@id\":\"https:\/\/nordicpadel.com\/sv\/#\/schema\/logo\/image\/\",\"url\":\"https:\/\/nordicpadel.com\/sv\/wp-content\/uploads\/sites\/10\/2022\/12\/Nordic-Padel-small_1-1.png\",\"contentUrl\":\"https:\/\/nordicpadel.com\/sv\/wp-content\/uploads\/sites\/10\/2022\/12\/Nordic-Padel-small_1-1.png\",\"width\":400,\"height\":119,\"caption\":\"Nordic Padel\"},\"image\":{\"@id\":\"https:\/\/nordicpadel.com\/sv\/#\/schema\/logo\/image\/\"}}]}<\/script>\n<!-- \/ Yoast SEO plugin. -->","yoast_head_json":{"title":"ESS Padel BackPack - Nordic Padel","robots":{"index":"index","follow":"follow","max-snippet":"max-snippet:-1","max-image-preview":"max-image-preview:large","max-video-preview":"max-video-preview:-1"},"canonical":"https:\/\/nordicpadel.com\/sv\/product\/ess-padel-backpack\/","og_locale":"sv_SE","og_type":"article","og_title":"ESS Padel BackPack - Nordic Padel","og_description":"ESS Tennis Padel Backpack \u00e4r tillverkad av \u00e5tervunnen polyester av cordura-typ och h\u00f6gkvalitativt vegetabiliskt garvat l\u00e4der. V\u00e4skan rummer all din padelutrustning, ombyteskl\u00e4der och toalettartiklar. Det inre laptopfacket passar de flesta 15&#8243;-modeller och v\u00e4skan \u00e4r \u00e4ven utrustad med en rymlig innerficka f\u00f6r mobil, pl\u00e5nbok och nycklar. S\u00e5ledes till\u00e5ter v\u00e4skan dig att b\u00e4ra alla dina v\u00e4rdefulla f\u00f6rn\u00f6denheter [&hellip;]","og_url":"https:\/\/nordicpadel.com\/sv\/product\/ess-padel-backpack\/","og_site_name":"Nordic Padel","article_modified_time":"2025-11-27T06:21:55+00:00","og_image":[{"width":800,"height":800,"url":"https:\/\/nordicpadel.com\/sv\/wp-content\/uploads\/sites\/10\/2025\/11\/6d46ae42c5fbd850970175db34327292.png","type":"image\/png"}],"twitter_card":"summary_large_image","twitter_misc":{"Ber\u00e4knad l\u00e4stid":"1 minut"},"schema":{"@context":"https:\/\/schema.org","@graph":[{"@type":"WebPage","@id":"https:\/\/nordicpadel.com\/sv\/product\/ess-padel-backpack\/","url":"https:\/\/nordicpadel.com\/sv\/product\/ess-padel-backpack\/","name":"ESS Padel BackPack - Nordic Padel","isPartOf":{"@id":"https:\/\/nordicpadel.com\/sv\/#website"},"primaryImageOfPage":{"@id":"https:\/\/nordicpadel.com\/sv\/product\/ess-padel-backpack\/#primaryimage"},"image":{"@id":"https:\/\/nordicpadel.com\/sv\/product\/ess-padel-backpack\/#primaryimage"},"thumbnailUrl":"https:\/\/nordicpadel.com\/sv\/wp-content\/uploads\/sites\/10\/2025\/11\/6d46ae42c5fbd850970175db34327292.png","datePublished":"2025-11-26T15:39:33+00:00","dateModified":"2025-11-27T06:21:55+00:00","breadcrumb":{"@id":"https:\/\/nordicpadel.com\/sv\/product\/ess-padel-backpack\/#breadcrumb"},"inLanguage":"sv-SE","potentialAction":[{"@type":"ReadAction","target":["https:\/\/nordicpadel.com\/sv\/product\/ess-padel-backpack\/"]}]},{"@type":"ImageObject","inLanguage":"sv-SE","@id":"https:\/\/nordicpadel.com\/sv\/product\/ess-padel-backpack\/#primaryimage","url":"https:\/\/nordicpadel.com\/sv\/wp-content\/uploads\/sites\/10\/2025\/11\/6d46ae42c5fbd850970175db34327292.png","contentUrl":"https:\/\/nordicpadel.com\/sv\/wp-content\/uploads\/sites\/10\/2025\/11\/6d46ae42c5fbd850970175db34327292.png","width":800,"height":800,"caption":"ESS Padel BackPack"},{"@type":"BreadcrumbList","@id":"https:\/\/nordicpadel.com\/sv\/product\/ess-padel-backpack\/#breadcrumb","itemListElement":[{"@type":"ListItem","position":1,"name":"Hem","item":"https:\/\/nordicpadel.com\/sv\/"},{"@type":"ListItem","position":2,"name":"Shop","item":"https:\/\/nordicpadel.com\/sv\/shop\/"},{"@type":"ListItem","position":3,"name":"ESS Padel BackPack"}]},{"@type":"WebSite","@id":"https:\/\/nordicpadel.com\/sv\/#website","url":"https:\/\/nordicpadel.com\/sv\/","name":"Nordic Padel","description":"","publisher":{"@id":"https:\/\/nordicpadel.com\/sv\/#organization"},"potentialAction":[{"@type":"SearchAction","target":{"@type":"EntryPoint","urlTemplate":"https:\/\/nordicpadel.com\/sv\/?s={search_term_string}"},"query-input":"required name=search_term_string"}],"inLanguage":"sv-SE"},{"@type":"Organization","@id":"https:\/\/nordicpadel.com\/sv\/#organization","name":"Nordic Padel","url":"https:\/\/nordicpadel.com\/sv\/","logo":{"@type":"ImageObject","inLanguage":"sv-SE","@id":"https:\/\/nordicpadel.com\/sv\/#\/schema\/logo\/image\/","url":"https:\/\/nordicpadel.com\/sv\/wp-content\/uploads\/sites\/10\/2022\/12\/Nordic-Padel-small_1-1.png","contentUrl":"https:\/\/nordicpadel.com\/sv\/wp-content\/uploads\/sites\/10\/2022\/12\/Nordic-Padel-small_1-1.png","width":400,"height":119,"caption":"Nordic Padel"},"image":{"@id":"https:\/\/nordicpadel.com\/sv\/#\/schema\/logo\/image\/"}}]}},"brands":[],"_links":{"self":[{"href":"https:\/\/nordicpadel.com\/sv\/wp-json\/wp\/v2\/product\/86000","targetHints":{"allow":["GET"]}}],"collection":[{"href":"https:\/\/nordicpadel.com\/sv\/wp-json\/wp\/v2\/product"}],"about":[{"href":"https:\/\/nordicpadel.com\/sv\/wp-json\/wp\/v2\/types\/product"}],"replies":[{"embeddable":true,"href":"https:\/\/nordicpadel.com\/sv\/wp-json\/wp\/v2\/comments?post=86000"}],"wp:featuredmedia":[{"embeddable":true,"href":"https:\/\/nordicpadel.com\/sv\/wp-json\/wp\/v2\/media\/85982"}],"wp:attachment":[{"href":"https:\/\/nordicpadel.com\/sv\/wp-json\/wp\/v2\/media?parent=86000"}],"wp:term":[{"taxonomy":"pwb-brand","embeddable":true,"href":"https:\/\/nordicpadel.com\/sv\/wp-json\/wp\/v2\/pwb-brand?post=86000"},{"taxonomy":"product_cat","embeddable":true,"href":"https:\/\/nordicpadel.com\/sv\/wp-json\/wp\/v2\/product_cat?post=86000"},{"taxonomy":"product_tag","embeddable":true,"href":"https:\/\/nordicpadel.com\/sv\/wp-json\/wp\/v2\/product_tag?post=86000"},{"taxonomy":"woo-feed-brand","embeddable":true,"href":"https:\/\/nordicpadel.com\/sv\/wp-json\/wp\/v2\/woo-feed-brand?post=86000"}],"curies":[{"name":"wp","href":"https:\/\/api.w.org\/{rel}","templated":true}]}}