{"id":85950,"date":"2025-11-26T16:39:00","date_gmt":"2025-11-26T15:39:00","guid":{"rendered":"https:\/\/nordicpadel.com\/sv\/product\/babolat-pro-pulse-fury-clay\/"},"modified":"2026-01-19T00:19:43","modified_gmt":"2026-01-18T23:19:43","slug":"babolat-pro-pulse-fury-clay","status":"publish","type":"product","link":"https:\/\/nordicpadel.com\/sv\/product\/babolat-pro-pulse-fury-clay\/","title":{"rendered":"Babolat Pro Pulse Fury Clay"},"content":{"rendered":"<p>Skon \u00e4r fullproppad med kvalit\u00e9 b\u00e5de vad g\u00e4ller komfort, stabilitet och slitstyrka. H\u00e4lkappan \u00e4r n\u00e5got h\u00f6gre och pl\u00f6sen \u00e4r sammanfogad med 360\u00b0 FIT vilket ger dig en strumpliknande k\u00e4nsla och den stabilitet som b\u00f6r finnas i tennis- och &lt;a href=&quot;https:\/\/nordicpadel.com\/sv\/product-category\/<a href=\"https:\/\/nordicpadel.com\/sv\/product-category\/padelskor\/herr\/\">padelsko<\/a>r\/&#8221;&gt;<a href=\"https:\/\/nordicpadel.com\/sv\/product-category\/padelskor\/herr\/\">padelsko<\/a>r<\/a>. Skorna v\u00e4nder sig till dig som vill ha Babolats absoluta toppsko och som \u00f6nskar en sk\u00f6n sko att r\u00f6ra sig i p\u00e5 tennisbanan.<\/p>\n<p>Sn\u00f6rningen \u00e4r designad med Power Belt-construction som \u00f6kar fotens support och motverkar att foten glider runt inuti skon. H\u00e4lpartiet \u00e4r utrustat med KPRS-X som \u00e4r ett egetutvecklat d\u00e4mpningssystem som minimerar st\u00f6tarna f\u00f6r mer komfort.<\/p>\n<p>Sist men inte minst, Babolat forts\u00e4tter sitt framg\u00e5ngsrika samarbete med Michellin som \u00e4r experter p\u00e5 gummi och d\u00e4cktillverkning, vilket ger dig en sko med b\u00e5de bra h\u00e4llbarhet och maximalt grepp bl.a tack vare gummisulans framdel som \u00e4r uppdelad i olika zoner f\u00f6r att maximerar greppet p\u00e5 banor med mer sand.<br \/>L\u00e4s g\u00e4rna v\u00e5r <a href=\"https:\/\/nordicpadel.com\/sv\/guide-padelskor\/\">skoguide<\/a> som inneh\u00e5ller tips samt en storleksguide f\u00f6r att hj\u00e4lpa dig hitta r\u00e4tt skor.<\/p>\n","protected":false},"excerpt":{"rendered":"<p>Skon \u00e4r fullproppad med kvalit\u00e9 b\u00e5de vad g\u00e4ller komfort, stabilitet och slitstyrka. H\u00e4lkappan \u00e4r n\u00e5got h\u00f6gre och pl\u00f6sen \u00e4r sammanfogad med 360\u00b0 FIT vilket ger dig en strumpliknande k\u00e4nsla och den stabilitet som b\u00f6r finnas i tennis- och &lt;a href=&quot;https:\/\/nordicpadel.com\/sv\/product-category\/padelskor\/&#8221;&gt;padelskor. Skorna v\u00e4nder sig till dig som vill ha Babolats absoluta toppsko och som \u00f6nskar en [&hellip;]<\/p>\n","protected":false},"featured_media":85944,"comment_status":"open","ping_status":"closed","template":"","meta":[],"pwb-brand":[],"product_cat":[38],"product_tag":[],"woo-feed-brand":[],"class_list":{"0":"post-85950","1":"product","2":"type-product","3":"status-publish","4":"has-post-thumbnail","6":"product_cat-herr","7":"pa_varumarke-babolat","9":"first","10":"instock","11":"sale","12":"taxable","13":"shipping-taxable","14":"purchasable","15":"product-type-simple"},"bundled_by":[],"bundle_stock_status":"instock","bundle_stock_quantity":1,"bundle_virtual":false,"bundle_layout":"","bundle_add_to_cart_form_location":"","bundle_editable_in_cart":false,"bundle_sold_individually_context":"","bundle_item_grouping":"","bundle_min_size":"","bundle_max_size":"","bundled_items":[],"bundle_sell_ids":[],"acf":[],"yoast_head":"<!-- This site is optimized with the Yoast SEO plugin v23.1 - https:\/\/yoast.com\/wordpress\/plugins\/seo\/ -->\n<title>Babolat Pro Pulse Fury Clay - Nordic Padel<\/title>\n<meta name=\"robots\" content=\"index, follow, max-snippet:-1, max-image-preview:large, max-video-preview:-1\" \/>\n<link rel=\"canonical\" href=\"https:\/\/nordicpadel.com\/sv\/product\/babolat-pro-pulse-fury-clay\/\" \/>\n<meta property=\"og:locale\" content=\"sv_SE\" \/>\n<meta property=\"og:type\" content=\"article\" \/>\n<meta property=\"og:title\" content=\"Babolat Pro Pulse Fury Clay - Nordic Padel\" \/>\n<meta property=\"og:description\" content=\"Skon \u00e4r fullproppad med kvalit\u00e9 b\u00e5de vad g\u00e4ller komfort, stabilitet och slitstyrka. H\u00e4lkappan \u00e4r n\u00e5got h\u00f6gre och pl\u00f6sen \u00e4r sammanfogad med 360\u00b0 FIT vilket ger dig en strumpliknande k\u00e4nsla och den stabilitet som b\u00f6r finnas i tennis- och &lt;a href=&quot;https:\/\/nordicpadel.com\/sv\/product-category\/padelskor\/&#8221;&gt;padelskor. Skorna v\u00e4nder sig till dig som vill ha Babolats absoluta toppsko och som \u00f6nskar en [&hellip;]\" \/>\n<meta property=\"og:url\" content=\"https:\/\/nordicpadel.com\/sv\/product\/babolat-pro-pulse-fury-clay\/\" \/>\n<meta property=\"og:site_name\" content=\"Nordic Padel\" \/>\n<meta property=\"article:modified_time\" content=\"2026-01-18T23:19:43+00:00\" \/>\n<meta property=\"og:image\" content=\"https:\/\/nordicpadel.com\/sv\/wp-content\/uploads\/sites\/10\/2025\/11\/5bf96bfce32dc4cbf752982315f5e46a-1.png\" \/>\n\t<meta property=\"og:image:width\" content=\"800\" \/>\n\t<meta property=\"og:image:height\" content=\"800\" \/>\n\t<meta property=\"og:image:type\" content=\"image\/png\" \/>\n<meta name=\"twitter:card\" content=\"summary_large_image\" \/>\n<meta name=\"twitter:label1\" content=\"Ber\u00e4knad l\u00e4stid\" \/>\n\t<meta name=\"twitter:data1\" content=\"1 minut\" \/>\n<script type=\"application\/ld+json\" class=\"yoast-schema-graph\">{\"@context\":\"https:\/\/schema.org\",\"@graph\":[{\"@type\":\"WebPage\",\"@id\":\"https:\/\/nordicpadel.com\/sv\/product\/babolat-pro-pulse-fury-clay\/\",\"url\":\"https:\/\/nordicpadel.com\/sv\/product\/babolat-pro-pulse-fury-clay\/\",\"name\":\"Babolat Pro Pulse Fury Clay - Nordic Padel\",\"isPartOf\":{\"@id\":\"https:\/\/nordicpadel.com\/sv\/#website\"},\"primaryImageOfPage\":{\"@id\":\"https:\/\/nordicpadel.com\/sv\/product\/babolat-pro-pulse-fury-clay\/#primaryimage\"},\"image\":{\"@id\":\"https:\/\/nordicpadel.com\/sv\/product\/babolat-pro-pulse-fury-clay\/#primaryimage\"},\"thumbnailUrl\":\"https:\/\/nordicpadel.com\/sv\/wp-content\/uploads\/sites\/10\/2025\/11\/5bf96bfce32dc4cbf752982315f5e46a-1.png\",\"datePublished\":\"2025-11-26T15:39:00+00:00\",\"dateModified\":\"2026-01-18T23:19:43+00:00\",\"breadcrumb\":{\"@id\":\"https:\/\/nordicpadel.com\/sv\/product\/babolat-pro-pulse-fury-clay\/#breadcrumb\"},\"inLanguage\":\"sv-SE\",\"potentialAction\":[{\"@type\":\"ReadAction\",\"target\":[\"https:\/\/nordicpadel.com\/sv\/product\/babolat-pro-pulse-fury-clay\/\"]}]},{\"@type\":\"ImageObject\",\"inLanguage\":\"sv-SE\",\"@id\":\"https:\/\/nordicpadel.com\/sv\/product\/babolat-pro-pulse-fury-clay\/#primaryimage\",\"url\":\"https:\/\/nordicpadel.com\/sv\/wp-content\/uploads\/sites\/10\/2025\/11\/5bf96bfce32dc4cbf752982315f5e46a-1.png\",\"contentUrl\":\"https:\/\/nordicpadel.com\/sv\/wp-content\/uploads\/sites\/10\/2025\/11\/5bf96bfce32dc4cbf752982315f5e46a-1.png\",\"width\":800,\"height\":800,\"caption\":\"Babolat Pro Pulse Fury Clay\"},{\"@type\":\"BreadcrumbList\",\"@id\":\"https:\/\/nordicpadel.com\/sv\/product\/babolat-pro-pulse-fury-clay\/#breadcrumb\",\"itemListElement\":[{\"@type\":\"ListItem\",\"position\":1,\"name\":\"Hem\",\"item\":\"https:\/\/nordicpadel.com\/sv\/\"},{\"@type\":\"ListItem\",\"position\":2,\"name\":\"Shop\",\"item\":\"https:\/\/nordicpadel.com\/sv\/shop\/\"},{\"@type\":\"ListItem\",\"position\":3,\"name\":\"Babolat Pro Pulse Fury Clay\"}]},{\"@type\":\"WebSite\",\"@id\":\"https:\/\/nordicpadel.com\/sv\/#website\",\"url\":\"https:\/\/nordicpadel.com\/sv\/\",\"name\":\"Nordic Padel\",\"description\":\"\",\"publisher\":{\"@id\":\"https:\/\/nordicpadel.com\/sv\/#organization\"},\"potentialAction\":[{\"@type\":\"SearchAction\",\"target\":{\"@type\":\"EntryPoint\",\"urlTemplate\":\"https:\/\/nordicpadel.com\/sv\/?s={search_term_string}\"},\"query-input\":\"required name=search_term_string\"}],\"inLanguage\":\"sv-SE\"},{\"@type\":\"Organization\",\"@id\":\"https:\/\/nordicpadel.com\/sv\/#organization\",\"name\":\"Nordic Padel\",\"url\":\"https:\/\/nordicpadel.com\/sv\/\",\"logo\":{\"@type\":\"ImageObject\",\"inLanguage\":\"sv-SE\",\"@id\":\"https:\/\/nordicpadel.com\/sv\/#\/schema\/logo\/image\/\",\"url\":\"https:\/\/nordicpadel.com\/sv\/wp-content\/uploads\/sites\/10\/2022\/12\/Nordic-Padel-small_1-1.png\",\"contentUrl\":\"https:\/\/nordicpadel.com\/sv\/wp-content\/uploads\/sites\/10\/2022\/12\/Nordic-Padel-small_1-1.png\",\"width\":400,\"height\":119,\"caption\":\"Nordic Padel\"},\"image\":{\"@id\":\"https:\/\/nordicpadel.com\/sv\/#\/schema\/logo\/image\/\"}}]}<\/script>\n<!-- \/ Yoast SEO plugin. -->","yoast_head_json":{"title":"Babolat Pro Pulse Fury Clay - Nordic Padel","robots":{"index":"index","follow":"follow","max-snippet":"max-snippet:-1","max-image-preview":"max-image-preview:large","max-video-preview":"max-video-preview:-1"},"canonical":"https:\/\/nordicpadel.com\/sv\/product\/babolat-pro-pulse-fury-clay\/","og_locale":"sv_SE","og_type":"article","og_title":"Babolat Pro Pulse Fury Clay - Nordic Padel","og_description":"Skon \u00e4r fullproppad med kvalit\u00e9 b\u00e5de vad g\u00e4ller komfort, stabilitet och slitstyrka. H\u00e4lkappan \u00e4r n\u00e5got h\u00f6gre och pl\u00f6sen \u00e4r sammanfogad med 360\u00b0 FIT vilket ger dig en strumpliknande k\u00e4nsla och den stabilitet som b\u00f6r finnas i tennis- och &lt;a href=&quot;https:\/\/nordicpadel.com\/sv\/product-category\/padelskor\/&#8221;&gt;padelskor. Skorna v\u00e4nder sig till dig som vill ha Babolats absoluta toppsko och som \u00f6nskar en [&hellip;]","og_url":"https:\/\/nordicpadel.com\/sv\/product\/babolat-pro-pulse-fury-clay\/","og_site_name":"Nordic Padel","article_modified_time":"2026-01-18T23:19:43+00:00","og_image":[{"width":800,"height":800,"url":"https:\/\/nordicpadel.com\/sv\/wp-content\/uploads\/sites\/10\/2025\/11\/5bf96bfce32dc4cbf752982315f5e46a-1.png","type":"image\/png"}],"twitter_card":"summary_large_image","twitter_misc":{"Ber\u00e4knad l\u00e4stid":"1 minut"},"schema":{"@context":"https:\/\/schema.org","@graph":[{"@type":"WebPage","@id":"https:\/\/nordicpadel.com\/sv\/product\/babolat-pro-pulse-fury-clay\/","url":"https:\/\/nordicpadel.com\/sv\/product\/babolat-pro-pulse-fury-clay\/","name":"Babolat Pro Pulse Fury Clay - Nordic Padel","isPartOf":{"@id":"https:\/\/nordicpadel.com\/sv\/#website"},"primaryImageOfPage":{"@id":"https:\/\/nordicpadel.com\/sv\/product\/babolat-pro-pulse-fury-clay\/#primaryimage"},"image":{"@id":"https:\/\/nordicpadel.com\/sv\/product\/babolat-pro-pulse-fury-clay\/#primaryimage"},"thumbnailUrl":"https:\/\/nordicpadel.com\/sv\/wp-content\/uploads\/sites\/10\/2025\/11\/5bf96bfce32dc4cbf752982315f5e46a-1.png","datePublished":"2025-11-26T15:39:00+00:00","dateModified":"2026-01-18T23:19:43+00:00","breadcrumb":{"@id":"https:\/\/nordicpadel.com\/sv\/product\/babolat-pro-pulse-fury-clay\/#breadcrumb"},"inLanguage":"sv-SE","potentialAction":[{"@type":"ReadAction","target":["https:\/\/nordicpadel.com\/sv\/product\/babolat-pro-pulse-fury-clay\/"]}]},{"@type":"ImageObject","inLanguage":"sv-SE","@id":"https:\/\/nordicpadel.com\/sv\/product\/babolat-pro-pulse-fury-clay\/#primaryimage","url":"https:\/\/nordicpadel.com\/sv\/wp-content\/uploads\/sites\/10\/2025\/11\/5bf96bfce32dc4cbf752982315f5e46a-1.png","contentUrl":"https:\/\/nordicpadel.com\/sv\/wp-content\/uploads\/sites\/10\/2025\/11\/5bf96bfce32dc4cbf752982315f5e46a-1.png","width":800,"height":800,"caption":"Babolat Pro Pulse Fury Clay"},{"@type":"BreadcrumbList","@id":"https:\/\/nordicpadel.com\/sv\/product\/babolat-pro-pulse-fury-clay\/#breadcrumb","itemListElement":[{"@type":"ListItem","position":1,"name":"Hem","item":"https:\/\/nordicpadel.com\/sv\/"},{"@type":"ListItem","position":2,"name":"Shop","item":"https:\/\/nordicpadel.com\/sv\/shop\/"},{"@type":"ListItem","position":3,"name":"Babolat Pro Pulse Fury Clay"}]},{"@type":"WebSite","@id":"https:\/\/nordicpadel.com\/sv\/#website","url":"https:\/\/nordicpadel.com\/sv\/","name":"Nordic Padel","description":"","publisher":{"@id":"https:\/\/nordicpadel.com\/sv\/#organization"},"potentialAction":[{"@type":"SearchAction","target":{"@type":"EntryPoint","urlTemplate":"https:\/\/nordicpadel.com\/sv\/?s={search_term_string}"},"query-input":"required name=search_term_string"}],"inLanguage":"sv-SE"},{"@type":"Organization","@id":"https:\/\/nordicpadel.com\/sv\/#organization","name":"Nordic Padel","url":"https:\/\/nordicpadel.com\/sv\/","logo":{"@type":"ImageObject","inLanguage":"sv-SE","@id":"https:\/\/nordicpadel.com\/sv\/#\/schema\/logo\/image\/","url":"https:\/\/nordicpadel.com\/sv\/wp-content\/uploads\/sites\/10\/2022\/12\/Nordic-Padel-small_1-1.png","contentUrl":"https:\/\/nordicpadel.com\/sv\/wp-content\/uploads\/sites\/10\/2022\/12\/Nordic-Padel-small_1-1.png","width":400,"height":119,"caption":"Nordic Padel"},"image":{"@id":"https:\/\/nordicpadel.com\/sv\/#\/schema\/logo\/image\/"}}]}},"brands":[],"_links":{"self":[{"href":"https:\/\/nordicpadel.com\/sv\/wp-json\/wp\/v2\/product\/85950","targetHints":{"allow":["GET"]}}],"collection":[{"href":"https:\/\/nordicpadel.com\/sv\/wp-json\/wp\/v2\/product"}],"about":[{"href":"https:\/\/nordicpadel.com\/sv\/wp-json\/wp\/v2\/types\/product"}],"replies":[{"embeddable":true,"href":"https:\/\/nordicpadel.com\/sv\/wp-json\/wp\/v2\/comments?post=85950"}],"wp:featuredmedia":[{"embeddable":true,"href":"https:\/\/nordicpadel.com\/sv\/wp-json\/wp\/v2\/media\/85944"}],"wp:attachment":[{"href":"https:\/\/nordicpadel.com\/sv\/wp-json\/wp\/v2\/media?parent=85950"}],"wp:term":[{"taxonomy":"pwb-brand","embeddable":true,"href":"https:\/\/nordicpadel.com\/sv\/wp-json\/wp\/v2\/pwb-brand?post=85950"},{"taxonomy":"product_cat","embeddable":true,"href":"https:\/\/nordicpadel.com\/sv\/wp-json\/wp\/v2\/product_cat?post=85950"},{"taxonomy":"product_tag","embeddable":true,"href":"https:\/\/nordicpadel.com\/sv\/wp-json\/wp\/v2\/product_tag?post=85950"},{"taxonomy":"woo-feed-brand","embeddable":true,"href":"https:\/\/nordicpadel.com\/sv\/wp-json\/wp\/v2\/woo-feed-brand?post=85950"}],"curies":[{"name":"wp","href":"https:\/\/api.w.org\/{rel}","templated":true}]}}