{"id":85903,"date":"2025-11-26T16:38:24","date_gmt":"2025-11-26T15:38:24","guid":{"rendered":"https:\/\/nordicpadel.com\/sv\/product\/head-pro-grip\/"},"modified":"2026-03-25T16:03:35","modified_gmt":"2026-03-25T15:03:35","slug":"head-pro-grip","status":"publish","type":"product","link":"https:\/\/nordicpadel.com\/sv\/product\/head-pro-grip\/","title":{"rendered":"HEAD Pro Grip"},"content":{"rendered":"<p>K\u00f6p en \u00f6verlinda som ger mycket bra grepp vid fuktigta f\u00f6rh\u00e5llande. S\u00f6ker du ett tennisgrepp som ger b\u00e4sta m\u00f6jliga grepp vid mycket handsvett? D\u00e5 har du denna eller Tournagrip att v\u00e4lja mellan. B\u00e4gge dessa lindor \u00e4r absolut b\u00e4st om du svettas mycket i h\u00e4nderna och tenderar att slinta p\u00e5 din tennisracket. \u00d6verlindan \u00e4r tunn och sk\u00f6n att h\u00e5lla i. Levereras: 3st grepp i varje paket F\u00e4rg: Bl\u00e5<\/p>\n","protected":false},"excerpt":{"rendered":"<p>K\u00f6p en \u00f6verlinda som ger mycket bra grepp vid fuktigta f\u00f6rh\u00e5llande. S\u00f6ker du ett tennisgrepp som ger b\u00e4sta m\u00f6jliga grepp vid mycket handsvett? D\u00e5 har du denna eller Tournagrip att v\u00e4lja mellan. B\u00e4gge dessa lindor \u00e4r absolut b\u00e4st om du svettas mycket i h\u00e4nderna och tenderar att slinta p\u00e5 din tennisracket. \u00d6verlindan \u00e4r tunn och [&hellip;]<\/p>\n","protected":false},"featured_media":85900,"comment_status":"open","ping_status":"closed","template":"","meta":[],"pwb-brand":[],"product_cat":[43],"product_tag":[],"woo-feed-brand":[],"class_list":{"0":"post-85903","1":"product","2":"type-product","3":"status-publish","4":"has-post-thumbnail","6":"product_cat-grepplindor","7":"pa_varumarke-head","9":"first","10":"instock","11":"taxable","12":"shipping-taxable","13":"purchasable","14":"product-type-simple"},"bundled_by":[],"bundle_stock_status":"instock","bundle_stock_quantity":7,"bundle_virtual":false,"bundle_layout":"","bundle_add_to_cart_form_location":"","bundle_editable_in_cart":false,"bundle_sold_individually_context":"","bundle_item_grouping":"","bundle_min_size":"","bundle_max_size":"","bundled_items":[],"bundle_sell_ids":[],"acf":[],"yoast_head":"<!-- This site is optimized with the Yoast SEO plugin v23.1 - https:\/\/yoast.com\/wordpress\/plugins\/seo\/ -->\n<title>HEAD Pro Grip - Nordic Padel<\/title>\n<meta name=\"robots\" content=\"index, follow, max-snippet:-1, max-image-preview:large, max-video-preview:-1\" \/>\n<link rel=\"canonical\" href=\"https:\/\/nordicpadel.com\/sv\/product\/head-pro-grip\/\" \/>\n<meta property=\"og:locale\" content=\"sv_SE\" \/>\n<meta property=\"og:type\" content=\"article\" \/>\n<meta property=\"og:title\" content=\"HEAD Pro Grip - Nordic Padel\" \/>\n<meta property=\"og:description\" content=\"K\u00f6p en \u00f6verlinda som ger mycket bra grepp vid fuktigta f\u00f6rh\u00e5llande. S\u00f6ker du ett tennisgrepp som ger b\u00e4sta m\u00f6jliga grepp vid mycket handsvett? D\u00e5 har du denna eller Tournagrip att v\u00e4lja mellan. B\u00e4gge dessa lindor \u00e4r absolut b\u00e4st om du svettas mycket i h\u00e4nderna och tenderar att slinta p\u00e5 din tennisracket. \u00d6verlindan \u00e4r tunn och [&hellip;]\" \/>\n<meta property=\"og:url\" content=\"https:\/\/nordicpadel.com\/sv\/product\/head-pro-grip\/\" \/>\n<meta property=\"og:site_name\" content=\"Nordic Padel\" \/>\n<meta property=\"article:modified_time\" content=\"2026-03-25T15:03:35+00:00\" \/>\n<meta name=\"twitter:card\" content=\"summary_large_image\" \/>\n<script type=\"application\/ld+json\" class=\"yoast-schema-graph\">{\"@context\":\"https:\/\/schema.org\",\"@graph\":[{\"@type\":\"WebPage\",\"@id\":\"https:\/\/nordicpadel.com\/sv\/product\/head-pro-grip\/\",\"url\":\"https:\/\/nordicpadel.com\/sv\/product\/head-pro-grip\/\",\"name\":\"HEAD Pro Grip - Nordic Padel\",\"isPartOf\":{\"@id\":\"https:\/\/nordicpadel.com\/sv\/#website\"},\"primaryImageOfPage\":{\"@id\":\"https:\/\/nordicpadel.com\/sv\/product\/head-pro-grip\/#primaryimage\"},\"image\":{\"@id\":\"https:\/\/nordicpadel.com\/sv\/product\/head-pro-grip\/#primaryimage\"},\"thumbnailUrl\":\"https:\/\/nordicpadel.com\/sv\/wp-content\/uploads\/sites\/10\/2025\/11\/165e2607050e38cb8824d04aa7883243.png\",\"datePublished\":\"2025-11-26T15:38:24+00:00\",\"dateModified\":\"2026-03-25T15:03:35+00:00\",\"breadcrumb\":{\"@id\":\"https:\/\/nordicpadel.com\/sv\/product\/head-pro-grip\/#breadcrumb\"},\"inLanguage\":\"sv-SE\",\"potentialAction\":[{\"@type\":\"ReadAction\",\"target\":[\"https:\/\/nordicpadel.com\/sv\/product\/head-pro-grip\/\"]}]},{\"@type\":\"ImageObject\",\"inLanguage\":\"sv-SE\",\"@id\":\"https:\/\/nordicpadel.com\/sv\/product\/head-pro-grip\/#primaryimage\",\"url\":\"https:\/\/nordicpadel.com\/sv\/wp-content\/uploads\/sites\/10\/2025\/11\/165e2607050e38cb8824d04aa7883243.png\",\"contentUrl\":\"https:\/\/nordicpadel.com\/sv\/wp-content\/uploads\/sites\/10\/2025\/11\/165e2607050e38cb8824d04aa7883243.png\",\"width\":800,\"height\":800,\"caption\":\"HEAD Pro Grip\"},{\"@type\":\"BreadcrumbList\",\"@id\":\"https:\/\/nordicpadel.com\/sv\/product\/head-pro-grip\/#breadcrumb\",\"itemListElement\":[{\"@type\":\"ListItem\",\"position\":1,\"name\":\"Hem\",\"item\":\"https:\/\/nordicpadel.com\/sv\/\"},{\"@type\":\"ListItem\",\"position\":2,\"name\":\"Shop\",\"item\":\"https:\/\/nordicpadel.com\/sv\/shop\/\"},{\"@type\":\"ListItem\",\"position\":3,\"name\":\"HEAD Pro Grip\"}]},{\"@type\":\"WebSite\",\"@id\":\"https:\/\/nordicpadel.com\/sv\/#website\",\"url\":\"https:\/\/nordicpadel.com\/sv\/\",\"name\":\"Nordic Padel\",\"description\":\"\",\"publisher\":{\"@id\":\"https:\/\/nordicpadel.com\/sv\/#organization\"},\"potentialAction\":[{\"@type\":\"SearchAction\",\"target\":{\"@type\":\"EntryPoint\",\"urlTemplate\":\"https:\/\/nordicpadel.com\/sv\/?s={search_term_string}\"},\"query-input\":\"required name=search_term_string\"}],\"inLanguage\":\"sv-SE\"},{\"@type\":\"Organization\",\"@id\":\"https:\/\/nordicpadel.com\/sv\/#organization\",\"name\":\"Nordic Padel\",\"url\":\"https:\/\/nordicpadel.com\/sv\/\",\"logo\":{\"@type\":\"ImageObject\",\"inLanguage\":\"sv-SE\",\"@id\":\"https:\/\/nordicpadel.com\/sv\/#\/schema\/logo\/image\/\",\"url\":\"https:\/\/nordicpadel.com\/sv\/wp-content\/uploads\/sites\/10\/2022\/12\/Nordic-Padel-small_1-1.png\",\"contentUrl\":\"https:\/\/nordicpadel.com\/sv\/wp-content\/uploads\/sites\/10\/2022\/12\/Nordic-Padel-small_1-1.png\",\"width\":400,\"height\":119,\"caption\":\"Nordic Padel\"},\"image\":{\"@id\":\"https:\/\/nordicpadel.com\/sv\/#\/schema\/logo\/image\/\"}}]}<\/script>\n<!-- \/ Yoast SEO plugin. -->","yoast_head_json":{"title":"HEAD Pro Grip - Nordic Padel","robots":{"index":"index","follow":"follow","max-snippet":"max-snippet:-1","max-image-preview":"max-image-preview:large","max-video-preview":"max-video-preview:-1"},"canonical":"https:\/\/nordicpadel.com\/sv\/product\/head-pro-grip\/","og_locale":"sv_SE","og_type":"article","og_title":"HEAD Pro Grip - Nordic Padel","og_description":"K\u00f6p en \u00f6verlinda som ger mycket bra grepp vid fuktigta f\u00f6rh\u00e5llande. S\u00f6ker du ett tennisgrepp som ger b\u00e4sta m\u00f6jliga grepp vid mycket handsvett? D\u00e5 har du denna eller Tournagrip att v\u00e4lja mellan. B\u00e4gge dessa lindor \u00e4r absolut b\u00e4st om du svettas mycket i h\u00e4nderna och tenderar att slinta p\u00e5 din tennisracket. \u00d6verlindan \u00e4r tunn och [&hellip;]","og_url":"https:\/\/nordicpadel.com\/sv\/product\/head-pro-grip\/","og_site_name":"Nordic Padel","article_modified_time":"2026-03-25T15:03:35+00:00","twitter_card":"summary_large_image","schema":{"@context":"https:\/\/schema.org","@graph":[{"@type":"WebPage","@id":"https:\/\/nordicpadel.com\/sv\/product\/head-pro-grip\/","url":"https:\/\/nordicpadel.com\/sv\/product\/head-pro-grip\/","name":"HEAD Pro Grip - Nordic Padel","isPartOf":{"@id":"https:\/\/nordicpadel.com\/sv\/#website"},"primaryImageOfPage":{"@id":"https:\/\/nordicpadel.com\/sv\/product\/head-pro-grip\/#primaryimage"},"image":{"@id":"https:\/\/nordicpadel.com\/sv\/product\/head-pro-grip\/#primaryimage"},"thumbnailUrl":"https:\/\/nordicpadel.com\/sv\/wp-content\/uploads\/sites\/10\/2025\/11\/165e2607050e38cb8824d04aa7883243.png","datePublished":"2025-11-26T15:38:24+00:00","dateModified":"2026-03-25T15:03:35+00:00","breadcrumb":{"@id":"https:\/\/nordicpadel.com\/sv\/product\/head-pro-grip\/#breadcrumb"},"inLanguage":"sv-SE","potentialAction":[{"@type":"ReadAction","target":["https:\/\/nordicpadel.com\/sv\/product\/head-pro-grip\/"]}]},{"@type":"ImageObject","inLanguage":"sv-SE","@id":"https:\/\/nordicpadel.com\/sv\/product\/head-pro-grip\/#primaryimage","url":"https:\/\/nordicpadel.com\/sv\/wp-content\/uploads\/sites\/10\/2025\/11\/165e2607050e38cb8824d04aa7883243.png","contentUrl":"https:\/\/nordicpadel.com\/sv\/wp-content\/uploads\/sites\/10\/2025\/11\/165e2607050e38cb8824d04aa7883243.png","width":800,"height":800,"caption":"HEAD Pro Grip"},{"@type":"BreadcrumbList","@id":"https:\/\/nordicpadel.com\/sv\/product\/head-pro-grip\/#breadcrumb","itemListElement":[{"@type":"ListItem","position":1,"name":"Hem","item":"https:\/\/nordicpadel.com\/sv\/"},{"@type":"ListItem","position":2,"name":"Shop","item":"https:\/\/nordicpadel.com\/sv\/shop\/"},{"@type":"ListItem","position":3,"name":"HEAD Pro Grip"}]},{"@type":"WebSite","@id":"https:\/\/nordicpadel.com\/sv\/#website","url":"https:\/\/nordicpadel.com\/sv\/","name":"Nordic Padel","description":"","publisher":{"@id":"https:\/\/nordicpadel.com\/sv\/#organization"},"potentialAction":[{"@type":"SearchAction","target":{"@type":"EntryPoint","urlTemplate":"https:\/\/nordicpadel.com\/sv\/?s={search_term_string}"},"query-input":"required name=search_term_string"}],"inLanguage":"sv-SE"},{"@type":"Organization","@id":"https:\/\/nordicpadel.com\/sv\/#organization","name":"Nordic Padel","url":"https:\/\/nordicpadel.com\/sv\/","logo":{"@type":"ImageObject","inLanguage":"sv-SE","@id":"https:\/\/nordicpadel.com\/sv\/#\/schema\/logo\/image\/","url":"https:\/\/nordicpadel.com\/sv\/wp-content\/uploads\/sites\/10\/2022\/12\/Nordic-Padel-small_1-1.png","contentUrl":"https:\/\/nordicpadel.com\/sv\/wp-content\/uploads\/sites\/10\/2022\/12\/Nordic-Padel-small_1-1.png","width":400,"height":119,"caption":"Nordic Padel"},"image":{"@id":"https:\/\/nordicpadel.com\/sv\/#\/schema\/logo\/image\/"}}]}},"brands":[],"_links":{"self":[{"href":"https:\/\/nordicpadel.com\/sv\/wp-json\/wp\/v2\/product\/85903","targetHints":{"allow":["GET"]}}],"collection":[{"href":"https:\/\/nordicpadel.com\/sv\/wp-json\/wp\/v2\/product"}],"about":[{"href":"https:\/\/nordicpadel.com\/sv\/wp-json\/wp\/v2\/types\/product"}],"replies":[{"embeddable":true,"href":"https:\/\/nordicpadel.com\/sv\/wp-json\/wp\/v2\/comments?post=85903"}],"wp:featuredmedia":[{"embeddable":true,"href":"https:\/\/nordicpadel.com\/sv\/wp-json\/wp\/v2\/media\/85900"}],"wp:attachment":[{"href":"https:\/\/nordicpadel.com\/sv\/wp-json\/wp\/v2\/media?parent=85903"}],"wp:term":[{"taxonomy":"pwb-brand","embeddable":true,"href":"https:\/\/nordicpadel.com\/sv\/wp-json\/wp\/v2\/pwb-brand?post=85903"},{"taxonomy":"product_cat","embeddable":true,"href":"https:\/\/nordicpadel.com\/sv\/wp-json\/wp\/v2\/product_cat?post=85903"},{"taxonomy":"product_tag","embeddable":true,"href":"https:\/\/nordicpadel.com\/sv\/wp-json\/wp\/v2\/product_tag?post=85903"},{"taxonomy":"woo-feed-brand","embeddable":true,"href":"https:\/\/nordicpadel.com\/sv\/wp-json\/wp\/v2\/woo-feed-brand?post=85903"}],"curies":[{"name":"wp","href":"https:\/\/api.w.org\/{rel}","templated":true}]}}