{"id":85892,"date":"2025-11-26T16:38:17","date_gmt":"2025-11-26T15:38:17","guid":{"rendered":"https:\/\/nordicpadel.com\/sv\/product\/wilson-bela-crew-iii-tee\/"},"modified":"2025-11-27T07:40:50","modified_gmt":"2025-11-27T06:40:50","slug":"wilson-bela-crew-iii-tee","status":"publish","type":"product","link":"https:\/\/nordicpadel.com\/sv\/product\/wilson-bela-crew-iii-tee\/","title":{"rendered":"Wilson Bela Crew III Tee"},"content":{"rendered":"<p>F\u00f6r dig som vill ha padelkl\u00e4der i kvalit\u00e8. Wilson har tagit fram en matchtr\u00f6ja med Bela signatur i funktionsmaterial och bra passform. Ett m\u00e5ste f\u00f6r padel\u00e4lskare. F\u00e4rg: Vit &#8211; Prestanda mjuk stickad bes\u00e4ttning med Bela-signatur och &#8216;W&#8217; logotyp-lock-up p\u00e5 \u00f6vre v\u00e4nstra br\u00f6stet &#8211; S\u00f6ml\u00f6s kropp f\u00f6r n\u00f6tningsfri komfort och ultimat r\u00f6relsefrihet &#8211; Konstruerad n\u00e4tventilation f\u00f6r minskad vikt och optimal andningsf\u00f6rm\u00e5ga &#8211; Kaos grafisk v\u00e4rmef\u00f6rsegling p\u00e5 h\u00f6ger \u00e4rm &#8211; Med nanoWik\u00ae fuktr\u00f6relseteknik f\u00f6r ultimat komfort<\/p>\n","protected":false},"excerpt":{"rendered":"<p>F\u00f6r dig som vill ha padelkl\u00e4der i kvalit\u00e8. Wilson har tagit fram en matchtr\u00f6ja med Bela signatur i funktionsmaterial och bra passform. Ett m\u00e5ste f\u00f6r padel\u00e4lskare. F\u00e4rg: Vit &#8211; Prestanda mjuk stickad bes\u00e4ttning med Bela-signatur och &#8216;W&#8217; logotyp-lock-up p\u00e5 \u00f6vre v\u00e4nstra br\u00f6stet &#8211; S\u00f6ml\u00f6s kropp f\u00f6r n\u00f6tningsfri komfort och ultimat r\u00f6relsefrihet &#8211; Konstruerad n\u00e4tventilation f\u00f6r [&hellip;]<\/p>\n","protected":false},"featured_media":85887,"comment_status":"open","ping_status":"closed","template":"","meta":[],"pwb-brand":[],"product_cat":[461],"product_tag":[],"woo-feed-brand":[],"class_list":{"0":"post-85892","1":"product","2":"type-product","3":"status-publish","4":"has-post-thumbnail","6":"product_cat-wilson","7":"pa_varumarke-wilson","9":"first","10":"instock","11":"taxable","12":"shipping-taxable","13":"purchasable","14":"product-type-variable"},"bundled_by":[],"bundle_stock_status":"instock","bundle_stock_quantity":1,"bundle_virtual":false,"bundle_layout":"","bundle_add_to_cart_form_location":"","bundle_editable_in_cart":false,"bundle_sold_individually_context":"","bundle_item_grouping":"","bundle_min_size":"","bundle_max_size":"","bundled_items":[],"bundle_sell_ids":[],"acf":[],"yoast_head":"<!-- This site is optimized with the Yoast SEO plugin v23.1 - https:\/\/yoast.com\/wordpress\/plugins\/seo\/ -->\n<title>Wilson Bela Crew III Tee - Nordic Padel<\/title>\n<meta name=\"robots\" content=\"index, follow, max-snippet:-1, max-image-preview:large, max-video-preview:-1\" \/>\n<link rel=\"canonical\" href=\"https:\/\/nordicpadel.com\/sv\/product\/wilson-bela-crew-iii-tee\/\" \/>\n<meta property=\"og:locale\" content=\"sv_SE\" \/>\n<meta property=\"og:type\" content=\"article\" \/>\n<meta property=\"og:title\" content=\"Wilson Bela Crew III Tee - Nordic Padel\" \/>\n<meta property=\"og:description\" content=\"F\u00f6r dig som vill ha padelkl\u00e4der i kvalit\u00e8. Wilson har tagit fram en matchtr\u00f6ja med Bela signatur i funktionsmaterial och bra passform. Ett m\u00e5ste f\u00f6r padel\u00e4lskare. F\u00e4rg: Vit &#8211; Prestanda mjuk stickad bes\u00e4ttning med Bela-signatur och &#8216;W&#8217; logotyp-lock-up p\u00e5 \u00f6vre v\u00e4nstra br\u00f6stet &#8211; S\u00f6ml\u00f6s kropp f\u00f6r n\u00f6tningsfri komfort och ultimat r\u00f6relsefrihet &#8211; Konstruerad n\u00e4tventilation f\u00f6r [&hellip;]\" \/>\n<meta property=\"og:url\" content=\"https:\/\/nordicpadel.com\/sv\/product\/wilson-bela-crew-iii-tee\/\" \/>\n<meta property=\"og:site_name\" content=\"Nordic Padel\" \/>\n<meta property=\"article:modified_time\" content=\"2025-11-27T06:40:50+00:00\" \/>\n<meta property=\"og:image\" content=\"https:\/\/nordicpadel.com\/sv\/wp-content\/uploads\/sites\/10\/2025\/11\/421a631587cd75b9071e9e4db97d7252.png\" \/>\n\t<meta property=\"og:image:width\" content=\"800\" \/>\n\t<meta property=\"og:image:height\" content=\"800\" \/>\n\t<meta property=\"og:image:type\" content=\"image\/png\" \/>\n<meta name=\"twitter:card\" content=\"summary_large_image\" \/>\n<script type=\"application\/ld+json\" class=\"yoast-schema-graph\">{\"@context\":\"https:\/\/schema.org\",\"@graph\":[{\"@type\":\"WebPage\",\"@id\":\"https:\/\/nordicpadel.com\/sv\/product\/wilson-bela-crew-iii-tee\/\",\"url\":\"https:\/\/nordicpadel.com\/sv\/product\/wilson-bela-crew-iii-tee\/\",\"name\":\"Wilson Bela Crew III Tee - Nordic Padel\",\"isPartOf\":{\"@id\":\"https:\/\/nordicpadel.com\/sv\/#website\"},\"primaryImageOfPage\":{\"@id\":\"https:\/\/nordicpadel.com\/sv\/product\/wilson-bela-crew-iii-tee\/#primaryimage\"},\"image\":{\"@id\":\"https:\/\/nordicpadel.com\/sv\/product\/wilson-bela-crew-iii-tee\/#primaryimage\"},\"thumbnailUrl\":\"https:\/\/nordicpadel.com\/sv\/wp-content\/uploads\/sites\/10\/2025\/11\/421a631587cd75b9071e9e4db97d7252.png\",\"datePublished\":\"2025-11-26T15:38:17+00:00\",\"dateModified\":\"2025-11-27T06:40:50+00:00\",\"breadcrumb\":{\"@id\":\"https:\/\/nordicpadel.com\/sv\/product\/wilson-bela-crew-iii-tee\/#breadcrumb\"},\"inLanguage\":\"sv-SE\",\"potentialAction\":[{\"@type\":\"ReadAction\",\"target\":[\"https:\/\/nordicpadel.com\/sv\/product\/wilson-bela-crew-iii-tee\/\"]}]},{\"@type\":\"ImageObject\",\"inLanguage\":\"sv-SE\",\"@id\":\"https:\/\/nordicpadel.com\/sv\/product\/wilson-bela-crew-iii-tee\/#primaryimage\",\"url\":\"https:\/\/nordicpadel.com\/sv\/wp-content\/uploads\/sites\/10\/2025\/11\/421a631587cd75b9071e9e4db97d7252.png\",\"contentUrl\":\"https:\/\/nordicpadel.com\/sv\/wp-content\/uploads\/sites\/10\/2025\/11\/421a631587cd75b9071e9e4db97d7252.png\",\"width\":800,\"height\":800,\"caption\":\"Wilson Bela Crew III Tee\"},{\"@type\":\"BreadcrumbList\",\"@id\":\"https:\/\/nordicpadel.com\/sv\/product\/wilson-bela-crew-iii-tee\/#breadcrumb\",\"itemListElement\":[{\"@type\":\"ListItem\",\"position\":1,\"name\":\"Hem\",\"item\":\"https:\/\/nordicpadel.com\/sv\/\"},{\"@type\":\"ListItem\",\"position\":2,\"name\":\"Shop\",\"item\":\"https:\/\/nordicpadel.com\/sv\/shop\/\"},{\"@type\":\"ListItem\",\"position\":3,\"name\":\"Wilson Bela Crew III Tee\"}]},{\"@type\":\"WebSite\",\"@id\":\"https:\/\/nordicpadel.com\/sv\/#website\",\"url\":\"https:\/\/nordicpadel.com\/sv\/\",\"name\":\"Nordic Padel\",\"description\":\"\",\"publisher\":{\"@id\":\"https:\/\/nordicpadel.com\/sv\/#organization\"},\"potentialAction\":[{\"@type\":\"SearchAction\",\"target\":{\"@type\":\"EntryPoint\",\"urlTemplate\":\"https:\/\/nordicpadel.com\/sv\/?s={search_term_string}\"},\"query-input\":\"required name=search_term_string\"}],\"inLanguage\":\"sv-SE\"},{\"@type\":\"Organization\",\"@id\":\"https:\/\/nordicpadel.com\/sv\/#organization\",\"name\":\"Nordic Padel\",\"url\":\"https:\/\/nordicpadel.com\/sv\/\",\"logo\":{\"@type\":\"ImageObject\",\"inLanguage\":\"sv-SE\",\"@id\":\"https:\/\/nordicpadel.com\/sv\/#\/schema\/logo\/image\/\",\"url\":\"https:\/\/nordicpadel.com\/sv\/wp-content\/uploads\/sites\/10\/2022\/12\/Nordic-Padel-small_1-1.png\",\"contentUrl\":\"https:\/\/nordicpadel.com\/sv\/wp-content\/uploads\/sites\/10\/2022\/12\/Nordic-Padel-small_1-1.png\",\"width\":400,\"height\":119,\"caption\":\"Nordic Padel\"},\"image\":{\"@id\":\"https:\/\/nordicpadel.com\/sv\/#\/schema\/logo\/image\/\"}}]}<\/script>\n<!-- \/ Yoast SEO plugin. -->","yoast_head_json":{"title":"Wilson Bela Crew III Tee - Nordic Padel","robots":{"index":"index","follow":"follow","max-snippet":"max-snippet:-1","max-image-preview":"max-image-preview:large","max-video-preview":"max-video-preview:-1"},"canonical":"https:\/\/nordicpadel.com\/sv\/product\/wilson-bela-crew-iii-tee\/","og_locale":"sv_SE","og_type":"article","og_title":"Wilson Bela Crew III Tee - Nordic Padel","og_description":"F\u00f6r dig som vill ha padelkl\u00e4der i kvalit\u00e8. Wilson har tagit fram en matchtr\u00f6ja med Bela signatur i funktionsmaterial och bra passform. Ett m\u00e5ste f\u00f6r padel\u00e4lskare. F\u00e4rg: Vit &#8211; Prestanda mjuk stickad bes\u00e4ttning med Bela-signatur och &#8216;W&#8217; logotyp-lock-up p\u00e5 \u00f6vre v\u00e4nstra br\u00f6stet &#8211; S\u00f6ml\u00f6s kropp f\u00f6r n\u00f6tningsfri komfort och ultimat r\u00f6relsefrihet &#8211; Konstruerad n\u00e4tventilation f\u00f6r [&hellip;]","og_url":"https:\/\/nordicpadel.com\/sv\/product\/wilson-bela-crew-iii-tee\/","og_site_name":"Nordic Padel","article_modified_time":"2025-11-27T06:40:50+00:00","og_image":[{"width":800,"height":800,"url":"https:\/\/nordicpadel.com\/sv\/wp-content\/uploads\/sites\/10\/2025\/11\/421a631587cd75b9071e9e4db97d7252.png","type":"image\/png"}],"twitter_card":"summary_large_image","schema":{"@context":"https:\/\/schema.org","@graph":[{"@type":"WebPage","@id":"https:\/\/nordicpadel.com\/sv\/product\/wilson-bela-crew-iii-tee\/","url":"https:\/\/nordicpadel.com\/sv\/product\/wilson-bela-crew-iii-tee\/","name":"Wilson Bela Crew III Tee - Nordic Padel","isPartOf":{"@id":"https:\/\/nordicpadel.com\/sv\/#website"},"primaryImageOfPage":{"@id":"https:\/\/nordicpadel.com\/sv\/product\/wilson-bela-crew-iii-tee\/#primaryimage"},"image":{"@id":"https:\/\/nordicpadel.com\/sv\/product\/wilson-bela-crew-iii-tee\/#primaryimage"},"thumbnailUrl":"https:\/\/nordicpadel.com\/sv\/wp-content\/uploads\/sites\/10\/2025\/11\/421a631587cd75b9071e9e4db97d7252.png","datePublished":"2025-11-26T15:38:17+00:00","dateModified":"2025-11-27T06:40:50+00:00","breadcrumb":{"@id":"https:\/\/nordicpadel.com\/sv\/product\/wilson-bela-crew-iii-tee\/#breadcrumb"},"inLanguage":"sv-SE","potentialAction":[{"@type":"ReadAction","target":["https:\/\/nordicpadel.com\/sv\/product\/wilson-bela-crew-iii-tee\/"]}]},{"@type":"ImageObject","inLanguage":"sv-SE","@id":"https:\/\/nordicpadel.com\/sv\/product\/wilson-bela-crew-iii-tee\/#primaryimage","url":"https:\/\/nordicpadel.com\/sv\/wp-content\/uploads\/sites\/10\/2025\/11\/421a631587cd75b9071e9e4db97d7252.png","contentUrl":"https:\/\/nordicpadel.com\/sv\/wp-content\/uploads\/sites\/10\/2025\/11\/421a631587cd75b9071e9e4db97d7252.png","width":800,"height":800,"caption":"Wilson Bela Crew III Tee"},{"@type":"BreadcrumbList","@id":"https:\/\/nordicpadel.com\/sv\/product\/wilson-bela-crew-iii-tee\/#breadcrumb","itemListElement":[{"@type":"ListItem","position":1,"name":"Hem","item":"https:\/\/nordicpadel.com\/sv\/"},{"@type":"ListItem","position":2,"name":"Shop","item":"https:\/\/nordicpadel.com\/sv\/shop\/"},{"@type":"ListItem","position":3,"name":"Wilson Bela Crew III Tee"}]},{"@type":"WebSite","@id":"https:\/\/nordicpadel.com\/sv\/#website","url":"https:\/\/nordicpadel.com\/sv\/","name":"Nordic Padel","description":"","publisher":{"@id":"https:\/\/nordicpadel.com\/sv\/#organization"},"potentialAction":[{"@type":"SearchAction","target":{"@type":"EntryPoint","urlTemplate":"https:\/\/nordicpadel.com\/sv\/?s={search_term_string}"},"query-input":"required name=search_term_string"}],"inLanguage":"sv-SE"},{"@type":"Organization","@id":"https:\/\/nordicpadel.com\/sv\/#organization","name":"Nordic Padel","url":"https:\/\/nordicpadel.com\/sv\/","logo":{"@type":"ImageObject","inLanguage":"sv-SE","@id":"https:\/\/nordicpadel.com\/sv\/#\/schema\/logo\/image\/","url":"https:\/\/nordicpadel.com\/sv\/wp-content\/uploads\/sites\/10\/2022\/12\/Nordic-Padel-small_1-1.png","contentUrl":"https:\/\/nordicpadel.com\/sv\/wp-content\/uploads\/sites\/10\/2022\/12\/Nordic-Padel-small_1-1.png","width":400,"height":119,"caption":"Nordic Padel"},"image":{"@id":"https:\/\/nordicpadel.com\/sv\/#\/schema\/logo\/image\/"}}]}},"brands":[],"_links":{"self":[{"href":"https:\/\/nordicpadel.com\/sv\/wp-json\/wp\/v2\/product\/85892","targetHints":{"allow":["GET"]}}],"collection":[{"href":"https:\/\/nordicpadel.com\/sv\/wp-json\/wp\/v2\/product"}],"about":[{"href":"https:\/\/nordicpadel.com\/sv\/wp-json\/wp\/v2\/types\/product"}],"replies":[{"embeddable":true,"href":"https:\/\/nordicpadel.com\/sv\/wp-json\/wp\/v2\/comments?post=85892"}],"wp:featuredmedia":[{"embeddable":true,"href":"https:\/\/nordicpadel.com\/sv\/wp-json\/wp\/v2\/media\/85887"}],"wp:attachment":[{"href":"https:\/\/nordicpadel.com\/sv\/wp-json\/wp\/v2\/media?parent=85892"}],"wp:term":[{"taxonomy":"pwb-brand","embeddable":true,"href":"https:\/\/nordicpadel.com\/sv\/wp-json\/wp\/v2\/pwb-brand?post=85892"},{"taxonomy":"product_cat","embeddable":true,"href":"https:\/\/nordicpadel.com\/sv\/wp-json\/wp\/v2\/product_cat?post=85892"},{"taxonomy":"product_tag","embeddable":true,"href":"https:\/\/nordicpadel.com\/sv\/wp-json\/wp\/v2\/product_tag?post=85892"},{"taxonomy":"woo-feed-brand","embeddable":true,"href":"https:\/\/nordicpadel.com\/sv\/wp-json\/wp\/v2\/woo-feed-brand?post=85892"}],"curies":[{"name":"wp","href":"https:\/\/api.w.org\/{rel}","templated":true}]}}