{"id":85860,"date":"2025-11-26T16:37:49","date_gmt":"2025-11-26T15:37:49","guid":{"rendered":"https:\/\/nordicpadel.com\/sv\/product\/nordicdots-tee\/"},"modified":"2026-03-09T00:53:24","modified_gmt":"2026-03-08T23:53:24","slug":"nordicdots-tee","status":"publish","type":"product","link":"https:\/\/nordicpadel.com\/sv\/product\/nordicdots-tee\/","title":{"rendered":"NordicDots Tee"},"content":{"rendered":"<p>K\u00f6p en vit v-ringad tshirt f\u00f6r padelspelare och tennisspelare. Tenniskl\u00e4der och padelkl\u00e4der har mycket gemensamt s\u00e5 som att vara absorbera bort fukt snabbt, v\u00e4lsydda s\u00f6mmar och mjukt material f\u00f6r b\u00e4sta komfort. H\u00e4r levererar Nordicdots en t-shirt som \u00e4r v-ringad med kort \u00e4rm och har mjukt lite stretchigt funktionsmateraial i vitt. Dessutom \u00e4r den tillverkad med 90% \u00e5tervunnen Polyester. F\u00e4rg: Vit Material: 90% \u00c5tervunnen Polyester, 10% Elastan Tv\u00e4ttr\u00e5d: Maskintv\u00e4tt, 40 grader syntet<\/p>\n","protected":false},"excerpt":{"rendered":"<p>K\u00f6p en vit v-ringad tshirt f\u00f6r padelspelare och tennisspelare. Tenniskl\u00e4der och padelkl\u00e4der har mycket gemensamt s\u00e5 som att vara absorbera bort fukt snabbt, v\u00e4lsydda s\u00f6mmar och mjukt material f\u00f6r b\u00e4sta komfort. H\u00e4r levererar Nordicdots en t-shirt som \u00e4r v-ringad med kort \u00e4rm och har mjukt lite stretchigt funktionsmateraial i vitt. Dessutom \u00e4r den tillverkad med [&hellip;]<\/p>\n","protected":false},"featured_media":85857,"comment_status":"open","ping_status":"closed","template":"","meta":[],"pwb-brand":[],"product_cat":[468,39],"product_tag":[],"woo-feed-brand":[],"class_list":{"0":"post-85860","1":"product","2":"type-product","3":"status-publish","4":"has-post-thumbnail","6":"product_cat-noridc-dots","7":"product_cat-padelklader-dam","8":"pa_varumarke-nordicdots","10":"first","11":"instock","12":"taxable","13":"shipping-taxable","14":"purchasable","15":"product-type-variable"},"bundled_by":[],"bundle_stock_status":"instock","bundle_stock_quantity":6,"bundle_virtual":false,"bundle_layout":"","bundle_add_to_cart_form_location":"","bundle_editable_in_cart":false,"bundle_sold_individually_context":"","bundle_item_grouping":"","bundle_min_size":"","bundle_max_size":"","bundled_items":[],"bundle_sell_ids":[],"acf":[],"yoast_head":"<!-- This site is optimized with the Yoast SEO plugin v23.1 - https:\/\/yoast.com\/wordpress\/plugins\/seo\/ -->\n<title>NordicDots Tee - Nordic Padel<\/title>\n<meta name=\"robots\" content=\"index, follow, max-snippet:-1, max-image-preview:large, max-video-preview:-1\" \/>\n<link rel=\"canonical\" href=\"https:\/\/nordicpadel.com\/sv\/product\/nordicdots-tee\/\" \/>\n<meta property=\"og:locale\" content=\"sv_SE\" \/>\n<meta property=\"og:type\" content=\"article\" \/>\n<meta property=\"og:title\" content=\"NordicDots Tee - Nordic Padel\" \/>\n<meta property=\"og:description\" content=\"K\u00f6p en vit v-ringad tshirt f\u00f6r padelspelare och tennisspelare. Tenniskl\u00e4der och padelkl\u00e4der har mycket gemensamt s\u00e5 som att vara absorbera bort fukt snabbt, v\u00e4lsydda s\u00f6mmar och mjukt material f\u00f6r b\u00e4sta komfort. H\u00e4r levererar Nordicdots en t-shirt som \u00e4r v-ringad med kort \u00e4rm och har mjukt lite stretchigt funktionsmateraial i vitt. Dessutom \u00e4r den tillverkad med [&hellip;]\" \/>\n<meta property=\"og:url\" content=\"https:\/\/nordicpadel.com\/sv\/product\/nordicdots-tee\/\" \/>\n<meta property=\"og:site_name\" content=\"Nordic Padel\" \/>\n<meta property=\"article:modified_time\" content=\"2026-03-08T23:53:24+00:00\" \/>\n<meta name=\"twitter:card\" content=\"summary_large_image\" \/>\n<script type=\"application\/ld+json\" class=\"yoast-schema-graph\">{\"@context\":\"https:\/\/schema.org\",\"@graph\":[{\"@type\":\"WebPage\",\"@id\":\"https:\/\/nordicpadel.com\/sv\/product\/nordicdots-tee\/\",\"url\":\"https:\/\/nordicpadel.com\/sv\/product\/nordicdots-tee\/\",\"name\":\"NordicDots Tee - Nordic Padel\",\"isPartOf\":{\"@id\":\"https:\/\/nordicpadel.com\/sv\/#website\"},\"primaryImageOfPage\":{\"@id\":\"https:\/\/nordicpadel.com\/sv\/product\/nordicdots-tee\/#primaryimage\"},\"image\":{\"@id\":\"https:\/\/nordicpadel.com\/sv\/product\/nordicdots-tee\/#primaryimage\"},\"thumbnailUrl\":\"https:\/\/nordicpadel.com\/sv\/wp-content\/uploads\/sites\/10\/2025\/11\/de419d32e2f3150fcc22bdedefe95167.png\",\"datePublished\":\"2025-11-26T15:37:49+00:00\",\"dateModified\":\"2026-03-08T23:53:24+00:00\",\"breadcrumb\":{\"@id\":\"https:\/\/nordicpadel.com\/sv\/product\/nordicdots-tee\/#breadcrumb\"},\"inLanguage\":\"sv-SE\",\"potentialAction\":[{\"@type\":\"ReadAction\",\"target\":[\"https:\/\/nordicpadel.com\/sv\/product\/nordicdots-tee\/\"]}]},{\"@type\":\"ImageObject\",\"inLanguage\":\"sv-SE\",\"@id\":\"https:\/\/nordicpadel.com\/sv\/product\/nordicdots-tee\/#primaryimage\",\"url\":\"https:\/\/nordicpadel.com\/sv\/wp-content\/uploads\/sites\/10\/2025\/11\/de419d32e2f3150fcc22bdedefe95167.png\",\"contentUrl\":\"https:\/\/nordicpadel.com\/sv\/wp-content\/uploads\/sites\/10\/2025\/11\/de419d32e2f3150fcc22bdedefe95167.png\",\"width\":800,\"height\":800,\"caption\":\"NordicDots Tee\"},{\"@type\":\"BreadcrumbList\",\"@id\":\"https:\/\/nordicpadel.com\/sv\/product\/nordicdots-tee\/#breadcrumb\",\"itemListElement\":[{\"@type\":\"ListItem\",\"position\":1,\"name\":\"Hem\",\"item\":\"https:\/\/nordicpadel.com\/sv\/\"},{\"@type\":\"ListItem\",\"position\":2,\"name\":\"Shop\",\"item\":\"https:\/\/nordicpadel.com\/sv\/shop\/\"},{\"@type\":\"ListItem\",\"position\":3,\"name\":\"NordicDots Tee\"}]},{\"@type\":\"WebSite\",\"@id\":\"https:\/\/nordicpadel.com\/sv\/#website\",\"url\":\"https:\/\/nordicpadel.com\/sv\/\",\"name\":\"Nordic Padel\",\"description\":\"\",\"publisher\":{\"@id\":\"https:\/\/nordicpadel.com\/sv\/#organization\"},\"potentialAction\":[{\"@type\":\"SearchAction\",\"target\":{\"@type\":\"EntryPoint\",\"urlTemplate\":\"https:\/\/nordicpadel.com\/sv\/?s={search_term_string}\"},\"query-input\":\"required name=search_term_string\"}],\"inLanguage\":\"sv-SE\"},{\"@type\":\"Organization\",\"@id\":\"https:\/\/nordicpadel.com\/sv\/#organization\",\"name\":\"Nordic Padel\",\"url\":\"https:\/\/nordicpadel.com\/sv\/\",\"logo\":{\"@type\":\"ImageObject\",\"inLanguage\":\"sv-SE\",\"@id\":\"https:\/\/nordicpadel.com\/sv\/#\/schema\/logo\/image\/\",\"url\":\"https:\/\/nordicpadel.com\/sv\/wp-content\/uploads\/sites\/10\/2022\/12\/Nordic-Padel-small_1-1.png\",\"contentUrl\":\"https:\/\/nordicpadel.com\/sv\/wp-content\/uploads\/sites\/10\/2022\/12\/Nordic-Padel-small_1-1.png\",\"width\":400,\"height\":119,\"caption\":\"Nordic Padel\"},\"image\":{\"@id\":\"https:\/\/nordicpadel.com\/sv\/#\/schema\/logo\/image\/\"}}]}<\/script>\n<!-- \/ Yoast SEO plugin. -->","yoast_head_json":{"title":"NordicDots Tee - Nordic Padel","robots":{"index":"index","follow":"follow","max-snippet":"max-snippet:-1","max-image-preview":"max-image-preview:large","max-video-preview":"max-video-preview:-1"},"canonical":"https:\/\/nordicpadel.com\/sv\/product\/nordicdots-tee\/","og_locale":"sv_SE","og_type":"article","og_title":"NordicDots Tee - Nordic Padel","og_description":"K\u00f6p en vit v-ringad tshirt f\u00f6r padelspelare och tennisspelare. Tenniskl\u00e4der och padelkl\u00e4der har mycket gemensamt s\u00e5 som att vara absorbera bort fukt snabbt, v\u00e4lsydda s\u00f6mmar och mjukt material f\u00f6r b\u00e4sta komfort. H\u00e4r levererar Nordicdots en t-shirt som \u00e4r v-ringad med kort \u00e4rm och har mjukt lite stretchigt funktionsmateraial i vitt. Dessutom \u00e4r den tillverkad med [&hellip;]","og_url":"https:\/\/nordicpadel.com\/sv\/product\/nordicdots-tee\/","og_site_name":"Nordic Padel","article_modified_time":"2026-03-08T23:53:24+00:00","twitter_card":"summary_large_image","schema":{"@context":"https:\/\/schema.org","@graph":[{"@type":"WebPage","@id":"https:\/\/nordicpadel.com\/sv\/product\/nordicdots-tee\/","url":"https:\/\/nordicpadel.com\/sv\/product\/nordicdots-tee\/","name":"NordicDots Tee - Nordic Padel","isPartOf":{"@id":"https:\/\/nordicpadel.com\/sv\/#website"},"primaryImageOfPage":{"@id":"https:\/\/nordicpadel.com\/sv\/product\/nordicdots-tee\/#primaryimage"},"image":{"@id":"https:\/\/nordicpadel.com\/sv\/product\/nordicdots-tee\/#primaryimage"},"thumbnailUrl":"https:\/\/nordicpadel.com\/sv\/wp-content\/uploads\/sites\/10\/2025\/11\/de419d32e2f3150fcc22bdedefe95167.png","datePublished":"2025-11-26T15:37:49+00:00","dateModified":"2026-03-08T23:53:24+00:00","breadcrumb":{"@id":"https:\/\/nordicpadel.com\/sv\/product\/nordicdots-tee\/#breadcrumb"},"inLanguage":"sv-SE","potentialAction":[{"@type":"ReadAction","target":["https:\/\/nordicpadel.com\/sv\/product\/nordicdots-tee\/"]}]},{"@type":"ImageObject","inLanguage":"sv-SE","@id":"https:\/\/nordicpadel.com\/sv\/product\/nordicdots-tee\/#primaryimage","url":"https:\/\/nordicpadel.com\/sv\/wp-content\/uploads\/sites\/10\/2025\/11\/de419d32e2f3150fcc22bdedefe95167.png","contentUrl":"https:\/\/nordicpadel.com\/sv\/wp-content\/uploads\/sites\/10\/2025\/11\/de419d32e2f3150fcc22bdedefe95167.png","width":800,"height":800,"caption":"NordicDots Tee"},{"@type":"BreadcrumbList","@id":"https:\/\/nordicpadel.com\/sv\/product\/nordicdots-tee\/#breadcrumb","itemListElement":[{"@type":"ListItem","position":1,"name":"Hem","item":"https:\/\/nordicpadel.com\/sv\/"},{"@type":"ListItem","position":2,"name":"Shop","item":"https:\/\/nordicpadel.com\/sv\/shop\/"},{"@type":"ListItem","position":3,"name":"NordicDots Tee"}]},{"@type":"WebSite","@id":"https:\/\/nordicpadel.com\/sv\/#website","url":"https:\/\/nordicpadel.com\/sv\/","name":"Nordic Padel","description":"","publisher":{"@id":"https:\/\/nordicpadel.com\/sv\/#organization"},"potentialAction":[{"@type":"SearchAction","target":{"@type":"EntryPoint","urlTemplate":"https:\/\/nordicpadel.com\/sv\/?s={search_term_string}"},"query-input":"required name=search_term_string"}],"inLanguage":"sv-SE"},{"@type":"Organization","@id":"https:\/\/nordicpadel.com\/sv\/#organization","name":"Nordic Padel","url":"https:\/\/nordicpadel.com\/sv\/","logo":{"@type":"ImageObject","inLanguage":"sv-SE","@id":"https:\/\/nordicpadel.com\/sv\/#\/schema\/logo\/image\/","url":"https:\/\/nordicpadel.com\/sv\/wp-content\/uploads\/sites\/10\/2022\/12\/Nordic-Padel-small_1-1.png","contentUrl":"https:\/\/nordicpadel.com\/sv\/wp-content\/uploads\/sites\/10\/2022\/12\/Nordic-Padel-small_1-1.png","width":400,"height":119,"caption":"Nordic Padel"},"image":{"@id":"https:\/\/nordicpadel.com\/sv\/#\/schema\/logo\/image\/"}}]}},"brands":[],"_links":{"self":[{"href":"https:\/\/nordicpadel.com\/sv\/wp-json\/wp\/v2\/product\/85860","targetHints":{"allow":["GET"]}}],"collection":[{"href":"https:\/\/nordicpadel.com\/sv\/wp-json\/wp\/v2\/product"}],"about":[{"href":"https:\/\/nordicpadel.com\/sv\/wp-json\/wp\/v2\/types\/product"}],"replies":[{"embeddable":true,"href":"https:\/\/nordicpadel.com\/sv\/wp-json\/wp\/v2\/comments?post=85860"}],"wp:featuredmedia":[{"embeddable":true,"href":"https:\/\/nordicpadel.com\/sv\/wp-json\/wp\/v2\/media\/85857"}],"wp:attachment":[{"href":"https:\/\/nordicpadel.com\/sv\/wp-json\/wp\/v2\/media?parent=85860"}],"wp:term":[{"taxonomy":"pwb-brand","embeddable":true,"href":"https:\/\/nordicpadel.com\/sv\/wp-json\/wp\/v2\/pwb-brand?post=85860"},{"taxonomy":"product_cat","embeddable":true,"href":"https:\/\/nordicpadel.com\/sv\/wp-json\/wp\/v2\/product_cat?post=85860"},{"taxonomy":"product_tag","embeddable":true,"href":"https:\/\/nordicpadel.com\/sv\/wp-json\/wp\/v2\/product_tag?post=85860"},{"taxonomy":"woo-feed-brand","embeddable":true,"href":"https:\/\/nordicpadel.com\/sv\/wp-json\/wp\/v2\/woo-feed-brand?post=85860"}],"curies":[{"name":"wp","href":"https:\/\/api.w.org\/{rel}","templated":true}]}}