{"id":85859,"date":"2025-11-26T16:37:48","date_gmt":"2025-11-26T15:37:48","guid":{"rendered":"https:\/\/nordicpadel.com\/sv\/product\/nordicdots-classic-tank-3\/"},"modified":"2026-03-09T00:52:45","modified_gmt":"2026-03-08T23:52:45","slug":"nordicdots-classic-tank-3","status":"publish","type":"product","link":"https:\/\/nordicpadel.com\/sv\/product\/nordicdots-classic-tank-3\/","title":{"rendered":"NordicDots Classic Tank"},"content":{"rendered":"<p>K\u00f6p ett svart linne f\u00f6r aktiva kvinnor p\u00e5 tennisbanan och padelbanan. Nordicdots svarta linne tillverkat i funktionsmaterial som h\u00e5ller dig torr. Mjukt och stretchigt material f\u00f6r b\u00e4sta komfort. Vare sig du spelar tennis eller padel s\u00e5 \u00e4r detta ett bra val f\u00f6r dig som vill h\u00e5lla dig sval p\u00e5 banan. U-ringad och brottarrygg ger en extra luftig k\u00e4nsla. Linnet \u00e4r tillverkat av 90% \u00e5tervunnen Polyester vilket \u00e4ven g\u00f6r det till ett klimatsmart val. F\u00e4rg: svart Material: 90% \u00e5tervunnen Polyester, 10% Elastan Tv\u00e4ttr\u00e5d: Maskintv\u00e4tt, 40 grader syntet<\/p>\n","protected":false},"excerpt":{"rendered":"<p>K\u00f6p ett svart linne f\u00f6r aktiva kvinnor p\u00e5 tennisbanan och padelbanan. Nordicdots svarta linne tillverkat i funktionsmaterial som h\u00e5ller dig torr. Mjukt och stretchigt material f\u00f6r b\u00e4sta komfort. Vare sig du spelar tennis eller padel s\u00e5 \u00e4r detta ett bra val f\u00f6r dig som vill h\u00e5lla dig sval p\u00e5 banan. U-ringad och brottarrygg ger en [&hellip;]<\/p>\n","protected":false},"featured_media":85855,"comment_status":"open","ping_status":"closed","template":"","meta":[],"pwb-brand":[],"product_cat":[468],"product_tag":[],"woo-feed-brand":[],"class_list":{"0":"post-85859","1":"product","2":"type-product","3":"status-publish","4":"has-post-thumbnail","6":"product_cat-noridc-dots","7":"pa_varumarke-nordicdots","9":"first","10":"instock","11":"taxable","12":"shipping-taxable","13":"purchasable","14":"product-type-variable"},"bundled_by":[],"bundle_stock_status":"instock","bundle_stock_quantity":6,"bundle_virtual":false,"bundle_layout":"","bundle_add_to_cart_form_location":"","bundle_editable_in_cart":false,"bundle_sold_individually_context":"","bundle_item_grouping":"","bundle_min_size":"","bundle_max_size":"","bundled_items":[],"bundle_sell_ids":[],"acf":[],"yoast_head":"<!-- This site is optimized with the Yoast SEO plugin v23.1 - https:\/\/yoast.com\/wordpress\/plugins\/seo\/ -->\n<title>NordicDots Classic Tank - Nordic Padel<\/title>\n<meta name=\"robots\" content=\"index, follow, max-snippet:-1, max-image-preview:large, max-video-preview:-1\" \/>\n<link rel=\"canonical\" href=\"https:\/\/nordicpadel.com\/sv\/product\/nordicdots-classic-tank-3\/\" \/>\n<meta property=\"og:locale\" content=\"sv_SE\" \/>\n<meta property=\"og:type\" content=\"article\" \/>\n<meta property=\"og:title\" content=\"NordicDots Classic Tank - Nordic Padel\" \/>\n<meta property=\"og:description\" content=\"K\u00f6p ett svart linne f\u00f6r aktiva kvinnor p\u00e5 tennisbanan och padelbanan. Nordicdots svarta linne tillverkat i funktionsmaterial som h\u00e5ller dig torr. Mjukt och stretchigt material f\u00f6r b\u00e4sta komfort. Vare sig du spelar tennis eller padel s\u00e5 \u00e4r detta ett bra val f\u00f6r dig som vill h\u00e5lla dig sval p\u00e5 banan. U-ringad och brottarrygg ger en [&hellip;]\" \/>\n<meta property=\"og:url\" content=\"https:\/\/nordicpadel.com\/sv\/product\/nordicdots-classic-tank-3\/\" \/>\n<meta property=\"og:site_name\" content=\"Nordic Padel\" \/>\n<meta property=\"article:modified_time\" content=\"2026-03-08T23:52:45+00:00\" \/>\n<meta name=\"twitter:card\" content=\"summary_large_image\" \/>\n<script type=\"application\/ld+json\" class=\"yoast-schema-graph\">{\"@context\":\"https:\/\/schema.org\",\"@graph\":[{\"@type\":\"WebPage\",\"@id\":\"https:\/\/nordicpadel.com\/sv\/product\/nordicdots-classic-tank-3\/\",\"url\":\"https:\/\/nordicpadel.com\/sv\/product\/nordicdots-classic-tank-3\/\",\"name\":\"NordicDots Classic Tank - Nordic Padel\",\"isPartOf\":{\"@id\":\"https:\/\/nordicpadel.com\/sv\/#website\"},\"primaryImageOfPage\":{\"@id\":\"https:\/\/nordicpadel.com\/sv\/product\/nordicdots-classic-tank-3\/#primaryimage\"},\"image\":{\"@id\":\"https:\/\/nordicpadel.com\/sv\/product\/nordicdots-classic-tank-3\/#primaryimage\"},\"thumbnailUrl\":\"https:\/\/nordicpadel.com\/sv\/wp-content\/uploads\/sites\/10\/2025\/11\/a56e7121ad4f80328cad8a74b57a2f3f.png\",\"datePublished\":\"2025-11-26T15:37:48+00:00\",\"dateModified\":\"2026-03-08T23:52:45+00:00\",\"breadcrumb\":{\"@id\":\"https:\/\/nordicpadel.com\/sv\/product\/nordicdots-classic-tank-3\/#breadcrumb\"},\"inLanguage\":\"sv-SE\",\"potentialAction\":[{\"@type\":\"ReadAction\",\"target\":[\"https:\/\/nordicpadel.com\/sv\/product\/nordicdots-classic-tank-3\/\"]}]},{\"@type\":\"ImageObject\",\"inLanguage\":\"sv-SE\",\"@id\":\"https:\/\/nordicpadel.com\/sv\/product\/nordicdots-classic-tank-3\/#primaryimage\",\"url\":\"https:\/\/nordicpadel.com\/sv\/wp-content\/uploads\/sites\/10\/2025\/11\/a56e7121ad4f80328cad8a74b57a2f3f.png\",\"contentUrl\":\"https:\/\/nordicpadel.com\/sv\/wp-content\/uploads\/sites\/10\/2025\/11\/a56e7121ad4f80328cad8a74b57a2f3f.png\",\"width\":800,\"height\":800,\"caption\":\"NordicDots Classic Tank\"},{\"@type\":\"BreadcrumbList\",\"@id\":\"https:\/\/nordicpadel.com\/sv\/product\/nordicdots-classic-tank-3\/#breadcrumb\",\"itemListElement\":[{\"@type\":\"ListItem\",\"position\":1,\"name\":\"Hem\",\"item\":\"https:\/\/nordicpadel.com\/sv\/\"},{\"@type\":\"ListItem\",\"position\":2,\"name\":\"Shop\",\"item\":\"https:\/\/nordicpadel.com\/sv\/shop\/\"},{\"@type\":\"ListItem\",\"position\":3,\"name\":\"NordicDots Classic Tank\"}]},{\"@type\":\"WebSite\",\"@id\":\"https:\/\/nordicpadel.com\/sv\/#website\",\"url\":\"https:\/\/nordicpadel.com\/sv\/\",\"name\":\"Nordic Padel\",\"description\":\"\",\"publisher\":{\"@id\":\"https:\/\/nordicpadel.com\/sv\/#organization\"},\"potentialAction\":[{\"@type\":\"SearchAction\",\"target\":{\"@type\":\"EntryPoint\",\"urlTemplate\":\"https:\/\/nordicpadel.com\/sv\/?s={search_term_string}\"},\"query-input\":\"required name=search_term_string\"}],\"inLanguage\":\"sv-SE\"},{\"@type\":\"Organization\",\"@id\":\"https:\/\/nordicpadel.com\/sv\/#organization\",\"name\":\"Nordic Padel\",\"url\":\"https:\/\/nordicpadel.com\/sv\/\",\"logo\":{\"@type\":\"ImageObject\",\"inLanguage\":\"sv-SE\",\"@id\":\"https:\/\/nordicpadel.com\/sv\/#\/schema\/logo\/image\/\",\"url\":\"https:\/\/nordicpadel.com\/sv\/wp-content\/uploads\/sites\/10\/2022\/12\/Nordic-Padel-small_1-1.png\",\"contentUrl\":\"https:\/\/nordicpadel.com\/sv\/wp-content\/uploads\/sites\/10\/2022\/12\/Nordic-Padel-small_1-1.png\",\"width\":400,\"height\":119,\"caption\":\"Nordic Padel\"},\"image\":{\"@id\":\"https:\/\/nordicpadel.com\/sv\/#\/schema\/logo\/image\/\"}}]}<\/script>\n<!-- \/ Yoast SEO plugin. -->","yoast_head_json":{"title":"NordicDots Classic Tank - Nordic Padel","robots":{"index":"index","follow":"follow","max-snippet":"max-snippet:-1","max-image-preview":"max-image-preview:large","max-video-preview":"max-video-preview:-1"},"canonical":"https:\/\/nordicpadel.com\/sv\/product\/nordicdots-classic-tank-3\/","og_locale":"sv_SE","og_type":"article","og_title":"NordicDots Classic Tank - Nordic Padel","og_description":"K\u00f6p ett svart linne f\u00f6r aktiva kvinnor p\u00e5 tennisbanan och padelbanan. Nordicdots svarta linne tillverkat i funktionsmaterial som h\u00e5ller dig torr. Mjukt och stretchigt material f\u00f6r b\u00e4sta komfort. Vare sig du spelar tennis eller padel s\u00e5 \u00e4r detta ett bra val f\u00f6r dig som vill h\u00e5lla dig sval p\u00e5 banan. U-ringad och brottarrygg ger en [&hellip;]","og_url":"https:\/\/nordicpadel.com\/sv\/product\/nordicdots-classic-tank-3\/","og_site_name":"Nordic Padel","article_modified_time":"2026-03-08T23:52:45+00:00","twitter_card":"summary_large_image","schema":{"@context":"https:\/\/schema.org","@graph":[{"@type":"WebPage","@id":"https:\/\/nordicpadel.com\/sv\/product\/nordicdots-classic-tank-3\/","url":"https:\/\/nordicpadel.com\/sv\/product\/nordicdots-classic-tank-3\/","name":"NordicDots Classic Tank - Nordic Padel","isPartOf":{"@id":"https:\/\/nordicpadel.com\/sv\/#website"},"primaryImageOfPage":{"@id":"https:\/\/nordicpadel.com\/sv\/product\/nordicdots-classic-tank-3\/#primaryimage"},"image":{"@id":"https:\/\/nordicpadel.com\/sv\/product\/nordicdots-classic-tank-3\/#primaryimage"},"thumbnailUrl":"https:\/\/nordicpadel.com\/sv\/wp-content\/uploads\/sites\/10\/2025\/11\/a56e7121ad4f80328cad8a74b57a2f3f.png","datePublished":"2025-11-26T15:37:48+00:00","dateModified":"2026-03-08T23:52:45+00:00","breadcrumb":{"@id":"https:\/\/nordicpadel.com\/sv\/product\/nordicdots-classic-tank-3\/#breadcrumb"},"inLanguage":"sv-SE","potentialAction":[{"@type":"ReadAction","target":["https:\/\/nordicpadel.com\/sv\/product\/nordicdots-classic-tank-3\/"]}]},{"@type":"ImageObject","inLanguage":"sv-SE","@id":"https:\/\/nordicpadel.com\/sv\/product\/nordicdots-classic-tank-3\/#primaryimage","url":"https:\/\/nordicpadel.com\/sv\/wp-content\/uploads\/sites\/10\/2025\/11\/a56e7121ad4f80328cad8a74b57a2f3f.png","contentUrl":"https:\/\/nordicpadel.com\/sv\/wp-content\/uploads\/sites\/10\/2025\/11\/a56e7121ad4f80328cad8a74b57a2f3f.png","width":800,"height":800,"caption":"NordicDots Classic Tank"},{"@type":"BreadcrumbList","@id":"https:\/\/nordicpadel.com\/sv\/product\/nordicdots-classic-tank-3\/#breadcrumb","itemListElement":[{"@type":"ListItem","position":1,"name":"Hem","item":"https:\/\/nordicpadel.com\/sv\/"},{"@type":"ListItem","position":2,"name":"Shop","item":"https:\/\/nordicpadel.com\/sv\/shop\/"},{"@type":"ListItem","position":3,"name":"NordicDots Classic Tank"}]},{"@type":"WebSite","@id":"https:\/\/nordicpadel.com\/sv\/#website","url":"https:\/\/nordicpadel.com\/sv\/","name":"Nordic Padel","description":"","publisher":{"@id":"https:\/\/nordicpadel.com\/sv\/#organization"},"potentialAction":[{"@type":"SearchAction","target":{"@type":"EntryPoint","urlTemplate":"https:\/\/nordicpadel.com\/sv\/?s={search_term_string}"},"query-input":"required name=search_term_string"}],"inLanguage":"sv-SE"},{"@type":"Organization","@id":"https:\/\/nordicpadel.com\/sv\/#organization","name":"Nordic Padel","url":"https:\/\/nordicpadel.com\/sv\/","logo":{"@type":"ImageObject","inLanguage":"sv-SE","@id":"https:\/\/nordicpadel.com\/sv\/#\/schema\/logo\/image\/","url":"https:\/\/nordicpadel.com\/sv\/wp-content\/uploads\/sites\/10\/2022\/12\/Nordic-Padel-small_1-1.png","contentUrl":"https:\/\/nordicpadel.com\/sv\/wp-content\/uploads\/sites\/10\/2022\/12\/Nordic-Padel-small_1-1.png","width":400,"height":119,"caption":"Nordic Padel"},"image":{"@id":"https:\/\/nordicpadel.com\/sv\/#\/schema\/logo\/image\/"}}]}},"brands":[],"_links":{"self":[{"href":"https:\/\/nordicpadel.com\/sv\/wp-json\/wp\/v2\/product\/85859","targetHints":{"allow":["GET"]}}],"collection":[{"href":"https:\/\/nordicpadel.com\/sv\/wp-json\/wp\/v2\/product"}],"about":[{"href":"https:\/\/nordicpadel.com\/sv\/wp-json\/wp\/v2\/types\/product"}],"replies":[{"embeddable":true,"href":"https:\/\/nordicpadel.com\/sv\/wp-json\/wp\/v2\/comments?post=85859"}],"wp:featuredmedia":[{"embeddable":true,"href":"https:\/\/nordicpadel.com\/sv\/wp-json\/wp\/v2\/media\/85855"}],"wp:attachment":[{"href":"https:\/\/nordicpadel.com\/sv\/wp-json\/wp\/v2\/media?parent=85859"}],"wp:term":[{"taxonomy":"pwb-brand","embeddable":true,"href":"https:\/\/nordicpadel.com\/sv\/wp-json\/wp\/v2\/pwb-brand?post=85859"},{"taxonomy":"product_cat","embeddable":true,"href":"https:\/\/nordicpadel.com\/sv\/wp-json\/wp\/v2\/product_cat?post=85859"},{"taxonomy":"product_tag","embeddable":true,"href":"https:\/\/nordicpadel.com\/sv\/wp-json\/wp\/v2\/product_tag?post=85859"},{"taxonomy":"woo-feed-brand","embeddable":true,"href":"https:\/\/nordicpadel.com\/sv\/wp-json\/wp\/v2\/woo-feed-brand?post=85859"}],"curies":[{"name":"wp","href":"https:\/\/api.w.org\/{rel}","templated":true}]}}