{"id":85833,"date":"2025-11-26T16:37:04","date_gmt":"2025-11-26T15:37:04","guid":{"rendered":"https:\/\/nordicpadel.com\/sv\/product\/nordicdots-elegance-skirt-2\/"},"modified":"2026-03-09T00:40:50","modified_gmt":"2026-03-08T23:40:50","slug":"nordicdots-elegance-skirt-2","status":"publish","type":"product","link":"https:\/\/nordicpadel.com\/sv\/product\/nordicdots-elegance-skirt-2\/","title":{"rendered":"NordicDots Elegance Skirt"},"content":{"rendered":"<p>K\u00f6p en fin rosa tenniskjol\/padelkjol ifr\u00e5n Nordicdots. Kjolen f\u00f6r dig som spelar tennis eller padel och vill ha en kjol med l\u00e5g vikt, integrerade innertights f\u00f6rkomfort och bollf\u00f6rvaring. Kjolen \u00e4r utrustad med ett elastiskt midjeband och en design som \u00e4r l\u00e4tt veckad vilket g\u00f6r stor skillnad j\u00e4mf\u00f6rt med en helt rak design. Vidare kan n\u00e4mnas att kjolen \u00e4r tillverkad med \u00e5tervunnen Polyester vilket g\u00f6r den till ett klimatsmart val. Funktionsmaterialet g\u00f6r att fukt absorberas bort snabbt. F\u00e4rg: Rosa Material: 90% \u00c5tervunnen Polyester, 10% Elastan<\/p>\n","protected":false},"excerpt":{"rendered":"<p>K\u00f6p en fin rosa tenniskjol\/padelkjol ifr\u00e5n Nordicdots. Kjolen f\u00f6r dig som spelar tennis eller padel och vill ha en kjol med l\u00e5g vikt, integrerade innertights f\u00f6rkomfort och bollf\u00f6rvaring. Kjolen \u00e4r utrustad med ett elastiskt midjeband och en design som \u00e4r l\u00e4tt veckad vilket g\u00f6r stor skillnad j\u00e4mf\u00f6rt med en helt rak design. Vidare kan n\u00e4mnas [&hellip;]<\/p>\n","protected":false},"featured_media":85825,"comment_status":"open","ping_status":"closed","template":"","meta":[],"pwb-brand":[],"product_cat":[468],"product_tag":[],"woo-feed-brand":[],"class_list":{"0":"post-85833","1":"product","2":"type-product","3":"status-publish","4":"has-post-thumbnail","6":"product_cat-noridc-dots","7":"pa_varumarke-nordicdots","9":"first","10":"instock","11":"taxable","12":"shipping-taxable","13":"purchasable","14":"product-type-variable"},"bundled_by":[],"bundle_stock_status":"instock","bundle_stock_quantity":1,"bundle_virtual":false,"bundle_layout":"","bundle_add_to_cart_form_location":"","bundle_editable_in_cart":false,"bundle_sold_individually_context":"","bundle_item_grouping":"","bundle_min_size":"","bundle_max_size":"","bundled_items":[],"bundle_sell_ids":[],"acf":[],"yoast_head":"<!-- This site is optimized with the Yoast SEO plugin v23.1 - https:\/\/yoast.com\/wordpress\/plugins\/seo\/ -->\n<title>NordicDots Elegance Skirt - Nordic Padel<\/title>\n<meta name=\"robots\" content=\"index, follow, max-snippet:-1, max-image-preview:large, max-video-preview:-1\" \/>\n<link rel=\"canonical\" href=\"https:\/\/nordicpadel.com\/sv\/product\/nordicdots-elegance-skirt-2\/\" \/>\n<meta property=\"og:locale\" content=\"sv_SE\" \/>\n<meta property=\"og:type\" content=\"article\" \/>\n<meta property=\"og:title\" content=\"NordicDots Elegance Skirt - Nordic Padel\" \/>\n<meta property=\"og:description\" content=\"K\u00f6p en fin rosa tenniskjol\/padelkjol ifr\u00e5n Nordicdots. Kjolen f\u00f6r dig som spelar tennis eller padel och vill ha en kjol med l\u00e5g vikt, integrerade innertights f\u00f6rkomfort och bollf\u00f6rvaring. Kjolen \u00e4r utrustad med ett elastiskt midjeband och en design som \u00e4r l\u00e4tt veckad vilket g\u00f6r stor skillnad j\u00e4mf\u00f6rt med en helt rak design. Vidare kan n\u00e4mnas [&hellip;]\" \/>\n<meta property=\"og:url\" content=\"https:\/\/nordicpadel.com\/sv\/product\/nordicdots-elegance-skirt-2\/\" \/>\n<meta property=\"og:site_name\" content=\"Nordic Padel\" \/>\n<meta property=\"article:modified_time\" content=\"2026-03-08T23:40:50+00:00\" \/>\n<meta name=\"twitter:card\" content=\"summary_large_image\" \/>\n<script type=\"application\/ld+json\" class=\"yoast-schema-graph\">{\"@context\":\"https:\/\/schema.org\",\"@graph\":[{\"@type\":\"WebPage\",\"@id\":\"https:\/\/nordicpadel.com\/sv\/product\/nordicdots-elegance-skirt-2\/\",\"url\":\"https:\/\/nordicpadel.com\/sv\/product\/nordicdots-elegance-skirt-2\/\",\"name\":\"NordicDots Elegance Skirt - Nordic Padel\",\"isPartOf\":{\"@id\":\"https:\/\/nordicpadel.com\/sv\/#website\"},\"primaryImageOfPage\":{\"@id\":\"https:\/\/nordicpadel.com\/sv\/product\/nordicdots-elegance-skirt-2\/#primaryimage\"},\"image\":{\"@id\":\"https:\/\/nordicpadel.com\/sv\/product\/nordicdots-elegance-skirt-2\/#primaryimage\"},\"thumbnailUrl\":\"https:\/\/nordicpadel.com\/sv\/wp-content\/uploads\/sites\/10\/2025\/11\/45d68a29d54d1236e6b10ef5c39fddcc.png\",\"datePublished\":\"2025-11-26T15:37:04+00:00\",\"dateModified\":\"2026-03-08T23:40:50+00:00\",\"breadcrumb\":{\"@id\":\"https:\/\/nordicpadel.com\/sv\/product\/nordicdots-elegance-skirt-2\/#breadcrumb\"},\"inLanguage\":\"sv-SE\",\"potentialAction\":[{\"@type\":\"ReadAction\",\"target\":[\"https:\/\/nordicpadel.com\/sv\/product\/nordicdots-elegance-skirt-2\/\"]}]},{\"@type\":\"ImageObject\",\"inLanguage\":\"sv-SE\",\"@id\":\"https:\/\/nordicpadel.com\/sv\/product\/nordicdots-elegance-skirt-2\/#primaryimage\",\"url\":\"https:\/\/nordicpadel.com\/sv\/wp-content\/uploads\/sites\/10\/2025\/11\/45d68a29d54d1236e6b10ef5c39fddcc.png\",\"contentUrl\":\"https:\/\/nordicpadel.com\/sv\/wp-content\/uploads\/sites\/10\/2025\/11\/45d68a29d54d1236e6b10ef5c39fddcc.png\",\"width\":800,\"height\":800,\"caption\":\"NordicDots Elegance Skirt\"},{\"@type\":\"BreadcrumbList\",\"@id\":\"https:\/\/nordicpadel.com\/sv\/product\/nordicdots-elegance-skirt-2\/#breadcrumb\",\"itemListElement\":[{\"@type\":\"ListItem\",\"position\":1,\"name\":\"Hem\",\"item\":\"https:\/\/nordicpadel.com\/sv\/\"},{\"@type\":\"ListItem\",\"position\":2,\"name\":\"Shop\",\"item\":\"https:\/\/nordicpadel.com\/sv\/shop\/\"},{\"@type\":\"ListItem\",\"position\":3,\"name\":\"NordicDots Elegance Skirt\"}]},{\"@type\":\"WebSite\",\"@id\":\"https:\/\/nordicpadel.com\/sv\/#website\",\"url\":\"https:\/\/nordicpadel.com\/sv\/\",\"name\":\"Nordic Padel\",\"description\":\"\",\"publisher\":{\"@id\":\"https:\/\/nordicpadel.com\/sv\/#organization\"},\"potentialAction\":[{\"@type\":\"SearchAction\",\"target\":{\"@type\":\"EntryPoint\",\"urlTemplate\":\"https:\/\/nordicpadel.com\/sv\/?s={search_term_string}\"},\"query-input\":\"required name=search_term_string\"}],\"inLanguage\":\"sv-SE\"},{\"@type\":\"Organization\",\"@id\":\"https:\/\/nordicpadel.com\/sv\/#organization\",\"name\":\"Nordic Padel\",\"url\":\"https:\/\/nordicpadel.com\/sv\/\",\"logo\":{\"@type\":\"ImageObject\",\"inLanguage\":\"sv-SE\",\"@id\":\"https:\/\/nordicpadel.com\/sv\/#\/schema\/logo\/image\/\",\"url\":\"https:\/\/nordicpadel.com\/sv\/wp-content\/uploads\/sites\/10\/2022\/12\/Nordic-Padel-small_1-1.png\",\"contentUrl\":\"https:\/\/nordicpadel.com\/sv\/wp-content\/uploads\/sites\/10\/2022\/12\/Nordic-Padel-small_1-1.png\",\"width\":400,\"height\":119,\"caption\":\"Nordic Padel\"},\"image\":{\"@id\":\"https:\/\/nordicpadel.com\/sv\/#\/schema\/logo\/image\/\"}}]}<\/script>\n<!-- \/ Yoast SEO plugin. -->","yoast_head_json":{"title":"NordicDots Elegance Skirt - Nordic Padel","robots":{"index":"index","follow":"follow","max-snippet":"max-snippet:-1","max-image-preview":"max-image-preview:large","max-video-preview":"max-video-preview:-1"},"canonical":"https:\/\/nordicpadel.com\/sv\/product\/nordicdots-elegance-skirt-2\/","og_locale":"sv_SE","og_type":"article","og_title":"NordicDots Elegance Skirt - Nordic Padel","og_description":"K\u00f6p en fin rosa tenniskjol\/padelkjol ifr\u00e5n Nordicdots. Kjolen f\u00f6r dig som spelar tennis eller padel och vill ha en kjol med l\u00e5g vikt, integrerade innertights f\u00f6rkomfort och bollf\u00f6rvaring. Kjolen \u00e4r utrustad med ett elastiskt midjeband och en design som \u00e4r l\u00e4tt veckad vilket g\u00f6r stor skillnad j\u00e4mf\u00f6rt med en helt rak design. Vidare kan n\u00e4mnas [&hellip;]","og_url":"https:\/\/nordicpadel.com\/sv\/product\/nordicdots-elegance-skirt-2\/","og_site_name":"Nordic Padel","article_modified_time":"2026-03-08T23:40:50+00:00","twitter_card":"summary_large_image","schema":{"@context":"https:\/\/schema.org","@graph":[{"@type":"WebPage","@id":"https:\/\/nordicpadel.com\/sv\/product\/nordicdots-elegance-skirt-2\/","url":"https:\/\/nordicpadel.com\/sv\/product\/nordicdots-elegance-skirt-2\/","name":"NordicDots Elegance Skirt - Nordic Padel","isPartOf":{"@id":"https:\/\/nordicpadel.com\/sv\/#website"},"primaryImageOfPage":{"@id":"https:\/\/nordicpadel.com\/sv\/product\/nordicdots-elegance-skirt-2\/#primaryimage"},"image":{"@id":"https:\/\/nordicpadel.com\/sv\/product\/nordicdots-elegance-skirt-2\/#primaryimage"},"thumbnailUrl":"https:\/\/nordicpadel.com\/sv\/wp-content\/uploads\/sites\/10\/2025\/11\/45d68a29d54d1236e6b10ef5c39fddcc.png","datePublished":"2025-11-26T15:37:04+00:00","dateModified":"2026-03-08T23:40:50+00:00","breadcrumb":{"@id":"https:\/\/nordicpadel.com\/sv\/product\/nordicdots-elegance-skirt-2\/#breadcrumb"},"inLanguage":"sv-SE","potentialAction":[{"@type":"ReadAction","target":["https:\/\/nordicpadel.com\/sv\/product\/nordicdots-elegance-skirt-2\/"]}]},{"@type":"ImageObject","inLanguage":"sv-SE","@id":"https:\/\/nordicpadel.com\/sv\/product\/nordicdots-elegance-skirt-2\/#primaryimage","url":"https:\/\/nordicpadel.com\/sv\/wp-content\/uploads\/sites\/10\/2025\/11\/45d68a29d54d1236e6b10ef5c39fddcc.png","contentUrl":"https:\/\/nordicpadel.com\/sv\/wp-content\/uploads\/sites\/10\/2025\/11\/45d68a29d54d1236e6b10ef5c39fddcc.png","width":800,"height":800,"caption":"NordicDots Elegance Skirt"},{"@type":"BreadcrumbList","@id":"https:\/\/nordicpadel.com\/sv\/product\/nordicdots-elegance-skirt-2\/#breadcrumb","itemListElement":[{"@type":"ListItem","position":1,"name":"Hem","item":"https:\/\/nordicpadel.com\/sv\/"},{"@type":"ListItem","position":2,"name":"Shop","item":"https:\/\/nordicpadel.com\/sv\/shop\/"},{"@type":"ListItem","position":3,"name":"NordicDots Elegance Skirt"}]},{"@type":"WebSite","@id":"https:\/\/nordicpadel.com\/sv\/#website","url":"https:\/\/nordicpadel.com\/sv\/","name":"Nordic Padel","description":"","publisher":{"@id":"https:\/\/nordicpadel.com\/sv\/#organization"},"potentialAction":[{"@type":"SearchAction","target":{"@type":"EntryPoint","urlTemplate":"https:\/\/nordicpadel.com\/sv\/?s={search_term_string}"},"query-input":"required name=search_term_string"}],"inLanguage":"sv-SE"},{"@type":"Organization","@id":"https:\/\/nordicpadel.com\/sv\/#organization","name":"Nordic Padel","url":"https:\/\/nordicpadel.com\/sv\/","logo":{"@type":"ImageObject","inLanguage":"sv-SE","@id":"https:\/\/nordicpadel.com\/sv\/#\/schema\/logo\/image\/","url":"https:\/\/nordicpadel.com\/sv\/wp-content\/uploads\/sites\/10\/2022\/12\/Nordic-Padel-small_1-1.png","contentUrl":"https:\/\/nordicpadel.com\/sv\/wp-content\/uploads\/sites\/10\/2022\/12\/Nordic-Padel-small_1-1.png","width":400,"height":119,"caption":"Nordic Padel"},"image":{"@id":"https:\/\/nordicpadel.com\/sv\/#\/schema\/logo\/image\/"}}]}},"brands":[],"_links":{"self":[{"href":"https:\/\/nordicpadel.com\/sv\/wp-json\/wp\/v2\/product\/85833","targetHints":{"allow":["GET"]}}],"collection":[{"href":"https:\/\/nordicpadel.com\/sv\/wp-json\/wp\/v2\/product"}],"about":[{"href":"https:\/\/nordicpadel.com\/sv\/wp-json\/wp\/v2\/types\/product"}],"replies":[{"embeddable":true,"href":"https:\/\/nordicpadel.com\/sv\/wp-json\/wp\/v2\/comments?post=85833"}],"wp:featuredmedia":[{"embeddable":true,"href":"https:\/\/nordicpadel.com\/sv\/wp-json\/wp\/v2\/media\/85825"}],"wp:attachment":[{"href":"https:\/\/nordicpadel.com\/sv\/wp-json\/wp\/v2\/media?parent=85833"}],"wp:term":[{"taxonomy":"pwb-brand","embeddable":true,"href":"https:\/\/nordicpadel.com\/sv\/wp-json\/wp\/v2\/pwb-brand?post=85833"},{"taxonomy":"product_cat","embeddable":true,"href":"https:\/\/nordicpadel.com\/sv\/wp-json\/wp\/v2\/product_cat?post=85833"},{"taxonomy":"product_tag","embeddable":true,"href":"https:\/\/nordicpadel.com\/sv\/wp-json\/wp\/v2\/product_tag?post=85833"},{"taxonomy":"woo-feed-brand","embeddable":true,"href":"https:\/\/nordicpadel.com\/sv\/wp-json\/wp\/v2\/woo-feed-brand?post=85833"}],"curies":[{"name":"wp","href":"https:\/\/api.w.org\/{rel}","templated":true}]}}