{"id":85818,"date":"2025-11-26T16:36:53","date_gmt":"2025-11-26T15:36:53","guid":{"rendered":"https:\/\/nordicpadel.com\/sv\/product\/nordic-dots-elegance-dress-2\/"},"modified":"2026-03-09T00:40:48","modified_gmt":"2026-03-08T23:40:48","slug":"nordic-dots-elegance-dress-2","status":"publish","type":"product","link":"https:\/\/nordicpadel.com\/sv\/product\/nordic-dots-elegance-dress-2\/","title":{"rendered":"Nordic Dots Elegance Dress"},"content":{"rendered":"<p>V-ringad kl\u00e4nning med en luftig rygg som ger dig maximalt med luftgenomstr\u00f6mning f\u00f6r att beh\u00e5lla en torr k\u00e4nsla p\u00e5 banan. Kl\u00e4nningen har en veckad nederdel som ger en extra krydda designm\u00e4ssigt. Sist men inte minst g\u00f6r ett klimatsmart val n\u00e4r du handlar tenniskl\u00e4der och padelkl\u00e4der.<\/p>\n","protected":false},"excerpt":{"rendered":"<p>V-ringad kl\u00e4nning med en luftig rygg som ger dig maximalt med luftgenomstr\u00f6mning f\u00f6r att beh\u00e5lla en torr k\u00e4nsla p\u00e5 banan. Kl\u00e4nningen har en veckad nederdel som ger en extra krydda designm\u00e4ssigt. Sist men inte minst g\u00f6r ett klimatsmart val n\u00e4r du handlar tenniskl\u00e4der och padelkl\u00e4der.<\/p>\n","protected":false},"featured_media":85816,"comment_status":"open","ping_status":"closed","template":"","meta":[],"pwb-brand":[],"product_cat":[468],"product_tag":[],"woo-feed-brand":[],"class_list":{"0":"post-85818","1":"product","2":"type-product","3":"status-publish","4":"has-post-thumbnail","6":"product_cat-noridc-dots","7":"pa_varumarke-nordicdots","9":"first","10":"instock","11":"taxable","12":"shipping-taxable","13":"purchasable","14":"product-type-variable"},"bundled_by":[],"bundle_stock_status":"instock","bundle_stock_quantity":21,"bundle_virtual":false,"bundle_layout":"","bundle_add_to_cart_form_location":"","bundle_editable_in_cart":false,"bundle_sold_individually_context":"","bundle_item_grouping":"","bundle_min_size":"","bundle_max_size":"","bundled_items":[],"bundle_sell_ids":[],"acf":[],"yoast_head":"<!-- This site is optimized with the Yoast SEO plugin v23.1 - https:\/\/yoast.com\/wordpress\/plugins\/seo\/ -->\n<title>Nordic Dots Elegance Dress - Nordic Padel<\/title>\n<meta name=\"robots\" content=\"index, follow, max-snippet:-1, max-image-preview:large, max-video-preview:-1\" \/>\n<link rel=\"canonical\" href=\"https:\/\/nordicpadel.com\/sv\/product\/nordic-dots-elegance-dress-2\/\" \/>\n<meta property=\"og:locale\" content=\"sv_SE\" \/>\n<meta property=\"og:type\" content=\"article\" \/>\n<meta property=\"og:title\" content=\"Nordic Dots Elegance Dress - Nordic Padel\" \/>\n<meta property=\"og:description\" content=\"V-ringad kl\u00e4nning med en luftig rygg som ger dig maximalt med luftgenomstr\u00f6mning f\u00f6r att beh\u00e5lla en torr k\u00e4nsla p\u00e5 banan. Kl\u00e4nningen har en veckad nederdel som ger en extra krydda designm\u00e4ssigt. Sist men inte minst g\u00f6r ett klimatsmart val n\u00e4r du handlar tenniskl\u00e4der och padelkl\u00e4der.\" \/>\n<meta property=\"og:url\" content=\"https:\/\/nordicpadel.com\/sv\/product\/nordic-dots-elegance-dress-2\/\" \/>\n<meta property=\"og:site_name\" content=\"Nordic Padel\" \/>\n<meta property=\"article:modified_time\" content=\"2026-03-08T23:40:48+00:00\" \/>\n<meta name=\"twitter:card\" content=\"summary_large_image\" \/>\n<script type=\"application\/ld+json\" class=\"yoast-schema-graph\">{\"@context\":\"https:\/\/schema.org\",\"@graph\":[{\"@type\":\"WebPage\",\"@id\":\"https:\/\/nordicpadel.com\/sv\/product\/nordic-dots-elegance-dress-2\/\",\"url\":\"https:\/\/nordicpadel.com\/sv\/product\/nordic-dots-elegance-dress-2\/\",\"name\":\"Nordic Dots Elegance Dress - Nordic Padel\",\"isPartOf\":{\"@id\":\"https:\/\/nordicpadel.com\/sv\/#website\"},\"primaryImageOfPage\":{\"@id\":\"https:\/\/nordicpadel.com\/sv\/product\/nordic-dots-elegance-dress-2\/#primaryimage\"},\"image\":{\"@id\":\"https:\/\/nordicpadel.com\/sv\/product\/nordic-dots-elegance-dress-2\/#primaryimage\"},\"thumbnailUrl\":\"https:\/\/nordicpadel.com\/sv\/wp-content\/uploads\/sites\/10\/2025\/11\/51414cdd0cd514eaa14d195da424b20d.png\",\"datePublished\":\"2025-11-26T15:36:53+00:00\",\"dateModified\":\"2026-03-08T23:40:48+00:00\",\"breadcrumb\":{\"@id\":\"https:\/\/nordicpadel.com\/sv\/product\/nordic-dots-elegance-dress-2\/#breadcrumb\"},\"inLanguage\":\"sv-SE\",\"potentialAction\":[{\"@type\":\"ReadAction\",\"target\":[\"https:\/\/nordicpadel.com\/sv\/product\/nordic-dots-elegance-dress-2\/\"]}]},{\"@type\":\"ImageObject\",\"inLanguage\":\"sv-SE\",\"@id\":\"https:\/\/nordicpadel.com\/sv\/product\/nordic-dots-elegance-dress-2\/#primaryimage\",\"url\":\"https:\/\/nordicpadel.com\/sv\/wp-content\/uploads\/sites\/10\/2025\/11\/51414cdd0cd514eaa14d195da424b20d.png\",\"contentUrl\":\"https:\/\/nordicpadel.com\/sv\/wp-content\/uploads\/sites\/10\/2025\/11\/51414cdd0cd514eaa14d195da424b20d.png\",\"width\":800,\"height\":800,\"caption\":\"Nordic Dots Elegance Dress\"},{\"@type\":\"BreadcrumbList\",\"@id\":\"https:\/\/nordicpadel.com\/sv\/product\/nordic-dots-elegance-dress-2\/#breadcrumb\",\"itemListElement\":[{\"@type\":\"ListItem\",\"position\":1,\"name\":\"Hem\",\"item\":\"https:\/\/nordicpadel.com\/sv\/\"},{\"@type\":\"ListItem\",\"position\":2,\"name\":\"Shop\",\"item\":\"https:\/\/nordicpadel.com\/sv\/shop\/\"},{\"@type\":\"ListItem\",\"position\":3,\"name\":\"Nordic Dots Elegance Dress\"}]},{\"@type\":\"WebSite\",\"@id\":\"https:\/\/nordicpadel.com\/sv\/#website\",\"url\":\"https:\/\/nordicpadel.com\/sv\/\",\"name\":\"Nordic Padel\",\"description\":\"\",\"publisher\":{\"@id\":\"https:\/\/nordicpadel.com\/sv\/#organization\"},\"potentialAction\":[{\"@type\":\"SearchAction\",\"target\":{\"@type\":\"EntryPoint\",\"urlTemplate\":\"https:\/\/nordicpadel.com\/sv\/?s={search_term_string}\"},\"query-input\":\"required name=search_term_string\"}],\"inLanguage\":\"sv-SE\"},{\"@type\":\"Organization\",\"@id\":\"https:\/\/nordicpadel.com\/sv\/#organization\",\"name\":\"Nordic Padel\",\"url\":\"https:\/\/nordicpadel.com\/sv\/\",\"logo\":{\"@type\":\"ImageObject\",\"inLanguage\":\"sv-SE\",\"@id\":\"https:\/\/nordicpadel.com\/sv\/#\/schema\/logo\/image\/\",\"url\":\"https:\/\/nordicpadel.com\/sv\/wp-content\/uploads\/sites\/10\/2022\/12\/Nordic-Padel-small_1-1.png\",\"contentUrl\":\"https:\/\/nordicpadel.com\/sv\/wp-content\/uploads\/sites\/10\/2022\/12\/Nordic-Padel-small_1-1.png\",\"width\":400,\"height\":119,\"caption\":\"Nordic Padel\"},\"image\":{\"@id\":\"https:\/\/nordicpadel.com\/sv\/#\/schema\/logo\/image\/\"}}]}<\/script>\n<!-- \/ Yoast SEO plugin. -->","yoast_head_json":{"title":"Nordic Dots Elegance Dress - Nordic Padel","robots":{"index":"index","follow":"follow","max-snippet":"max-snippet:-1","max-image-preview":"max-image-preview:large","max-video-preview":"max-video-preview:-1"},"canonical":"https:\/\/nordicpadel.com\/sv\/product\/nordic-dots-elegance-dress-2\/","og_locale":"sv_SE","og_type":"article","og_title":"Nordic Dots Elegance Dress - Nordic Padel","og_description":"V-ringad kl\u00e4nning med en luftig rygg som ger dig maximalt med luftgenomstr\u00f6mning f\u00f6r att beh\u00e5lla en torr k\u00e4nsla p\u00e5 banan. Kl\u00e4nningen har en veckad nederdel som ger en extra krydda designm\u00e4ssigt. Sist men inte minst g\u00f6r ett klimatsmart val n\u00e4r du handlar tenniskl\u00e4der och padelkl\u00e4der.","og_url":"https:\/\/nordicpadel.com\/sv\/product\/nordic-dots-elegance-dress-2\/","og_site_name":"Nordic Padel","article_modified_time":"2026-03-08T23:40:48+00:00","twitter_card":"summary_large_image","schema":{"@context":"https:\/\/schema.org","@graph":[{"@type":"WebPage","@id":"https:\/\/nordicpadel.com\/sv\/product\/nordic-dots-elegance-dress-2\/","url":"https:\/\/nordicpadel.com\/sv\/product\/nordic-dots-elegance-dress-2\/","name":"Nordic Dots Elegance Dress - Nordic Padel","isPartOf":{"@id":"https:\/\/nordicpadel.com\/sv\/#website"},"primaryImageOfPage":{"@id":"https:\/\/nordicpadel.com\/sv\/product\/nordic-dots-elegance-dress-2\/#primaryimage"},"image":{"@id":"https:\/\/nordicpadel.com\/sv\/product\/nordic-dots-elegance-dress-2\/#primaryimage"},"thumbnailUrl":"https:\/\/nordicpadel.com\/sv\/wp-content\/uploads\/sites\/10\/2025\/11\/51414cdd0cd514eaa14d195da424b20d.png","datePublished":"2025-11-26T15:36:53+00:00","dateModified":"2026-03-08T23:40:48+00:00","breadcrumb":{"@id":"https:\/\/nordicpadel.com\/sv\/product\/nordic-dots-elegance-dress-2\/#breadcrumb"},"inLanguage":"sv-SE","potentialAction":[{"@type":"ReadAction","target":["https:\/\/nordicpadel.com\/sv\/product\/nordic-dots-elegance-dress-2\/"]}]},{"@type":"ImageObject","inLanguage":"sv-SE","@id":"https:\/\/nordicpadel.com\/sv\/product\/nordic-dots-elegance-dress-2\/#primaryimage","url":"https:\/\/nordicpadel.com\/sv\/wp-content\/uploads\/sites\/10\/2025\/11\/51414cdd0cd514eaa14d195da424b20d.png","contentUrl":"https:\/\/nordicpadel.com\/sv\/wp-content\/uploads\/sites\/10\/2025\/11\/51414cdd0cd514eaa14d195da424b20d.png","width":800,"height":800,"caption":"Nordic Dots Elegance Dress"},{"@type":"BreadcrumbList","@id":"https:\/\/nordicpadel.com\/sv\/product\/nordic-dots-elegance-dress-2\/#breadcrumb","itemListElement":[{"@type":"ListItem","position":1,"name":"Hem","item":"https:\/\/nordicpadel.com\/sv\/"},{"@type":"ListItem","position":2,"name":"Shop","item":"https:\/\/nordicpadel.com\/sv\/shop\/"},{"@type":"ListItem","position":3,"name":"Nordic Dots Elegance Dress"}]},{"@type":"WebSite","@id":"https:\/\/nordicpadel.com\/sv\/#website","url":"https:\/\/nordicpadel.com\/sv\/","name":"Nordic Padel","description":"","publisher":{"@id":"https:\/\/nordicpadel.com\/sv\/#organization"},"potentialAction":[{"@type":"SearchAction","target":{"@type":"EntryPoint","urlTemplate":"https:\/\/nordicpadel.com\/sv\/?s={search_term_string}"},"query-input":"required name=search_term_string"}],"inLanguage":"sv-SE"},{"@type":"Organization","@id":"https:\/\/nordicpadel.com\/sv\/#organization","name":"Nordic Padel","url":"https:\/\/nordicpadel.com\/sv\/","logo":{"@type":"ImageObject","inLanguage":"sv-SE","@id":"https:\/\/nordicpadel.com\/sv\/#\/schema\/logo\/image\/","url":"https:\/\/nordicpadel.com\/sv\/wp-content\/uploads\/sites\/10\/2022\/12\/Nordic-Padel-small_1-1.png","contentUrl":"https:\/\/nordicpadel.com\/sv\/wp-content\/uploads\/sites\/10\/2022\/12\/Nordic-Padel-small_1-1.png","width":400,"height":119,"caption":"Nordic Padel"},"image":{"@id":"https:\/\/nordicpadel.com\/sv\/#\/schema\/logo\/image\/"}}]}},"brands":[],"_links":{"self":[{"href":"https:\/\/nordicpadel.com\/sv\/wp-json\/wp\/v2\/product\/85818","targetHints":{"allow":["GET"]}}],"collection":[{"href":"https:\/\/nordicpadel.com\/sv\/wp-json\/wp\/v2\/product"}],"about":[{"href":"https:\/\/nordicpadel.com\/sv\/wp-json\/wp\/v2\/types\/product"}],"replies":[{"embeddable":true,"href":"https:\/\/nordicpadel.com\/sv\/wp-json\/wp\/v2\/comments?post=85818"}],"wp:featuredmedia":[{"embeddable":true,"href":"https:\/\/nordicpadel.com\/sv\/wp-json\/wp\/v2\/media\/85816"}],"wp:attachment":[{"href":"https:\/\/nordicpadel.com\/sv\/wp-json\/wp\/v2\/media?parent=85818"}],"wp:term":[{"taxonomy":"pwb-brand","embeddable":true,"href":"https:\/\/nordicpadel.com\/sv\/wp-json\/wp\/v2\/pwb-brand?post=85818"},{"taxonomy":"product_cat","embeddable":true,"href":"https:\/\/nordicpadel.com\/sv\/wp-json\/wp\/v2\/product_cat?post=85818"},{"taxonomy":"product_tag","embeddable":true,"href":"https:\/\/nordicpadel.com\/sv\/wp-json\/wp\/v2\/product_tag?post=85818"},{"taxonomy":"woo-feed-brand","embeddable":true,"href":"https:\/\/nordicpadel.com\/sv\/wp-json\/wp\/v2\/woo-feed-brand?post=85818"}],"curies":[{"name":"wp","href":"https:\/\/api.w.org\/{rel}","templated":true}]}}