{"id":85795,"date":"2025-11-26T16:36:35","date_gmt":"2025-11-26T15:36:35","guid":{"rendered":"https:\/\/nordicpadel.com\/sv\/product\/nike-court-victory-skirt-5\/"},"modified":"2026-03-09T00:37:04","modified_gmt":"2026-03-08T23:37:04","slug":"nike-court-victory-skirt-5","status":"publish","type":"product","link":"https:\/\/nordicpadel.com\/sv\/product\/nike-court-victory-skirt-5\/","title":{"rendered":"Nike Court Victory Skirt"},"content":{"rendered":"<p>K\u00f6p en vit tenniskjol\/padelkjol med integrerade innershorts f\u00f6r bollf\u00f6rvaring. Denna kjol \u00e4r anpassad f\u00f6r att kunna f\u00f6rvara tennisbollar under tightsen som \u00e4r integrerade, tightsen ger ocks\u00e5 en sk\u00f6nare k\u00e4nsla d\u00e5 du fritt kan r\u00f6ra dig runt tennisbanan och padelbanan. Bred linning ger \u00e4n b\u00e4ttre komfort. Vidare kan s\u00e4gas att Nike anv\u00e4nder dri-FIT teknologi som inneb\u00e4r att fukt absorberas bort kvickt. 75% av polyestern i denna kjol \u00e4r \u00e5tervunnen. F\u00e4rg: Vit Material: 88% Polyester, 12% Elastan<\/p>\n","protected":false},"excerpt":{"rendered":"<p>K\u00f6p en vit tenniskjol\/padelkjol med integrerade innershorts f\u00f6r bollf\u00f6rvaring. Denna kjol \u00e4r anpassad f\u00f6r att kunna f\u00f6rvara tennisbollar under tightsen som \u00e4r integrerade, tightsen ger ocks\u00e5 en sk\u00f6nare k\u00e4nsla d\u00e5 du fritt kan r\u00f6ra dig runt tennisbanan och padelbanan. Bred linning ger \u00e4n b\u00e4ttre komfort. Vidare kan s\u00e4gas att Nike anv\u00e4nder dri-FIT teknologi som inneb\u00e4r [&hellip;]<\/p>\n","protected":false},"featured_media":85789,"comment_status":"open","ping_status":"closed","template":"","meta":[],"pwb-brand":[],"product_cat":[39,471],"product_tag":[],"woo-feed-brand":[],"class_list":{"0":"post-85795","1":"product","2":"type-product","3":"status-publish","4":"has-post-thumbnail","6":"product_cat-padelklader-dam","7":"product_cat-nike","8":"pa_varumarke-nike","10":"first","11":"outofstock","12":"taxable","13":"shipping-taxable","14":"purchasable","15":"product-type-simple"},"bundled_by":[],"bundle_stock_status":"outofstock","bundle_stock_quantity":0,"bundle_virtual":false,"bundle_layout":"","bundle_add_to_cart_form_location":"","bundle_editable_in_cart":false,"bundle_sold_individually_context":"","bundle_item_grouping":"","bundle_min_size":"","bundle_max_size":"","bundled_items":[],"bundle_sell_ids":[],"acf":[],"yoast_head":"<!-- This site is optimized with the Yoast SEO plugin v23.1 - https:\/\/yoast.com\/wordpress\/plugins\/seo\/ -->\n<title>Nike Court Victory Skirt - Nordic Padel<\/title>\n<meta name=\"robots\" content=\"index, follow, max-snippet:-1, max-image-preview:large, max-video-preview:-1\" \/>\n<link rel=\"canonical\" href=\"https:\/\/nordicpadel.com\/sv\/product\/nike-court-victory-skirt-5\/\" \/>\n<meta property=\"og:locale\" content=\"sv_SE\" \/>\n<meta property=\"og:type\" content=\"article\" \/>\n<meta property=\"og:title\" content=\"Nike Court Victory Skirt - Nordic Padel\" \/>\n<meta property=\"og:description\" content=\"K\u00f6p en vit tenniskjol\/padelkjol med integrerade innershorts f\u00f6r bollf\u00f6rvaring. Denna kjol \u00e4r anpassad f\u00f6r att kunna f\u00f6rvara tennisbollar under tightsen som \u00e4r integrerade, tightsen ger ocks\u00e5 en sk\u00f6nare k\u00e4nsla d\u00e5 du fritt kan r\u00f6ra dig runt tennisbanan och padelbanan. Bred linning ger \u00e4n b\u00e4ttre komfort. Vidare kan s\u00e4gas att Nike anv\u00e4nder dri-FIT teknologi som inneb\u00e4r [&hellip;]\" \/>\n<meta property=\"og:url\" content=\"https:\/\/nordicpadel.com\/sv\/product\/nike-court-victory-skirt-5\/\" \/>\n<meta property=\"og:site_name\" content=\"Nordic Padel\" \/>\n<meta property=\"article:modified_time\" content=\"2026-03-08T23:37:04+00:00\" \/>\n<meta name=\"twitter:card\" content=\"summary_large_image\" \/>\n<script type=\"application\/ld+json\" class=\"yoast-schema-graph\">{\"@context\":\"https:\/\/schema.org\",\"@graph\":[{\"@type\":\"WebPage\",\"@id\":\"https:\/\/nordicpadel.com\/sv\/product\/nike-court-victory-skirt-5\/\",\"url\":\"https:\/\/nordicpadel.com\/sv\/product\/nike-court-victory-skirt-5\/\",\"name\":\"Nike Court Victory Skirt - Nordic Padel\",\"isPartOf\":{\"@id\":\"https:\/\/nordicpadel.com\/sv\/#website\"},\"primaryImageOfPage\":{\"@id\":\"https:\/\/nordicpadel.com\/sv\/product\/nike-court-victory-skirt-5\/#primaryimage\"},\"image\":{\"@id\":\"https:\/\/nordicpadel.com\/sv\/product\/nike-court-victory-skirt-5\/#primaryimage\"},\"thumbnailUrl\":\"https:\/\/nordicpadel.com\/sv\/wp-content\/uploads\/sites\/10\/2025\/11\/f74c2740281986ea27721c80a309b7d2.png\",\"datePublished\":\"2025-11-26T15:36:35+00:00\",\"dateModified\":\"2026-03-08T23:37:04+00:00\",\"breadcrumb\":{\"@id\":\"https:\/\/nordicpadel.com\/sv\/product\/nike-court-victory-skirt-5\/#breadcrumb\"},\"inLanguage\":\"sv-SE\",\"potentialAction\":[{\"@type\":\"ReadAction\",\"target\":[\"https:\/\/nordicpadel.com\/sv\/product\/nike-court-victory-skirt-5\/\"]}]},{\"@type\":\"ImageObject\",\"inLanguage\":\"sv-SE\",\"@id\":\"https:\/\/nordicpadel.com\/sv\/product\/nike-court-victory-skirt-5\/#primaryimage\",\"url\":\"https:\/\/nordicpadel.com\/sv\/wp-content\/uploads\/sites\/10\/2025\/11\/f74c2740281986ea27721c80a309b7d2.png\",\"contentUrl\":\"https:\/\/nordicpadel.com\/sv\/wp-content\/uploads\/sites\/10\/2025\/11\/f74c2740281986ea27721c80a309b7d2.png\",\"width\":800,\"height\":800,\"caption\":\"Nike Court Victory Skirt\"},{\"@type\":\"BreadcrumbList\",\"@id\":\"https:\/\/nordicpadel.com\/sv\/product\/nike-court-victory-skirt-5\/#breadcrumb\",\"itemListElement\":[{\"@type\":\"ListItem\",\"position\":1,\"name\":\"Hem\",\"item\":\"https:\/\/nordicpadel.com\/sv\/\"},{\"@type\":\"ListItem\",\"position\":2,\"name\":\"Shop\",\"item\":\"https:\/\/nordicpadel.com\/sv\/shop\/\"},{\"@type\":\"ListItem\",\"position\":3,\"name\":\"Nike Court Victory Skirt\"}]},{\"@type\":\"WebSite\",\"@id\":\"https:\/\/nordicpadel.com\/sv\/#website\",\"url\":\"https:\/\/nordicpadel.com\/sv\/\",\"name\":\"Nordic Padel\",\"description\":\"\",\"publisher\":{\"@id\":\"https:\/\/nordicpadel.com\/sv\/#organization\"},\"potentialAction\":[{\"@type\":\"SearchAction\",\"target\":{\"@type\":\"EntryPoint\",\"urlTemplate\":\"https:\/\/nordicpadel.com\/sv\/?s={search_term_string}\"},\"query-input\":\"required name=search_term_string\"}],\"inLanguage\":\"sv-SE\"},{\"@type\":\"Organization\",\"@id\":\"https:\/\/nordicpadel.com\/sv\/#organization\",\"name\":\"Nordic Padel\",\"url\":\"https:\/\/nordicpadel.com\/sv\/\",\"logo\":{\"@type\":\"ImageObject\",\"inLanguage\":\"sv-SE\",\"@id\":\"https:\/\/nordicpadel.com\/sv\/#\/schema\/logo\/image\/\",\"url\":\"https:\/\/nordicpadel.com\/sv\/wp-content\/uploads\/sites\/10\/2022\/12\/Nordic-Padel-small_1-1.png\",\"contentUrl\":\"https:\/\/nordicpadel.com\/sv\/wp-content\/uploads\/sites\/10\/2022\/12\/Nordic-Padel-small_1-1.png\",\"width\":400,\"height\":119,\"caption\":\"Nordic Padel\"},\"image\":{\"@id\":\"https:\/\/nordicpadel.com\/sv\/#\/schema\/logo\/image\/\"}}]}<\/script>\n<!-- \/ Yoast SEO plugin. -->","yoast_head_json":{"title":"Nike Court Victory Skirt - Nordic Padel","robots":{"index":"index","follow":"follow","max-snippet":"max-snippet:-1","max-image-preview":"max-image-preview:large","max-video-preview":"max-video-preview:-1"},"canonical":"https:\/\/nordicpadel.com\/sv\/product\/nike-court-victory-skirt-5\/","og_locale":"sv_SE","og_type":"article","og_title":"Nike Court Victory Skirt - Nordic Padel","og_description":"K\u00f6p en vit tenniskjol\/padelkjol med integrerade innershorts f\u00f6r bollf\u00f6rvaring. Denna kjol \u00e4r anpassad f\u00f6r att kunna f\u00f6rvara tennisbollar under tightsen som \u00e4r integrerade, tightsen ger ocks\u00e5 en sk\u00f6nare k\u00e4nsla d\u00e5 du fritt kan r\u00f6ra dig runt tennisbanan och padelbanan. Bred linning ger \u00e4n b\u00e4ttre komfort. Vidare kan s\u00e4gas att Nike anv\u00e4nder dri-FIT teknologi som inneb\u00e4r [&hellip;]","og_url":"https:\/\/nordicpadel.com\/sv\/product\/nike-court-victory-skirt-5\/","og_site_name":"Nordic Padel","article_modified_time":"2026-03-08T23:37:04+00:00","twitter_card":"summary_large_image","schema":{"@context":"https:\/\/schema.org","@graph":[{"@type":"WebPage","@id":"https:\/\/nordicpadel.com\/sv\/product\/nike-court-victory-skirt-5\/","url":"https:\/\/nordicpadel.com\/sv\/product\/nike-court-victory-skirt-5\/","name":"Nike Court Victory Skirt - Nordic Padel","isPartOf":{"@id":"https:\/\/nordicpadel.com\/sv\/#website"},"primaryImageOfPage":{"@id":"https:\/\/nordicpadel.com\/sv\/product\/nike-court-victory-skirt-5\/#primaryimage"},"image":{"@id":"https:\/\/nordicpadel.com\/sv\/product\/nike-court-victory-skirt-5\/#primaryimage"},"thumbnailUrl":"https:\/\/nordicpadel.com\/sv\/wp-content\/uploads\/sites\/10\/2025\/11\/f74c2740281986ea27721c80a309b7d2.png","datePublished":"2025-11-26T15:36:35+00:00","dateModified":"2026-03-08T23:37:04+00:00","breadcrumb":{"@id":"https:\/\/nordicpadel.com\/sv\/product\/nike-court-victory-skirt-5\/#breadcrumb"},"inLanguage":"sv-SE","potentialAction":[{"@type":"ReadAction","target":["https:\/\/nordicpadel.com\/sv\/product\/nike-court-victory-skirt-5\/"]}]},{"@type":"ImageObject","inLanguage":"sv-SE","@id":"https:\/\/nordicpadel.com\/sv\/product\/nike-court-victory-skirt-5\/#primaryimage","url":"https:\/\/nordicpadel.com\/sv\/wp-content\/uploads\/sites\/10\/2025\/11\/f74c2740281986ea27721c80a309b7d2.png","contentUrl":"https:\/\/nordicpadel.com\/sv\/wp-content\/uploads\/sites\/10\/2025\/11\/f74c2740281986ea27721c80a309b7d2.png","width":800,"height":800,"caption":"Nike Court Victory Skirt"},{"@type":"BreadcrumbList","@id":"https:\/\/nordicpadel.com\/sv\/product\/nike-court-victory-skirt-5\/#breadcrumb","itemListElement":[{"@type":"ListItem","position":1,"name":"Hem","item":"https:\/\/nordicpadel.com\/sv\/"},{"@type":"ListItem","position":2,"name":"Shop","item":"https:\/\/nordicpadel.com\/sv\/shop\/"},{"@type":"ListItem","position":3,"name":"Nike Court Victory Skirt"}]},{"@type":"WebSite","@id":"https:\/\/nordicpadel.com\/sv\/#website","url":"https:\/\/nordicpadel.com\/sv\/","name":"Nordic Padel","description":"","publisher":{"@id":"https:\/\/nordicpadel.com\/sv\/#organization"},"potentialAction":[{"@type":"SearchAction","target":{"@type":"EntryPoint","urlTemplate":"https:\/\/nordicpadel.com\/sv\/?s={search_term_string}"},"query-input":"required name=search_term_string"}],"inLanguage":"sv-SE"},{"@type":"Organization","@id":"https:\/\/nordicpadel.com\/sv\/#organization","name":"Nordic Padel","url":"https:\/\/nordicpadel.com\/sv\/","logo":{"@type":"ImageObject","inLanguage":"sv-SE","@id":"https:\/\/nordicpadel.com\/sv\/#\/schema\/logo\/image\/","url":"https:\/\/nordicpadel.com\/sv\/wp-content\/uploads\/sites\/10\/2022\/12\/Nordic-Padel-small_1-1.png","contentUrl":"https:\/\/nordicpadel.com\/sv\/wp-content\/uploads\/sites\/10\/2022\/12\/Nordic-Padel-small_1-1.png","width":400,"height":119,"caption":"Nordic Padel"},"image":{"@id":"https:\/\/nordicpadel.com\/sv\/#\/schema\/logo\/image\/"}}]}},"brands":[],"_links":{"self":[{"href":"https:\/\/nordicpadel.com\/sv\/wp-json\/wp\/v2\/product\/85795","targetHints":{"allow":["GET"]}}],"collection":[{"href":"https:\/\/nordicpadel.com\/sv\/wp-json\/wp\/v2\/product"}],"about":[{"href":"https:\/\/nordicpadel.com\/sv\/wp-json\/wp\/v2\/types\/product"}],"replies":[{"embeddable":true,"href":"https:\/\/nordicpadel.com\/sv\/wp-json\/wp\/v2\/comments?post=85795"}],"wp:featuredmedia":[{"embeddable":true,"href":"https:\/\/nordicpadel.com\/sv\/wp-json\/wp\/v2\/media\/85789"}],"wp:attachment":[{"href":"https:\/\/nordicpadel.com\/sv\/wp-json\/wp\/v2\/media?parent=85795"}],"wp:term":[{"taxonomy":"pwb-brand","embeddable":true,"href":"https:\/\/nordicpadel.com\/sv\/wp-json\/wp\/v2\/pwb-brand?post=85795"},{"taxonomy":"product_cat","embeddable":true,"href":"https:\/\/nordicpadel.com\/sv\/wp-json\/wp\/v2\/product_cat?post=85795"},{"taxonomy":"product_tag","embeddable":true,"href":"https:\/\/nordicpadel.com\/sv\/wp-json\/wp\/v2\/product_tag?post=85795"},{"taxonomy":"woo-feed-brand","embeddable":true,"href":"https:\/\/nordicpadel.com\/sv\/wp-json\/wp\/v2\/woo-feed-brand?post=85795"}],"curies":[{"name":"wp","href":"https:\/\/api.w.org\/{rel}","templated":true}]}}