{"id":85782,"date":"2025-11-26T16:36:07","date_gmt":"2025-11-26T15:36:07","guid":{"rendered":"https:\/\/nordicpadel.com\/sv\/product\/head-alpha-sanyo-monstercombi\/"},"modified":"2025-11-27T16:35:48","modified_gmt":"2025-11-27T15:35:48","slug":"head-alpha-sanyo-monstercombi","status":"publish","type":"product","link":"https:\/\/nordicpadel.com\/sv\/product\/head-alpha-sanyo-monstercombi\/","title":{"rendered":"HEAD Alpha Sanyo Monstercombi"},"content":{"rendered":"<p>K\u00f6p en fullmatad <a href=\"https:\/\/nordicpadel.com\/sv\/product-category\/padelvaska\/\">padelv\u00e4ska<\/a> med tillverkad i med h\u00f6gtsa kvalite ifr\u00e5n Head. H\u00e4r f\u00e5r du plats med det mesta utav din padelutrustning. <a href=\"https:\/\/nordicpadel.com\/sv\/product-category\/padelvaska\/\">padelv\u00e4ska<\/a>n \u00e4r utrustad med e racketfack som inv\u00e4ndigt har CCT+ material vilket inneb\u00e4r att racketarna skyddas mot v\u00e4rme och kyla. Vidare finns ett stort huvudfack och flera mindre fack. En uppskattat fack \u00e4r det specifika skofacket d\u00e4r det \u00e4ven g\u00e5r bra att f\u00f6rvara bl\u00f6ta kl\u00e4der. F\u00e4rg: Svart <\/p>\n<ul>\n<li>Ryggs\u00e4cksb\u00e4rsystem<\/li>\n<li>Tv\u00e5 utv\u00e4ndiga racketfack<\/li>\n<li>Ett utv\u00e4ndigt CCT+-racketfack<\/li>\n<li>Ett huvudfack<\/li>\n<li>Ett skofack<\/li>\n<li>Tv\u00e5 utv\u00e4ndiga tillbeh\u00f6rsfack med dragkedja<\/li>\n<li>En inv\u00e4ndig tillbeh\u00f6rsficka<\/li>\n<\/ul>\n<dl>\n<dt>Volym: 45 Liter<\/dt>\n<dt>Storlek: 60*29*41.5 cm Material: 75% Polyester, 25% PU<\/dt>\n<\/dl>\n","protected":false},"excerpt":{"rendered":"<p>K\u00f6p en fullmatad padelv\u00e4ska med tillverkad i med h\u00f6gtsa kvalite ifr\u00e5n Head. H\u00e4r f\u00e5r du plats med det mesta utav din padelutrustning. padelv\u00e4skan \u00e4r utrustad med e racketfack som inv\u00e4ndigt har CCT+ material vilket inneb\u00e4r att racketarna skyddas mot v\u00e4rme och kyla. Vidare finns ett stort huvudfack och flera mindre fack. En uppskattat fack \u00e4r [&hellip;]<\/p>\n","protected":false},"featured_media":85781,"comment_status":"open","ping_status":"closed","template":"","meta":[],"pwb-brand":[],"product_cat":[459],"product_tag":[],"woo-feed-brand":[],"class_list":{"0":"post-85782","1":"product","2":"type-product","3":"status-publish","4":"has-post-thumbnail","6":"product_cat-head","7":"pa_varumarke-head","9":"first","10":"outofstock","11":"sale","12":"taxable","13":"shipping-taxable","14":"purchasable","15":"product-type-simple"},"bundled_by":[],"bundle_stock_status":"outofstock","bundle_stock_quantity":0,"bundle_virtual":false,"bundle_layout":"","bundle_add_to_cart_form_location":"","bundle_editable_in_cart":false,"bundle_sold_individually_context":"","bundle_item_grouping":"","bundle_min_size":"","bundle_max_size":"","bundled_items":[],"bundle_sell_ids":[],"acf":[],"yoast_head":"<!-- This site is optimized with the Yoast SEO plugin v23.1 - https:\/\/yoast.com\/wordpress\/plugins\/seo\/ -->\n<title>HEAD Alpha Sanyo Monstercombi - Nordic Padel<\/title>\n<meta name=\"robots\" content=\"index, follow, max-snippet:-1, max-image-preview:large, max-video-preview:-1\" \/>\n<link rel=\"canonical\" href=\"https:\/\/nordicpadel.com\/sv\/product\/head-alpha-sanyo-monstercombi\/\" \/>\n<meta property=\"og:locale\" content=\"sv_SE\" \/>\n<meta property=\"og:type\" content=\"article\" \/>\n<meta property=\"og:title\" content=\"HEAD Alpha Sanyo Monstercombi - Nordic Padel\" \/>\n<meta property=\"og:description\" content=\"K\u00f6p en fullmatad padelv\u00e4ska med tillverkad i med h\u00f6gtsa kvalite ifr\u00e5n Head. H\u00e4r f\u00e5r du plats med det mesta utav din padelutrustning. padelv\u00e4skan \u00e4r utrustad med e racketfack som inv\u00e4ndigt har CCT+ material vilket inneb\u00e4r att racketarna skyddas mot v\u00e4rme och kyla. Vidare finns ett stort huvudfack och flera mindre fack. En uppskattat fack \u00e4r [&hellip;]\" \/>\n<meta property=\"og:url\" content=\"https:\/\/nordicpadel.com\/sv\/product\/head-alpha-sanyo-monstercombi\/\" \/>\n<meta property=\"og:site_name\" content=\"Nordic Padel\" \/>\n<meta property=\"article:modified_time\" content=\"2025-11-27T15:35:48+00:00\" \/>\n<meta property=\"og:image\" content=\"https:\/\/nordicpadel.com\/sv\/wp-content\/uploads\/sites\/10\/2025\/11\/29d2eebe7407f1f7c0463c4149e04dc4.png\" \/>\n\t<meta property=\"og:image:width\" content=\"800\" \/>\n\t<meta property=\"og:image:height\" content=\"800\" \/>\n\t<meta property=\"og:image:type\" content=\"image\/png\" \/>\n<meta name=\"twitter:card\" content=\"summary_large_image\" \/>\n<meta name=\"twitter:label1\" content=\"Ber\u00e4knad l\u00e4stid\" \/>\n\t<meta name=\"twitter:data1\" content=\"1 minut\" \/>\n<script type=\"application\/ld+json\" class=\"yoast-schema-graph\">{\"@context\":\"https:\/\/schema.org\",\"@graph\":[{\"@type\":\"WebPage\",\"@id\":\"https:\/\/nordicpadel.com\/sv\/product\/head-alpha-sanyo-monstercombi\/\",\"url\":\"https:\/\/nordicpadel.com\/sv\/product\/head-alpha-sanyo-monstercombi\/\",\"name\":\"HEAD Alpha Sanyo Monstercombi - Nordic Padel\",\"isPartOf\":{\"@id\":\"https:\/\/nordicpadel.com\/sv\/#website\"},\"primaryImageOfPage\":{\"@id\":\"https:\/\/nordicpadel.com\/sv\/product\/head-alpha-sanyo-monstercombi\/#primaryimage\"},\"image\":{\"@id\":\"https:\/\/nordicpadel.com\/sv\/product\/head-alpha-sanyo-monstercombi\/#primaryimage\"},\"thumbnailUrl\":\"https:\/\/nordicpadel.com\/sv\/wp-content\/uploads\/sites\/10\/2025\/11\/29d2eebe7407f1f7c0463c4149e04dc4.png\",\"datePublished\":\"2025-11-26T15:36:07+00:00\",\"dateModified\":\"2025-11-27T15:35:48+00:00\",\"breadcrumb\":{\"@id\":\"https:\/\/nordicpadel.com\/sv\/product\/head-alpha-sanyo-monstercombi\/#breadcrumb\"},\"inLanguage\":\"sv-SE\",\"potentialAction\":[{\"@type\":\"ReadAction\",\"target\":[\"https:\/\/nordicpadel.com\/sv\/product\/head-alpha-sanyo-monstercombi\/\"]}]},{\"@type\":\"ImageObject\",\"inLanguage\":\"sv-SE\",\"@id\":\"https:\/\/nordicpadel.com\/sv\/product\/head-alpha-sanyo-monstercombi\/#primaryimage\",\"url\":\"https:\/\/nordicpadel.com\/sv\/wp-content\/uploads\/sites\/10\/2025\/11\/29d2eebe7407f1f7c0463c4149e04dc4.png\",\"contentUrl\":\"https:\/\/nordicpadel.com\/sv\/wp-content\/uploads\/sites\/10\/2025\/11\/29d2eebe7407f1f7c0463c4149e04dc4.png\",\"width\":800,\"height\":800,\"caption\":\"HEAD Alpha Sanyo Monstercombi\"},{\"@type\":\"BreadcrumbList\",\"@id\":\"https:\/\/nordicpadel.com\/sv\/product\/head-alpha-sanyo-monstercombi\/#breadcrumb\",\"itemListElement\":[{\"@type\":\"ListItem\",\"position\":1,\"name\":\"Hem\",\"item\":\"https:\/\/nordicpadel.com\/sv\/\"},{\"@type\":\"ListItem\",\"position\":2,\"name\":\"Shop\",\"item\":\"https:\/\/nordicpadel.com\/sv\/shop\/\"},{\"@type\":\"ListItem\",\"position\":3,\"name\":\"HEAD Alpha Sanyo Monstercombi\"}]},{\"@type\":\"WebSite\",\"@id\":\"https:\/\/nordicpadel.com\/sv\/#website\",\"url\":\"https:\/\/nordicpadel.com\/sv\/\",\"name\":\"Nordic Padel\",\"description\":\"\",\"publisher\":{\"@id\":\"https:\/\/nordicpadel.com\/sv\/#organization\"},\"potentialAction\":[{\"@type\":\"SearchAction\",\"target\":{\"@type\":\"EntryPoint\",\"urlTemplate\":\"https:\/\/nordicpadel.com\/sv\/?s={search_term_string}\"},\"query-input\":\"required name=search_term_string\"}],\"inLanguage\":\"sv-SE\"},{\"@type\":\"Organization\",\"@id\":\"https:\/\/nordicpadel.com\/sv\/#organization\",\"name\":\"Nordic Padel\",\"url\":\"https:\/\/nordicpadel.com\/sv\/\",\"logo\":{\"@type\":\"ImageObject\",\"inLanguage\":\"sv-SE\",\"@id\":\"https:\/\/nordicpadel.com\/sv\/#\/schema\/logo\/image\/\",\"url\":\"https:\/\/nordicpadel.com\/sv\/wp-content\/uploads\/sites\/10\/2022\/12\/Nordic-Padel-small_1-1.png\",\"contentUrl\":\"https:\/\/nordicpadel.com\/sv\/wp-content\/uploads\/sites\/10\/2022\/12\/Nordic-Padel-small_1-1.png\",\"width\":400,\"height\":119,\"caption\":\"Nordic Padel\"},\"image\":{\"@id\":\"https:\/\/nordicpadel.com\/sv\/#\/schema\/logo\/image\/\"}}]}<\/script>\n<!-- \/ Yoast SEO plugin. -->","yoast_head_json":{"title":"HEAD Alpha Sanyo Monstercombi - Nordic Padel","robots":{"index":"index","follow":"follow","max-snippet":"max-snippet:-1","max-image-preview":"max-image-preview:large","max-video-preview":"max-video-preview:-1"},"canonical":"https:\/\/nordicpadel.com\/sv\/product\/head-alpha-sanyo-monstercombi\/","og_locale":"sv_SE","og_type":"article","og_title":"HEAD Alpha Sanyo Monstercombi - Nordic Padel","og_description":"K\u00f6p en fullmatad padelv\u00e4ska med tillverkad i med h\u00f6gtsa kvalite ifr\u00e5n Head. H\u00e4r f\u00e5r du plats med det mesta utav din padelutrustning. padelv\u00e4skan \u00e4r utrustad med e racketfack som inv\u00e4ndigt har CCT+ material vilket inneb\u00e4r att racketarna skyddas mot v\u00e4rme och kyla. Vidare finns ett stort huvudfack och flera mindre fack. En uppskattat fack \u00e4r [&hellip;]","og_url":"https:\/\/nordicpadel.com\/sv\/product\/head-alpha-sanyo-monstercombi\/","og_site_name":"Nordic Padel","article_modified_time":"2025-11-27T15:35:48+00:00","og_image":[{"width":800,"height":800,"url":"https:\/\/nordicpadel.com\/sv\/wp-content\/uploads\/sites\/10\/2025\/11\/29d2eebe7407f1f7c0463c4149e04dc4.png","type":"image\/png"}],"twitter_card":"summary_large_image","twitter_misc":{"Ber\u00e4knad l\u00e4stid":"1 minut"},"schema":{"@context":"https:\/\/schema.org","@graph":[{"@type":"WebPage","@id":"https:\/\/nordicpadel.com\/sv\/product\/head-alpha-sanyo-monstercombi\/","url":"https:\/\/nordicpadel.com\/sv\/product\/head-alpha-sanyo-monstercombi\/","name":"HEAD Alpha Sanyo Monstercombi - Nordic Padel","isPartOf":{"@id":"https:\/\/nordicpadel.com\/sv\/#website"},"primaryImageOfPage":{"@id":"https:\/\/nordicpadel.com\/sv\/product\/head-alpha-sanyo-monstercombi\/#primaryimage"},"image":{"@id":"https:\/\/nordicpadel.com\/sv\/product\/head-alpha-sanyo-monstercombi\/#primaryimage"},"thumbnailUrl":"https:\/\/nordicpadel.com\/sv\/wp-content\/uploads\/sites\/10\/2025\/11\/29d2eebe7407f1f7c0463c4149e04dc4.png","datePublished":"2025-11-26T15:36:07+00:00","dateModified":"2025-11-27T15:35:48+00:00","breadcrumb":{"@id":"https:\/\/nordicpadel.com\/sv\/product\/head-alpha-sanyo-monstercombi\/#breadcrumb"},"inLanguage":"sv-SE","potentialAction":[{"@type":"ReadAction","target":["https:\/\/nordicpadel.com\/sv\/product\/head-alpha-sanyo-monstercombi\/"]}]},{"@type":"ImageObject","inLanguage":"sv-SE","@id":"https:\/\/nordicpadel.com\/sv\/product\/head-alpha-sanyo-monstercombi\/#primaryimage","url":"https:\/\/nordicpadel.com\/sv\/wp-content\/uploads\/sites\/10\/2025\/11\/29d2eebe7407f1f7c0463c4149e04dc4.png","contentUrl":"https:\/\/nordicpadel.com\/sv\/wp-content\/uploads\/sites\/10\/2025\/11\/29d2eebe7407f1f7c0463c4149e04dc4.png","width":800,"height":800,"caption":"HEAD Alpha Sanyo Monstercombi"},{"@type":"BreadcrumbList","@id":"https:\/\/nordicpadel.com\/sv\/product\/head-alpha-sanyo-monstercombi\/#breadcrumb","itemListElement":[{"@type":"ListItem","position":1,"name":"Hem","item":"https:\/\/nordicpadel.com\/sv\/"},{"@type":"ListItem","position":2,"name":"Shop","item":"https:\/\/nordicpadel.com\/sv\/shop\/"},{"@type":"ListItem","position":3,"name":"HEAD Alpha Sanyo Monstercombi"}]},{"@type":"WebSite","@id":"https:\/\/nordicpadel.com\/sv\/#website","url":"https:\/\/nordicpadel.com\/sv\/","name":"Nordic Padel","description":"","publisher":{"@id":"https:\/\/nordicpadel.com\/sv\/#organization"},"potentialAction":[{"@type":"SearchAction","target":{"@type":"EntryPoint","urlTemplate":"https:\/\/nordicpadel.com\/sv\/?s={search_term_string}"},"query-input":"required name=search_term_string"}],"inLanguage":"sv-SE"},{"@type":"Organization","@id":"https:\/\/nordicpadel.com\/sv\/#organization","name":"Nordic Padel","url":"https:\/\/nordicpadel.com\/sv\/","logo":{"@type":"ImageObject","inLanguage":"sv-SE","@id":"https:\/\/nordicpadel.com\/sv\/#\/schema\/logo\/image\/","url":"https:\/\/nordicpadel.com\/sv\/wp-content\/uploads\/sites\/10\/2022\/12\/Nordic-Padel-small_1-1.png","contentUrl":"https:\/\/nordicpadel.com\/sv\/wp-content\/uploads\/sites\/10\/2022\/12\/Nordic-Padel-small_1-1.png","width":400,"height":119,"caption":"Nordic Padel"},"image":{"@id":"https:\/\/nordicpadel.com\/sv\/#\/schema\/logo\/image\/"}}]}},"brands":[],"_links":{"self":[{"href":"https:\/\/nordicpadel.com\/sv\/wp-json\/wp\/v2\/product\/85782","targetHints":{"allow":["GET"]}}],"collection":[{"href":"https:\/\/nordicpadel.com\/sv\/wp-json\/wp\/v2\/product"}],"about":[{"href":"https:\/\/nordicpadel.com\/sv\/wp-json\/wp\/v2\/types\/product"}],"replies":[{"embeddable":true,"href":"https:\/\/nordicpadel.com\/sv\/wp-json\/wp\/v2\/comments?post=85782"}],"wp:featuredmedia":[{"embeddable":true,"href":"https:\/\/nordicpadel.com\/sv\/wp-json\/wp\/v2\/media\/85781"}],"wp:attachment":[{"href":"https:\/\/nordicpadel.com\/sv\/wp-json\/wp\/v2\/media?parent=85782"}],"wp:term":[{"taxonomy":"pwb-brand","embeddable":true,"href":"https:\/\/nordicpadel.com\/sv\/wp-json\/wp\/v2\/pwb-brand?post=85782"},{"taxonomy":"product_cat","embeddable":true,"href":"https:\/\/nordicpadel.com\/sv\/wp-json\/wp\/v2\/product_cat?post=85782"},{"taxonomy":"product_tag","embeddable":true,"href":"https:\/\/nordicpadel.com\/sv\/wp-json\/wp\/v2\/product_tag?post=85782"},{"taxonomy":"woo-feed-brand","embeddable":true,"href":"https:\/\/nordicpadel.com\/sv\/wp-json\/wp\/v2\/woo-feed-brand?post=85782"}],"curies":[{"name":"wp","href":"https:\/\/api.w.org\/{rel}","templated":true}]}}