{"id":85737,"date":"2025-11-26T16:34:43","date_gmt":"2025-11-26T15:34:43","guid":{"rendered":"https:\/\/nordicpadel.com\/sv\/product\/nike-victory-tee-jr\/"},"modified":"2026-03-09T00:38:55","modified_gmt":"2026-03-08T23:38:55","slug":"nike-victory-tee-jr","status":"publish","type":"product","link":"https:\/\/nordicpadel.com\/sv\/product\/nike-victory-tee-jr\/","title":{"rendered":"Nike Victory Tee Jr"},"content":{"rendered":"<p>K\u00f6p stilrena vita tenniskl\u00e4der f\u00f6r barn tillverkat i 100% funktionsmaterial. Snygg topp f\u00f6r f\u00f6r barn som spelar tennis eller padel, givevis passar toppen till all typ av idrott. Toppenh\u00e5ller fin mjuk kvalite med god andningsf\u00f6rm\u00e5ga f\u00f6r att h\u00e5lla fukten borta. Lite stretch i tyget g\u00f6r att plagget sitter extra snyggt. F\u00e4rg: Vit Material: 100% Polyester Tv\u00e4ttr\u00e5d: Maskintv\u00e4tt, 40 grader syntet<\/p>\n","protected":false},"excerpt":{"rendered":"<p>K\u00f6p stilrena vita tenniskl\u00e4der f\u00f6r barn tillverkat i 100% funktionsmaterial. Snygg topp f\u00f6r f\u00f6r barn som spelar tennis eller padel, givevis passar toppen till all typ av idrott. Toppenh\u00e5ller fin mjuk kvalite med god andningsf\u00f6rm\u00e5ga f\u00f6r att h\u00e5lla fukten borta. Lite stretch i tyget g\u00f6r att plagget sitter extra snyggt. F\u00e4rg: Vit Material: 100% Polyester [&hellip;]<\/p>\n","protected":false},"featured_media":85734,"comment_status":"open","ping_status":"closed","template":"","meta":[],"pwb-brand":[],"product_cat":[47],"product_tag":[],"woo-feed-brand":[],"class_list":{"0":"post-85737","1":"product","2":"type-product","3":"status-publish","4":"has-post-thumbnail","6":"product_cat-junior","7":"pa_varumarke-nike","9":"first","10":"instock","11":"taxable","12":"shipping-taxable","13":"purchasable","14":"product-type-variable"},"bundled_by":[],"bundle_stock_status":"instock","bundle_stock_quantity":10,"bundle_virtual":false,"bundle_layout":"","bundle_add_to_cart_form_location":"","bundle_editable_in_cart":false,"bundle_sold_individually_context":"","bundle_item_grouping":"","bundle_min_size":"","bundle_max_size":"","bundled_items":[],"bundle_sell_ids":[],"acf":[],"yoast_head":"<!-- This site is optimized with the Yoast SEO plugin v23.1 - https:\/\/yoast.com\/wordpress\/plugins\/seo\/ -->\n<title>Nike Victory Tee Jr - Nordic Padel<\/title>\n<meta name=\"robots\" content=\"index, follow, max-snippet:-1, max-image-preview:large, max-video-preview:-1\" \/>\n<link rel=\"canonical\" href=\"https:\/\/nordicpadel.com\/sv\/product\/nike-victory-tee-jr\/\" \/>\n<meta property=\"og:locale\" content=\"sv_SE\" \/>\n<meta property=\"og:type\" content=\"article\" \/>\n<meta property=\"og:title\" content=\"Nike Victory Tee Jr - Nordic Padel\" \/>\n<meta property=\"og:description\" content=\"K\u00f6p stilrena vita tenniskl\u00e4der f\u00f6r barn tillverkat i 100% funktionsmaterial. Snygg topp f\u00f6r f\u00f6r barn som spelar tennis eller padel, givevis passar toppen till all typ av idrott. Toppenh\u00e5ller fin mjuk kvalite med god andningsf\u00f6rm\u00e5ga f\u00f6r att h\u00e5lla fukten borta. Lite stretch i tyget g\u00f6r att plagget sitter extra snyggt. F\u00e4rg: Vit Material: 100% Polyester [&hellip;]\" \/>\n<meta property=\"og:url\" content=\"https:\/\/nordicpadel.com\/sv\/product\/nike-victory-tee-jr\/\" \/>\n<meta property=\"og:site_name\" content=\"Nordic Padel\" \/>\n<meta property=\"article:modified_time\" content=\"2026-03-08T23:38:55+00:00\" \/>\n<meta name=\"twitter:card\" content=\"summary_large_image\" \/>\n<script type=\"application\/ld+json\" class=\"yoast-schema-graph\">{\"@context\":\"https:\/\/schema.org\",\"@graph\":[{\"@type\":\"WebPage\",\"@id\":\"https:\/\/nordicpadel.com\/sv\/product\/nike-victory-tee-jr\/\",\"url\":\"https:\/\/nordicpadel.com\/sv\/product\/nike-victory-tee-jr\/\",\"name\":\"Nike Victory Tee Jr - Nordic Padel\",\"isPartOf\":{\"@id\":\"https:\/\/nordicpadel.com\/sv\/#website\"},\"primaryImageOfPage\":{\"@id\":\"https:\/\/nordicpadel.com\/sv\/product\/nike-victory-tee-jr\/#primaryimage\"},\"image\":{\"@id\":\"https:\/\/nordicpadel.com\/sv\/product\/nike-victory-tee-jr\/#primaryimage\"},\"thumbnailUrl\":\"https:\/\/nordicpadel.com\/sv\/wp-content\/uploads\/sites\/10\/2025\/11\/82d26c1578f4dc3bdf523edfe0c0be31.png\",\"datePublished\":\"2025-11-26T15:34:43+00:00\",\"dateModified\":\"2026-03-08T23:38:55+00:00\",\"breadcrumb\":{\"@id\":\"https:\/\/nordicpadel.com\/sv\/product\/nike-victory-tee-jr\/#breadcrumb\"},\"inLanguage\":\"sv-SE\",\"potentialAction\":[{\"@type\":\"ReadAction\",\"target\":[\"https:\/\/nordicpadel.com\/sv\/product\/nike-victory-tee-jr\/\"]}]},{\"@type\":\"ImageObject\",\"inLanguage\":\"sv-SE\",\"@id\":\"https:\/\/nordicpadel.com\/sv\/product\/nike-victory-tee-jr\/#primaryimage\",\"url\":\"https:\/\/nordicpadel.com\/sv\/wp-content\/uploads\/sites\/10\/2025\/11\/82d26c1578f4dc3bdf523edfe0c0be31.png\",\"contentUrl\":\"https:\/\/nordicpadel.com\/sv\/wp-content\/uploads\/sites\/10\/2025\/11\/82d26c1578f4dc3bdf523edfe0c0be31.png\",\"width\":800,\"height\":800,\"caption\":\"Nike Victory Tee Jr\"},{\"@type\":\"BreadcrumbList\",\"@id\":\"https:\/\/nordicpadel.com\/sv\/product\/nike-victory-tee-jr\/#breadcrumb\",\"itemListElement\":[{\"@type\":\"ListItem\",\"position\":1,\"name\":\"Hem\",\"item\":\"https:\/\/nordicpadel.com\/sv\/\"},{\"@type\":\"ListItem\",\"position\":2,\"name\":\"Shop\",\"item\":\"https:\/\/nordicpadel.com\/sv\/shop\/\"},{\"@type\":\"ListItem\",\"position\":3,\"name\":\"Nike Victory Tee Jr\"}]},{\"@type\":\"WebSite\",\"@id\":\"https:\/\/nordicpadel.com\/sv\/#website\",\"url\":\"https:\/\/nordicpadel.com\/sv\/\",\"name\":\"Nordic Padel\",\"description\":\"\",\"publisher\":{\"@id\":\"https:\/\/nordicpadel.com\/sv\/#organization\"},\"potentialAction\":[{\"@type\":\"SearchAction\",\"target\":{\"@type\":\"EntryPoint\",\"urlTemplate\":\"https:\/\/nordicpadel.com\/sv\/?s={search_term_string}\"},\"query-input\":\"required name=search_term_string\"}],\"inLanguage\":\"sv-SE\"},{\"@type\":\"Organization\",\"@id\":\"https:\/\/nordicpadel.com\/sv\/#organization\",\"name\":\"Nordic Padel\",\"url\":\"https:\/\/nordicpadel.com\/sv\/\",\"logo\":{\"@type\":\"ImageObject\",\"inLanguage\":\"sv-SE\",\"@id\":\"https:\/\/nordicpadel.com\/sv\/#\/schema\/logo\/image\/\",\"url\":\"https:\/\/nordicpadel.com\/sv\/wp-content\/uploads\/sites\/10\/2022\/12\/Nordic-Padel-small_1-1.png\",\"contentUrl\":\"https:\/\/nordicpadel.com\/sv\/wp-content\/uploads\/sites\/10\/2022\/12\/Nordic-Padel-small_1-1.png\",\"width\":400,\"height\":119,\"caption\":\"Nordic Padel\"},\"image\":{\"@id\":\"https:\/\/nordicpadel.com\/sv\/#\/schema\/logo\/image\/\"}}]}<\/script>\n<!-- \/ Yoast SEO plugin. -->","yoast_head_json":{"title":"Nike Victory Tee Jr - Nordic Padel","robots":{"index":"index","follow":"follow","max-snippet":"max-snippet:-1","max-image-preview":"max-image-preview:large","max-video-preview":"max-video-preview:-1"},"canonical":"https:\/\/nordicpadel.com\/sv\/product\/nike-victory-tee-jr\/","og_locale":"sv_SE","og_type":"article","og_title":"Nike Victory Tee Jr - Nordic Padel","og_description":"K\u00f6p stilrena vita tenniskl\u00e4der f\u00f6r barn tillverkat i 100% funktionsmaterial. Snygg topp f\u00f6r f\u00f6r barn som spelar tennis eller padel, givevis passar toppen till all typ av idrott. Toppenh\u00e5ller fin mjuk kvalite med god andningsf\u00f6rm\u00e5ga f\u00f6r att h\u00e5lla fukten borta. Lite stretch i tyget g\u00f6r att plagget sitter extra snyggt. F\u00e4rg: Vit Material: 100% Polyester [&hellip;]","og_url":"https:\/\/nordicpadel.com\/sv\/product\/nike-victory-tee-jr\/","og_site_name":"Nordic Padel","article_modified_time":"2026-03-08T23:38:55+00:00","twitter_card":"summary_large_image","schema":{"@context":"https:\/\/schema.org","@graph":[{"@type":"WebPage","@id":"https:\/\/nordicpadel.com\/sv\/product\/nike-victory-tee-jr\/","url":"https:\/\/nordicpadel.com\/sv\/product\/nike-victory-tee-jr\/","name":"Nike Victory Tee Jr - Nordic Padel","isPartOf":{"@id":"https:\/\/nordicpadel.com\/sv\/#website"},"primaryImageOfPage":{"@id":"https:\/\/nordicpadel.com\/sv\/product\/nike-victory-tee-jr\/#primaryimage"},"image":{"@id":"https:\/\/nordicpadel.com\/sv\/product\/nike-victory-tee-jr\/#primaryimage"},"thumbnailUrl":"https:\/\/nordicpadel.com\/sv\/wp-content\/uploads\/sites\/10\/2025\/11\/82d26c1578f4dc3bdf523edfe0c0be31.png","datePublished":"2025-11-26T15:34:43+00:00","dateModified":"2026-03-08T23:38:55+00:00","breadcrumb":{"@id":"https:\/\/nordicpadel.com\/sv\/product\/nike-victory-tee-jr\/#breadcrumb"},"inLanguage":"sv-SE","potentialAction":[{"@type":"ReadAction","target":["https:\/\/nordicpadel.com\/sv\/product\/nike-victory-tee-jr\/"]}]},{"@type":"ImageObject","inLanguage":"sv-SE","@id":"https:\/\/nordicpadel.com\/sv\/product\/nike-victory-tee-jr\/#primaryimage","url":"https:\/\/nordicpadel.com\/sv\/wp-content\/uploads\/sites\/10\/2025\/11\/82d26c1578f4dc3bdf523edfe0c0be31.png","contentUrl":"https:\/\/nordicpadel.com\/sv\/wp-content\/uploads\/sites\/10\/2025\/11\/82d26c1578f4dc3bdf523edfe0c0be31.png","width":800,"height":800,"caption":"Nike Victory Tee Jr"},{"@type":"BreadcrumbList","@id":"https:\/\/nordicpadel.com\/sv\/product\/nike-victory-tee-jr\/#breadcrumb","itemListElement":[{"@type":"ListItem","position":1,"name":"Hem","item":"https:\/\/nordicpadel.com\/sv\/"},{"@type":"ListItem","position":2,"name":"Shop","item":"https:\/\/nordicpadel.com\/sv\/shop\/"},{"@type":"ListItem","position":3,"name":"Nike Victory Tee Jr"}]},{"@type":"WebSite","@id":"https:\/\/nordicpadel.com\/sv\/#website","url":"https:\/\/nordicpadel.com\/sv\/","name":"Nordic Padel","description":"","publisher":{"@id":"https:\/\/nordicpadel.com\/sv\/#organization"},"potentialAction":[{"@type":"SearchAction","target":{"@type":"EntryPoint","urlTemplate":"https:\/\/nordicpadel.com\/sv\/?s={search_term_string}"},"query-input":"required name=search_term_string"}],"inLanguage":"sv-SE"},{"@type":"Organization","@id":"https:\/\/nordicpadel.com\/sv\/#organization","name":"Nordic Padel","url":"https:\/\/nordicpadel.com\/sv\/","logo":{"@type":"ImageObject","inLanguage":"sv-SE","@id":"https:\/\/nordicpadel.com\/sv\/#\/schema\/logo\/image\/","url":"https:\/\/nordicpadel.com\/sv\/wp-content\/uploads\/sites\/10\/2022\/12\/Nordic-Padel-small_1-1.png","contentUrl":"https:\/\/nordicpadel.com\/sv\/wp-content\/uploads\/sites\/10\/2022\/12\/Nordic-Padel-small_1-1.png","width":400,"height":119,"caption":"Nordic Padel"},"image":{"@id":"https:\/\/nordicpadel.com\/sv\/#\/schema\/logo\/image\/"}}]}},"brands":[],"_links":{"self":[{"href":"https:\/\/nordicpadel.com\/sv\/wp-json\/wp\/v2\/product\/85737","targetHints":{"allow":["GET"]}}],"collection":[{"href":"https:\/\/nordicpadel.com\/sv\/wp-json\/wp\/v2\/product"}],"about":[{"href":"https:\/\/nordicpadel.com\/sv\/wp-json\/wp\/v2\/types\/product"}],"replies":[{"embeddable":true,"href":"https:\/\/nordicpadel.com\/sv\/wp-json\/wp\/v2\/comments?post=85737"}],"wp:featuredmedia":[{"embeddable":true,"href":"https:\/\/nordicpadel.com\/sv\/wp-json\/wp\/v2\/media\/85734"}],"wp:attachment":[{"href":"https:\/\/nordicpadel.com\/sv\/wp-json\/wp\/v2\/media?parent=85737"}],"wp:term":[{"taxonomy":"pwb-brand","embeddable":true,"href":"https:\/\/nordicpadel.com\/sv\/wp-json\/wp\/v2\/pwb-brand?post=85737"},{"taxonomy":"product_cat","embeddable":true,"href":"https:\/\/nordicpadel.com\/sv\/wp-json\/wp\/v2\/product_cat?post=85737"},{"taxonomy":"product_tag","embeddable":true,"href":"https:\/\/nordicpadel.com\/sv\/wp-json\/wp\/v2\/product_tag?post=85737"},{"taxonomy":"woo-feed-brand","embeddable":true,"href":"https:\/\/nordicpadel.com\/sv\/wp-json\/wp\/v2\/woo-feed-brand?post=85737"}],"curies":[{"name":"wp","href":"https:\/\/api.w.org\/{rel}","templated":true}]}}