{"id":85633,"date":"2025-11-26T16:32:38","date_gmt":"2025-11-26T15:32:38","guid":{"rendered":"https:\/\/nordicpadel.com\/sv\/product\/prince-warrior-pro\/"},"modified":"2026-03-18T12:49:42","modified_gmt":"2026-03-18T11:49:42","slug":"prince-warrior-pro","status":"publish","type":"product","link":"https:\/\/nordicpadel.com\/sv\/product\/prince-warrior-pro\/","title":{"rendered":"PRINCE Warrior Pro"},"content":{"rendered":"<p>K\u00f6p ett 3-pack med padelbollar fr\u00e5n Prince. F\u00f6r att f\u00e5 b\u00e4sta m\u00f6jliga padelupplevelse b\u00f6r du spela med relativt nya bollar. Vill du d\u00e4remot ha en l\u00e5ngsammare boll, ja d\u00e5 kan du anv\u00e4nda \u00e4ldre padelbollar.<\/p>\n","protected":false},"excerpt":{"rendered":"<p>K\u00f6p ett 3-pack med padelbollar fr\u00e5n Prince. F\u00f6r att f\u00e5 b\u00e4sta m\u00f6jliga padelupplevelse b\u00f6r du spela med relativt nya bollar. Vill du d\u00e4remot ha en l\u00e5ngsammare boll, ja d\u00e5 kan du anv\u00e4nda \u00e4ldre padelbollar.<\/p>\n","protected":false},"featured_media":85629,"comment_status":"open","ping_status":"closed","template":"","meta":[],"pwb-brand":[],"product_cat":[21],"product_tag":[],"woo-feed-brand":[],"class_list":{"0":"post-85633","1":"product","2":"type-product","3":"status-publish","4":"has-post-thumbnail","6":"product_cat-padelbollar","7":"pa_varumarke-prince","9":"first","10":"instock","11":"sale","12":"taxable","13":"shipping-taxable","14":"purchasable","15":"product-type-simple"},"bundled_by":[],"bundle_stock_status":"instock","bundle_stock_quantity":66,"bundle_virtual":false,"bundle_layout":"","bundle_add_to_cart_form_location":"","bundle_editable_in_cart":false,"bundle_sold_individually_context":"","bundle_item_grouping":"","bundle_min_size":"","bundle_max_size":"","bundled_items":[],"bundle_sell_ids":[],"acf":[],"yoast_head":"<!-- This site is optimized with the Yoast SEO plugin v23.1 - https:\/\/yoast.com\/wordpress\/plugins\/seo\/ -->\n<title>PRINCE Warrior Pro - Nordic Padel<\/title>\n<meta name=\"robots\" content=\"index, follow, max-snippet:-1, max-image-preview:large, max-video-preview:-1\" \/>\n<link rel=\"canonical\" href=\"https:\/\/nordicpadel.com\/sv\/product\/prince-warrior-pro\/\" \/>\n<meta property=\"og:locale\" content=\"sv_SE\" \/>\n<meta property=\"og:type\" content=\"article\" \/>\n<meta property=\"og:title\" content=\"PRINCE Warrior Pro - Nordic Padel\" \/>\n<meta property=\"og:description\" content=\"K\u00f6p ett 3-pack med padelbollar fr\u00e5n Prince. F\u00f6r att f\u00e5 b\u00e4sta m\u00f6jliga padelupplevelse b\u00f6r du spela med relativt nya bollar. Vill du d\u00e4remot ha en l\u00e5ngsammare boll, ja d\u00e5 kan du anv\u00e4nda \u00e4ldre padelbollar.\" \/>\n<meta property=\"og:url\" content=\"https:\/\/nordicpadel.com\/sv\/product\/prince-warrior-pro\/\" \/>\n<meta property=\"og:site_name\" content=\"Nordic Padel\" \/>\n<meta property=\"article:modified_time\" content=\"2026-03-18T11:49:42+00:00\" \/>\n<meta name=\"twitter:card\" content=\"summary_large_image\" \/>\n<script type=\"application\/ld+json\" class=\"yoast-schema-graph\">{\"@context\":\"https:\/\/schema.org\",\"@graph\":[{\"@type\":\"WebPage\",\"@id\":\"https:\/\/nordicpadel.com\/sv\/product\/prince-warrior-pro\/\",\"url\":\"https:\/\/nordicpadel.com\/sv\/product\/prince-warrior-pro\/\",\"name\":\"PRINCE Warrior Pro - Nordic Padel\",\"isPartOf\":{\"@id\":\"https:\/\/nordicpadel.com\/sv\/#website\"},\"primaryImageOfPage\":{\"@id\":\"https:\/\/nordicpadel.com\/sv\/product\/prince-warrior-pro\/#primaryimage\"},\"image\":{\"@id\":\"https:\/\/nordicpadel.com\/sv\/product\/prince-warrior-pro\/#primaryimage\"},\"thumbnailUrl\":\"https:\/\/nordicpadel.com\/sv\/wp-content\/uploads\/sites\/10\/2025\/11\/41dc65a889a1cc823b9269da51f683f5.png\",\"datePublished\":\"2025-11-26T15:32:38+00:00\",\"dateModified\":\"2026-03-18T11:49:42+00:00\",\"breadcrumb\":{\"@id\":\"https:\/\/nordicpadel.com\/sv\/product\/prince-warrior-pro\/#breadcrumb\"},\"inLanguage\":\"sv-SE\",\"potentialAction\":[{\"@type\":\"ReadAction\",\"target\":[\"https:\/\/nordicpadel.com\/sv\/product\/prince-warrior-pro\/\"]}]},{\"@type\":\"ImageObject\",\"inLanguage\":\"sv-SE\",\"@id\":\"https:\/\/nordicpadel.com\/sv\/product\/prince-warrior-pro\/#primaryimage\",\"url\":\"https:\/\/nordicpadel.com\/sv\/wp-content\/uploads\/sites\/10\/2025\/11\/41dc65a889a1cc823b9269da51f683f5.png\",\"contentUrl\":\"https:\/\/nordicpadel.com\/sv\/wp-content\/uploads\/sites\/10\/2025\/11\/41dc65a889a1cc823b9269da51f683f5.png\",\"width\":800,\"height\":800,\"caption\":\"PRINCE Warrior Pro\"},{\"@type\":\"BreadcrumbList\",\"@id\":\"https:\/\/nordicpadel.com\/sv\/product\/prince-warrior-pro\/#breadcrumb\",\"itemListElement\":[{\"@type\":\"ListItem\",\"position\":1,\"name\":\"Hem\",\"item\":\"https:\/\/nordicpadel.com\/sv\/\"},{\"@type\":\"ListItem\",\"position\":2,\"name\":\"Shop\",\"item\":\"https:\/\/nordicpadel.com\/sv\/shop\/\"},{\"@type\":\"ListItem\",\"position\":3,\"name\":\"PRINCE Warrior Pro\"}]},{\"@type\":\"WebSite\",\"@id\":\"https:\/\/nordicpadel.com\/sv\/#website\",\"url\":\"https:\/\/nordicpadel.com\/sv\/\",\"name\":\"Nordic Padel\",\"description\":\"\",\"publisher\":{\"@id\":\"https:\/\/nordicpadel.com\/sv\/#organization\"},\"potentialAction\":[{\"@type\":\"SearchAction\",\"target\":{\"@type\":\"EntryPoint\",\"urlTemplate\":\"https:\/\/nordicpadel.com\/sv\/?s={search_term_string}\"},\"query-input\":\"required name=search_term_string\"}],\"inLanguage\":\"sv-SE\"},{\"@type\":\"Organization\",\"@id\":\"https:\/\/nordicpadel.com\/sv\/#organization\",\"name\":\"Nordic Padel\",\"url\":\"https:\/\/nordicpadel.com\/sv\/\",\"logo\":{\"@type\":\"ImageObject\",\"inLanguage\":\"sv-SE\",\"@id\":\"https:\/\/nordicpadel.com\/sv\/#\/schema\/logo\/image\/\",\"url\":\"https:\/\/nordicpadel.com\/sv\/wp-content\/uploads\/sites\/10\/2022\/12\/Nordic-Padel-small_1-1.png\",\"contentUrl\":\"https:\/\/nordicpadel.com\/sv\/wp-content\/uploads\/sites\/10\/2022\/12\/Nordic-Padel-small_1-1.png\",\"width\":400,\"height\":119,\"caption\":\"Nordic Padel\"},\"image\":{\"@id\":\"https:\/\/nordicpadel.com\/sv\/#\/schema\/logo\/image\/\"}}]}<\/script>\n<!-- \/ Yoast SEO plugin. -->","yoast_head_json":{"title":"PRINCE Warrior Pro - Nordic Padel","robots":{"index":"index","follow":"follow","max-snippet":"max-snippet:-1","max-image-preview":"max-image-preview:large","max-video-preview":"max-video-preview:-1"},"canonical":"https:\/\/nordicpadel.com\/sv\/product\/prince-warrior-pro\/","og_locale":"sv_SE","og_type":"article","og_title":"PRINCE Warrior Pro - Nordic Padel","og_description":"K\u00f6p ett 3-pack med padelbollar fr\u00e5n Prince. F\u00f6r att f\u00e5 b\u00e4sta m\u00f6jliga padelupplevelse b\u00f6r du spela med relativt nya bollar. Vill du d\u00e4remot ha en l\u00e5ngsammare boll, ja d\u00e5 kan du anv\u00e4nda \u00e4ldre padelbollar.","og_url":"https:\/\/nordicpadel.com\/sv\/product\/prince-warrior-pro\/","og_site_name":"Nordic Padel","article_modified_time":"2026-03-18T11:49:42+00:00","twitter_card":"summary_large_image","schema":{"@context":"https:\/\/schema.org","@graph":[{"@type":"WebPage","@id":"https:\/\/nordicpadel.com\/sv\/product\/prince-warrior-pro\/","url":"https:\/\/nordicpadel.com\/sv\/product\/prince-warrior-pro\/","name":"PRINCE Warrior Pro - Nordic Padel","isPartOf":{"@id":"https:\/\/nordicpadel.com\/sv\/#website"},"primaryImageOfPage":{"@id":"https:\/\/nordicpadel.com\/sv\/product\/prince-warrior-pro\/#primaryimage"},"image":{"@id":"https:\/\/nordicpadel.com\/sv\/product\/prince-warrior-pro\/#primaryimage"},"thumbnailUrl":"https:\/\/nordicpadel.com\/sv\/wp-content\/uploads\/sites\/10\/2025\/11\/41dc65a889a1cc823b9269da51f683f5.png","datePublished":"2025-11-26T15:32:38+00:00","dateModified":"2026-03-18T11:49:42+00:00","breadcrumb":{"@id":"https:\/\/nordicpadel.com\/sv\/product\/prince-warrior-pro\/#breadcrumb"},"inLanguage":"sv-SE","potentialAction":[{"@type":"ReadAction","target":["https:\/\/nordicpadel.com\/sv\/product\/prince-warrior-pro\/"]}]},{"@type":"ImageObject","inLanguage":"sv-SE","@id":"https:\/\/nordicpadel.com\/sv\/product\/prince-warrior-pro\/#primaryimage","url":"https:\/\/nordicpadel.com\/sv\/wp-content\/uploads\/sites\/10\/2025\/11\/41dc65a889a1cc823b9269da51f683f5.png","contentUrl":"https:\/\/nordicpadel.com\/sv\/wp-content\/uploads\/sites\/10\/2025\/11\/41dc65a889a1cc823b9269da51f683f5.png","width":800,"height":800,"caption":"PRINCE Warrior Pro"},{"@type":"BreadcrumbList","@id":"https:\/\/nordicpadel.com\/sv\/product\/prince-warrior-pro\/#breadcrumb","itemListElement":[{"@type":"ListItem","position":1,"name":"Hem","item":"https:\/\/nordicpadel.com\/sv\/"},{"@type":"ListItem","position":2,"name":"Shop","item":"https:\/\/nordicpadel.com\/sv\/shop\/"},{"@type":"ListItem","position":3,"name":"PRINCE Warrior Pro"}]},{"@type":"WebSite","@id":"https:\/\/nordicpadel.com\/sv\/#website","url":"https:\/\/nordicpadel.com\/sv\/","name":"Nordic Padel","description":"","publisher":{"@id":"https:\/\/nordicpadel.com\/sv\/#organization"},"potentialAction":[{"@type":"SearchAction","target":{"@type":"EntryPoint","urlTemplate":"https:\/\/nordicpadel.com\/sv\/?s={search_term_string}"},"query-input":"required name=search_term_string"}],"inLanguage":"sv-SE"},{"@type":"Organization","@id":"https:\/\/nordicpadel.com\/sv\/#organization","name":"Nordic Padel","url":"https:\/\/nordicpadel.com\/sv\/","logo":{"@type":"ImageObject","inLanguage":"sv-SE","@id":"https:\/\/nordicpadel.com\/sv\/#\/schema\/logo\/image\/","url":"https:\/\/nordicpadel.com\/sv\/wp-content\/uploads\/sites\/10\/2022\/12\/Nordic-Padel-small_1-1.png","contentUrl":"https:\/\/nordicpadel.com\/sv\/wp-content\/uploads\/sites\/10\/2022\/12\/Nordic-Padel-small_1-1.png","width":400,"height":119,"caption":"Nordic Padel"},"image":{"@id":"https:\/\/nordicpadel.com\/sv\/#\/schema\/logo\/image\/"}}]}},"brands":[],"_links":{"self":[{"href":"https:\/\/nordicpadel.com\/sv\/wp-json\/wp\/v2\/product\/85633","targetHints":{"allow":["GET"]}}],"collection":[{"href":"https:\/\/nordicpadel.com\/sv\/wp-json\/wp\/v2\/product"}],"about":[{"href":"https:\/\/nordicpadel.com\/sv\/wp-json\/wp\/v2\/types\/product"}],"replies":[{"embeddable":true,"href":"https:\/\/nordicpadel.com\/sv\/wp-json\/wp\/v2\/comments?post=85633"}],"wp:featuredmedia":[{"embeddable":true,"href":"https:\/\/nordicpadel.com\/sv\/wp-json\/wp\/v2\/media\/85629"}],"wp:attachment":[{"href":"https:\/\/nordicpadel.com\/sv\/wp-json\/wp\/v2\/media?parent=85633"}],"wp:term":[{"taxonomy":"pwb-brand","embeddable":true,"href":"https:\/\/nordicpadel.com\/sv\/wp-json\/wp\/v2\/pwb-brand?post=85633"},{"taxonomy":"product_cat","embeddable":true,"href":"https:\/\/nordicpadel.com\/sv\/wp-json\/wp\/v2\/product_cat?post=85633"},{"taxonomy":"product_tag","embeddable":true,"href":"https:\/\/nordicpadel.com\/sv\/wp-json\/wp\/v2\/product_tag?post=85633"},{"taxonomy":"woo-feed-brand","embeddable":true,"href":"https:\/\/nordicpadel.com\/sv\/wp-json\/wp\/v2\/woo-feed-brand?post=85633"}],"curies":[{"name":"wp","href":"https:\/\/api.w.org\/{rel}","templated":true}]}}