{"id":85581,"date":"2025-11-26T16:32:04","date_gmt":"2025-11-26T15:32:04","guid":{"rendered":"https:\/\/nordicpadel.com\/sv\/product\/adidas-match-tights\/"},"modified":"2026-03-09T00:40:32","modified_gmt":"2026-03-08T23:40:32","slug":"adidas-match-tights","status":"publish","type":"product","link":"https:\/\/nordicpadel.com\/sv\/product\/adidas-match-tights\/","title":{"rendered":"Adidas Match Tights"},"content":{"rendered":"<p>K\u00f6p svarta l\u00e5nga tights med bollfickor. M\u00e5nga f\u00f6rundras \u00f6ver varf\u00f6r det inte finns tights med bollfickor, nu finns dessa snygga l\u00e5nga svarta tights f\u00f6r kvinnor som spelar tennis eller padel och vill kunna f\u00f6rvara bollar i tigtsen. Tightsen har en bred linning f\u00f6r b\u00e4sta komfort och passform. Bollen f\u00f6rvaras i en sidoficka vilket g\u00f6r att du inte beh\u00f6ver fundera p\u00e5 vart du skall stoppa bollen medans du spelar match eller har tr\u00e4ning. F\u00e4rg: Svart Material: 79% \u00e5tervunnen polyeser, 21% Elastan Tv\u00e4ttr\u00e5d: Maskintv\u00e4tt, 40 grader syntet<\/p>\n","protected":false},"excerpt":{"rendered":"<p>K\u00f6p svarta l\u00e5nga tights med bollfickor. M\u00e5nga f\u00f6rundras \u00f6ver varf\u00f6r det inte finns tights med bollfickor, nu finns dessa snygga l\u00e5nga svarta tights f\u00f6r kvinnor som spelar tennis eller padel och vill kunna f\u00f6rvara bollar i tigtsen. Tightsen har en bred linning f\u00f6r b\u00e4sta komfort och passform. Bollen f\u00f6rvaras i en sidoficka vilket g\u00f6r att [&hellip;]<\/p>\n","protected":false},"featured_media":85578,"comment_status":"open","ping_status":"closed","template":"","meta":[],"pwb-brand":[],"product_cat":[458],"product_tag":[],"woo-feed-brand":[],"class_list":{"0":"post-85581","1":"product","2":"type-product","3":"status-publish","4":"has-post-thumbnail","6":"product_cat-adidas","7":"pa_varumarke-adidas","9":"first","10":"instock","11":"taxable","12":"shipping-taxable","13":"purchasable","14":"product-type-variable"},"bundled_by":[],"bundle_stock_status":"instock","bundle_stock_quantity":1,"bundle_virtual":false,"bundle_layout":"","bundle_add_to_cart_form_location":"","bundle_editable_in_cart":false,"bundle_sold_individually_context":"","bundle_item_grouping":"","bundle_min_size":"","bundle_max_size":"","bundled_items":[],"bundle_sell_ids":[],"acf":[],"yoast_head":"<!-- This site is optimized with the Yoast SEO plugin v23.1 - https:\/\/yoast.com\/wordpress\/plugins\/seo\/ -->\n<title>Adidas Match Tights - Nordic Padel<\/title>\n<meta name=\"robots\" content=\"index, follow, max-snippet:-1, max-image-preview:large, max-video-preview:-1\" \/>\n<link rel=\"canonical\" href=\"https:\/\/nordicpadel.com\/sv\/product\/adidas-match-tights\/\" \/>\n<meta property=\"og:locale\" content=\"sv_SE\" \/>\n<meta property=\"og:type\" content=\"article\" \/>\n<meta property=\"og:title\" content=\"Adidas Match Tights - Nordic Padel\" \/>\n<meta property=\"og:description\" content=\"K\u00f6p svarta l\u00e5nga tights med bollfickor. M\u00e5nga f\u00f6rundras \u00f6ver varf\u00f6r det inte finns tights med bollfickor, nu finns dessa snygga l\u00e5nga svarta tights f\u00f6r kvinnor som spelar tennis eller padel och vill kunna f\u00f6rvara bollar i tigtsen. Tightsen har en bred linning f\u00f6r b\u00e4sta komfort och passform. Bollen f\u00f6rvaras i en sidoficka vilket g\u00f6r att [&hellip;]\" \/>\n<meta property=\"og:url\" content=\"https:\/\/nordicpadel.com\/sv\/product\/adidas-match-tights\/\" \/>\n<meta property=\"og:site_name\" content=\"Nordic Padel\" \/>\n<meta property=\"article:modified_time\" content=\"2026-03-08T23:40:32+00:00\" \/>\n<meta name=\"twitter:card\" content=\"summary_large_image\" \/>\n<meta name=\"twitter:label1\" content=\"Ber\u00e4knad l\u00e4stid\" \/>\n\t<meta name=\"twitter:data1\" content=\"1 minut\" \/>\n<script type=\"application\/ld+json\" class=\"yoast-schema-graph\">{\"@context\":\"https:\/\/schema.org\",\"@graph\":[{\"@type\":\"WebPage\",\"@id\":\"https:\/\/nordicpadel.com\/sv\/product\/adidas-match-tights\/\",\"url\":\"https:\/\/nordicpadel.com\/sv\/product\/adidas-match-tights\/\",\"name\":\"Adidas Match Tights - Nordic Padel\",\"isPartOf\":{\"@id\":\"https:\/\/nordicpadel.com\/sv\/#website\"},\"primaryImageOfPage\":{\"@id\":\"https:\/\/nordicpadel.com\/sv\/product\/adidas-match-tights\/#primaryimage\"},\"image\":{\"@id\":\"https:\/\/nordicpadel.com\/sv\/product\/adidas-match-tights\/#primaryimage\"},\"thumbnailUrl\":\"https:\/\/nordicpadel.com\/sv\/wp-content\/uploads\/sites\/10\/2025\/11\/bba8ad988fe5ed8bc1f9604f96806333.png\",\"datePublished\":\"2025-11-26T15:32:04+00:00\",\"dateModified\":\"2026-03-08T23:40:32+00:00\",\"breadcrumb\":{\"@id\":\"https:\/\/nordicpadel.com\/sv\/product\/adidas-match-tights\/#breadcrumb\"},\"inLanguage\":\"sv-SE\",\"potentialAction\":[{\"@type\":\"ReadAction\",\"target\":[\"https:\/\/nordicpadel.com\/sv\/product\/adidas-match-tights\/\"]}]},{\"@type\":\"ImageObject\",\"inLanguage\":\"sv-SE\",\"@id\":\"https:\/\/nordicpadel.com\/sv\/product\/adidas-match-tights\/#primaryimage\",\"url\":\"https:\/\/nordicpadel.com\/sv\/wp-content\/uploads\/sites\/10\/2025\/11\/bba8ad988fe5ed8bc1f9604f96806333.png\",\"contentUrl\":\"https:\/\/nordicpadel.com\/sv\/wp-content\/uploads\/sites\/10\/2025\/11\/bba8ad988fe5ed8bc1f9604f96806333.png\",\"width\":800,\"height\":800,\"caption\":\"Adidas Match Tights\"},{\"@type\":\"BreadcrumbList\",\"@id\":\"https:\/\/nordicpadel.com\/sv\/product\/adidas-match-tights\/#breadcrumb\",\"itemListElement\":[{\"@type\":\"ListItem\",\"position\":1,\"name\":\"Hem\",\"item\":\"https:\/\/nordicpadel.com\/sv\/\"},{\"@type\":\"ListItem\",\"position\":2,\"name\":\"Shop\",\"item\":\"https:\/\/nordicpadel.com\/sv\/shop\/\"},{\"@type\":\"ListItem\",\"position\":3,\"name\":\"Adidas Match Tights\"}]},{\"@type\":\"WebSite\",\"@id\":\"https:\/\/nordicpadel.com\/sv\/#website\",\"url\":\"https:\/\/nordicpadel.com\/sv\/\",\"name\":\"Nordic Padel\",\"description\":\"\",\"publisher\":{\"@id\":\"https:\/\/nordicpadel.com\/sv\/#organization\"},\"potentialAction\":[{\"@type\":\"SearchAction\",\"target\":{\"@type\":\"EntryPoint\",\"urlTemplate\":\"https:\/\/nordicpadel.com\/sv\/?s={search_term_string}\"},\"query-input\":\"required name=search_term_string\"}],\"inLanguage\":\"sv-SE\"},{\"@type\":\"Organization\",\"@id\":\"https:\/\/nordicpadel.com\/sv\/#organization\",\"name\":\"Nordic Padel\",\"url\":\"https:\/\/nordicpadel.com\/sv\/\",\"logo\":{\"@type\":\"ImageObject\",\"inLanguage\":\"sv-SE\",\"@id\":\"https:\/\/nordicpadel.com\/sv\/#\/schema\/logo\/image\/\",\"url\":\"https:\/\/nordicpadel.com\/sv\/wp-content\/uploads\/sites\/10\/2022\/12\/Nordic-Padel-small_1-1.png\",\"contentUrl\":\"https:\/\/nordicpadel.com\/sv\/wp-content\/uploads\/sites\/10\/2022\/12\/Nordic-Padel-small_1-1.png\",\"width\":400,\"height\":119,\"caption\":\"Nordic Padel\"},\"image\":{\"@id\":\"https:\/\/nordicpadel.com\/sv\/#\/schema\/logo\/image\/\"}}]}<\/script>\n<!-- \/ Yoast SEO plugin. -->","yoast_head_json":{"title":"Adidas Match Tights - Nordic Padel","robots":{"index":"index","follow":"follow","max-snippet":"max-snippet:-1","max-image-preview":"max-image-preview:large","max-video-preview":"max-video-preview:-1"},"canonical":"https:\/\/nordicpadel.com\/sv\/product\/adidas-match-tights\/","og_locale":"sv_SE","og_type":"article","og_title":"Adidas Match Tights - Nordic Padel","og_description":"K\u00f6p svarta l\u00e5nga tights med bollfickor. M\u00e5nga f\u00f6rundras \u00f6ver varf\u00f6r det inte finns tights med bollfickor, nu finns dessa snygga l\u00e5nga svarta tights f\u00f6r kvinnor som spelar tennis eller padel och vill kunna f\u00f6rvara bollar i tigtsen. Tightsen har en bred linning f\u00f6r b\u00e4sta komfort och passform. Bollen f\u00f6rvaras i en sidoficka vilket g\u00f6r att [&hellip;]","og_url":"https:\/\/nordicpadel.com\/sv\/product\/adidas-match-tights\/","og_site_name":"Nordic Padel","article_modified_time":"2026-03-08T23:40:32+00:00","twitter_card":"summary_large_image","twitter_misc":{"Ber\u00e4knad l\u00e4stid":"1 minut"},"schema":{"@context":"https:\/\/schema.org","@graph":[{"@type":"WebPage","@id":"https:\/\/nordicpadel.com\/sv\/product\/adidas-match-tights\/","url":"https:\/\/nordicpadel.com\/sv\/product\/adidas-match-tights\/","name":"Adidas Match Tights - Nordic Padel","isPartOf":{"@id":"https:\/\/nordicpadel.com\/sv\/#website"},"primaryImageOfPage":{"@id":"https:\/\/nordicpadel.com\/sv\/product\/adidas-match-tights\/#primaryimage"},"image":{"@id":"https:\/\/nordicpadel.com\/sv\/product\/adidas-match-tights\/#primaryimage"},"thumbnailUrl":"https:\/\/nordicpadel.com\/sv\/wp-content\/uploads\/sites\/10\/2025\/11\/bba8ad988fe5ed8bc1f9604f96806333.png","datePublished":"2025-11-26T15:32:04+00:00","dateModified":"2026-03-08T23:40:32+00:00","breadcrumb":{"@id":"https:\/\/nordicpadel.com\/sv\/product\/adidas-match-tights\/#breadcrumb"},"inLanguage":"sv-SE","potentialAction":[{"@type":"ReadAction","target":["https:\/\/nordicpadel.com\/sv\/product\/adidas-match-tights\/"]}]},{"@type":"ImageObject","inLanguage":"sv-SE","@id":"https:\/\/nordicpadel.com\/sv\/product\/adidas-match-tights\/#primaryimage","url":"https:\/\/nordicpadel.com\/sv\/wp-content\/uploads\/sites\/10\/2025\/11\/bba8ad988fe5ed8bc1f9604f96806333.png","contentUrl":"https:\/\/nordicpadel.com\/sv\/wp-content\/uploads\/sites\/10\/2025\/11\/bba8ad988fe5ed8bc1f9604f96806333.png","width":800,"height":800,"caption":"Adidas Match Tights"},{"@type":"BreadcrumbList","@id":"https:\/\/nordicpadel.com\/sv\/product\/adidas-match-tights\/#breadcrumb","itemListElement":[{"@type":"ListItem","position":1,"name":"Hem","item":"https:\/\/nordicpadel.com\/sv\/"},{"@type":"ListItem","position":2,"name":"Shop","item":"https:\/\/nordicpadel.com\/sv\/shop\/"},{"@type":"ListItem","position":3,"name":"Adidas Match Tights"}]},{"@type":"WebSite","@id":"https:\/\/nordicpadel.com\/sv\/#website","url":"https:\/\/nordicpadel.com\/sv\/","name":"Nordic Padel","description":"","publisher":{"@id":"https:\/\/nordicpadel.com\/sv\/#organization"},"potentialAction":[{"@type":"SearchAction","target":{"@type":"EntryPoint","urlTemplate":"https:\/\/nordicpadel.com\/sv\/?s={search_term_string}"},"query-input":"required name=search_term_string"}],"inLanguage":"sv-SE"},{"@type":"Organization","@id":"https:\/\/nordicpadel.com\/sv\/#organization","name":"Nordic Padel","url":"https:\/\/nordicpadel.com\/sv\/","logo":{"@type":"ImageObject","inLanguage":"sv-SE","@id":"https:\/\/nordicpadel.com\/sv\/#\/schema\/logo\/image\/","url":"https:\/\/nordicpadel.com\/sv\/wp-content\/uploads\/sites\/10\/2022\/12\/Nordic-Padel-small_1-1.png","contentUrl":"https:\/\/nordicpadel.com\/sv\/wp-content\/uploads\/sites\/10\/2022\/12\/Nordic-Padel-small_1-1.png","width":400,"height":119,"caption":"Nordic Padel"},"image":{"@id":"https:\/\/nordicpadel.com\/sv\/#\/schema\/logo\/image\/"}}]}},"brands":[],"_links":{"self":[{"href":"https:\/\/nordicpadel.com\/sv\/wp-json\/wp\/v2\/product\/85581","targetHints":{"allow":["GET"]}}],"collection":[{"href":"https:\/\/nordicpadel.com\/sv\/wp-json\/wp\/v2\/product"}],"about":[{"href":"https:\/\/nordicpadel.com\/sv\/wp-json\/wp\/v2\/types\/product"}],"replies":[{"embeddable":true,"href":"https:\/\/nordicpadel.com\/sv\/wp-json\/wp\/v2\/comments?post=85581"}],"wp:featuredmedia":[{"embeddable":true,"href":"https:\/\/nordicpadel.com\/sv\/wp-json\/wp\/v2\/media\/85578"}],"wp:attachment":[{"href":"https:\/\/nordicpadel.com\/sv\/wp-json\/wp\/v2\/media?parent=85581"}],"wp:term":[{"taxonomy":"pwb-brand","embeddable":true,"href":"https:\/\/nordicpadel.com\/sv\/wp-json\/wp\/v2\/pwb-brand?post=85581"},{"taxonomy":"product_cat","embeddable":true,"href":"https:\/\/nordicpadel.com\/sv\/wp-json\/wp\/v2\/product_cat?post=85581"},{"taxonomy":"product_tag","embeddable":true,"href":"https:\/\/nordicpadel.com\/sv\/wp-json\/wp\/v2\/product_tag?post=85581"},{"taxonomy":"woo-feed-brand","embeddable":true,"href":"https:\/\/nordicpadel.com\/sv\/wp-json\/wp\/v2\/woo-feed-brand?post=85581"}],"curies":[{"name":"wp","href":"https:\/\/api.w.org\/{rel}","templated":true}]}}