{"id":85534,"date":"2025-11-26T16:31:18","date_gmt":"2025-11-26T15:31:18","guid":{"rendered":"https:\/\/nordicpadel.com\/sv\/product\/nike-air-zoom-vapor-pro-hc\/"},"modified":"2026-02-02T22:22:57","modified_gmt":"2026-02-02T21:22:57","slug":"nike-air-zoom-vapor-pro-hc","status":"publish","type":"product","link":"https:\/\/nordicpadel.com\/sv\/product\/nike-air-zoom-vapor-pro-hc\/","title":{"rendered":"Nike Air Zoom Vapor Pro HC"},"content":{"rendered":"<p>Nike Air Zoom Vapor Pro har uppdaterats med en l\u00e4gre vikt, assymterisk sn\u00f6rning och en design som \u00e4r sv\u00e5rt att \u00f6vertr\u00e4ffa. Man har optimerat vikten och slitstyrkan p\u00e5 skon genom att ta bort on\u00f6digt material p\u00e5 st\u00e4llen som inte slits och ist\u00e4llet lagt till f\u00f6rst\u00e4rkning p\u00e5 de partier av skon som ofta \u00e4r h\u00e5rt utsatta f\u00f6r tennisspelare och padelspelare.<br id=\"isPasted\"><br \/>Vadderad h\u00e4lkudde och bra d\u00e4mpning under h\u00e4len som f\u00f6ljs upp av en mjuk mellansula med skum.<\/p>\n<p>L\u00e4s g\u00e4rna v\u00e5r <a href=\"https:\/\/nordicpadel.com\/sv\/guide-padelskor\/\">skoguide<\/a> som inneh\u00e5ller tips samt en storleksguide f\u00f6r att hj\u00e4lpa dig hitta r\u00e4tt skor.<\/p>\n","protected":false},"excerpt":{"rendered":"<p>Nike Air Zoom Vapor Pro har uppdaterats med en l\u00e4gre vikt, assymterisk sn\u00f6rning och en design som \u00e4r sv\u00e5rt att \u00f6vertr\u00e4ffa. Man har optimerat vikten och slitstyrkan p\u00e5 skon genom att ta bort on\u00f6digt material p\u00e5 st\u00e4llen som inte slits och ist\u00e4llet lagt till f\u00f6rst\u00e4rkning p\u00e5 de partier av skon som ofta \u00e4r h\u00e5rt utsatta [&hellip;]<\/p>\n","protected":false},"featured_media":85531,"comment_status":"open","ping_status":"closed","template":"","meta":[],"pwb-brand":[],"product_cat":[38,471],"product_tag":[],"woo-feed-brand":[],"class_list":{"0":"post-85534","1":"product","2":"type-product","3":"status-publish","4":"has-post-thumbnail","6":"product_cat-herr","7":"product_cat-nike","8":"pa_varumarke-nike","10":"first","11":"outofstock","12":"sale","13":"taxable","14":"shipping-taxable","15":"purchasable","16":"product-type-simple"},"bundled_by":[],"bundle_stock_status":"outofstock","bundle_stock_quantity":0,"bundle_virtual":false,"bundle_layout":"","bundle_add_to_cart_form_location":"","bundle_editable_in_cart":false,"bundle_sold_individually_context":"","bundle_item_grouping":"","bundle_min_size":"","bundle_max_size":"","bundled_items":[],"bundle_sell_ids":[],"acf":[],"yoast_head":"<!-- This site is optimized with the Yoast SEO plugin v23.1 - https:\/\/yoast.com\/wordpress\/plugins\/seo\/ -->\n<title>Nike Air Zoom Vapor Pro HC - Nordic Padel<\/title>\n<meta name=\"robots\" content=\"index, follow, max-snippet:-1, max-image-preview:large, max-video-preview:-1\" \/>\n<link rel=\"canonical\" href=\"https:\/\/nordicpadel.com\/sv\/product\/nike-air-zoom-vapor-pro-hc\/\" \/>\n<meta property=\"og:locale\" content=\"sv_SE\" \/>\n<meta property=\"og:type\" content=\"article\" \/>\n<meta property=\"og:title\" content=\"Nike Air Zoom Vapor Pro HC - Nordic Padel\" \/>\n<meta property=\"og:description\" content=\"Nike Air Zoom Vapor Pro har uppdaterats med en l\u00e4gre vikt, assymterisk sn\u00f6rning och en design som \u00e4r sv\u00e5rt att \u00f6vertr\u00e4ffa. Man har optimerat vikten och slitstyrkan p\u00e5 skon genom att ta bort on\u00f6digt material p\u00e5 st\u00e4llen som inte slits och ist\u00e4llet lagt till f\u00f6rst\u00e4rkning p\u00e5 de partier av skon som ofta \u00e4r h\u00e5rt utsatta [&hellip;]\" \/>\n<meta property=\"og:url\" content=\"https:\/\/nordicpadel.com\/sv\/product\/nike-air-zoom-vapor-pro-hc\/\" \/>\n<meta property=\"og:site_name\" content=\"Nordic Padel\" \/>\n<meta property=\"article:modified_time\" content=\"2026-02-02T21:22:57+00:00\" \/>\n<meta property=\"og:image\" content=\"https:\/\/nordicpadel.com\/sv\/wp-content\/uploads\/sites\/10\/2025\/11\/50c1057d3d19b0ef7f5df9c28e7a3a2f-1.png\" \/>\n\t<meta property=\"og:image:width\" content=\"800\" \/>\n\t<meta property=\"og:image:height\" content=\"800\" \/>\n\t<meta property=\"og:image:type\" content=\"image\/png\" \/>\n<meta name=\"twitter:card\" content=\"summary_large_image\" \/>\n<meta name=\"twitter:label1\" content=\"Ber\u00e4knad l\u00e4stid\" \/>\n\t<meta name=\"twitter:data1\" content=\"1 minut\" \/>\n<script type=\"application\/ld+json\" class=\"yoast-schema-graph\">{\"@context\":\"https:\/\/schema.org\",\"@graph\":[{\"@type\":\"WebPage\",\"@id\":\"https:\/\/nordicpadel.com\/sv\/product\/nike-air-zoom-vapor-pro-hc\/\",\"url\":\"https:\/\/nordicpadel.com\/sv\/product\/nike-air-zoom-vapor-pro-hc\/\",\"name\":\"Nike Air Zoom Vapor Pro HC - Nordic Padel\",\"isPartOf\":{\"@id\":\"https:\/\/nordicpadel.com\/sv\/#website\"},\"primaryImageOfPage\":{\"@id\":\"https:\/\/nordicpadel.com\/sv\/product\/nike-air-zoom-vapor-pro-hc\/#primaryimage\"},\"image\":{\"@id\":\"https:\/\/nordicpadel.com\/sv\/product\/nike-air-zoom-vapor-pro-hc\/#primaryimage\"},\"thumbnailUrl\":\"https:\/\/nordicpadel.com\/sv\/wp-content\/uploads\/sites\/10\/2025\/11\/50c1057d3d19b0ef7f5df9c28e7a3a2f-1.png\",\"datePublished\":\"2025-11-26T15:31:18+00:00\",\"dateModified\":\"2026-02-02T21:22:57+00:00\",\"breadcrumb\":{\"@id\":\"https:\/\/nordicpadel.com\/sv\/product\/nike-air-zoom-vapor-pro-hc\/#breadcrumb\"},\"inLanguage\":\"sv-SE\",\"potentialAction\":[{\"@type\":\"ReadAction\",\"target\":[\"https:\/\/nordicpadel.com\/sv\/product\/nike-air-zoom-vapor-pro-hc\/\"]}]},{\"@type\":\"ImageObject\",\"inLanguage\":\"sv-SE\",\"@id\":\"https:\/\/nordicpadel.com\/sv\/product\/nike-air-zoom-vapor-pro-hc\/#primaryimage\",\"url\":\"https:\/\/nordicpadel.com\/sv\/wp-content\/uploads\/sites\/10\/2025\/11\/50c1057d3d19b0ef7f5df9c28e7a3a2f-1.png\",\"contentUrl\":\"https:\/\/nordicpadel.com\/sv\/wp-content\/uploads\/sites\/10\/2025\/11\/50c1057d3d19b0ef7f5df9c28e7a3a2f-1.png\",\"width\":800,\"height\":800,\"caption\":\"Nike Air Zoom Vapor Pro HC\"},{\"@type\":\"BreadcrumbList\",\"@id\":\"https:\/\/nordicpadel.com\/sv\/product\/nike-air-zoom-vapor-pro-hc\/#breadcrumb\",\"itemListElement\":[{\"@type\":\"ListItem\",\"position\":1,\"name\":\"Hem\",\"item\":\"https:\/\/nordicpadel.com\/sv\/\"},{\"@type\":\"ListItem\",\"position\":2,\"name\":\"Shop\",\"item\":\"https:\/\/nordicpadel.com\/sv\/shop\/\"},{\"@type\":\"ListItem\",\"position\":3,\"name\":\"Nike Air Zoom Vapor Pro HC\"}]},{\"@type\":\"WebSite\",\"@id\":\"https:\/\/nordicpadel.com\/sv\/#website\",\"url\":\"https:\/\/nordicpadel.com\/sv\/\",\"name\":\"Nordic Padel\",\"description\":\"\",\"publisher\":{\"@id\":\"https:\/\/nordicpadel.com\/sv\/#organization\"},\"potentialAction\":[{\"@type\":\"SearchAction\",\"target\":{\"@type\":\"EntryPoint\",\"urlTemplate\":\"https:\/\/nordicpadel.com\/sv\/?s={search_term_string}\"},\"query-input\":\"required name=search_term_string\"}],\"inLanguage\":\"sv-SE\"},{\"@type\":\"Organization\",\"@id\":\"https:\/\/nordicpadel.com\/sv\/#organization\",\"name\":\"Nordic Padel\",\"url\":\"https:\/\/nordicpadel.com\/sv\/\",\"logo\":{\"@type\":\"ImageObject\",\"inLanguage\":\"sv-SE\",\"@id\":\"https:\/\/nordicpadel.com\/sv\/#\/schema\/logo\/image\/\",\"url\":\"https:\/\/nordicpadel.com\/sv\/wp-content\/uploads\/sites\/10\/2022\/12\/Nordic-Padel-small_1-1.png\",\"contentUrl\":\"https:\/\/nordicpadel.com\/sv\/wp-content\/uploads\/sites\/10\/2022\/12\/Nordic-Padel-small_1-1.png\",\"width\":400,\"height\":119,\"caption\":\"Nordic Padel\"},\"image\":{\"@id\":\"https:\/\/nordicpadel.com\/sv\/#\/schema\/logo\/image\/\"}}]}<\/script>\n<!-- \/ Yoast SEO plugin. -->","yoast_head_json":{"title":"Nike Air Zoom Vapor Pro HC - Nordic Padel","robots":{"index":"index","follow":"follow","max-snippet":"max-snippet:-1","max-image-preview":"max-image-preview:large","max-video-preview":"max-video-preview:-1"},"canonical":"https:\/\/nordicpadel.com\/sv\/product\/nike-air-zoom-vapor-pro-hc\/","og_locale":"sv_SE","og_type":"article","og_title":"Nike Air Zoom Vapor Pro HC - Nordic Padel","og_description":"Nike Air Zoom Vapor Pro har uppdaterats med en l\u00e4gre vikt, assymterisk sn\u00f6rning och en design som \u00e4r sv\u00e5rt att \u00f6vertr\u00e4ffa. Man har optimerat vikten och slitstyrkan p\u00e5 skon genom att ta bort on\u00f6digt material p\u00e5 st\u00e4llen som inte slits och ist\u00e4llet lagt till f\u00f6rst\u00e4rkning p\u00e5 de partier av skon som ofta \u00e4r h\u00e5rt utsatta [&hellip;]","og_url":"https:\/\/nordicpadel.com\/sv\/product\/nike-air-zoom-vapor-pro-hc\/","og_site_name":"Nordic Padel","article_modified_time":"2026-02-02T21:22:57+00:00","og_image":[{"width":800,"height":800,"url":"https:\/\/nordicpadel.com\/sv\/wp-content\/uploads\/sites\/10\/2025\/11\/50c1057d3d19b0ef7f5df9c28e7a3a2f-1.png","type":"image\/png"}],"twitter_card":"summary_large_image","twitter_misc":{"Ber\u00e4knad l\u00e4stid":"1 minut"},"schema":{"@context":"https:\/\/schema.org","@graph":[{"@type":"WebPage","@id":"https:\/\/nordicpadel.com\/sv\/product\/nike-air-zoom-vapor-pro-hc\/","url":"https:\/\/nordicpadel.com\/sv\/product\/nike-air-zoom-vapor-pro-hc\/","name":"Nike Air Zoom Vapor Pro HC - Nordic Padel","isPartOf":{"@id":"https:\/\/nordicpadel.com\/sv\/#website"},"primaryImageOfPage":{"@id":"https:\/\/nordicpadel.com\/sv\/product\/nike-air-zoom-vapor-pro-hc\/#primaryimage"},"image":{"@id":"https:\/\/nordicpadel.com\/sv\/product\/nike-air-zoom-vapor-pro-hc\/#primaryimage"},"thumbnailUrl":"https:\/\/nordicpadel.com\/sv\/wp-content\/uploads\/sites\/10\/2025\/11\/50c1057d3d19b0ef7f5df9c28e7a3a2f-1.png","datePublished":"2025-11-26T15:31:18+00:00","dateModified":"2026-02-02T21:22:57+00:00","breadcrumb":{"@id":"https:\/\/nordicpadel.com\/sv\/product\/nike-air-zoom-vapor-pro-hc\/#breadcrumb"},"inLanguage":"sv-SE","potentialAction":[{"@type":"ReadAction","target":["https:\/\/nordicpadel.com\/sv\/product\/nike-air-zoom-vapor-pro-hc\/"]}]},{"@type":"ImageObject","inLanguage":"sv-SE","@id":"https:\/\/nordicpadel.com\/sv\/product\/nike-air-zoom-vapor-pro-hc\/#primaryimage","url":"https:\/\/nordicpadel.com\/sv\/wp-content\/uploads\/sites\/10\/2025\/11\/50c1057d3d19b0ef7f5df9c28e7a3a2f-1.png","contentUrl":"https:\/\/nordicpadel.com\/sv\/wp-content\/uploads\/sites\/10\/2025\/11\/50c1057d3d19b0ef7f5df9c28e7a3a2f-1.png","width":800,"height":800,"caption":"Nike Air Zoom Vapor Pro HC"},{"@type":"BreadcrumbList","@id":"https:\/\/nordicpadel.com\/sv\/product\/nike-air-zoom-vapor-pro-hc\/#breadcrumb","itemListElement":[{"@type":"ListItem","position":1,"name":"Hem","item":"https:\/\/nordicpadel.com\/sv\/"},{"@type":"ListItem","position":2,"name":"Shop","item":"https:\/\/nordicpadel.com\/sv\/shop\/"},{"@type":"ListItem","position":3,"name":"Nike Air Zoom Vapor Pro HC"}]},{"@type":"WebSite","@id":"https:\/\/nordicpadel.com\/sv\/#website","url":"https:\/\/nordicpadel.com\/sv\/","name":"Nordic Padel","description":"","publisher":{"@id":"https:\/\/nordicpadel.com\/sv\/#organization"},"potentialAction":[{"@type":"SearchAction","target":{"@type":"EntryPoint","urlTemplate":"https:\/\/nordicpadel.com\/sv\/?s={search_term_string}"},"query-input":"required name=search_term_string"}],"inLanguage":"sv-SE"},{"@type":"Organization","@id":"https:\/\/nordicpadel.com\/sv\/#organization","name":"Nordic Padel","url":"https:\/\/nordicpadel.com\/sv\/","logo":{"@type":"ImageObject","inLanguage":"sv-SE","@id":"https:\/\/nordicpadel.com\/sv\/#\/schema\/logo\/image\/","url":"https:\/\/nordicpadel.com\/sv\/wp-content\/uploads\/sites\/10\/2022\/12\/Nordic-Padel-small_1-1.png","contentUrl":"https:\/\/nordicpadel.com\/sv\/wp-content\/uploads\/sites\/10\/2022\/12\/Nordic-Padel-small_1-1.png","width":400,"height":119,"caption":"Nordic Padel"},"image":{"@id":"https:\/\/nordicpadel.com\/sv\/#\/schema\/logo\/image\/"}}]}},"brands":[],"_links":{"self":[{"href":"https:\/\/nordicpadel.com\/sv\/wp-json\/wp\/v2\/product\/85534","targetHints":{"allow":["GET"]}}],"collection":[{"href":"https:\/\/nordicpadel.com\/sv\/wp-json\/wp\/v2\/product"}],"about":[{"href":"https:\/\/nordicpadel.com\/sv\/wp-json\/wp\/v2\/types\/product"}],"replies":[{"embeddable":true,"href":"https:\/\/nordicpadel.com\/sv\/wp-json\/wp\/v2\/comments?post=85534"}],"wp:featuredmedia":[{"embeddable":true,"href":"https:\/\/nordicpadel.com\/sv\/wp-json\/wp\/v2\/media\/85531"}],"wp:attachment":[{"href":"https:\/\/nordicpadel.com\/sv\/wp-json\/wp\/v2\/media?parent=85534"}],"wp:term":[{"taxonomy":"pwb-brand","embeddable":true,"href":"https:\/\/nordicpadel.com\/sv\/wp-json\/wp\/v2\/pwb-brand?post=85534"},{"taxonomy":"product_cat","embeddable":true,"href":"https:\/\/nordicpadel.com\/sv\/wp-json\/wp\/v2\/product_cat?post=85534"},{"taxonomy":"product_tag","embeddable":true,"href":"https:\/\/nordicpadel.com\/sv\/wp-json\/wp\/v2\/product_tag?post=85534"},{"taxonomy":"woo-feed-brand","embeddable":true,"href":"https:\/\/nordicpadel.com\/sv\/wp-json\/wp\/v2\/woo-feed-brand?post=85534"}],"curies":[{"name":"wp","href":"https:\/\/api.w.org\/{rel}","templated":true}]}}