{"id":85530,"date":"2025-11-26T16:31:10","date_gmt":"2025-11-26T15:31:10","guid":{"rendered":"https:\/\/nordicpadel.com\/sv\/product\/head-wristband-2-pack-2\/"},"modified":"2025-11-27T07:06:20","modified_gmt":"2025-11-27T06:06:20","slug":"head-wristband-2-pack-2","status":"publish","type":"product","link":"https:\/\/nordicpadel.com\/sv\/product\/head-wristband-2-pack-2\/","title":{"rendered":"HEAD Wristband 2-pack"},"content":{"rendered":"<p>Snygga l\u00e5nga Wristbands fr\u00e5n Head. Ett mycket bra alternativ f\u00f6r att h\u00e5lla svetten borta ifr\u00e5n dina h\u00e4nder. Det \u00e4r l\u00e4tt h\u00e4nt att du slinter p\u00e5 din racket om inte h\u00e4nderna \u00e4r torra, d\u00e4rav \u00e4r detta mycket praktiskt. Dessutom ser du \u00e5tminstonde ut som en tennisspelare med stil n\u00e4r du anv\u00e4nder wristbands. Levereras i 2-pack F\u00e4rg: Svart Material: 80% bomull, 15% nylon, 5% elastan<\/p>\n","protected":false},"excerpt":{"rendered":"<p>Snygga l\u00e5nga Wristbands fr\u00e5n Head. Ett mycket bra alternativ f\u00f6r att h\u00e5lla svetten borta ifr\u00e5n dina h\u00e4nder. Det \u00e4r l\u00e4tt h\u00e4nt att du slinter p\u00e5 din racket om inte h\u00e4nderna \u00e4r torra, d\u00e4rav \u00e4r detta mycket praktiskt. Dessutom ser du \u00e5tminstonde ut som en tennisspelare med stil n\u00e4r du anv\u00e4nder wristbands. Levereras i 2-pack F\u00e4rg: [&hellip;]<\/p>\n","protected":false},"featured_media":85529,"comment_status":"open","ping_status":"closed","template":"","meta":[],"pwb-brand":[],"product_cat":[459],"product_tag":[],"woo-feed-brand":[],"class_list":{"0":"post-85530","1":"product","2":"type-product","3":"status-publish","4":"has-post-thumbnail","6":"product_cat-head","7":"pa_varumarke-head","9":"first","10":"outofstock","11":"taxable","12":"shipping-taxable","13":"purchasable","14":"product-type-simple"},"bundled_by":[],"bundle_stock_status":"outofstock","bundle_stock_quantity":0,"bundle_virtual":false,"bundle_layout":"","bundle_add_to_cart_form_location":"","bundle_editable_in_cart":false,"bundle_sold_individually_context":"","bundle_item_grouping":"","bundle_min_size":"","bundle_max_size":"","bundled_items":[],"bundle_sell_ids":[],"acf":[],"yoast_head":"<!-- This site is optimized with the Yoast SEO plugin v23.1 - https:\/\/yoast.com\/wordpress\/plugins\/seo\/ -->\n<title>HEAD Wristband 2-pack - Nordic Padel<\/title>\n<meta name=\"robots\" content=\"index, follow, max-snippet:-1, max-image-preview:large, max-video-preview:-1\" \/>\n<link rel=\"canonical\" href=\"https:\/\/nordicpadel.com\/sv\/product\/head-wristband-2-pack-2\/\" \/>\n<meta property=\"og:locale\" content=\"sv_SE\" \/>\n<meta property=\"og:type\" content=\"article\" \/>\n<meta property=\"og:title\" content=\"HEAD Wristband 2-pack - Nordic Padel\" \/>\n<meta property=\"og:description\" content=\"Snygga l\u00e5nga Wristbands fr\u00e5n Head. Ett mycket bra alternativ f\u00f6r att h\u00e5lla svetten borta ifr\u00e5n dina h\u00e4nder. Det \u00e4r l\u00e4tt h\u00e4nt att du slinter p\u00e5 din racket om inte h\u00e4nderna \u00e4r torra, d\u00e4rav \u00e4r detta mycket praktiskt. Dessutom ser du \u00e5tminstonde ut som en tennisspelare med stil n\u00e4r du anv\u00e4nder wristbands. Levereras i 2-pack F\u00e4rg: [&hellip;]\" \/>\n<meta property=\"og:url\" content=\"https:\/\/nordicpadel.com\/sv\/product\/head-wristband-2-pack-2\/\" \/>\n<meta property=\"og:site_name\" content=\"Nordic Padel\" \/>\n<meta property=\"article:modified_time\" content=\"2025-11-27T06:06:20+00:00\" \/>\n<meta name=\"twitter:card\" content=\"summary_large_image\" \/>\n<script type=\"application\/ld+json\" class=\"yoast-schema-graph\">{\"@context\":\"https:\/\/schema.org\",\"@graph\":[{\"@type\":\"WebPage\",\"@id\":\"https:\/\/nordicpadel.com\/sv\/product\/head-wristband-2-pack-2\/\",\"url\":\"https:\/\/nordicpadel.com\/sv\/product\/head-wristband-2-pack-2\/\",\"name\":\"HEAD Wristband 2-pack - Nordic Padel\",\"isPartOf\":{\"@id\":\"https:\/\/nordicpadel.com\/sv\/#website\"},\"primaryImageOfPage\":{\"@id\":\"https:\/\/nordicpadel.com\/sv\/product\/head-wristband-2-pack-2\/#primaryimage\"},\"image\":{\"@id\":\"https:\/\/nordicpadel.com\/sv\/product\/head-wristband-2-pack-2\/#primaryimage\"},\"thumbnailUrl\":\"https:\/\/nordicpadel.com\/sv\/wp-content\/uploads\/sites\/10\/2025\/11\/16730ddd989efcae8df7813d94408bec.png\",\"datePublished\":\"2025-11-26T15:31:10+00:00\",\"dateModified\":\"2025-11-27T06:06:20+00:00\",\"breadcrumb\":{\"@id\":\"https:\/\/nordicpadel.com\/sv\/product\/head-wristband-2-pack-2\/#breadcrumb\"},\"inLanguage\":\"sv-SE\",\"potentialAction\":[{\"@type\":\"ReadAction\",\"target\":[\"https:\/\/nordicpadel.com\/sv\/product\/head-wristband-2-pack-2\/\"]}]},{\"@type\":\"ImageObject\",\"inLanguage\":\"sv-SE\",\"@id\":\"https:\/\/nordicpadel.com\/sv\/product\/head-wristband-2-pack-2\/#primaryimage\",\"url\":\"https:\/\/nordicpadel.com\/sv\/wp-content\/uploads\/sites\/10\/2025\/11\/16730ddd989efcae8df7813d94408bec.png\",\"contentUrl\":\"https:\/\/nordicpadel.com\/sv\/wp-content\/uploads\/sites\/10\/2025\/11\/16730ddd989efcae8df7813d94408bec.png\",\"width\":800,\"height\":800,\"caption\":\"HEAD Wristband 2-pack\"},{\"@type\":\"BreadcrumbList\",\"@id\":\"https:\/\/nordicpadel.com\/sv\/product\/head-wristband-2-pack-2\/#breadcrumb\",\"itemListElement\":[{\"@type\":\"ListItem\",\"position\":1,\"name\":\"Hem\",\"item\":\"https:\/\/nordicpadel.com\/sv\/\"},{\"@type\":\"ListItem\",\"position\":2,\"name\":\"Shop\",\"item\":\"https:\/\/nordicpadel.com\/sv\/shop\/\"},{\"@type\":\"ListItem\",\"position\":3,\"name\":\"HEAD Wristband 2-pack\"}]},{\"@type\":\"WebSite\",\"@id\":\"https:\/\/nordicpadel.com\/sv\/#website\",\"url\":\"https:\/\/nordicpadel.com\/sv\/\",\"name\":\"Nordic Padel\",\"description\":\"\",\"publisher\":{\"@id\":\"https:\/\/nordicpadel.com\/sv\/#organization\"},\"potentialAction\":[{\"@type\":\"SearchAction\",\"target\":{\"@type\":\"EntryPoint\",\"urlTemplate\":\"https:\/\/nordicpadel.com\/sv\/?s={search_term_string}\"},\"query-input\":\"required name=search_term_string\"}],\"inLanguage\":\"sv-SE\"},{\"@type\":\"Organization\",\"@id\":\"https:\/\/nordicpadel.com\/sv\/#organization\",\"name\":\"Nordic Padel\",\"url\":\"https:\/\/nordicpadel.com\/sv\/\",\"logo\":{\"@type\":\"ImageObject\",\"inLanguage\":\"sv-SE\",\"@id\":\"https:\/\/nordicpadel.com\/sv\/#\/schema\/logo\/image\/\",\"url\":\"https:\/\/nordicpadel.com\/sv\/wp-content\/uploads\/sites\/10\/2022\/12\/Nordic-Padel-small_1-1.png\",\"contentUrl\":\"https:\/\/nordicpadel.com\/sv\/wp-content\/uploads\/sites\/10\/2022\/12\/Nordic-Padel-small_1-1.png\",\"width\":400,\"height\":119,\"caption\":\"Nordic Padel\"},\"image\":{\"@id\":\"https:\/\/nordicpadel.com\/sv\/#\/schema\/logo\/image\/\"}}]}<\/script>\n<!-- \/ Yoast SEO plugin. -->","yoast_head_json":{"title":"HEAD Wristband 2-pack - Nordic Padel","robots":{"index":"index","follow":"follow","max-snippet":"max-snippet:-1","max-image-preview":"max-image-preview:large","max-video-preview":"max-video-preview:-1"},"canonical":"https:\/\/nordicpadel.com\/sv\/product\/head-wristband-2-pack-2\/","og_locale":"sv_SE","og_type":"article","og_title":"HEAD Wristband 2-pack - Nordic Padel","og_description":"Snygga l\u00e5nga Wristbands fr\u00e5n Head. Ett mycket bra alternativ f\u00f6r att h\u00e5lla svetten borta ifr\u00e5n dina h\u00e4nder. Det \u00e4r l\u00e4tt h\u00e4nt att du slinter p\u00e5 din racket om inte h\u00e4nderna \u00e4r torra, d\u00e4rav \u00e4r detta mycket praktiskt. Dessutom ser du \u00e5tminstonde ut som en tennisspelare med stil n\u00e4r du anv\u00e4nder wristbands. Levereras i 2-pack F\u00e4rg: [&hellip;]","og_url":"https:\/\/nordicpadel.com\/sv\/product\/head-wristband-2-pack-2\/","og_site_name":"Nordic Padel","article_modified_time":"2025-11-27T06:06:20+00:00","twitter_card":"summary_large_image","schema":{"@context":"https:\/\/schema.org","@graph":[{"@type":"WebPage","@id":"https:\/\/nordicpadel.com\/sv\/product\/head-wristband-2-pack-2\/","url":"https:\/\/nordicpadel.com\/sv\/product\/head-wristband-2-pack-2\/","name":"HEAD Wristband 2-pack - Nordic Padel","isPartOf":{"@id":"https:\/\/nordicpadel.com\/sv\/#website"},"primaryImageOfPage":{"@id":"https:\/\/nordicpadel.com\/sv\/product\/head-wristband-2-pack-2\/#primaryimage"},"image":{"@id":"https:\/\/nordicpadel.com\/sv\/product\/head-wristband-2-pack-2\/#primaryimage"},"thumbnailUrl":"https:\/\/nordicpadel.com\/sv\/wp-content\/uploads\/sites\/10\/2025\/11\/16730ddd989efcae8df7813d94408bec.png","datePublished":"2025-11-26T15:31:10+00:00","dateModified":"2025-11-27T06:06:20+00:00","breadcrumb":{"@id":"https:\/\/nordicpadel.com\/sv\/product\/head-wristband-2-pack-2\/#breadcrumb"},"inLanguage":"sv-SE","potentialAction":[{"@type":"ReadAction","target":["https:\/\/nordicpadel.com\/sv\/product\/head-wristband-2-pack-2\/"]}]},{"@type":"ImageObject","inLanguage":"sv-SE","@id":"https:\/\/nordicpadel.com\/sv\/product\/head-wristband-2-pack-2\/#primaryimage","url":"https:\/\/nordicpadel.com\/sv\/wp-content\/uploads\/sites\/10\/2025\/11\/16730ddd989efcae8df7813d94408bec.png","contentUrl":"https:\/\/nordicpadel.com\/sv\/wp-content\/uploads\/sites\/10\/2025\/11\/16730ddd989efcae8df7813d94408bec.png","width":800,"height":800,"caption":"HEAD Wristband 2-pack"},{"@type":"BreadcrumbList","@id":"https:\/\/nordicpadel.com\/sv\/product\/head-wristband-2-pack-2\/#breadcrumb","itemListElement":[{"@type":"ListItem","position":1,"name":"Hem","item":"https:\/\/nordicpadel.com\/sv\/"},{"@type":"ListItem","position":2,"name":"Shop","item":"https:\/\/nordicpadel.com\/sv\/shop\/"},{"@type":"ListItem","position":3,"name":"HEAD Wristband 2-pack"}]},{"@type":"WebSite","@id":"https:\/\/nordicpadel.com\/sv\/#website","url":"https:\/\/nordicpadel.com\/sv\/","name":"Nordic Padel","description":"","publisher":{"@id":"https:\/\/nordicpadel.com\/sv\/#organization"},"potentialAction":[{"@type":"SearchAction","target":{"@type":"EntryPoint","urlTemplate":"https:\/\/nordicpadel.com\/sv\/?s={search_term_string}"},"query-input":"required name=search_term_string"}],"inLanguage":"sv-SE"},{"@type":"Organization","@id":"https:\/\/nordicpadel.com\/sv\/#organization","name":"Nordic Padel","url":"https:\/\/nordicpadel.com\/sv\/","logo":{"@type":"ImageObject","inLanguage":"sv-SE","@id":"https:\/\/nordicpadel.com\/sv\/#\/schema\/logo\/image\/","url":"https:\/\/nordicpadel.com\/sv\/wp-content\/uploads\/sites\/10\/2022\/12\/Nordic-Padel-small_1-1.png","contentUrl":"https:\/\/nordicpadel.com\/sv\/wp-content\/uploads\/sites\/10\/2022\/12\/Nordic-Padel-small_1-1.png","width":400,"height":119,"caption":"Nordic Padel"},"image":{"@id":"https:\/\/nordicpadel.com\/sv\/#\/schema\/logo\/image\/"}}]}},"brands":[],"_links":{"self":[{"href":"https:\/\/nordicpadel.com\/sv\/wp-json\/wp\/v2\/product\/85530","targetHints":{"allow":["GET"]}}],"collection":[{"href":"https:\/\/nordicpadel.com\/sv\/wp-json\/wp\/v2\/product"}],"about":[{"href":"https:\/\/nordicpadel.com\/sv\/wp-json\/wp\/v2\/types\/product"}],"replies":[{"embeddable":true,"href":"https:\/\/nordicpadel.com\/sv\/wp-json\/wp\/v2\/comments?post=85530"}],"wp:featuredmedia":[{"embeddable":true,"href":"https:\/\/nordicpadel.com\/sv\/wp-json\/wp\/v2\/media\/85529"}],"wp:attachment":[{"href":"https:\/\/nordicpadel.com\/sv\/wp-json\/wp\/v2\/media?parent=85530"}],"wp:term":[{"taxonomy":"pwb-brand","embeddable":true,"href":"https:\/\/nordicpadel.com\/sv\/wp-json\/wp\/v2\/pwb-brand?post=85530"},{"taxonomy":"product_cat","embeddable":true,"href":"https:\/\/nordicpadel.com\/sv\/wp-json\/wp\/v2\/product_cat?post=85530"},{"taxonomy":"product_tag","embeddable":true,"href":"https:\/\/nordicpadel.com\/sv\/wp-json\/wp\/v2\/product_tag?post=85530"},{"taxonomy":"woo-feed-brand","embeddable":true,"href":"https:\/\/nordicpadel.com\/sv\/wp-json\/wp\/v2\/woo-feed-brand?post=85530"}],"curies":[{"name":"wp","href":"https:\/\/api.w.org\/{rel}","templated":true}]}}