{"id":85524,"date":"2025-11-26T16:30:51","date_gmt":"2025-11-26T15:30:51","guid":{"rendered":"https:\/\/nordicpadel.com\/sv\/product\/nike-victory-shorts-7-tum\/"},"modified":"2026-03-09T00:24:22","modified_gmt":"2026-03-08T23:24:22","slug":"nike-victory-shorts-7-tum","status":"publish","type":"product","link":"https:\/\/nordicpadel.com\/sv\/product\/nike-victory-shorts-7-tum\/","title":{"rendered":"Nike Victory Shorts 7 tum"},"content":{"rendered":"<p>K\u00f6p Nikes marinbl\u00e5 tennisshorts med tv\u00e5 rej\u00e4la sidofickor. Tennisshorts\/padelshorts f\u00f6r dig som vill kunna f\u00f6rvara dina bollar i sidofickor. Shortsen \u00e4r utrustade med elastiskt midjeband vilket ger en b\u00e4trre passform. Dessutom \u00e4r dessa shorts tillverkad med fuktavst\u00f6tande material vilket g\u00f6r att du h\u00e5ller dig torr l\u00e4ngre. Shortsmodellen \u00e4r n\u00e5got kortare och slutar ungef\u00e4r p\u00e5 mitten av l\u00e5ret. F\u00e4rg: Marinbl\u00e5 Material: 100% Polyester Tv\u00e4ttr\u00e5d: Maskintv\u00e4tt, 40 grader syntet L\u00e4ngd: 7 tum<\/p>\n","protected":false},"excerpt":{"rendered":"<p>K\u00f6p Nikes marinbl\u00e5 tennisshorts med tv\u00e5 rej\u00e4la sidofickor. Tennisshorts\/padelshorts f\u00f6r dig som vill kunna f\u00f6rvara dina bollar i sidofickor. Shortsen \u00e4r utrustade med elastiskt midjeband vilket ger en b\u00e4trre passform. Dessutom \u00e4r dessa shorts tillverkad med fuktavst\u00f6tande material vilket g\u00f6r att du h\u00e5ller dig torr l\u00e4ngre. Shortsmodellen \u00e4r n\u00e5got kortare och slutar ungef\u00e4r p\u00e5 mitten [&hellip;]<\/p>\n","protected":false},"featured_media":85523,"comment_status":"open","ping_status":"closed","template":"","meta":[],"pwb-brand":[],"product_cat":[40],"product_tag":[],"woo-feed-brand":[],"class_list":{"0":"post-85524","1":"product","2":"type-product","3":"status-publish","4":"has-post-thumbnail","6":"product_cat-padelklader-herr","7":"pa_varumarke-nike","9":"first","10":"instock","11":"taxable","12":"shipping-taxable","13":"purchasable","14":"product-type-variable"},"bundled_by":[],"bundle_stock_status":"instock","bundle_stock_quantity":6,"bundle_virtual":false,"bundle_layout":"","bundle_add_to_cart_form_location":"","bundle_editable_in_cart":false,"bundle_sold_individually_context":"","bundle_item_grouping":"","bundle_min_size":"","bundle_max_size":"","bundled_items":[],"bundle_sell_ids":[],"acf":[],"yoast_head":"<!-- This site is optimized with the Yoast SEO plugin v23.1 - https:\/\/yoast.com\/wordpress\/plugins\/seo\/ -->\n<title>Nike Victory Shorts 7 tum - Nordic Padel<\/title>\n<meta name=\"robots\" content=\"index, follow, max-snippet:-1, max-image-preview:large, max-video-preview:-1\" \/>\n<link rel=\"canonical\" href=\"https:\/\/nordicpadel.com\/sv\/product\/nike-victory-shorts-7-tum\/\" \/>\n<meta property=\"og:locale\" content=\"sv_SE\" \/>\n<meta property=\"og:type\" content=\"article\" \/>\n<meta property=\"og:title\" content=\"Nike Victory Shorts 7 tum - Nordic Padel\" \/>\n<meta property=\"og:description\" content=\"K\u00f6p Nikes marinbl\u00e5 tennisshorts med tv\u00e5 rej\u00e4la sidofickor. Tennisshorts\/padelshorts f\u00f6r dig som vill kunna f\u00f6rvara dina bollar i sidofickor. Shortsen \u00e4r utrustade med elastiskt midjeband vilket ger en b\u00e4trre passform. Dessutom \u00e4r dessa shorts tillverkad med fuktavst\u00f6tande material vilket g\u00f6r att du h\u00e5ller dig torr l\u00e4ngre. Shortsmodellen \u00e4r n\u00e5got kortare och slutar ungef\u00e4r p\u00e5 mitten [&hellip;]\" \/>\n<meta property=\"og:url\" content=\"https:\/\/nordicpadel.com\/sv\/product\/nike-victory-shorts-7-tum\/\" \/>\n<meta property=\"og:site_name\" content=\"Nordic Padel\" \/>\n<meta property=\"article:modified_time\" content=\"2026-03-08T23:24:22+00:00\" \/>\n<meta name=\"twitter:card\" content=\"summary_large_image\" \/>\n<script type=\"application\/ld+json\" class=\"yoast-schema-graph\">{\"@context\":\"https:\/\/schema.org\",\"@graph\":[{\"@type\":\"WebPage\",\"@id\":\"https:\/\/nordicpadel.com\/sv\/product\/nike-victory-shorts-7-tum\/\",\"url\":\"https:\/\/nordicpadel.com\/sv\/product\/nike-victory-shorts-7-tum\/\",\"name\":\"Nike Victory Shorts 7 tum - Nordic Padel\",\"isPartOf\":{\"@id\":\"https:\/\/nordicpadel.com\/sv\/#website\"},\"primaryImageOfPage\":{\"@id\":\"https:\/\/nordicpadel.com\/sv\/product\/nike-victory-shorts-7-tum\/#primaryimage\"},\"image\":{\"@id\":\"https:\/\/nordicpadel.com\/sv\/product\/nike-victory-shorts-7-tum\/#primaryimage\"},\"thumbnailUrl\":\"https:\/\/nordicpadel.com\/sv\/wp-content\/uploads\/sites\/10\/2025\/11\/b07e3201aa01069e3c59d3cc0338ee91.png\",\"datePublished\":\"2025-11-26T15:30:51+00:00\",\"dateModified\":\"2026-03-08T23:24:22+00:00\",\"breadcrumb\":{\"@id\":\"https:\/\/nordicpadel.com\/sv\/product\/nike-victory-shorts-7-tum\/#breadcrumb\"},\"inLanguage\":\"sv-SE\",\"potentialAction\":[{\"@type\":\"ReadAction\",\"target\":[\"https:\/\/nordicpadel.com\/sv\/product\/nike-victory-shorts-7-tum\/\"]}]},{\"@type\":\"ImageObject\",\"inLanguage\":\"sv-SE\",\"@id\":\"https:\/\/nordicpadel.com\/sv\/product\/nike-victory-shorts-7-tum\/#primaryimage\",\"url\":\"https:\/\/nordicpadel.com\/sv\/wp-content\/uploads\/sites\/10\/2025\/11\/b07e3201aa01069e3c59d3cc0338ee91.png\",\"contentUrl\":\"https:\/\/nordicpadel.com\/sv\/wp-content\/uploads\/sites\/10\/2025\/11\/b07e3201aa01069e3c59d3cc0338ee91.png\",\"width\":800,\"height\":800,\"caption\":\"Nike Victory Shorts 7 tum\"},{\"@type\":\"BreadcrumbList\",\"@id\":\"https:\/\/nordicpadel.com\/sv\/product\/nike-victory-shorts-7-tum\/#breadcrumb\",\"itemListElement\":[{\"@type\":\"ListItem\",\"position\":1,\"name\":\"Hem\",\"item\":\"https:\/\/nordicpadel.com\/sv\/\"},{\"@type\":\"ListItem\",\"position\":2,\"name\":\"Shop\",\"item\":\"https:\/\/nordicpadel.com\/sv\/shop\/\"},{\"@type\":\"ListItem\",\"position\":3,\"name\":\"Nike Victory Shorts 7 tum\"}]},{\"@type\":\"WebSite\",\"@id\":\"https:\/\/nordicpadel.com\/sv\/#website\",\"url\":\"https:\/\/nordicpadel.com\/sv\/\",\"name\":\"Nordic Padel\",\"description\":\"\",\"publisher\":{\"@id\":\"https:\/\/nordicpadel.com\/sv\/#organization\"},\"potentialAction\":[{\"@type\":\"SearchAction\",\"target\":{\"@type\":\"EntryPoint\",\"urlTemplate\":\"https:\/\/nordicpadel.com\/sv\/?s={search_term_string}\"},\"query-input\":\"required name=search_term_string\"}],\"inLanguage\":\"sv-SE\"},{\"@type\":\"Organization\",\"@id\":\"https:\/\/nordicpadel.com\/sv\/#organization\",\"name\":\"Nordic Padel\",\"url\":\"https:\/\/nordicpadel.com\/sv\/\",\"logo\":{\"@type\":\"ImageObject\",\"inLanguage\":\"sv-SE\",\"@id\":\"https:\/\/nordicpadel.com\/sv\/#\/schema\/logo\/image\/\",\"url\":\"https:\/\/nordicpadel.com\/sv\/wp-content\/uploads\/sites\/10\/2022\/12\/Nordic-Padel-small_1-1.png\",\"contentUrl\":\"https:\/\/nordicpadel.com\/sv\/wp-content\/uploads\/sites\/10\/2022\/12\/Nordic-Padel-small_1-1.png\",\"width\":400,\"height\":119,\"caption\":\"Nordic Padel\"},\"image\":{\"@id\":\"https:\/\/nordicpadel.com\/sv\/#\/schema\/logo\/image\/\"}}]}<\/script>\n<!-- \/ Yoast SEO plugin. -->","yoast_head_json":{"title":"Nike Victory Shorts 7 tum - Nordic Padel","robots":{"index":"index","follow":"follow","max-snippet":"max-snippet:-1","max-image-preview":"max-image-preview:large","max-video-preview":"max-video-preview:-1"},"canonical":"https:\/\/nordicpadel.com\/sv\/product\/nike-victory-shorts-7-tum\/","og_locale":"sv_SE","og_type":"article","og_title":"Nike Victory Shorts 7 tum - Nordic Padel","og_description":"K\u00f6p Nikes marinbl\u00e5 tennisshorts med tv\u00e5 rej\u00e4la sidofickor. Tennisshorts\/padelshorts f\u00f6r dig som vill kunna f\u00f6rvara dina bollar i sidofickor. Shortsen \u00e4r utrustade med elastiskt midjeband vilket ger en b\u00e4trre passform. Dessutom \u00e4r dessa shorts tillverkad med fuktavst\u00f6tande material vilket g\u00f6r att du h\u00e5ller dig torr l\u00e4ngre. Shortsmodellen \u00e4r n\u00e5got kortare och slutar ungef\u00e4r p\u00e5 mitten [&hellip;]","og_url":"https:\/\/nordicpadel.com\/sv\/product\/nike-victory-shorts-7-tum\/","og_site_name":"Nordic Padel","article_modified_time":"2026-03-08T23:24:22+00:00","twitter_card":"summary_large_image","schema":{"@context":"https:\/\/schema.org","@graph":[{"@type":"WebPage","@id":"https:\/\/nordicpadel.com\/sv\/product\/nike-victory-shorts-7-tum\/","url":"https:\/\/nordicpadel.com\/sv\/product\/nike-victory-shorts-7-tum\/","name":"Nike Victory Shorts 7 tum - Nordic Padel","isPartOf":{"@id":"https:\/\/nordicpadel.com\/sv\/#website"},"primaryImageOfPage":{"@id":"https:\/\/nordicpadel.com\/sv\/product\/nike-victory-shorts-7-tum\/#primaryimage"},"image":{"@id":"https:\/\/nordicpadel.com\/sv\/product\/nike-victory-shorts-7-tum\/#primaryimage"},"thumbnailUrl":"https:\/\/nordicpadel.com\/sv\/wp-content\/uploads\/sites\/10\/2025\/11\/b07e3201aa01069e3c59d3cc0338ee91.png","datePublished":"2025-11-26T15:30:51+00:00","dateModified":"2026-03-08T23:24:22+00:00","breadcrumb":{"@id":"https:\/\/nordicpadel.com\/sv\/product\/nike-victory-shorts-7-tum\/#breadcrumb"},"inLanguage":"sv-SE","potentialAction":[{"@type":"ReadAction","target":["https:\/\/nordicpadel.com\/sv\/product\/nike-victory-shorts-7-tum\/"]}]},{"@type":"ImageObject","inLanguage":"sv-SE","@id":"https:\/\/nordicpadel.com\/sv\/product\/nike-victory-shorts-7-tum\/#primaryimage","url":"https:\/\/nordicpadel.com\/sv\/wp-content\/uploads\/sites\/10\/2025\/11\/b07e3201aa01069e3c59d3cc0338ee91.png","contentUrl":"https:\/\/nordicpadel.com\/sv\/wp-content\/uploads\/sites\/10\/2025\/11\/b07e3201aa01069e3c59d3cc0338ee91.png","width":800,"height":800,"caption":"Nike Victory Shorts 7 tum"},{"@type":"BreadcrumbList","@id":"https:\/\/nordicpadel.com\/sv\/product\/nike-victory-shorts-7-tum\/#breadcrumb","itemListElement":[{"@type":"ListItem","position":1,"name":"Hem","item":"https:\/\/nordicpadel.com\/sv\/"},{"@type":"ListItem","position":2,"name":"Shop","item":"https:\/\/nordicpadel.com\/sv\/shop\/"},{"@type":"ListItem","position":3,"name":"Nike Victory Shorts 7 tum"}]},{"@type":"WebSite","@id":"https:\/\/nordicpadel.com\/sv\/#website","url":"https:\/\/nordicpadel.com\/sv\/","name":"Nordic Padel","description":"","publisher":{"@id":"https:\/\/nordicpadel.com\/sv\/#organization"},"potentialAction":[{"@type":"SearchAction","target":{"@type":"EntryPoint","urlTemplate":"https:\/\/nordicpadel.com\/sv\/?s={search_term_string}"},"query-input":"required name=search_term_string"}],"inLanguage":"sv-SE"},{"@type":"Organization","@id":"https:\/\/nordicpadel.com\/sv\/#organization","name":"Nordic Padel","url":"https:\/\/nordicpadel.com\/sv\/","logo":{"@type":"ImageObject","inLanguage":"sv-SE","@id":"https:\/\/nordicpadel.com\/sv\/#\/schema\/logo\/image\/","url":"https:\/\/nordicpadel.com\/sv\/wp-content\/uploads\/sites\/10\/2022\/12\/Nordic-Padel-small_1-1.png","contentUrl":"https:\/\/nordicpadel.com\/sv\/wp-content\/uploads\/sites\/10\/2022\/12\/Nordic-Padel-small_1-1.png","width":400,"height":119,"caption":"Nordic Padel"},"image":{"@id":"https:\/\/nordicpadel.com\/sv\/#\/schema\/logo\/image\/"}}]}},"brands":[],"_links":{"self":[{"href":"https:\/\/nordicpadel.com\/sv\/wp-json\/wp\/v2\/product\/85524","targetHints":{"allow":["GET"]}}],"collection":[{"href":"https:\/\/nordicpadel.com\/sv\/wp-json\/wp\/v2\/product"}],"about":[{"href":"https:\/\/nordicpadel.com\/sv\/wp-json\/wp\/v2\/types\/product"}],"replies":[{"embeddable":true,"href":"https:\/\/nordicpadel.com\/sv\/wp-json\/wp\/v2\/comments?post=85524"}],"wp:featuredmedia":[{"embeddable":true,"href":"https:\/\/nordicpadel.com\/sv\/wp-json\/wp\/v2\/media\/85523"}],"wp:attachment":[{"href":"https:\/\/nordicpadel.com\/sv\/wp-json\/wp\/v2\/media?parent=85524"}],"wp:term":[{"taxonomy":"pwb-brand","embeddable":true,"href":"https:\/\/nordicpadel.com\/sv\/wp-json\/wp\/v2\/pwb-brand?post=85524"},{"taxonomy":"product_cat","embeddable":true,"href":"https:\/\/nordicpadel.com\/sv\/wp-json\/wp\/v2\/product_cat?post=85524"},{"taxonomy":"product_tag","embeddable":true,"href":"https:\/\/nordicpadel.com\/sv\/wp-json\/wp\/v2\/product_tag?post=85524"},{"taxonomy":"woo-feed-brand","embeddable":true,"href":"https:\/\/nordicpadel.com\/sv\/wp-json\/wp\/v2\/woo-feed-brand?post=85524"}],"curies":[{"name":"wp","href":"https:\/\/api.w.org\/{rel}","templated":true}]}}