{"id":85510,"date":"2025-11-26T16:30:28","date_gmt":"2025-11-26T15:30:28","guid":{"rendered":"https:\/\/nordicpadel.com\/sv\/product\/wilson-power-crew-ii-tee\/"},"modified":"2025-11-27T07:38:42","modified_gmt":"2025-11-27T06:38:42","slug":"wilson-power-crew-ii-tee","status":"publish","type":"product","link":"https:\/\/nordicpadel.com\/sv\/product\/wilson-power-crew-ii-tee\/","title":{"rendered":"Wilson Power Crew II Tee"},"content":{"rendered":"<p>K\u00f6p tenniskl\u00e4der och padelkl\u00e4der ifr\u00e5n Wilson f\u00f6r kvinnor. Snygg svart kort\u00e4rmad topp f\u00f6r kvinnor. Med hj\u00e4lp av s\u00f6ren p\u00e5 sidan kan du anpassa stilen p\u00e5 toppen genom att dra \u00e5t eller sl\u00e4ppa efter beroende p\u00e5 vad du k\u00e4nner f\u00f6r. Toppen passar fint vare sig du spelar tennis eller padel. Sydd med s\u00f6ml\u00f6sa s\u00f6mmar f\u00f6r b\u00e4sta komfort. F\u00e4rg: Svart Material: 73% Polyamid, 27% Polyester<\/p>\n","protected":false},"excerpt":{"rendered":"<p>K\u00f6p tenniskl\u00e4der och padelkl\u00e4der ifr\u00e5n Wilson f\u00f6r kvinnor. Snygg svart kort\u00e4rmad topp f\u00f6r kvinnor. Med hj\u00e4lp av s\u00f6ren p\u00e5 sidan kan du anpassa stilen p\u00e5 toppen genom att dra \u00e5t eller sl\u00e4ppa efter beroende p\u00e5 vad du k\u00e4nner f\u00f6r. Toppen passar fint vare sig du spelar tennis eller padel. Sydd med s\u00f6ml\u00f6sa s\u00f6mmar f\u00f6r b\u00e4sta [&hellip;]<\/p>\n","protected":false},"featured_media":85509,"comment_status":"open","ping_status":"closed","template":"","meta":[],"pwb-brand":[],"product_cat":[461],"product_tag":[],"woo-feed-brand":[],"class_list":{"0":"post-85510","1":"product","2":"type-product","3":"status-publish","4":"has-post-thumbnail","6":"product_cat-wilson","7":"pa_varumarke-wilson","9":"first","10":"outofstock","11":"taxable","12":"shipping-taxable","13":"product-type-variable"},"bundled_by":[],"bundle_stock_status":"outofstock","bundle_stock_quantity":0,"bundle_virtual":false,"bundle_layout":"","bundle_add_to_cart_form_location":"","bundle_editable_in_cart":false,"bundle_sold_individually_context":"","bundle_item_grouping":"","bundle_min_size":"","bundle_max_size":"","bundled_items":[],"bundle_sell_ids":[],"acf":[],"yoast_head":"<!-- This site is optimized with the Yoast SEO plugin v23.1 - https:\/\/yoast.com\/wordpress\/plugins\/seo\/ -->\n<title>Wilson Power Crew II Tee - Nordic Padel<\/title>\n<meta name=\"robots\" content=\"index, follow, max-snippet:-1, max-image-preview:large, max-video-preview:-1\" \/>\n<link rel=\"canonical\" href=\"https:\/\/nordicpadel.com\/sv\/product\/wilson-power-crew-ii-tee\/\" \/>\n<meta property=\"og:locale\" content=\"sv_SE\" \/>\n<meta property=\"og:type\" content=\"article\" \/>\n<meta property=\"og:title\" content=\"Wilson Power Crew II Tee - Nordic Padel\" \/>\n<meta property=\"og:description\" content=\"K\u00f6p tenniskl\u00e4der och padelkl\u00e4der ifr\u00e5n Wilson f\u00f6r kvinnor. Snygg svart kort\u00e4rmad topp f\u00f6r kvinnor. Med hj\u00e4lp av s\u00f6ren p\u00e5 sidan kan du anpassa stilen p\u00e5 toppen genom att dra \u00e5t eller sl\u00e4ppa efter beroende p\u00e5 vad du k\u00e4nner f\u00f6r. Toppen passar fint vare sig du spelar tennis eller padel. Sydd med s\u00f6ml\u00f6sa s\u00f6mmar f\u00f6r b\u00e4sta [&hellip;]\" \/>\n<meta property=\"og:url\" content=\"https:\/\/nordicpadel.com\/sv\/product\/wilson-power-crew-ii-tee\/\" \/>\n<meta property=\"og:site_name\" content=\"Nordic Padel\" \/>\n<meta property=\"article:modified_time\" content=\"2025-11-27T06:38:42+00:00\" \/>\n<meta name=\"twitter:card\" content=\"summary_large_image\" \/>\n<script type=\"application\/ld+json\" class=\"yoast-schema-graph\">{\"@context\":\"https:\/\/schema.org\",\"@graph\":[{\"@type\":\"WebPage\",\"@id\":\"https:\/\/nordicpadel.com\/sv\/product\/wilson-power-crew-ii-tee\/\",\"url\":\"https:\/\/nordicpadel.com\/sv\/product\/wilson-power-crew-ii-tee\/\",\"name\":\"Wilson Power Crew II Tee - Nordic Padel\",\"isPartOf\":{\"@id\":\"https:\/\/nordicpadel.com\/sv\/#website\"},\"primaryImageOfPage\":{\"@id\":\"https:\/\/nordicpadel.com\/sv\/product\/wilson-power-crew-ii-tee\/#primaryimage\"},\"image\":{\"@id\":\"https:\/\/nordicpadel.com\/sv\/product\/wilson-power-crew-ii-tee\/#primaryimage\"},\"thumbnailUrl\":\"https:\/\/nordicpadel.com\/sv\/wp-content\/uploads\/sites\/10\/2025\/11\/7be1cb61525d59aa705b6f797cf00938.png\",\"datePublished\":\"2025-11-26T15:30:28+00:00\",\"dateModified\":\"2025-11-27T06:38:42+00:00\",\"breadcrumb\":{\"@id\":\"https:\/\/nordicpadel.com\/sv\/product\/wilson-power-crew-ii-tee\/#breadcrumb\"},\"inLanguage\":\"sv-SE\",\"potentialAction\":[{\"@type\":\"ReadAction\",\"target\":[\"https:\/\/nordicpadel.com\/sv\/product\/wilson-power-crew-ii-tee\/\"]}]},{\"@type\":\"ImageObject\",\"inLanguage\":\"sv-SE\",\"@id\":\"https:\/\/nordicpadel.com\/sv\/product\/wilson-power-crew-ii-tee\/#primaryimage\",\"url\":\"https:\/\/nordicpadel.com\/sv\/wp-content\/uploads\/sites\/10\/2025\/11\/7be1cb61525d59aa705b6f797cf00938.png\",\"contentUrl\":\"https:\/\/nordicpadel.com\/sv\/wp-content\/uploads\/sites\/10\/2025\/11\/7be1cb61525d59aa705b6f797cf00938.png\",\"width\":800,\"height\":800,\"caption\":\"Wilson Power Crew II Tee\"},{\"@type\":\"BreadcrumbList\",\"@id\":\"https:\/\/nordicpadel.com\/sv\/product\/wilson-power-crew-ii-tee\/#breadcrumb\",\"itemListElement\":[{\"@type\":\"ListItem\",\"position\":1,\"name\":\"Hem\",\"item\":\"https:\/\/nordicpadel.com\/sv\/\"},{\"@type\":\"ListItem\",\"position\":2,\"name\":\"Shop\",\"item\":\"https:\/\/nordicpadel.com\/sv\/shop\/\"},{\"@type\":\"ListItem\",\"position\":3,\"name\":\"Wilson Power Crew II Tee\"}]},{\"@type\":\"WebSite\",\"@id\":\"https:\/\/nordicpadel.com\/sv\/#website\",\"url\":\"https:\/\/nordicpadel.com\/sv\/\",\"name\":\"Nordic Padel\",\"description\":\"\",\"publisher\":{\"@id\":\"https:\/\/nordicpadel.com\/sv\/#organization\"},\"potentialAction\":[{\"@type\":\"SearchAction\",\"target\":{\"@type\":\"EntryPoint\",\"urlTemplate\":\"https:\/\/nordicpadel.com\/sv\/?s={search_term_string}\"},\"query-input\":\"required name=search_term_string\"}],\"inLanguage\":\"sv-SE\"},{\"@type\":\"Organization\",\"@id\":\"https:\/\/nordicpadel.com\/sv\/#organization\",\"name\":\"Nordic Padel\",\"url\":\"https:\/\/nordicpadel.com\/sv\/\",\"logo\":{\"@type\":\"ImageObject\",\"inLanguage\":\"sv-SE\",\"@id\":\"https:\/\/nordicpadel.com\/sv\/#\/schema\/logo\/image\/\",\"url\":\"https:\/\/nordicpadel.com\/sv\/wp-content\/uploads\/sites\/10\/2022\/12\/Nordic-Padel-small_1-1.png\",\"contentUrl\":\"https:\/\/nordicpadel.com\/sv\/wp-content\/uploads\/sites\/10\/2022\/12\/Nordic-Padel-small_1-1.png\",\"width\":400,\"height\":119,\"caption\":\"Nordic Padel\"},\"image\":{\"@id\":\"https:\/\/nordicpadel.com\/sv\/#\/schema\/logo\/image\/\"}}]}<\/script>\n<!-- \/ Yoast SEO plugin. -->","yoast_head_json":{"title":"Wilson Power Crew II Tee - Nordic Padel","robots":{"index":"index","follow":"follow","max-snippet":"max-snippet:-1","max-image-preview":"max-image-preview:large","max-video-preview":"max-video-preview:-1"},"canonical":"https:\/\/nordicpadel.com\/sv\/product\/wilson-power-crew-ii-tee\/","og_locale":"sv_SE","og_type":"article","og_title":"Wilson Power Crew II Tee - Nordic Padel","og_description":"K\u00f6p tenniskl\u00e4der och padelkl\u00e4der ifr\u00e5n Wilson f\u00f6r kvinnor. Snygg svart kort\u00e4rmad topp f\u00f6r kvinnor. Med hj\u00e4lp av s\u00f6ren p\u00e5 sidan kan du anpassa stilen p\u00e5 toppen genom att dra \u00e5t eller sl\u00e4ppa efter beroende p\u00e5 vad du k\u00e4nner f\u00f6r. Toppen passar fint vare sig du spelar tennis eller padel. Sydd med s\u00f6ml\u00f6sa s\u00f6mmar f\u00f6r b\u00e4sta [&hellip;]","og_url":"https:\/\/nordicpadel.com\/sv\/product\/wilson-power-crew-ii-tee\/","og_site_name":"Nordic Padel","article_modified_time":"2025-11-27T06:38:42+00:00","twitter_card":"summary_large_image","schema":{"@context":"https:\/\/schema.org","@graph":[{"@type":"WebPage","@id":"https:\/\/nordicpadel.com\/sv\/product\/wilson-power-crew-ii-tee\/","url":"https:\/\/nordicpadel.com\/sv\/product\/wilson-power-crew-ii-tee\/","name":"Wilson Power Crew II Tee - Nordic Padel","isPartOf":{"@id":"https:\/\/nordicpadel.com\/sv\/#website"},"primaryImageOfPage":{"@id":"https:\/\/nordicpadel.com\/sv\/product\/wilson-power-crew-ii-tee\/#primaryimage"},"image":{"@id":"https:\/\/nordicpadel.com\/sv\/product\/wilson-power-crew-ii-tee\/#primaryimage"},"thumbnailUrl":"https:\/\/nordicpadel.com\/sv\/wp-content\/uploads\/sites\/10\/2025\/11\/7be1cb61525d59aa705b6f797cf00938.png","datePublished":"2025-11-26T15:30:28+00:00","dateModified":"2025-11-27T06:38:42+00:00","breadcrumb":{"@id":"https:\/\/nordicpadel.com\/sv\/product\/wilson-power-crew-ii-tee\/#breadcrumb"},"inLanguage":"sv-SE","potentialAction":[{"@type":"ReadAction","target":["https:\/\/nordicpadel.com\/sv\/product\/wilson-power-crew-ii-tee\/"]}]},{"@type":"ImageObject","inLanguage":"sv-SE","@id":"https:\/\/nordicpadel.com\/sv\/product\/wilson-power-crew-ii-tee\/#primaryimage","url":"https:\/\/nordicpadel.com\/sv\/wp-content\/uploads\/sites\/10\/2025\/11\/7be1cb61525d59aa705b6f797cf00938.png","contentUrl":"https:\/\/nordicpadel.com\/sv\/wp-content\/uploads\/sites\/10\/2025\/11\/7be1cb61525d59aa705b6f797cf00938.png","width":800,"height":800,"caption":"Wilson Power Crew II Tee"},{"@type":"BreadcrumbList","@id":"https:\/\/nordicpadel.com\/sv\/product\/wilson-power-crew-ii-tee\/#breadcrumb","itemListElement":[{"@type":"ListItem","position":1,"name":"Hem","item":"https:\/\/nordicpadel.com\/sv\/"},{"@type":"ListItem","position":2,"name":"Shop","item":"https:\/\/nordicpadel.com\/sv\/shop\/"},{"@type":"ListItem","position":3,"name":"Wilson Power Crew II Tee"}]},{"@type":"WebSite","@id":"https:\/\/nordicpadel.com\/sv\/#website","url":"https:\/\/nordicpadel.com\/sv\/","name":"Nordic Padel","description":"","publisher":{"@id":"https:\/\/nordicpadel.com\/sv\/#organization"},"potentialAction":[{"@type":"SearchAction","target":{"@type":"EntryPoint","urlTemplate":"https:\/\/nordicpadel.com\/sv\/?s={search_term_string}"},"query-input":"required name=search_term_string"}],"inLanguage":"sv-SE"},{"@type":"Organization","@id":"https:\/\/nordicpadel.com\/sv\/#organization","name":"Nordic Padel","url":"https:\/\/nordicpadel.com\/sv\/","logo":{"@type":"ImageObject","inLanguage":"sv-SE","@id":"https:\/\/nordicpadel.com\/sv\/#\/schema\/logo\/image\/","url":"https:\/\/nordicpadel.com\/sv\/wp-content\/uploads\/sites\/10\/2022\/12\/Nordic-Padel-small_1-1.png","contentUrl":"https:\/\/nordicpadel.com\/sv\/wp-content\/uploads\/sites\/10\/2022\/12\/Nordic-Padel-small_1-1.png","width":400,"height":119,"caption":"Nordic Padel"},"image":{"@id":"https:\/\/nordicpadel.com\/sv\/#\/schema\/logo\/image\/"}}]}},"brands":[],"_links":{"self":[{"href":"https:\/\/nordicpadel.com\/sv\/wp-json\/wp\/v2\/product\/85510","targetHints":{"allow":["GET"]}}],"collection":[{"href":"https:\/\/nordicpadel.com\/sv\/wp-json\/wp\/v2\/product"}],"about":[{"href":"https:\/\/nordicpadel.com\/sv\/wp-json\/wp\/v2\/types\/product"}],"replies":[{"embeddable":true,"href":"https:\/\/nordicpadel.com\/sv\/wp-json\/wp\/v2\/comments?post=85510"}],"wp:featuredmedia":[{"embeddable":true,"href":"https:\/\/nordicpadel.com\/sv\/wp-json\/wp\/v2\/media\/85509"}],"wp:attachment":[{"href":"https:\/\/nordicpadel.com\/sv\/wp-json\/wp\/v2\/media?parent=85510"}],"wp:term":[{"taxonomy":"pwb-brand","embeddable":true,"href":"https:\/\/nordicpadel.com\/sv\/wp-json\/wp\/v2\/pwb-brand?post=85510"},{"taxonomy":"product_cat","embeddable":true,"href":"https:\/\/nordicpadel.com\/sv\/wp-json\/wp\/v2\/product_cat?post=85510"},{"taxonomy":"product_tag","embeddable":true,"href":"https:\/\/nordicpadel.com\/sv\/wp-json\/wp\/v2\/product_tag?post=85510"},{"taxonomy":"woo-feed-brand","embeddable":true,"href":"https:\/\/nordicpadel.com\/sv\/wp-json\/wp\/v2\/woo-feed-brand?post=85510"}],"curies":[{"name":"wp","href":"https:\/\/api.w.org\/{rel}","templated":true}]}}