{"id":85508,"date":"2025-11-26T16:30:21","date_gmt":"2025-11-26T15:30:21","guid":{"rendered":"https:\/\/nordicpadel.com\/sv\/product\/wilson-kaos-rapide-crew-ii\/"},"modified":"2025-11-27T07:38:39","modified_gmt":"2025-11-27T06:38:39","slug":"wilson-kaos-rapide-crew-ii","status":"publish","type":"product","link":"https:\/\/nordicpadel.com\/sv\/product\/wilson-kaos-rapide-crew-ii\/","title":{"rendered":"Wilson Kaos Rapide Crew II"},"content":{"rendered":"<p>K\u00f6p en vit matchtr\u00f6ja f\u00f6r tennisspelare och padelspelare. Tr\u00f6jan har fin passform tack vare elasticiteten som Wilson anv\u00e4nder, dessutom g\u00f6r det att passformen f\u00f6rh\u00f6js. Vidare kan s\u00e4gas att tr\u00f6jan \u00e4r tillverkad i funktionsmaterial som g\u00f6r att svett absorberas bort snabbt och h\u00e5ller dig torr p\u00e5 banan. Tv\u00e5 f\u00f6rdelar med denna topp \u00e4r att vikten \u00e4r extremt l\u00e5g och tr\u00f6jan \u00e4r tillverkad s\u00f6ml\u00f6s vilket \u00f6kar den sk\u00f6na k\u00e4nslan att dra p\u00e5 sig tr\u00f6jan. F\u00e4rg: Vit Material: 76% Polyester, 25% Polyamid Tv\u00e4ttr\u00e5d: Maskintv\u00e4tt, 40 grader syntet<\/p>\n","protected":false},"excerpt":{"rendered":"<p>K\u00f6p en vit matchtr\u00f6ja f\u00f6r tennisspelare och padelspelare. Tr\u00f6jan har fin passform tack vare elasticiteten som Wilson anv\u00e4nder, dessutom g\u00f6r det att passformen f\u00f6rh\u00f6js. Vidare kan s\u00e4gas att tr\u00f6jan \u00e4r tillverkad i funktionsmaterial som g\u00f6r att svett absorberas bort snabbt och h\u00e5ller dig torr p\u00e5 banan. Tv\u00e5 f\u00f6rdelar med denna topp \u00e4r att vikten \u00e4r [&hellip;]<\/p>\n","protected":false},"featured_media":85507,"comment_status":"open","ping_status":"closed","template":"","meta":[],"pwb-brand":[],"product_cat":[461],"product_tag":[],"woo-feed-brand":[],"class_list":{"0":"post-85508","1":"product","2":"type-product","3":"status-publish","4":"has-post-thumbnail","6":"product_cat-wilson","7":"pa_varumarke-wilson","9":"first","10":"outofstock","11":"taxable","12":"shipping-taxable","13":"product-type-variable"},"bundled_by":[],"bundle_stock_status":"outofstock","bundle_stock_quantity":0,"bundle_virtual":false,"bundle_layout":"","bundle_add_to_cart_form_location":"","bundle_editable_in_cart":false,"bundle_sold_individually_context":"","bundle_item_grouping":"","bundle_min_size":"","bundle_max_size":"","bundled_items":[],"bundle_sell_ids":[],"acf":[],"yoast_head":"<!-- This site is optimized with the Yoast SEO plugin v23.1 - https:\/\/yoast.com\/wordpress\/plugins\/seo\/ -->\n<title>Wilson Kaos Rapide Crew II - Nordic Padel<\/title>\n<meta name=\"robots\" content=\"index, follow, max-snippet:-1, max-image-preview:large, max-video-preview:-1\" \/>\n<link rel=\"canonical\" href=\"https:\/\/nordicpadel.com\/sv\/product\/wilson-kaos-rapide-crew-ii\/\" \/>\n<meta property=\"og:locale\" content=\"sv_SE\" \/>\n<meta property=\"og:type\" content=\"article\" \/>\n<meta property=\"og:title\" content=\"Wilson Kaos Rapide Crew II - Nordic Padel\" \/>\n<meta property=\"og:description\" content=\"K\u00f6p en vit matchtr\u00f6ja f\u00f6r tennisspelare och padelspelare. Tr\u00f6jan har fin passform tack vare elasticiteten som Wilson anv\u00e4nder, dessutom g\u00f6r det att passformen f\u00f6rh\u00f6js. Vidare kan s\u00e4gas att tr\u00f6jan \u00e4r tillverkad i funktionsmaterial som g\u00f6r att svett absorberas bort snabbt och h\u00e5ller dig torr p\u00e5 banan. Tv\u00e5 f\u00f6rdelar med denna topp \u00e4r att vikten \u00e4r [&hellip;]\" \/>\n<meta property=\"og:url\" content=\"https:\/\/nordicpadel.com\/sv\/product\/wilson-kaos-rapide-crew-ii\/\" \/>\n<meta property=\"og:site_name\" content=\"Nordic Padel\" \/>\n<meta property=\"article:modified_time\" content=\"2025-11-27T06:38:39+00:00\" \/>\n<meta name=\"twitter:card\" content=\"summary_large_image\" \/>\n<meta name=\"twitter:label1\" content=\"Ber\u00e4knad l\u00e4stid\" \/>\n\t<meta name=\"twitter:data1\" content=\"1 minut\" \/>\n<script type=\"application\/ld+json\" class=\"yoast-schema-graph\">{\"@context\":\"https:\/\/schema.org\",\"@graph\":[{\"@type\":\"WebPage\",\"@id\":\"https:\/\/nordicpadel.com\/sv\/product\/wilson-kaos-rapide-crew-ii\/\",\"url\":\"https:\/\/nordicpadel.com\/sv\/product\/wilson-kaos-rapide-crew-ii\/\",\"name\":\"Wilson Kaos Rapide Crew II - Nordic Padel\",\"isPartOf\":{\"@id\":\"https:\/\/nordicpadel.com\/sv\/#website\"},\"primaryImageOfPage\":{\"@id\":\"https:\/\/nordicpadel.com\/sv\/product\/wilson-kaos-rapide-crew-ii\/#primaryimage\"},\"image\":{\"@id\":\"https:\/\/nordicpadel.com\/sv\/product\/wilson-kaos-rapide-crew-ii\/#primaryimage\"},\"thumbnailUrl\":\"https:\/\/nordicpadel.com\/sv\/wp-content\/uploads\/sites\/10\/2025\/11\/1c970a1d39a36770bfe9ad3ea20e7208.png\",\"datePublished\":\"2025-11-26T15:30:21+00:00\",\"dateModified\":\"2025-11-27T06:38:39+00:00\",\"breadcrumb\":{\"@id\":\"https:\/\/nordicpadel.com\/sv\/product\/wilson-kaos-rapide-crew-ii\/#breadcrumb\"},\"inLanguage\":\"sv-SE\",\"potentialAction\":[{\"@type\":\"ReadAction\",\"target\":[\"https:\/\/nordicpadel.com\/sv\/product\/wilson-kaos-rapide-crew-ii\/\"]}]},{\"@type\":\"ImageObject\",\"inLanguage\":\"sv-SE\",\"@id\":\"https:\/\/nordicpadel.com\/sv\/product\/wilson-kaos-rapide-crew-ii\/#primaryimage\",\"url\":\"https:\/\/nordicpadel.com\/sv\/wp-content\/uploads\/sites\/10\/2025\/11\/1c970a1d39a36770bfe9ad3ea20e7208.png\",\"contentUrl\":\"https:\/\/nordicpadel.com\/sv\/wp-content\/uploads\/sites\/10\/2025\/11\/1c970a1d39a36770bfe9ad3ea20e7208.png\",\"width\":800,\"height\":800,\"caption\":\"Wilson Kaos Rapide Crew II\"},{\"@type\":\"BreadcrumbList\",\"@id\":\"https:\/\/nordicpadel.com\/sv\/product\/wilson-kaos-rapide-crew-ii\/#breadcrumb\",\"itemListElement\":[{\"@type\":\"ListItem\",\"position\":1,\"name\":\"Hem\",\"item\":\"https:\/\/nordicpadel.com\/sv\/\"},{\"@type\":\"ListItem\",\"position\":2,\"name\":\"Shop\",\"item\":\"https:\/\/nordicpadel.com\/sv\/shop\/\"},{\"@type\":\"ListItem\",\"position\":3,\"name\":\"Wilson Kaos Rapide Crew II\"}]},{\"@type\":\"WebSite\",\"@id\":\"https:\/\/nordicpadel.com\/sv\/#website\",\"url\":\"https:\/\/nordicpadel.com\/sv\/\",\"name\":\"Nordic Padel\",\"description\":\"\",\"publisher\":{\"@id\":\"https:\/\/nordicpadel.com\/sv\/#organization\"},\"potentialAction\":[{\"@type\":\"SearchAction\",\"target\":{\"@type\":\"EntryPoint\",\"urlTemplate\":\"https:\/\/nordicpadel.com\/sv\/?s={search_term_string}\"},\"query-input\":\"required name=search_term_string\"}],\"inLanguage\":\"sv-SE\"},{\"@type\":\"Organization\",\"@id\":\"https:\/\/nordicpadel.com\/sv\/#organization\",\"name\":\"Nordic Padel\",\"url\":\"https:\/\/nordicpadel.com\/sv\/\",\"logo\":{\"@type\":\"ImageObject\",\"inLanguage\":\"sv-SE\",\"@id\":\"https:\/\/nordicpadel.com\/sv\/#\/schema\/logo\/image\/\",\"url\":\"https:\/\/nordicpadel.com\/sv\/wp-content\/uploads\/sites\/10\/2022\/12\/Nordic-Padel-small_1-1.png\",\"contentUrl\":\"https:\/\/nordicpadel.com\/sv\/wp-content\/uploads\/sites\/10\/2022\/12\/Nordic-Padel-small_1-1.png\",\"width\":400,\"height\":119,\"caption\":\"Nordic Padel\"},\"image\":{\"@id\":\"https:\/\/nordicpadel.com\/sv\/#\/schema\/logo\/image\/\"}}]}<\/script>\n<!-- \/ Yoast SEO plugin. -->","yoast_head_json":{"title":"Wilson Kaos Rapide Crew II - Nordic Padel","robots":{"index":"index","follow":"follow","max-snippet":"max-snippet:-1","max-image-preview":"max-image-preview:large","max-video-preview":"max-video-preview:-1"},"canonical":"https:\/\/nordicpadel.com\/sv\/product\/wilson-kaos-rapide-crew-ii\/","og_locale":"sv_SE","og_type":"article","og_title":"Wilson Kaos Rapide Crew II - Nordic Padel","og_description":"K\u00f6p en vit matchtr\u00f6ja f\u00f6r tennisspelare och padelspelare. Tr\u00f6jan har fin passform tack vare elasticiteten som Wilson anv\u00e4nder, dessutom g\u00f6r det att passformen f\u00f6rh\u00f6js. Vidare kan s\u00e4gas att tr\u00f6jan \u00e4r tillverkad i funktionsmaterial som g\u00f6r att svett absorberas bort snabbt och h\u00e5ller dig torr p\u00e5 banan. Tv\u00e5 f\u00f6rdelar med denna topp \u00e4r att vikten \u00e4r [&hellip;]","og_url":"https:\/\/nordicpadel.com\/sv\/product\/wilson-kaos-rapide-crew-ii\/","og_site_name":"Nordic Padel","article_modified_time":"2025-11-27T06:38:39+00:00","twitter_card":"summary_large_image","twitter_misc":{"Ber\u00e4knad l\u00e4stid":"1 minut"},"schema":{"@context":"https:\/\/schema.org","@graph":[{"@type":"WebPage","@id":"https:\/\/nordicpadel.com\/sv\/product\/wilson-kaos-rapide-crew-ii\/","url":"https:\/\/nordicpadel.com\/sv\/product\/wilson-kaos-rapide-crew-ii\/","name":"Wilson Kaos Rapide Crew II - Nordic Padel","isPartOf":{"@id":"https:\/\/nordicpadel.com\/sv\/#website"},"primaryImageOfPage":{"@id":"https:\/\/nordicpadel.com\/sv\/product\/wilson-kaos-rapide-crew-ii\/#primaryimage"},"image":{"@id":"https:\/\/nordicpadel.com\/sv\/product\/wilson-kaos-rapide-crew-ii\/#primaryimage"},"thumbnailUrl":"https:\/\/nordicpadel.com\/sv\/wp-content\/uploads\/sites\/10\/2025\/11\/1c970a1d39a36770bfe9ad3ea20e7208.png","datePublished":"2025-11-26T15:30:21+00:00","dateModified":"2025-11-27T06:38:39+00:00","breadcrumb":{"@id":"https:\/\/nordicpadel.com\/sv\/product\/wilson-kaos-rapide-crew-ii\/#breadcrumb"},"inLanguage":"sv-SE","potentialAction":[{"@type":"ReadAction","target":["https:\/\/nordicpadel.com\/sv\/product\/wilson-kaos-rapide-crew-ii\/"]}]},{"@type":"ImageObject","inLanguage":"sv-SE","@id":"https:\/\/nordicpadel.com\/sv\/product\/wilson-kaos-rapide-crew-ii\/#primaryimage","url":"https:\/\/nordicpadel.com\/sv\/wp-content\/uploads\/sites\/10\/2025\/11\/1c970a1d39a36770bfe9ad3ea20e7208.png","contentUrl":"https:\/\/nordicpadel.com\/sv\/wp-content\/uploads\/sites\/10\/2025\/11\/1c970a1d39a36770bfe9ad3ea20e7208.png","width":800,"height":800,"caption":"Wilson Kaos Rapide Crew II"},{"@type":"BreadcrumbList","@id":"https:\/\/nordicpadel.com\/sv\/product\/wilson-kaos-rapide-crew-ii\/#breadcrumb","itemListElement":[{"@type":"ListItem","position":1,"name":"Hem","item":"https:\/\/nordicpadel.com\/sv\/"},{"@type":"ListItem","position":2,"name":"Shop","item":"https:\/\/nordicpadel.com\/sv\/shop\/"},{"@type":"ListItem","position":3,"name":"Wilson Kaos Rapide Crew II"}]},{"@type":"WebSite","@id":"https:\/\/nordicpadel.com\/sv\/#website","url":"https:\/\/nordicpadel.com\/sv\/","name":"Nordic Padel","description":"","publisher":{"@id":"https:\/\/nordicpadel.com\/sv\/#organization"},"potentialAction":[{"@type":"SearchAction","target":{"@type":"EntryPoint","urlTemplate":"https:\/\/nordicpadel.com\/sv\/?s={search_term_string}"},"query-input":"required name=search_term_string"}],"inLanguage":"sv-SE"},{"@type":"Organization","@id":"https:\/\/nordicpadel.com\/sv\/#organization","name":"Nordic Padel","url":"https:\/\/nordicpadel.com\/sv\/","logo":{"@type":"ImageObject","inLanguage":"sv-SE","@id":"https:\/\/nordicpadel.com\/sv\/#\/schema\/logo\/image\/","url":"https:\/\/nordicpadel.com\/sv\/wp-content\/uploads\/sites\/10\/2022\/12\/Nordic-Padel-small_1-1.png","contentUrl":"https:\/\/nordicpadel.com\/sv\/wp-content\/uploads\/sites\/10\/2022\/12\/Nordic-Padel-small_1-1.png","width":400,"height":119,"caption":"Nordic Padel"},"image":{"@id":"https:\/\/nordicpadel.com\/sv\/#\/schema\/logo\/image\/"}}]}},"brands":[],"_links":{"self":[{"href":"https:\/\/nordicpadel.com\/sv\/wp-json\/wp\/v2\/product\/85508","targetHints":{"allow":["GET"]}}],"collection":[{"href":"https:\/\/nordicpadel.com\/sv\/wp-json\/wp\/v2\/product"}],"about":[{"href":"https:\/\/nordicpadel.com\/sv\/wp-json\/wp\/v2\/types\/product"}],"replies":[{"embeddable":true,"href":"https:\/\/nordicpadel.com\/sv\/wp-json\/wp\/v2\/comments?post=85508"}],"wp:featuredmedia":[{"embeddable":true,"href":"https:\/\/nordicpadel.com\/sv\/wp-json\/wp\/v2\/media\/85507"}],"wp:attachment":[{"href":"https:\/\/nordicpadel.com\/sv\/wp-json\/wp\/v2\/media?parent=85508"}],"wp:term":[{"taxonomy":"pwb-brand","embeddable":true,"href":"https:\/\/nordicpadel.com\/sv\/wp-json\/wp\/v2\/pwb-brand?post=85508"},{"taxonomy":"product_cat","embeddable":true,"href":"https:\/\/nordicpadel.com\/sv\/wp-json\/wp\/v2\/product_cat?post=85508"},{"taxonomy":"product_tag","embeddable":true,"href":"https:\/\/nordicpadel.com\/sv\/wp-json\/wp\/v2\/product_tag?post=85508"},{"taxonomy":"woo-feed-brand","embeddable":true,"href":"https:\/\/nordicpadel.com\/sv\/wp-json\/wp\/v2\/woo-feed-brand?post=85508"}],"curies":[{"name":"wp","href":"https:\/\/api.w.org\/{rel}","templated":true}]}}