{"id":85506,"date":"2025-11-26T16:30:15","date_gmt":"2025-11-26T15:30:15","guid":{"rendered":"https:\/\/nordicpadel.com\/sv\/product\/wilson-performance-tights-2\/"},"modified":"2026-03-09T00:40:12","modified_gmt":"2026-03-08T23:40:12","slug":"wilson-performance-tights-2","status":"publish","type":"product","link":"https:\/\/nordicpadel.com\/sv\/product\/wilson-performance-tights-2\/","title":{"rendered":"Wilson Performance Tights"},"content":{"rendered":"<p>K\u00f6p l\u00e5nga tights med bollficka baktill. Wilson har tagit fram ett par l\u00e5nga tights som passar perfekt f\u00f6r dig som spelar padel eller tennis. De l\u00e5nga tightsen har n\u00e4mligen en bollficka som annars \u00e4r v\u00e4ldigt ovanligt bland l\u00e5nga tights. Det snygga m\u00f6nstret p\u00e5 tightsen ger ocks\u00e5 lite mer karakt\u00e4r \u00e4n ett par helf\u00e4rgade tights. F\u00e4rg: svart och gr\u00e5 Material: 77% Polyester, 19% Polyamid , 4% Elastan<\/p>\n","protected":false},"excerpt":{"rendered":"<p>K\u00f6p l\u00e5nga tights med bollficka baktill. Wilson har tagit fram ett par l\u00e5nga tights som passar perfekt f\u00f6r dig som spelar padel eller tennis. De l\u00e5nga tightsen har n\u00e4mligen en bollficka som annars \u00e4r v\u00e4ldigt ovanligt bland l\u00e5nga tights. Det snygga m\u00f6nstret p\u00e5 tightsen ger ocks\u00e5 lite mer karakt\u00e4r \u00e4n ett par helf\u00e4rgade tights. F\u00e4rg: [&hellip;]<\/p>\n","protected":false},"featured_media":85505,"comment_status":"open","ping_status":"closed","template":"","meta":[],"pwb-brand":[],"product_cat":[461],"product_tag":[],"woo-feed-brand":[],"class_list":{"0":"post-85506","1":"product","2":"type-product","3":"status-publish","4":"has-post-thumbnail","6":"product_cat-wilson","7":"pa_varumarke-wilson","9":"first","10":"instock","11":"taxable","12":"shipping-taxable","13":"purchasable","14":"product-type-variable"},"bundled_by":[],"bundle_stock_status":"instock","bundle_stock_quantity":2,"bundle_virtual":false,"bundle_layout":"","bundle_add_to_cart_form_location":"","bundle_editable_in_cart":false,"bundle_sold_individually_context":"","bundle_item_grouping":"","bundle_min_size":"","bundle_max_size":"","bundled_items":[],"bundle_sell_ids":[],"acf":[],"yoast_head":"<!-- This site is optimized with the Yoast SEO plugin v23.1 - https:\/\/yoast.com\/wordpress\/plugins\/seo\/ -->\n<title>Wilson Performance Tights - Nordic Padel<\/title>\n<meta name=\"robots\" content=\"index, follow, max-snippet:-1, max-image-preview:large, max-video-preview:-1\" \/>\n<link rel=\"canonical\" href=\"https:\/\/nordicpadel.com\/sv\/product\/wilson-performance-tights-2\/\" \/>\n<meta property=\"og:locale\" content=\"sv_SE\" \/>\n<meta property=\"og:type\" content=\"article\" \/>\n<meta property=\"og:title\" content=\"Wilson Performance Tights - Nordic Padel\" \/>\n<meta property=\"og:description\" content=\"K\u00f6p l\u00e5nga tights med bollficka baktill. Wilson har tagit fram ett par l\u00e5nga tights som passar perfekt f\u00f6r dig som spelar padel eller tennis. De l\u00e5nga tightsen har n\u00e4mligen en bollficka som annars \u00e4r v\u00e4ldigt ovanligt bland l\u00e5nga tights. Det snygga m\u00f6nstret p\u00e5 tightsen ger ocks\u00e5 lite mer karakt\u00e4r \u00e4n ett par helf\u00e4rgade tights. F\u00e4rg: [&hellip;]\" \/>\n<meta property=\"og:url\" content=\"https:\/\/nordicpadel.com\/sv\/product\/wilson-performance-tights-2\/\" \/>\n<meta property=\"og:site_name\" content=\"Nordic Padel\" \/>\n<meta property=\"article:modified_time\" content=\"2026-03-08T23:40:12+00:00\" \/>\n<meta name=\"twitter:card\" content=\"summary_large_image\" \/>\n<script type=\"application\/ld+json\" class=\"yoast-schema-graph\">{\"@context\":\"https:\/\/schema.org\",\"@graph\":[{\"@type\":\"WebPage\",\"@id\":\"https:\/\/nordicpadel.com\/sv\/product\/wilson-performance-tights-2\/\",\"url\":\"https:\/\/nordicpadel.com\/sv\/product\/wilson-performance-tights-2\/\",\"name\":\"Wilson Performance Tights - Nordic Padel\",\"isPartOf\":{\"@id\":\"https:\/\/nordicpadel.com\/sv\/#website\"},\"primaryImageOfPage\":{\"@id\":\"https:\/\/nordicpadel.com\/sv\/product\/wilson-performance-tights-2\/#primaryimage\"},\"image\":{\"@id\":\"https:\/\/nordicpadel.com\/sv\/product\/wilson-performance-tights-2\/#primaryimage\"},\"thumbnailUrl\":\"https:\/\/nordicpadel.com\/sv\/wp-content\/uploads\/sites\/10\/2025\/11\/75e2ba907e3f5c65da88990b5bd739c6.png\",\"datePublished\":\"2025-11-26T15:30:15+00:00\",\"dateModified\":\"2026-03-08T23:40:12+00:00\",\"breadcrumb\":{\"@id\":\"https:\/\/nordicpadel.com\/sv\/product\/wilson-performance-tights-2\/#breadcrumb\"},\"inLanguage\":\"sv-SE\",\"potentialAction\":[{\"@type\":\"ReadAction\",\"target\":[\"https:\/\/nordicpadel.com\/sv\/product\/wilson-performance-tights-2\/\"]}]},{\"@type\":\"ImageObject\",\"inLanguage\":\"sv-SE\",\"@id\":\"https:\/\/nordicpadel.com\/sv\/product\/wilson-performance-tights-2\/#primaryimage\",\"url\":\"https:\/\/nordicpadel.com\/sv\/wp-content\/uploads\/sites\/10\/2025\/11\/75e2ba907e3f5c65da88990b5bd739c6.png\",\"contentUrl\":\"https:\/\/nordicpadel.com\/sv\/wp-content\/uploads\/sites\/10\/2025\/11\/75e2ba907e3f5c65da88990b5bd739c6.png\",\"width\":800,\"height\":800,\"caption\":\"Wilson Performance Tights\"},{\"@type\":\"BreadcrumbList\",\"@id\":\"https:\/\/nordicpadel.com\/sv\/product\/wilson-performance-tights-2\/#breadcrumb\",\"itemListElement\":[{\"@type\":\"ListItem\",\"position\":1,\"name\":\"Hem\",\"item\":\"https:\/\/nordicpadel.com\/sv\/\"},{\"@type\":\"ListItem\",\"position\":2,\"name\":\"Shop\",\"item\":\"https:\/\/nordicpadel.com\/sv\/shop\/\"},{\"@type\":\"ListItem\",\"position\":3,\"name\":\"Wilson Performance Tights\"}]},{\"@type\":\"WebSite\",\"@id\":\"https:\/\/nordicpadel.com\/sv\/#website\",\"url\":\"https:\/\/nordicpadel.com\/sv\/\",\"name\":\"Nordic Padel\",\"description\":\"\",\"publisher\":{\"@id\":\"https:\/\/nordicpadel.com\/sv\/#organization\"},\"potentialAction\":[{\"@type\":\"SearchAction\",\"target\":{\"@type\":\"EntryPoint\",\"urlTemplate\":\"https:\/\/nordicpadel.com\/sv\/?s={search_term_string}\"},\"query-input\":\"required name=search_term_string\"}],\"inLanguage\":\"sv-SE\"},{\"@type\":\"Organization\",\"@id\":\"https:\/\/nordicpadel.com\/sv\/#organization\",\"name\":\"Nordic Padel\",\"url\":\"https:\/\/nordicpadel.com\/sv\/\",\"logo\":{\"@type\":\"ImageObject\",\"inLanguage\":\"sv-SE\",\"@id\":\"https:\/\/nordicpadel.com\/sv\/#\/schema\/logo\/image\/\",\"url\":\"https:\/\/nordicpadel.com\/sv\/wp-content\/uploads\/sites\/10\/2022\/12\/Nordic-Padel-small_1-1.png\",\"contentUrl\":\"https:\/\/nordicpadel.com\/sv\/wp-content\/uploads\/sites\/10\/2022\/12\/Nordic-Padel-small_1-1.png\",\"width\":400,\"height\":119,\"caption\":\"Nordic Padel\"},\"image\":{\"@id\":\"https:\/\/nordicpadel.com\/sv\/#\/schema\/logo\/image\/\"}}]}<\/script>\n<!-- \/ Yoast SEO plugin. -->","yoast_head_json":{"title":"Wilson Performance Tights - Nordic Padel","robots":{"index":"index","follow":"follow","max-snippet":"max-snippet:-1","max-image-preview":"max-image-preview:large","max-video-preview":"max-video-preview:-1"},"canonical":"https:\/\/nordicpadel.com\/sv\/product\/wilson-performance-tights-2\/","og_locale":"sv_SE","og_type":"article","og_title":"Wilson Performance Tights - Nordic Padel","og_description":"K\u00f6p l\u00e5nga tights med bollficka baktill. Wilson har tagit fram ett par l\u00e5nga tights som passar perfekt f\u00f6r dig som spelar padel eller tennis. De l\u00e5nga tightsen har n\u00e4mligen en bollficka som annars \u00e4r v\u00e4ldigt ovanligt bland l\u00e5nga tights. Det snygga m\u00f6nstret p\u00e5 tightsen ger ocks\u00e5 lite mer karakt\u00e4r \u00e4n ett par helf\u00e4rgade tights. F\u00e4rg: [&hellip;]","og_url":"https:\/\/nordicpadel.com\/sv\/product\/wilson-performance-tights-2\/","og_site_name":"Nordic Padel","article_modified_time":"2026-03-08T23:40:12+00:00","twitter_card":"summary_large_image","schema":{"@context":"https:\/\/schema.org","@graph":[{"@type":"WebPage","@id":"https:\/\/nordicpadel.com\/sv\/product\/wilson-performance-tights-2\/","url":"https:\/\/nordicpadel.com\/sv\/product\/wilson-performance-tights-2\/","name":"Wilson Performance Tights - Nordic Padel","isPartOf":{"@id":"https:\/\/nordicpadel.com\/sv\/#website"},"primaryImageOfPage":{"@id":"https:\/\/nordicpadel.com\/sv\/product\/wilson-performance-tights-2\/#primaryimage"},"image":{"@id":"https:\/\/nordicpadel.com\/sv\/product\/wilson-performance-tights-2\/#primaryimage"},"thumbnailUrl":"https:\/\/nordicpadel.com\/sv\/wp-content\/uploads\/sites\/10\/2025\/11\/75e2ba907e3f5c65da88990b5bd739c6.png","datePublished":"2025-11-26T15:30:15+00:00","dateModified":"2026-03-08T23:40:12+00:00","breadcrumb":{"@id":"https:\/\/nordicpadel.com\/sv\/product\/wilson-performance-tights-2\/#breadcrumb"},"inLanguage":"sv-SE","potentialAction":[{"@type":"ReadAction","target":["https:\/\/nordicpadel.com\/sv\/product\/wilson-performance-tights-2\/"]}]},{"@type":"ImageObject","inLanguage":"sv-SE","@id":"https:\/\/nordicpadel.com\/sv\/product\/wilson-performance-tights-2\/#primaryimage","url":"https:\/\/nordicpadel.com\/sv\/wp-content\/uploads\/sites\/10\/2025\/11\/75e2ba907e3f5c65da88990b5bd739c6.png","contentUrl":"https:\/\/nordicpadel.com\/sv\/wp-content\/uploads\/sites\/10\/2025\/11\/75e2ba907e3f5c65da88990b5bd739c6.png","width":800,"height":800,"caption":"Wilson Performance Tights"},{"@type":"BreadcrumbList","@id":"https:\/\/nordicpadel.com\/sv\/product\/wilson-performance-tights-2\/#breadcrumb","itemListElement":[{"@type":"ListItem","position":1,"name":"Hem","item":"https:\/\/nordicpadel.com\/sv\/"},{"@type":"ListItem","position":2,"name":"Shop","item":"https:\/\/nordicpadel.com\/sv\/shop\/"},{"@type":"ListItem","position":3,"name":"Wilson Performance Tights"}]},{"@type":"WebSite","@id":"https:\/\/nordicpadel.com\/sv\/#website","url":"https:\/\/nordicpadel.com\/sv\/","name":"Nordic Padel","description":"","publisher":{"@id":"https:\/\/nordicpadel.com\/sv\/#organization"},"potentialAction":[{"@type":"SearchAction","target":{"@type":"EntryPoint","urlTemplate":"https:\/\/nordicpadel.com\/sv\/?s={search_term_string}"},"query-input":"required name=search_term_string"}],"inLanguage":"sv-SE"},{"@type":"Organization","@id":"https:\/\/nordicpadel.com\/sv\/#organization","name":"Nordic Padel","url":"https:\/\/nordicpadel.com\/sv\/","logo":{"@type":"ImageObject","inLanguage":"sv-SE","@id":"https:\/\/nordicpadel.com\/sv\/#\/schema\/logo\/image\/","url":"https:\/\/nordicpadel.com\/sv\/wp-content\/uploads\/sites\/10\/2022\/12\/Nordic-Padel-small_1-1.png","contentUrl":"https:\/\/nordicpadel.com\/sv\/wp-content\/uploads\/sites\/10\/2022\/12\/Nordic-Padel-small_1-1.png","width":400,"height":119,"caption":"Nordic Padel"},"image":{"@id":"https:\/\/nordicpadel.com\/sv\/#\/schema\/logo\/image\/"}}]}},"brands":[],"_links":{"self":[{"href":"https:\/\/nordicpadel.com\/sv\/wp-json\/wp\/v2\/product\/85506","targetHints":{"allow":["GET"]}}],"collection":[{"href":"https:\/\/nordicpadel.com\/sv\/wp-json\/wp\/v2\/product"}],"about":[{"href":"https:\/\/nordicpadel.com\/sv\/wp-json\/wp\/v2\/types\/product"}],"replies":[{"embeddable":true,"href":"https:\/\/nordicpadel.com\/sv\/wp-json\/wp\/v2\/comments?post=85506"}],"wp:featuredmedia":[{"embeddable":true,"href":"https:\/\/nordicpadel.com\/sv\/wp-json\/wp\/v2\/media\/85505"}],"wp:attachment":[{"href":"https:\/\/nordicpadel.com\/sv\/wp-json\/wp\/v2\/media?parent=85506"}],"wp:term":[{"taxonomy":"pwb-brand","embeddable":true,"href":"https:\/\/nordicpadel.com\/sv\/wp-json\/wp\/v2\/pwb-brand?post=85506"},{"taxonomy":"product_cat","embeddable":true,"href":"https:\/\/nordicpadel.com\/sv\/wp-json\/wp\/v2\/product_cat?post=85506"},{"taxonomy":"product_tag","embeddable":true,"href":"https:\/\/nordicpadel.com\/sv\/wp-json\/wp\/v2\/product_tag?post=85506"},{"taxonomy":"woo-feed-brand","embeddable":true,"href":"https:\/\/nordicpadel.com\/sv\/wp-json\/wp\/v2\/woo-feed-brand?post=85506"}],"curies":[{"name":"wp","href":"https:\/\/api.w.org\/{rel}","templated":true}]}}