{"id":85504,"date":"2025-11-26T16:30:10","date_gmt":"2025-11-26T15:30:10","guid":{"rendered":"https:\/\/nordicpadel.com\/sv\/product\/wilson-power-henley-iii\/"},"modified":"2025-11-27T16:35:41","modified_gmt":"2025-11-27T15:35:41","slug":"wilson-power-henley-iii","status":"publish","type":"product","link":"https:\/\/nordicpadel.com\/sv\/product\/wilson-power-henley-iii\/","title":{"rendered":"Wilson Power Henley III"},"content":{"rendered":"<p>K\u00f6p en snygg \u00f6verdel i funktionsmaterial och med h\u00e4rlig design. Detta plagg passar perfekt p\u00e5 tennisbanan eller padelbanan och ger ett stiligare intryck med knappar i halsen. M\u00f6nstrad design ger den ett lyft j\u00e4mf\u00f6rt med m\u00e5nga andra helf\u00e4rgade plagg. Eftersom tr\u00f6jan \u00e4r tillverkad i funktionsmaterial \u00e4r den specifikt anpassad f\u00f6r att aborbera bort svett s\u00e5 du h\u00e5ller dig torr p\u00e5 banan. F\u00e4rg: Svart Material: 67% Polyester, 31% Polyamid, 2% Elastan Tv\u00e4ttr\u00e5d: Maskintv\u00e4tt, 40 grader syntet<\/p>\n","protected":false},"excerpt":{"rendered":"<p>K\u00f6p en snygg \u00f6verdel i funktionsmaterial och med h\u00e4rlig design. Detta plagg passar perfekt p\u00e5 tennisbanan eller padelbanan och ger ett stiligare intryck med knappar i halsen. M\u00f6nstrad design ger den ett lyft j\u00e4mf\u00f6rt med m\u00e5nga andra helf\u00e4rgade plagg. Eftersom tr\u00f6jan \u00e4r tillverkad i funktionsmaterial \u00e4r den specifikt anpassad f\u00f6r att aborbera bort svett s\u00e5 [&hellip;]<\/p>\n","protected":false},"featured_media":85503,"comment_status":"open","ping_status":"closed","template":"","meta":[],"pwb-brand":[],"product_cat":[461,40],"product_tag":[],"woo-feed-brand":[],"class_list":{"0":"post-85504","1":"product","2":"type-product","3":"status-publish","4":"has-post-thumbnail","6":"product_cat-wilson","7":"product_cat-padelklader-herr","8":"pa_varumarke-wilson","10":"first","11":"outofstock","12":"taxable","13":"shipping-taxable","14":"product-type-variable"},"bundled_by":[],"bundle_stock_status":"outofstock","bundle_stock_quantity":0,"bundle_virtual":false,"bundle_layout":"","bundle_add_to_cart_form_location":"","bundle_editable_in_cart":false,"bundle_sold_individually_context":"","bundle_item_grouping":"","bundle_min_size":"","bundle_max_size":"","bundled_items":[],"bundle_sell_ids":[],"acf":[],"yoast_head":"<!-- This site is optimized with the Yoast SEO plugin v23.1 - https:\/\/yoast.com\/wordpress\/plugins\/seo\/ -->\n<title>Wilson Power Henley III - Nordic Padel<\/title>\n<meta name=\"robots\" content=\"index, follow, max-snippet:-1, max-image-preview:large, max-video-preview:-1\" \/>\n<link rel=\"canonical\" href=\"https:\/\/nordicpadel.com\/sv\/product\/wilson-power-henley-iii\/\" \/>\n<meta property=\"og:locale\" content=\"sv_SE\" \/>\n<meta property=\"og:type\" content=\"article\" \/>\n<meta property=\"og:title\" content=\"Wilson Power Henley III - Nordic Padel\" \/>\n<meta property=\"og:description\" content=\"K\u00f6p en snygg \u00f6verdel i funktionsmaterial och med h\u00e4rlig design. Detta plagg passar perfekt p\u00e5 tennisbanan eller padelbanan och ger ett stiligare intryck med knappar i halsen. M\u00f6nstrad design ger den ett lyft j\u00e4mf\u00f6rt med m\u00e5nga andra helf\u00e4rgade plagg. Eftersom tr\u00f6jan \u00e4r tillverkad i funktionsmaterial \u00e4r den specifikt anpassad f\u00f6r att aborbera bort svett s\u00e5 [&hellip;]\" \/>\n<meta property=\"og:url\" content=\"https:\/\/nordicpadel.com\/sv\/product\/wilson-power-henley-iii\/\" \/>\n<meta property=\"og:site_name\" content=\"Nordic Padel\" \/>\n<meta property=\"article:modified_time\" content=\"2025-11-27T15:35:41+00:00\" \/>\n<meta name=\"twitter:card\" content=\"summary_large_image\" \/>\n<script type=\"application\/ld+json\" class=\"yoast-schema-graph\">{\"@context\":\"https:\/\/schema.org\",\"@graph\":[{\"@type\":\"WebPage\",\"@id\":\"https:\/\/nordicpadel.com\/sv\/product\/wilson-power-henley-iii\/\",\"url\":\"https:\/\/nordicpadel.com\/sv\/product\/wilson-power-henley-iii\/\",\"name\":\"Wilson Power Henley III - Nordic Padel\",\"isPartOf\":{\"@id\":\"https:\/\/nordicpadel.com\/sv\/#website\"},\"primaryImageOfPage\":{\"@id\":\"https:\/\/nordicpadel.com\/sv\/product\/wilson-power-henley-iii\/#primaryimage\"},\"image\":{\"@id\":\"https:\/\/nordicpadel.com\/sv\/product\/wilson-power-henley-iii\/#primaryimage\"},\"thumbnailUrl\":\"https:\/\/nordicpadel.com\/sv\/wp-content\/uploads\/sites\/10\/2025\/11\/eb3bfd868bd91b6ac68db9fc221a1aa2.png\",\"datePublished\":\"2025-11-26T15:30:10+00:00\",\"dateModified\":\"2025-11-27T15:35:41+00:00\",\"breadcrumb\":{\"@id\":\"https:\/\/nordicpadel.com\/sv\/product\/wilson-power-henley-iii\/#breadcrumb\"},\"inLanguage\":\"sv-SE\",\"potentialAction\":[{\"@type\":\"ReadAction\",\"target\":[\"https:\/\/nordicpadel.com\/sv\/product\/wilson-power-henley-iii\/\"]}]},{\"@type\":\"ImageObject\",\"inLanguage\":\"sv-SE\",\"@id\":\"https:\/\/nordicpadel.com\/sv\/product\/wilson-power-henley-iii\/#primaryimage\",\"url\":\"https:\/\/nordicpadel.com\/sv\/wp-content\/uploads\/sites\/10\/2025\/11\/eb3bfd868bd91b6ac68db9fc221a1aa2.png\",\"contentUrl\":\"https:\/\/nordicpadel.com\/sv\/wp-content\/uploads\/sites\/10\/2025\/11\/eb3bfd868bd91b6ac68db9fc221a1aa2.png\",\"width\":800,\"height\":800,\"caption\":\"Wilson Power Henley III\"},{\"@type\":\"BreadcrumbList\",\"@id\":\"https:\/\/nordicpadel.com\/sv\/product\/wilson-power-henley-iii\/#breadcrumb\",\"itemListElement\":[{\"@type\":\"ListItem\",\"position\":1,\"name\":\"Hem\",\"item\":\"https:\/\/nordicpadel.com\/sv\/\"},{\"@type\":\"ListItem\",\"position\":2,\"name\":\"Shop\",\"item\":\"https:\/\/nordicpadel.com\/sv\/shop\/\"},{\"@type\":\"ListItem\",\"position\":3,\"name\":\"Wilson Power Henley III\"}]},{\"@type\":\"WebSite\",\"@id\":\"https:\/\/nordicpadel.com\/sv\/#website\",\"url\":\"https:\/\/nordicpadel.com\/sv\/\",\"name\":\"Nordic Padel\",\"description\":\"\",\"publisher\":{\"@id\":\"https:\/\/nordicpadel.com\/sv\/#organization\"},\"potentialAction\":[{\"@type\":\"SearchAction\",\"target\":{\"@type\":\"EntryPoint\",\"urlTemplate\":\"https:\/\/nordicpadel.com\/sv\/?s={search_term_string}\"},\"query-input\":\"required name=search_term_string\"}],\"inLanguage\":\"sv-SE\"},{\"@type\":\"Organization\",\"@id\":\"https:\/\/nordicpadel.com\/sv\/#organization\",\"name\":\"Nordic Padel\",\"url\":\"https:\/\/nordicpadel.com\/sv\/\",\"logo\":{\"@type\":\"ImageObject\",\"inLanguage\":\"sv-SE\",\"@id\":\"https:\/\/nordicpadel.com\/sv\/#\/schema\/logo\/image\/\",\"url\":\"https:\/\/nordicpadel.com\/sv\/wp-content\/uploads\/sites\/10\/2022\/12\/Nordic-Padel-small_1-1.png\",\"contentUrl\":\"https:\/\/nordicpadel.com\/sv\/wp-content\/uploads\/sites\/10\/2022\/12\/Nordic-Padel-small_1-1.png\",\"width\":400,\"height\":119,\"caption\":\"Nordic Padel\"},\"image\":{\"@id\":\"https:\/\/nordicpadel.com\/sv\/#\/schema\/logo\/image\/\"}}]}<\/script>\n<!-- \/ Yoast SEO plugin. -->","yoast_head_json":{"title":"Wilson Power Henley III - Nordic Padel","robots":{"index":"index","follow":"follow","max-snippet":"max-snippet:-1","max-image-preview":"max-image-preview:large","max-video-preview":"max-video-preview:-1"},"canonical":"https:\/\/nordicpadel.com\/sv\/product\/wilson-power-henley-iii\/","og_locale":"sv_SE","og_type":"article","og_title":"Wilson Power Henley III - Nordic Padel","og_description":"K\u00f6p en snygg \u00f6verdel i funktionsmaterial och med h\u00e4rlig design. Detta plagg passar perfekt p\u00e5 tennisbanan eller padelbanan och ger ett stiligare intryck med knappar i halsen. M\u00f6nstrad design ger den ett lyft j\u00e4mf\u00f6rt med m\u00e5nga andra helf\u00e4rgade plagg. Eftersom tr\u00f6jan \u00e4r tillverkad i funktionsmaterial \u00e4r den specifikt anpassad f\u00f6r att aborbera bort svett s\u00e5 [&hellip;]","og_url":"https:\/\/nordicpadel.com\/sv\/product\/wilson-power-henley-iii\/","og_site_name":"Nordic Padel","article_modified_time":"2025-11-27T15:35:41+00:00","twitter_card":"summary_large_image","schema":{"@context":"https:\/\/schema.org","@graph":[{"@type":"WebPage","@id":"https:\/\/nordicpadel.com\/sv\/product\/wilson-power-henley-iii\/","url":"https:\/\/nordicpadel.com\/sv\/product\/wilson-power-henley-iii\/","name":"Wilson Power Henley III - Nordic Padel","isPartOf":{"@id":"https:\/\/nordicpadel.com\/sv\/#website"},"primaryImageOfPage":{"@id":"https:\/\/nordicpadel.com\/sv\/product\/wilson-power-henley-iii\/#primaryimage"},"image":{"@id":"https:\/\/nordicpadel.com\/sv\/product\/wilson-power-henley-iii\/#primaryimage"},"thumbnailUrl":"https:\/\/nordicpadel.com\/sv\/wp-content\/uploads\/sites\/10\/2025\/11\/eb3bfd868bd91b6ac68db9fc221a1aa2.png","datePublished":"2025-11-26T15:30:10+00:00","dateModified":"2025-11-27T15:35:41+00:00","breadcrumb":{"@id":"https:\/\/nordicpadel.com\/sv\/product\/wilson-power-henley-iii\/#breadcrumb"},"inLanguage":"sv-SE","potentialAction":[{"@type":"ReadAction","target":["https:\/\/nordicpadel.com\/sv\/product\/wilson-power-henley-iii\/"]}]},{"@type":"ImageObject","inLanguage":"sv-SE","@id":"https:\/\/nordicpadel.com\/sv\/product\/wilson-power-henley-iii\/#primaryimage","url":"https:\/\/nordicpadel.com\/sv\/wp-content\/uploads\/sites\/10\/2025\/11\/eb3bfd868bd91b6ac68db9fc221a1aa2.png","contentUrl":"https:\/\/nordicpadel.com\/sv\/wp-content\/uploads\/sites\/10\/2025\/11\/eb3bfd868bd91b6ac68db9fc221a1aa2.png","width":800,"height":800,"caption":"Wilson Power Henley III"},{"@type":"BreadcrumbList","@id":"https:\/\/nordicpadel.com\/sv\/product\/wilson-power-henley-iii\/#breadcrumb","itemListElement":[{"@type":"ListItem","position":1,"name":"Hem","item":"https:\/\/nordicpadel.com\/sv\/"},{"@type":"ListItem","position":2,"name":"Shop","item":"https:\/\/nordicpadel.com\/sv\/shop\/"},{"@type":"ListItem","position":3,"name":"Wilson Power Henley III"}]},{"@type":"WebSite","@id":"https:\/\/nordicpadel.com\/sv\/#website","url":"https:\/\/nordicpadel.com\/sv\/","name":"Nordic Padel","description":"","publisher":{"@id":"https:\/\/nordicpadel.com\/sv\/#organization"},"potentialAction":[{"@type":"SearchAction","target":{"@type":"EntryPoint","urlTemplate":"https:\/\/nordicpadel.com\/sv\/?s={search_term_string}"},"query-input":"required name=search_term_string"}],"inLanguage":"sv-SE"},{"@type":"Organization","@id":"https:\/\/nordicpadel.com\/sv\/#organization","name":"Nordic Padel","url":"https:\/\/nordicpadel.com\/sv\/","logo":{"@type":"ImageObject","inLanguage":"sv-SE","@id":"https:\/\/nordicpadel.com\/sv\/#\/schema\/logo\/image\/","url":"https:\/\/nordicpadel.com\/sv\/wp-content\/uploads\/sites\/10\/2022\/12\/Nordic-Padel-small_1-1.png","contentUrl":"https:\/\/nordicpadel.com\/sv\/wp-content\/uploads\/sites\/10\/2022\/12\/Nordic-Padel-small_1-1.png","width":400,"height":119,"caption":"Nordic Padel"},"image":{"@id":"https:\/\/nordicpadel.com\/sv\/#\/schema\/logo\/image\/"}}]}},"brands":[],"_links":{"self":[{"href":"https:\/\/nordicpadel.com\/sv\/wp-json\/wp\/v2\/product\/85504","targetHints":{"allow":["GET"]}}],"collection":[{"href":"https:\/\/nordicpadel.com\/sv\/wp-json\/wp\/v2\/product"}],"about":[{"href":"https:\/\/nordicpadel.com\/sv\/wp-json\/wp\/v2\/types\/product"}],"replies":[{"embeddable":true,"href":"https:\/\/nordicpadel.com\/sv\/wp-json\/wp\/v2\/comments?post=85504"}],"wp:featuredmedia":[{"embeddable":true,"href":"https:\/\/nordicpadel.com\/sv\/wp-json\/wp\/v2\/media\/85503"}],"wp:attachment":[{"href":"https:\/\/nordicpadel.com\/sv\/wp-json\/wp\/v2\/media?parent=85504"}],"wp:term":[{"taxonomy":"pwb-brand","embeddable":true,"href":"https:\/\/nordicpadel.com\/sv\/wp-json\/wp\/v2\/pwb-brand?post=85504"},{"taxonomy":"product_cat","embeddable":true,"href":"https:\/\/nordicpadel.com\/sv\/wp-json\/wp\/v2\/product_cat?post=85504"},{"taxonomy":"product_tag","embeddable":true,"href":"https:\/\/nordicpadel.com\/sv\/wp-json\/wp\/v2\/product_tag?post=85504"},{"taxonomy":"woo-feed-brand","embeddable":true,"href":"https:\/\/nordicpadel.com\/sv\/wp-json\/wp\/v2\/woo-feed-brand?post=85504"}],"curies":[{"name":"wp","href":"https:\/\/api.w.org\/{rel}","templated":true}]}}