{"id":85457,"date":"2025-11-26T16:27:38","date_gmt":"2025-11-26T15:27:38","guid":{"rendered":"https:\/\/nordicpadel.com\/sv\/product\/wilson-padel-super-tour-bag\/"},"modified":"2025-11-27T16:25:04","modified_gmt":"2025-11-27T15:25:04","slug":"wilson-padel-super-tour-bag","status":"publish","type":"product","link":"https:\/\/nordicpadel.com\/sv\/product\/wilson-padel-super-tour-bag\/","title":{"rendered":"Wilson Padel Super Tour Bag"},"content":{"rendered":"<p>V\u00e4larbetad <a href=\"https:\/\/nordicpadel.com\/sv\/product-category\/padelvaska\/\">padelv\u00e4ska<\/a> i Wilsons klassiska f\u00e4rger r\u00f6tt och vitt. <a href=\"https:\/\/nordicpadel.com\/sv\/product-category\/padelvaska\/\">padelv\u00e4ska<\/a>n har separat fack f\u00f6r skor, ett separat fack f\u00f6r racketar vilket \u00e4r thermomaterial i f\u00f6r b\u00e4ttre f\u00f6rvaring utav dina padelrack. Samt ett stort fack f\u00f6r \u00f6vrig padelutrustning s\u00e5 som kl\u00e4der med mera. Det finns\u00e4ven ett par accesoarfack d\u00e4r du smidigt kan f\u00f6rvara dina v\u00e4rdesaker. Helt enkelt en <a href=\"https:\/\/nordicpadel.com\/sv\/product-category\/padelvaska\/\">padelv\u00e4ska<\/a> som har alllt man kan beh\u00f6va. V\u00e4skan har dubbla vadderade axelremmar och kan d\u00e4r med b\u00e4ras antingen som en ryggs\u00e4ck eller som en vanlig v\u00e4ska. F\u00e4rg: r\u00f6d med vita detaljer Storlek: 28 x 38.5 x 55 cm<\/p>\n","protected":false},"excerpt":{"rendered":"<p>V\u00e4larbetad padelv\u00e4ska i Wilsons klassiska f\u00e4rger r\u00f6tt och vitt. padelv\u00e4skan har separat fack f\u00f6r skor, ett separat fack f\u00f6r racketar vilket \u00e4r thermomaterial i f\u00f6r b\u00e4ttre f\u00f6rvaring utav dina padelrack. Samt ett stort fack f\u00f6r \u00f6vrig padelutrustning s\u00e5 som kl\u00e4der med mera. Det finns\u00e4ven ett par accesoarfack d\u00e4r du smidigt kan f\u00f6rvara dina v\u00e4rdesaker. Helt [&hellip;]<\/p>\n","protected":false},"featured_media":85456,"comment_status":"open","ping_status":"closed","template":"","meta":[],"pwb-brand":[],"product_cat":[30],"product_tag":[],"woo-feed-brand":[],"class_list":{"0":"post-85457","1":"product","2":"type-product","3":"status-publish","4":"has-post-thumbnail","6":"product_cat-padelvaska","7":"pa_varumarke-wilson","9":"first","10":"outofstock","11":"sale","12":"taxable","13":"shipping-taxable","14":"purchasable","15":"product-type-simple"},"bundled_by":[],"bundle_stock_status":"outofstock","bundle_stock_quantity":0,"bundle_virtual":false,"bundle_layout":"","bundle_add_to_cart_form_location":"","bundle_editable_in_cart":false,"bundle_sold_individually_context":"","bundle_item_grouping":"","bundle_min_size":"","bundle_max_size":"","bundled_items":[],"bundle_sell_ids":[],"acf":[],"yoast_head":"<!-- This site is optimized with the Yoast SEO plugin v23.1 - https:\/\/yoast.com\/wordpress\/plugins\/seo\/ -->\n<title>Wilson Padel Super Tour Bag - Nordic Padel<\/title>\n<meta name=\"robots\" content=\"index, follow, max-snippet:-1, max-image-preview:large, max-video-preview:-1\" \/>\n<link rel=\"canonical\" href=\"https:\/\/nordicpadel.com\/sv\/product\/wilson-padel-super-tour-bag\/\" \/>\n<meta property=\"og:locale\" content=\"sv_SE\" \/>\n<meta property=\"og:type\" content=\"article\" \/>\n<meta property=\"og:title\" content=\"Wilson Padel Super Tour Bag - Nordic Padel\" \/>\n<meta property=\"og:description\" content=\"V\u00e4larbetad padelv\u00e4ska i Wilsons klassiska f\u00e4rger r\u00f6tt och vitt. padelv\u00e4skan har separat fack f\u00f6r skor, ett separat fack f\u00f6r racketar vilket \u00e4r thermomaterial i f\u00f6r b\u00e4ttre f\u00f6rvaring utav dina padelrack. Samt ett stort fack f\u00f6r \u00f6vrig padelutrustning s\u00e5 som kl\u00e4der med mera. Det finns\u00e4ven ett par accesoarfack d\u00e4r du smidigt kan f\u00f6rvara dina v\u00e4rdesaker. Helt [&hellip;]\" \/>\n<meta property=\"og:url\" content=\"https:\/\/nordicpadel.com\/sv\/product\/wilson-padel-super-tour-bag\/\" \/>\n<meta property=\"og:site_name\" content=\"Nordic Padel\" \/>\n<meta property=\"article:modified_time\" content=\"2025-11-27T15:25:04+00:00\" \/>\n<meta property=\"og:image\" content=\"https:\/\/nordicpadel.com\/sv\/wp-content\/uploads\/sites\/10\/2025\/11\/c8f52d118960597dcdd769ab89ce844c.png\" \/>\n\t<meta property=\"og:image:width\" content=\"800\" \/>\n\t<meta property=\"og:image:height\" content=\"800\" \/>\n\t<meta property=\"og:image:type\" content=\"image\/png\" \/>\n<meta name=\"twitter:card\" content=\"summary_large_image\" \/>\n<meta name=\"twitter:label1\" content=\"Ber\u00e4knad l\u00e4stid\" \/>\n\t<meta name=\"twitter:data1\" content=\"1 minut\" \/>\n<script type=\"application\/ld+json\" class=\"yoast-schema-graph\">{\"@context\":\"https:\/\/schema.org\",\"@graph\":[{\"@type\":\"WebPage\",\"@id\":\"https:\/\/nordicpadel.com\/sv\/product\/wilson-padel-super-tour-bag\/\",\"url\":\"https:\/\/nordicpadel.com\/sv\/product\/wilson-padel-super-tour-bag\/\",\"name\":\"Wilson Padel Super Tour Bag - Nordic Padel\",\"isPartOf\":{\"@id\":\"https:\/\/nordicpadel.com\/sv\/#website\"},\"primaryImageOfPage\":{\"@id\":\"https:\/\/nordicpadel.com\/sv\/product\/wilson-padel-super-tour-bag\/#primaryimage\"},\"image\":{\"@id\":\"https:\/\/nordicpadel.com\/sv\/product\/wilson-padel-super-tour-bag\/#primaryimage\"},\"thumbnailUrl\":\"https:\/\/nordicpadel.com\/sv\/wp-content\/uploads\/sites\/10\/2025\/11\/c8f52d118960597dcdd769ab89ce844c.png\",\"datePublished\":\"2025-11-26T15:27:38+00:00\",\"dateModified\":\"2025-11-27T15:25:04+00:00\",\"breadcrumb\":{\"@id\":\"https:\/\/nordicpadel.com\/sv\/product\/wilson-padel-super-tour-bag\/#breadcrumb\"},\"inLanguage\":\"sv-SE\",\"potentialAction\":[{\"@type\":\"ReadAction\",\"target\":[\"https:\/\/nordicpadel.com\/sv\/product\/wilson-padel-super-tour-bag\/\"]}]},{\"@type\":\"ImageObject\",\"inLanguage\":\"sv-SE\",\"@id\":\"https:\/\/nordicpadel.com\/sv\/product\/wilson-padel-super-tour-bag\/#primaryimage\",\"url\":\"https:\/\/nordicpadel.com\/sv\/wp-content\/uploads\/sites\/10\/2025\/11\/c8f52d118960597dcdd769ab89ce844c.png\",\"contentUrl\":\"https:\/\/nordicpadel.com\/sv\/wp-content\/uploads\/sites\/10\/2025\/11\/c8f52d118960597dcdd769ab89ce844c.png\",\"width\":800,\"height\":800,\"caption\":\"Wilson Padel Super Tour Bag\"},{\"@type\":\"BreadcrumbList\",\"@id\":\"https:\/\/nordicpadel.com\/sv\/product\/wilson-padel-super-tour-bag\/#breadcrumb\",\"itemListElement\":[{\"@type\":\"ListItem\",\"position\":1,\"name\":\"Hem\",\"item\":\"https:\/\/nordicpadel.com\/sv\/\"},{\"@type\":\"ListItem\",\"position\":2,\"name\":\"Shop\",\"item\":\"https:\/\/nordicpadel.com\/sv\/shop\/\"},{\"@type\":\"ListItem\",\"position\":3,\"name\":\"Wilson Padel Super Tour Bag\"}]},{\"@type\":\"WebSite\",\"@id\":\"https:\/\/nordicpadel.com\/sv\/#website\",\"url\":\"https:\/\/nordicpadel.com\/sv\/\",\"name\":\"Nordic Padel\",\"description\":\"\",\"publisher\":{\"@id\":\"https:\/\/nordicpadel.com\/sv\/#organization\"},\"potentialAction\":[{\"@type\":\"SearchAction\",\"target\":{\"@type\":\"EntryPoint\",\"urlTemplate\":\"https:\/\/nordicpadel.com\/sv\/?s={search_term_string}\"},\"query-input\":\"required name=search_term_string\"}],\"inLanguage\":\"sv-SE\"},{\"@type\":\"Organization\",\"@id\":\"https:\/\/nordicpadel.com\/sv\/#organization\",\"name\":\"Nordic Padel\",\"url\":\"https:\/\/nordicpadel.com\/sv\/\",\"logo\":{\"@type\":\"ImageObject\",\"inLanguage\":\"sv-SE\",\"@id\":\"https:\/\/nordicpadel.com\/sv\/#\/schema\/logo\/image\/\",\"url\":\"https:\/\/nordicpadel.com\/sv\/wp-content\/uploads\/sites\/10\/2022\/12\/Nordic-Padel-small_1-1.png\",\"contentUrl\":\"https:\/\/nordicpadel.com\/sv\/wp-content\/uploads\/sites\/10\/2022\/12\/Nordic-Padel-small_1-1.png\",\"width\":400,\"height\":119,\"caption\":\"Nordic Padel\"},\"image\":{\"@id\":\"https:\/\/nordicpadel.com\/sv\/#\/schema\/logo\/image\/\"}}]}<\/script>\n<!-- \/ Yoast SEO plugin. -->","yoast_head_json":{"title":"Wilson Padel Super Tour Bag - Nordic Padel","robots":{"index":"index","follow":"follow","max-snippet":"max-snippet:-1","max-image-preview":"max-image-preview:large","max-video-preview":"max-video-preview:-1"},"canonical":"https:\/\/nordicpadel.com\/sv\/product\/wilson-padel-super-tour-bag\/","og_locale":"sv_SE","og_type":"article","og_title":"Wilson Padel Super Tour Bag - Nordic Padel","og_description":"V\u00e4larbetad padelv\u00e4ska i Wilsons klassiska f\u00e4rger r\u00f6tt och vitt. padelv\u00e4skan har separat fack f\u00f6r skor, ett separat fack f\u00f6r racketar vilket \u00e4r thermomaterial i f\u00f6r b\u00e4ttre f\u00f6rvaring utav dina padelrack. Samt ett stort fack f\u00f6r \u00f6vrig padelutrustning s\u00e5 som kl\u00e4der med mera. Det finns\u00e4ven ett par accesoarfack d\u00e4r du smidigt kan f\u00f6rvara dina v\u00e4rdesaker. Helt [&hellip;]","og_url":"https:\/\/nordicpadel.com\/sv\/product\/wilson-padel-super-tour-bag\/","og_site_name":"Nordic Padel","article_modified_time":"2025-11-27T15:25:04+00:00","og_image":[{"width":800,"height":800,"url":"https:\/\/nordicpadel.com\/sv\/wp-content\/uploads\/sites\/10\/2025\/11\/c8f52d118960597dcdd769ab89ce844c.png","type":"image\/png"}],"twitter_card":"summary_large_image","twitter_misc":{"Ber\u00e4knad l\u00e4stid":"1 minut"},"schema":{"@context":"https:\/\/schema.org","@graph":[{"@type":"WebPage","@id":"https:\/\/nordicpadel.com\/sv\/product\/wilson-padel-super-tour-bag\/","url":"https:\/\/nordicpadel.com\/sv\/product\/wilson-padel-super-tour-bag\/","name":"Wilson Padel Super Tour Bag - Nordic Padel","isPartOf":{"@id":"https:\/\/nordicpadel.com\/sv\/#website"},"primaryImageOfPage":{"@id":"https:\/\/nordicpadel.com\/sv\/product\/wilson-padel-super-tour-bag\/#primaryimage"},"image":{"@id":"https:\/\/nordicpadel.com\/sv\/product\/wilson-padel-super-tour-bag\/#primaryimage"},"thumbnailUrl":"https:\/\/nordicpadel.com\/sv\/wp-content\/uploads\/sites\/10\/2025\/11\/c8f52d118960597dcdd769ab89ce844c.png","datePublished":"2025-11-26T15:27:38+00:00","dateModified":"2025-11-27T15:25:04+00:00","breadcrumb":{"@id":"https:\/\/nordicpadel.com\/sv\/product\/wilson-padel-super-tour-bag\/#breadcrumb"},"inLanguage":"sv-SE","potentialAction":[{"@type":"ReadAction","target":["https:\/\/nordicpadel.com\/sv\/product\/wilson-padel-super-tour-bag\/"]}]},{"@type":"ImageObject","inLanguage":"sv-SE","@id":"https:\/\/nordicpadel.com\/sv\/product\/wilson-padel-super-tour-bag\/#primaryimage","url":"https:\/\/nordicpadel.com\/sv\/wp-content\/uploads\/sites\/10\/2025\/11\/c8f52d118960597dcdd769ab89ce844c.png","contentUrl":"https:\/\/nordicpadel.com\/sv\/wp-content\/uploads\/sites\/10\/2025\/11\/c8f52d118960597dcdd769ab89ce844c.png","width":800,"height":800,"caption":"Wilson Padel Super Tour Bag"},{"@type":"BreadcrumbList","@id":"https:\/\/nordicpadel.com\/sv\/product\/wilson-padel-super-tour-bag\/#breadcrumb","itemListElement":[{"@type":"ListItem","position":1,"name":"Hem","item":"https:\/\/nordicpadel.com\/sv\/"},{"@type":"ListItem","position":2,"name":"Shop","item":"https:\/\/nordicpadel.com\/sv\/shop\/"},{"@type":"ListItem","position":3,"name":"Wilson Padel Super Tour Bag"}]},{"@type":"WebSite","@id":"https:\/\/nordicpadel.com\/sv\/#website","url":"https:\/\/nordicpadel.com\/sv\/","name":"Nordic Padel","description":"","publisher":{"@id":"https:\/\/nordicpadel.com\/sv\/#organization"},"potentialAction":[{"@type":"SearchAction","target":{"@type":"EntryPoint","urlTemplate":"https:\/\/nordicpadel.com\/sv\/?s={search_term_string}"},"query-input":"required name=search_term_string"}],"inLanguage":"sv-SE"},{"@type":"Organization","@id":"https:\/\/nordicpadel.com\/sv\/#organization","name":"Nordic Padel","url":"https:\/\/nordicpadel.com\/sv\/","logo":{"@type":"ImageObject","inLanguage":"sv-SE","@id":"https:\/\/nordicpadel.com\/sv\/#\/schema\/logo\/image\/","url":"https:\/\/nordicpadel.com\/sv\/wp-content\/uploads\/sites\/10\/2022\/12\/Nordic-Padel-small_1-1.png","contentUrl":"https:\/\/nordicpadel.com\/sv\/wp-content\/uploads\/sites\/10\/2022\/12\/Nordic-Padel-small_1-1.png","width":400,"height":119,"caption":"Nordic Padel"},"image":{"@id":"https:\/\/nordicpadel.com\/sv\/#\/schema\/logo\/image\/"}}]}},"brands":[],"_links":{"self":[{"href":"https:\/\/nordicpadel.com\/sv\/wp-json\/wp\/v2\/product\/85457","targetHints":{"allow":["GET"]}}],"collection":[{"href":"https:\/\/nordicpadel.com\/sv\/wp-json\/wp\/v2\/product"}],"about":[{"href":"https:\/\/nordicpadel.com\/sv\/wp-json\/wp\/v2\/types\/product"}],"replies":[{"embeddable":true,"href":"https:\/\/nordicpadel.com\/sv\/wp-json\/wp\/v2\/comments?post=85457"}],"wp:featuredmedia":[{"embeddable":true,"href":"https:\/\/nordicpadel.com\/sv\/wp-json\/wp\/v2\/media\/85456"}],"wp:attachment":[{"href":"https:\/\/nordicpadel.com\/sv\/wp-json\/wp\/v2\/media?parent=85457"}],"wp:term":[{"taxonomy":"pwb-brand","embeddable":true,"href":"https:\/\/nordicpadel.com\/sv\/wp-json\/wp\/v2\/pwb-brand?post=85457"},{"taxonomy":"product_cat","embeddable":true,"href":"https:\/\/nordicpadel.com\/sv\/wp-json\/wp\/v2\/product_cat?post=85457"},{"taxonomy":"product_tag","embeddable":true,"href":"https:\/\/nordicpadel.com\/sv\/wp-json\/wp\/v2\/product_tag?post=85457"},{"taxonomy":"woo-feed-brand","embeddable":true,"href":"https:\/\/nordicpadel.com\/sv\/wp-json\/wp\/v2\/woo-feed-brand?post=85457"}],"curies":[{"name":"wp","href":"https:\/\/api.w.org\/{rel}","templated":true}]}}