{"id":85451,"date":"2025-11-26T16:25:35","date_gmt":"2025-11-26T15:25:35","guid":{"rendered":"https:\/\/nordicpadel.com\/sv\/product\/moja-caprikjol\/"},"modified":"2026-03-09T00:22:55","modified_gmt":"2026-03-08T23:22:55","slug":"moja-caprikjol","status":"publish","type":"product","link":"https:\/\/nordicpadel.com\/sv\/product\/moja-caprikjol\/","title":{"rendered":"Moja Caprikjol"},"content":{"rendered":"<p>K\u00f6p snygga tenniskl\u00e4der f\u00f6r damer ifr\u00e5n Moja! M\u00f6rkbl\u00e5 tenniskjol med integrerade pants i capri l\u00e4ngd som har gener\u00f6sa fickor att f\u00f6rvara tennisbollar i. V\u00e4ldigt f\u00e5 tenniskjolar har riktiga fickor, men d\u00e4r har Moja lyckats med en riktigt snygg och praktisk l\u00f6sning. Det vill s\u00e4ga-man har integrerat ett par tights i kjolen med fickor-vilket g\u00f6r denna kjol till et m\u00e5ste p\u00e5 tennisbanan. Alla tenniskl\u00e4der ifr\u00e5n varum\u00e4rket Moja \u00e4r tillverkade i funktionsmaterial-vilket g\u00f6r att plaggen andas och \u00e4r speciellt anpassade f\u00f6r att spela tennis i &#8211; och d\u00e5 kr\u00e4vs fin elasticitet i tr\u00e4ningskl\u00e4derna. F\u00e4rg: M\u00f6rkbl\u00e5 <span style=\"font-size: 14px:\">Denna kjol ing\u00e5r \u00e4ven i v\u00e5rt sortiment utav klubbkl\u00e4der som finns i b\u00e5de dam och junior. \u00d6nskar ni best\u00e4lla en st\u00f6rre m\u00e4ngd av klubbkl\u00e4der s\u00e5 kontakta info@tennisshopen.se f\u00f6r mer information om priser och tryck av klubblogo.<\/span><\/p>\n","protected":false},"excerpt":{"rendered":"<p>K\u00f6p snygga tenniskl\u00e4der f\u00f6r damer ifr\u00e5n Moja! M\u00f6rkbl\u00e5 tenniskjol med integrerade pants i capri l\u00e4ngd som har gener\u00f6sa fickor att f\u00f6rvara tennisbollar i. V\u00e4ldigt f\u00e5 tenniskjolar har riktiga fickor, men d\u00e4r har Moja lyckats med en riktigt snygg och praktisk l\u00f6sning. Det vill s\u00e4ga-man har integrerat ett par tights i kjolen med fickor-vilket g\u00f6r denna [&hellip;]<\/p>\n","protected":false},"featured_media":85450,"comment_status":"open","ping_status":"closed","template":"","meta":[],"pwb-brand":[],"product_cat":[39],"product_tag":[],"woo-feed-brand":[],"class_list":{"0":"post-85451","1":"product","2":"type-product","3":"status-publish","4":"has-post-thumbnail","6":"product_cat-padelklader-dam","7":"pa_varumarke-moja","9":"first","10":"instock","11":"taxable","12":"shipping-taxable","13":"purchasable","14":"product-type-variable"},"bundled_by":[],"bundle_stock_status":"instock","bundle_stock_quantity":2,"bundle_virtual":false,"bundle_layout":"","bundle_add_to_cart_form_location":"","bundle_editable_in_cart":false,"bundle_sold_individually_context":"","bundle_item_grouping":"","bundle_min_size":"","bundle_max_size":"","bundled_items":[],"bundle_sell_ids":[],"acf":[],"yoast_head":"<!-- This site is optimized with the Yoast SEO plugin v23.1 - https:\/\/yoast.com\/wordpress\/plugins\/seo\/ -->\n<title>Moja Caprikjol - Nordic Padel<\/title>\n<meta name=\"robots\" content=\"index, follow, max-snippet:-1, max-image-preview:large, max-video-preview:-1\" \/>\n<link rel=\"canonical\" href=\"https:\/\/nordicpadel.com\/sv\/product\/moja-caprikjol\/\" \/>\n<meta property=\"og:locale\" content=\"sv_SE\" \/>\n<meta property=\"og:type\" content=\"article\" \/>\n<meta property=\"og:title\" content=\"Moja Caprikjol - Nordic Padel\" \/>\n<meta property=\"og:description\" content=\"K\u00f6p snygga tenniskl\u00e4der f\u00f6r damer ifr\u00e5n Moja! M\u00f6rkbl\u00e5 tenniskjol med integrerade pants i capri l\u00e4ngd som har gener\u00f6sa fickor att f\u00f6rvara tennisbollar i. V\u00e4ldigt f\u00e5 tenniskjolar har riktiga fickor, men d\u00e4r har Moja lyckats med en riktigt snygg och praktisk l\u00f6sning. Det vill s\u00e4ga-man har integrerat ett par tights i kjolen med fickor-vilket g\u00f6r denna [&hellip;]\" \/>\n<meta property=\"og:url\" content=\"https:\/\/nordicpadel.com\/sv\/product\/moja-caprikjol\/\" \/>\n<meta property=\"og:site_name\" content=\"Nordic Padel\" \/>\n<meta property=\"article:modified_time\" content=\"2026-03-08T23:22:55+00:00\" \/>\n<meta property=\"og:image\" content=\"https:\/\/nordicpadel.com\/sv\/wp-content\/uploads\/sites\/10\/2025\/11\/811cf44d0db807d2386551b06d271105.png\" \/>\n\t<meta property=\"og:image:width\" content=\"800\" \/>\n\t<meta property=\"og:image:height\" content=\"800\" \/>\n\t<meta property=\"og:image:type\" content=\"image\/png\" \/>\n<meta name=\"twitter:card\" content=\"summary_large_image\" \/>\n<meta name=\"twitter:label1\" content=\"Ber\u00e4knad l\u00e4stid\" \/>\n\t<meta name=\"twitter:data1\" content=\"1 minut\" \/>\n<script type=\"application\/ld+json\" class=\"yoast-schema-graph\">{\"@context\":\"https:\/\/schema.org\",\"@graph\":[{\"@type\":\"WebPage\",\"@id\":\"https:\/\/nordicpadel.com\/sv\/product\/moja-caprikjol\/\",\"url\":\"https:\/\/nordicpadel.com\/sv\/product\/moja-caprikjol\/\",\"name\":\"Moja Caprikjol - Nordic Padel\",\"isPartOf\":{\"@id\":\"https:\/\/nordicpadel.com\/sv\/#website\"},\"primaryImageOfPage\":{\"@id\":\"https:\/\/nordicpadel.com\/sv\/product\/moja-caprikjol\/#primaryimage\"},\"image\":{\"@id\":\"https:\/\/nordicpadel.com\/sv\/product\/moja-caprikjol\/#primaryimage\"},\"thumbnailUrl\":\"https:\/\/nordicpadel.com\/sv\/wp-content\/uploads\/sites\/10\/2025\/11\/811cf44d0db807d2386551b06d271105.png\",\"datePublished\":\"2025-11-26T15:25:35+00:00\",\"dateModified\":\"2026-03-08T23:22:55+00:00\",\"breadcrumb\":{\"@id\":\"https:\/\/nordicpadel.com\/sv\/product\/moja-caprikjol\/#breadcrumb\"},\"inLanguage\":\"sv-SE\",\"potentialAction\":[{\"@type\":\"ReadAction\",\"target\":[\"https:\/\/nordicpadel.com\/sv\/product\/moja-caprikjol\/\"]}]},{\"@type\":\"ImageObject\",\"inLanguage\":\"sv-SE\",\"@id\":\"https:\/\/nordicpadel.com\/sv\/product\/moja-caprikjol\/#primaryimage\",\"url\":\"https:\/\/nordicpadel.com\/sv\/wp-content\/uploads\/sites\/10\/2025\/11\/811cf44d0db807d2386551b06d271105.png\",\"contentUrl\":\"https:\/\/nordicpadel.com\/sv\/wp-content\/uploads\/sites\/10\/2025\/11\/811cf44d0db807d2386551b06d271105.png\",\"width\":800,\"height\":800,\"caption\":\"Moja Caprikjol\"},{\"@type\":\"BreadcrumbList\",\"@id\":\"https:\/\/nordicpadel.com\/sv\/product\/moja-caprikjol\/#breadcrumb\",\"itemListElement\":[{\"@type\":\"ListItem\",\"position\":1,\"name\":\"Hem\",\"item\":\"https:\/\/nordicpadel.com\/sv\/\"},{\"@type\":\"ListItem\",\"position\":2,\"name\":\"Shop\",\"item\":\"https:\/\/nordicpadel.com\/sv\/shop\/\"},{\"@type\":\"ListItem\",\"position\":3,\"name\":\"Moja Caprikjol\"}]},{\"@type\":\"WebSite\",\"@id\":\"https:\/\/nordicpadel.com\/sv\/#website\",\"url\":\"https:\/\/nordicpadel.com\/sv\/\",\"name\":\"Nordic Padel\",\"description\":\"\",\"publisher\":{\"@id\":\"https:\/\/nordicpadel.com\/sv\/#organization\"},\"potentialAction\":[{\"@type\":\"SearchAction\",\"target\":{\"@type\":\"EntryPoint\",\"urlTemplate\":\"https:\/\/nordicpadel.com\/sv\/?s={search_term_string}\"},\"query-input\":\"required name=search_term_string\"}],\"inLanguage\":\"sv-SE\"},{\"@type\":\"Organization\",\"@id\":\"https:\/\/nordicpadel.com\/sv\/#organization\",\"name\":\"Nordic Padel\",\"url\":\"https:\/\/nordicpadel.com\/sv\/\",\"logo\":{\"@type\":\"ImageObject\",\"inLanguage\":\"sv-SE\",\"@id\":\"https:\/\/nordicpadel.com\/sv\/#\/schema\/logo\/image\/\",\"url\":\"https:\/\/nordicpadel.com\/sv\/wp-content\/uploads\/sites\/10\/2022\/12\/Nordic-Padel-small_1-1.png\",\"contentUrl\":\"https:\/\/nordicpadel.com\/sv\/wp-content\/uploads\/sites\/10\/2022\/12\/Nordic-Padel-small_1-1.png\",\"width\":400,\"height\":119,\"caption\":\"Nordic Padel\"},\"image\":{\"@id\":\"https:\/\/nordicpadel.com\/sv\/#\/schema\/logo\/image\/\"}}]}<\/script>\n<!-- \/ Yoast SEO plugin. -->","yoast_head_json":{"title":"Moja Caprikjol - Nordic Padel","robots":{"index":"index","follow":"follow","max-snippet":"max-snippet:-1","max-image-preview":"max-image-preview:large","max-video-preview":"max-video-preview:-1"},"canonical":"https:\/\/nordicpadel.com\/sv\/product\/moja-caprikjol\/","og_locale":"sv_SE","og_type":"article","og_title":"Moja Caprikjol - Nordic Padel","og_description":"K\u00f6p snygga tenniskl\u00e4der f\u00f6r damer ifr\u00e5n Moja! M\u00f6rkbl\u00e5 tenniskjol med integrerade pants i capri l\u00e4ngd som har gener\u00f6sa fickor att f\u00f6rvara tennisbollar i. V\u00e4ldigt f\u00e5 tenniskjolar har riktiga fickor, men d\u00e4r har Moja lyckats med en riktigt snygg och praktisk l\u00f6sning. Det vill s\u00e4ga-man har integrerat ett par tights i kjolen med fickor-vilket g\u00f6r denna [&hellip;]","og_url":"https:\/\/nordicpadel.com\/sv\/product\/moja-caprikjol\/","og_site_name":"Nordic Padel","article_modified_time":"2026-03-08T23:22:55+00:00","og_image":[{"width":800,"height":800,"url":"https:\/\/nordicpadel.com\/sv\/wp-content\/uploads\/sites\/10\/2025\/11\/811cf44d0db807d2386551b06d271105.png","type":"image\/png"}],"twitter_card":"summary_large_image","twitter_misc":{"Ber\u00e4knad l\u00e4stid":"1 minut"},"schema":{"@context":"https:\/\/schema.org","@graph":[{"@type":"WebPage","@id":"https:\/\/nordicpadel.com\/sv\/product\/moja-caprikjol\/","url":"https:\/\/nordicpadel.com\/sv\/product\/moja-caprikjol\/","name":"Moja Caprikjol - Nordic Padel","isPartOf":{"@id":"https:\/\/nordicpadel.com\/sv\/#website"},"primaryImageOfPage":{"@id":"https:\/\/nordicpadel.com\/sv\/product\/moja-caprikjol\/#primaryimage"},"image":{"@id":"https:\/\/nordicpadel.com\/sv\/product\/moja-caprikjol\/#primaryimage"},"thumbnailUrl":"https:\/\/nordicpadel.com\/sv\/wp-content\/uploads\/sites\/10\/2025\/11\/811cf44d0db807d2386551b06d271105.png","datePublished":"2025-11-26T15:25:35+00:00","dateModified":"2026-03-08T23:22:55+00:00","breadcrumb":{"@id":"https:\/\/nordicpadel.com\/sv\/product\/moja-caprikjol\/#breadcrumb"},"inLanguage":"sv-SE","potentialAction":[{"@type":"ReadAction","target":["https:\/\/nordicpadel.com\/sv\/product\/moja-caprikjol\/"]}]},{"@type":"ImageObject","inLanguage":"sv-SE","@id":"https:\/\/nordicpadel.com\/sv\/product\/moja-caprikjol\/#primaryimage","url":"https:\/\/nordicpadel.com\/sv\/wp-content\/uploads\/sites\/10\/2025\/11\/811cf44d0db807d2386551b06d271105.png","contentUrl":"https:\/\/nordicpadel.com\/sv\/wp-content\/uploads\/sites\/10\/2025\/11\/811cf44d0db807d2386551b06d271105.png","width":800,"height":800,"caption":"Moja Caprikjol"},{"@type":"BreadcrumbList","@id":"https:\/\/nordicpadel.com\/sv\/product\/moja-caprikjol\/#breadcrumb","itemListElement":[{"@type":"ListItem","position":1,"name":"Hem","item":"https:\/\/nordicpadel.com\/sv\/"},{"@type":"ListItem","position":2,"name":"Shop","item":"https:\/\/nordicpadel.com\/sv\/shop\/"},{"@type":"ListItem","position":3,"name":"Moja Caprikjol"}]},{"@type":"WebSite","@id":"https:\/\/nordicpadel.com\/sv\/#website","url":"https:\/\/nordicpadel.com\/sv\/","name":"Nordic Padel","description":"","publisher":{"@id":"https:\/\/nordicpadel.com\/sv\/#organization"},"potentialAction":[{"@type":"SearchAction","target":{"@type":"EntryPoint","urlTemplate":"https:\/\/nordicpadel.com\/sv\/?s={search_term_string}"},"query-input":"required name=search_term_string"}],"inLanguage":"sv-SE"},{"@type":"Organization","@id":"https:\/\/nordicpadel.com\/sv\/#organization","name":"Nordic Padel","url":"https:\/\/nordicpadel.com\/sv\/","logo":{"@type":"ImageObject","inLanguage":"sv-SE","@id":"https:\/\/nordicpadel.com\/sv\/#\/schema\/logo\/image\/","url":"https:\/\/nordicpadel.com\/sv\/wp-content\/uploads\/sites\/10\/2022\/12\/Nordic-Padel-small_1-1.png","contentUrl":"https:\/\/nordicpadel.com\/sv\/wp-content\/uploads\/sites\/10\/2022\/12\/Nordic-Padel-small_1-1.png","width":400,"height":119,"caption":"Nordic Padel"},"image":{"@id":"https:\/\/nordicpadel.com\/sv\/#\/schema\/logo\/image\/"}}]}},"brands":[],"_links":{"self":[{"href":"https:\/\/nordicpadel.com\/sv\/wp-json\/wp\/v2\/product\/85451","targetHints":{"allow":["GET"]}}],"collection":[{"href":"https:\/\/nordicpadel.com\/sv\/wp-json\/wp\/v2\/product"}],"about":[{"href":"https:\/\/nordicpadel.com\/sv\/wp-json\/wp\/v2\/types\/product"}],"replies":[{"embeddable":true,"href":"https:\/\/nordicpadel.com\/sv\/wp-json\/wp\/v2\/comments?post=85451"}],"wp:featuredmedia":[{"embeddable":true,"href":"https:\/\/nordicpadel.com\/sv\/wp-json\/wp\/v2\/media\/85450"}],"wp:attachment":[{"href":"https:\/\/nordicpadel.com\/sv\/wp-json\/wp\/v2\/media?parent=85451"}],"wp:term":[{"taxonomy":"pwb-brand","embeddable":true,"href":"https:\/\/nordicpadel.com\/sv\/wp-json\/wp\/v2\/pwb-brand?post=85451"},{"taxonomy":"product_cat","embeddable":true,"href":"https:\/\/nordicpadel.com\/sv\/wp-json\/wp\/v2\/product_cat?post=85451"},{"taxonomy":"product_tag","embeddable":true,"href":"https:\/\/nordicpadel.com\/sv\/wp-json\/wp\/v2\/product_tag?post=85451"},{"taxonomy":"woo-feed-brand","embeddable":true,"href":"https:\/\/nordicpadel.com\/sv\/wp-json\/wp\/v2\/woo-feed-brand?post=85451"}],"curies":[{"name":"wp","href":"https:\/\/api.w.org\/{rel}","templated":true}]}}