{"id":85382,"date":"2025-11-26T16:18:15","date_gmt":"2025-11-26T15:18:15","guid":{"rendered":"https:\/\/nordicpadel.com\/sv\/product\/osaka-pro-tour-precision-soft\/"},"modified":"2025-11-27T14:47:50","modified_gmt":"2025-11-27T13:47:50","slug":"osaka-pro-tour-precision-soft","status":"publish","type":"product","link":"https:\/\/nordicpadel.com\/sv\/product\/osaka-pro-tour-precision-soft\/","title":{"rendered":"OSAKA Pro Tour Precision Soft"},"content":{"rendered":"<p>Osaka Pro Tour Precision Soft har \u00e4r ett droppformat <a href=\"https:\/\/nordicpadel.com\/sv\/product-category\/padelracket\/\">padelracket<\/a> med en mjuk k\u00e4rna, vilket g\u00f6r racket l\u00e4ttspelat och f\u00f6rl\u00e5tande. Den mjukare k\u00e4rnan hj\u00e4lper \u00e4ven spelare som beh\u00f6ver lite extra hj\u00e4lp med det offensiva spelet. \u00c4ven den n\u00e5got l\u00e4gre vikten g\u00f6r den till ett l\u00e4ttare alternativ f\u00f6r armen och axeln.<\/p>\n","protected":false},"excerpt":{"rendered":"<p>Osaka Pro Tour Precision Soft har \u00e4r ett droppformat padelracket med en mjuk k\u00e4rna, vilket g\u00f6r racket l\u00e4ttspelat och f\u00f6rl\u00e5tande. Den mjukare k\u00e4rnan hj\u00e4lper \u00e4ven spelare som beh\u00f6ver lite extra hj\u00e4lp med det offensiva spelet. \u00c4ven den n\u00e5got l\u00e4gre vikten g\u00f6r den till ett l\u00e4ttare alternativ f\u00f6r armen och axeln.<\/p>\n","protected":false},"featured_media":85381,"comment_status":"open","ping_status":"closed","template":"","meta":[],"pwb-brand":[],"product_cat":[16],"product_tag":[],"woo-feed-brand":[],"class_list":{"0":"post-85382","1":"product","2":"type-product","3":"status-publish","4":"has-post-thumbnail","6":"product_cat-padelracket","7":"pa_varumarke-osaka","9":"first","10":"outofstock","11":"sale","12":"taxable","13":"shipping-taxable","14":"purchasable","15":"product-type-simple"},"bundled_by":[],"bundle_stock_status":"outofstock","bundle_stock_quantity":0,"bundle_virtual":false,"bundle_layout":"","bundle_add_to_cart_form_location":"","bundle_editable_in_cart":false,"bundle_sold_individually_context":"","bundle_item_grouping":"","bundle_min_size":"","bundle_max_size":"","bundled_items":[],"bundle_sell_ids":[],"acf":[],"yoast_head":"<!-- This site is optimized with the Yoast SEO plugin v23.1 - https:\/\/yoast.com\/wordpress\/plugins\/seo\/ -->\n<title>OSAKA Pro Tour Precision Soft - Nordic Padel<\/title>\n<meta name=\"robots\" content=\"index, follow, max-snippet:-1, max-image-preview:large, max-video-preview:-1\" \/>\n<link rel=\"canonical\" href=\"https:\/\/nordicpadel.com\/sv\/product\/osaka-pro-tour-precision-soft\/\" \/>\n<meta property=\"og:locale\" content=\"sv_SE\" \/>\n<meta property=\"og:type\" content=\"article\" \/>\n<meta property=\"og:title\" content=\"OSAKA Pro Tour Precision Soft - Nordic Padel\" \/>\n<meta property=\"og:description\" content=\"Osaka Pro Tour Precision Soft har \u00e4r ett droppformat padelracket med en mjuk k\u00e4rna, vilket g\u00f6r racket l\u00e4ttspelat och f\u00f6rl\u00e5tande. Den mjukare k\u00e4rnan hj\u00e4lper \u00e4ven spelare som beh\u00f6ver lite extra hj\u00e4lp med det offensiva spelet. \u00c4ven den n\u00e5got l\u00e4gre vikten g\u00f6r den till ett l\u00e4ttare alternativ f\u00f6r armen och axeln.\" \/>\n<meta property=\"og:url\" content=\"https:\/\/nordicpadel.com\/sv\/product\/osaka-pro-tour-precision-soft\/\" \/>\n<meta property=\"og:site_name\" content=\"Nordic Padel\" \/>\n<meta property=\"article:modified_time\" content=\"2025-11-27T13:47:50+00:00\" \/>\n<meta property=\"og:image\" content=\"https:\/\/nordicpadel.com\/sv\/wp-content\/uploads\/sites\/10\/2025\/11\/229f0a486801d14994fc063a58b96775.png\" \/>\n\t<meta property=\"og:image:width\" content=\"800\" \/>\n\t<meta property=\"og:image:height\" content=\"800\" \/>\n\t<meta property=\"og:image:type\" content=\"image\/png\" \/>\n<meta name=\"twitter:card\" content=\"summary_large_image\" \/>\n<script type=\"application\/ld+json\" class=\"yoast-schema-graph\">{\"@context\":\"https:\/\/schema.org\",\"@graph\":[{\"@type\":\"WebPage\",\"@id\":\"https:\/\/nordicpadel.com\/sv\/product\/osaka-pro-tour-precision-soft\/\",\"url\":\"https:\/\/nordicpadel.com\/sv\/product\/osaka-pro-tour-precision-soft\/\",\"name\":\"OSAKA Pro Tour Precision Soft - Nordic Padel\",\"isPartOf\":{\"@id\":\"https:\/\/nordicpadel.com\/sv\/#website\"},\"primaryImageOfPage\":{\"@id\":\"https:\/\/nordicpadel.com\/sv\/product\/osaka-pro-tour-precision-soft\/#primaryimage\"},\"image\":{\"@id\":\"https:\/\/nordicpadel.com\/sv\/product\/osaka-pro-tour-precision-soft\/#primaryimage\"},\"thumbnailUrl\":\"https:\/\/nordicpadel.com\/sv\/wp-content\/uploads\/sites\/10\/2025\/11\/229f0a486801d14994fc063a58b96775.png\",\"datePublished\":\"2025-11-26T15:18:15+00:00\",\"dateModified\":\"2025-11-27T13:47:50+00:00\",\"breadcrumb\":{\"@id\":\"https:\/\/nordicpadel.com\/sv\/product\/osaka-pro-tour-precision-soft\/#breadcrumb\"},\"inLanguage\":\"sv-SE\",\"potentialAction\":[{\"@type\":\"ReadAction\",\"target\":[\"https:\/\/nordicpadel.com\/sv\/product\/osaka-pro-tour-precision-soft\/\"]}]},{\"@type\":\"ImageObject\",\"inLanguage\":\"sv-SE\",\"@id\":\"https:\/\/nordicpadel.com\/sv\/product\/osaka-pro-tour-precision-soft\/#primaryimage\",\"url\":\"https:\/\/nordicpadel.com\/sv\/wp-content\/uploads\/sites\/10\/2025\/11\/229f0a486801d14994fc063a58b96775.png\",\"contentUrl\":\"https:\/\/nordicpadel.com\/sv\/wp-content\/uploads\/sites\/10\/2025\/11\/229f0a486801d14994fc063a58b96775.png\",\"width\":800,\"height\":800,\"caption\":\"OSAKA Pro Tour Precision Soft\"},{\"@type\":\"BreadcrumbList\",\"@id\":\"https:\/\/nordicpadel.com\/sv\/product\/osaka-pro-tour-precision-soft\/#breadcrumb\",\"itemListElement\":[{\"@type\":\"ListItem\",\"position\":1,\"name\":\"Hem\",\"item\":\"https:\/\/nordicpadel.com\/sv\/\"},{\"@type\":\"ListItem\",\"position\":2,\"name\":\"Shop\",\"item\":\"https:\/\/nordicpadel.com\/sv\/shop\/\"},{\"@type\":\"ListItem\",\"position\":3,\"name\":\"OSAKA Pro Tour Precision Soft\"}]},{\"@type\":\"WebSite\",\"@id\":\"https:\/\/nordicpadel.com\/sv\/#website\",\"url\":\"https:\/\/nordicpadel.com\/sv\/\",\"name\":\"Nordic Padel\",\"description\":\"\",\"publisher\":{\"@id\":\"https:\/\/nordicpadel.com\/sv\/#organization\"},\"potentialAction\":[{\"@type\":\"SearchAction\",\"target\":{\"@type\":\"EntryPoint\",\"urlTemplate\":\"https:\/\/nordicpadel.com\/sv\/?s={search_term_string}\"},\"query-input\":\"required name=search_term_string\"}],\"inLanguage\":\"sv-SE\"},{\"@type\":\"Organization\",\"@id\":\"https:\/\/nordicpadel.com\/sv\/#organization\",\"name\":\"Nordic Padel\",\"url\":\"https:\/\/nordicpadel.com\/sv\/\",\"logo\":{\"@type\":\"ImageObject\",\"inLanguage\":\"sv-SE\",\"@id\":\"https:\/\/nordicpadel.com\/sv\/#\/schema\/logo\/image\/\",\"url\":\"https:\/\/nordicpadel.com\/sv\/wp-content\/uploads\/sites\/10\/2022\/12\/Nordic-Padel-small_1-1.png\",\"contentUrl\":\"https:\/\/nordicpadel.com\/sv\/wp-content\/uploads\/sites\/10\/2022\/12\/Nordic-Padel-small_1-1.png\",\"width\":400,\"height\":119,\"caption\":\"Nordic Padel\"},\"image\":{\"@id\":\"https:\/\/nordicpadel.com\/sv\/#\/schema\/logo\/image\/\"}}]}<\/script>\n<!-- \/ Yoast SEO plugin. -->","yoast_head_json":{"title":"OSAKA Pro Tour Precision Soft - Nordic Padel","robots":{"index":"index","follow":"follow","max-snippet":"max-snippet:-1","max-image-preview":"max-image-preview:large","max-video-preview":"max-video-preview:-1"},"canonical":"https:\/\/nordicpadel.com\/sv\/product\/osaka-pro-tour-precision-soft\/","og_locale":"sv_SE","og_type":"article","og_title":"OSAKA Pro Tour Precision Soft - Nordic Padel","og_description":"Osaka Pro Tour Precision Soft har \u00e4r ett droppformat padelracket med en mjuk k\u00e4rna, vilket g\u00f6r racket l\u00e4ttspelat och f\u00f6rl\u00e5tande. Den mjukare k\u00e4rnan hj\u00e4lper \u00e4ven spelare som beh\u00f6ver lite extra hj\u00e4lp med det offensiva spelet. \u00c4ven den n\u00e5got l\u00e4gre vikten g\u00f6r den till ett l\u00e4ttare alternativ f\u00f6r armen och axeln.","og_url":"https:\/\/nordicpadel.com\/sv\/product\/osaka-pro-tour-precision-soft\/","og_site_name":"Nordic Padel","article_modified_time":"2025-11-27T13:47:50+00:00","og_image":[{"width":800,"height":800,"url":"https:\/\/nordicpadel.com\/sv\/wp-content\/uploads\/sites\/10\/2025\/11\/229f0a486801d14994fc063a58b96775.png","type":"image\/png"}],"twitter_card":"summary_large_image","schema":{"@context":"https:\/\/schema.org","@graph":[{"@type":"WebPage","@id":"https:\/\/nordicpadel.com\/sv\/product\/osaka-pro-tour-precision-soft\/","url":"https:\/\/nordicpadel.com\/sv\/product\/osaka-pro-tour-precision-soft\/","name":"OSAKA Pro Tour Precision Soft - Nordic Padel","isPartOf":{"@id":"https:\/\/nordicpadel.com\/sv\/#website"},"primaryImageOfPage":{"@id":"https:\/\/nordicpadel.com\/sv\/product\/osaka-pro-tour-precision-soft\/#primaryimage"},"image":{"@id":"https:\/\/nordicpadel.com\/sv\/product\/osaka-pro-tour-precision-soft\/#primaryimage"},"thumbnailUrl":"https:\/\/nordicpadel.com\/sv\/wp-content\/uploads\/sites\/10\/2025\/11\/229f0a486801d14994fc063a58b96775.png","datePublished":"2025-11-26T15:18:15+00:00","dateModified":"2025-11-27T13:47:50+00:00","breadcrumb":{"@id":"https:\/\/nordicpadel.com\/sv\/product\/osaka-pro-tour-precision-soft\/#breadcrumb"},"inLanguage":"sv-SE","potentialAction":[{"@type":"ReadAction","target":["https:\/\/nordicpadel.com\/sv\/product\/osaka-pro-tour-precision-soft\/"]}]},{"@type":"ImageObject","inLanguage":"sv-SE","@id":"https:\/\/nordicpadel.com\/sv\/product\/osaka-pro-tour-precision-soft\/#primaryimage","url":"https:\/\/nordicpadel.com\/sv\/wp-content\/uploads\/sites\/10\/2025\/11\/229f0a486801d14994fc063a58b96775.png","contentUrl":"https:\/\/nordicpadel.com\/sv\/wp-content\/uploads\/sites\/10\/2025\/11\/229f0a486801d14994fc063a58b96775.png","width":800,"height":800,"caption":"OSAKA Pro Tour Precision Soft"},{"@type":"BreadcrumbList","@id":"https:\/\/nordicpadel.com\/sv\/product\/osaka-pro-tour-precision-soft\/#breadcrumb","itemListElement":[{"@type":"ListItem","position":1,"name":"Hem","item":"https:\/\/nordicpadel.com\/sv\/"},{"@type":"ListItem","position":2,"name":"Shop","item":"https:\/\/nordicpadel.com\/sv\/shop\/"},{"@type":"ListItem","position":3,"name":"OSAKA Pro Tour Precision Soft"}]},{"@type":"WebSite","@id":"https:\/\/nordicpadel.com\/sv\/#website","url":"https:\/\/nordicpadel.com\/sv\/","name":"Nordic Padel","description":"","publisher":{"@id":"https:\/\/nordicpadel.com\/sv\/#organization"},"potentialAction":[{"@type":"SearchAction","target":{"@type":"EntryPoint","urlTemplate":"https:\/\/nordicpadel.com\/sv\/?s={search_term_string}"},"query-input":"required name=search_term_string"}],"inLanguage":"sv-SE"},{"@type":"Organization","@id":"https:\/\/nordicpadel.com\/sv\/#organization","name":"Nordic Padel","url":"https:\/\/nordicpadel.com\/sv\/","logo":{"@type":"ImageObject","inLanguage":"sv-SE","@id":"https:\/\/nordicpadel.com\/sv\/#\/schema\/logo\/image\/","url":"https:\/\/nordicpadel.com\/sv\/wp-content\/uploads\/sites\/10\/2022\/12\/Nordic-Padel-small_1-1.png","contentUrl":"https:\/\/nordicpadel.com\/sv\/wp-content\/uploads\/sites\/10\/2022\/12\/Nordic-Padel-small_1-1.png","width":400,"height":119,"caption":"Nordic Padel"},"image":{"@id":"https:\/\/nordicpadel.com\/sv\/#\/schema\/logo\/image\/"}}]}},"brands":[],"_links":{"self":[{"href":"https:\/\/nordicpadel.com\/sv\/wp-json\/wp\/v2\/product\/85382","targetHints":{"allow":["GET"]}}],"collection":[{"href":"https:\/\/nordicpadel.com\/sv\/wp-json\/wp\/v2\/product"}],"about":[{"href":"https:\/\/nordicpadel.com\/sv\/wp-json\/wp\/v2\/types\/product"}],"replies":[{"embeddable":true,"href":"https:\/\/nordicpadel.com\/sv\/wp-json\/wp\/v2\/comments?post=85382"}],"wp:featuredmedia":[{"embeddable":true,"href":"https:\/\/nordicpadel.com\/sv\/wp-json\/wp\/v2\/media\/85381"}],"wp:attachment":[{"href":"https:\/\/nordicpadel.com\/sv\/wp-json\/wp\/v2\/media?parent=85382"}],"wp:term":[{"taxonomy":"pwb-brand","embeddable":true,"href":"https:\/\/nordicpadel.com\/sv\/wp-json\/wp\/v2\/pwb-brand?post=85382"},{"taxonomy":"product_cat","embeddable":true,"href":"https:\/\/nordicpadel.com\/sv\/wp-json\/wp\/v2\/product_cat?post=85382"},{"taxonomy":"product_tag","embeddable":true,"href":"https:\/\/nordicpadel.com\/sv\/wp-json\/wp\/v2\/product_tag?post=85382"},{"taxonomy":"woo-feed-brand","embeddable":true,"href":"https:\/\/nordicpadel.com\/sv\/wp-json\/wp\/v2\/woo-feed-brand?post=85382"}],"curies":[{"name":"wp","href":"https:\/\/api.w.org\/{rel}","templated":true}]}}