{"id":85202,"date":"2025-11-26T16:16:31","date_gmt":"2025-11-26T15:16:31","guid":{"rendered":"https:\/\/nordicpadel.com\/sv\/product\/head-alpha-backpack-padel\/"},"modified":"2025-11-27T07:35:43","modified_gmt":"2025-11-27T06:35:43","slug":"head-alpha-backpack-padel","status":"publish","type":"product","link":"https:\/\/nordicpadel.com\/sv\/product\/head-alpha-backpack-padel\/","title":{"rendered":"HEAD Alpha Backpack Padel"},"content":{"rendered":"<p>Nu finns den nya <a href=\"https:\/\/nordicpadel.com\/sv\/product-category\/padelvaska\/\">padelv\u00e4ska<\/a>n\/ryggs\u00e4cken i rosa. V\u00e4skan har de finesser och smarta f\u00f6rvaringsl\u00f6sningar som man kan f\u00f6rv\u00e4nta sig utav en premiumprodukt. Den svarta designen \u00e4r stilren och uppskattad. <\/p>\n<ul>\n<li>Tv\u00e5 tillbeh\u00f6rsfickor med dragkedja<\/li>\n<li>Ett racketfack<\/li>\n<li>Ett skofack<\/li>\n<\/ul>\n<p> F\u00e4rg: Rosa <\/p>\n<dl>\n<dt>Volym: 35 Liter<\/dt>\n<dt>Storlek: 34*50*24 cm<\/dt>\n<\/dl>\n","protected":false},"excerpt":{"rendered":"<p>Nu finns den nya padelv\u00e4skan\/ryggs\u00e4cken i rosa. V\u00e4skan har de finesser och smarta f\u00f6rvaringsl\u00f6sningar som man kan f\u00f6rv\u00e4nta sig utav en premiumprodukt. Den svarta designen \u00e4r stilren och uppskattad. Tv\u00e5 tillbeh\u00f6rsfickor med dragkedja Ett racketfack Ett skofack F\u00e4rg: Rosa Volym: 35 Liter Storlek: 34*50*24 cm<\/p>\n","protected":false},"featured_media":85200,"comment_status":"open","ping_status":"closed","template":"","meta":[],"pwb-brand":[],"product_cat":[459],"product_tag":[],"woo-feed-brand":[],"class_list":{"0":"post-85202","1":"product","2":"type-product","3":"status-publish","4":"has-post-thumbnail","6":"product_cat-head","7":"pa_varumarke-head","9":"first","10":"outofstock","11":"taxable","12":"shipping-taxable","13":"purchasable","14":"product-type-simple"},"bundled_by":[],"bundle_stock_status":"outofstock","bundle_stock_quantity":0,"bundle_virtual":false,"bundle_layout":"","bundle_add_to_cart_form_location":"","bundle_editable_in_cart":false,"bundle_sold_individually_context":"","bundle_item_grouping":"","bundle_min_size":"","bundle_max_size":"","bundled_items":[],"bundle_sell_ids":[],"acf":[],"yoast_head":"<!-- This site is optimized with the Yoast SEO plugin v23.1 - https:\/\/yoast.com\/wordpress\/plugins\/seo\/ -->\n<title>HEAD Alpha Backpack Padel - Nordic Padel<\/title>\n<meta name=\"robots\" content=\"index, follow, max-snippet:-1, max-image-preview:large, max-video-preview:-1\" \/>\n<link rel=\"canonical\" href=\"https:\/\/nordicpadel.com\/sv\/product\/head-alpha-backpack-padel\/\" \/>\n<meta property=\"og:locale\" content=\"sv_SE\" \/>\n<meta property=\"og:type\" content=\"article\" \/>\n<meta property=\"og:title\" content=\"HEAD Alpha Backpack Padel - Nordic Padel\" \/>\n<meta property=\"og:description\" content=\"Nu finns den nya padelv\u00e4skan\/ryggs\u00e4cken i rosa. V\u00e4skan har de finesser och smarta f\u00f6rvaringsl\u00f6sningar som man kan f\u00f6rv\u00e4nta sig utav en premiumprodukt. Den svarta designen \u00e4r stilren och uppskattad. Tv\u00e5 tillbeh\u00f6rsfickor med dragkedja Ett racketfack Ett skofack F\u00e4rg: Rosa Volym: 35 Liter Storlek: 34*50*24 cm\" \/>\n<meta property=\"og:url\" content=\"https:\/\/nordicpadel.com\/sv\/product\/head-alpha-backpack-padel\/\" \/>\n<meta property=\"og:site_name\" content=\"Nordic Padel\" \/>\n<meta property=\"article:modified_time\" content=\"2025-11-27T06:35:43+00:00\" \/>\n<meta property=\"og:image\" content=\"https:\/\/nordicpadel.com\/sv\/wp-content\/uploads\/sites\/10\/2025\/11\/f997a84243aa682a7ed552ed57e55b6a.png\" \/>\n\t<meta property=\"og:image:width\" content=\"800\" \/>\n\t<meta property=\"og:image:height\" content=\"800\" \/>\n\t<meta property=\"og:image:type\" content=\"image\/png\" \/>\n<meta name=\"twitter:card\" content=\"summary_large_image\" \/>\n<script type=\"application\/ld+json\" class=\"yoast-schema-graph\">{\"@context\":\"https:\/\/schema.org\",\"@graph\":[{\"@type\":\"WebPage\",\"@id\":\"https:\/\/nordicpadel.com\/sv\/product\/head-alpha-backpack-padel\/\",\"url\":\"https:\/\/nordicpadel.com\/sv\/product\/head-alpha-backpack-padel\/\",\"name\":\"HEAD Alpha Backpack Padel - Nordic Padel\",\"isPartOf\":{\"@id\":\"https:\/\/nordicpadel.com\/sv\/#website\"},\"primaryImageOfPage\":{\"@id\":\"https:\/\/nordicpadel.com\/sv\/product\/head-alpha-backpack-padel\/#primaryimage\"},\"image\":{\"@id\":\"https:\/\/nordicpadel.com\/sv\/product\/head-alpha-backpack-padel\/#primaryimage\"},\"thumbnailUrl\":\"https:\/\/nordicpadel.com\/sv\/wp-content\/uploads\/sites\/10\/2025\/11\/f997a84243aa682a7ed552ed57e55b6a.png\",\"datePublished\":\"2025-11-26T15:16:31+00:00\",\"dateModified\":\"2025-11-27T06:35:43+00:00\",\"breadcrumb\":{\"@id\":\"https:\/\/nordicpadel.com\/sv\/product\/head-alpha-backpack-padel\/#breadcrumb\"},\"inLanguage\":\"sv-SE\",\"potentialAction\":[{\"@type\":\"ReadAction\",\"target\":[\"https:\/\/nordicpadel.com\/sv\/product\/head-alpha-backpack-padel\/\"]}]},{\"@type\":\"ImageObject\",\"inLanguage\":\"sv-SE\",\"@id\":\"https:\/\/nordicpadel.com\/sv\/product\/head-alpha-backpack-padel\/#primaryimage\",\"url\":\"https:\/\/nordicpadel.com\/sv\/wp-content\/uploads\/sites\/10\/2025\/11\/f997a84243aa682a7ed552ed57e55b6a.png\",\"contentUrl\":\"https:\/\/nordicpadel.com\/sv\/wp-content\/uploads\/sites\/10\/2025\/11\/f997a84243aa682a7ed552ed57e55b6a.png\",\"width\":800,\"height\":800,\"caption\":\"HEAD Alpha Backpack Padel\"},{\"@type\":\"BreadcrumbList\",\"@id\":\"https:\/\/nordicpadel.com\/sv\/product\/head-alpha-backpack-padel\/#breadcrumb\",\"itemListElement\":[{\"@type\":\"ListItem\",\"position\":1,\"name\":\"Hem\",\"item\":\"https:\/\/nordicpadel.com\/sv\/\"},{\"@type\":\"ListItem\",\"position\":2,\"name\":\"Shop\",\"item\":\"https:\/\/nordicpadel.com\/sv\/shop\/\"},{\"@type\":\"ListItem\",\"position\":3,\"name\":\"HEAD Alpha Backpack Padel\"}]},{\"@type\":\"WebSite\",\"@id\":\"https:\/\/nordicpadel.com\/sv\/#website\",\"url\":\"https:\/\/nordicpadel.com\/sv\/\",\"name\":\"Nordic Padel\",\"description\":\"\",\"publisher\":{\"@id\":\"https:\/\/nordicpadel.com\/sv\/#organization\"},\"potentialAction\":[{\"@type\":\"SearchAction\",\"target\":{\"@type\":\"EntryPoint\",\"urlTemplate\":\"https:\/\/nordicpadel.com\/sv\/?s={search_term_string}\"},\"query-input\":\"required name=search_term_string\"}],\"inLanguage\":\"sv-SE\"},{\"@type\":\"Organization\",\"@id\":\"https:\/\/nordicpadel.com\/sv\/#organization\",\"name\":\"Nordic Padel\",\"url\":\"https:\/\/nordicpadel.com\/sv\/\",\"logo\":{\"@type\":\"ImageObject\",\"inLanguage\":\"sv-SE\",\"@id\":\"https:\/\/nordicpadel.com\/sv\/#\/schema\/logo\/image\/\",\"url\":\"https:\/\/nordicpadel.com\/sv\/wp-content\/uploads\/sites\/10\/2022\/12\/Nordic-Padel-small_1-1.png\",\"contentUrl\":\"https:\/\/nordicpadel.com\/sv\/wp-content\/uploads\/sites\/10\/2022\/12\/Nordic-Padel-small_1-1.png\",\"width\":400,\"height\":119,\"caption\":\"Nordic Padel\"},\"image\":{\"@id\":\"https:\/\/nordicpadel.com\/sv\/#\/schema\/logo\/image\/\"}}]}<\/script>\n<!-- \/ Yoast SEO plugin. -->","yoast_head_json":{"title":"HEAD Alpha Backpack Padel - Nordic Padel","robots":{"index":"index","follow":"follow","max-snippet":"max-snippet:-1","max-image-preview":"max-image-preview:large","max-video-preview":"max-video-preview:-1"},"canonical":"https:\/\/nordicpadel.com\/sv\/product\/head-alpha-backpack-padel\/","og_locale":"sv_SE","og_type":"article","og_title":"HEAD Alpha Backpack Padel - Nordic Padel","og_description":"Nu finns den nya padelv\u00e4skan\/ryggs\u00e4cken i rosa. V\u00e4skan har de finesser och smarta f\u00f6rvaringsl\u00f6sningar som man kan f\u00f6rv\u00e4nta sig utav en premiumprodukt. Den svarta designen \u00e4r stilren och uppskattad. Tv\u00e5 tillbeh\u00f6rsfickor med dragkedja Ett racketfack Ett skofack F\u00e4rg: Rosa Volym: 35 Liter Storlek: 34*50*24 cm","og_url":"https:\/\/nordicpadel.com\/sv\/product\/head-alpha-backpack-padel\/","og_site_name":"Nordic Padel","article_modified_time":"2025-11-27T06:35:43+00:00","og_image":[{"width":800,"height":800,"url":"https:\/\/nordicpadel.com\/sv\/wp-content\/uploads\/sites\/10\/2025\/11\/f997a84243aa682a7ed552ed57e55b6a.png","type":"image\/png"}],"twitter_card":"summary_large_image","schema":{"@context":"https:\/\/schema.org","@graph":[{"@type":"WebPage","@id":"https:\/\/nordicpadel.com\/sv\/product\/head-alpha-backpack-padel\/","url":"https:\/\/nordicpadel.com\/sv\/product\/head-alpha-backpack-padel\/","name":"HEAD Alpha Backpack Padel - Nordic Padel","isPartOf":{"@id":"https:\/\/nordicpadel.com\/sv\/#website"},"primaryImageOfPage":{"@id":"https:\/\/nordicpadel.com\/sv\/product\/head-alpha-backpack-padel\/#primaryimage"},"image":{"@id":"https:\/\/nordicpadel.com\/sv\/product\/head-alpha-backpack-padel\/#primaryimage"},"thumbnailUrl":"https:\/\/nordicpadel.com\/sv\/wp-content\/uploads\/sites\/10\/2025\/11\/f997a84243aa682a7ed552ed57e55b6a.png","datePublished":"2025-11-26T15:16:31+00:00","dateModified":"2025-11-27T06:35:43+00:00","breadcrumb":{"@id":"https:\/\/nordicpadel.com\/sv\/product\/head-alpha-backpack-padel\/#breadcrumb"},"inLanguage":"sv-SE","potentialAction":[{"@type":"ReadAction","target":["https:\/\/nordicpadel.com\/sv\/product\/head-alpha-backpack-padel\/"]}]},{"@type":"ImageObject","inLanguage":"sv-SE","@id":"https:\/\/nordicpadel.com\/sv\/product\/head-alpha-backpack-padel\/#primaryimage","url":"https:\/\/nordicpadel.com\/sv\/wp-content\/uploads\/sites\/10\/2025\/11\/f997a84243aa682a7ed552ed57e55b6a.png","contentUrl":"https:\/\/nordicpadel.com\/sv\/wp-content\/uploads\/sites\/10\/2025\/11\/f997a84243aa682a7ed552ed57e55b6a.png","width":800,"height":800,"caption":"HEAD Alpha Backpack Padel"},{"@type":"BreadcrumbList","@id":"https:\/\/nordicpadel.com\/sv\/product\/head-alpha-backpack-padel\/#breadcrumb","itemListElement":[{"@type":"ListItem","position":1,"name":"Hem","item":"https:\/\/nordicpadel.com\/sv\/"},{"@type":"ListItem","position":2,"name":"Shop","item":"https:\/\/nordicpadel.com\/sv\/shop\/"},{"@type":"ListItem","position":3,"name":"HEAD Alpha Backpack Padel"}]},{"@type":"WebSite","@id":"https:\/\/nordicpadel.com\/sv\/#website","url":"https:\/\/nordicpadel.com\/sv\/","name":"Nordic Padel","description":"","publisher":{"@id":"https:\/\/nordicpadel.com\/sv\/#organization"},"potentialAction":[{"@type":"SearchAction","target":{"@type":"EntryPoint","urlTemplate":"https:\/\/nordicpadel.com\/sv\/?s={search_term_string}"},"query-input":"required name=search_term_string"}],"inLanguage":"sv-SE"},{"@type":"Organization","@id":"https:\/\/nordicpadel.com\/sv\/#organization","name":"Nordic Padel","url":"https:\/\/nordicpadel.com\/sv\/","logo":{"@type":"ImageObject","inLanguage":"sv-SE","@id":"https:\/\/nordicpadel.com\/sv\/#\/schema\/logo\/image\/","url":"https:\/\/nordicpadel.com\/sv\/wp-content\/uploads\/sites\/10\/2022\/12\/Nordic-Padel-small_1-1.png","contentUrl":"https:\/\/nordicpadel.com\/sv\/wp-content\/uploads\/sites\/10\/2022\/12\/Nordic-Padel-small_1-1.png","width":400,"height":119,"caption":"Nordic Padel"},"image":{"@id":"https:\/\/nordicpadel.com\/sv\/#\/schema\/logo\/image\/"}}]}},"brands":[],"_links":{"self":[{"href":"https:\/\/nordicpadel.com\/sv\/wp-json\/wp\/v2\/product\/85202","targetHints":{"allow":["GET"]}}],"collection":[{"href":"https:\/\/nordicpadel.com\/sv\/wp-json\/wp\/v2\/product"}],"about":[{"href":"https:\/\/nordicpadel.com\/sv\/wp-json\/wp\/v2\/types\/product"}],"replies":[{"embeddable":true,"href":"https:\/\/nordicpadel.com\/sv\/wp-json\/wp\/v2\/comments?post=85202"}],"wp:featuredmedia":[{"embeddable":true,"href":"https:\/\/nordicpadel.com\/sv\/wp-json\/wp\/v2\/media\/85200"}],"wp:attachment":[{"href":"https:\/\/nordicpadel.com\/sv\/wp-json\/wp\/v2\/media?parent=85202"}],"wp:term":[{"taxonomy":"pwb-brand","embeddable":true,"href":"https:\/\/nordicpadel.com\/sv\/wp-json\/wp\/v2\/pwb-brand?post=85202"},{"taxonomy":"product_cat","embeddable":true,"href":"https:\/\/nordicpadel.com\/sv\/wp-json\/wp\/v2\/product_cat?post=85202"},{"taxonomy":"product_tag","embeddable":true,"href":"https:\/\/nordicpadel.com\/sv\/wp-json\/wp\/v2\/product_tag?post=85202"},{"taxonomy":"woo-feed-brand","embeddable":true,"href":"https:\/\/nordicpadel.com\/sv\/wp-json\/wp\/v2\/woo-feed-brand?post=85202"}],"curies":[{"name":"wp","href":"https:\/\/api.w.org\/{rel}","templated":true}]}}