{"id":85197,"date":"2025-11-26T16:16:26","date_gmt":"2025-11-26T15:16:26","guid":{"rendered":"https:\/\/nordicpadel.com\/sv\/product\/osaka-deshi\/"},"modified":"2025-11-27T16:26:45","modified_gmt":"2025-11-27T15:26:45","slug":"osaka-deshi","status":"publish","type":"product","link":"https:\/\/nordicpadel.com\/sv\/product\/osaka-deshi\/","title":{"rendered":"OSAKA Deshi"},"content":{"rendered":"<p>Osaka Deshi \u00e4r en perfekt racket f\u00f6r nyb\u00f6rjare som vill ha ett enkelt racket f\u00f6r att l\u00e4ra sig sporten. Med sin runda form och l\u00e5ga balans kommer du att k\u00e4nna dig v\u00e4ldigt bekv\u00e4m i dina tr\u00e4ffar n\u00e4r du sl\u00e5r och placerar bollarna. Tr\u00e4ytan \u00e4r gjord av 100% glasfiber och k\u00e4rnan \u00e4r gjord av flexibelt skum kallat &#8220;Soft Eva Density&#8221;. Denna kombination bidrar ocks\u00e5 till att g\u00f6ra det l\u00e4ttare f\u00f6r dig att spela i din egen takt. Osaka Deshi ger dig all m\u00f6jlighet till att spela p\u00e5 en god niv\u00e5 d\u00e4r du f\u00e5r bra slag. Racket har en vikt p\u00e5 mellan 350-370 gram.<\/p>\n","protected":false},"excerpt":{"rendered":"<p>Osaka Deshi \u00e4r en perfekt racket f\u00f6r nyb\u00f6rjare som vill ha ett enkelt racket f\u00f6r att l\u00e4ra sig sporten. Med sin runda form och l\u00e5ga balans kommer du att k\u00e4nna dig v\u00e4ldigt bekv\u00e4m i dina tr\u00e4ffar n\u00e4r du sl\u00e5r och placerar bollarna. Tr\u00e4ytan \u00e4r gjord av 100% glasfiber och k\u00e4rnan \u00e4r gjord av flexibelt skum [&hellip;]<\/p>\n","protected":false},"featured_media":85196,"comment_status":"open","ping_status":"closed","template":"","meta":[],"pwb-brand":[],"product_cat":[16],"product_tag":[],"woo-feed-brand":[],"class_list":{"0":"post-85197","1":"product","2":"type-product","3":"status-publish","4":"has-post-thumbnail","6":"product_cat-padelracket","7":"pa_varumarke-osaka","9":"first","10":"outofstock","11":"sale","12":"taxable","13":"shipping-taxable","14":"purchasable","15":"product-type-simple"},"bundled_by":[],"bundle_stock_status":"outofstock","bundle_stock_quantity":0,"bundle_virtual":false,"bundle_layout":"","bundle_add_to_cart_form_location":"","bundle_editable_in_cart":false,"bundle_sold_individually_context":"","bundle_item_grouping":"","bundle_min_size":"","bundle_max_size":"","bundled_items":[],"bundle_sell_ids":[],"acf":[],"yoast_head":"<!-- This site is optimized with the Yoast SEO plugin v23.1 - https:\/\/yoast.com\/wordpress\/plugins\/seo\/ -->\n<title>OSAKA Deshi - Nordic Padel<\/title>\n<meta name=\"robots\" content=\"index, follow, max-snippet:-1, max-image-preview:large, max-video-preview:-1\" \/>\n<link rel=\"canonical\" href=\"https:\/\/nordicpadel.com\/sv\/product\/osaka-deshi\/\" \/>\n<meta property=\"og:locale\" content=\"sv_SE\" \/>\n<meta property=\"og:type\" content=\"article\" \/>\n<meta property=\"og:title\" content=\"OSAKA Deshi - Nordic Padel\" \/>\n<meta property=\"og:description\" content=\"Osaka Deshi \u00e4r en perfekt racket f\u00f6r nyb\u00f6rjare som vill ha ett enkelt racket f\u00f6r att l\u00e4ra sig sporten. Med sin runda form och l\u00e5ga balans kommer du att k\u00e4nna dig v\u00e4ldigt bekv\u00e4m i dina tr\u00e4ffar n\u00e4r du sl\u00e5r och placerar bollarna. Tr\u00e4ytan \u00e4r gjord av 100% glasfiber och k\u00e4rnan \u00e4r gjord av flexibelt skum [&hellip;]\" \/>\n<meta property=\"og:url\" content=\"https:\/\/nordicpadel.com\/sv\/product\/osaka-deshi\/\" \/>\n<meta property=\"og:site_name\" content=\"Nordic Padel\" \/>\n<meta property=\"article:modified_time\" content=\"2025-11-27T15:26:45+00:00\" \/>\n<meta property=\"og:image\" content=\"https:\/\/nordicpadel.com\/sv\/wp-content\/uploads\/sites\/10\/2025\/11\/48f9f31e8d07517316b1791ed8ec5cbf.png\" \/>\n\t<meta property=\"og:image:width\" content=\"800\" \/>\n\t<meta property=\"og:image:height\" content=\"800\" \/>\n\t<meta property=\"og:image:type\" content=\"image\/png\" \/>\n<meta name=\"twitter:card\" content=\"summary_large_image\" \/>\n<meta name=\"twitter:label1\" content=\"Ber\u00e4knad l\u00e4stid\" \/>\n\t<meta name=\"twitter:data1\" content=\"1 minut\" \/>\n<script type=\"application\/ld+json\" class=\"yoast-schema-graph\">{\"@context\":\"https:\/\/schema.org\",\"@graph\":[{\"@type\":\"WebPage\",\"@id\":\"https:\/\/nordicpadel.com\/sv\/product\/osaka-deshi\/\",\"url\":\"https:\/\/nordicpadel.com\/sv\/product\/osaka-deshi\/\",\"name\":\"OSAKA Deshi - Nordic Padel\",\"isPartOf\":{\"@id\":\"https:\/\/nordicpadel.com\/sv\/#website\"},\"primaryImageOfPage\":{\"@id\":\"https:\/\/nordicpadel.com\/sv\/product\/osaka-deshi\/#primaryimage\"},\"image\":{\"@id\":\"https:\/\/nordicpadel.com\/sv\/product\/osaka-deshi\/#primaryimage\"},\"thumbnailUrl\":\"https:\/\/nordicpadel.com\/sv\/wp-content\/uploads\/sites\/10\/2025\/11\/48f9f31e8d07517316b1791ed8ec5cbf.png\",\"datePublished\":\"2025-11-26T15:16:26+00:00\",\"dateModified\":\"2025-11-27T15:26:45+00:00\",\"breadcrumb\":{\"@id\":\"https:\/\/nordicpadel.com\/sv\/product\/osaka-deshi\/#breadcrumb\"},\"inLanguage\":\"sv-SE\",\"potentialAction\":[{\"@type\":\"ReadAction\",\"target\":[\"https:\/\/nordicpadel.com\/sv\/product\/osaka-deshi\/\"]}]},{\"@type\":\"ImageObject\",\"inLanguage\":\"sv-SE\",\"@id\":\"https:\/\/nordicpadel.com\/sv\/product\/osaka-deshi\/#primaryimage\",\"url\":\"https:\/\/nordicpadel.com\/sv\/wp-content\/uploads\/sites\/10\/2025\/11\/48f9f31e8d07517316b1791ed8ec5cbf.png\",\"contentUrl\":\"https:\/\/nordicpadel.com\/sv\/wp-content\/uploads\/sites\/10\/2025\/11\/48f9f31e8d07517316b1791ed8ec5cbf.png\",\"width\":800,\"height\":800,\"caption\":\"OSAKA Deshi\"},{\"@type\":\"BreadcrumbList\",\"@id\":\"https:\/\/nordicpadel.com\/sv\/product\/osaka-deshi\/#breadcrumb\",\"itemListElement\":[{\"@type\":\"ListItem\",\"position\":1,\"name\":\"Hem\",\"item\":\"https:\/\/nordicpadel.com\/sv\/\"},{\"@type\":\"ListItem\",\"position\":2,\"name\":\"Shop\",\"item\":\"https:\/\/nordicpadel.com\/sv\/shop\/\"},{\"@type\":\"ListItem\",\"position\":3,\"name\":\"OSAKA Deshi\"}]},{\"@type\":\"WebSite\",\"@id\":\"https:\/\/nordicpadel.com\/sv\/#website\",\"url\":\"https:\/\/nordicpadel.com\/sv\/\",\"name\":\"Nordic Padel\",\"description\":\"\",\"publisher\":{\"@id\":\"https:\/\/nordicpadel.com\/sv\/#organization\"},\"potentialAction\":[{\"@type\":\"SearchAction\",\"target\":{\"@type\":\"EntryPoint\",\"urlTemplate\":\"https:\/\/nordicpadel.com\/sv\/?s={search_term_string}\"},\"query-input\":\"required name=search_term_string\"}],\"inLanguage\":\"sv-SE\"},{\"@type\":\"Organization\",\"@id\":\"https:\/\/nordicpadel.com\/sv\/#organization\",\"name\":\"Nordic Padel\",\"url\":\"https:\/\/nordicpadel.com\/sv\/\",\"logo\":{\"@type\":\"ImageObject\",\"inLanguage\":\"sv-SE\",\"@id\":\"https:\/\/nordicpadel.com\/sv\/#\/schema\/logo\/image\/\",\"url\":\"https:\/\/nordicpadel.com\/sv\/wp-content\/uploads\/sites\/10\/2022\/12\/Nordic-Padel-small_1-1.png\",\"contentUrl\":\"https:\/\/nordicpadel.com\/sv\/wp-content\/uploads\/sites\/10\/2022\/12\/Nordic-Padel-small_1-1.png\",\"width\":400,\"height\":119,\"caption\":\"Nordic Padel\"},\"image\":{\"@id\":\"https:\/\/nordicpadel.com\/sv\/#\/schema\/logo\/image\/\"}}]}<\/script>\n<!-- \/ Yoast SEO plugin. -->","yoast_head_json":{"title":"OSAKA Deshi - Nordic Padel","robots":{"index":"index","follow":"follow","max-snippet":"max-snippet:-1","max-image-preview":"max-image-preview:large","max-video-preview":"max-video-preview:-1"},"canonical":"https:\/\/nordicpadel.com\/sv\/product\/osaka-deshi\/","og_locale":"sv_SE","og_type":"article","og_title":"OSAKA Deshi - Nordic Padel","og_description":"Osaka Deshi \u00e4r en perfekt racket f\u00f6r nyb\u00f6rjare som vill ha ett enkelt racket f\u00f6r att l\u00e4ra sig sporten. Med sin runda form och l\u00e5ga balans kommer du att k\u00e4nna dig v\u00e4ldigt bekv\u00e4m i dina tr\u00e4ffar n\u00e4r du sl\u00e5r och placerar bollarna. Tr\u00e4ytan \u00e4r gjord av 100% glasfiber och k\u00e4rnan \u00e4r gjord av flexibelt skum [&hellip;]","og_url":"https:\/\/nordicpadel.com\/sv\/product\/osaka-deshi\/","og_site_name":"Nordic Padel","article_modified_time":"2025-11-27T15:26:45+00:00","og_image":[{"width":800,"height":800,"url":"https:\/\/nordicpadel.com\/sv\/wp-content\/uploads\/sites\/10\/2025\/11\/48f9f31e8d07517316b1791ed8ec5cbf.png","type":"image\/png"}],"twitter_card":"summary_large_image","twitter_misc":{"Ber\u00e4knad l\u00e4stid":"1 minut"},"schema":{"@context":"https:\/\/schema.org","@graph":[{"@type":"WebPage","@id":"https:\/\/nordicpadel.com\/sv\/product\/osaka-deshi\/","url":"https:\/\/nordicpadel.com\/sv\/product\/osaka-deshi\/","name":"OSAKA Deshi - Nordic Padel","isPartOf":{"@id":"https:\/\/nordicpadel.com\/sv\/#website"},"primaryImageOfPage":{"@id":"https:\/\/nordicpadel.com\/sv\/product\/osaka-deshi\/#primaryimage"},"image":{"@id":"https:\/\/nordicpadel.com\/sv\/product\/osaka-deshi\/#primaryimage"},"thumbnailUrl":"https:\/\/nordicpadel.com\/sv\/wp-content\/uploads\/sites\/10\/2025\/11\/48f9f31e8d07517316b1791ed8ec5cbf.png","datePublished":"2025-11-26T15:16:26+00:00","dateModified":"2025-11-27T15:26:45+00:00","breadcrumb":{"@id":"https:\/\/nordicpadel.com\/sv\/product\/osaka-deshi\/#breadcrumb"},"inLanguage":"sv-SE","potentialAction":[{"@type":"ReadAction","target":["https:\/\/nordicpadel.com\/sv\/product\/osaka-deshi\/"]}]},{"@type":"ImageObject","inLanguage":"sv-SE","@id":"https:\/\/nordicpadel.com\/sv\/product\/osaka-deshi\/#primaryimage","url":"https:\/\/nordicpadel.com\/sv\/wp-content\/uploads\/sites\/10\/2025\/11\/48f9f31e8d07517316b1791ed8ec5cbf.png","contentUrl":"https:\/\/nordicpadel.com\/sv\/wp-content\/uploads\/sites\/10\/2025\/11\/48f9f31e8d07517316b1791ed8ec5cbf.png","width":800,"height":800,"caption":"OSAKA Deshi"},{"@type":"BreadcrumbList","@id":"https:\/\/nordicpadel.com\/sv\/product\/osaka-deshi\/#breadcrumb","itemListElement":[{"@type":"ListItem","position":1,"name":"Hem","item":"https:\/\/nordicpadel.com\/sv\/"},{"@type":"ListItem","position":2,"name":"Shop","item":"https:\/\/nordicpadel.com\/sv\/shop\/"},{"@type":"ListItem","position":3,"name":"OSAKA Deshi"}]},{"@type":"WebSite","@id":"https:\/\/nordicpadel.com\/sv\/#website","url":"https:\/\/nordicpadel.com\/sv\/","name":"Nordic Padel","description":"","publisher":{"@id":"https:\/\/nordicpadel.com\/sv\/#organization"},"potentialAction":[{"@type":"SearchAction","target":{"@type":"EntryPoint","urlTemplate":"https:\/\/nordicpadel.com\/sv\/?s={search_term_string}"},"query-input":"required name=search_term_string"}],"inLanguage":"sv-SE"},{"@type":"Organization","@id":"https:\/\/nordicpadel.com\/sv\/#organization","name":"Nordic Padel","url":"https:\/\/nordicpadel.com\/sv\/","logo":{"@type":"ImageObject","inLanguage":"sv-SE","@id":"https:\/\/nordicpadel.com\/sv\/#\/schema\/logo\/image\/","url":"https:\/\/nordicpadel.com\/sv\/wp-content\/uploads\/sites\/10\/2022\/12\/Nordic-Padel-small_1-1.png","contentUrl":"https:\/\/nordicpadel.com\/sv\/wp-content\/uploads\/sites\/10\/2022\/12\/Nordic-Padel-small_1-1.png","width":400,"height":119,"caption":"Nordic Padel"},"image":{"@id":"https:\/\/nordicpadel.com\/sv\/#\/schema\/logo\/image\/"}}]}},"brands":[],"_links":{"self":[{"href":"https:\/\/nordicpadel.com\/sv\/wp-json\/wp\/v2\/product\/85197","targetHints":{"allow":["GET"]}}],"collection":[{"href":"https:\/\/nordicpadel.com\/sv\/wp-json\/wp\/v2\/product"}],"about":[{"href":"https:\/\/nordicpadel.com\/sv\/wp-json\/wp\/v2\/types\/product"}],"replies":[{"embeddable":true,"href":"https:\/\/nordicpadel.com\/sv\/wp-json\/wp\/v2\/comments?post=85197"}],"wp:featuredmedia":[{"embeddable":true,"href":"https:\/\/nordicpadel.com\/sv\/wp-json\/wp\/v2\/media\/85196"}],"wp:attachment":[{"href":"https:\/\/nordicpadel.com\/sv\/wp-json\/wp\/v2\/media?parent=85197"}],"wp:term":[{"taxonomy":"pwb-brand","embeddable":true,"href":"https:\/\/nordicpadel.com\/sv\/wp-json\/wp\/v2\/pwb-brand?post=85197"},{"taxonomy":"product_cat","embeddable":true,"href":"https:\/\/nordicpadel.com\/sv\/wp-json\/wp\/v2\/product_cat?post=85197"},{"taxonomy":"product_tag","embeddable":true,"href":"https:\/\/nordicpadel.com\/sv\/wp-json\/wp\/v2\/product_tag?post=85197"},{"taxonomy":"woo-feed-brand","embeddable":true,"href":"https:\/\/nordicpadel.com\/sv\/wp-json\/wp\/v2\/woo-feed-brand?post=85197"}],"curies":[{"name":"wp","href":"https:\/\/api.w.org\/{rel}","templated":true}]}}