{"id":85194,"date":"2025-11-26T16:16:22","date_gmt":"2025-11-26T15:16:22","guid":{"rendered":"https:\/\/nordicpadel.com\/sv\/product\/head-delta-sportbag\/"},"modified":"2025-11-27T16:15:45","modified_gmt":"2025-11-27T15:15:45","slug":"head-delta-sportbag","status":"publish","type":"product","link":"https:\/\/nordicpadel.com\/sv\/product\/head-delta-sportbag\/","title":{"rendered":"HEAD Delta Sportbag"},"content":{"rendered":"<p>K\u00f6p head sportv\u00e4ska f\u00f6r padelspelare. Detta \u00e4r <a href=\"https:\/\/nordicpadel.com\/sv\/product-category\/padelvaska\/\">padelv\u00e4ska<\/a>n f\u00f6r dig som s\u00f6ker en mer tradionell form p\u00e5 din <a href=\"https:\/\/nordicpadel.com\/sv\/product-category\/padelvaska\/\">padelv\u00e4ska<\/a>. Den kan i m\u00e5ngt och mycket liknas vid en gymv\u00e4ska men denna <a href=\"https:\/\/nordicpadel.com\/sv\/product-category\/padelvaska\/\">padelv\u00e4ska<\/a> har flera smarta funktioner. Bland annat kan v\u00e4skan b\u00e4ras som en ryggs\u00e4ck, separat skofack d\u00e4r du \u00e4ven kan f\u00f6rvara dina bl\u00f6ta kl\u00e4der. Just skofacket \u00e4r ett mycket uppskattat fack f\u00f6r de allra flesta. F\u00e4rg: Gr\u00e5\/Orange <\/p>\n<ul>\n<li>Ett yttre fack med dragkedja f\u00f6r tillbeh\u00f6r<\/li>\n<li>Ett inv\u00e4ndigt fack med dragkedja f\u00f6r tillbeh\u00f6r<\/li>\n<li>Ett CCT + racketfack<\/li>\n<li>Ett huvudfack<\/li>\n<li>Ett skofack<\/li>\n<li>Ryggs\u00e4cksb\u00e4rsystem<\/li>\n<\/ul>\n<dl>\n<dt>Volym: 49 Liter<\/dt>\n<dt>Storlek: 60 x 30,5 x 31 cm<\/dt>\n<dt>Material: 55% Polyester, 45% PU<\/dt>\n<\/dl>\n","protected":false},"excerpt":{"rendered":"<p>K\u00f6p head sportv\u00e4ska f\u00f6r padelspelare. Detta \u00e4r padelv\u00e4skan f\u00f6r dig som s\u00f6ker en mer tradionell form p\u00e5 din padelv\u00e4ska. Den kan i m\u00e5ngt och mycket liknas vid en gymv\u00e4ska men denna padelv\u00e4ska har flera smarta funktioner. Bland annat kan v\u00e4skan b\u00e4ras som en ryggs\u00e4ck, separat skofack d\u00e4r du \u00e4ven kan f\u00f6rvara dina bl\u00f6ta kl\u00e4der. Just [&hellip;]<\/p>\n","protected":false},"featured_media":85192,"comment_status":"open","ping_status":"closed","template":"","meta":[],"pwb-brand":[],"product_cat":[459],"product_tag":[],"woo-feed-brand":[],"class_list":{"0":"post-85194","1":"product","2":"type-product","3":"status-publish","4":"has-post-thumbnail","6":"product_cat-head","7":"pa_varumarke-head","9":"first","10":"outofstock","11":"sale","12":"taxable","13":"shipping-taxable","14":"purchasable","15":"product-type-simple"},"bundled_by":[],"bundle_stock_status":"outofstock","bundle_stock_quantity":0,"bundle_virtual":false,"bundle_layout":"","bundle_add_to_cart_form_location":"","bundle_editable_in_cart":false,"bundle_sold_individually_context":"","bundle_item_grouping":"","bundle_min_size":"","bundle_max_size":"","bundled_items":[],"bundle_sell_ids":[],"acf":[],"yoast_head":"<!-- This site is optimized with the Yoast SEO plugin v23.1 - https:\/\/yoast.com\/wordpress\/plugins\/seo\/ -->\n<title>HEAD Delta Sportbag - Nordic Padel<\/title>\n<meta name=\"robots\" content=\"index, follow, max-snippet:-1, max-image-preview:large, max-video-preview:-1\" \/>\n<link rel=\"canonical\" href=\"https:\/\/nordicpadel.com\/sv\/product\/head-delta-sportbag\/\" \/>\n<meta property=\"og:locale\" content=\"sv_SE\" \/>\n<meta property=\"og:type\" content=\"article\" \/>\n<meta property=\"og:title\" content=\"HEAD Delta Sportbag - Nordic Padel\" \/>\n<meta property=\"og:description\" content=\"K\u00f6p head sportv\u00e4ska f\u00f6r padelspelare. Detta \u00e4r padelv\u00e4skan f\u00f6r dig som s\u00f6ker en mer tradionell form p\u00e5 din padelv\u00e4ska. Den kan i m\u00e5ngt och mycket liknas vid en gymv\u00e4ska men denna padelv\u00e4ska har flera smarta funktioner. Bland annat kan v\u00e4skan b\u00e4ras som en ryggs\u00e4ck, separat skofack d\u00e4r du \u00e4ven kan f\u00f6rvara dina bl\u00f6ta kl\u00e4der. Just [&hellip;]\" \/>\n<meta property=\"og:url\" content=\"https:\/\/nordicpadel.com\/sv\/product\/head-delta-sportbag\/\" \/>\n<meta property=\"og:site_name\" content=\"Nordic Padel\" \/>\n<meta property=\"article:modified_time\" content=\"2025-11-27T15:15:45+00:00\" \/>\n<meta property=\"og:image\" content=\"https:\/\/nordicpadel.com\/sv\/wp-content\/uploads\/sites\/10\/2025\/11\/397ca29862a03294ed1ed757a0cd5790.png\" \/>\n\t<meta property=\"og:image:width\" content=\"800\" \/>\n\t<meta property=\"og:image:height\" content=\"800\" \/>\n\t<meta property=\"og:image:type\" content=\"image\/png\" \/>\n<meta name=\"twitter:card\" content=\"summary_large_image\" \/>\n<meta name=\"twitter:label1\" content=\"Ber\u00e4knad l\u00e4stid\" \/>\n\t<meta name=\"twitter:data1\" content=\"1 minut\" \/>\n<script type=\"application\/ld+json\" class=\"yoast-schema-graph\">{\"@context\":\"https:\/\/schema.org\",\"@graph\":[{\"@type\":\"WebPage\",\"@id\":\"https:\/\/nordicpadel.com\/sv\/product\/head-delta-sportbag\/\",\"url\":\"https:\/\/nordicpadel.com\/sv\/product\/head-delta-sportbag\/\",\"name\":\"HEAD Delta Sportbag - Nordic Padel\",\"isPartOf\":{\"@id\":\"https:\/\/nordicpadel.com\/sv\/#website\"},\"primaryImageOfPage\":{\"@id\":\"https:\/\/nordicpadel.com\/sv\/product\/head-delta-sportbag\/#primaryimage\"},\"image\":{\"@id\":\"https:\/\/nordicpadel.com\/sv\/product\/head-delta-sportbag\/#primaryimage\"},\"thumbnailUrl\":\"https:\/\/nordicpadel.com\/sv\/wp-content\/uploads\/sites\/10\/2025\/11\/397ca29862a03294ed1ed757a0cd5790.png\",\"datePublished\":\"2025-11-26T15:16:22+00:00\",\"dateModified\":\"2025-11-27T15:15:45+00:00\",\"breadcrumb\":{\"@id\":\"https:\/\/nordicpadel.com\/sv\/product\/head-delta-sportbag\/#breadcrumb\"},\"inLanguage\":\"sv-SE\",\"potentialAction\":[{\"@type\":\"ReadAction\",\"target\":[\"https:\/\/nordicpadel.com\/sv\/product\/head-delta-sportbag\/\"]}]},{\"@type\":\"ImageObject\",\"inLanguage\":\"sv-SE\",\"@id\":\"https:\/\/nordicpadel.com\/sv\/product\/head-delta-sportbag\/#primaryimage\",\"url\":\"https:\/\/nordicpadel.com\/sv\/wp-content\/uploads\/sites\/10\/2025\/11\/397ca29862a03294ed1ed757a0cd5790.png\",\"contentUrl\":\"https:\/\/nordicpadel.com\/sv\/wp-content\/uploads\/sites\/10\/2025\/11\/397ca29862a03294ed1ed757a0cd5790.png\",\"width\":800,\"height\":800,\"caption\":\"HEAD Delta Sportbag\"},{\"@type\":\"BreadcrumbList\",\"@id\":\"https:\/\/nordicpadel.com\/sv\/product\/head-delta-sportbag\/#breadcrumb\",\"itemListElement\":[{\"@type\":\"ListItem\",\"position\":1,\"name\":\"Hem\",\"item\":\"https:\/\/nordicpadel.com\/sv\/\"},{\"@type\":\"ListItem\",\"position\":2,\"name\":\"Shop\",\"item\":\"https:\/\/nordicpadel.com\/sv\/shop\/\"},{\"@type\":\"ListItem\",\"position\":3,\"name\":\"HEAD Delta Sportbag\"}]},{\"@type\":\"WebSite\",\"@id\":\"https:\/\/nordicpadel.com\/sv\/#website\",\"url\":\"https:\/\/nordicpadel.com\/sv\/\",\"name\":\"Nordic Padel\",\"description\":\"\",\"publisher\":{\"@id\":\"https:\/\/nordicpadel.com\/sv\/#organization\"},\"potentialAction\":[{\"@type\":\"SearchAction\",\"target\":{\"@type\":\"EntryPoint\",\"urlTemplate\":\"https:\/\/nordicpadel.com\/sv\/?s={search_term_string}\"},\"query-input\":\"required name=search_term_string\"}],\"inLanguage\":\"sv-SE\"},{\"@type\":\"Organization\",\"@id\":\"https:\/\/nordicpadel.com\/sv\/#organization\",\"name\":\"Nordic Padel\",\"url\":\"https:\/\/nordicpadel.com\/sv\/\",\"logo\":{\"@type\":\"ImageObject\",\"inLanguage\":\"sv-SE\",\"@id\":\"https:\/\/nordicpadel.com\/sv\/#\/schema\/logo\/image\/\",\"url\":\"https:\/\/nordicpadel.com\/sv\/wp-content\/uploads\/sites\/10\/2022\/12\/Nordic-Padel-small_1-1.png\",\"contentUrl\":\"https:\/\/nordicpadel.com\/sv\/wp-content\/uploads\/sites\/10\/2022\/12\/Nordic-Padel-small_1-1.png\",\"width\":400,\"height\":119,\"caption\":\"Nordic Padel\"},\"image\":{\"@id\":\"https:\/\/nordicpadel.com\/sv\/#\/schema\/logo\/image\/\"}}]}<\/script>\n<!-- \/ Yoast SEO plugin. -->","yoast_head_json":{"title":"HEAD Delta Sportbag - Nordic Padel","robots":{"index":"index","follow":"follow","max-snippet":"max-snippet:-1","max-image-preview":"max-image-preview:large","max-video-preview":"max-video-preview:-1"},"canonical":"https:\/\/nordicpadel.com\/sv\/product\/head-delta-sportbag\/","og_locale":"sv_SE","og_type":"article","og_title":"HEAD Delta Sportbag - Nordic Padel","og_description":"K\u00f6p head sportv\u00e4ska f\u00f6r padelspelare. Detta \u00e4r padelv\u00e4skan f\u00f6r dig som s\u00f6ker en mer tradionell form p\u00e5 din padelv\u00e4ska. Den kan i m\u00e5ngt och mycket liknas vid en gymv\u00e4ska men denna padelv\u00e4ska har flera smarta funktioner. Bland annat kan v\u00e4skan b\u00e4ras som en ryggs\u00e4ck, separat skofack d\u00e4r du \u00e4ven kan f\u00f6rvara dina bl\u00f6ta kl\u00e4der. Just [&hellip;]","og_url":"https:\/\/nordicpadel.com\/sv\/product\/head-delta-sportbag\/","og_site_name":"Nordic Padel","article_modified_time":"2025-11-27T15:15:45+00:00","og_image":[{"width":800,"height":800,"url":"https:\/\/nordicpadel.com\/sv\/wp-content\/uploads\/sites\/10\/2025\/11\/397ca29862a03294ed1ed757a0cd5790.png","type":"image\/png"}],"twitter_card":"summary_large_image","twitter_misc":{"Ber\u00e4knad l\u00e4stid":"1 minut"},"schema":{"@context":"https:\/\/schema.org","@graph":[{"@type":"WebPage","@id":"https:\/\/nordicpadel.com\/sv\/product\/head-delta-sportbag\/","url":"https:\/\/nordicpadel.com\/sv\/product\/head-delta-sportbag\/","name":"HEAD Delta Sportbag - Nordic Padel","isPartOf":{"@id":"https:\/\/nordicpadel.com\/sv\/#website"},"primaryImageOfPage":{"@id":"https:\/\/nordicpadel.com\/sv\/product\/head-delta-sportbag\/#primaryimage"},"image":{"@id":"https:\/\/nordicpadel.com\/sv\/product\/head-delta-sportbag\/#primaryimage"},"thumbnailUrl":"https:\/\/nordicpadel.com\/sv\/wp-content\/uploads\/sites\/10\/2025\/11\/397ca29862a03294ed1ed757a0cd5790.png","datePublished":"2025-11-26T15:16:22+00:00","dateModified":"2025-11-27T15:15:45+00:00","breadcrumb":{"@id":"https:\/\/nordicpadel.com\/sv\/product\/head-delta-sportbag\/#breadcrumb"},"inLanguage":"sv-SE","potentialAction":[{"@type":"ReadAction","target":["https:\/\/nordicpadel.com\/sv\/product\/head-delta-sportbag\/"]}]},{"@type":"ImageObject","inLanguage":"sv-SE","@id":"https:\/\/nordicpadel.com\/sv\/product\/head-delta-sportbag\/#primaryimage","url":"https:\/\/nordicpadel.com\/sv\/wp-content\/uploads\/sites\/10\/2025\/11\/397ca29862a03294ed1ed757a0cd5790.png","contentUrl":"https:\/\/nordicpadel.com\/sv\/wp-content\/uploads\/sites\/10\/2025\/11\/397ca29862a03294ed1ed757a0cd5790.png","width":800,"height":800,"caption":"HEAD Delta Sportbag"},{"@type":"BreadcrumbList","@id":"https:\/\/nordicpadel.com\/sv\/product\/head-delta-sportbag\/#breadcrumb","itemListElement":[{"@type":"ListItem","position":1,"name":"Hem","item":"https:\/\/nordicpadel.com\/sv\/"},{"@type":"ListItem","position":2,"name":"Shop","item":"https:\/\/nordicpadel.com\/sv\/shop\/"},{"@type":"ListItem","position":3,"name":"HEAD Delta Sportbag"}]},{"@type":"WebSite","@id":"https:\/\/nordicpadel.com\/sv\/#website","url":"https:\/\/nordicpadel.com\/sv\/","name":"Nordic Padel","description":"","publisher":{"@id":"https:\/\/nordicpadel.com\/sv\/#organization"},"potentialAction":[{"@type":"SearchAction","target":{"@type":"EntryPoint","urlTemplate":"https:\/\/nordicpadel.com\/sv\/?s={search_term_string}"},"query-input":"required name=search_term_string"}],"inLanguage":"sv-SE"},{"@type":"Organization","@id":"https:\/\/nordicpadel.com\/sv\/#organization","name":"Nordic Padel","url":"https:\/\/nordicpadel.com\/sv\/","logo":{"@type":"ImageObject","inLanguage":"sv-SE","@id":"https:\/\/nordicpadel.com\/sv\/#\/schema\/logo\/image\/","url":"https:\/\/nordicpadel.com\/sv\/wp-content\/uploads\/sites\/10\/2022\/12\/Nordic-Padel-small_1-1.png","contentUrl":"https:\/\/nordicpadel.com\/sv\/wp-content\/uploads\/sites\/10\/2022\/12\/Nordic-Padel-small_1-1.png","width":400,"height":119,"caption":"Nordic Padel"},"image":{"@id":"https:\/\/nordicpadel.com\/sv\/#\/schema\/logo\/image\/"}}]}},"brands":[],"_links":{"self":[{"href":"https:\/\/nordicpadel.com\/sv\/wp-json\/wp\/v2\/product\/85194","targetHints":{"allow":["GET"]}}],"collection":[{"href":"https:\/\/nordicpadel.com\/sv\/wp-json\/wp\/v2\/product"}],"about":[{"href":"https:\/\/nordicpadel.com\/sv\/wp-json\/wp\/v2\/types\/product"}],"replies":[{"embeddable":true,"href":"https:\/\/nordicpadel.com\/sv\/wp-json\/wp\/v2\/comments?post=85194"}],"wp:featuredmedia":[{"embeddable":true,"href":"https:\/\/nordicpadel.com\/sv\/wp-json\/wp\/v2\/media\/85192"}],"wp:attachment":[{"href":"https:\/\/nordicpadel.com\/sv\/wp-json\/wp\/v2\/media?parent=85194"}],"wp:term":[{"taxonomy":"pwb-brand","embeddable":true,"href":"https:\/\/nordicpadel.com\/sv\/wp-json\/wp\/v2\/pwb-brand?post=85194"},{"taxonomy":"product_cat","embeddable":true,"href":"https:\/\/nordicpadel.com\/sv\/wp-json\/wp\/v2\/product_cat?post=85194"},{"taxonomy":"product_tag","embeddable":true,"href":"https:\/\/nordicpadel.com\/sv\/wp-json\/wp\/v2\/product_tag?post=85194"},{"taxonomy":"woo-feed-brand","embeddable":true,"href":"https:\/\/nordicpadel.com\/sv\/wp-json\/wp\/v2\/woo-feed-brand?post=85194"}],"curies":[{"name":"wp","href":"https:\/\/api.w.org\/{rel}","templated":true}]}}