{"id":85180,"date":"2025-11-26T16:16:07","date_gmt":"2025-11-26T15:16:07","guid":{"rendered":"https:\/\/nordicpadel.com\/sv\/product\/bullpadel-hack-hybrid-fly\/"},"modified":"2026-01-19T00:23:47","modified_gmt":"2026-01-18T23:23:47","slug":"bullpadel-hack-hybrid-fly","status":"publish","type":"product","link":"https:\/\/nordicpadel.com\/sv\/product\/bullpadel-hack-hybrid-fly\/","title":{"rendered":"Bullpadel Hack Hybrid Fly"},"content":{"rendered":"<p>Bullpadel har tagit fram en sula som \u00e4r tv\u00e5delad, det vill s\u00e4ga ena delen \u00e4r fiskbensm\u00f6nstrad f\u00f6r maximalt grepp p\u00e5 banan, medans den andra halvan har ett m\u00f6nster som ser ut som sm\u00e5 stoppunkter. Skon blir d\u00e4rmed optimal f\u00f6r att r\u00f6ra sig p\u00e5 padelbanan. Rotox p\u00e5 fr\u00e4mre delen av skon ger dig ocks\u00e5 en f\u00f6rdel n\u00e4r du roterar nere i h\u00f6rnen. &lt;a href=&quot;https:\/\/nordicpadel.com\/sv\/product-category\/<a href=\"https:\/\/nordicpadel.com\/sv\/product-category\/padelskor\/herr\/\">padelsko<\/a>r\/&#8221;&gt;<a href=\"https:\/\/nordicpadel.com\/sv\/product-category\/padelskor\/herr\/\">padelsko<\/a>r<\/a>na \u00e4r sk\u00f6na fr\u00e5n f\u00f6rsta stund men eftersom Bullpadel anv\u00e4nder sig av en speciell v\u00e4vteknik och termolimmade s\u00f6mmar s\u00e5 formar sig skon efter din fot ju mer du anv\u00e4nder den.<br \/>L\u00e4s g\u00e4rna v\u00e5r <a href=\"https:\/\/nordicpadel.com\/sv\/guide-padelskor\/\">skoguide<\/a> som inneh\u00e5ller tips samt en storleksguide f\u00f6r att hj\u00e4lpa dig hitta r\u00e4tt skor.<\/p>\n","protected":false},"excerpt":{"rendered":"<p>Bullpadel har tagit fram en sula som \u00e4r tv\u00e5delad, det vill s\u00e4ga ena delen \u00e4r fiskbensm\u00f6nstrad f\u00f6r maximalt grepp p\u00e5 banan, medans den andra halvan har ett m\u00f6nster som ser ut som sm\u00e5 stoppunkter. Skon blir d\u00e4rmed optimal f\u00f6r att r\u00f6ra sig p\u00e5 padelbanan. Rotox p\u00e5 fr\u00e4mre delen av skon ger dig ocks\u00e5 en f\u00f6rdel [&hellip;]<\/p>\n","protected":false},"featured_media":85179,"comment_status":"open","ping_status":"closed","template":"","meta":[],"pwb-brand":[],"product_cat":[457],"product_tag":[],"woo-feed-brand":[],"class_list":{"0":"post-85180","1":"product","2":"type-product","3":"status-publish","4":"has-post-thumbnail","6":"product_cat-bullpadel","7":"pa_varumarke-bullpadel","9":"first","10":"instock","11":"sale","12":"taxable","13":"shipping-taxable","14":"purchasable","15":"product-type-variable"},"bundled_by":[],"bundle_stock_status":"instock","bundle_stock_quantity":1,"bundle_virtual":false,"bundle_layout":"","bundle_add_to_cart_form_location":"","bundle_editable_in_cart":false,"bundle_sold_individually_context":"","bundle_item_grouping":"","bundle_min_size":"","bundle_max_size":"","bundled_items":[],"bundle_sell_ids":[],"acf":[],"yoast_head":"<!-- This site is optimized with the Yoast SEO plugin v23.1 - https:\/\/yoast.com\/wordpress\/plugins\/seo\/ -->\n<title>Bullpadel Hack Hybrid Fly - Nordic Padel<\/title>\n<meta name=\"robots\" content=\"index, follow, max-snippet:-1, max-image-preview:large, max-video-preview:-1\" \/>\n<link rel=\"canonical\" href=\"https:\/\/nordicpadel.com\/sv\/product\/bullpadel-hack-hybrid-fly\/\" \/>\n<meta property=\"og:locale\" content=\"sv_SE\" \/>\n<meta property=\"og:type\" content=\"article\" \/>\n<meta property=\"og:title\" content=\"Bullpadel Hack Hybrid Fly - Nordic Padel\" \/>\n<meta property=\"og:description\" content=\"Bullpadel har tagit fram en sula som \u00e4r tv\u00e5delad, det vill s\u00e4ga ena delen \u00e4r fiskbensm\u00f6nstrad f\u00f6r maximalt grepp p\u00e5 banan, medans den andra halvan har ett m\u00f6nster som ser ut som sm\u00e5 stoppunkter. Skon blir d\u00e4rmed optimal f\u00f6r att r\u00f6ra sig p\u00e5 padelbanan. Rotox p\u00e5 fr\u00e4mre delen av skon ger dig ocks\u00e5 en f\u00f6rdel [&hellip;]\" \/>\n<meta property=\"og:url\" content=\"https:\/\/nordicpadel.com\/sv\/product\/bullpadel-hack-hybrid-fly\/\" \/>\n<meta property=\"og:site_name\" content=\"Nordic Padel\" \/>\n<meta property=\"article:modified_time\" content=\"2026-01-18T23:23:47+00:00\" \/>\n<meta property=\"og:image\" content=\"https:\/\/nordicpadel.com\/sv\/wp-content\/uploads\/sites\/10\/2025\/11\/968bca1ad23c93b20cde0d1a356bdbbd.jpg\" \/>\n\t<meta property=\"og:image:width\" content=\"800\" \/>\n\t<meta property=\"og:image:height\" content=\"800\" \/>\n\t<meta property=\"og:image:type\" content=\"image\/jpeg\" \/>\n<meta name=\"twitter:card\" content=\"summary_large_image\" \/>\n<meta name=\"twitter:label1\" content=\"Ber\u00e4knad l\u00e4stid\" \/>\n\t<meta name=\"twitter:data1\" content=\"1 minut\" \/>\n<script type=\"application\/ld+json\" class=\"yoast-schema-graph\">{\"@context\":\"https:\/\/schema.org\",\"@graph\":[{\"@type\":\"WebPage\",\"@id\":\"https:\/\/nordicpadel.com\/sv\/product\/bullpadel-hack-hybrid-fly\/\",\"url\":\"https:\/\/nordicpadel.com\/sv\/product\/bullpadel-hack-hybrid-fly\/\",\"name\":\"Bullpadel Hack Hybrid Fly - Nordic Padel\",\"isPartOf\":{\"@id\":\"https:\/\/nordicpadel.com\/sv\/#website\"},\"primaryImageOfPage\":{\"@id\":\"https:\/\/nordicpadel.com\/sv\/product\/bullpadel-hack-hybrid-fly\/#primaryimage\"},\"image\":{\"@id\":\"https:\/\/nordicpadel.com\/sv\/product\/bullpadel-hack-hybrid-fly\/#primaryimage\"},\"thumbnailUrl\":\"https:\/\/nordicpadel.com\/sv\/wp-content\/uploads\/sites\/10\/2025\/11\/968bca1ad23c93b20cde0d1a356bdbbd.jpg\",\"datePublished\":\"2025-11-26T15:16:07+00:00\",\"dateModified\":\"2026-01-18T23:23:47+00:00\",\"breadcrumb\":{\"@id\":\"https:\/\/nordicpadel.com\/sv\/product\/bullpadel-hack-hybrid-fly\/#breadcrumb\"},\"inLanguage\":\"sv-SE\",\"potentialAction\":[{\"@type\":\"ReadAction\",\"target\":[\"https:\/\/nordicpadel.com\/sv\/product\/bullpadel-hack-hybrid-fly\/\"]}]},{\"@type\":\"ImageObject\",\"inLanguage\":\"sv-SE\",\"@id\":\"https:\/\/nordicpadel.com\/sv\/product\/bullpadel-hack-hybrid-fly\/#primaryimage\",\"url\":\"https:\/\/nordicpadel.com\/sv\/wp-content\/uploads\/sites\/10\/2025\/11\/968bca1ad23c93b20cde0d1a356bdbbd.jpg\",\"contentUrl\":\"https:\/\/nordicpadel.com\/sv\/wp-content\/uploads\/sites\/10\/2025\/11\/968bca1ad23c93b20cde0d1a356bdbbd.jpg\",\"width\":800,\"height\":800,\"caption\":\"Bullpadel Hack Hybrid Fly\"},{\"@type\":\"BreadcrumbList\",\"@id\":\"https:\/\/nordicpadel.com\/sv\/product\/bullpadel-hack-hybrid-fly\/#breadcrumb\",\"itemListElement\":[{\"@type\":\"ListItem\",\"position\":1,\"name\":\"Hem\",\"item\":\"https:\/\/nordicpadel.com\/sv\/\"},{\"@type\":\"ListItem\",\"position\":2,\"name\":\"Shop\",\"item\":\"https:\/\/nordicpadel.com\/sv\/shop\/\"},{\"@type\":\"ListItem\",\"position\":3,\"name\":\"Bullpadel Hack Hybrid Fly\"}]},{\"@type\":\"WebSite\",\"@id\":\"https:\/\/nordicpadel.com\/sv\/#website\",\"url\":\"https:\/\/nordicpadel.com\/sv\/\",\"name\":\"Nordic Padel\",\"description\":\"\",\"publisher\":{\"@id\":\"https:\/\/nordicpadel.com\/sv\/#organization\"},\"potentialAction\":[{\"@type\":\"SearchAction\",\"target\":{\"@type\":\"EntryPoint\",\"urlTemplate\":\"https:\/\/nordicpadel.com\/sv\/?s={search_term_string}\"},\"query-input\":\"required name=search_term_string\"}],\"inLanguage\":\"sv-SE\"},{\"@type\":\"Organization\",\"@id\":\"https:\/\/nordicpadel.com\/sv\/#organization\",\"name\":\"Nordic Padel\",\"url\":\"https:\/\/nordicpadel.com\/sv\/\",\"logo\":{\"@type\":\"ImageObject\",\"inLanguage\":\"sv-SE\",\"@id\":\"https:\/\/nordicpadel.com\/sv\/#\/schema\/logo\/image\/\",\"url\":\"https:\/\/nordicpadel.com\/sv\/wp-content\/uploads\/sites\/10\/2022\/12\/Nordic-Padel-small_1-1.png\",\"contentUrl\":\"https:\/\/nordicpadel.com\/sv\/wp-content\/uploads\/sites\/10\/2022\/12\/Nordic-Padel-small_1-1.png\",\"width\":400,\"height\":119,\"caption\":\"Nordic Padel\"},\"image\":{\"@id\":\"https:\/\/nordicpadel.com\/sv\/#\/schema\/logo\/image\/\"}}]}<\/script>\n<!-- \/ Yoast SEO plugin. -->","yoast_head_json":{"title":"Bullpadel Hack Hybrid Fly - Nordic Padel","robots":{"index":"index","follow":"follow","max-snippet":"max-snippet:-1","max-image-preview":"max-image-preview:large","max-video-preview":"max-video-preview:-1"},"canonical":"https:\/\/nordicpadel.com\/sv\/product\/bullpadel-hack-hybrid-fly\/","og_locale":"sv_SE","og_type":"article","og_title":"Bullpadel Hack Hybrid Fly - Nordic Padel","og_description":"Bullpadel har tagit fram en sula som \u00e4r tv\u00e5delad, det vill s\u00e4ga ena delen \u00e4r fiskbensm\u00f6nstrad f\u00f6r maximalt grepp p\u00e5 banan, medans den andra halvan har ett m\u00f6nster som ser ut som sm\u00e5 stoppunkter. Skon blir d\u00e4rmed optimal f\u00f6r att r\u00f6ra sig p\u00e5 padelbanan. Rotox p\u00e5 fr\u00e4mre delen av skon ger dig ocks\u00e5 en f\u00f6rdel [&hellip;]","og_url":"https:\/\/nordicpadel.com\/sv\/product\/bullpadel-hack-hybrid-fly\/","og_site_name":"Nordic Padel","article_modified_time":"2026-01-18T23:23:47+00:00","og_image":[{"width":800,"height":800,"url":"https:\/\/nordicpadel.com\/sv\/wp-content\/uploads\/sites\/10\/2025\/11\/968bca1ad23c93b20cde0d1a356bdbbd.jpg","type":"image\/jpeg"}],"twitter_card":"summary_large_image","twitter_misc":{"Ber\u00e4knad l\u00e4stid":"1 minut"},"schema":{"@context":"https:\/\/schema.org","@graph":[{"@type":"WebPage","@id":"https:\/\/nordicpadel.com\/sv\/product\/bullpadel-hack-hybrid-fly\/","url":"https:\/\/nordicpadel.com\/sv\/product\/bullpadel-hack-hybrid-fly\/","name":"Bullpadel Hack Hybrid Fly - Nordic Padel","isPartOf":{"@id":"https:\/\/nordicpadel.com\/sv\/#website"},"primaryImageOfPage":{"@id":"https:\/\/nordicpadel.com\/sv\/product\/bullpadel-hack-hybrid-fly\/#primaryimage"},"image":{"@id":"https:\/\/nordicpadel.com\/sv\/product\/bullpadel-hack-hybrid-fly\/#primaryimage"},"thumbnailUrl":"https:\/\/nordicpadel.com\/sv\/wp-content\/uploads\/sites\/10\/2025\/11\/968bca1ad23c93b20cde0d1a356bdbbd.jpg","datePublished":"2025-11-26T15:16:07+00:00","dateModified":"2026-01-18T23:23:47+00:00","breadcrumb":{"@id":"https:\/\/nordicpadel.com\/sv\/product\/bullpadel-hack-hybrid-fly\/#breadcrumb"},"inLanguage":"sv-SE","potentialAction":[{"@type":"ReadAction","target":["https:\/\/nordicpadel.com\/sv\/product\/bullpadel-hack-hybrid-fly\/"]}]},{"@type":"ImageObject","inLanguage":"sv-SE","@id":"https:\/\/nordicpadel.com\/sv\/product\/bullpadel-hack-hybrid-fly\/#primaryimage","url":"https:\/\/nordicpadel.com\/sv\/wp-content\/uploads\/sites\/10\/2025\/11\/968bca1ad23c93b20cde0d1a356bdbbd.jpg","contentUrl":"https:\/\/nordicpadel.com\/sv\/wp-content\/uploads\/sites\/10\/2025\/11\/968bca1ad23c93b20cde0d1a356bdbbd.jpg","width":800,"height":800,"caption":"Bullpadel Hack Hybrid Fly"},{"@type":"BreadcrumbList","@id":"https:\/\/nordicpadel.com\/sv\/product\/bullpadel-hack-hybrid-fly\/#breadcrumb","itemListElement":[{"@type":"ListItem","position":1,"name":"Hem","item":"https:\/\/nordicpadel.com\/sv\/"},{"@type":"ListItem","position":2,"name":"Shop","item":"https:\/\/nordicpadel.com\/sv\/shop\/"},{"@type":"ListItem","position":3,"name":"Bullpadel Hack Hybrid Fly"}]},{"@type":"WebSite","@id":"https:\/\/nordicpadel.com\/sv\/#website","url":"https:\/\/nordicpadel.com\/sv\/","name":"Nordic Padel","description":"","publisher":{"@id":"https:\/\/nordicpadel.com\/sv\/#organization"},"potentialAction":[{"@type":"SearchAction","target":{"@type":"EntryPoint","urlTemplate":"https:\/\/nordicpadel.com\/sv\/?s={search_term_string}"},"query-input":"required name=search_term_string"}],"inLanguage":"sv-SE"},{"@type":"Organization","@id":"https:\/\/nordicpadel.com\/sv\/#organization","name":"Nordic Padel","url":"https:\/\/nordicpadel.com\/sv\/","logo":{"@type":"ImageObject","inLanguage":"sv-SE","@id":"https:\/\/nordicpadel.com\/sv\/#\/schema\/logo\/image\/","url":"https:\/\/nordicpadel.com\/sv\/wp-content\/uploads\/sites\/10\/2022\/12\/Nordic-Padel-small_1-1.png","contentUrl":"https:\/\/nordicpadel.com\/sv\/wp-content\/uploads\/sites\/10\/2022\/12\/Nordic-Padel-small_1-1.png","width":400,"height":119,"caption":"Nordic Padel"},"image":{"@id":"https:\/\/nordicpadel.com\/sv\/#\/schema\/logo\/image\/"}}]}},"brands":[],"_links":{"self":[{"href":"https:\/\/nordicpadel.com\/sv\/wp-json\/wp\/v2\/product\/85180","targetHints":{"allow":["GET"]}}],"collection":[{"href":"https:\/\/nordicpadel.com\/sv\/wp-json\/wp\/v2\/product"}],"about":[{"href":"https:\/\/nordicpadel.com\/sv\/wp-json\/wp\/v2\/types\/product"}],"replies":[{"embeddable":true,"href":"https:\/\/nordicpadel.com\/sv\/wp-json\/wp\/v2\/comments?post=85180"}],"wp:featuredmedia":[{"embeddable":true,"href":"https:\/\/nordicpadel.com\/sv\/wp-json\/wp\/v2\/media\/85179"}],"wp:attachment":[{"href":"https:\/\/nordicpadel.com\/sv\/wp-json\/wp\/v2\/media?parent=85180"}],"wp:term":[{"taxonomy":"pwb-brand","embeddable":true,"href":"https:\/\/nordicpadel.com\/sv\/wp-json\/wp\/v2\/pwb-brand?post=85180"},{"taxonomy":"product_cat","embeddable":true,"href":"https:\/\/nordicpadel.com\/sv\/wp-json\/wp\/v2\/product_cat?post=85180"},{"taxonomy":"product_tag","embeddable":true,"href":"https:\/\/nordicpadel.com\/sv\/wp-json\/wp\/v2\/product_tag?post=85180"},{"taxonomy":"woo-feed-brand","embeddable":true,"href":"https:\/\/nordicpadel.com\/sv\/wp-json\/wp\/v2\/woo-feed-brand?post=85180"}],"curies":[{"name":"wp","href":"https:\/\/api.w.org\/{rel}","templated":true}]}}