{"id":85114,"date":"2025-11-26T16:15:07","date_gmt":"2025-11-26T15:15:07","guid":{"rendered":"https:\/\/nordicpadel.com\/sv\/product\/moja-long-tights-2\/"},"modified":"2026-03-09T01:53:47","modified_gmt":"2026-03-09T00:53:47","slug":"moja-long-tights-2","status":"publish","type":"product","link":"https:\/\/nordicpadel.com\/sv\/product\/moja-long-tights-2\/","title":{"rendered":"MOJA Long Tights"},"content":{"rendered":"<p>Popul\u00e4ra tights f\u00f6r racketsporter. L\u00e5nga m\u00f6rkbl\u00e5 tights MED bollfickor. Perfekt att ha en kylig dag eller n\u00e4r du vill h\u00e5lla dig varm OCH \u00e4nd\u00e5 beh\u00f6ver full r\u00f6relsefrihet. Passar utm\u00e4rkt p\u00e5 tennisbanan och padelbanan eftersom ocks\u00e5 det finns tv\u00e5 bra sidofickor att f\u00f6rvara bollarna i. F\u00e4rg: M\u00f6rkbl\u00e5<\/p>\n","protected":false},"excerpt":{"rendered":"<p>Popul\u00e4ra tights f\u00f6r racketsporter. L\u00e5nga m\u00f6rkbl\u00e5 tights MED bollfickor. Perfekt att ha en kylig dag eller n\u00e4r du vill h\u00e5lla dig varm OCH \u00e4nd\u00e5 beh\u00f6ver full r\u00f6relsefrihet. Passar utm\u00e4rkt p\u00e5 tennisbanan och padelbanan eftersom ocks\u00e5 det finns tv\u00e5 bra sidofickor att f\u00f6rvara bollarna i. F\u00e4rg: M\u00f6rkbl\u00e5<\/p>\n","protected":false},"featured_media":85110,"comment_status":"open","ping_status":"closed","template":"","meta":[],"pwb-brand":[],"product_cat":[39],"product_tag":[],"woo-feed-brand":[],"class_list":{"0":"post-85114","1":"product","2":"type-product","3":"status-publish","4":"has-post-thumbnail","6":"product_cat-padelklader-dam","7":"pa_varumarke-moja","9":"first","10":"instock","11":"taxable","12":"shipping-taxable","13":"purchasable","14":"product-type-variable"},"bundled_by":[],"bundle_stock_status":"instock","bundle_stock_quantity":4,"bundle_virtual":false,"bundle_layout":"","bundle_add_to_cart_form_location":"","bundle_editable_in_cart":false,"bundle_sold_individually_context":"","bundle_item_grouping":"","bundle_min_size":"","bundle_max_size":"","bundled_items":[],"bundle_sell_ids":[],"acf":[],"yoast_head":"<!-- This site is optimized with the Yoast SEO plugin v23.1 - https:\/\/yoast.com\/wordpress\/plugins\/seo\/ -->\n<title>MOJA Long Tights - Nordic Padel<\/title>\n<meta name=\"robots\" content=\"index, follow, max-snippet:-1, max-image-preview:large, max-video-preview:-1\" \/>\n<link rel=\"canonical\" href=\"https:\/\/nordicpadel.com\/sv\/product\/moja-long-tights-2\/\" \/>\n<meta property=\"og:locale\" content=\"sv_SE\" \/>\n<meta property=\"og:type\" content=\"article\" \/>\n<meta property=\"og:title\" content=\"MOJA Long Tights - Nordic Padel\" \/>\n<meta property=\"og:description\" content=\"Popul\u00e4ra tights f\u00f6r racketsporter. L\u00e5nga m\u00f6rkbl\u00e5 tights MED bollfickor. Perfekt att ha en kylig dag eller n\u00e4r du vill h\u00e5lla dig varm OCH \u00e4nd\u00e5 beh\u00f6ver full r\u00f6relsefrihet. Passar utm\u00e4rkt p\u00e5 tennisbanan och padelbanan eftersom ocks\u00e5 det finns tv\u00e5 bra sidofickor att f\u00f6rvara bollarna i. F\u00e4rg: M\u00f6rkbl\u00e5\" \/>\n<meta property=\"og:url\" content=\"https:\/\/nordicpadel.com\/sv\/product\/moja-long-tights-2\/\" \/>\n<meta property=\"og:site_name\" content=\"Nordic Padel\" \/>\n<meta property=\"article:modified_time\" content=\"2026-03-09T00:53:47+00:00\" \/>\n<meta name=\"twitter:card\" content=\"summary_large_image\" \/>\n<script type=\"application\/ld+json\" class=\"yoast-schema-graph\">{\"@context\":\"https:\/\/schema.org\",\"@graph\":[{\"@type\":\"WebPage\",\"@id\":\"https:\/\/nordicpadel.com\/sv\/product\/moja-long-tights-2\/\",\"url\":\"https:\/\/nordicpadel.com\/sv\/product\/moja-long-tights-2\/\",\"name\":\"MOJA Long Tights - Nordic Padel\",\"isPartOf\":{\"@id\":\"https:\/\/nordicpadel.com\/sv\/#website\"},\"primaryImageOfPage\":{\"@id\":\"https:\/\/nordicpadel.com\/sv\/product\/moja-long-tights-2\/#primaryimage\"},\"image\":{\"@id\":\"https:\/\/nordicpadel.com\/sv\/product\/moja-long-tights-2\/#primaryimage\"},\"thumbnailUrl\":\"https:\/\/nordicpadel.com\/sv\/wp-content\/uploads\/sites\/10\/2025\/11\/2989e0f2a798385d10d218198f2d4e9a.png\",\"datePublished\":\"2025-11-26T15:15:07+00:00\",\"dateModified\":\"2026-03-09T00:53:47+00:00\",\"breadcrumb\":{\"@id\":\"https:\/\/nordicpadel.com\/sv\/product\/moja-long-tights-2\/#breadcrumb\"},\"inLanguage\":\"sv-SE\",\"potentialAction\":[{\"@type\":\"ReadAction\",\"target\":[\"https:\/\/nordicpadel.com\/sv\/product\/moja-long-tights-2\/\"]}]},{\"@type\":\"ImageObject\",\"inLanguage\":\"sv-SE\",\"@id\":\"https:\/\/nordicpadel.com\/sv\/product\/moja-long-tights-2\/#primaryimage\",\"url\":\"https:\/\/nordicpadel.com\/sv\/wp-content\/uploads\/sites\/10\/2025\/11\/2989e0f2a798385d10d218198f2d4e9a.png\",\"contentUrl\":\"https:\/\/nordicpadel.com\/sv\/wp-content\/uploads\/sites\/10\/2025\/11\/2989e0f2a798385d10d218198f2d4e9a.png\",\"width\":800,\"height\":800,\"caption\":\"MOJA Long Tights\"},{\"@type\":\"BreadcrumbList\",\"@id\":\"https:\/\/nordicpadel.com\/sv\/product\/moja-long-tights-2\/#breadcrumb\",\"itemListElement\":[{\"@type\":\"ListItem\",\"position\":1,\"name\":\"Hem\",\"item\":\"https:\/\/nordicpadel.com\/sv\/\"},{\"@type\":\"ListItem\",\"position\":2,\"name\":\"Shop\",\"item\":\"https:\/\/nordicpadel.com\/sv\/shop\/\"},{\"@type\":\"ListItem\",\"position\":3,\"name\":\"MOJA Long Tights\"}]},{\"@type\":\"WebSite\",\"@id\":\"https:\/\/nordicpadel.com\/sv\/#website\",\"url\":\"https:\/\/nordicpadel.com\/sv\/\",\"name\":\"Nordic Padel\",\"description\":\"\",\"publisher\":{\"@id\":\"https:\/\/nordicpadel.com\/sv\/#organization\"},\"potentialAction\":[{\"@type\":\"SearchAction\",\"target\":{\"@type\":\"EntryPoint\",\"urlTemplate\":\"https:\/\/nordicpadel.com\/sv\/?s={search_term_string}\"},\"query-input\":\"required name=search_term_string\"}],\"inLanguage\":\"sv-SE\"},{\"@type\":\"Organization\",\"@id\":\"https:\/\/nordicpadel.com\/sv\/#organization\",\"name\":\"Nordic Padel\",\"url\":\"https:\/\/nordicpadel.com\/sv\/\",\"logo\":{\"@type\":\"ImageObject\",\"inLanguage\":\"sv-SE\",\"@id\":\"https:\/\/nordicpadel.com\/sv\/#\/schema\/logo\/image\/\",\"url\":\"https:\/\/nordicpadel.com\/sv\/wp-content\/uploads\/sites\/10\/2022\/12\/Nordic-Padel-small_1-1.png\",\"contentUrl\":\"https:\/\/nordicpadel.com\/sv\/wp-content\/uploads\/sites\/10\/2022\/12\/Nordic-Padel-small_1-1.png\",\"width\":400,\"height\":119,\"caption\":\"Nordic Padel\"},\"image\":{\"@id\":\"https:\/\/nordicpadel.com\/sv\/#\/schema\/logo\/image\/\"}}]}<\/script>\n<!-- \/ Yoast SEO plugin. -->","yoast_head_json":{"title":"MOJA Long Tights - Nordic Padel","robots":{"index":"index","follow":"follow","max-snippet":"max-snippet:-1","max-image-preview":"max-image-preview:large","max-video-preview":"max-video-preview:-1"},"canonical":"https:\/\/nordicpadel.com\/sv\/product\/moja-long-tights-2\/","og_locale":"sv_SE","og_type":"article","og_title":"MOJA Long Tights - Nordic Padel","og_description":"Popul\u00e4ra tights f\u00f6r racketsporter. L\u00e5nga m\u00f6rkbl\u00e5 tights MED bollfickor. Perfekt att ha en kylig dag eller n\u00e4r du vill h\u00e5lla dig varm OCH \u00e4nd\u00e5 beh\u00f6ver full r\u00f6relsefrihet. Passar utm\u00e4rkt p\u00e5 tennisbanan och padelbanan eftersom ocks\u00e5 det finns tv\u00e5 bra sidofickor att f\u00f6rvara bollarna i. F\u00e4rg: M\u00f6rkbl\u00e5","og_url":"https:\/\/nordicpadel.com\/sv\/product\/moja-long-tights-2\/","og_site_name":"Nordic Padel","article_modified_time":"2026-03-09T00:53:47+00:00","twitter_card":"summary_large_image","schema":{"@context":"https:\/\/schema.org","@graph":[{"@type":"WebPage","@id":"https:\/\/nordicpadel.com\/sv\/product\/moja-long-tights-2\/","url":"https:\/\/nordicpadel.com\/sv\/product\/moja-long-tights-2\/","name":"MOJA Long Tights - Nordic Padel","isPartOf":{"@id":"https:\/\/nordicpadel.com\/sv\/#website"},"primaryImageOfPage":{"@id":"https:\/\/nordicpadel.com\/sv\/product\/moja-long-tights-2\/#primaryimage"},"image":{"@id":"https:\/\/nordicpadel.com\/sv\/product\/moja-long-tights-2\/#primaryimage"},"thumbnailUrl":"https:\/\/nordicpadel.com\/sv\/wp-content\/uploads\/sites\/10\/2025\/11\/2989e0f2a798385d10d218198f2d4e9a.png","datePublished":"2025-11-26T15:15:07+00:00","dateModified":"2026-03-09T00:53:47+00:00","breadcrumb":{"@id":"https:\/\/nordicpadel.com\/sv\/product\/moja-long-tights-2\/#breadcrumb"},"inLanguage":"sv-SE","potentialAction":[{"@type":"ReadAction","target":["https:\/\/nordicpadel.com\/sv\/product\/moja-long-tights-2\/"]}]},{"@type":"ImageObject","inLanguage":"sv-SE","@id":"https:\/\/nordicpadel.com\/sv\/product\/moja-long-tights-2\/#primaryimage","url":"https:\/\/nordicpadel.com\/sv\/wp-content\/uploads\/sites\/10\/2025\/11\/2989e0f2a798385d10d218198f2d4e9a.png","contentUrl":"https:\/\/nordicpadel.com\/sv\/wp-content\/uploads\/sites\/10\/2025\/11\/2989e0f2a798385d10d218198f2d4e9a.png","width":800,"height":800,"caption":"MOJA Long Tights"},{"@type":"BreadcrumbList","@id":"https:\/\/nordicpadel.com\/sv\/product\/moja-long-tights-2\/#breadcrumb","itemListElement":[{"@type":"ListItem","position":1,"name":"Hem","item":"https:\/\/nordicpadel.com\/sv\/"},{"@type":"ListItem","position":2,"name":"Shop","item":"https:\/\/nordicpadel.com\/sv\/shop\/"},{"@type":"ListItem","position":3,"name":"MOJA Long Tights"}]},{"@type":"WebSite","@id":"https:\/\/nordicpadel.com\/sv\/#website","url":"https:\/\/nordicpadel.com\/sv\/","name":"Nordic Padel","description":"","publisher":{"@id":"https:\/\/nordicpadel.com\/sv\/#organization"},"potentialAction":[{"@type":"SearchAction","target":{"@type":"EntryPoint","urlTemplate":"https:\/\/nordicpadel.com\/sv\/?s={search_term_string}"},"query-input":"required name=search_term_string"}],"inLanguage":"sv-SE"},{"@type":"Organization","@id":"https:\/\/nordicpadel.com\/sv\/#organization","name":"Nordic Padel","url":"https:\/\/nordicpadel.com\/sv\/","logo":{"@type":"ImageObject","inLanguage":"sv-SE","@id":"https:\/\/nordicpadel.com\/sv\/#\/schema\/logo\/image\/","url":"https:\/\/nordicpadel.com\/sv\/wp-content\/uploads\/sites\/10\/2022\/12\/Nordic-Padel-small_1-1.png","contentUrl":"https:\/\/nordicpadel.com\/sv\/wp-content\/uploads\/sites\/10\/2022\/12\/Nordic-Padel-small_1-1.png","width":400,"height":119,"caption":"Nordic Padel"},"image":{"@id":"https:\/\/nordicpadel.com\/sv\/#\/schema\/logo\/image\/"}}]}},"brands":[],"_links":{"self":[{"href":"https:\/\/nordicpadel.com\/sv\/wp-json\/wp\/v2\/product\/85114","targetHints":{"allow":["GET"]}}],"collection":[{"href":"https:\/\/nordicpadel.com\/sv\/wp-json\/wp\/v2\/product"}],"about":[{"href":"https:\/\/nordicpadel.com\/sv\/wp-json\/wp\/v2\/types\/product"}],"replies":[{"embeddable":true,"href":"https:\/\/nordicpadel.com\/sv\/wp-json\/wp\/v2\/comments?post=85114"}],"wp:featuredmedia":[{"embeddable":true,"href":"https:\/\/nordicpadel.com\/sv\/wp-json\/wp\/v2\/media\/85110"}],"wp:attachment":[{"href":"https:\/\/nordicpadel.com\/sv\/wp-json\/wp\/v2\/media?parent=85114"}],"wp:term":[{"taxonomy":"pwb-brand","embeddable":true,"href":"https:\/\/nordicpadel.com\/sv\/wp-json\/wp\/v2\/pwb-brand?post=85114"},{"taxonomy":"product_cat","embeddable":true,"href":"https:\/\/nordicpadel.com\/sv\/wp-json\/wp\/v2\/product_cat?post=85114"},{"taxonomy":"product_tag","embeddable":true,"href":"https:\/\/nordicpadel.com\/sv\/wp-json\/wp\/v2\/product_tag?post=85114"},{"taxonomy":"woo-feed-brand","embeddable":true,"href":"https:\/\/nordicpadel.com\/sv\/wp-json\/wp\/v2\/woo-feed-brand?post=85114"}],"curies":[{"name":"wp","href":"https:\/\/api.w.org\/{rel}","templated":true}]}}