{"id":84982,"date":"2025-11-26T16:13:39","date_gmt":"2025-11-26T15:13:39","guid":{"rendered":"https:\/\/nordicpadel.com\/sv\/product\/nike-victory-printed-tee-3\/"},"modified":"2025-11-27T16:22:45","modified_gmt":"2025-11-27T15:22:45","slug":"nike-victory-printed-tee-3","status":"publish","type":"product","link":"https:\/\/nordicpadel.com\/sv\/product\/nike-victory-printed-tee-3\/","title":{"rendered":"Nike Victory Printed Tee"},"content":{"rendered":"<p>K\u00f6p en riktigt l\u00e4cker matchtr\u00f6ja f\u00f6r tennisspelare och padelspelare. Tr\u00f6jan \u00e4r tillverkad utav 100% \u00e5tervunnen polyester, vilket g\u00f6r ditt k\u00f6p till ett klimatsmart val n\u00e4r du skall k\u00f6pa ny tenniskl\u00e4der och padelkl\u00e4der. Det mjuka elastiska materialet g\u00f6r att du fritt kan r\u00f6ra dig \u00f6ver banan och precis som de alla bra sportplagg s\u00e5 anv\u00e4nds ett fuktavst\u00f6tande material som absorberar bort fukt snabbt. M\u00f6nstret p\u00e5 tr\u00f6jan som ger lite karrakt\u00e4r \u00e4r en design inspirerad utav n\u00e4tet p\u00e5 banan. F\u00e4rg: Gr\u00f6n Material: 100% \u00c5tervunnen Polyester Tv\u00e4ttr\u00e5d: Maskintv\u00e4tt, 40 grader syntet<\/p>\n","protected":false},"excerpt":{"rendered":"<p>K\u00f6p en riktigt l\u00e4cker matchtr\u00f6ja f\u00f6r tennisspelare och padelspelare. Tr\u00f6jan \u00e4r tillverkad utav 100% \u00e5tervunnen polyester, vilket g\u00f6r ditt k\u00f6p till ett klimatsmart val n\u00e4r du skall k\u00f6pa ny tenniskl\u00e4der och padelkl\u00e4der. Det mjuka elastiska materialet g\u00f6r att du fritt kan r\u00f6ra dig \u00f6ver banan och precis som de alla bra sportplagg s\u00e5 anv\u00e4nds ett [&hellip;]<\/p>\n","protected":false},"featured_media":84978,"comment_status":"open","ping_status":"closed","template":"","meta":[],"pwb-brand":[],"product_cat":[40,471],"product_tag":[],"woo-feed-brand":[],"class_list":{"0":"post-84982","1":"product","2":"type-product","3":"status-publish","4":"has-post-thumbnail","6":"product_cat-padelklader-herr","7":"product_cat-nike","8":"pa_varumarke-nike","10":"first","11":"instock","12":"taxable","13":"shipping-taxable","14":"purchasable","15":"product-type-variable"},"bundled_by":[],"bundle_stock_status":"instock","bundle_stock_quantity":1,"bundle_virtual":false,"bundle_layout":"","bundle_add_to_cart_form_location":"","bundle_editable_in_cart":false,"bundle_sold_individually_context":"","bundle_item_grouping":"","bundle_min_size":"","bundle_max_size":"","bundled_items":[],"bundle_sell_ids":[],"acf":[],"yoast_head":"<!-- This site is optimized with the Yoast SEO plugin v23.1 - https:\/\/yoast.com\/wordpress\/plugins\/seo\/ -->\n<title>Nike Victory Printed Tee - Nordic Padel<\/title>\n<meta name=\"robots\" content=\"index, follow, max-snippet:-1, max-image-preview:large, max-video-preview:-1\" \/>\n<link rel=\"canonical\" href=\"https:\/\/nordicpadel.com\/sv\/product\/nike-victory-printed-tee-3\/\" \/>\n<meta property=\"og:locale\" content=\"sv_SE\" \/>\n<meta property=\"og:type\" content=\"article\" \/>\n<meta property=\"og:title\" content=\"Nike Victory Printed Tee - Nordic Padel\" \/>\n<meta property=\"og:description\" content=\"K\u00f6p en riktigt l\u00e4cker matchtr\u00f6ja f\u00f6r tennisspelare och padelspelare. Tr\u00f6jan \u00e4r tillverkad utav 100% \u00e5tervunnen polyester, vilket g\u00f6r ditt k\u00f6p till ett klimatsmart val n\u00e4r du skall k\u00f6pa ny tenniskl\u00e4der och padelkl\u00e4der. Det mjuka elastiska materialet g\u00f6r att du fritt kan r\u00f6ra dig \u00f6ver banan och precis som de alla bra sportplagg s\u00e5 anv\u00e4nds ett [&hellip;]\" \/>\n<meta property=\"og:url\" content=\"https:\/\/nordicpadel.com\/sv\/product\/nike-victory-printed-tee-3\/\" \/>\n<meta property=\"og:site_name\" content=\"Nordic Padel\" \/>\n<meta property=\"article:modified_time\" content=\"2025-11-27T15:22:45+00:00\" \/>\n<meta name=\"twitter:card\" content=\"summary_large_image\" \/>\n<meta name=\"twitter:label1\" content=\"Ber\u00e4knad l\u00e4stid\" \/>\n\t<meta name=\"twitter:data1\" content=\"1 minut\" \/>\n<script type=\"application\/ld+json\" class=\"yoast-schema-graph\">{\"@context\":\"https:\/\/schema.org\",\"@graph\":[{\"@type\":\"WebPage\",\"@id\":\"https:\/\/nordicpadel.com\/sv\/product\/nike-victory-printed-tee-3\/\",\"url\":\"https:\/\/nordicpadel.com\/sv\/product\/nike-victory-printed-tee-3\/\",\"name\":\"Nike Victory Printed Tee - Nordic Padel\",\"isPartOf\":{\"@id\":\"https:\/\/nordicpadel.com\/sv\/#website\"},\"primaryImageOfPage\":{\"@id\":\"https:\/\/nordicpadel.com\/sv\/product\/nike-victory-printed-tee-3\/#primaryimage\"},\"image\":{\"@id\":\"https:\/\/nordicpadel.com\/sv\/product\/nike-victory-printed-tee-3\/#primaryimage\"},\"thumbnailUrl\":\"https:\/\/nordicpadel.com\/sv\/wp-content\/uploads\/sites\/10\/2025\/11\/178612e49b9e3dc5eef24ae20314df9a.png\",\"datePublished\":\"2025-11-26T15:13:39+00:00\",\"dateModified\":\"2025-11-27T15:22:45+00:00\",\"breadcrumb\":{\"@id\":\"https:\/\/nordicpadel.com\/sv\/product\/nike-victory-printed-tee-3\/#breadcrumb\"},\"inLanguage\":\"sv-SE\",\"potentialAction\":[{\"@type\":\"ReadAction\",\"target\":[\"https:\/\/nordicpadel.com\/sv\/product\/nike-victory-printed-tee-3\/\"]}]},{\"@type\":\"ImageObject\",\"inLanguage\":\"sv-SE\",\"@id\":\"https:\/\/nordicpadel.com\/sv\/product\/nike-victory-printed-tee-3\/#primaryimage\",\"url\":\"https:\/\/nordicpadel.com\/sv\/wp-content\/uploads\/sites\/10\/2025\/11\/178612e49b9e3dc5eef24ae20314df9a.png\",\"contentUrl\":\"https:\/\/nordicpadel.com\/sv\/wp-content\/uploads\/sites\/10\/2025\/11\/178612e49b9e3dc5eef24ae20314df9a.png\",\"width\":800,\"height\":800,\"caption\":\"Nike Victory Printed Tee\"},{\"@type\":\"BreadcrumbList\",\"@id\":\"https:\/\/nordicpadel.com\/sv\/product\/nike-victory-printed-tee-3\/#breadcrumb\",\"itemListElement\":[{\"@type\":\"ListItem\",\"position\":1,\"name\":\"Hem\",\"item\":\"https:\/\/nordicpadel.com\/sv\/\"},{\"@type\":\"ListItem\",\"position\":2,\"name\":\"Shop\",\"item\":\"https:\/\/nordicpadel.com\/sv\/shop\/\"},{\"@type\":\"ListItem\",\"position\":3,\"name\":\"Nike Victory Printed Tee\"}]},{\"@type\":\"WebSite\",\"@id\":\"https:\/\/nordicpadel.com\/sv\/#website\",\"url\":\"https:\/\/nordicpadel.com\/sv\/\",\"name\":\"Nordic Padel\",\"description\":\"\",\"publisher\":{\"@id\":\"https:\/\/nordicpadel.com\/sv\/#organization\"},\"potentialAction\":[{\"@type\":\"SearchAction\",\"target\":{\"@type\":\"EntryPoint\",\"urlTemplate\":\"https:\/\/nordicpadel.com\/sv\/?s={search_term_string}\"},\"query-input\":\"required name=search_term_string\"}],\"inLanguage\":\"sv-SE\"},{\"@type\":\"Organization\",\"@id\":\"https:\/\/nordicpadel.com\/sv\/#organization\",\"name\":\"Nordic Padel\",\"url\":\"https:\/\/nordicpadel.com\/sv\/\",\"logo\":{\"@type\":\"ImageObject\",\"inLanguage\":\"sv-SE\",\"@id\":\"https:\/\/nordicpadel.com\/sv\/#\/schema\/logo\/image\/\",\"url\":\"https:\/\/nordicpadel.com\/sv\/wp-content\/uploads\/sites\/10\/2022\/12\/Nordic-Padel-small_1-1.png\",\"contentUrl\":\"https:\/\/nordicpadel.com\/sv\/wp-content\/uploads\/sites\/10\/2022\/12\/Nordic-Padel-small_1-1.png\",\"width\":400,\"height\":119,\"caption\":\"Nordic Padel\"},\"image\":{\"@id\":\"https:\/\/nordicpadel.com\/sv\/#\/schema\/logo\/image\/\"}}]}<\/script>\n<!-- \/ Yoast SEO plugin. -->","yoast_head_json":{"title":"Nike Victory Printed Tee - Nordic Padel","robots":{"index":"index","follow":"follow","max-snippet":"max-snippet:-1","max-image-preview":"max-image-preview:large","max-video-preview":"max-video-preview:-1"},"canonical":"https:\/\/nordicpadel.com\/sv\/product\/nike-victory-printed-tee-3\/","og_locale":"sv_SE","og_type":"article","og_title":"Nike Victory Printed Tee - Nordic Padel","og_description":"K\u00f6p en riktigt l\u00e4cker matchtr\u00f6ja f\u00f6r tennisspelare och padelspelare. Tr\u00f6jan \u00e4r tillverkad utav 100% \u00e5tervunnen polyester, vilket g\u00f6r ditt k\u00f6p till ett klimatsmart val n\u00e4r du skall k\u00f6pa ny tenniskl\u00e4der och padelkl\u00e4der. Det mjuka elastiska materialet g\u00f6r att du fritt kan r\u00f6ra dig \u00f6ver banan och precis som de alla bra sportplagg s\u00e5 anv\u00e4nds ett [&hellip;]","og_url":"https:\/\/nordicpadel.com\/sv\/product\/nike-victory-printed-tee-3\/","og_site_name":"Nordic Padel","article_modified_time":"2025-11-27T15:22:45+00:00","twitter_card":"summary_large_image","twitter_misc":{"Ber\u00e4knad l\u00e4stid":"1 minut"},"schema":{"@context":"https:\/\/schema.org","@graph":[{"@type":"WebPage","@id":"https:\/\/nordicpadel.com\/sv\/product\/nike-victory-printed-tee-3\/","url":"https:\/\/nordicpadel.com\/sv\/product\/nike-victory-printed-tee-3\/","name":"Nike Victory Printed Tee - Nordic Padel","isPartOf":{"@id":"https:\/\/nordicpadel.com\/sv\/#website"},"primaryImageOfPage":{"@id":"https:\/\/nordicpadel.com\/sv\/product\/nike-victory-printed-tee-3\/#primaryimage"},"image":{"@id":"https:\/\/nordicpadel.com\/sv\/product\/nike-victory-printed-tee-3\/#primaryimage"},"thumbnailUrl":"https:\/\/nordicpadel.com\/sv\/wp-content\/uploads\/sites\/10\/2025\/11\/178612e49b9e3dc5eef24ae20314df9a.png","datePublished":"2025-11-26T15:13:39+00:00","dateModified":"2025-11-27T15:22:45+00:00","breadcrumb":{"@id":"https:\/\/nordicpadel.com\/sv\/product\/nike-victory-printed-tee-3\/#breadcrumb"},"inLanguage":"sv-SE","potentialAction":[{"@type":"ReadAction","target":["https:\/\/nordicpadel.com\/sv\/product\/nike-victory-printed-tee-3\/"]}]},{"@type":"ImageObject","inLanguage":"sv-SE","@id":"https:\/\/nordicpadel.com\/sv\/product\/nike-victory-printed-tee-3\/#primaryimage","url":"https:\/\/nordicpadel.com\/sv\/wp-content\/uploads\/sites\/10\/2025\/11\/178612e49b9e3dc5eef24ae20314df9a.png","contentUrl":"https:\/\/nordicpadel.com\/sv\/wp-content\/uploads\/sites\/10\/2025\/11\/178612e49b9e3dc5eef24ae20314df9a.png","width":800,"height":800,"caption":"Nike Victory Printed Tee"},{"@type":"BreadcrumbList","@id":"https:\/\/nordicpadel.com\/sv\/product\/nike-victory-printed-tee-3\/#breadcrumb","itemListElement":[{"@type":"ListItem","position":1,"name":"Hem","item":"https:\/\/nordicpadel.com\/sv\/"},{"@type":"ListItem","position":2,"name":"Shop","item":"https:\/\/nordicpadel.com\/sv\/shop\/"},{"@type":"ListItem","position":3,"name":"Nike Victory Printed Tee"}]},{"@type":"WebSite","@id":"https:\/\/nordicpadel.com\/sv\/#website","url":"https:\/\/nordicpadel.com\/sv\/","name":"Nordic Padel","description":"","publisher":{"@id":"https:\/\/nordicpadel.com\/sv\/#organization"},"potentialAction":[{"@type":"SearchAction","target":{"@type":"EntryPoint","urlTemplate":"https:\/\/nordicpadel.com\/sv\/?s={search_term_string}"},"query-input":"required name=search_term_string"}],"inLanguage":"sv-SE"},{"@type":"Organization","@id":"https:\/\/nordicpadel.com\/sv\/#organization","name":"Nordic Padel","url":"https:\/\/nordicpadel.com\/sv\/","logo":{"@type":"ImageObject","inLanguage":"sv-SE","@id":"https:\/\/nordicpadel.com\/sv\/#\/schema\/logo\/image\/","url":"https:\/\/nordicpadel.com\/sv\/wp-content\/uploads\/sites\/10\/2022\/12\/Nordic-Padel-small_1-1.png","contentUrl":"https:\/\/nordicpadel.com\/sv\/wp-content\/uploads\/sites\/10\/2022\/12\/Nordic-Padel-small_1-1.png","width":400,"height":119,"caption":"Nordic Padel"},"image":{"@id":"https:\/\/nordicpadel.com\/sv\/#\/schema\/logo\/image\/"}}]}},"brands":[],"_links":{"self":[{"href":"https:\/\/nordicpadel.com\/sv\/wp-json\/wp\/v2\/product\/84982","targetHints":{"allow":["GET"]}}],"collection":[{"href":"https:\/\/nordicpadel.com\/sv\/wp-json\/wp\/v2\/product"}],"about":[{"href":"https:\/\/nordicpadel.com\/sv\/wp-json\/wp\/v2\/types\/product"}],"replies":[{"embeddable":true,"href":"https:\/\/nordicpadel.com\/sv\/wp-json\/wp\/v2\/comments?post=84982"}],"wp:featuredmedia":[{"embeddable":true,"href":"https:\/\/nordicpadel.com\/sv\/wp-json\/wp\/v2\/media\/84978"}],"wp:attachment":[{"href":"https:\/\/nordicpadel.com\/sv\/wp-json\/wp\/v2\/media?parent=84982"}],"wp:term":[{"taxonomy":"pwb-brand","embeddable":true,"href":"https:\/\/nordicpadel.com\/sv\/wp-json\/wp\/v2\/pwb-brand?post=84982"},{"taxonomy":"product_cat","embeddable":true,"href":"https:\/\/nordicpadel.com\/sv\/wp-json\/wp\/v2\/product_cat?post=84982"},{"taxonomy":"product_tag","embeddable":true,"href":"https:\/\/nordicpadel.com\/sv\/wp-json\/wp\/v2\/product_tag?post=84982"},{"taxonomy":"woo-feed-brand","embeddable":true,"href":"https:\/\/nordicpadel.com\/sv\/wp-json\/wp\/v2\/woo-feed-brand?post=84982"}],"curies":[{"name":"wp","href":"https:\/\/api.w.org\/{rel}","templated":true}]}}