{"id":84933,"date":"2025-11-26T16:13:06","date_gmt":"2025-11-26T15:13:06","guid":{"rendered":"https:\/\/nordicpadel.com\/sv\/product\/techton-of-sweden-uppsala\/"},"modified":"2025-11-27T16:12:56","modified_gmt":"2025-11-27T15:12:56","slug":"techton-of-sweden-uppsala","status":"publish","type":"product","link":"https:\/\/nordicpadel.com\/sv\/product\/techton-of-sweden-uppsala\/","title":{"rendered":"Techton of Sweden Uppsala"},"content":{"rendered":"<p>K\u00f6p nya Uppsala edition <a href=\"https:\/\/nordicpadel.com\/sv\/product-category\/padelracket\/\">padelracket<\/a> &#8211; av svenska Techton of Sweden. Uppsala \u00e4r en droppformad <a href=\"https:\/\/nordicpadel.com\/sv\/product-category\/padelracket\/\">padelracket<\/a> som \u00e4r handgjord med en unik Sverige design. Racket passar spelaren som vill ha ett v\u00e4ldigt bra allround kofiberracket. Racket ger en fin kombination mellan fart och precision. Den rosa f\u00e4rgen tillsammans med beige ger racketen \u00e4r fin och mer rikare design. Remmen f\u00f6r handleden \u00e4r lite bredare f\u00f6r att g\u00f6ra det mer bekv\u00e4mt till skillnad fr\u00e5n de traditionella smala remmarna: Techton of Sweden Uppsala \u00e4r utvecklad i Sverige. <\/p>\n<ul>\n<li>Ram: 100% Kolfiber<\/li>\n<li>yta: 3K kolfiber<\/li>\n<li>Form: Dropp<\/li>\n<li>Design: Glossy<\/li>\n<li>Ytm\u00f6nster: Hexagon r\u00e4fflade yta<\/li>\n<li>Core: EVA Rubber Foam \u2122<\/li>\n<li>Profil: 38 mm<\/li>\n<li>Vikt: 365 gram (+-5)<\/li>\n<\/ul>\n<p>L\u00e4s g\u00e4rna v\u00e5r <a href=\"https:\/\/nordicpadel.com\/sv\/guide-padelskor\/\">skoguide<\/a> som inneh\u00e5ller tips samt en storleksguide f\u00f6r att hj\u00e4lpa dig hitta r\u00e4tt skor.<\/p>\n","protected":false},"excerpt":{"rendered":"<p>K\u00f6p nya Uppsala edition padelracket &#8211; av svenska Techton of Sweden. Uppsala \u00e4r en droppformad padelracket som \u00e4r handgjord med en unik Sverige design. Racket passar spelaren som vill ha ett v\u00e4ldigt bra allround kofiberracket. Racket ger en fin kombination mellan fart och precision. Den rosa f\u00e4rgen tillsammans med beige ger racketen \u00e4r fin och [&hellip;]<\/p>\n","protected":false},"featured_media":84929,"comment_status":"open","ping_status":"closed","template":"","meta":[],"pwb-brand":[],"product_cat":[16],"product_tag":[],"woo-feed-brand":[],"class_list":{"0":"post-84933","1":"product","2":"type-product","3":"status-publish","4":"has-post-thumbnail","6":"product_cat-padelracket","7":"pa_varumarke-techton-of-sweden","9":"first","10":"outofstock","11":"sale","12":"taxable","13":"shipping-taxable","14":"purchasable","15":"product-type-simple"},"bundled_by":[],"bundle_stock_status":"outofstock","bundle_stock_quantity":0,"bundle_virtual":false,"bundle_layout":"","bundle_add_to_cart_form_location":"","bundle_editable_in_cart":false,"bundle_sold_individually_context":"","bundle_item_grouping":"","bundle_min_size":"","bundle_max_size":"","bundled_items":[],"bundle_sell_ids":[],"acf":[],"yoast_head":"<!-- This site is optimized with the Yoast SEO plugin v23.1 - https:\/\/yoast.com\/wordpress\/plugins\/seo\/ -->\n<title>Techton of Sweden Uppsala - Nordic Padel<\/title>\n<meta name=\"robots\" content=\"index, follow, max-snippet:-1, max-image-preview:large, max-video-preview:-1\" \/>\n<link rel=\"canonical\" href=\"https:\/\/nordicpadel.com\/sv\/product\/techton-of-sweden-uppsala\/\" \/>\n<meta property=\"og:locale\" content=\"sv_SE\" \/>\n<meta property=\"og:type\" content=\"article\" \/>\n<meta property=\"og:title\" content=\"Techton of Sweden Uppsala - Nordic Padel\" \/>\n<meta property=\"og:description\" content=\"K\u00f6p nya Uppsala edition padelracket &#8211; av svenska Techton of Sweden. Uppsala \u00e4r en droppformad padelracket som \u00e4r handgjord med en unik Sverige design. Racket passar spelaren som vill ha ett v\u00e4ldigt bra allround kofiberracket. Racket ger en fin kombination mellan fart och precision. Den rosa f\u00e4rgen tillsammans med beige ger racketen \u00e4r fin och [&hellip;]\" \/>\n<meta property=\"og:url\" content=\"https:\/\/nordicpadel.com\/sv\/product\/techton-of-sweden-uppsala\/\" \/>\n<meta property=\"og:site_name\" content=\"Nordic Padel\" \/>\n<meta property=\"article:modified_time\" content=\"2025-11-27T15:12:56+00:00\" \/>\n<meta property=\"og:image\" content=\"https:\/\/nordicpadel.com\/sv\/wp-content\/uploads\/sites\/10\/2025\/11\/7ec14f9d6b13aced9c9c7f5af79d94f7.png\" \/>\n\t<meta property=\"og:image:width\" content=\"800\" \/>\n\t<meta property=\"og:image:height\" content=\"800\" \/>\n\t<meta property=\"og:image:type\" content=\"image\/png\" \/>\n<meta name=\"twitter:card\" content=\"summary_large_image\" \/>\n<meta name=\"twitter:label1\" content=\"Ber\u00e4knad l\u00e4stid\" \/>\n\t<meta name=\"twitter:data1\" content=\"1 minut\" \/>\n<script type=\"application\/ld+json\" class=\"yoast-schema-graph\">{\"@context\":\"https:\/\/schema.org\",\"@graph\":[{\"@type\":\"WebPage\",\"@id\":\"https:\/\/nordicpadel.com\/sv\/product\/techton-of-sweden-uppsala\/\",\"url\":\"https:\/\/nordicpadel.com\/sv\/product\/techton-of-sweden-uppsala\/\",\"name\":\"Techton of Sweden Uppsala - Nordic Padel\",\"isPartOf\":{\"@id\":\"https:\/\/nordicpadel.com\/sv\/#website\"},\"primaryImageOfPage\":{\"@id\":\"https:\/\/nordicpadel.com\/sv\/product\/techton-of-sweden-uppsala\/#primaryimage\"},\"image\":{\"@id\":\"https:\/\/nordicpadel.com\/sv\/product\/techton-of-sweden-uppsala\/#primaryimage\"},\"thumbnailUrl\":\"https:\/\/nordicpadel.com\/sv\/wp-content\/uploads\/sites\/10\/2025\/11\/7ec14f9d6b13aced9c9c7f5af79d94f7.png\",\"datePublished\":\"2025-11-26T15:13:06+00:00\",\"dateModified\":\"2025-11-27T15:12:56+00:00\",\"breadcrumb\":{\"@id\":\"https:\/\/nordicpadel.com\/sv\/product\/techton-of-sweden-uppsala\/#breadcrumb\"},\"inLanguage\":\"sv-SE\",\"potentialAction\":[{\"@type\":\"ReadAction\",\"target\":[\"https:\/\/nordicpadel.com\/sv\/product\/techton-of-sweden-uppsala\/\"]}]},{\"@type\":\"ImageObject\",\"inLanguage\":\"sv-SE\",\"@id\":\"https:\/\/nordicpadel.com\/sv\/product\/techton-of-sweden-uppsala\/#primaryimage\",\"url\":\"https:\/\/nordicpadel.com\/sv\/wp-content\/uploads\/sites\/10\/2025\/11\/7ec14f9d6b13aced9c9c7f5af79d94f7.png\",\"contentUrl\":\"https:\/\/nordicpadel.com\/sv\/wp-content\/uploads\/sites\/10\/2025\/11\/7ec14f9d6b13aced9c9c7f5af79d94f7.png\",\"width\":800,\"height\":800,\"caption\":\"Techton of Sweden Uppsala\"},{\"@type\":\"BreadcrumbList\",\"@id\":\"https:\/\/nordicpadel.com\/sv\/product\/techton-of-sweden-uppsala\/#breadcrumb\",\"itemListElement\":[{\"@type\":\"ListItem\",\"position\":1,\"name\":\"Hem\",\"item\":\"https:\/\/nordicpadel.com\/sv\/\"},{\"@type\":\"ListItem\",\"position\":2,\"name\":\"Shop\",\"item\":\"https:\/\/nordicpadel.com\/sv\/shop\/\"},{\"@type\":\"ListItem\",\"position\":3,\"name\":\"Techton of Sweden Uppsala\"}]},{\"@type\":\"WebSite\",\"@id\":\"https:\/\/nordicpadel.com\/sv\/#website\",\"url\":\"https:\/\/nordicpadel.com\/sv\/\",\"name\":\"Nordic Padel\",\"description\":\"\",\"publisher\":{\"@id\":\"https:\/\/nordicpadel.com\/sv\/#organization\"},\"potentialAction\":[{\"@type\":\"SearchAction\",\"target\":{\"@type\":\"EntryPoint\",\"urlTemplate\":\"https:\/\/nordicpadel.com\/sv\/?s={search_term_string}\"},\"query-input\":\"required name=search_term_string\"}],\"inLanguage\":\"sv-SE\"},{\"@type\":\"Organization\",\"@id\":\"https:\/\/nordicpadel.com\/sv\/#organization\",\"name\":\"Nordic Padel\",\"url\":\"https:\/\/nordicpadel.com\/sv\/\",\"logo\":{\"@type\":\"ImageObject\",\"inLanguage\":\"sv-SE\",\"@id\":\"https:\/\/nordicpadel.com\/sv\/#\/schema\/logo\/image\/\",\"url\":\"https:\/\/nordicpadel.com\/sv\/wp-content\/uploads\/sites\/10\/2022\/12\/Nordic-Padel-small_1-1.png\",\"contentUrl\":\"https:\/\/nordicpadel.com\/sv\/wp-content\/uploads\/sites\/10\/2022\/12\/Nordic-Padel-small_1-1.png\",\"width\":400,\"height\":119,\"caption\":\"Nordic Padel\"},\"image\":{\"@id\":\"https:\/\/nordicpadel.com\/sv\/#\/schema\/logo\/image\/\"}}]}<\/script>\n<!-- \/ Yoast SEO plugin. -->","yoast_head_json":{"title":"Techton of Sweden Uppsala - Nordic Padel","robots":{"index":"index","follow":"follow","max-snippet":"max-snippet:-1","max-image-preview":"max-image-preview:large","max-video-preview":"max-video-preview:-1"},"canonical":"https:\/\/nordicpadel.com\/sv\/product\/techton-of-sweden-uppsala\/","og_locale":"sv_SE","og_type":"article","og_title":"Techton of Sweden Uppsala - Nordic Padel","og_description":"K\u00f6p nya Uppsala edition padelracket &#8211; av svenska Techton of Sweden. Uppsala \u00e4r en droppformad padelracket som \u00e4r handgjord med en unik Sverige design. Racket passar spelaren som vill ha ett v\u00e4ldigt bra allround kofiberracket. Racket ger en fin kombination mellan fart och precision. Den rosa f\u00e4rgen tillsammans med beige ger racketen \u00e4r fin och [&hellip;]","og_url":"https:\/\/nordicpadel.com\/sv\/product\/techton-of-sweden-uppsala\/","og_site_name":"Nordic Padel","article_modified_time":"2025-11-27T15:12:56+00:00","og_image":[{"width":800,"height":800,"url":"https:\/\/nordicpadel.com\/sv\/wp-content\/uploads\/sites\/10\/2025\/11\/7ec14f9d6b13aced9c9c7f5af79d94f7.png","type":"image\/png"}],"twitter_card":"summary_large_image","twitter_misc":{"Ber\u00e4knad l\u00e4stid":"1 minut"},"schema":{"@context":"https:\/\/schema.org","@graph":[{"@type":"WebPage","@id":"https:\/\/nordicpadel.com\/sv\/product\/techton-of-sweden-uppsala\/","url":"https:\/\/nordicpadel.com\/sv\/product\/techton-of-sweden-uppsala\/","name":"Techton of Sweden Uppsala - Nordic Padel","isPartOf":{"@id":"https:\/\/nordicpadel.com\/sv\/#website"},"primaryImageOfPage":{"@id":"https:\/\/nordicpadel.com\/sv\/product\/techton-of-sweden-uppsala\/#primaryimage"},"image":{"@id":"https:\/\/nordicpadel.com\/sv\/product\/techton-of-sweden-uppsala\/#primaryimage"},"thumbnailUrl":"https:\/\/nordicpadel.com\/sv\/wp-content\/uploads\/sites\/10\/2025\/11\/7ec14f9d6b13aced9c9c7f5af79d94f7.png","datePublished":"2025-11-26T15:13:06+00:00","dateModified":"2025-11-27T15:12:56+00:00","breadcrumb":{"@id":"https:\/\/nordicpadel.com\/sv\/product\/techton-of-sweden-uppsala\/#breadcrumb"},"inLanguage":"sv-SE","potentialAction":[{"@type":"ReadAction","target":["https:\/\/nordicpadel.com\/sv\/product\/techton-of-sweden-uppsala\/"]}]},{"@type":"ImageObject","inLanguage":"sv-SE","@id":"https:\/\/nordicpadel.com\/sv\/product\/techton-of-sweden-uppsala\/#primaryimage","url":"https:\/\/nordicpadel.com\/sv\/wp-content\/uploads\/sites\/10\/2025\/11\/7ec14f9d6b13aced9c9c7f5af79d94f7.png","contentUrl":"https:\/\/nordicpadel.com\/sv\/wp-content\/uploads\/sites\/10\/2025\/11\/7ec14f9d6b13aced9c9c7f5af79d94f7.png","width":800,"height":800,"caption":"Techton of Sweden Uppsala"},{"@type":"BreadcrumbList","@id":"https:\/\/nordicpadel.com\/sv\/product\/techton-of-sweden-uppsala\/#breadcrumb","itemListElement":[{"@type":"ListItem","position":1,"name":"Hem","item":"https:\/\/nordicpadel.com\/sv\/"},{"@type":"ListItem","position":2,"name":"Shop","item":"https:\/\/nordicpadel.com\/sv\/shop\/"},{"@type":"ListItem","position":3,"name":"Techton of Sweden Uppsala"}]},{"@type":"WebSite","@id":"https:\/\/nordicpadel.com\/sv\/#website","url":"https:\/\/nordicpadel.com\/sv\/","name":"Nordic Padel","description":"","publisher":{"@id":"https:\/\/nordicpadel.com\/sv\/#organization"},"potentialAction":[{"@type":"SearchAction","target":{"@type":"EntryPoint","urlTemplate":"https:\/\/nordicpadel.com\/sv\/?s={search_term_string}"},"query-input":"required name=search_term_string"}],"inLanguage":"sv-SE"},{"@type":"Organization","@id":"https:\/\/nordicpadel.com\/sv\/#organization","name":"Nordic Padel","url":"https:\/\/nordicpadel.com\/sv\/","logo":{"@type":"ImageObject","inLanguage":"sv-SE","@id":"https:\/\/nordicpadel.com\/sv\/#\/schema\/logo\/image\/","url":"https:\/\/nordicpadel.com\/sv\/wp-content\/uploads\/sites\/10\/2022\/12\/Nordic-Padel-small_1-1.png","contentUrl":"https:\/\/nordicpadel.com\/sv\/wp-content\/uploads\/sites\/10\/2022\/12\/Nordic-Padel-small_1-1.png","width":400,"height":119,"caption":"Nordic Padel"},"image":{"@id":"https:\/\/nordicpadel.com\/sv\/#\/schema\/logo\/image\/"}}]}},"brands":[],"_links":{"self":[{"href":"https:\/\/nordicpadel.com\/sv\/wp-json\/wp\/v2\/product\/84933","targetHints":{"allow":["GET"]}}],"collection":[{"href":"https:\/\/nordicpadel.com\/sv\/wp-json\/wp\/v2\/product"}],"about":[{"href":"https:\/\/nordicpadel.com\/sv\/wp-json\/wp\/v2\/types\/product"}],"replies":[{"embeddable":true,"href":"https:\/\/nordicpadel.com\/sv\/wp-json\/wp\/v2\/comments?post=84933"}],"wp:featuredmedia":[{"embeddable":true,"href":"https:\/\/nordicpadel.com\/sv\/wp-json\/wp\/v2\/media\/84929"}],"wp:attachment":[{"href":"https:\/\/nordicpadel.com\/sv\/wp-json\/wp\/v2\/media?parent=84933"}],"wp:term":[{"taxonomy":"pwb-brand","embeddable":true,"href":"https:\/\/nordicpadel.com\/sv\/wp-json\/wp\/v2\/pwb-brand?post=84933"},{"taxonomy":"product_cat","embeddable":true,"href":"https:\/\/nordicpadel.com\/sv\/wp-json\/wp\/v2\/product_cat?post=84933"},{"taxonomy":"product_tag","embeddable":true,"href":"https:\/\/nordicpadel.com\/sv\/wp-json\/wp\/v2\/product_tag?post=84933"},{"taxonomy":"woo-feed-brand","embeddable":true,"href":"https:\/\/nordicpadel.com\/sv\/wp-json\/wp\/v2\/woo-feed-brand?post=84933"}],"curies":[{"name":"wp","href":"https:\/\/api.w.org\/{rel}","templated":true}]}}