{"id":84925,"date":"2025-11-26T16:13:02","date_gmt":"2025-11-26T15:13:02","guid":{"rendered":"https:\/\/nordicpadel.com\/sv\/product\/nike-dri-fit-victory-skirt\/"},"modified":"2026-03-09T00:39:28","modified_gmt":"2026-03-08T23:39:28","slug":"nike-dri-fit-victory-skirt","status":"publish","type":"product","link":"https:\/\/nordicpadel.com\/sv\/product\/nike-dri-fit-victory-skirt\/","title":{"rendered":"Nike Dri Fit Victory Skirt"},"content":{"rendered":"<p>M\u00f6nstrat linne f\u00f6r tennistjejer\/damer och padeltjejer\/damer. Rolig design i kombination med h\u00f6g kvalite p\u00e5 materialet. Materialet \u00e4r fuktavvisande och har en sk\u00f6n mjuk k\u00e4nsla f\u00f6r b\u00e4sta komfort. Designen best\u00e5r av ett blommigt m\u00f6nster \u00f6ver hela linnet och g\u00f6r att linnet sticker ut j\u00e4mf\u00f6rt med m\u00e5nga andra enf\u00e4rgade linnen. <\/p>\n<ul>\n<li>V-ringning<\/li>\n<li>B\u00f6jd nederkant<\/li>\n<li>Tillverkad med Dri-FIT-tyg f\u00f6r att h\u00e5lla dig sval och bekv\u00e4m p\u00e5 planen<\/li>\n<\/ul>\n<p> Tyg: 89% polyester \/ 11% spandex F\u00e4rg: Svart \/ vit<\/p>\n","protected":false},"excerpt":{"rendered":"<p>M\u00f6nstrat linne f\u00f6r tennistjejer\/damer och padeltjejer\/damer. Rolig design i kombination med h\u00f6g kvalite p\u00e5 materialet. Materialet \u00e4r fuktavvisande och har en sk\u00f6n mjuk k\u00e4nsla f\u00f6r b\u00e4sta komfort. Designen best\u00e5r av ett blommigt m\u00f6nster \u00f6ver hela linnet och g\u00f6r att linnet sticker ut j\u00e4mf\u00f6rt med m\u00e5nga andra enf\u00e4rgade linnen. V-ringning B\u00f6jd nederkant Tillverkad med Dri-FIT-tyg f\u00f6r [&hellip;]<\/p>\n","protected":false},"featured_media":84918,"comment_status":"open","ping_status":"closed","template":"","meta":[],"pwb-brand":[],"product_cat":[39],"product_tag":[],"woo-feed-brand":[],"class_list":{"0":"post-84925","1":"product","2":"type-product","3":"status-publish","4":"has-post-thumbnail","6":"product_cat-padelklader-dam","7":"pa_varumarke-nike","9":"first","10":"instock","11":"taxable","12":"shipping-taxable","13":"purchasable","14":"product-type-variable"},"bundled_by":[],"bundle_stock_status":"instock","bundle_stock_quantity":1,"bundle_virtual":false,"bundle_layout":"","bundle_add_to_cart_form_location":"","bundle_editable_in_cart":false,"bundle_sold_individually_context":"","bundle_item_grouping":"","bundle_min_size":"","bundle_max_size":"","bundled_items":[],"bundle_sell_ids":[],"acf":[],"yoast_head":"<!-- This site is optimized with the Yoast SEO plugin v23.1 - https:\/\/yoast.com\/wordpress\/plugins\/seo\/ -->\n<title>Nike Dri Fit Victory Skirt - Nordic Padel<\/title>\n<meta name=\"robots\" content=\"index, follow, max-snippet:-1, max-image-preview:large, max-video-preview:-1\" \/>\n<link rel=\"canonical\" href=\"https:\/\/nordicpadel.com\/sv\/product\/nike-dri-fit-victory-skirt\/\" \/>\n<meta property=\"og:locale\" content=\"sv_SE\" \/>\n<meta property=\"og:type\" content=\"article\" \/>\n<meta property=\"og:title\" content=\"Nike Dri Fit Victory Skirt - Nordic Padel\" \/>\n<meta property=\"og:description\" content=\"M\u00f6nstrat linne f\u00f6r tennistjejer\/damer och padeltjejer\/damer. Rolig design i kombination med h\u00f6g kvalite p\u00e5 materialet. Materialet \u00e4r fuktavvisande och har en sk\u00f6n mjuk k\u00e4nsla f\u00f6r b\u00e4sta komfort. Designen best\u00e5r av ett blommigt m\u00f6nster \u00f6ver hela linnet och g\u00f6r att linnet sticker ut j\u00e4mf\u00f6rt med m\u00e5nga andra enf\u00e4rgade linnen. V-ringning B\u00f6jd nederkant Tillverkad med Dri-FIT-tyg f\u00f6r [&hellip;]\" \/>\n<meta property=\"og:url\" content=\"https:\/\/nordicpadel.com\/sv\/product\/nike-dri-fit-victory-skirt\/\" \/>\n<meta property=\"og:site_name\" content=\"Nordic Padel\" \/>\n<meta property=\"article:modified_time\" content=\"2026-03-08T23:39:28+00:00\" \/>\n<meta name=\"twitter:card\" content=\"summary_large_image\" \/>\n<script type=\"application\/ld+json\" class=\"yoast-schema-graph\">{\"@context\":\"https:\/\/schema.org\",\"@graph\":[{\"@type\":\"WebPage\",\"@id\":\"https:\/\/nordicpadel.com\/sv\/product\/nike-dri-fit-victory-skirt\/\",\"url\":\"https:\/\/nordicpadel.com\/sv\/product\/nike-dri-fit-victory-skirt\/\",\"name\":\"Nike Dri Fit Victory Skirt - Nordic Padel\",\"isPartOf\":{\"@id\":\"https:\/\/nordicpadel.com\/sv\/#website\"},\"primaryImageOfPage\":{\"@id\":\"https:\/\/nordicpadel.com\/sv\/product\/nike-dri-fit-victory-skirt\/#primaryimage\"},\"image\":{\"@id\":\"https:\/\/nordicpadel.com\/sv\/product\/nike-dri-fit-victory-skirt\/#primaryimage\"},\"thumbnailUrl\":\"https:\/\/nordicpadel.com\/sv\/wp-content\/uploads\/sites\/10\/2025\/11\/f6537df4adb80909afbb880f2195eb95.png\",\"datePublished\":\"2025-11-26T15:13:02+00:00\",\"dateModified\":\"2026-03-08T23:39:28+00:00\",\"breadcrumb\":{\"@id\":\"https:\/\/nordicpadel.com\/sv\/product\/nike-dri-fit-victory-skirt\/#breadcrumb\"},\"inLanguage\":\"sv-SE\",\"potentialAction\":[{\"@type\":\"ReadAction\",\"target\":[\"https:\/\/nordicpadel.com\/sv\/product\/nike-dri-fit-victory-skirt\/\"]}]},{\"@type\":\"ImageObject\",\"inLanguage\":\"sv-SE\",\"@id\":\"https:\/\/nordicpadel.com\/sv\/product\/nike-dri-fit-victory-skirt\/#primaryimage\",\"url\":\"https:\/\/nordicpadel.com\/sv\/wp-content\/uploads\/sites\/10\/2025\/11\/f6537df4adb80909afbb880f2195eb95.png\",\"contentUrl\":\"https:\/\/nordicpadel.com\/sv\/wp-content\/uploads\/sites\/10\/2025\/11\/f6537df4adb80909afbb880f2195eb95.png\",\"width\":800,\"height\":800,\"caption\":\"Nike Dri Fit Victory Skirt\"},{\"@type\":\"BreadcrumbList\",\"@id\":\"https:\/\/nordicpadel.com\/sv\/product\/nike-dri-fit-victory-skirt\/#breadcrumb\",\"itemListElement\":[{\"@type\":\"ListItem\",\"position\":1,\"name\":\"Hem\",\"item\":\"https:\/\/nordicpadel.com\/sv\/\"},{\"@type\":\"ListItem\",\"position\":2,\"name\":\"Shop\",\"item\":\"https:\/\/nordicpadel.com\/sv\/shop\/\"},{\"@type\":\"ListItem\",\"position\":3,\"name\":\"Nike Dri Fit Victory Skirt\"}]},{\"@type\":\"WebSite\",\"@id\":\"https:\/\/nordicpadel.com\/sv\/#website\",\"url\":\"https:\/\/nordicpadel.com\/sv\/\",\"name\":\"Nordic Padel\",\"description\":\"\",\"publisher\":{\"@id\":\"https:\/\/nordicpadel.com\/sv\/#organization\"},\"potentialAction\":[{\"@type\":\"SearchAction\",\"target\":{\"@type\":\"EntryPoint\",\"urlTemplate\":\"https:\/\/nordicpadel.com\/sv\/?s={search_term_string}\"},\"query-input\":\"required name=search_term_string\"}],\"inLanguage\":\"sv-SE\"},{\"@type\":\"Organization\",\"@id\":\"https:\/\/nordicpadel.com\/sv\/#organization\",\"name\":\"Nordic Padel\",\"url\":\"https:\/\/nordicpadel.com\/sv\/\",\"logo\":{\"@type\":\"ImageObject\",\"inLanguage\":\"sv-SE\",\"@id\":\"https:\/\/nordicpadel.com\/sv\/#\/schema\/logo\/image\/\",\"url\":\"https:\/\/nordicpadel.com\/sv\/wp-content\/uploads\/sites\/10\/2022\/12\/Nordic-Padel-small_1-1.png\",\"contentUrl\":\"https:\/\/nordicpadel.com\/sv\/wp-content\/uploads\/sites\/10\/2022\/12\/Nordic-Padel-small_1-1.png\",\"width\":400,\"height\":119,\"caption\":\"Nordic Padel\"},\"image\":{\"@id\":\"https:\/\/nordicpadel.com\/sv\/#\/schema\/logo\/image\/\"}}]}<\/script>\n<!-- \/ Yoast SEO plugin. -->","yoast_head_json":{"title":"Nike Dri Fit Victory Skirt - Nordic Padel","robots":{"index":"index","follow":"follow","max-snippet":"max-snippet:-1","max-image-preview":"max-image-preview:large","max-video-preview":"max-video-preview:-1"},"canonical":"https:\/\/nordicpadel.com\/sv\/product\/nike-dri-fit-victory-skirt\/","og_locale":"sv_SE","og_type":"article","og_title":"Nike Dri Fit Victory Skirt - Nordic Padel","og_description":"M\u00f6nstrat linne f\u00f6r tennistjejer\/damer och padeltjejer\/damer. Rolig design i kombination med h\u00f6g kvalite p\u00e5 materialet. Materialet \u00e4r fuktavvisande och har en sk\u00f6n mjuk k\u00e4nsla f\u00f6r b\u00e4sta komfort. Designen best\u00e5r av ett blommigt m\u00f6nster \u00f6ver hela linnet och g\u00f6r att linnet sticker ut j\u00e4mf\u00f6rt med m\u00e5nga andra enf\u00e4rgade linnen. V-ringning B\u00f6jd nederkant Tillverkad med Dri-FIT-tyg f\u00f6r [&hellip;]","og_url":"https:\/\/nordicpadel.com\/sv\/product\/nike-dri-fit-victory-skirt\/","og_site_name":"Nordic Padel","article_modified_time":"2026-03-08T23:39:28+00:00","twitter_card":"summary_large_image","schema":{"@context":"https:\/\/schema.org","@graph":[{"@type":"WebPage","@id":"https:\/\/nordicpadel.com\/sv\/product\/nike-dri-fit-victory-skirt\/","url":"https:\/\/nordicpadel.com\/sv\/product\/nike-dri-fit-victory-skirt\/","name":"Nike Dri Fit Victory Skirt - Nordic Padel","isPartOf":{"@id":"https:\/\/nordicpadel.com\/sv\/#website"},"primaryImageOfPage":{"@id":"https:\/\/nordicpadel.com\/sv\/product\/nike-dri-fit-victory-skirt\/#primaryimage"},"image":{"@id":"https:\/\/nordicpadel.com\/sv\/product\/nike-dri-fit-victory-skirt\/#primaryimage"},"thumbnailUrl":"https:\/\/nordicpadel.com\/sv\/wp-content\/uploads\/sites\/10\/2025\/11\/f6537df4adb80909afbb880f2195eb95.png","datePublished":"2025-11-26T15:13:02+00:00","dateModified":"2026-03-08T23:39:28+00:00","breadcrumb":{"@id":"https:\/\/nordicpadel.com\/sv\/product\/nike-dri-fit-victory-skirt\/#breadcrumb"},"inLanguage":"sv-SE","potentialAction":[{"@type":"ReadAction","target":["https:\/\/nordicpadel.com\/sv\/product\/nike-dri-fit-victory-skirt\/"]}]},{"@type":"ImageObject","inLanguage":"sv-SE","@id":"https:\/\/nordicpadel.com\/sv\/product\/nike-dri-fit-victory-skirt\/#primaryimage","url":"https:\/\/nordicpadel.com\/sv\/wp-content\/uploads\/sites\/10\/2025\/11\/f6537df4adb80909afbb880f2195eb95.png","contentUrl":"https:\/\/nordicpadel.com\/sv\/wp-content\/uploads\/sites\/10\/2025\/11\/f6537df4adb80909afbb880f2195eb95.png","width":800,"height":800,"caption":"Nike Dri Fit Victory Skirt"},{"@type":"BreadcrumbList","@id":"https:\/\/nordicpadel.com\/sv\/product\/nike-dri-fit-victory-skirt\/#breadcrumb","itemListElement":[{"@type":"ListItem","position":1,"name":"Hem","item":"https:\/\/nordicpadel.com\/sv\/"},{"@type":"ListItem","position":2,"name":"Shop","item":"https:\/\/nordicpadel.com\/sv\/shop\/"},{"@type":"ListItem","position":3,"name":"Nike Dri Fit Victory Skirt"}]},{"@type":"WebSite","@id":"https:\/\/nordicpadel.com\/sv\/#website","url":"https:\/\/nordicpadel.com\/sv\/","name":"Nordic Padel","description":"","publisher":{"@id":"https:\/\/nordicpadel.com\/sv\/#organization"},"potentialAction":[{"@type":"SearchAction","target":{"@type":"EntryPoint","urlTemplate":"https:\/\/nordicpadel.com\/sv\/?s={search_term_string}"},"query-input":"required name=search_term_string"}],"inLanguage":"sv-SE"},{"@type":"Organization","@id":"https:\/\/nordicpadel.com\/sv\/#organization","name":"Nordic Padel","url":"https:\/\/nordicpadel.com\/sv\/","logo":{"@type":"ImageObject","inLanguage":"sv-SE","@id":"https:\/\/nordicpadel.com\/sv\/#\/schema\/logo\/image\/","url":"https:\/\/nordicpadel.com\/sv\/wp-content\/uploads\/sites\/10\/2022\/12\/Nordic-Padel-small_1-1.png","contentUrl":"https:\/\/nordicpadel.com\/sv\/wp-content\/uploads\/sites\/10\/2022\/12\/Nordic-Padel-small_1-1.png","width":400,"height":119,"caption":"Nordic Padel"},"image":{"@id":"https:\/\/nordicpadel.com\/sv\/#\/schema\/logo\/image\/"}}]}},"brands":[],"_links":{"self":[{"href":"https:\/\/nordicpadel.com\/sv\/wp-json\/wp\/v2\/product\/84925","targetHints":{"allow":["GET"]}}],"collection":[{"href":"https:\/\/nordicpadel.com\/sv\/wp-json\/wp\/v2\/product"}],"about":[{"href":"https:\/\/nordicpadel.com\/sv\/wp-json\/wp\/v2\/types\/product"}],"replies":[{"embeddable":true,"href":"https:\/\/nordicpadel.com\/sv\/wp-json\/wp\/v2\/comments?post=84925"}],"wp:featuredmedia":[{"embeddable":true,"href":"https:\/\/nordicpadel.com\/sv\/wp-json\/wp\/v2\/media\/84918"}],"wp:attachment":[{"href":"https:\/\/nordicpadel.com\/sv\/wp-json\/wp\/v2\/media?parent=84925"}],"wp:term":[{"taxonomy":"pwb-brand","embeddable":true,"href":"https:\/\/nordicpadel.com\/sv\/wp-json\/wp\/v2\/pwb-brand?post=84925"},{"taxonomy":"product_cat","embeddable":true,"href":"https:\/\/nordicpadel.com\/sv\/wp-json\/wp\/v2\/product_cat?post=84925"},{"taxonomy":"product_tag","embeddable":true,"href":"https:\/\/nordicpadel.com\/sv\/wp-json\/wp\/v2\/product_tag?post=84925"},{"taxonomy":"woo-feed-brand","embeddable":true,"href":"https:\/\/nordicpadel.com\/sv\/wp-json\/wp\/v2\/woo-feed-brand?post=84925"}],"curies":[{"name":"wp","href":"https:\/\/api.w.org\/{rel}","templated":true}]}}