{"id":84827,"date":"2025-11-26T16:11:53","date_gmt":"2025-11-26T15:11:53","guid":{"rendered":"https:\/\/nordicpadel.com\/sv\/product\/nike-court-victory-tank-w-2\/"},"modified":"2026-03-09T00:39:01","modified_gmt":"2026-03-08T23:39:01","slug":"nike-court-victory-tank-w-2","status":"publish","type":"product","link":"https:\/\/nordicpadel.com\/sv\/product\/nike-court-victory-tank-w-2\/","title":{"rendered":"Nike Court Victory Tank W"},"content":{"rendered":"<p>K\u00f6p ett vitt m\u00f6nstrat linne f\u00f6r tennis och padel. Kombinera g\u00e4ra ihop detta linne med en svart eller vit Nikekjol s\u00e5 blir det en stilren kombination som \u00e4nd\u00e5 sticker ut j\u00e4mf\u00f6rt med helf\u00e4rgade linnen. Linnet har en delvis \u00f6ppen rygg vilket ger dig en svalkande k\u00e4nsla n\u00e4r du \u00e4r som varmast, dessutom transporteras fukt bort kvickt tack vare Dri-FIT teknologin som Nike anv\u00e4nder. Sist men inte minst, 75% av plagget best\u00e5r utav \u00e5ytervunnen Polyester. <\/p>\n<ul>\n<li>Dri-FIT-teknik av Nike h\u00e5ller dig torr l\u00e4nge p\u00e5 tennisbanan &amp; padelbanan<\/li>\n<li>L\u00e4tt, stickat material med andningsf\u00f6rm\u00e5ga och stretch.<\/li>\n<li>Brottarsk\u00e4rningen gerextra lufttillf\u00f6rsel<\/li>\n<\/ul>\n<p> F\u00e4rg: Vit Material: 89 % polyester\/11 % spandex Tv\u00e4ttr\u00e5d: Maskintv\u00e4tt, 40 grader syntet<\/p>\n","protected":false},"excerpt":{"rendered":"<p>K\u00f6p ett vitt m\u00f6nstrat linne f\u00f6r tennis och padel. Kombinera g\u00e4ra ihop detta linne med en svart eller vit Nikekjol s\u00e5 blir det en stilren kombination som \u00e4nd\u00e5 sticker ut j\u00e4mf\u00f6rt med helf\u00e4rgade linnen. Linnet har en delvis \u00f6ppen rygg vilket ger dig en svalkande k\u00e4nsla n\u00e4r du \u00e4r som varmast, dessutom transporteras fukt bort [&hellip;]<\/p>\n","protected":false},"featured_media":84818,"comment_status":"open","ping_status":"closed","template":"","meta":[],"pwb-brand":[],"product_cat":[39,471],"product_tag":[],"woo-feed-brand":[],"class_list":{"0":"post-84827","1":"product","2":"type-product","3":"status-publish","4":"has-post-thumbnail","6":"product_cat-padelklader-dam","7":"product_cat-nike","8":"pa_varumarke-nike","10":"first","11":"instock","12":"taxable","13":"shipping-taxable","14":"purchasable","15":"product-type-variable"},"bundled_by":[],"bundle_stock_status":"instock","bundle_stock_quantity":4,"bundle_virtual":false,"bundle_layout":"","bundle_add_to_cart_form_location":"","bundle_editable_in_cart":false,"bundle_sold_individually_context":"","bundle_item_grouping":"","bundle_min_size":"","bundle_max_size":"","bundled_items":[],"bundle_sell_ids":[],"acf":[],"yoast_head":"<!-- This site is optimized with the Yoast SEO plugin v23.1 - https:\/\/yoast.com\/wordpress\/plugins\/seo\/ -->\n<title>Nike Court Victory Tank W - Nordic Padel<\/title>\n<meta name=\"robots\" content=\"index, follow, max-snippet:-1, max-image-preview:large, max-video-preview:-1\" \/>\n<link rel=\"canonical\" href=\"https:\/\/nordicpadel.com\/sv\/product\/nike-court-victory-tank-w-2\/\" \/>\n<meta property=\"og:locale\" content=\"sv_SE\" \/>\n<meta property=\"og:type\" content=\"article\" \/>\n<meta property=\"og:title\" content=\"Nike Court Victory Tank W - Nordic Padel\" \/>\n<meta property=\"og:description\" content=\"K\u00f6p ett vitt m\u00f6nstrat linne f\u00f6r tennis och padel. Kombinera g\u00e4ra ihop detta linne med en svart eller vit Nikekjol s\u00e5 blir det en stilren kombination som \u00e4nd\u00e5 sticker ut j\u00e4mf\u00f6rt med helf\u00e4rgade linnen. Linnet har en delvis \u00f6ppen rygg vilket ger dig en svalkande k\u00e4nsla n\u00e4r du \u00e4r som varmast, dessutom transporteras fukt bort [&hellip;]\" \/>\n<meta property=\"og:url\" content=\"https:\/\/nordicpadel.com\/sv\/product\/nike-court-victory-tank-w-2\/\" \/>\n<meta property=\"og:site_name\" content=\"Nordic Padel\" \/>\n<meta property=\"article:modified_time\" content=\"2026-03-08T23:39:01+00:00\" \/>\n<meta name=\"twitter:card\" content=\"summary_large_image\" \/>\n<meta name=\"twitter:label1\" content=\"Ber\u00e4knad l\u00e4stid\" \/>\n\t<meta name=\"twitter:data1\" content=\"1 minut\" \/>\n<script type=\"application\/ld+json\" class=\"yoast-schema-graph\">{\"@context\":\"https:\/\/schema.org\",\"@graph\":[{\"@type\":\"WebPage\",\"@id\":\"https:\/\/nordicpadel.com\/sv\/product\/nike-court-victory-tank-w-2\/\",\"url\":\"https:\/\/nordicpadel.com\/sv\/product\/nike-court-victory-tank-w-2\/\",\"name\":\"Nike Court Victory Tank W - Nordic Padel\",\"isPartOf\":{\"@id\":\"https:\/\/nordicpadel.com\/sv\/#website\"},\"primaryImageOfPage\":{\"@id\":\"https:\/\/nordicpadel.com\/sv\/product\/nike-court-victory-tank-w-2\/#primaryimage\"},\"image\":{\"@id\":\"https:\/\/nordicpadel.com\/sv\/product\/nike-court-victory-tank-w-2\/#primaryimage\"},\"thumbnailUrl\":\"https:\/\/nordicpadel.com\/sv\/wp-content\/uploads\/sites\/10\/2025\/11\/296e9d14bb802b87dcecb4aed42edba4.png\",\"datePublished\":\"2025-11-26T15:11:53+00:00\",\"dateModified\":\"2026-03-08T23:39:01+00:00\",\"breadcrumb\":{\"@id\":\"https:\/\/nordicpadel.com\/sv\/product\/nike-court-victory-tank-w-2\/#breadcrumb\"},\"inLanguage\":\"sv-SE\",\"potentialAction\":[{\"@type\":\"ReadAction\",\"target\":[\"https:\/\/nordicpadel.com\/sv\/product\/nike-court-victory-tank-w-2\/\"]}]},{\"@type\":\"ImageObject\",\"inLanguage\":\"sv-SE\",\"@id\":\"https:\/\/nordicpadel.com\/sv\/product\/nike-court-victory-tank-w-2\/#primaryimage\",\"url\":\"https:\/\/nordicpadel.com\/sv\/wp-content\/uploads\/sites\/10\/2025\/11\/296e9d14bb802b87dcecb4aed42edba4.png\",\"contentUrl\":\"https:\/\/nordicpadel.com\/sv\/wp-content\/uploads\/sites\/10\/2025\/11\/296e9d14bb802b87dcecb4aed42edba4.png\",\"width\":800,\"height\":800,\"caption\":\"Nike Court Victory Tank W\"},{\"@type\":\"BreadcrumbList\",\"@id\":\"https:\/\/nordicpadel.com\/sv\/product\/nike-court-victory-tank-w-2\/#breadcrumb\",\"itemListElement\":[{\"@type\":\"ListItem\",\"position\":1,\"name\":\"Hem\",\"item\":\"https:\/\/nordicpadel.com\/sv\/\"},{\"@type\":\"ListItem\",\"position\":2,\"name\":\"Shop\",\"item\":\"https:\/\/nordicpadel.com\/sv\/shop\/\"},{\"@type\":\"ListItem\",\"position\":3,\"name\":\"Nike Court Victory Tank W\"}]},{\"@type\":\"WebSite\",\"@id\":\"https:\/\/nordicpadel.com\/sv\/#website\",\"url\":\"https:\/\/nordicpadel.com\/sv\/\",\"name\":\"Nordic Padel\",\"description\":\"\",\"publisher\":{\"@id\":\"https:\/\/nordicpadel.com\/sv\/#organization\"},\"potentialAction\":[{\"@type\":\"SearchAction\",\"target\":{\"@type\":\"EntryPoint\",\"urlTemplate\":\"https:\/\/nordicpadel.com\/sv\/?s={search_term_string}\"},\"query-input\":\"required name=search_term_string\"}],\"inLanguage\":\"sv-SE\"},{\"@type\":\"Organization\",\"@id\":\"https:\/\/nordicpadel.com\/sv\/#organization\",\"name\":\"Nordic Padel\",\"url\":\"https:\/\/nordicpadel.com\/sv\/\",\"logo\":{\"@type\":\"ImageObject\",\"inLanguage\":\"sv-SE\",\"@id\":\"https:\/\/nordicpadel.com\/sv\/#\/schema\/logo\/image\/\",\"url\":\"https:\/\/nordicpadel.com\/sv\/wp-content\/uploads\/sites\/10\/2022\/12\/Nordic-Padel-small_1-1.png\",\"contentUrl\":\"https:\/\/nordicpadel.com\/sv\/wp-content\/uploads\/sites\/10\/2022\/12\/Nordic-Padel-small_1-1.png\",\"width\":400,\"height\":119,\"caption\":\"Nordic Padel\"},\"image\":{\"@id\":\"https:\/\/nordicpadel.com\/sv\/#\/schema\/logo\/image\/\"}}]}<\/script>\n<!-- \/ Yoast SEO plugin. -->","yoast_head_json":{"title":"Nike Court Victory Tank W - Nordic Padel","robots":{"index":"index","follow":"follow","max-snippet":"max-snippet:-1","max-image-preview":"max-image-preview:large","max-video-preview":"max-video-preview:-1"},"canonical":"https:\/\/nordicpadel.com\/sv\/product\/nike-court-victory-tank-w-2\/","og_locale":"sv_SE","og_type":"article","og_title":"Nike Court Victory Tank W - Nordic Padel","og_description":"K\u00f6p ett vitt m\u00f6nstrat linne f\u00f6r tennis och padel. Kombinera g\u00e4ra ihop detta linne med en svart eller vit Nikekjol s\u00e5 blir det en stilren kombination som \u00e4nd\u00e5 sticker ut j\u00e4mf\u00f6rt med helf\u00e4rgade linnen. Linnet har en delvis \u00f6ppen rygg vilket ger dig en svalkande k\u00e4nsla n\u00e4r du \u00e4r som varmast, dessutom transporteras fukt bort [&hellip;]","og_url":"https:\/\/nordicpadel.com\/sv\/product\/nike-court-victory-tank-w-2\/","og_site_name":"Nordic Padel","article_modified_time":"2026-03-08T23:39:01+00:00","twitter_card":"summary_large_image","twitter_misc":{"Ber\u00e4knad l\u00e4stid":"1 minut"},"schema":{"@context":"https:\/\/schema.org","@graph":[{"@type":"WebPage","@id":"https:\/\/nordicpadel.com\/sv\/product\/nike-court-victory-tank-w-2\/","url":"https:\/\/nordicpadel.com\/sv\/product\/nike-court-victory-tank-w-2\/","name":"Nike Court Victory Tank W - Nordic Padel","isPartOf":{"@id":"https:\/\/nordicpadel.com\/sv\/#website"},"primaryImageOfPage":{"@id":"https:\/\/nordicpadel.com\/sv\/product\/nike-court-victory-tank-w-2\/#primaryimage"},"image":{"@id":"https:\/\/nordicpadel.com\/sv\/product\/nike-court-victory-tank-w-2\/#primaryimage"},"thumbnailUrl":"https:\/\/nordicpadel.com\/sv\/wp-content\/uploads\/sites\/10\/2025\/11\/296e9d14bb802b87dcecb4aed42edba4.png","datePublished":"2025-11-26T15:11:53+00:00","dateModified":"2026-03-08T23:39:01+00:00","breadcrumb":{"@id":"https:\/\/nordicpadel.com\/sv\/product\/nike-court-victory-tank-w-2\/#breadcrumb"},"inLanguage":"sv-SE","potentialAction":[{"@type":"ReadAction","target":["https:\/\/nordicpadel.com\/sv\/product\/nike-court-victory-tank-w-2\/"]}]},{"@type":"ImageObject","inLanguage":"sv-SE","@id":"https:\/\/nordicpadel.com\/sv\/product\/nike-court-victory-tank-w-2\/#primaryimage","url":"https:\/\/nordicpadel.com\/sv\/wp-content\/uploads\/sites\/10\/2025\/11\/296e9d14bb802b87dcecb4aed42edba4.png","contentUrl":"https:\/\/nordicpadel.com\/sv\/wp-content\/uploads\/sites\/10\/2025\/11\/296e9d14bb802b87dcecb4aed42edba4.png","width":800,"height":800,"caption":"Nike Court Victory Tank W"},{"@type":"BreadcrumbList","@id":"https:\/\/nordicpadel.com\/sv\/product\/nike-court-victory-tank-w-2\/#breadcrumb","itemListElement":[{"@type":"ListItem","position":1,"name":"Hem","item":"https:\/\/nordicpadel.com\/sv\/"},{"@type":"ListItem","position":2,"name":"Shop","item":"https:\/\/nordicpadel.com\/sv\/shop\/"},{"@type":"ListItem","position":3,"name":"Nike Court Victory Tank W"}]},{"@type":"WebSite","@id":"https:\/\/nordicpadel.com\/sv\/#website","url":"https:\/\/nordicpadel.com\/sv\/","name":"Nordic Padel","description":"","publisher":{"@id":"https:\/\/nordicpadel.com\/sv\/#organization"},"potentialAction":[{"@type":"SearchAction","target":{"@type":"EntryPoint","urlTemplate":"https:\/\/nordicpadel.com\/sv\/?s={search_term_string}"},"query-input":"required name=search_term_string"}],"inLanguage":"sv-SE"},{"@type":"Organization","@id":"https:\/\/nordicpadel.com\/sv\/#organization","name":"Nordic Padel","url":"https:\/\/nordicpadel.com\/sv\/","logo":{"@type":"ImageObject","inLanguage":"sv-SE","@id":"https:\/\/nordicpadel.com\/sv\/#\/schema\/logo\/image\/","url":"https:\/\/nordicpadel.com\/sv\/wp-content\/uploads\/sites\/10\/2022\/12\/Nordic-Padel-small_1-1.png","contentUrl":"https:\/\/nordicpadel.com\/sv\/wp-content\/uploads\/sites\/10\/2022\/12\/Nordic-Padel-small_1-1.png","width":400,"height":119,"caption":"Nordic Padel"},"image":{"@id":"https:\/\/nordicpadel.com\/sv\/#\/schema\/logo\/image\/"}}]}},"brands":[],"_links":{"self":[{"href":"https:\/\/nordicpadel.com\/sv\/wp-json\/wp\/v2\/product\/84827","targetHints":{"allow":["GET"]}}],"collection":[{"href":"https:\/\/nordicpadel.com\/sv\/wp-json\/wp\/v2\/product"}],"about":[{"href":"https:\/\/nordicpadel.com\/sv\/wp-json\/wp\/v2\/types\/product"}],"replies":[{"embeddable":true,"href":"https:\/\/nordicpadel.com\/sv\/wp-json\/wp\/v2\/comments?post=84827"}],"wp:featuredmedia":[{"embeddable":true,"href":"https:\/\/nordicpadel.com\/sv\/wp-json\/wp\/v2\/media\/84818"}],"wp:attachment":[{"href":"https:\/\/nordicpadel.com\/sv\/wp-json\/wp\/v2\/media?parent=84827"}],"wp:term":[{"taxonomy":"pwb-brand","embeddable":true,"href":"https:\/\/nordicpadel.com\/sv\/wp-json\/wp\/v2\/pwb-brand?post=84827"},{"taxonomy":"product_cat","embeddable":true,"href":"https:\/\/nordicpadel.com\/sv\/wp-json\/wp\/v2\/product_cat?post=84827"},{"taxonomy":"product_tag","embeddable":true,"href":"https:\/\/nordicpadel.com\/sv\/wp-json\/wp\/v2\/product_tag?post=84827"},{"taxonomy":"woo-feed-brand","embeddable":true,"href":"https:\/\/nordicpadel.com\/sv\/wp-json\/wp\/v2\/woo-feed-brand?post=84827"}],"curies":[{"name":"wp","href":"https:\/\/api.w.org\/{rel}","templated":true}]}}