{"id":84790,"date":"2025-11-26T16:11:08","date_gmt":"2025-11-26T15:11:08","guid":{"rendered":"https:\/\/nordicpadel.com\/sv\/product\/sane-impronta-5-3-max-pro-compact\/"},"modified":"2025-11-27T16:03:34","modified_gmt":"2025-11-27T15:03:34","slug":"sane-impronta-5-3-max-pro-compact","status":"publish","type":"product","link":"https:\/\/nordicpadel.com\/sv\/product\/sane-impronta-5-3-max-pro-compact\/","title":{"rendered":"Sane Impronta 5.3 Max Pro Compact"},"content":{"rendered":"<p>Sane Impronta Max pro Compact 2021 \u00e4r ett <a href=\"https:\/\/nordicpadel.com\/sv\/product-category\/padelracket\/\">padelracket<\/a> f\u00f6r den som gillar att spela mer aggressivt och ofta anv\u00e4nder sin kick-smash. Ytan \u00e4r tillverkad av 8K kolfiber och har den h\u00e5rdare EV30-k\u00e4rnan, kombinationen g\u00f6r att racket genererar maximal fart. Sedan starten 1989 har Sane varit k\u00e4nda f\u00f6r att producera v\u00e4lbalanserade racketar, som best\u00e5r av r\u00e4tt material med ramar som anses vara l\u00e4tta och flexibla. S\u00e5ledes s\u00e4gs ofta Sane vara ett bra alternativ f\u00f6r dig som har problem med padelarmb\u00e5ge.<br \/>L\u00e4s g\u00e4rna v\u00e5r <a href=\"https:\/\/nordicpadel.com\/sv\/guide-padelskor\/\">skoguide<\/a> som inneh\u00e5ller tips samt en storleksguide f\u00f6r att hj\u00e4lpa dig hitta r\u00e4tt skor.<\/p>\n","protected":false},"excerpt":{"rendered":"<p>Sane Impronta Max pro Compact 2021 \u00e4r ett padelracket f\u00f6r den som gillar att spela mer aggressivt och ofta anv\u00e4nder sin kick-smash. Ytan \u00e4r tillverkad av 8K kolfiber och har den h\u00e5rdare EV30-k\u00e4rnan, kombinationen g\u00f6r att racket genererar maximal fart. Sedan starten 1989 har Sane varit k\u00e4nda f\u00f6r att producera v\u00e4lbalanserade racketar, som best\u00e5r av [&hellip;]<\/p>\n","protected":false},"featured_media":84788,"comment_status":"open","ping_status":"closed","template":"","meta":[],"pwb-brand":[],"product_cat":[16],"product_tag":[],"woo-feed-brand":[],"class_list":{"0":"post-84790","1":"product","2":"type-product","3":"status-publish","4":"has-post-thumbnail","6":"product_cat-padelracket","7":"pa_varumarke-sane","9":"first","10":"outofstock","11":"sale","12":"taxable","13":"shipping-taxable","14":"purchasable","15":"product-type-simple"},"bundled_by":[],"bundle_stock_status":"outofstock","bundle_stock_quantity":0,"bundle_virtual":false,"bundle_layout":"","bundle_add_to_cart_form_location":"","bundle_editable_in_cart":false,"bundle_sold_individually_context":"","bundle_item_grouping":"","bundle_min_size":"","bundle_max_size":"","bundled_items":[],"bundle_sell_ids":[],"acf":[],"yoast_head":"<!-- This site is optimized with the Yoast SEO plugin v23.1 - https:\/\/yoast.com\/wordpress\/plugins\/seo\/ -->\n<title>Sane Impronta 5.3 Max Pro Compact - Nordic Padel<\/title>\n<meta name=\"robots\" content=\"index, follow, max-snippet:-1, max-image-preview:large, max-video-preview:-1\" \/>\n<link rel=\"canonical\" href=\"https:\/\/nordicpadel.com\/sv\/product\/sane-impronta-5-3-max-pro-compact\/\" \/>\n<meta property=\"og:locale\" content=\"sv_SE\" \/>\n<meta property=\"og:type\" content=\"article\" \/>\n<meta property=\"og:title\" content=\"Sane Impronta 5.3 Max Pro Compact - Nordic Padel\" \/>\n<meta property=\"og:description\" content=\"Sane Impronta Max pro Compact 2021 \u00e4r ett padelracket f\u00f6r den som gillar att spela mer aggressivt och ofta anv\u00e4nder sin kick-smash. Ytan \u00e4r tillverkad av 8K kolfiber och har den h\u00e5rdare EV30-k\u00e4rnan, kombinationen g\u00f6r att racket genererar maximal fart. Sedan starten 1989 har Sane varit k\u00e4nda f\u00f6r att producera v\u00e4lbalanserade racketar, som best\u00e5r av [&hellip;]\" \/>\n<meta property=\"og:url\" content=\"https:\/\/nordicpadel.com\/sv\/product\/sane-impronta-5-3-max-pro-compact\/\" \/>\n<meta property=\"og:site_name\" content=\"Nordic Padel\" \/>\n<meta property=\"article:modified_time\" content=\"2025-11-27T15:03:34+00:00\" \/>\n<meta property=\"og:image\" content=\"https:\/\/nordicpadel.com\/sv\/wp-content\/uploads\/sites\/10\/2025\/11\/82e4d18a957106284747886b022169db.png\" \/>\n\t<meta property=\"og:image:width\" content=\"800\" \/>\n\t<meta property=\"og:image:height\" content=\"800\" \/>\n\t<meta property=\"og:image:type\" content=\"image\/png\" \/>\n<meta name=\"twitter:card\" content=\"summary_large_image\" \/>\n<meta name=\"twitter:label1\" content=\"Ber\u00e4knad l\u00e4stid\" \/>\n\t<meta name=\"twitter:data1\" content=\"1 minut\" \/>\n<script type=\"application\/ld+json\" class=\"yoast-schema-graph\">{\"@context\":\"https:\/\/schema.org\",\"@graph\":[{\"@type\":\"WebPage\",\"@id\":\"https:\/\/nordicpadel.com\/sv\/product\/sane-impronta-5-3-max-pro-compact\/\",\"url\":\"https:\/\/nordicpadel.com\/sv\/product\/sane-impronta-5-3-max-pro-compact\/\",\"name\":\"Sane Impronta 5.3 Max Pro Compact - Nordic Padel\",\"isPartOf\":{\"@id\":\"https:\/\/nordicpadel.com\/sv\/#website\"},\"primaryImageOfPage\":{\"@id\":\"https:\/\/nordicpadel.com\/sv\/product\/sane-impronta-5-3-max-pro-compact\/#primaryimage\"},\"image\":{\"@id\":\"https:\/\/nordicpadel.com\/sv\/product\/sane-impronta-5-3-max-pro-compact\/#primaryimage\"},\"thumbnailUrl\":\"https:\/\/nordicpadel.com\/sv\/wp-content\/uploads\/sites\/10\/2025\/11\/82e4d18a957106284747886b022169db.png\",\"datePublished\":\"2025-11-26T15:11:08+00:00\",\"dateModified\":\"2025-11-27T15:03:34+00:00\",\"breadcrumb\":{\"@id\":\"https:\/\/nordicpadel.com\/sv\/product\/sane-impronta-5-3-max-pro-compact\/#breadcrumb\"},\"inLanguage\":\"sv-SE\",\"potentialAction\":[{\"@type\":\"ReadAction\",\"target\":[\"https:\/\/nordicpadel.com\/sv\/product\/sane-impronta-5-3-max-pro-compact\/\"]}]},{\"@type\":\"ImageObject\",\"inLanguage\":\"sv-SE\",\"@id\":\"https:\/\/nordicpadel.com\/sv\/product\/sane-impronta-5-3-max-pro-compact\/#primaryimage\",\"url\":\"https:\/\/nordicpadel.com\/sv\/wp-content\/uploads\/sites\/10\/2025\/11\/82e4d18a957106284747886b022169db.png\",\"contentUrl\":\"https:\/\/nordicpadel.com\/sv\/wp-content\/uploads\/sites\/10\/2025\/11\/82e4d18a957106284747886b022169db.png\",\"width\":800,\"height\":800,\"caption\":\"Sane Impronta 5.3 Max Pro Compact\"},{\"@type\":\"BreadcrumbList\",\"@id\":\"https:\/\/nordicpadel.com\/sv\/product\/sane-impronta-5-3-max-pro-compact\/#breadcrumb\",\"itemListElement\":[{\"@type\":\"ListItem\",\"position\":1,\"name\":\"Hem\",\"item\":\"https:\/\/nordicpadel.com\/sv\/\"},{\"@type\":\"ListItem\",\"position\":2,\"name\":\"Shop\",\"item\":\"https:\/\/nordicpadel.com\/sv\/shop\/\"},{\"@type\":\"ListItem\",\"position\":3,\"name\":\"Sane Impronta 5.3 Max Pro Compact\"}]},{\"@type\":\"WebSite\",\"@id\":\"https:\/\/nordicpadel.com\/sv\/#website\",\"url\":\"https:\/\/nordicpadel.com\/sv\/\",\"name\":\"Nordic Padel\",\"description\":\"\",\"publisher\":{\"@id\":\"https:\/\/nordicpadel.com\/sv\/#organization\"},\"potentialAction\":[{\"@type\":\"SearchAction\",\"target\":{\"@type\":\"EntryPoint\",\"urlTemplate\":\"https:\/\/nordicpadel.com\/sv\/?s={search_term_string}\"},\"query-input\":\"required name=search_term_string\"}],\"inLanguage\":\"sv-SE\"},{\"@type\":\"Organization\",\"@id\":\"https:\/\/nordicpadel.com\/sv\/#organization\",\"name\":\"Nordic Padel\",\"url\":\"https:\/\/nordicpadel.com\/sv\/\",\"logo\":{\"@type\":\"ImageObject\",\"inLanguage\":\"sv-SE\",\"@id\":\"https:\/\/nordicpadel.com\/sv\/#\/schema\/logo\/image\/\",\"url\":\"https:\/\/nordicpadel.com\/sv\/wp-content\/uploads\/sites\/10\/2022\/12\/Nordic-Padel-small_1-1.png\",\"contentUrl\":\"https:\/\/nordicpadel.com\/sv\/wp-content\/uploads\/sites\/10\/2022\/12\/Nordic-Padel-small_1-1.png\",\"width\":400,\"height\":119,\"caption\":\"Nordic Padel\"},\"image\":{\"@id\":\"https:\/\/nordicpadel.com\/sv\/#\/schema\/logo\/image\/\"}}]}<\/script>\n<!-- \/ Yoast SEO plugin. -->","yoast_head_json":{"title":"Sane Impronta 5.3 Max Pro Compact - Nordic Padel","robots":{"index":"index","follow":"follow","max-snippet":"max-snippet:-1","max-image-preview":"max-image-preview:large","max-video-preview":"max-video-preview:-1"},"canonical":"https:\/\/nordicpadel.com\/sv\/product\/sane-impronta-5-3-max-pro-compact\/","og_locale":"sv_SE","og_type":"article","og_title":"Sane Impronta 5.3 Max Pro Compact - Nordic Padel","og_description":"Sane Impronta Max pro Compact 2021 \u00e4r ett padelracket f\u00f6r den som gillar att spela mer aggressivt och ofta anv\u00e4nder sin kick-smash. Ytan \u00e4r tillverkad av 8K kolfiber och har den h\u00e5rdare EV30-k\u00e4rnan, kombinationen g\u00f6r att racket genererar maximal fart. Sedan starten 1989 har Sane varit k\u00e4nda f\u00f6r att producera v\u00e4lbalanserade racketar, som best\u00e5r av [&hellip;]","og_url":"https:\/\/nordicpadel.com\/sv\/product\/sane-impronta-5-3-max-pro-compact\/","og_site_name":"Nordic Padel","article_modified_time":"2025-11-27T15:03:34+00:00","og_image":[{"width":800,"height":800,"url":"https:\/\/nordicpadel.com\/sv\/wp-content\/uploads\/sites\/10\/2025\/11\/82e4d18a957106284747886b022169db.png","type":"image\/png"}],"twitter_card":"summary_large_image","twitter_misc":{"Ber\u00e4knad l\u00e4stid":"1 minut"},"schema":{"@context":"https:\/\/schema.org","@graph":[{"@type":"WebPage","@id":"https:\/\/nordicpadel.com\/sv\/product\/sane-impronta-5-3-max-pro-compact\/","url":"https:\/\/nordicpadel.com\/sv\/product\/sane-impronta-5-3-max-pro-compact\/","name":"Sane Impronta 5.3 Max Pro Compact - Nordic Padel","isPartOf":{"@id":"https:\/\/nordicpadel.com\/sv\/#website"},"primaryImageOfPage":{"@id":"https:\/\/nordicpadel.com\/sv\/product\/sane-impronta-5-3-max-pro-compact\/#primaryimage"},"image":{"@id":"https:\/\/nordicpadel.com\/sv\/product\/sane-impronta-5-3-max-pro-compact\/#primaryimage"},"thumbnailUrl":"https:\/\/nordicpadel.com\/sv\/wp-content\/uploads\/sites\/10\/2025\/11\/82e4d18a957106284747886b022169db.png","datePublished":"2025-11-26T15:11:08+00:00","dateModified":"2025-11-27T15:03:34+00:00","breadcrumb":{"@id":"https:\/\/nordicpadel.com\/sv\/product\/sane-impronta-5-3-max-pro-compact\/#breadcrumb"},"inLanguage":"sv-SE","potentialAction":[{"@type":"ReadAction","target":["https:\/\/nordicpadel.com\/sv\/product\/sane-impronta-5-3-max-pro-compact\/"]}]},{"@type":"ImageObject","inLanguage":"sv-SE","@id":"https:\/\/nordicpadel.com\/sv\/product\/sane-impronta-5-3-max-pro-compact\/#primaryimage","url":"https:\/\/nordicpadel.com\/sv\/wp-content\/uploads\/sites\/10\/2025\/11\/82e4d18a957106284747886b022169db.png","contentUrl":"https:\/\/nordicpadel.com\/sv\/wp-content\/uploads\/sites\/10\/2025\/11\/82e4d18a957106284747886b022169db.png","width":800,"height":800,"caption":"Sane Impronta 5.3 Max Pro Compact"},{"@type":"BreadcrumbList","@id":"https:\/\/nordicpadel.com\/sv\/product\/sane-impronta-5-3-max-pro-compact\/#breadcrumb","itemListElement":[{"@type":"ListItem","position":1,"name":"Hem","item":"https:\/\/nordicpadel.com\/sv\/"},{"@type":"ListItem","position":2,"name":"Shop","item":"https:\/\/nordicpadel.com\/sv\/shop\/"},{"@type":"ListItem","position":3,"name":"Sane Impronta 5.3 Max Pro Compact"}]},{"@type":"WebSite","@id":"https:\/\/nordicpadel.com\/sv\/#website","url":"https:\/\/nordicpadel.com\/sv\/","name":"Nordic Padel","description":"","publisher":{"@id":"https:\/\/nordicpadel.com\/sv\/#organization"},"potentialAction":[{"@type":"SearchAction","target":{"@type":"EntryPoint","urlTemplate":"https:\/\/nordicpadel.com\/sv\/?s={search_term_string}"},"query-input":"required name=search_term_string"}],"inLanguage":"sv-SE"},{"@type":"Organization","@id":"https:\/\/nordicpadel.com\/sv\/#organization","name":"Nordic Padel","url":"https:\/\/nordicpadel.com\/sv\/","logo":{"@type":"ImageObject","inLanguage":"sv-SE","@id":"https:\/\/nordicpadel.com\/sv\/#\/schema\/logo\/image\/","url":"https:\/\/nordicpadel.com\/sv\/wp-content\/uploads\/sites\/10\/2022\/12\/Nordic-Padel-small_1-1.png","contentUrl":"https:\/\/nordicpadel.com\/sv\/wp-content\/uploads\/sites\/10\/2022\/12\/Nordic-Padel-small_1-1.png","width":400,"height":119,"caption":"Nordic Padel"},"image":{"@id":"https:\/\/nordicpadel.com\/sv\/#\/schema\/logo\/image\/"}}]}},"brands":[],"_links":{"self":[{"href":"https:\/\/nordicpadel.com\/sv\/wp-json\/wp\/v2\/product\/84790","targetHints":{"allow":["GET"]}}],"collection":[{"href":"https:\/\/nordicpadel.com\/sv\/wp-json\/wp\/v2\/product"}],"about":[{"href":"https:\/\/nordicpadel.com\/sv\/wp-json\/wp\/v2\/types\/product"}],"replies":[{"embeddable":true,"href":"https:\/\/nordicpadel.com\/sv\/wp-json\/wp\/v2\/comments?post=84790"}],"wp:featuredmedia":[{"embeddable":true,"href":"https:\/\/nordicpadel.com\/sv\/wp-json\/wp\/v2\/media\/84788"}],"wp:attachment":[{"href":"https:\/\/nordicpadel.com\/sv\/wp-json\/wp\/v2\/media?parent=84790"}],"wp:term":[{"taxonomy":"pwb-brand","embeddable":true,"href":"https:\/\/nordicpadel.com\/sv\/wp-json\/wp\/v2\/pwb-brand?post=84790"},{"taxonomy":"product_cat","embeddable":true,"href":"https:\/\/nordicpadel.com\/sv\/wp-json\/wp\/v2\/product_cat?post=84790"},{"taxonomy":"product_tag","embeddable":true,"href":"https:\/\/nordicpadel.com\/sv\/wp-json\/wp\/v2\/product_tag?post=84790"},{"taxonomy":"woo-feed-brand","embeddable":true,"href":"https:\/\/nordicpadel.com\/sv\/wp-json\/wp\/v2\/woo-feed-brand?post=84790"}],"curies":[{"name":"wp","href":"https:\/\/api.w.org\/{rel}","templated":true}]}}