{"id":84765,"date":"2025-11-26T16:10:14","date_gmt":"2025-11-26T15:10:14","guid":{"rendered":"https:\/\/nordicpadel.com\/sv\/product\/wilson-shorts-tights-compressions\/"},"modified":"2025-11-27T16:00:43","modified_gmt":"2025-11-27T15:00:43","slug":"wilson-shorts-tights-compressions","status":"publish","type":"product","link":"https:\/\/nordicpadel.com\/sv\/product\/wilson-shorts-tights-compressions\/","title":{"rendered":"Wilson Shorts Tights Compressions"},"content":{"rendered":"<p>Dessa kompressionsshorts fr\u00e5n Wilson \u00e4r gjorda av polyamid och elastan och \u00e4r perfekta f\u00f6r dina tennisspelare och padelspelare. H\u00f6r du till de som str\u00e4cker dig l\u00e4tt, anv\u00e4nd f\u00f6rebyggande kompressionsshorts p\u00e5 tennisbanan och padelbanan. Kompressionsshortsen kan \u00e4ven anv\u00e4ndas undr dina vanliga padelshorts\/tennisshorts. F\u00e4rg: Svart Material: 80 Polyamide, 20% Elastan<\/p>\n","protected":false},"excerpt":{"rendered":"<p>Dessa kompressionsshorts fr\u00e5n Wilson \u00e4r gjorda av polyamid och elastan och \u00e4r perfekta f\u00f6r dina tennisspelare och padelspelare. H\u00f6r du till de som str\u00e4cker dig l\u00e4tt, anv\u00e4nd f\u00f6rebyggande kompressionsshorts p\u00e5 tennisbanan och padelbanan. Kompressionsshortsen kan \u00e4ven anv\u00e4ndas undr dina vanliga padelshorts\/tennisshorts. F\u00e4rg: Svart Material: 80 Polyamide, 20% Elastan<\/p>\n","protected":false},"featured_media":84760,"comment_status":"open","ping_status":"closed","template":"","meta":[],"pwb-brand":[],"product_cat":[461,40],"product_tag":[],"woo-feed-brand":[],"class_list":{"0":"post-84765","1":"product","2":"type-product","3":"status-publish","4":"has-post-thumbnail","6":"product_cat-wilson","7":"product_cat-padelklader-herr","8":"pa_varumarke-wilson","10":"first","11":"instock","12":"sale","13":"taxable","14":"shipping-taxable","15":"purchasable","16":"product-type-variable"},"bundled_by":[],"bundle_stock_status":"instock","bundle_stock_quantity":3,"bundle_virtual":false,"bundle_layout":"","bundle_add_to_cart_form_location":"","bundle_editable_in_cart":false,"bundle_sold_individually_context":"","bundle_item_grouping":"","bundle_min_size":"","bundle_max_size":"","bundled_items":[],"bundle_sell_ids":[],"acf":[],"yoast_head":"<!-- This site is optimized with the Yoast SEO plugin v23.1 - https:\/\/yoast.com\/wordpress\/plugins\/seo\/ -->\n<title>Wilson Shorts Tights Compressions - Nordic Padel<\/title>\n<meta name=\"robots\" content=\"index, follow, max-snippet:-1, max-image-preview:large, max-video-preview:-1\" \/>\n<link rel=\"canonical\" href=\"https:\/\/nordicpadel.com\/sv\/product\/wilson-shorts-tights-compressions\/\" \/>\n<meta property=\"og:locale\" content=\"sv_SE\" \/>\n<meta property=\"og:type\" content=\"article\" \/>\n<meta property=\"og:title\" content=\"Wilson Shorts Tights Compressions - Nordic Padel\" \/>\n<meta property=\"og:description\" content=\"Dessa kompressionsshorts fr\u00e5n Wilson \u00e4r gjorda av polyamid och elastan och \u00e4r perfekta f\u00f6r dina tennisspelare och padelspelare. H\u00f6r du till de som str\u00e4cker dig l\u00e4tt, anv\u00e4nd f\u00f6rebyggande kompressionsshorts p\u00e5 tennisbanan och padelbanan. Kompressionsshortsen kan \u00e4ven anv\u00e4ndas undr dina vanliga padelshorts\/tennisshorts. F\u00e4rg: Svart Material: 80 Polyamide, 20% Elastan\" \/>\n<meta property=\"og:url\" content=\"https:\/\/nordicpadel.com\/sv\/product\/wilson-shorts-tights-compressions\/\" \/>\n<meta property=\"og:site_name\" content=\"Nordic Padel\" \/>\n<meta property=\"article:modified_time\" content=\"2025-11-27T15:00:43+00:00\" \/>\n<meta name=\"twitter:card\" content=\"summary_large_image\" \/>\n<script type=\"application\/ld+json\" class=\"yoast-schema-graph\">{\"@context\":\"https:\/\/schema.org\",\"@graph\":[{\"@type\":\"WebPage\",\"@id\":\"https:\/\/nordicpadel.com\/sv\/product\/wilson-shorts-tights-compressions\/\",\"url\":\"https:\/\/nordicpadel.com\/sv\/product\/wilson-shorts-tights-compressions\/\",\"name\":\"Wilson Shorts Tights Compressions - Nordic Padel\",\"isPartOf\":{\"@id\":\"https:\/\/nordicpadel.com\/sv\/#website\"},\"primaryImageOfPage\":{\"@id\":\"https:\/\/nordicpadel.com\/sv\/product\/wilson-shorts-tights-compressions\/#primaryimage\"},\"image\":{\"@id\":\"https:\/\/nordicpadel.com\/sv\/product\/wilson-shorts-tights-compressions\/#primaryimage\"},\"thumbnailUrl\":\"https:\/\/nordicpadel.com\/sv\/wp-content\/uploads\/sites\/10\/2025\/11\/9c95ef2f8dd0a9bfddeff260eb669208.png\",\"datePublished\":\"2025-11-26T15:10:14+00:00\",\"dateModified\":\"2025-11-27T15:00:43+00:00\",\"breadcrumb\":{\"@id\":\"https:\/\/nordicpadel.com\/sv\/product\/wilson-shorts-tights-compressions\/#breadcrumb\"},\"inLanguage\":\"sv-SE\",\"potentialAction\":[{\"@type\":\"ReadAction\",\"target\":[\"https:\/\/nordicpadel.com\/sv\/product\/wilson-shorts-tights-compressions\/\"]}]},{\"@type\":\"ImageObject\",\"inLanguage\":\"sv-SE\",\"@id\":\"https:\/\/nordicpadel.com\/sv\/product\/wilson-shorts-tights-compressions\/#primaryimage\",\"url\":\"https:\/\/nordicpadel.com\/sv\/wp-content\/uploads\/sites\/10\/2025\/11\/9c95ef2f8dd0a9bfddeff260eb669208.png\",\"contentUrl\":\"https:\/\/nordicpadel.com\/sv\/wp-content\/uploads\/sites\/10\/2025\/11\/9c95ef2f8dd0a9bfddeff260eb669208.png\",\"width\":800,\"height\":800,\"caption\":\"Wilson Shorts Tights Compressions\"},{\"@type\":\"BreadcrumbList\",\"@id\":\"https:\/\/nordicpadel.com\/sv\/product\/wilson-shorts-tights-compressions\/#breadcrumb\",\"itemListElement\":[{\"@type\":\"ListItem\",\"position\":1,\"name\":\"Hem\",\"item\":\"https:\/\/nordicpadel.com\/sv\/\"},{\"@type\":\"ListItem\",\"position\":2,\"name\":\"Shop\",\"item\":\"https:\/\/nordicpadel.com\/sv\/shop\/\"},{\"@type\":\"ListItem\",\"position\":3,\"name\":\"Wilson Shorts Tights Compressions\"}]},{\"@type\":\"WebSite\",\"@id\":\"https:\/\/nordicpadel.com\/sv\/#website\",\"url\":\"https:\/\/nordicpadel.com\/sv\/\",\"name\":\"Nordic Padel\",\"description\":\"\",\"publisher\":{\"@id\":\"https:\/\/nordicpadel.com\/sv\/#organization\"},\"potentialAction\":[{\"@type\":\"SearchAction\",\"target\":{\"@type\":\"EntryPoint\",\"urlTemplate\":\"https:\/\/nordicpadel.com\/sv\/?s={search_term_string}\"},\"query-input\":\"required name=search_term_string\"}],\"inLanguage\":\"sv-SE\"},{\"@type\":\"Organization\",\"@id\":\"https:\/\/nordicpadel.com\/sv\/#organization\",\"name\":\"Nordic Padel\",\"url\":\"https:\/\/nordicpadel.com\/sv\/\",\"logo\":{\"@type\":\"ImageObject\",\"inLanguage\":\"sv-SE\",\"@id\":\"https:\/\/nordicpadel.com\/sv\/#\/schema\/logo\/image\/\",\"url\":\"https:\/\/nordicpadel.com\/sv\/wp-content\/uploads\/sites\/10\/2022\/12\/Nordic-Padel-small_1-1.png\",\"contentUrl\":\"https:\/\/nordicpadel.com\/sv\/wp-content\/uploads\/sites\/10\/2022\/12\/Nordic-Padel-small_1-1.png\",\"width\":400,\"height\":119,\"caption\":\"Nordic Padel\"},\"image\":{\"@id\":\"https:\/\/nordicpadel.com\/sv\/#\/schema\/logo\/image\/\"}}]}<\/script>\n<!-- \/ Yoast SEO plugin. -->","yoast_head_json":{"title":"Wilson Shorts Tights Compressions - Nordic Padel","robots":{"index":"index","follow":"follow","max-snippet":"max-snippet:-1","max-image-preview":"max-image-preview:large","max-video-preview":"max-video-preview:-1"},"canonical":"https:\/\/nordicpadel.com\/sv\/product\/wilson-shorts-tights-compressions\/","og_locale":"sv_SE","og_type":"article","og_title":"Wilson Shorts Tights Compressions - Nordic Padel","og_description":"Dessa kompressionsshorts fr\u00e5n Wilson \u00e4r gjorda av polyamid och elastan och \u00e4r perfekta f\u00f6r dina tennisspelare och padelspelare. H\u00f6r du till de som str\u00e4cker dig l\u00e4tt, anv\u00e4nd f\u00f6rebyggande kompressionsshorts p\u00e5 tennisbanan och padelbanan. Kompressionsshortsen kan \u00e4ven anv\u00e4ndas undr dina vanliga padelshorts\/tennisshorts. F\u00e4rg: Svart Material: 80 Polyamide, 20% Elastan","og_url":"https:\/\/nordicpadel.com\/sv\/product\/wilson-shorts-tights-compressions\/","og_site_name":"Nordic Padel","article_modified_time":"2025-11-27T15:00:43+00:00","twitter_card":"summary_large_image","schema":{"@context":"https:\/\/schema.org","@graph":[{"@type":"WebPage","@id":"https:\/\/nordicpadel.com\/sv\/product\/wilson-shorts-tights-compressions\/","url":"https:\/\/nordicpadel.com\/sv\/product\/wilson-shorts-tights-compressions\/","name":"Wilson Shorts Tights Compressions - Nordic Padel","isPartOf":{"@id":"https:\/\/nordicpadel.com\/sv\/#website"},"primaryImageOfPage":{"@id":"https:\/\/nordicpadel.com\/sv\/product\/wilson-shorts-tights-compressions\/#primaryimage"},"image":{"@id":"https:\/\/nordicpadel.com\/sv\/product\/wilson-shorts-tights-compressions\/#primaryimage"},"thumbnailUrl":"https:\/\/nordicpadel.com\/sv\/wp-content\/uploads\/sites\/10\/2025\/11\/9c95ef2f8dd0a9bfddeff260eb669208.png","datePublished":"2025-11-26T15:10:14+00:00","dateModified":"2025-11-27T15:00:43+00:00","breadcrumb":{"@id":"https:\/\/nordicpadel.com\/sv\/product\/wilson-shorts-tights-compressions\/#breadcrumb"},"inLanguage":"sv-SE","potentialAction":[{"@type":"ReadAction","target":["https:\/\/nordicpadel.com\/sv\/product\/wilson-shorts-tights-compressions\/"]}]},{"@type":"ImageObject","inLanguage":"sv-SE","@id":"https:\/\/nordicpadel.com\/sv\/product\/wilson-shorts-tights-compressions\/#primaryimage","url":"https:\/\/nordicpadel.com\/sv\/wp-content\/uploads\/sites\/10\/2025\/11\/9c95ef2f8dd0a9bfddeff260eb669208.png","contentUrl":"https:\/\/nordicpadel.com\/sv\/wp-content\/uploads\/sites\/10\/2025\/11\/9c95ef2f8dd0a9bfddeff260eb669208.png","width":800,"height":800,"caption":"Wilson Shorts Tights Compressions"},{"@type":"BreadcrumbList","@id":"https:\/\/nordicpadel.com\/sv\/product\/wilson-shorts-tights-compressions\/#breadcrumb","itemListElement":[{"@type":"ListItem","position":1,"name":"Hem","item":"https:\/\/nordicpadel.com\/sv\/"},{"@type":"ListItem","position":2,"name":"Shop","item":"https:\/\/nordicpadel.com\/sv\/shop\/"},{"@type":"ListItem","position":3,"name":"Wilson Shorts Tights Compressions"}]},{"@type":"WebSite","@id":"https:\/\/nordicpadel.com\/sv\/#website","url":"https:\/\/nordicpadel.com\/sv\/","name":"Nordic Padel","description":"","publisher":{"@id":"https:\/\/nordicpadel.com\/sv\/#organization"},"potentialAction":[{"@type":"SearchAction","target":{"@type":"EntryPoint","urlTemplate":"https:\/\/nordicpadel.com\/sv\/?s={search_term_string}"},"query-input":"required name=search_term_string"}],"inLanguage":"sv-SE"},{"@type":"Organization","@id":"https:\/\/nordicpadel.com\/sv\/#organization","name":"Nordic Padel","url":"https:\/\/nordicpadel.com\/sv\/","logo":{"@type":"ImageObject","inLanguage":"sv-SE","@id":"https:\/\/nordicpadel.com\/sv\/#\/schema\/logo\/image\/","url":"https:\/\/nordicpadel.com\/sv\/wp-content\/uploads\/sites\/10\/2022\/12\/Nordic-Padel-small_1-1.png","contentUrl":"https:\/\/nordicpadel.com\/sv\/wp-content\/uploads\/sites\/10\/2022\/12\/Nordic-Padel-small_1-1.png","width":400,"height":119,"caption":"Nordic Padel"},"image":{"@id":"https:\/\/nordicpadel.com\/sv\/#\/schema\/logo\/image\/"}}]}},"brands":[],"_links":{"self":[{"href":"https:\/\/nordicpadel.com\/sv\/wp-json\/wp\/v2\/product\/84765","targetHints":{"allow":["GET"]}}],"collection":[{"href":"https:\/\/nordicpadel.com\/sv\/wp-json\/wp\/v2\/product"}],"about":[{"href":"https:\/\/nordicpadel.com\/sv\/wp-json\/wp\/v2\/types\/product"}],"replies":[{"embeddable":true,"href":"https:\/\/nordicpadel.com\/sv\/wp-json\/wp\/v2\/comments?post=84765"}],"wp:featuredmedia":[{"embeddable":true,"href":"https:\/\/nordicpadel.com\/sv\/wp-json\/wp\/v2\/media\/84760"}],"wp:attachment":[{"href":"https:\/\/nordicpadel.com\/sv\/wp-json\/wp\/v2\/media?parent=84765"}],"wp:term":[{"taxonomy":"pwb-brand","embeddable":true,"href":"https:\/\/nordicpadel.com\/sv\/wp-json\/wp\/v2\/pwb-brand?post=84765"},{"taxonomy":"product_cat","embeddable":true,"href":"https:\/\/nordicpadel.com\/sv\/wp-json\/wp\/v2\/product_cat?post=84765"},{"taxonomy":"product_tag","embeddable":true,"href":"https:\/\/nordicpadel.com\/sv\/wp-json\/wp\/v2\/product_tag?post=84765"},{"taxonomy":"woo-feed-brand","embeddable":true,"href":"https:\/\/nordicpadel.com\/sv\/wp-json\/wp\/v2\/woo-feed-brand?post=84765"}],"curies":[{"name":"wp","href":"https:\/\/api.w.org\/{rel}","templated":true}]}}