{"id":84694,"date":"2025-11-26T16:07:03","date_gmt":"2025-11-26T15:07:03","guid":{"rendered":"https:\/\/nordicpadel.com\/sv\/product\/bidi-badu-mora-tech-skort\/"},"modified":"2025-11-27T15:55:36","modified_gmt":"2025-11-27T14:55:36","slug":"bidi-badu-mora-tech-skort","status":"publish","type":"product","link":"https:\/\/nordicpadel.com\/sv\/product\/bidi-badu-mora-tech-skort\/","title":{"rendered":"BIDI BADU Mora Tech Skort"},"content":{"rendered":"<p>Bidi badus l\u00e4ckra m\u00f6rkbl\u00e5a tenniskjol &#8211; n\u00e5got utsv\u00e4ngd. <\/p>\n<ul>\n<li>Konturerat elastiskt midjeband f\u00f6r perfekt passform och en fantastisk k\u00e4nsla<\/li>\n<li>Inbyggda kompressionsshorts f\u00f6r st\u00f6d och f\u00f6r att h\u00e5lla bollar<\/li>\n<li>Flared snitt med veck f\u00f6r en bra k\u00e4nsla under matcher<\/li>\n<li>Snabbtorkning f\u00f6r f\u00f6rb\u00e4ttrad andningsf\u00f6rm\u00e5ga<\/li>\n<li>Obegr\u00e4nsad r\u00f6relsef\u00f6rm\u00e5ga<\/li>\n<li>Tryckt Bidi Badu-logotyphuvud l\u00e4ngst ner till v\u00e4nster<\/li>\n<li>Liten Bidi Badu-logo p\u00e5 baksidan<\/li>\n<\/ul>\n<p> F\u00e4rg: M\u00f6rkbl\u00e5 Tv\u00e4ttr\u00e5d: Maskintv\u00e4tt, syntet<\/p>\n","protected":false},"excerpt":{"rendered":"<p>Bidi badus l\u00e4ckra m\u00f6rkbl\u00e5a tenniskjol &#8211; n\u00e5got utsv\u00e4ngd. Konturerat elastiskt midjeband f\u00f6r perfekt passform och en fantastisk k\u00e4nsla Inbyggda kompressionsshorts f\u00f6r st\u00f6d och f\u00f6r att h\u00e5lla bollar Flared snitt med veck f\u00f6r en bra k\u00e4nsla under matcher Snabbtorkning f\u00f6r f\u00f6rb\u00e4ttrad andningsf\u00f6rm\u00e5ga Obegr\u00e4nsad r\u00f6relsef\u00f6rm\u00e5ga Tryckt Bidi Badu-logotyphuvud l\u00e4ngst ner till v\u00e4nster Liten Bidi Badu-logo p\u00e5 baksidan [&hellip;]<\/p>\n","protected":false},"featured_media":84692,"comment_status":"open","ping_status":"closed","template":"","meta":[],"pwb-brand":[],"product_cat":[39],"product_tag":[],"woo-feed-brand":[],"class_list":{"0":"post-84694","1":"product","2":"type-product","3":"status-publish","4":"has-post-thumbnail","6":"product_cat-padelklader-dam","7":"pa_varumarke-bidi-badu","9":"first","10":"instock","11":"taxable","12":"shipping-taxable","13":"purchasable","14":"product-type-variable"},"bundled_by":[],"bundle_stock_status":"instock","bundle_stock_quantity":1,"bundle_virtual":false,"bundle_layout":"","bundle_add_to_cart_form_location":"","bundle_editable_in_cart":false,"bundle_sold_individually_context":"","bundle_item_grouping":"","bundle_min_size":"","bundle_max_size":"","bundled_items":[],"bundle_sell_ids":[],"acf":[],"yoast_head":"<!-- This site is optimized with the Yoast SEO plugin v23.1 - https:\/\/yoast.com\/wordpress\/plugins\/seo\/ -->\n<title>BIDI BADU Mora Tech Skort - Nordic Padel<\/title>\n<meta name=\"robots\" content=\"index, follow, max-snippet:-1, max-image-preview:large, max-video-preview:-1\" \/>\n<link rel=\"canonical\" href=\"https:\/\/nordicpadel.com\/sv\/product\/bidi-badu-mora-tech-skort\/\" \/>\n<meta property=\"og:locale\" content=\"sv_SE\" \/>\n<meta property=\"og:type\" content=\"article\" \/>\n<meta property=\"og:title\" content=\"BIDI BADU Mora Tech Skort - Nordic Padel\" \/>\n<meta property=\"og:description\" content=\"Bidi badus l\u00e4ckra m\u00f6rkbl\u00e5a tenniskjol &#8211; n\u00e5got utsv\u00e4ngd. Konturerat elastiskt midjeband f\u00f6r perfekt passform och en fantastisk k\u00e4nsla Inbyggda kompressionsshorts f\u00f6r st\u00f6d och f\u00f6r att h\u00e5lla bollar Flared snitt med veck f\u00f6r en bra k\u00e4nsla under matcher Snabbtorkning f\u00f6r f\u00f6rb\u00e4ttrad andningsf\u00f6rm\u00e5ga Obegr\u00e4nsad r\u00f6relsef\u00f6rm\u00e5ga Tryckt Bidi Badu-logotyphuvud l\u00e4ngst ner till v\u00e4nster Liten Bidi Badu-logo p\u00e5 baksidan [&hellip;]\" \/>\n<meta property=\"og:url\" content=\"https:\/\/nordicpadel.com\/sv\/product\/bidi-badu-mora-tech-skort\/\" \/>\n<meta property=\"og:site_name\" content=\"Nordic Padel\" \/>\n<meta property=\"article:modified_time\" content=\"2025-11-27T14:55:36+00:00\" \/>\n<meta name=\"twitter:card\" content=\"summary_large_image\" \/>\n<script type=\"application\/ld+json\" class=\"yoast-schema-graph\">{\"@context\":\"https:\/\/schema.org\",\"@graph\":[{\"@type\":\"WebPage\",\"@id\":\"https:\/\/nordicpadel.com\/sv\/product\/bidi-badu-mora-tech-skort\/\",\"url\":\"https:\/\/nordicpadel.com\/sv\/product\/bidi-badu-mora-tech-skort\/\",\"name\":\"BIDI BADU Mora Tech Skort - Nordic Padel\",\"isPartOf\":{\"@id\":\"https:\/\/nordicpadel.com\/sv\/#website\"},\"primaryImageOfPage\":{\"@id\":\"https:\/\/nordicpadel.com\/sv\/product\/bidi-badu-mora-tech-skort\/#primaryimage\"},\"image\":{\"@id\":\"https:\/\/nordicpadel.com\/sv\/product\/bidi-badu-mora-tech-skort\/#primaryimage\"},\"thumbnailUrl\":\"https:\/\/nordicpadel.com\/sv\/wp-content\/uploads\/sites\/10\/2025\/11\/09a9eaec66eada97d54b75f4aeaa1fc2.png\",\"datePublished\":\"2025-11-26T15:07:03+00:00\",\"dateModified\":\"2025-11-27T14:55:36+00:00\",\"breadcrumb\":{\"@id\":\"https:\/\/nordicpadel.com\/sv\/product\/bidi-badu-mora-tech-skort\/#breadcrumb\"},\"inLanguage\":\"sv-SE\",\"potentialAction\":[{\"@type\":\"ReadAction\",\"target\":[\"https:\/\/nordicpadel.com\/sv\/product\/bidi-badu-mora-tech-skort\/\"]}]},{\"@type\":\"ImageObject\",\"inLanguage\":\"sv-SE\",\"@id\":\"https:\/\/nordicpadel.com\/sv\/product\/bidi-badu-mora-tech-skort\/#primaryimage\",\"url\":\"https:\/\/nordicpadel.com\/sv\/wp-content\/uploads\/sites\/10\/2025\/11\/09a9eaec66eada97d54b75f4aeaa1fc2.png\",\"contentUrl\":\"https:\/\/nordicpadel.com\/sv\/wp-content\/uploads\/sites\/10\/2025\/11\/09a9eaec66eada97d54b75f4aeaa1fc2.png\",\"width\":800,\"height\":800,\"caption\":\"BIDI BADU Mora Tech Skort\"},{\"@type\":\"BreadcrumbList\",\"@id\":\"https:\/\/nordicpadel.com\/sv\/product\/bidi-badu-mora-tech-skort\/#breadcrumb\",\"itemListElement\":[{\"@type\":\"ListItem\",\"position\":1,\"name\":\"Hem\",\"item\":\"https:\/\/nordicpadel.com\/sv\/\"},{\"@type\":\"ListItem\",\"position\":2,\"name\":\"Shop\",\"item\":\"https:\/\/nordicpadel.com\/sv\/shop\/\"},{\"@type\":\"ListItem\",\"position\":3,\"name\":\"BIDI BADU Mora Tech Skort\"}]},{\"@type\":\"WebSite\",\"@id\":\"https:\/\/nordicpadel.com\/sv\/#website\",\"url\":\"https:\/\/nordicpadel.com\/sv\/\",\"name\":\"Nordic Padel\",\"description\":\"\",\"publisher\":{\"@id\":\"https:\/\/nordicpadel.com\/sv\/#organization\"},\"potentialAction\":[{\"@type\":\"SearchAction\",\"target\":{\"@type\":\"EntryPoint\",\"urlTemplate\":\"https:\/\/nordicpadel.com\/sv\/?s={search_term_string}\"},\"query-input\":\"required name=search_term_string\"}],\"inLanguage\":\"sv-SE\"},{\"@type\":\"Organization\",\"@id\":\"https:\/\/nordicpadel.com\/sv\/#organization\",\"name\":\"Nordic Padel\",\"url\":\"https:\/\/nordicpadel.com\/sv\/\",\"logo\":{\"@type\":\"ImageObject\",\"inLanguage\":\"sv-SE\",\"@id\":\"https:\/\/nordicpadel.com\/sv\/#\/schema\/logo\/image\/\",\"url\":\"https:\/\/nordicpadel.com\/sv\/wp-content\/uploads\/sites\/10\/2022\/12\/Nordic-Padel-small_1-1.png\",\"contentUrl\":\"https:\/\/nordicpadel.com\/sv\/wp-content\/uploads\/sites\/10\/2022\/12\/Nordic-Padel-small_1-1.png\",\"width\":400,\"height\":119,\"caption\":\"Nordic Padel\"},\"image\":{\"@id\":\"https:\/\/nordicpadel.com\/sv\/#\/schema\/logo\/image\/\"}}]}<\/script>\n<!-- \/ Yoast SEO plugin. -->","yoast_head_json":{"title":"BIDI BADU Mora Tech Skort - Nordic Padel","robots":{"index":"index","follow":"follow","max-snippet":"max-snippet:-1","max-image-preview":"max-image-preview:large","max-video-preview":"max-video-preview:-1"},"canonical":"https:\/\/nordicpadel.com\/sv\/product\/bidi-badu-mora-tech-skort\/","og_locale":"sv_SE","og_type":"article","og_title":"BIDI BADU Mora Tech Skort - Nordic Padel","og_description":"Bidi badus l\u00e4ckra m\u00f6rkbl\u00e5a tenniskjol &#8211; n\u00e5got utsv\u00e4ngd. Konturerat elastiskt midjeband f\u00f6r perfekt passform och en fantastisk k\u00e4nsla Inbyggda kompressionsshorts f\u00f6r st\u00f6d och f\u00f6r att h\u00e5lla bollar Flared snitt med veck f\u00f6r en bra k\u00e4nsla under matcher Snabbtorkning f\u00f6r f\u00f6rb\u00e4ttrad andningsf\u00f6rm\u00e5ga Obegr\u00e4nsad r\u00f6relsef\u00f6rm\u00e5ga Tryckt Bidi Badu-logotyphuvud l\u00e4ngst ner till v\u00e4nster Liten Bidi Badu-logo p\u00e5 baksidan [&hellip;]","og_url":"https:\/\/nordicpadel.com\/sv\/product\/bidi-badu-mora-tech-skort\/","og_site_name":"Nordic Padel","article_modified_time":"2025-11-27T14:55:36+00:00","twitter_card":"summary_large_image","schema":{"@context":"https:\/\/schema.org","@graph":[{"@type":"WebPage","@id":"https:\/\/nordicpadel.com\/sv\/product\/bidi-badu-mora-tech-skort\/","url":"https:\/\/nordicpadel.com\/sv\/product\/bidi-badu-mora-tech-skort\/","name":"BIDI BADU Mora Tech Skort - Nordic Padel","isPartOf":{"@id":"https:\/\/nordicpadel.com\/sv\/#website"},"primaryImageOfPage":{"@id":"https:\/\/nordicpadel.com\/sv\/product\/bidi-badu-mora-tech-skort\/#primaryimage"},"image":{"@id":"https:\/\/nordicpadel.com\/sv\/product\/bidi-badu-mora-tech-skort\/#primaryimage"},"thumbnailUrl":"https:\/\/nordicpadel.com\/sv\/wp-content\/uploads\/sites\/10\/2025\/11\/09a9eaec66eada97d54b75f4aeaa1fc2.png","datePublished":"2025-11-26T15:07:03+00:00","dateModified":"2025-11-27T14:55:36+00:00","breadcrumb":{"@id":"https:\/\/nordicpadel.com\/sv\/product\/bidi-badu-mora-tech-skort\/#breadcrumb"},"inLanguage":"sv-SE","potentialAction":[{"@type":"ReadAction","target":["https:\/\/nordicpadel.com\/sv\/product\/bidi-badu-mora-tech-skort\/"]}]},{"@type":"ImageObject","inLanguage":"sv-SE","@id":"https:\/\/nordicpadel.com\/sv\/product\/bidi-badu-mora-tech-skort\/#primaryimage","url":"https:\/\/nordicpadel.com\/sv\/wp-content\/uploads\/sites\/10\/2025\/11\/09a9eaec66eada97d54b75f4aeaa1fc2.png","contentUrl":"https:\/\/nordicpadel.com\/sv\/wp-content\/uploads\/sites\/10\/2025\/11\/09a9eaec66eada97d54b75f4aeaa1fc2.png","width":800,"height":800,"caption":"BIDI BADU Mora Tech Skort"},{"@type":"BreadcrumbList","@id":"https:\/\/nordicpadel.com\/sv\/product\/bidi-badu-mora-tech-skort\/#breadcrumb","itemListElement":[{"@type":"ListItem","position":1,"name":"Hem","item":"https:\/\/nordicpadel.com\/sv\/"},{"@type":"ListItem","position":2,"name":"Shop","item":"https:\/\/nordicpadel.com\/sv\/shop\/"},{"@type":"ListItem","position":3,"name":"BIDI BADU Mora Tech Skort"}]},{"@type":"WebSite","@id":"https:\/\/nordicpadel.com\/sv\/#website","url":"https:\/\/nordicpadel.com\/sv\/","name":"Nordic Padel","description":"","publisher":{"@id":"https:\/\/nordicpadel.com\/sv\/#organization"},"potentialAction":[{"@type":"SearchAction","target":{"@type":"EntryPoint","urlTemplate":"https:\/\/nordicpadel.com\/sv\/?s={search_term_string}"},"query-input":"required name=search_term_string"}],"inLanguage":"sv-SE"},{"@type":"Organization","@id":"https:\/\/nordicpadel.com\/sv\/#organization","name":"Nordic Padel","url":"https:\/\/nordicpadel.com\/sv\/","logo":{"@type":"ImageObject","inLanguage":"sv-SE","@id":"https:\/\/nordicpadel.com\/sv\/#\/schema\/logo\/image\/","url":"https:\/\/nordicpadel.com\/sv\/wp-content\/uploads\/sites\/10\/2022\/12\/Nordic-Padel-small_1-1.png","contentUrl":"https:\/\/nordicpadel.com\/sv\/wp-content\/uploads\/sites\/10\/2022\/12\/Nordic-Padel-small_1-1.png","width":400,"height":119,"caption":"Nordic Padel"},"image":{"@id":"https:\/\/nordicpadel.com\/sv\/#\/schema\/logo\/image\/"}}]}},"brands":[],"_links":{"self":[{"href":"https:\/\/nordicpadel.com\/sv\/wp-json\/wp\/v2\/product\/84694","targetHints":{"allow":["GET"]}}],"collection":[{"href":"https:\/\/nordicpadel.com\/sv\/wp-json\/wp\/v2\/product"}],"about":[{"href":"https:\/\/nordicpadel.com\/sv\/wp-json\/wp\/v2\/types\/product"}],"replies":[{"embeddable":true,"href":"https:\/\/nordicpadel.com\/sv\/wp-json\/wp\/v2\/comments?post=84694"}],"wp:featuredmedia":[{"embeddable":true,"href":"https:\/\/nordicpadel.com\/sv\/wp-json\/wp\/v2\/media\/84692"}],"wp:attachment":[{"href":"https:\/\/nordicpadel.com\/sv\/wp-json\/wp\/v2\/media?parent=84694"}],"wp:term":[{"taxonomy":"pwb-brand","embeddable":true,"href":"https:\/\/nordicpadel.com\/sv\/wp-json\/wp\/v2\/pwb-brand?post=84694"},{"taxonomy":"product_cat","embeddable":true,"href":"https:\/\/nordicpadel.com\/sv\/wp-json\/wp\/v2\/product_cat?post=84694"},{"taxonomy":"product_tag","embeddable":true,"href":"https:\/\/nordicpadel.com\/sv\/wp-json\/wp\/v2\/product_tag?post=84694"},{"taxonomy":"woo-feed-brand","embeddable":true,"href":"https:\/\/nordicpadel.com\/sv\/wp-json\/wp\/v2\/woo-feed-brand?post=84694"}],"curies":[{"name":"wp","href":"https:\/\/api.w.org\/{rel}","templated":true}]}}